{"id":28131,"date":"2025-07-09T08:37:04","date_gmt":"2025-07-09T07:37:04","guid":{"rendered":"https:\/\/crochetts.com\/tienda\/kinderbild-sonnensystem-im-weltraum\/"},"modified":"2025-11-26T11:36:26","modified_gmt":"2025-11-26T10:36:26","slug":"kinderbild-sonnensystem-im-weltraum","status":"publish","type":"product","link":"https:\/\/crochetts.com\/de\/tienda\/kinderbild-sonnensystem-im-weltraum\/","title":{"rendered":"KINDERBILD SONNENSYSTEM IM WELTRAUM"},"content":{"rendered":"<p><strong>Druck:<\/strong> Format A3 (420&#215;297 mm). Gedruckt auf hochwertigem, mattem Papier mit einer Grammatur von 240 gr\/m2. <\/p>\n<p><strong>Gestell:<\/strong> MDF-Holzrahmen. Texturierte wei\u00dfe Oberfl\u00e4che.  Bezug aus Methacrylat, R\u00fcckseite aus MDF-Holz und Aufh\u00e4ngesystem zum Aufh\u00e4ngen an der Wand. Ma\u00dfe mit Rahmen: 33x2x43 cm - Gewicht: 1060 gr. <\/p>\n<p>&nbsp;<\/p>\n","protected":false},"excerpt":{"rendered":"<div style=\"text-align: justify;\"><strong>Kinderbild <\/strong>mit dem Motiv eines <strong>unglaublichen Sonnensystems im Raum<\/strong> zwischen den Konstellationen.<\/div>\n<div style=\"text-align: justify;\">Ein Designprodukt, das sich ideal f\u00fcr die <strong>Dekoration von<\/strong> <strong>Kinderzimmern<\/strong> eignet und <strong>sie mit Farbe und S\u00fc\u00dfe erf\u00fcllt<\/strong>.<\/div>\n<div style=\"text-align: justify;\"><\/div>\n<div style=\"text-align: justify;\">Erh\u00e4ltlich in <strong>zwei Varianten<\/strong>:<\/div>\n<div style=\"text-align: justify;\">\n<ul>\n<li><strong>Nicht unterst\u00fctzte <\/strong>Folie <strong>: <\/strong>Folie <strong><strong>im Format A3<\/strong> <\/strong>. Gedruckt auf <strong>hochwertigem<\/strong> <strong>, mattem Papier<\/strong> mit<strong> einer Grammatur von 240 gr\/m2.<\/strong><\/li>\n<li>Lamina <strong>mit Rahmen:<\/strong> Inklusive <strong>dekorativem<\/strong> <strong>wei\u00dfem<\/strong>, strukturiertem <strong>Holzrahmen<\/strong> mit <strong>Schutz<\/strong> und <strong>Hakensystem<\/strong>.<\/li>\n<li>Die Folie ist mit handgefertigten <strong>Glitzerdetails<\/strong> verziert, die Ihrem Design einen <strong>einzigartigen<\/strong> Glanz verleihen und ihm eine <strong>besondere Note<\/strong> verleihen.<\/li>\n<\/ul>\n<p>Entdecken Sie unsere gesamte Kollektion an Drucken unter diesem Link <a href=\"https:\/\/crochetts.com\/de\/categoria-producto\/startseite\/produkte\/lamps\/\" target=\"_blank\" rel=\"noopener\">HIER<\/a>.<\/p>\n<p>&nbsp;<\/p>\n<\/div>\n","protected":false},"featured_media":28132,"template":"","meta":{"_acf_changed":false,"_joinchat":[]},"product_brand":[],"product_cat":[6292,6186],"product_tag":[7409,7427,7411,6337,6404,6310,7490,6302,7435,7412,6308,6296,7417,6536,6350,6297,6300,7415,7493,7474,7475,6332,6301,7429,7413,7414,7428,7410,7407,7430,7408,7488,7489,7451,7433,7492,7476,6307,6298,7416],"class_list":{"0":"post-28131","1":"product","2":"type-product","3":"status-publish","4":"has-post-thumbnail","6":"product_cat-lamps","7":"product_cat-startseite","8":"product_tag-astronaut","9":"product_tag-astronaut-2","10":"product_tag-astronaute","11":"product_tag-babies","12":"product_tag-babies-2","13":"product_tag-drucken-encadree","14":"product_tag-eindruck-des-sonnensystems-im-weltraum","15":"product_tag-enfants","16":"product_tag-etoiles","17":"product_tag-fusee","18":"product_tag-gerahmter-druck","19":"product_tag-gerahmtes-poster","20":"product_tag-impression-pour-enfants-de-lespace","21":"product_tag-kinder-2","22":"product_tag-kinder","23":"product_tag-kinderkiste","24":"product_tag-kindermalerei","25":"product_tag-kinderposter-raum","26":"product_tag-mehrfarbig-2","27":"product_tag-mehrfarbig","28":"product_tag-multicolore","29":"product_tag-peinture-blanche-pour-enfants","30":"product_tag-peinture-pour-enfants","31":"product_tag-planeten-2","32":"product_tag-planeten","33":"product_tag-planetes","34":"product_tag-rakete-2","35":"product_tag-rakete","36":"product_tag-raumelemente","37":"product_tag-raumliche-elemente-2","38":"product_tag-raumliche-elemente","39":"product_tag-sonnensystem-im-weltraum","40":"product_tag-sonnensystem-im-weltraum-drucken","41":"product_tag-sterne-2","42":"product_tag-sterne","43":"product_tag-teleskop-2","44":"product_tag-teleskop","45":"product_tag-weise-kindermalerei","46":"product_tag-weise-kinderschachtel","47":"product_tag-weltraum-kinderdruck","48":"entry","50":"first","51":"instock","52":"taxable","53":"shipping-taxable","54":"purchasable","55":"product-type-variable"},"acf":[],"yoast_head":"<!-- This site is optimized with the Yoast SEO Premium plugin v26.1 (Yoast SEO v27.3) - https:\/\/yoast.com\/product\/yoast-seo-premium-wordpress\/ -->\n<title>KINDERBILD SONNENSYSTEM IM WELTRAUM% Gerahmt % -% Crochetts% % -% Crochetts%<\/title>\n<meta name=\"description\" content=\"Lassen Sie sich von der Zartheit des Universums mitrei\u00dfen mit unserem gerahmten Druck f\u00fcr Kinder, der ein unglaubliches Sonnensystem im Raum zwischen den Sternbildern zeigt. Mit einem zarten, nat\u00fcrlichen Design und einem wei\u00dfen Holzrahmen, der f\u00fcr W\u00e4rme sorgt, ist diese Illustration ideal, um Kinderzimmer voller Ruhe, Freude, Liebe und Tr\u00e4ume zu schaffen, die nach den Sternen greifen.\" \/>\n<meta name=\"robots\" content=\"index, follow, max-snippet:-1, max-image-preview:large, max-video-preview:-1\" \/>\n<link rel=\"canonical\" href=\"https:\/\/crochetts.com\/de\/tienda\/kinderbild-sonnensystem-im-weltraum\/\" \/>\n<meta property=\"og:locale\" content=\"de_DE\" \/>\n<meta property=\"og:type\" content=\"article\" \/>\n<meta property=\"og:title\" content=\"KINDERBILD SONNENSYSTEM IM WELTRAUM\" \/>\n<meta property=\"og:description\" content=\"Kinderbild mit dem Motiv eines unglaublichen Sonnensystems im Raum zwischen den Konstellationen. Ein Designprodukt, das sich ideal f\u00fcr die Dekoration von Kinderzimmern eignet und sie mit Farbe und S\u00fc\u00dfe erf\u00fcllt. Erh\u00e4ltlich in zwei Varianten:   Nicht unterst\u00fctzte Folie : Folie im Format A3 . Gedruckt auf hochwertigem , mattem Papier mit einer Grammatur von 240 gr\/m2.  Lamina mit Rahmen: Inklusive dekorativem wei\u00dfem, strukturiertem Holzrahmen mit Schutz und Hakensystem.  Die Folie ist mit handgefertigten Glitzerdetails verziert, die Ihrem Design einen einzigartigen Glanz verleihen und ihm eine besondere Note verleihen. Entdecken Sie unsere gesamte Kollektion an Drucken unter diesem Link HIER. &nbsp;\" \/>\n<meta property=\"og:url\" content=\"https:\/\/crochetts.com\/de\/tienda\/kinderbild-sonnensystem-im-weltraum\/\" \/>\n<meta property=\"og:site_name\" content=\"Crochetts\" \/>\n<meta property=\"article:publisher\" content=\"https:\/\/www.facebook.com\/Crochetts-101964178013493\" \/>\n<meta property=\"article:modified_time\" content=\"2025-11-26T10:36:26+00:00\" \/>\n<meta property=\"og:image\" content=\"https:\/\/crochetts.com\/wp-content\/uploads\/2025\/07\/LMN-120-C-1.jpg\" \/>\n\t<meta property=\"og:image:width\" content=\"800\" \/>\n\t<meta property=\"og:image:height\" content=\"1200\" \/>\n\t<meta property=\"og:image:type\" content=\"image\/jpeg\" \/>\n<meta name=\"twitter:card\" content=\"summary_large_image\" \/>\n<meta name=\"twitter:label1\" content=\"Verf\u00fcgbarkeit\" \/>\n\t<meta name=\"twitter:data1\" content=\"Auf Lager\" \/>\n<script type=\"application\/ld+json\" class=\"yoast-schema-graph\">{\"@context\":\"https:\\\/\\\/schema.org\",\"@graph\":[{\"@type\":\"WebPage\",\"@id\":\"https:\\\/\\\/crochetts.com\\\/de\\\/tienda\\\/kinderbild-sonnensystem-im-weltraum\\\/\",\"url\":\"https:\\\/\\\/crochetts.com\\\/de\\\/tienda\\\/kinderbild-sonnensystem-im-weltraum\\\/\",\"name\":\"KINDERBILD SONNENSYSTEM IM WELTRAUM% Gerahmt % -% Crochetts% % -% Crochetts%\",\"isPartOf\":{\"@id\":\"https:\\\/\\\/crochetts.com\\\/de\\\/#website\"},\"primaryImageOfPage\":{\"@id\":\"https:\\\/\\\/crochetts.com\\\/de\\\/tienda\\\/kinderbild-sonnensystem-im-weltraum\\\/#primaryimage\"},\"image\":{\"@id\":\"https:\\\/\\\/crochetts.com\\\/de\\\/tienda\\\/kinderbild-sonnensystem-im-weltraum\\\/#primaryimage\"},\"thumbnailUrl\":\"https:\\\/\\\/crochetts.com\\\/wp-content\\\/uploads\\\/2025\\\/07\\\/LMN-120-C-1.jpg\",\"datePublished\":\"2025-07-09T07:37:04+00:00\",\"dateModified\":\"2025-11-26T10:36:26+00:00\",\"description\":\"Lassen Sie sich von der Zartheit des Universums mitrei\u00dfen mit unserem gerahmten Druck f\u00fcr Kinder, der ein unglaubliches Sonnensystem im Raum zwischen den Sternbildern zeigt. Mit einem zarten, nat\u00fcrlichen Design und einem wei\u00dfen Holzrahmen, der f\u00fcr W\u00e4rme sorgt, ist diese Illustration ideal, um Kinderzimmer voller Ruhe, Freude, Liebe und Tr\u00e4ume zu schaffen, die nach den Sternen greifen.\",\"breadcrumb\":{\"@id\":\"https:\\\/\\\/crochetts.com\\\/de\\\/tienda\\\/kinderbild-sonnensystem-im-weltraum\\\/#breadcrumb\"},\"inLanguage\":\"de\",\"potentialAction\":[{\"@type\":\"ReadAction\",\"target\":[\"https:\\\/\\\/crochetts.com\\\/de\\\/tienda\\\/kinderbild-sonnensystem-im-weltraum\\\/\"]}]},{\"@type\":\"ImageObject\",\"inLanguage\":\"de\",\"@id\":\"https:\\\/\\\/crochetts.com\\\/de\\\/tienda\\\/kinderbild-sonnensystem-im-weltraum\\\/#primaryimage\",\"url\":\"https:\\\/\\\/crochetts.com\\\/wp-content\\\/uploads\\\/2025\\\/07\\\/LMN-120-C-1.jpg\",\"contentUrl\":\"https:\\\/\\\/crochetts.com\\\/wp-content\\\/uploads\\\/2025\\\/07\\\/LMN-120-C-1.jpg\",\"width\":800,\"height\":1200,\"caption\":\"Kinderbild Sonnensystem\"},{\"@type\":\"BreadcrumbList\",\"@id\":\"https:\\\/\\\/crochetts.com\\\/de\\\/tienda\\\/kinderbild-sonnensystem-im-weltraum\\\/#breadcrumb\",\"itemListElement\":[{\"@type\":\"ListItem\",\"position\":1,\"name\":\"Portada\",\"item\":\"https:\\\/\\\/crochetts.com\\\/de\\\/startseite\\\/\"},{\"@type\":\"ListItem\",\"position\":2,\"name\":\"Shop\",\"item\":\"https:\\\/\\\/crochetts.com\\\/de\\\/shop\\\/\"},{\"@type\":\"ListItem\",\"position\":3,\"name\":\"KINDERBILD SONNENSYSTEM IM WELTRAUM\"}]},{\"@type\":\"WebSite\",\"@id\":\"https:\\\/\\\/crochetts.com\\\/de\\\/#website\",\"url\":\"https:\\\/\\\/crochetts.com\\\/de\\\/\",\"name\":\"Crochetts\",\"description\":\"ANIMALES DE CROCHET PARA JUGAR,DECORAR Y SO\u00d1AR\",\"publisher\":{\"@id\":\"https:\\\/\\\/crochetts.com\\\/de\\\/#organization\"},\"potentialAction\":[{\"@type\":\"SearchAction\",\"target\":{\"@type\":\"EntryPoint\",\"urlTemplate\":\"https:\\\/\\\/crochetts.com\\\/de\\\/?s={search_term_string}\"},\"query-input\":{\"@type\":\"PropertyValueSpecification\",\"valueRequired\":true,\"valueName\":\"search_term_string\"}}],\"inLanguage\":\"de\"},{\"@type\":\"Organization\",\"@id\":\"https:\\\/\\\/crochetts.com\\\/de\\\/#organization\",\"name\":\"H\u00e4keln\",\"url\":\"https:\\\/\\\/crochetts.com\\\/de\\\/\",\"logo\":{\"@type\":\"ImageObject\",\"inLanguage\":\"de\",\"@id\":\"https:\\\/\\\/crochetts.com\\\/de\\\/#\\\/schema\\\/logo\\\/image\\\/\",\"url\":\"https:\\\/\\\/i2.wp.com\\\/crochetts.com\\\/wp-content\\\/uploads\\\/2021\\\/01\\\/Logo-Crochetts.jpg?fit=300%2C137&ssl=1\",\"contentUrl\":\"https:\\\/\\\/i2.wp.com\\\/crochetts.com\\\/wp-content\\\/uploads\\\/2021\\\/01\\\/Logo-Crochetts.jpg?fit=300%2C137&ssl=1\",\"width\":300,\"height\":137,\"caption\":\"H\u00e4keln\"},\"image\":{\"@id\":\"https:\\\/\\\/crochetts.com\\\/de\\\/#\\\/schema\\\/logo\\\/image\\\/\"},\"sameAs\":[\"https:\\\/\\\/www.facebook.com\\\/Crochetts-101964178013493\",\"https:\\\/\\\/www.instagram.com\\\/crochetts_\\\/\"]}]}<\/script>\n<meta property=\"og:availability\" content=\"instock\" \/>\n<meta property=\"product:availability\" content=\"instock\" \/>\n<meta property=\"product:retailer_item_id\" content=\"LMN-120\" \/>\n<meta property=\"product:condition\" content=\"new\" \/>\n<!-- \/ Yoast SEO Premium plugin. -->","yoast_head_json":{"title":"KINDERBILD SONNENSYSTEM IM WELTRAUM% Gerahmt % -% Crochetts% % -% Crochetts%","description":"Lassen Sie sich von der Zartheit des Universums mitrei\u00dfen mit unserem gerahmten Druck f\u00fcr Kinder, der ein unglaubliches Sonnensystem im Raum zwischen den Sternbildern zeigt. Mit einem zarten, nat\u00fcrlichen Design und einem wei\u00dfen Holzrahmen, der f\u00fcr W\u00e4rme sorgt, ist diese Illustration ideal, um Kinderzimmer voller Ruhe, Freude, Liebe und Tr\u00e4ume zu schaffen, die nach den Sternen greifen.","robots":{"index":"index","follow":"follow","max-snippet":"max-snippet:-1","max-image-preview":"max-image-preview:large","max-video-preview":"max-video-preview:-1"},"canonical":"https:\/\/crochetts.com\/de\/tienda\/kinderbild-sonnensystem-im-weltraum\/","og_locale":"de_DE","og_type":"article","og_title":"KINDERBILD SONNENSYSTEM IM WELTRAUM","og_description":"Kinderbild mit dem Motiv eines unglaublichen Sonnensystems im Raum zwischen den Konstellationen. Ein Designprodukt, das sich ideal f\u00fcr die Dekoration von Kinderzimmern eignet und sie mit Farbe und S\u00fc\u00dfe erf\u00fcllt. Erh\u00e4ltlich in zwei Varianten:   Nicht unterst\u00fctzte Folie : Folie im Format A3 . Gedruckt auf hochwertigem , mattem Papier mit einer Grammatur von 240 gr\/m2.  Lamina mit Rahmen: Inklusive dekorativem wei\u00dfem, strukturiertem Holzrahmen mit Schutz und Hakensystem.  Die Folie ist mit handgefertigten Glitzerdetails verziert, die Ihrem Design einen einzigartigen Glanz verleihen und ihm eine besondere Note verleihen. Entdecken Sie unsere gesamte Kollektion an Drucken unter diesem Link HIER. &nbsp;","og_url":"https:\/\/crochetts.com\/de\/tienda\/kinderbild-sonnensystem-im-weltraum\/","og_site_name":"Crochetts","article_publisher":"https:\/\/www.facebook.com\/Crochetts-101964178013493","article_modified_time":"2025-11-26T10:36:26+00:00","og_image":[{"width":800,"height":1200,"url":"https:\/\/crochetts.com\/wp-content\/uploads\/2025\/07\/LMN-120-C-1.jpg","type":"image\/jpeg"}],"twitter_card":"summary_large_image","twitter_misc":{"Verf\u00fcgbarkeit":"Auf Lager"},"schema":{"@context":"https:\/\/schema.org","@graph":[{"@type":"WebPage","@id":"https:\/\/crochetts.com\/de\/tienda\/kinderbild-sonnensystem-im-weltraum\/","url":"https:\/\/crochetts.com\/de\/tienda\/kinderbild-sonnensystem-im-weltraum\/","name":"KINDERBILD SONNENSYSTEM IM WELTRAUM% Gerahmt % -% Crochetts% % -% Crochetts%","isPartOf":{"@id":"https:\/\/crochetts.com\/de\/#website"},"primaryImageOfPage":{"@id":"https:\/\/crochetts.com\/de\/tienda\/kinderbild-sonnensystem-im-weltraum\/#primaryimage"},"image":{"@id":"https:\/\/crochetts.com\/de\/tienda\/kinderbild-sonnensystem-im-weltraum\/#primaryimage"},"thumbnailUrl":"https:\/\/crochetts.com\/wp-content\/uploads\/2025\/07\/LMN-120-C-1.jpg","datePublished":"2025-07-09T07:37:04+00:00","dateModified":"2025-11-26T10:36:26+00:00","description":"Lassen Sie sich von der Zartheit des Universums mitrei\u00dfen mit unserem gerahmten Druck f\u00fcr Kinder, der ein unglaubliches Sonnensystem im Raum zwischen den Sternbildern zeigt. Mit einem zarten, nat\u00fcrlichen Design und einem wei\u00dfen Holzrahmen, der f\u00fcr W\u00e4rme sorgt, ist diese Illustration ideal, um Kinderzimmer voller Ruhe, Freude, Liebe und Tr\u00e4ume zu schaffen, die nach den Sternen greifen.","breadcrumb":{"@id":"https:\/\/crochetts.com\/de\/tienda\/kinderbild-sonnensystem-im-weltraum\/#breadcrumb"},"inLanguage":"de","potentialAction":[{"@type":"ReadAction","target":["https:\/\/crochetts.com\/de\/tienda\/kinderbild-sonnensystem-im-weltraum\/"]}]},{"@type":"ImageObject","inLanguage":"de","@id":"https:\/\/crochetts.com\/de\/tienda\/kinderbild-sonnensystem-im-weltraum\/#primaryimage","url":"https:\/\/crochetts.com\/wp-content\/uploads\/2025\/07\/LMN-120-C-1.jpg","contentUrl":"https:\/\/crochetts.com\/wp-content\/uploads\/2025\/07\/LMN-120-C-1.jpg","width":800,"height":1200,"caption":"Kinderbild Sonnensystem"},{"@type":"BreadcrumbList","@id":"https:\/\/crochetts.com\/de\/tienda\/kinderbild-sonnensystem-im-weltraum\/#breadcrumb","itemListElement":[{"@type":"ListItem","position":1,"name":"Portada","item":"https:\/\/crochetts.com\/de\/startseite\/"},{"@type":"ListItem","position":2,"name":"Shop","item":"https:\/\/crochetts.com\/de\/shop\/"},{"@type":"ListItem","position":3,"name":"KINDERBILD SONNENSYSTEM IM WELTRAUM"}]},{"@type":"WebSite","@id":"https:\/\/crochetts.com\/de\/#website","url":"https:\/\/crochetts.com\/de\/","name":"Crochetts","description":"ANIMALES DE CROCHET PARA JUGAR,DECORAR Y SO\u00d1AR","publisher":{"@id":"https:\/\/crochetts.com\/de\/#organization"},"potentialAction":[{"@type":"SearchAction","target":{"@type":"EntryPoint","urlTemplate":"https:\/\/crochetts.com\/de\/?s={search_term_string}"},"query-input":{"@type":"PropertyValueSpecification","valueRequired":true,"valueName":"search_term_string"}}],"inLanguage":"de"},{"@type":"Organization","@id":"https:\/\/crochetts.com\/de\/#organization","name":"H\u00e4keln","url":"https:\/\/crochetts.com\/de\/","logo":{"@type":"ImageObject","inLanguage":"de","@id":"https:\/\/crochetts.com\/de\/#\/schema\/logo\/image\/","url":"https:\/\/i2.wp.com\/crochetts.com\/wp-content\/uploads\/2021\/01\/Logo-Crochetts.jpg?fit=300%2C137&ssl=1","contentUrl":"https:\/\/i2.wp.com\/crochetts.com\/wp-content\/uploads\/2021\/01\/Logo-Crochetts.jpg?fit=300%2C137&ssl=1","width":300,"height":137,"caption":"H\u00e4keln"},"image":{"@id":"https:\/\/crochetts.com\/de\/#\/schema\/logo\/image\/"},"sameAs":["https:\/\/www.facebook.com\/Crochetts-101964178013493","https:\/\/www.instagram.com\/crochetts_\/"]}]},"og_availability":"instock","product_availability":"instock","product_retailer_item_id":"LMN-120","product_condition":"new"},"_links":{"self":[{"href":"https:\/\/crochetts.com\/de\/wp-json\/wp\/v2\/product\/28131","targetHints":{"allow":["GET"]}}],"collection":[{"href":"https:\/\/crochetts.com\/de\/wp-json\/wp\/v2\/product"}],"about":[{"href":"https:\/\/crochetts.com\/de\/wp-json\/wp\/v2\/types\/product"}],"wp:featuredmedia":[{"embeddable":true,"href":"https:\/\/crochetts.com\/de\/wp-json\/wp\/v2\/media\/28132"}],"wp:attachment":[{"href":"https:\/\/crochetts.com\/de\/wp-json\/wp\/v2\/media?parent=28131"}],"wp:term":[{"taxonomy":"product_brand","embeddable":true,"href":"https:\/\/crochetts.com\/de\/wp-json\/wp\/v2\/product_brand?post=28131"},{"taxonomy":"product_cat","embeddable":true,"href":"https:\/\/crochetts.com\/de\/wp-json\/wp\/v2\/product_cat?post=28131"},{"taxonomy":"product_tag","embeddable":true,"href":"https:\/\/crochetts.com\/de\/wp-json\/wp\/v2\/product_tag?post=28131"}],"curies":[{"name":"wp","href":"https:\/\/api.w.org\/{rel}","templated":true}]}}