{"id":27788,"date":"2025-11-06T11:35:42","date_gmt":"2025-11-06T10:35:42","guid":{"rendered":"https:\/\/crochetts.com\/tienda\/eichhoernchen-stoffpuppe\/"},"modified":"2025-11-28T08:05:36","modified_gmt":"2025-11-28T07:05:36","slug":"eichhoernchen-stoffpuppe","status":"publish","type":"product","link":"https:\/\/crochetts.com\/de\/tienda\/eichhoernchen-stoffpuppe\/","title":{"rendered":"EICHH\u00d6RNCHEN STOFFPUPPE"},"content":{"rendered":"<div style=\"text-align: justify;\">\n<div style=\"text-align: justify;\"><\/div>\n<p>&nbsp;<\/p>\n<\/div>\n<p>&nbsp;<\/p>\n<p>&nbsp;<\/p>\n<p>&nbsp;<\/p>\n","protected":false},"excerpt":{"rendered":"<p data-start=\"158\" data-end=\"355\">Unser bezauberndes <strong data-start=\"178\" data-end=\"202\">Pl\u00fcsch-Eichh\u00f6rnchen<\/strong> ist aus <strong data-start=\"229\" data-end=\"263\">ultraweichem, samtigem Stoff<\/strong> gefertigt und eignet sich perfekt, um die Kleinen beim Spielen, Ausruhen und Z\u00e4rtlichsein zu begleiten.<\/p>\n<p data-start=\"357\" data-end=\"640\">Sein <strong data-start=\"360\" data-end=\"390\">zartes und gem\u00fctliches Design<\/strong> in warmen Braun- und Cremet\u00f6nen strahlt Ruhe und Sanftheit aus. Die Kombination aus ihrem <strong data-start=\"476\" data-end=\"496\">freundlichen Ausdruck<\/strong>, ihrer <strong data-start=\"501\" data-end=\"526\">samtigen Textur<\/strong> und ihrem <strong data-start=\"532\" data-end=\"552\">flauschigen Schwanz<\/strong> macht sie zu einer unwiderstehlichen Begleiterin, mit der man jeden Tag kuscheln und Abenteuer erleben kann.<\/p>\n<p>Ein Detail, das diese Puppe zu einem originellen und emotional einzigartigen Geschenk macht, ideal als <strong data-start=\"2026\" data-end=\"2085\">Geburts-, Geburtstags- oder Weihnachtsgeschenk!<\/strong> <\/p>\n<p>&nbsp;<\/p>\n<p>&nbsp;<\/p>\n<p>&nbsp;<\/p>\n","protected":false},"featured_media":27806,"template":"","meta":{"_acf_changed":false,"_joinchat":[]},"product_brand":[],"product_cat":[6232],"product_tag":[6235,6234,7404,6237,6241,6239,6372,6240,6252,7405,6233,7400,6238],"class_list":{"0":"post-27788","1":"product","2":"type-product","3":"status-publish","4":"has-post-thumbnail","6":"product_cat-stoffpuppen","7":"product_tag-decokids","8":"product_tag-dekoration","9":"product_tag-eichhornchen-puppe","10":"product_tag-pluschpuppe","11":"product_tag-poupee-en-tissu","12":"product_tag-puppe-tier","13":"product_tag-stoffpuppe-3","14":"product_tag-stoffpuppe","15":"product_tag-stoffpuppe-2","16":"product_tag-stofftierpuppen","17":"product_tag-teddy","18":"product_tag-waldtier-puppe","19":"product_tag-weiche-puppe","20":"entry","22":"first","23":"instock","24":"featured","25":"taxable","26":"shipping-taxable","27":"purchasable","28":"product-type-simple"},"acf":[],"yoast_head":"<!-- This site is optimized with the Yoast SEO Premium plugin v26.1 (Yoast SEO v27.3) - https:\/\/yoast.com\/product\/yoast-seo-premium-wordpress\/ -->\n<title>- EICHH\u00d6RNCHEN STOFFPUPPE -% % %<\/title>\n<meta name=\"description\" content=\"Unsere Eichh\u00f6rnchen-Stoffpuppe ist aus extra weichem und sehr angenehm anzuf\u00fchlendem Stoff gefertigt. Mit ihrem niedlichen Eichh\u00f6rnchen-Design wird sie zum besten Reisebegleiter und zur unzertrennlichen Puppe Ihres Kindes.\" \/>\n<meta name=\"robots\" content=\"index, follow, max-snippet:-1, max-image-preview:large, max-video-preview:-1\" \/>\n<link rel=\"canonical\" href=\"https:\/\/crochetts.com\/de\/tienda\/eichhoernchen-stoffpuppe\/\" \/>\n<meta property=\"og:locale\" content=\"de_DE\" \/>\n<meta property=\"og:type\" content=\"article\" \/>\n<meta property=\"og:title\" content=\"EICHH\u00d6RNCHEN STOFFPUPPE\" \/>\n<meta property=\"og:description\" content=\"Unser bezauberndes Pl\u00fcsch-Eichh\u00f6rnchen ist aus ultraweichem, samtigem Stoff gefertigt und eignet sich perfekt, um die Kleinen beim Spielen, Ausruhen und Z\u00e4rtlichsein zu begleiten. Sein zartes und gem\u00fctliches Design in warmen Braun- und Cremet\u00f6nen strahlt Ruhe und Sanftheit aus. Die Kombination aus ihrem freundlichen Ausdruck, ihrer samtigen Textur und ihrem flauschigen Schwanz macht sie zu einer unwiderstehlichen Begleiterin, mit der man jeden Tag kuscheln und Abenteuer erleben kann. Ein Detail, das diese Puppe zu einem originellen und emotional einzigartigen Geschenk macht, ideal als Geburts-, Geburtstags- oder Weihnachtsgeschenk!  &nbsp; &nbsp; &nbsp;\" \/>\n<meta property=\"og:url\" content=\"https:\/\/crochetts.com\/de\/tienda\/eichhoernchen-stoffpuppe\/\" \/>\n<meta property=\"og:site_name\" content=\"Crochetts\" \/>\n<meta property=\"article:publisher\" content=\"https:\/\/www.facebook.com\/Crochetts-101964178013493\" \/>\n<meta property=\"article:modified_time\" content=\"2025-11-28T07:05:36+00:00\" \/>\n<meta property=\"og:image\" content=\"https:\/\/crochetts.com\/wp-content\/uploads\/2025\/11\/4075-10.jpg\" \/>\n\t<meta property=\"og:image:width\" content=\"800\" \/>\n\t<meta property=\"og:image:height\" content=\"1202\" \/>\n\t<meta property=\"og:image:type\" content=\"image\/jpeg\" \/>\n<meta name=\"twitter:card\" content=\"summary_large_image\" \/>\n<meta name=\"twitter:label1\" content=\"Preis\" \/>\n\t<meta name=\"twitter:data1\" content=\"42,89&nbsp;&euro;\" \/>\n\t<meta name=\"twitter:label2\" content=\"Verf\u00fcgbarkeit\" \/>\n\t<meta name=\"twitter:data2\" content=\"Auf Lager\" \/>\n<script type=\"application\/ld+json\" class=\"yoast-schema-graph\">{\"@context\":\"https:\\\/\\\/schema.org\",\"@graph\":[{\"@type\":\"WebPage\",\"@id\":\"https:\\\/\\\/crochetts.com\\\/de\\\/tienda\\\/eichhoernchen-stoffpuppe\\\/\",\"url\":\"https:\\\/\\\/crochetts.com\\\/de\\\/tienda\\\/eichhoernchen-stoffpuppe\\\/\",\"name\":\"- EICHH\u00d6RNCHEN STOFFPUPPE -% % %\",\"isPartOf\":{\"@id\":\"https:\\\/\\\/crochetts.com\\\/de\\\/#website\"},\"primaryImageOfPage\":{\"@id\":\"https:\\\/\\\/crochetts.com\\\/de\\\/tienda\\\/eichhoernchen-stoffpuppe\\\/#primaryimage\"},\"image\":{\"@id\":\"https:\\\/\\\/crochetts.com\\\/de\\\/tienda\\\/eichhoernchen-stoffpuppe\\\/#primaryimage\"},\"thumbnailUrl\":\"https:\\\/\\\/crochetts.com\\\/wp-content\\\/uploads\\\/2025\\\/11\\\/4075-10.jpg\",\"datePublished\":\"2025-11-06T10:35:42+00:00\",\"dateModified\":\"2025-11-28T07:05:36+00:00\",\"description\":\"Unsere Eichh\u00f6rnchen-Stoffpuppe ist aus extra weichem und sehr angenehm anzuf\u00fchlendem Stoff gefertigt. Mit ihrem niedlichen Eichh\u00f6rnchen-Design wird sie zum besten Reisebegleiter und zur unzertrennlichen Puppe Ihres Kindes.\",\"breadcrumb\":{\"@id\":\"https:\\\/\\\/crochetts.com\\\/de\\\/tienda\\\/eichhoernchen-stoffpuppe\\\/#breadcrumb\"},\"inLanguage\":\"de\",\"potentialAction\":[{\"@type\":\"ReadAction\",\"target\":[\"https:\\\/\\\/crochetts.com\\\/de\\\/tienda\\\/eichhoernchen-stoffpuppe\\\/\"]}]},{\"@type\":\"ImageObject\",\"inLanguage\":\"de\",\"@id\":\"https:\\\/\\\/crochetts.com\\\/de\\\/tienda\\\/eichhoernchen-stoffpuppe\\\/#primaryimage\",\"url\":\"https:\\\/\\\/crochetts.com\\\/wp-content\\\/uploads\\\/2025\\\/11\\\/4075-10.jpg\",\"contentUrl\":\"https:\\\/\\\/crochetts.com\\\/wp-content\\\/uploads\\\/2025\\\/11\\\/4075-10.jpg\",\"width\":800,\"height\":1202,\"caption\":\"Stoff Stoffpuppe Eichh\u00f6rnchen\"},{\"@type\":\"BreadcrumbList\",\"@id\":\"https:\\\/\\\/crochetts.com\\\/de\\\/tienda\\\/eichhoernchen-stoffpuppe\\\/#breadcrumb\",\"itemListElement\":[{\"@type\":\"ListItem\",\"position\":1,\"name\":\"Portada\",\"item\":\"https:\\\/\\\/crochetts.com\\\/de\\\/startseite\\\/\"},{\"@type\":\"ListItem\",\"position\":2,\"name\":\"Shop\",\"item\":\"https:\\\/\\\/crochetts.com\\\/de\\\/shop\\\/\"},{\"@type\":\"ListItem\",\"position\":3,\"name\":\"EICHH\u00d6RNCHEN STOFFPUPPE\"}]},{\"@type\":\"WebSite\",\"@id\":\"https:\\\/\\\/crochetts.com\\\/de\\\/#website\",\"url\":\"https:\\\/\\\/crochetts.com\\\/de\\\/\",\"name\":\"Crochetts\",\"description\":\"ANIMALES DE CROCHET PARA JUGAR,DECORAR Y SO\u00d1AR\",\"publisher\":{\"@id\":\"https:\\\/\\\/crochetts.com\\\/de\\\/#organization\"},\"potentialAction\":[{\"@type\":\"SearchAction\",\"target\":{\"@type\":\"EntryPoint\",\"urlTemplate\":\"https:\\\/\\\/crochetts.com\\\/de\\\/?s={search_term_string}\"},\"query-input\":{\"@type\":\"PropertyValueSpecification\",\"valueRequired\":true,\"valueName\":\"search_term_string\"}}],\"inLanguage\":\"de\"},{\"@type\":\"Organization\",\"@id\":\"https:\\\/\\\/crochetts.com\\\/de\\\/#organization\",\"name\":\"H\u00e4keln\",\"url\":\"https:\\\/\\\/crochetts.com\\\/de\\\/\",\"logo\":{\"@type\":\"ImageObject\",\"inLanguage\":\"de\",\"@id\":\"https:\\\/\\\/crochetts.com\\\/de\\\/#\\\/schema\\\/logo\\\/image\\\/\",\"url\":\"https:\\\/\\\/i2.wp.com\\\/crochetts.com\\\/wp-content\\\/uploads\\\/2021\\\/01\\\/Logo-Crochetts.jpg?fit=300%2C137&ssl=1\",\"contentUrl\":\"https:\\\/\\\/i2.wp.com\\\/crochetts.com\\\/wp-content\\\/uploads\\\/2021\\\/01\\\/Logo-Crochetts.jpg?fit=300%2C137&ssl=1\",\"width\":300,\"height\":137,\"caption\":\"H\u00e4keln\"},\"image\":{\"@id\":\"https:\\\/\\\/crochetts.com\\\/de\\\/#\\\/schema\\\/logo\\\/image\\\/\"},\"sameAs\":[\"https:\\\/\\\/www.facebook.com\\\/Crochetts-101964178013493\",\"https:\\\/\\\/www.instagram.com\\\/crochetts_\\\/\"]}]}<\/script>\n<meta property=\"product:price:amount\" content=\"42.89\" \/>\n<meta property=\"product:price:currency\" content=\"EUR\" \/>\n<meta property=\"og:availability\" content=\"instock\" \/>\n<meta property=\"product:availability\" content=\"instock\" \/>\n<meta property=\"product:retailer_item_id\" content=\"4075\" \/>\n<meta property=\"product:condition\" content=\"new\" \/>\n<!-- \/ Yoast SEO Premium plugin. -->","yoast_head_json":{"title":"- EICHH\u00d6RNCHEN STOFFPUPPE -% % %","description":"Unsere Eichh\u00f6rnchen-Stoffpuppe ist aus extra weichem und sehr angenehm anzuf\u00fchlendem Stoff gefertigt. Mit ihrem niedlichen Eichh\u00f6rnchen-Design wird sie zum besten Reisebegleiter und zur unzertrennlichen Puppe Ihres Kindes.","robots":{"index":"index","follow":"follow","max-snippet":"max-snippet:-1","max-image-preview":"max-image-preview:large","max-video-preview":"max-video-preview:-1"},"canonical":"https:\/\/crochetts.com\/de\/tienda\/eichhoernchen-stoffpuppe\/","og_locale":"de_DE","og_type":"article","og_title":"EICHH\u00d6RNCHEN STOFFPUPPE","og_description":"Unser bezauberndes Pl\u00fcsch-Eichh\u00f6rnchen ist aus ultraweichem, samtigem Stoff gefertigt und eignet sich perfekt, um die Kleinen beim Spielen, Ausruhen und Z\u00e4rtlichsein zu begleiten. Sein zartes und gem\u00fctliches Design in warmen Braun- und Cremet\u00f6nen strahlt Ruhe und Sanftheit aus. Die Kombination aus ihrem freundlichen Ausdruck, ihrer samtigen Textur und ihrem flauschigen Schwanz macht sie zu einer unwiderstehlichen Begleiterin, mit der man jeden Tag kuscheln und Abenteuer erleben kann. Ein Detail, das diese Puppe zu einem originellen und emotional einzigartigen Geschenk macht, ideal als Geburts-, Geburtstags- oder Weihnachtsgeschenk!  &nbsp; &nbsp; &nbsp;","og_url":"https:\/\/crochetts.com\/de\/tienda\/eichhoernchen-stoffpuppe\/","og_site_name":"Crochetts","article_publisher":"https:\/\/www.facebook.com\/Crochetts-101964178013493","article_modified_time":"2025-11-28T07:05:36+00:00","og_image":[{"width":800,"height":1202,"url":"https:\/\/crochetts.com\/wp-content\/uploads\/2025\/11\/4075-10.jpg","type":"image\/jpeg"}],"twitter_card":"summary_large_image","twitter_misc":{"Preis":"42,89&nbsp;&euro;","Verf\u00fcgbarkeit":"Auf Lager"},"schema":{"@context":"https:\/\/schema.org","@graph":[{"@type":"WebPage","@id":"https:\/\/crochetts.com\/de\/tienda\/eichhoernchen-stoffpuppe\/","url":"https:\/\/crochetts.com\/de\/tienda\/eichhoernchen-stoffpuppe\/","name":"- EICHH\u00d6RNCHEN STOFFPUPPE -% % %","isPartOf":{"@id":"https:\/\/crochetts.com\/de\/#website"},"primaryImageOfPage":{"@id":"https:\/\/crochetts.com\/de\/tienda\/eichhoernchen-stoffpuppe\/#primaryimage"},"image":{"@id":"https:\/\/crochetts.com\/de\/tienda\/eichhoernchen-stoffpuppe\/#primaryimage"},"thumbnailUrl":"https:\/\/crochetts.com\/wp-content\/uploads\/2025\/11\/4075-10.jpg","datePublished":"2025-11-06T10:35:42+00:00","dateModified":"2025-11-28T07:05:36+00:00","description":"Unsere Eichh\u00f6rnchen-Stoffpuppe ist aus extra weichem und sehr angenehm anzuf\u00fchlendem Stoff gefertigt. Mit ihrem niedlichen Eichh\u00f6rnchen-Design wird sie zum besten Reisebegleiter und zur unzertrennlichen Puppe Ihres Kindes.","breadcrumb":{"@id":"https:\/\/crochetts.com\/de\/tienda\/eichhoernchen-stoffpuppe\/#breadcrumb"},"inLanguage":"de","potentialAction":[{"@type":"ReadAction","target":["https:\/\/crochetts.com\/de\/tienda\/eichhoernchen-stoffpuppe\/"]}]},{"@type":"ImageObject","inLanguage":"de","@id":"https:\/\/crochetts.com\/de\/tienda\/eichhoernchen-stoffpuppe\/#primaryimage","url":"https:\/\/crochetts.com\/wp-content\/uploads\/2025\/11\/4075-10.jpg","contentUrl":"https:\/\/crochetts.com\/wp-content\/uploads\/2025\/11\/4075-10.jpg","width":800,"height":1202,"caption":"Stoff Stoffpuppe Eichh\u00f6rnchen"},{"@type":"BreadcrumbList","@id":"https:\/\/crochetts.com\/de\/tienda\/eichhoernchen-stoffpuppe\/#breadcrumb","itemListElement":[{"@type":"ListItem","position":1,"name":"Portada","item":"https:\/\/crochetts.com\/de\/startseite\/"},{"@type":"ListItem","position":2,"name":"Shop","item":"https:\/\/crochetts.com\/de\/shop\/"},{"@type":"ListItem","position":3,"name":"EICHH\u00d6RNCHEN STOFFPUPPE"}]},{"@type":"WebSite","@id":"https:\/\/crochetts.com\/de\/#website","url":"https:\/\/crochetts.com\/de\/","name":"Crochetts","description":"ANIMALES DE CROCHET PARA JUGAR,DECORAR Y SO\u00d1AR","publisher":{"@id":"https:\/\/crochetts.com\/de\/#organization"},"potentialAction":[{"@type":"SearchAction","target":{"@type":"EntryPoint","urlTemplate":"https:\/\/crochetts.com\/de\/?s={search_term_string}"},"query-input":{"@type":"PropertyValueSpecification","valueRequired":true,"valueName":"search_term_string"}}],"inLanguage":"de"},{"@type":"Organization","@id":"https:\/\/crochetts.com\/de\/#organization","name":"H\u00e4keln","url":"https:\/\/crochetts.com\/de\/","logo":{"@type":"ImageObject","inLanguage":"de","@id":"https:\/\/crochetts.com\/de\/#\/schema\/logo\/image\/","url":"https:\/\/i2.wp.com\/crochetts.com\/wp-content\/uploads\/2021\/01\/Logo-Crochetts.jpg?fit=300%2C137&ssl=1","contentUrl":"https:\/\/i2.wp.com\/crochetts.com\/wp-content\/uploads\/2021\/01\/Logo-Crochetts.jpg?fit=300%2C137&ssl=1","width":300,"height":137,"caption":"H\u00e4keln"},"image":{"@id":"https:\/\/crochetts.com\/de\/#\/schema\/logo\/image\/"},"sameAs":["https:\/\/www.facebook.com\/Crochetts-101964178013493","https:\/\/www.instagram.com\/crochetts_\/"]}]},"product_price_amount":"42.89","product_price_currency":"EUR","og_availability":"instock","product_availability":"instock","product_retailer_item_id":"4075","product_condition":"new"},"_links":{"self":[{"href":"https:\/\/crochetts.com\/de\/wp-json\/wp\/v2\/product\/27788","targetHints":{"allow":["GET"]}}],"collection":[{"href":"https:\/\/crochetts.com\/de\/wp-json\/wp\/v2\/product"}],"about":[{"href":"https:\/\/crochetts.com\/de\/wp-json\/wp\/v2\/types\/product"}],"wp:featuredmedia":[{"embeddable":true,"href":"https:\/\/crochetts.com\/de\/wp-json\/wp\/v2\/media\/27806"}],"wp:attachment":[{"href":"https:\/\/crochetts.com\/de\/wp-json\/wp\/v2\/media?parent=27788"}],"wp:term":[{"taxonomy":"product_brand","embeddable":true,"href":"https:\/\/crochetts.com\/de\/wp-json\/wp\/v2\/product_brand?post=27788"},{"taxonomy":"product_cat","embeddable":true,"href":"https:\/\/crochetts.com\/de\/wp-json\/wp\/v2\/product_cat?post=27788"},{"taxonomy":"product_tag","embeddable":true,"href":"https:\/\/crochetts.com\/de\/wp-json\/wp\/v2\/product_tag?post=27788"}],"curies":[{"name":"wp","href":"https:\/\/api.w.org\/{rel}","templated":true}]}}