{"id":27777,"date":"2025-11-06T13:03:43","date_gmt":"2025-11-06T12:03:43","guid":{"rendered":"https:\/\/crochetts.com\/tienda\/prinzessin-stoffpuppe\/"},"modified":"2025-11-28T08:03:35","modified_gmt":"2025-11-28T07:03:35","slug":"prinzessin-stoffpuppe","status":"publish","type":"product","link":"https:\/\/crochetts.com\/de\/tienda\/prinzessin-stoffpuppe\/","title":{"rendered":"PRINZESSIN STOFFPUPPE"},"content":{"rendered":"<div style=\"text-align: justify;\">\n<div style=\"text-align: justify;\"><\/div>\n<p>&nbsp;<\/p>\n<\/div>\n<p>&nbsp;<\/p>\n<p>&nbsp;<\/p>\n<p>&nbsp;<\/p>\n","protected":false},"excerpt":{"rendered":"<p data-start=\"236\" data-end=\"465\">Entdecken Sie unser bezauberndes <strong data-start=\"264\" data-end=\"286\">kleines Fuchs-Kuscheltier<\/strong>, das aus <strong data-start=\"306\" data-end=\"340\">ultraweichem<\/strong>, hochwertigem <strong data-start=\"306\" data-end=\"340\">Veloursstoff<\/strong> gefertigt ist. Es ist der perfekte Begleiter zum Kuscheln, Schlafen oder um die Kleinen beim Spielen zu begleiten.<\/p>\n<p data-start=\"467\" data-end=\"840\">Sein <strong data-start=\"470\" data-end=\"499\">zartes und detailliertes Design<\/strong> kombiniert warme Orange- und Wei\u00dft\u00f6ne, begleitet von einem <strong data-start=\"560\" data-end=\"599\">blauen Schal mit zarter Stickerei<\/strong>, die ihm einen einzigartigen Touch voller Pers\u00f6nlichkeit verleiht.<br data-start=\"650\" data-end=\"653\">Mit seinem <strong data-start=\"660\" data-end=\"679\">s\u00fc\u00dfen Ausdruck<\/strong> und seiner angenehmen Textur ist dieser kleine Fuchs ideal, um Momente der Zuneigung zu teilen und das Kinderzimmer mit einem gem\u00fctlichen und modernen Stil zu dekorieren.<\/p>\n<p>Ein Detail, das diese Puppe zu einem originellen und emotional einzigartigen Geschenk macht, ideal als <strong data-start=\"2026\" data-end=\"2085\">Geburts-, Geburtstags- oder Weihnachtsgeschenk!<\/strong> <\/p>\n<p>&nbsp;<\/p>\n<p>&nbsp;<\/p>\n<p>&nbsp;<\/p>\n","protected":false},"featured_media":27789,"template":"","meta":{"_acf_changed":false,"_joinchat":[]},"product_brand":[],"product_cat":[6232],"product_tag":[6235,6234,6237,6241,7395,7396,6239,7397,7398,6372,6240,6252,6233,6238],"class_list":{"0":"post-27777","1":"product","2":"type-product","3":"status-publish","4":"has-post-thumbnail","6":"product_cat-stoffpuppen","7":"product_tag-decokids","8":"product_tag-dekoration","9":"product_tag-pluschpuppe","10":"product_tag-poupee-en-tissu","11":"product_tag-prinzessin-stoffpuppe","12":"product_tag-prinzessin-teddybar","13":"product_tag-puppe-tier","14":"product_tag-puppe-verschenken","15":"product_tag-puppenspiel","16":"product_tag-stoffpuppe-3","17":"product_tag-stoffpuppe","18":"product_tag-stoffpuppe-2","19":"product_tag-teddy","20":"product_tag-weiche-puppe","21":"entry","23":"first","24":"instock","25":"featured","26":"taxable","27":"shipping-taxable","28":"purchasable","29":"product-type-simple"},"acf":[],"yoast_head":"<!-- This site is optimized with the Yoast SEO Premium plugin v26.1 (Yoast SEO v27.3) - https:\/\/yoast.com\/product\/yoast-seo-premium-wordpress\/ -->\n<title>- PRINZESSIN STOFFPUPPE -% % %<\/title>\n<meta name=\"description\" content=\"Unsere Stoffprinzessinnenpuppe ist aus besonders weichem Stoff gefertigt und f\u00fchlt sich sehr angenehm an. Das niedliche Design in Form einer kleinen Prinzessin wird sie zur unzertrennlichen Puppe Ihrer Tochter und zu ihrem besten Reisebegleiter machen.\" \/>\n<meta name=\"robots\" content=\"index, follow, max-snippet:-1, max-image-preview:large, max-video-preview:-1\" \/>\n<link rel=\"canonical\" href=\"https:\/\/crochetts.com\/de\/tienda\/prinzessin-stoffpuppe\/\" \/>\n<meta property=\"og:locale\" content=\"de_DE\" \/>\n<meta property=\"og:type\" content=\"article\" \/>\n<meta property=\"og:title\" content=\"PRINZESSIN STOFFPUPPE\" \/>\n<meta property=\"og:description\" content=\"Entdecken Sie unser bezauberndes kleines Fuchs-Kuscheltier, das aus ultraweichem, hochwertigem Veloursstoff gefertigt ist. Es ist der perfekte Begleiter zum Kuscheln, Schlafen oder um die Kleinen beim Spielen zu begleiten. Sein zartes und detailliertes Design kombiniert warme Orange- und Wei\u00dft\u00f6ne, begleitet von einem blauen Schal mit zarter Stickerei, die ihm einen einzigartigen Touch voller Pers\u00f6nlichkeit verleiht.Mit seinem s\u00fc\u00dfen Ausdruck und seiner angenehmen Textur ist dieser kleine Fuchs ideal, um Momente der Zuneigung zu teilen und das Kinderzimmer mit einem gem\u00fctlichen und modernen Stil zu dekorieren. Ein Detail, das diese Puppe zu einem originellen und emotional einzigartigen Geschenk macht, ideal als Geburts-, Geburtstags- oder Weihnachtsgeschenk!  &nbsp; &nbsp; &nbsp;\" \/>\n<meta property=\"og:url\" content=\"https:\/\/crochetts.com\/de\/tienda\/prinzessin-stoffpuppe\/\" \/>\n<meta property=\"og:site_name\" content=\"Crochetts\" \/>\n<meta property=\"article:publisher\" content=\"https:\/\/www.facebook.com\/Crochetts-101964178013493\" \/>\n<meta property=\"article:modified_time\" content=\"2025-11-28T07:03:35+00:00\" \/>\n<meta property=\"og:image\" content=\"https:\/\/crochetts.com\/wp-content\/uploads\/2025\/11\/4078-3.jpg\" \/>\n\t<meta property=\"og:image:width\" content=\"800\" \/>\n\t<meta property=\"og:image:height\" content=\"1202\" \/>\n\t<meta property=\"og:image:type\" content=\"image\/jpeg\" \/>\n<meta name=\"twitter:card\" content=\"summary_large_image\" \/>\n<meta name=\"twitter:label1\" content=\"Preis\" \/>\n\t<meta name=\"twitter:data1\" content=\"42,89&nbsp;&euro;\" \/>\n\t<meta name=\"twitter:label2\" content=\"Verf\u00fcgbarkeit\" \/>\n\t<meta name=\"twitter:data2\" content=\"Auf Lager\" \/>\n<script type=\"application\/ld+json\" class=\"yoast-schema-graph\">{\"@context\":\"https:\\\/\\\/schema.org\",\"@graph\":[{\"@type\":\"WebPage\",\"@id\":\"https:\\\/\\\/crochetts.com\\\/de\\\/tienda\\\/prinzessin-stoffpuppe\\\/\",\"url\":\"https:\\\/\\\/crochetts.com\\\/de\\\/tienda\\\/prinzessin-stoffpuppe\\\/\",\"name\":\"- PRINZESSIN STOFFPUPPE -% % %\",\"isPartOf\":{\"@id\":\"https:\\\/\\\/crochetts.com\\\/de\\\/#website\"},\"primaryImageOfPage\":{\"@id\":\"https:\\\/\\\/crochetts.com\\\/de\\\/tienda\\\/prinzessin-stoffpuppe\\\/#primaryimage\"},\"image\":{\"@id\":\"https:\\\/\\\/crochetts.com\\\/de\\\/tienda\\\/prinzessin-stoffpuppe\\\/#primaryimage\"},\"thumbnailUrl\":\"https:\\\/\\\/crochetts.com\\\/wp-content\\\/uploads\\\/2025\\\/11\\\/4078-3.jpg\",\"datePublished\":\"2025-11-06T12:03:43+00:00\",\"dateModified\":\"2025-11-28T07:03:35+00:00\",\"description\":\"Unsere Stoffprinzessinnenpuppe ist aus besonders weichem Stoff gefertigt und f\u00fchlt sich sehr angenehm an. Das niedliche Design in Form einer kleinen Prinzessin wird sie zur unzertrennlichen Puppe Ihrer Tochter und zu ihrem besten Reisebegleiter machen.\",\"breadcrumb\":{\"@id\":\"https:\\\/\\\/crochetts.com\\\/de\\\/tienda\\\/prinzessin-stoffpuppe\\\/#breadcrumb\"},\"inLanguage\":\"de\",\"potentialAction\":[{\"@type\":\"ReadAction\",\"target\":[\"https:\\\/\\\/crochetts.com\\\/de\\\/tienda\\\/prinzessin-stoffpuppe\\\/\"]}]},{\"@type\":\"ImageObject\",\"inLanguage\":\"de\",\"@id\":\"https:\\\/\\\/crochetts.com\\\/de\\\/tienda\\\/prinzessin-stoffpuppe\\\/#primaryimage\",\"url\":\"https:\\\/\\\/crochetts.com\\\/wp-content\\\/uploads\\\/2025\\\/11\\\/4078-3.jpg\",\"contentUrl\":\"https:\\\/\\\/crochetts.com\\\/wp-content\\\/uploads\\\/2025\\\/11\\\/4078-3.jpg\",\"width\":800,\"height\":1202,\"caption\":\"prinzessin puppe\"},{\"@type\":\"BreadcrumbList\",\"@id\":\"https:\\\/\\\/crochetts.com\\\/de\\\/tienda\\\/prinzessin-stoffpuppe\\\/#breadcrumb\",\"itemListElement\":[{\"@type\":\"ListItem\",\"position\":1,\"name\":\"Portada\",\"item\":\"https:\\\/\\\/crochetts.com\\\/de\\\/startseite\\\/\"},{\"@type\":\"ListItem\",\"position\":2,\"name\":\"Shop\",\"item\":\"https:\\\/\\\/crochetts.com\\\/de\\\/shop\\\/\"},{\"@type\":\"ListItem\",\"position\":3,\"name\":\"PRINZESSIN STOFFPUPPE\"}]},{\"@type\":\"WebSite\",\"@id\":\"https:\\\/\\\/crochetts.com\\\/de\\\/#website\",\"url\":\"https:\\\/\\\/crochetts.com\\\/de\\\/\",\"name\":\"Crochetts\",\"description\":\"ANIMALES DE CROCHET PARA JUGAR,DECORAR Y SO\u00d1AR\",\"publisher\":{\"@id\":\"https:\\\/\\\/crochetts.com\\\/de\\\/#organization\"},\"potentialAction\":[{\"@type\":\"SearchAction\",\"target\":{\"@type\":\"EntryPoint\",\"urlTemplate\":\"https:\\\/\\\/crochetts.com\\\/de\\\/?s={search_term_string}\"},\"query-input\":{\"@type\":\"PropertyValueSpecification\",\"valueRequired\":true,\"valueName\":\"search_term_string\"}}],\"inLanguage\":\"de\"},{\"@type\":\"Organization\",\"@id\":\"https:\\\/\\\/crochetts.com\\\/de\\\/#organization\",\"name\":\"H\u00e4keln\",\"url\":\"https:\\\/\\\/crochetts.com\\\/de\\\/\",\"logo\":{\"@type\":\"ImageObject\",\"inLanguage\":\"de\",\"@id\":\"https:\\\/\\\/crochetts.com\\\/de\\\/#\\\/schema\\\/logo\\\/image\\\/\",\"url\":\"https:\\\/\\\/i2.wp.com\\\/crochetts.com\\\/wp-content\\\/uploads\\\/2021\\\/01\\\/Logo-Crochetts.jpg?fit=300%2C137&ssl=1\",\"contentUrl\":\"https:\\\/\\\/i2.wp.com\\\/crochetts.com\\\/wp-content\\\/uploads\\\/2021\\\/01\\\/Logo-Crochetts.jpg?fit=300%2C137&ssl=1\",\"width\":300,\"height\":137,\"caption\":\"H\u00e4keln\"},\"image\":{\"@id\":\"https:\\\/\\\/crochetts.com\\\/de\\\/#\\\/schema\\\/logo\\\/image\\\/\"},\"sameAs\":[\"https:\\\/\\\/www.facebook.com\\\/Crochetts-101964178013493\",\"https:\\\/\\\/www.instagram.com\\\/crochetts_\\\/\"]}]}<\/script>\n<meta property=\"product:price:amount\" content=\"42.89\" \/>\n<meta property=\"product:price:currency\" content=\"EUR\" \/>\n<meta property=\"og:availability\" content=\"instock\" \/>\n<meta property=\"product:availability\" content=\"instock\" \/>\n<meta property=\"product:retailer_item_id\" content=\"4078\" \/>\n<meta property=\"product:condition\" content=\"new\" \/>\n<!-- \/ Yoast SEO Premium plugin. -->","yoast_head_json":{"title":"- PRINZESSIN STOFFPUPPE -% % %","description":"Unsere Stoffprinzessinnenpuppe ist aus besonders weichem Stoff gefertigt und f\u00fchlt sich sehr angenehm an. Das niedliche Design in Form einer kleinen Prinzessin wird sie zur unzertrennlichen Puppe Ihrer Tochter und zu ihrem besten Reisebegleiter machen.","robots":{"index":"index","follow":"follow","max-snippet":"max-snippet:-1","max-image-preview":"max-image-preview:large","max-video-preview":"max-video-preview:-1"},"canonical":"https:\/\/crochetts.com\/de\/tienda\/prinzessin-stoffpuppe\/","og_locale":"de_DE","og_type":"article","og_title":"PRINZESSIN STOFFPUPPE","og_description":"Entdecken Sie unser bezauberndes kleines Fuchs-Kuscheltier, das aus ultraweichem, hochwertigem Veloursstoff gefertigt ist. Es ist der perfekte Begleiter zum Kuscheln, Schlafen oder um die Kleinen beim Spielen zu begleiten. Sein zartes und detailliertes Design kombiniert warme Orange- und Wei\u00dft\u00f6ne, begleitet von einem blauen Schal mit zarter Stickerei, die ihm einen einzigartigen Touch voller Pers\u00f6nlichkeit verleiht.Mit seinem s\u00fc\u00dfen Ausdruck und seiner angenehmen Textur ist dieser kleine Fuchs ideal, um Momente der Zuneigung zu teilen und das Kinderzimmer mit einem gem\u00fctlichen und modernen Stil zu dekorieren. Ein Detail, das diese Puppe zu einem originellen und emotional einzigartigen Geschenk macht, ideal als Geburts-, Geburtstags- oder Weihnachtsgeschenk!  &nbsp; &nbsp; &nbsp;","og_url":"https:\/\/crochetts.com\/de\/tienda\/prinzessin-stoffpuppe\/","og_site_name":"Crochetts","article_publisher":"https:\/\/www.facebook.com\/Crochetts-101964178013493","article_modified_time":"2025-11-28T07:03:35+00:00","og_image":[{"width":800,"height":1202,"url":"https:\/\/crochetts.com\/wp-content\/uploads\/2025\/11\/4078-3.jpg","type":"image\/jpeg"}],"twitter_card":"summary_large_image","twitter_misc":{"Preis":"42,89&nbsp;&euro;","Verf\u00fcgbarkeit":"Auf Lager"},"schema":{"@context":"https:\/\/schema.org","@graph":[{"@type":"WebPage","@id":"https:\/\/crochetts.com\/de\/tienda\/prinzessin-stoffpuppe\/","url":"https:\/\/crochetts.com\/de\/tienda\/prinzessin-stoffpuppe\/","name":"- PRINZESSIN STOFFPUPPE -% % %","isPartOf":{"@id":"https:\/\/crochetts.com\/de\/#website"},"primaryImageOfPage":{"@id":"https:\/\/crochetts.com\/de\/tienda\/prinzessin-stoffpuppe\/#primaryimage"},"image":{"@id":"https:\/\/crochetts.com\/de\/tienda\/prinzessin-stoffpuppe\/#primaryimage"},"thumbnailUrl":"https:\/\/crochetts.com\/wp-content\/uploads\/2025\/11\/4078-3.jpg","datePublished":"2025-11-06T12:03:43+00:00","dateModified":"2025-11-28T07:03:35+00:00","description":"Unsere Stoffprinzessinnenpuppe ist aus besonders weichem Stoff gefertigt und f\u00fchlt sich sehr angenehm an. Das niedliche Design in Form einer kleinen Prinzessin wird sie zur unzertrennlichen Puppe Ihrer Tochter und zu ihrem besten Reisebegleiter machen.","breadcrumb":{"@id":"https:\/\/crochetts.com\/de\/tienda\/prinzessin-stoffpuppe\/#breadcrumb"},"inLanguage":"de","potentialAction":[{"@type":"ReadAction","target":["https:\/\/crochetts.com\/de\/tienda\/prinzessin-stoffpuppe\/"]}]},{"@type":"ImageObject","inLanguage":"de","@id":"https:\/\/crochetts.com\/de\/tienda\/prinzessin-stoffpuppe\/#primaryimage","url":"https:\/\/crochetts.com\/wp-content\/uploads\/2025\/11\/4078-3.jpg","contentUrl":"https:\/\/crochetts.com\/wp-content\/uploads\/2025\/11\/4078-3.jpg","width":800,"height":1202,"caption":"prinzessin puppe"},{"@type":"BreadcrumbList","@id":"https:\/\/crochetts.com\/de\/tienda\/prinzessin-stoffpuppe\/#breadcrumb","itemListElement":[{"@type":"ListItem","position":1,"name":"Portada","item":"https:\/\/crochetts.com\/de\/startseite\/"},{"@type":"ListItem","position":2,"name":"Shop","item":"https:\/\/crochetts.com\/de\/shop\/"},{"@type":"ListItem","position":3,"name":"PRINZESSIN STOFFPUPPE"}]},{"@type":"WebSite","@id":"https:\/\/crochetts.com\/de\/#website","url":"https:\/\/crochetts.com\/de\/","name":"Crochetts","description":"ANIMALES DE CROCHET PARA JUGAR,DECORAR Y SO\u00d1AR","publisher":{"@id":"https:\/\/crochetts.com\/de\/#organization"},"potentialAction":[{"@type":"SearchAction","target":{"@type":"EntryPoint","urlTemplate":"https:\/\/crochetts.com\/de\/?s={search_term_string}"},"query-input":{"@type":"PropertyValueSpecification","valueRequired":true,"valueName":"search_term_string"}}],"inLanguage":"de"},{"@type":"Organization","@id":"https:\/\/crochetts.com\/de\/#organization","name":"H\u00e4keln","url":"https:\/\/crochetts.com\/de\/","logo":{"@type":"ImageObject","inLanguage":"de","@id":"https:\/\/crochetts.com\/de\/#\/schema\/logo\/image\/","url":"https:\/\/i2.wp.com\/crochetts.com\/wp-content\/uploads\/2021\/01\/Logo-Crochetts.jpg?fit=300%2C137&ssl=1","contentUrl":"https:\/\/i2.wp.com\/crochetts.com\/wp-content\/uploads\/2021\/01\/Logo-Crochetts.jpg?fit=300%2C137&ssl=1","width":300,"height":137,"caption":"H\u00e4keln"},"image":{"@id":"https:\/\/crochetts.com\/de\/#\/schema\/logo\/image\/"},"sameAs":["https:\/\/www.facebook.com\/Crochetts-101964178013493","https:\/\/www.instagram.com\/crochetts_\/"]}]},"product_price_amount":"42.89","product_price_currency":"EUR","og_availability":"instock","product_availability":"instock","product_retailer_item_id":"4078","product_condition":"new"},"_links":{"self":[{"href":"https:\/\/crochetts.com\/de\/wp-json\/wp\/v2\/product\/27777","targetHints":{"allow":["GET"]}}],"collection":[{"href":"https:\/\/crochetts.com\/de\/wp-json\/wp\/v2\/product"}],"about":[{"href":"https:\/\/crochetts.com\/de\/wp-json\/wp\/v2\/types\/product"}],"wp:featuredmedia":[{"embeddable":true,"href":"https:\/\/crochetts.com\/de\/wp-json\/wp\/v2\/media\/27789"}],"wp:attachment":[{"href":"https:\/\/crochetts.com\/de\/wp-json\/wp\/v2\/media?parent=27777"}],"wp:term":[{"taxonomy":"product_brand","embeddable":true,"href":"https:\/\/crochetts.com\/de\/wp-json\/wp\/v2\/product_brand?post=27777"},{"taxonomy":"product_cat","embeddable":true,"href":"https:\/\/crochetts.com\/de\/wp-json\/wp\/v2\/product_cat?post=27777"},{"taxonomy":"product_tag","embeddable":true,"href":"https:\/\/crochetts.com\/de\/wp-json\/wp\/v2\/product_tag?post=27777"}],"curies":[{"name":"wp","href":"https:\/\/api.w.org\/{rel}","templated":true}]}}