{"id":27770,"date":"2025-11-06T12:06:48","date_gmt":"2025-11-06T11:06:48","guid":{"rendered":"https:\/\/crochetts.com\/tienda\/waschbaer-stoffpuppe\/"},"modified":"2025-11-28T08:05:09","modified_gmt":"2025-11-28T07:05:09","slug":"waschbaer-stoffpuppe","status":"publish","type":"product","link":"https:\/\/crochetts.com\/de\/tienda\/waschbaer-stoffpuppe\/","title":{"rendered":"WASCHB\u00c4R STOFFPUPPE"},"content":{"rendered":"<div style=\"text-align: justify;\">\n<div style=\"text-align: justify;\"><\/div>\n<p>&nbsp;<\/p>\n<\/div>\n<p>&nbsp;<\/p>\n<p>&nbsp;<\/p>\n<p>&nbsp;<\/p>\n","protected":false},"excerpt":{"rendered":"<p data-start=\"142\" data-end=\"319\">Dieser kuschelige <strong data-start=\"154\" data-end=\"176\">Waschb\u00e4r<\/strong> ist aus <strong data-start=\"199\" data-end=\"228\">weichem, samtigem Stoff<\/strong> gefertigt, ideal, um die Kleinen in ihren Momenten der Ruhe, des Spiels und der Abenteuer zu begleiten.<\/p>\n<p data-start=\"321\" data-end=\"477\">Sein <strong data-start=\"324\" data-end=\"342\">modernes Design<\/strong> kombiniert graue, schwarze und wei\u00dfe T\u00f6ne mit lustig <strong data-start=\"410\" data-end=\"428\">gestreiften Armen<\/strong>, die ihm einen originellen und charmanten Touch verleihen.<\/p>\n<p data-start=\"479\" data-end=\"673\">Mit seiner <strong data-start=\"486\" data-end=\"511\">samtigen Textur<\/strong> und seinem <strong data-start=\"517\" data-end=\"537\">freundlichen Aussehen<\/strong> ist er der perfekte Begleiter f\u00fcr kleine Entdecker und f\u00fcr alle, die einzigartige Kuscheltiere voller Pers\u00f6nlichkeit m\u00f6gen.<\/p>\n<p>Ein Detail, das diese Puppe zu einem originellen und emotional einzigartigen Geschenk macht, ideal als <strong data-start=\"2026\" data-end=\"2085\">Geburts-, Geburtstags- oder Weihnachtsgeschenk!<\/strong> <\/p>\n<p>&nbsp;<\/p>\n<p>&nbsp;<\/p>\n<p>&nbsp;<\/p>\n","protected":false},"featured_media":27784,"template":"","meta":{"_acf_changed":false,"_joinchat":[]},"product_brand":[],"product_cat":[6232],"product_tag":[6235,6234,6236,6237,7403,6241,6239,6252,6372,7677,6240,7402,6233,7400,6238,6202],"class_list":{"0":"post-27770","1":"product","2":"type-product","3":"status-publish","4":"has-post-thumbnail","6":"product_cat-stoffpuppen","7":"product_tag-decokids","8":"product_tag-dekoration","9":"product_tag-katzchen-puppe","10":"product_tag-pluschpuppe","11":"product_tag-pluschtier","12":"product_tag-poupee-en-tissu","13":"product_tag-puppe-tier","14":"product_tag-stoffpuppe-2","15":"product_tag-stoffpuppe-3","16":"product_tag-stoffpuppe-5","17":"product_tag-stoffpuppe","18":"product_tag-stoffpuppe-4","19":"product_tag-teddy","20":"product_tag-waldtier-puppe","21":"product_tag-weiche-puppe","22":"product_tag-weicher-teddybar","23":"entry","25":"first","26":"instock","27":"featured","28":"taxable","29":"shipping-taxable","30":"purchasable","31":"product-type-simple"},"acf":[],"yoast_head":"<!-- This site is optimized with the Yoast SEO Premium plugin v26.1 (Yoast SEO v27.3) - https:\/\/yoast.com\/product\/yoast-seo-premium-wordpress\/ -->\n<title>- WASCHB\u00c4R STOFFPUPPE -% % %<\/title>\n<meta name=\"description\" content=\"Unser Waschb\u00e4r-Stofftier ist aus extra weichem und sehr angenehm zu ber\u00fchrendem Stoff gefertigt. Mit seinem niedlichen Waschb\u00e4r-Design wird er zur unzertrennlichen Puppe Ihres Kindes und zu seinem besten Reisebegleiter.\" \/>\n<meta name=\"robots\" content=\"index, follow, max-snippet:-1, max-image-preview:large, max-video-preview:-1\" \/>\n<link rel=\"canonical\" href=\"https:\/\/crochetts.com\/de\/tienda\/waschbaer-stoffpuppe\/\" \/>\n<meta property=\"og:locale\" content=\"de_DE\" \/>\n<meta property=\"og:type\" content=\"article\" \/>\n<meta property=\"og:title\" content=\"WASCHB\u00c4R STOFFPUPPE\" \/>\n<meta property=\"og:description\" content=\"Dieser kuschelige Waschb\u00e4r ist aus weichem, samtigem Stoff gefertigt, ideal, um die Kleinen in ihren Momenten der Ruhe, des Spiels und der Abenteuer zu begleiten. Sein modernes Design kombiniert graue, schwarze und wei\u00dfe T\u00f6ne mit lustig gestreiften Armen, die ihm einen originellen und charmanten Touch verleihen. Mit seiner samtigen Textur und seinem freundlichen Aussehen ist er der perfekte Begleiter f\u00fcr kleine Entdecker und f\u00fcr alle, die einzigartige Kuscheltiere voller Pers\u00f6nlichkeit m\u00f6gen. Ein Detail, das diese Puppe zu einem originellen und emotional einzigartigen Geschenk macht, ideal als Geburts-, Geburtstags- oder Weihnachtsgeschenk!  &nbsp; &nbsp; &nbsp;\" \/>\n<meta property=\"og:url\" content=\"https:\/\/crochetts.com\/de\/tienda\/waschbaer-stoffpuppe\/\" \/>\n<meta property=\"og:site_name\" content=\"Crochetts\" \/>\n<meta property=\"article:publisher\" content=\"https:\/\/www.facebook.com\/Crochetts-101964178013493\" \/>\n<meta property=\"article:modified_time\" content=\"2025-11-28T07:05:09+00:00\" \/>\n<meta property=\"og:image\" content=\"https:\/\/crochetts.com\/wp-content\/uploads\/2025\/11\/4076-2.jpg\" \/>\n\t<meta property=\"og:image:width\" content=\"800\" \/>\n\t<meta property=\"og:image:height\" content=\"1202\" \/>\n\t<meta property=\"og:image:type\" content=\"image\/jpeg\" \/>\n<meta name=\"twitter:card\" content=\"summary_large_image\" \/>\n<meta name=\"twitter:label1\" content=\"Preis\" \/>\n\t<meta name=\"twitter:data1\" content=\"42,89&nbsp;&euro;\" \/>\n\t<meta name=\"twitter:label2\" content=\"Verf\u00fcgbarkeit\" \/>\n\t<meta name=\"twitter:data2\" content=\"Auf Lager\" \/>\n<script type=\"application\/ld+json\" class=\"yoast-schema-graph\">{\"@context\":\"https:\\\/\\\/schema.org\",\"@graph\":[{\"@type\":\"WebPage\",\"@id\":\"https:\\\/\\\/crochetts.com\\\/de\\\/tienda\\\/waschbaer-stoffpuppe\\\/\",\"url\":\"https:\\\/\\\/crochetts.com\\\/de\\\/tienda\\\/waschbaer-stoffpuppe\\\/\",\"name\":\"- WASCHB\u00c4R STOFFPUPPE -% % %\",\"isPartOf\":{\"@id\":\"https:\\\/\\\/crochetts.com\\\/de\\\/#website\"},\"primaryImageOfPage\":{\"@id\":\"https:\\\/\\\/crochetts.com\\\/de\\\/tienda\\\/waschbaer-stoffpuppe\\\/#primaryimage\"},\"image\":{\"@id\":\"https:\\\/\\\/crochetts.com\\\/de\\\/tienda\\\/waschbaer-stoffpuppe\\\/#primaryimage\"},\"thumbnailUrl\":\"https:\\\/\\\/crochetts.com\\\/wp-content\\\/uploads\\\/2025\\\/11\\\/4076-2.jpg\",\"datePublished\":\"2025-11-06T11:06:48+00:00\",\"dateModified\":\"2025-11-28T07:05:09+00:00\",\"description\":\"Unser Waschb\u00e4r-Stofftier ist aus extra weichem und sehr angenehm zu ber\u00fchrendem Stoff gefertigt. Mit seinem niedlichen Waschb\u00e4r-Design wird er zur unzertrennlichen Puppe Ihres Kindes und zu seinem besten Reisebegleiter.\",\"breadcrumb\":{\"@id\":\"https:\\\/\\\/crochetts.com\\\/de\\\/tienda\\\/waschbaer-stoffpuppe\\\/#breadcrumb\"},\"inLanguage\":\"de\",\"potentialAction\":[{\"@type\":\"ReadAction\",\"target\":[\"https:\\\/\\\/crochetts.com\\\/de\\\/tienda\\\/waschbaer-stoffpuppe\\\/\"]}]},{\"@type\":\"ImageObject\",\"inLanguage\":\"de\",\"@id\":\"https:\\\/\\\/crochetts.com\\\/de\\\/tienda\\\/waschbaer-stoffpuppe\\\/#primaryimage\",\"url\":\"https:\\\/\\\/crochetts.com\\\/wp-content\\\/uploads\\\/2025\\\/11\\\/4076-2.jpg\",\"contentUrl\":\"https:\\\/\\\/crochetts.com\\\/wp-content\\\/uploads\\\/2025\\\/11\\\/4076-2.jpg\",\"width\":800,\"height\":1202,\"caption\":\"Tier Stoffpuppe\"},{\"@type\":\"BreadcrumbList\",\"@id\":\"https:\\\/\\\/crochetts.com\\\/de\\\/tienda\\\/waschbaer-stoffpuppe\\\/#breadcrumb\",\"itemListElement\":[{\"@type\":\"ListItem\",\"position\":1,\"name\":\"Portada\",\"item\":\"https:\\\/\\\/crochetts.com\\\/de\\\/startseite\\\/\"},{\"@type\":\"ListItem\",\"position\":2,\"name\":\"Shop\",\"item\":\"https:\\\/\\\/crochetts.com\\\/de\\\/shop\\\/\"},{\"@type\":\"ListItem\",\"position\":3,\"name\":\"WASCHB\u00c4R STOFFPUPPE\"}]},{\"@type\":\"WebSite\",\"@id\":\"https:\\\/\\\/crochetts.com\\\/de\\\/#website\",\"url\":\"https:\\\/\\\/crochetts.com\\\/de\\\/\",\"name\":\"Crochetts\",\"description\":\"ANIMALES DE CROCHET PARA JUGAR,DECORAR Y SO\u00d1AR\",\"publisher\":{\"@id\":\"https:\\\/\\\/crochetts.com\\\/de\\\/#organization\"},\"potentialAction\":[{\"@type\":\"SearchAction\",\"target\":{\"@type\":\"EntryPoint\",\"urlTemplate\":\"https:\\\/\\\/crochetts.com\\\/de\\\/?s={search_term_string}\"},\"query-input\":{\"@type\":\"PropertyValueSpecification\",\"valueRequired\":true,\"valueName\":\"search_term_string\"}}],\"inLanguage\":\"de\"},{\"@type\":\"Organization\",\"@id\":\"https:\\\/\\\/crochetts.com\\\/de\\\/#organization\",\"name\":\"H\u00e4keln\",\"url\":\"https:\\\/\\\/crochetts.com\\\/de\\\/\",\"logo\":{\"@type\":\"ImageObject\",\"inLanguage\":\"de\",\"@id\":\"https:\\\/\\\/crochetts.com\\\/de\\\/#\\\/schema\\\/logo\\\/image\\\/\",\"url\":\"https:\\\/\\\/i2.wp.com\\\/crochetts.com\\\/wp-content\\\/uploads\\\/2021\\\/01\\\/Logo-Crochetts.jpg?fit=300%2C137&ssl=1\",\"contentUrl\":\"https:\\\/\\\/i2.wp.com\\\/crochetts.com\\\/wp-content\\\/uploads\\\/2021\\\/01\\\/Logo-Crochetts.jpg?fit=300%2C137&ssl=1\",\"width\":300,\"height\":137,\"caption\":\"H\u00e4keln\"},\"image\":{\"@id\":\"https:\\\/\\\/crochetts.com\\\/de\\\/#\\\/schema\\\/logo\\\/image\\\/\"},\"sameAs\":[\"https:\\\/\\\/www.facebook.com\\\/Crochetts-101964178013493\",\"https:\\\/\\\/www.instagram.com\\\/crochetts_\\\/\"]}]}<\/script>\n<meta property=\"product:price:amount\" content=\"42.89\" \/>\n<meta property=\"product:price:currency\" content=\"EUR\" \/>\n<meta property=\"og:availability\" content=\"instock\" \/>\n<meta property=\"product:availability\" content=\"instock\" \/>\n<meta property=\"product:retailer_item_id\" content=\"4076\" \/>\n<meta property=\"product:condition\" content=\"new\" \/>\n<!-- \/ Yoast SEO Premium plugin. -->","yoast_head_json":{"title":"- WASCHB\u00c4R STOFFPUPPE -% % %","description":"Unser Waschb\u00e4r-Stofftier ist aus extra weichem und sehr angenehm zu ber\u00fchrendem Stoff gefertigt. Mit seinem niedlichen Waschb\u00e4r-Design wird er zur unzertrennlichen Puppe Ihres Kindes und zu seinem besten Reisebegleiter.","robots":{"index":"index","follow":"follow","max-snippet":"max-snippet:-1","max-image-preview":"max-image-preview:large","max-video-preview":"max-video-preview:-1"},"canonical":"https:\/\/crochetts.com\/de\/tienda\/waschbaer-stoffpuppe\/","og_locale":"de_DE","og_type":"article","og_title":"WASCHB\u00c4R STOFFPUPPE","og_description":"Dieser kuschelige Waschb\u00e4r ist aus weichem, samtigem Stoff gefertigt, ideal, um die Kleinen in ihren Momenten der Ruhe, des Spiels und der Abenteuer zu begleiten. Sein modernes Design kombiniert graue, schwarze und wei\u00dfe T\u00f6ne mit lustig gestreiften Armen, die ihm einen originellen und charmanten Touch verleihen. Mit seiner samtigen Textur und seinem freundlichen Aussehen ist er der perfekte Begleiter f\u00fcr kleine Entdecker und f\u00fcr alle, die einzigartige Kuscheltiere voller Pers\u00f6nlichkeit m\u00f6gen. Ein Detail, das diese Puppe zu einem originellen und emotional einzigartigen Geschenk macht, ideal als Geburts-, Geburtstags- oder Weihnachtsgeschenk!  &nbsp; &nbsp; &nbsp;","og_url":"https:\/\/crochetts.com\/de\/tienda\/waschbaer-stoffpuppe\/","og_site_name":"Crochetts","article_publisher":"https:\/\/www.facebook.com\/Crochetts-101964178013493","article_modified_time":"2025-11-28T07:05:09+00:00","og_image":[{"width":800,"height":1202,"url":"https:\/\/crochetts.com\/wp-content\/uploads\/2025\/11\/4076-2.jpg","type":"image\/jpeg"}],"twitter_card":"summary_large_image","twitter_misc":{"Preis":"42,89&nbsp;&euro;","Verf\u00fcgbarkeit":"Auf Lager"},"schema":{"@context":"https:\/\/schema.org","@graph":[{"@type":"WebPage","@id":"https:\/\/crochetts.com\/de\/tienda\/waschbaer-stoffpuppe\/","url":"https:\/\/crochetts.com\/de\/tienda\/waschbaer-stoffpuppe\/","name":"- WASCHB\u00c4R STOFFPUPPE -% % %","isPartOf":{"@id":"https:\/\/crochetts.com\/de\/#website"},"primaryImageOfPage":{"@id":"https:\/\/crochetts.com\/de\/tienda\/waschbaer-stoffpuppe\/#primaryimage"},"image":{"@id":"https:\/\/crochetts.com\/de\/tienda\/waschbaer-stoffpuppe\/#primaryimage"},"thumbnailUrl":"https:\/\/crochetts.com\/wp-content\/uploads\/2025\/11\/4076-2.jpg","datePublished":"2025-11-06T11:06:48+00:00","dateModified":"2025-11-28T07:05:09+00:00","description":"Unser Waschb\u00e4r-Stofftier ist aus extra weichem und sehr angenehm zu ber\u00fchrendem Stoff gefertigt. Mit seinem niedlichen Waschb\u00e4r-Design wird er zur unzertrennlichen Puppe Ihres Kindes und zu seinem besten Reisebegleiter.","breadcrumb":{"@id":"https:\/\/crochetts.com\/de\/tienda\/waschbaer-stoffpuppe\/#breadcrumb"},"inLanguage":"de","potentialAction":[{"@type":"ReadAction","target":["https:\/\/crochetts.com\/de\/tienda\/waschbaer-stoffpuppe\/"]}]},{"@type":"ImageObject","inLanguage":"de","@id":"https:\/\/crochetts.com\/de\/tienda\/waschbaer-stoffpuppe\/#primaryimage","url":"https:\/\/crochetts.com\/wp-content\/uploads\/2025\/11\/4076-2.jpg","contentUrl":"https:\/\/crochetts.com\/wp-content\/uploads\/2025\/11\/4076-2.jpg","width":800,"height":1202,"caption":"Tier Stoffpuppe"},{"@type":"BreadcrumbList","@id":"https:\/\/crochetts.com\/de\/tienda\/waschbaer-stoffpuppe\/#breadcrumb","itemListElement":[{"@type":"ListItem","position":1,"name":"Portada","item":"https:\/\/crochetts.com\/de\/startseite\/"},{"@type":"ListItem","position":2,"name":"Shop","item":"https:\/\/crochetts.com\/de\/shop\/"},{"@type":"ListItem","position":3,"name":"WASCHB\u00c4R STOFFPUPPE"}]},{"@type":"WebSite","@id":"https:\/\/crochetts.com\/de\/#website","url":"https:\/\/crochetts.com\/de\/","name":"Crochetts","description":"ANIMALES DE CROCHET PARA JUGAR,DECORAR Y SO\u00d1AR","publisher":{"@id":"https:\/\/crochetts.com\/de\/#organization"},"potentialAction":[{"@type":"SearchAction","target":{"@type":"EntryPoint","urlTemplate":"https:\/\/crochetts.com\/de\/?s={search_term_string}"},"query-input":{"@type":"PropertyValueSpecification","valueRequired":true,"valueName":"search_term_string"}}],"inLanguage":"de"},{"@type":"Organization","@id":"https:\/\/crochetts.com\/de\/#organization","name":"H\u00e4keln","url":"https:\/\/crochetts.com\/de\/","logo":{"@type":"ImageObject","inLanguage":"de","@id":"https:\/\/crochetts.com\/de\/#\/schema\/logo\/image\/","url":"https:\/\/i2.wp.com\/crochetts.com\/wp-content\/uploads\/2021\/01\/Logo-Crochetts.jpg?fit=300%2C137&ssl=1","contentUrl":"https:\/\/i2.wp.com\/crochetts.com\/wp-content\/uploads\/2021\/01\/Logo-Crochetts.jpg?fit=300%2C137&ssl=1","width":300,"height":137,"caption":"H\u00e4keln"},"image":{"@id":"https:\/\/crochetts.com\/de\/#\/schema\/logo\/image\/"},"sameAs":["https:\/\/www.facebook.com\/Crochetts-101964178013493","https:\/\/www.instagram.com\/crochetts_\/"]}]},"product_price_amount":"42.89","product_price_currency":"EUR","og_availability":"instock","product_availability":"instock","product_retailer_item_id":"4076","product_condition":"new"},"_links":{"self":[{"href":"https:\/\/crochetts.com\/de\/wp-json\/wp\/v2\/product\/27770","targetHints":{"allow":["GET"]}}],"collection":[{"href":"https:\/\/crochetts.com\/de\/wp-json\/wp\/v2\/product"}],"about":[{"href":"https:\/\/crochetts.com\/de\/wp-json\/wp\/v2\/types\/product"}],"wp:featuredmedia":[{"embeddable":true,"href":"https:\/\/crochetts.com\/de\/wp-json\/wp\/v2\/media\/27784"}],"wp:attachment":[{"href":"https:\/\/crochetts.com\/de\/wp-json\/wp\/v2\/media?parent=27770"}],"wp:term":[{"taxonomy":"product_brand","embeddable":true,"href":"https:\/\/crochetts.com\/de\/wp-json\/wp\/v2\/product_brand?post=27770"},{"taxonomy":"product_cat","embeddable":true,"href":"https:\/\/crochetts.com\/de\/wp-json\/wp\/v2\/product_cat?post=27770"},{"taxonomy":"product_tag","embeddable":true,"href":"https:\/\/crochetts.com\/de\/wp-json\/wp\/v2\/product_tag?post=27770"}],"curies":[{"name":"wp","href":"https:\/\/api.w.org\/{rel}","templated":true}]}}