{"id":27761,"date":"2025-11-06T12:28:35","date_gmt":"2025-11-06T11:28:35","guid":{"rendered":"https:\/\/crochetts.com\/tienda\/giraffe-stoffpuppe\/"},"modified":"2025-11-28T08:03:25","modified_gmt":"2025-11-28T07:03:25","slug":"giraffe-stoffpuppe","status":"publish","type":"product","link":"https:\/\/crochetts.com\/de\/tienda\/giraffe-stoffpuppe\/","title":{"rendered":"GIRAFFE STOFFPUPPE"},"content":{"rendered":"<div style=\"text-align: justify;\">\n<div style=\"text-align: justify;\"><\/div>\n<p>&nbsp;<\/p>\n<\/div>\n<p>&nbsp;<\/p>\n<p>&nbsp;<\/p>\n<p>&nbsp;<\/p>\n","protected":false},"excerpt":{"rendered":"<p data-start=\"187\" data-end=\"368\">Diese niedliche <strong data-start=\"201\" data-end=\"224\">Stoffgiraffe<\/strong> ist aus <strong data-start=\"251\" data-end=\"285\">ultraweichem, samtigem<\/strong> Stoff gefertigt und eignet sich perfekt, um die Kleinen in ihren Momenten der Ruhe und des Spiels zu begleiten.<\/p>\n<p data-start=\"370\" data-end=\"663\">Sein zartes und warmes Design kombiniert <strong data-start=\"410\" data-end=\"434\">Gelb- und Oranget\u00f6ne<\/strong> mit einer s\u00fc\u00dfen wei\u00dfen Schnauze und kleinen gestickten Details, die ihm einen besonderen Charme verleihen. Seine langen Beine und der <strong>dekorative Schal<\/strong> verleihen ihm einen modernen und liebenswerten Stil, ideal zum Kuscheln und zur Dekoration von Kinderzimmern.<\/p>\n<p>Ein Detail, das diese Puppe zu einem originellen und emotional einzigartigen Geschenk macht, ideal als <strong data-start=\"2026\" data-end=\"2085\">Geburts-, Geburtstags- oder Weihnachtsgeschenk!<\/strong> <\/p>\n<p>&nbsp;<\/p>\n<p>&nbsp;<\/p>\n<p>&nbsp;<\/p>\n","protected":false},"featured_media":27763,"template":"","meta":{"_acf_changed":false,"_joinchat":[]},"product_brand":[],"product_cat":[6232],"product_tag":[6235,6234,7394,6236,6237,6241,6239,6252,6372,6240,6233,6238,7393],"class_list":{"0":"post-27761","1":"product","2":"type-product","3":"status-publish","4":"has-post-thumbnail","6":"product_cat-stoffpuppen","7":"product_tag-decokids","8":"product_tag-dekoration","9":"product_tag-giraffen-teddybar-zum-verschenken","10":"product_tag-katzchen-puppe","11":"product_tag-pluschpuppe","12":"product_tag-poupee-en-tissu","13":"product_tag-puppe-tier","14":"product_tag-stoffpuppe-2","15":"product_tag-stoffpuppe-3","16":"product_tag-stoffpuppe","17":"product_tag-teddy","18":"product_tag-weiche-puppe","19":"product_tag-weiche-puppe-2","20":"entry","22":"first","23":"instock","24":"featured","25":"taxable","26":"shipping-taxable","27":"purchasable","28":"product-type-simple"},"acf":[],"yoast_head":"<!-- This site is optimized with the Yoast SEO Premium plugin v26.1 (Yoast SEO v27.3) - https:\/\/yoast.com\/product\/yoast-seo-premium-wordpress\/ -->\n<title>- GIRAFFE STOFFPUPPE -% % %<\/title>\n<meta name=\"description\" content=\"Unsere Giraffen-Stoffpuppe ist aus extra weichem und sehr angenehm anzuf\u00fchlendem Stoff gefertigt. Mit ihrem niedlichen Giraffen-Design wird sie zur unzertrennlichen Puppe Ihres Kindes und zu seinem besten Reisebegleiter.\" \/>\n<meta name=\"robots\" content=\"index, follow, max-snippet:-1, max-image-preview:large, max-video-preview:-1\" \/>\n<link rel=\"canonical\" href=\"https:\/\/crochetts.com\/de\/tienda\/giraffe-stoffpuppe\/\" \/>\n<meta property=\"og:locale\" content=\"de_DE\" \/>\n<meta property=\"og:type\" content=\"article\" \/>\n<meta property=\"og:title\" content=\"GIRAFFE STOFFPUPPE\" \/>\n<meta property=\"og:description\" content=\"Diese niedliche Stoffgiraffe ist aus ultraweichem, samtigem Stoff gefertigt und eignet sich perfekt, um die Kleinen in ihren Momenten der Ruhe und des Spiels zu begleiten. Sein zartes und warmes Design kombiniert Gelb- und Oranget\u00f6ne mit einer s\u00fc\u00dfen wei\u00dfen Schnauze und kleinen gestickten Details, die ihm einen besonderen Charme verleihen. Seine langen Beine und der dekorative Schal verleihen ihm einen modernen und liebenswerten Stil, ideal zum Kuscheln und zur Dekoration von Kinderzimmern. Ein Detail, das diese Puppe zu einem originellen und emotional einzigartigen Geschenk macht, ideal als Geburts-, Geburtstags- oder Weihnachtsgeschenk!  &nbsp; &nbsp; &nbsp;\" \/>\n<meta property=\"og:url\" content=\"https:\/\/crochetts.com\/de\/tienda\/giraffe-stoffpuppe\/\" \/>\n<meta property=\"og:site_name\" content=\"Crochetts\" \/>\n<meta property=\"article:publisher\" content=\"https:\/\/www.facebook.com\/Crochetts-101964178013493\" \/>\n<meta property=\"article:modified_time\" content=\"2025-11-28T07:03:25+00:00\" \/>\n<meta property=\"og:image\" content=\"https:\/\/crochetts.com\/wp-content\/uploads\/2025\/11\/4077-1.jpg\" \/>\n\t<meta property=\"og:image:width\" content=\"800\" \/>\n\t<meta property=\"og:image:height\" content=\"1202\" \/>\n\t<meta property=\"og:image:type\" content=\"image\/jpeg\" \/>\n<meta name=\"twitter:card\" content=\"summary_large_image\" \/>\n<meta name=\"twitter:label1\" content=\"Preis\" \/>\n\t<meta name=\"twitter:data1\" content=\"42,89&nbsp;&euro;\" \/>\n\t<meta name=\"twitter:label2\" content=\"Verf\u00fcgbarkeit\" \/>\n\t<meta name=\"twitter:data2\" content=\"Auf Lager\" \/>\n<script type=\"application\/ld+json\" class=\"yoast-schema-graph\">{\"@context\":\"https:\\\/\\\/schema.org\",\"@graph\":[{\"@type\":\"WebPage\",\"@id\":\"https:\\\/\\\/crochetts.com\\\/de\\\/tienda\\\/giraffe-stoffpuppe\\\/\",\"url\":\"https:\\\/\\\/crochetts.com\\\/de\\\/tienda\\\/giraffe-stoffpuppe\\\/\",\"name\":\"- GIRAFFE STOFFPUPPE -% % %\",\"isPartOf\":{\"@id\":\"https:\\\/\\\/crochetts.com\\\/de\\\/#website\"},\"primaryImageOfPage\":{\"@id\":\"https:\\\/\\\/crochetts.com\\\/de\\\/tienda\\\/giraffe-stoffpuppe\\\/#primaryimage\"},\"image\":{\"@id\":\"https:\\\/\\\/crochetts.com\\\/de\\\/tienda\\\/giraffe-stoffpuppe\\\/#primaryimage\"},\"thumbnailUrl\":\"https:\\\/\\\/crochetts.com\\\/wp-content\\\/uploads\\\/2025\\\/11\\\/4077-1.jpg\",\"datePublished\":\"2025-11-06T11:28:35+00:00\",\"dateModified\":\"2025-11-28T07:03:25+00:00\",\"description\":\"Unsere Giraffen-Stoffpuppe ist aus extra weichem und sehr angenehm anzuf\u00fchlendem Stoff gefertigt. Mit ihrem niedlichen Giraffen-Design wird sie zur unzertrennlichen Puppe Ihres Kindes und zu seinem besten Reisebegleiter.\",\"breadcrumb\":{\"@id\":\"https:\\\/\\\/crochetts.com\\\/de\\\/tienda\\\/giraffe-stoffpuppe\\\/#breadcrumb\"},\"inLanguage\":\"de\",\"potentialAction\":[{\"@type\":\"ReadAction\",\"target\":[\"https:\\\/\\\/crochetts.com\\\/de\\\/tienda\\\/giraffe-stoffpuppe\\\/\"]}]},{\"@type\":\"ImageObject\",\"inLanguage\":\"de\",\"@id\":\"https:\\\/\\\/crochetts.com\\\/de\\\/tienda\\\/giraffe-stoffpuppe\\\/#primaryimage\",\"url\":\"https:\\\/\\\/crochetts.com\\\/wp-content\\\/uploads\\\/2025\\\/11\\\/4077-1.jpg\",\"contentUrl\":\"https:\\\/\\\/crochetts.com\\\/wp-content\\\/uploads\\\/2025\\\/11\\\/4077-1.jpg\",\"width\":800,\"height\":1202,\"caption\":\"Giraffe Pl\u00fcschtier\"},{\"@type\":\"BreadcrumbList\",\"@id\":\"https:\\\/\\\/crochetts.com\\\/de\\\/tienda\\\/giraffe-stoffpuppe\\\/#breadcrumb\",\"itemListElement\":[{\"@type\":\"ListItem\",\"position\":1,\"name\":\"Portada\",\"item\":\"https:\\\/\\\/crochetts.com\\\/de\\\/startseite\\\/\"},{\"@type\":\"ListItem\",\"position\":2,\"name\":\"Shop\",\"item\":\"https:\\\/\\\/crochetts.com\\\/de\\\/shop\\\/\"},{\"@type\":\"ListItem\",\"position\":3,\"name\":\"GIRAFFE STOFFPUPPE\"}]},{\"@type\":\"WebSite\",\"@id\":\"https:\\\/\\\/crochetts.com\\\/de\\\/#website\",\"url\":\"https:\\\/\\\/crochetts.com\\\/de\\\/\",\"name\":\"Crochetts\",\"description\":\"ANIMALES DE CROCHET PARA JUGAR,DECORAR Y SO\u00d1AR\",\"publisher\":{\"@id\":\"https:\\\/\\\/crochetts.com\\\/de\\\/#organization\"},\"potentialAction\":[{\"@type\":\"SearchAction\",\"target\":{\"@type\":\"EntryPoint\",\"urlTemplate\":\"https:\\\/\\\/crochetts.com\\\/de\\\/?s={search_term_string}\"},\"query-input\":{\"@type\":\"PropertyValueSpecification\",\"valueRequired\":true,\"valueName\":\"search_term_string\"}}],\"inLanguage\":\"de\"},{\"@type\":\"Organization\",\"@id\":\"https:\\\/\\\/crochetts.com\\\/de\\\/#organization\",\"name\":\"H\u00e4keln\",\"url\":\"https:\\\/\\\/crochetts.com\\\/de\\\/\",\"logo\":{\"@type\":\"ImageObject\",\"inLanguage\":\"de\",\"@id\":\"https:\\\/\\\/crochetts.com\\\/de\\\/#\\\/schema\\\/logo\\\/image\\\/\",\"url\":\"https:\\\/\\\/i2.wp.com\\\/crochetts.com\\\/wp-content\\\/uploads\\\/2021\\\/01\\\/Logo-Crochetts.jpg?fit=300%2C137&ssl=1\",\"contentUrl\":\"https:\\\/\\\/i2.wp.com\\\/crochetts.com\\\/wp-content\\\/uploads\\\/2021\\\/01\\\/Logo-Crochetts.jpg?fit=300%2C137&ssl=1\",\"width\":300,\"height\":137,\"caption\":\"H\u00e4keln\"},\"image\":{\"@id\":\"https:\\\/\\\/crochetts.com\\\/de\\\/#\\\/schema\\\/logo\\\/image\\\/\"},\"sameAs\":[\"https:\\\/\\\/www.facebook.com\\\/Crochetts-101964178013493\",\"https:\\\/\\\/www.instagram.com\\\/crochetts_\\\/\"]}]}<\/script>\n<meta property=\"product:price:amount\" content=\"42.89\" \/>\n<meta property=\"product:price:currency\" content=\"EUR\" \/>\n<meta property=\"og:availability\" content=\"instock\" \/>\n<meta property=\"product:availability\" content=\"instock\" \/>\n<meta property=\"product:retailer_item_id\" content=\"4077\" \/>\n<meta property=\"product:condition\" content=\"new\" \/>\n<!-- \/ Yoast SEO Premium plugin. -->","yoast_head_json":{"title":"- GIRAFFE STOFFPUPPE -% % %","description":"Unsere Giraffen-Stoffpuppe ist aus extra weichem und sehr angenehm anzuf\u00fchlendem Stoff gefertigt. Mit ihrem niedlichen Giraffen-Design wird sie zur unzertrennlichen Puppe Ihres Kindes und zu seinem besten Reisebegleiter.","robots":{"index":"index","follow":"follow","max-snippet":"max-snippet:-1","max-image-preview":"max-image-preview:large","max-video-preview":"max-video-preview:-1"},"canonical":"https:\/\/crochetts.com\/de\/tienda\/giraffe-stoffpuppe\/","og_locale":"de_DE","og_type":"article","og_title":"GIRAFFE STOFFPUPPE","og_description":"Diese niedliche Stoffgiraffe ist aus ultraweichem, samtigem Stoff gefertigt und eignet sich perfekt, um die Kleinen in ihren Momenten der Ruhe und des Spiels zu begleiten. Sein zartes und warmes Design kombiniert Gelb- und Oranget\u00f6ne mit einer s\u00fc\u00dfen wei\u00dfen Schnauze und kleinen gestickten Details, die ihm einen besonderen Charme verleihen. Seine langen Beine und der dekorative Schal verleihen ihm einen modernen und liebenswerten Stil, ideal zum Kuscheln und zur Dekoration von Kinderzimmern. Ein Detail, das diese Puppe zu einem originellen und emotional einzigartigen Geschenk macht, ideal als Geburts-, Geburtstags- oder Weihnachtsgeschenk!  &nbsp; &nbsp; &nbsp;","og_url":"https:\/\/crochetts.com\/de\/tienda\/giraffe-stoffpuppe\/","og_site_name":"Crochetts","article_publisher":"https:\/\/www.facebook.com\/Crochetts-101964178013493","article_modified_time":"2025-11-28T07:03:25+00:00","og_image":[{"width":800,"height":1202,"url":"https:\/\/crochetts.com\/wp-content\/uploads\/2025\/11\/4077-1.jpg","type":"image\/jpeg"}],"twitter_card":"summary_large_image","twitter_misc":{"Preis":"42,89&nbsp;&euro;","Verf\u00fcgbarkeit":"Auf Lager"},"schema":{"@context":"https:\/\/schema.org","@graph":[{"@type":"WebPage","@id":"https:\/\/crochetts.com\/de\/tienda\/giraffe-stoffpuppe\/","url":"https:\/\/crochetts.com\/de\/tienda\/giraffe-stoffpuppe\/","name":"- GIRAFFE STOFFPUPPE -% % %","isPartOf":{"@id":"https:\/\/crochetts.com\/de\/#website"},"primaryImageOfPage":{"@id":"https:\/\/crochetts.com\/de\/tienda\/giraffe-stoffpuppe\/#primaryimage"},"image":{"@id":"https:\/\/crochetts.com\/de\/tienda\/giraffe-stoffpuppe\/#primaryimage"},"thumbnailUrl":"https:\/\/crochetts.com\/wp-content\/uploads\/2025\/11\/4077-1.jpg","datePublished":"2025-11-06T11:28:35+00:00","dateModified":"2025-11-28T07:03:25+00:00","description":"Unsere Giraffen-Stoffpuppe ist aus extra weichem und sehr angenehm anzuf\u00fchlendem Stoff gefertigt. Mit ihrem niedlichen Giraffen-Design wird sie zur unzertrennlichen Puppe Ihres Kindes und zu seinem besten Reisebegleiter.","breadcrumb":{"@id":"https:\/\/crochetts.com\/de\/tienda\/giraffe-stoffpuppe\/#breadcrumb"},"inLanguage":"de","potentialAction":[{"@type":"ReadAction","target":["https:\/\/crochetts.com\/de\/tienda\/giraffe-stoffpuppe\/"]}]},{"@type":"ImageObject","inLanguage":"de","@id":"https:\/\/crochetts.com\/de\/tienda\/giraffe-stoffpuppe\/#primaryimage","url":"https:\/\/crochetts.com\/wp-content\/uploads\/2025\/11\/4077-1.jpg","contentUrl":"https:\/\/crochetts.com\/wp-content\/uploads\/2025\/11\/4077-1.jpg","width":800,"height":1202,"caption":"Giraffe Pl\u00fcschtier"},{"@type":"BreadcrumbList","@id":"https:\/\/crochetts.com\/de\/tienda\/giraffe-stoffpuppe\/#breadcrumb","itemListElement":[{"@type":"ListItem","position":1,"name":"Portada","item":"https:\/\/crochetts.com\/de\/startseite\/"},{"@type":"ListItem","position":2,"name":"Shop","item":"https:\/\/crochetts.com\/de\/shop\/"},{"@type":"ListItem","position":3,"name":"GIRAFFE STOFFPUPPE"}]},{"@type":"WebSite","@id":"https:\/\/crochetts.com\/de\/#website","url":"https:\/\/crochetts.com\/de\/","name":"Crochetts","description":"ANIMALES DE CROCHET PARA JUGAR,DECORAR Y SO\u00d1AR","publisher":{"@id":"https:\/\/crochetts.com\/de\/#organization"},"potentialAction":[{"@type":"SearchAction","target":{"@type":"EntryPoint","urlTemplate":"https:\/\/crochetts.com\/de\/?s={search_term_string}"},"query-input":{"@type":"PropertyValueSpecification","valueRequired":true,"valueName":"search_term_string"}}],"inLanguage":"de"},{"@type":"Organization","@id":"https:\/\/crochetts.com\/de\/#organization","name":"H\u00e4keln","url":"https:\/\/crochetts.com\/de\/","logo":{"@type":"ImageObject","inLanguage":"de","@id":"https:\/\/crochetts.com\/de\/#\/schema\/logo\/image\/","url":"https:\/\/i2.wp.com\/crochetts.com\/wp-content\/uploads\/2021\/01\/Logo-Crochetts.jpg?fit=300%2C137&ssl=1","contentUrl":"https:\/\/i2.wp.com\/crochetts.com\/wp-content\/uploads\/2021\/01\/Logo-Crochetts.jpg?fit=300%2C137&ssl=1","width":300,"height":137,"caption":"H\u00e4keln"},"image":{"@id":"https:\/\/crochetts.com\/de\/#\/schema\/logo\/image\/"},"sameAs":["https:\/\/www.facebook.com\/Crochetts-101964178013493","https:\/\/www.instagram.com\/crochetts_\/"]}]},"product_price_amount":"42.89","product_price_currency":"EUR","og_availability":"instock","product_availability":"instock","product_retailer_item_id":"4077","product_condition":"new"},"_links":{"self":[{"href":"https:\/\/crochetts.com\/de\/wp-json\/wp\/v2\/product\/27761","targetHints":{"allow":["GET"]}}],"collection":[{"href":"https:\/\/crochetts.com\/de\/wp-json\/wp\/v2\/product"}],"about":[{"href":"https:\/\/crochetts.com\/de\/wp-json\/wp\/v2\/types\/product"}],"wp:featuredmedia":[{"embeddable":true,"href":"https:\/\/crochetts.com\/de\/wp-json\/wp\/v2\/media\/27763"}],"wp:attachment":[{"href":"https:\/\/crochetts.com\/de\/wp-json\/wp\/v2\/media?parent=27761"}],"wp:term":[{"taxonomy":"product_brand","embeddable":true,"href":"https:\/\/crochetts.com\/de\/wp-json\/wp\/v2\/product_brand?post=27761"},{"taxonomy":"product_cat","embeddable":true,"href":"https:\/\/crochetts.com\/de\/wp-json\/wp\/v2\/product_cat?post=27761"},{"taxonomy":"product_tag","embeddable":true,"href":"https:\/\/crochetts.com\/de\/wp-json\/wp\/v2\/product_tag?post=27761"}],"curies":[{"name":"wp","href":"https:\/\/api.w.org\/{rel}","templated":true}]}}