{"id":27431,"date":"2020-05-26T10:00:16","date_gmt":"2020-05-26T10:00:16","guid":{"rendered":"https:\/\/crochetts.com\/tienda\/mia-elefant-teddybaer\/"},"modified":"2026-03-10T11:47:27","modified_gmt":"2026-03-10T09:47:27","slug":"mia-elefant-teddybaer","status":"publish","type":"product","link":"https:\/\/crochetts.com\/de\/tienda\/mia-elefant-teddybaer\/","title":{"rendered":"MIA ELEFANT TEDDYB\u00c4R"},"content":{"rendered":"<div style=\"text-align: justify;\">Alle unsere <strong>Puppen <\/strong><em><strong>amigurumis<\/strong> <\/em><span style=\"background-color: transparent;\">sind ausgezeichnete Begleiter <strong>f\u00fcr Kinder<\/strong> jeden Alters. Perfekte <strong>Dekorationselemente<\/strong> in jedem <strong>Kinderzimmer<\/strong> oder ideal f\u00fcr die Verwendung in <strong>Schaufenstern<\/strong>.<\/span><\/div>\n<div style=\"text-align: justify;\">Sie werden nach den <strong>h\u00f6chsten Qualit\u00e4tsstandards <\/strong>entworfen und hergestellt <strong>, wobei <\/strong>stets nat\u00fcrliche Materialien wie Holz und 100% nat\u00fcrliche Baumwolle verwendet werden. Sie sind in <strong>zwei Gr\u00f6\u00dfen <\/strong>erh\u00e4ltlich <strong>. <\/strong>Nur die gro\u00dfen Exemplare <strong>sind mit einer Holzstruktur im Inneren ausgestattet, die bis zu 70 kg Gewicht tragen kann.<\/strong> <\/div>\n<div>\n<p data-start=\"1411\" data-end=\"1779\">Das <strong data-start=\"1414\" data-end=\"1441\">Elefanten-Stofftier <\/strong>ist nicht nur ein Spielzeug: Es ist ein St\u00fcck handgefertigtes Design, das jedes Kinderzimmer in einen Raum voller W\u00e4rme und Pers\u00f6nlichkeit verwandelt. Seine <strong data-start=\"1596\" data-end=\"1624\">handgestickten Details<\/strong> und die sorgf\u00e4ltige Verarbeitung spiegeln den nachhaltigen Geist und die Authentizit\u00e4t von Crochetts\u00ae wider, wo jedes Produkt <strong>mit Liebe, Respekt und Liebe zum Detail hergestellt wird<\/strong>. <\/p>\n<p data-start=\"1781\" data-end=\"2013\">Es enth\u00e4lt einen <strong data-start=\"1801\" data-end=\"1838\">personalisierten Willkommensbrief<\/strong>, in dem sich das Kuscheltier dem Kind vorstellt und so vom ersten Moment an eine besondere Bindung schafft. Ein Detail, das dieses Kuscheltier zu einem originellen und emotional einzigartigen Geschenk macht. <\/p>\n<p data-start=\"2015\" data-end=\"2167\">Ideal als <strong data-start=\"2026\" data-end=\"2085\">Geschenk f\u00fcr Geburtstage, Geburtstage oder Kinderdekorationen!<\/strong><\/p>\n<\/div>\n","protected":false},"excerpt":{"rendered":"<p style=\"text-align: justify;\" data-start=\"224\" data-end=\"503\">Entdecken Sie unser <strong data-start=\"241\" data-end=\"289\">geh\u00e4keltes Mia Elephant Stofftier aus 100% nat\u00fcrlicher Baumwolle<\/strong>, ein handgefertigtes Spielzeug, das ideal f\u00fcr Babys und Kleinkinder ist. Dieses bezaubernde <strong data-start=\"352\" data-end=\"388\">Stofftier aus Baumwolle<\/strong> vereint <strong>Design, Weichheit und Nachhaltigkeit<\/strong>, um die sch\u00f6nsten Momente des Spiels, der Ruhe und der Z\u00e4rtlichkeit der Kleinen zu begleiten. <\/p>\n<p style=\"text-align: left;\" data-start=\"505\" data-end=\"759\">Jeder Elefant wird sorgf\u00e4ltig aus <strong data-start=\"549\" data-end=\"585\">hochwertiger Bio-Baumwolle<\/strong> und hypoallergener F\u00fcllung hergestellt, um Komfort und Haltbarkeit zu gew\u00e4hrleisten. Der zarte R\u00fcssel und die geh\u00e4kelten Details machen dieses kuschelige Stofftier zu einem liebenswerten und robusten Begleiter. <\/p>\n<p style=\"text-align: left;\" data-start=\"761\" data-end=\"918\">Au\u00dferdem ist unser Pl\u00fcsch <strong data-start=\"788\" data-end=\"808\">pflegeleicht<\/strong> und <strong data-start=\"811\" data-end=\"861\">kann in der Maschine im Schonwaschgang in kaltem Wasser gewaschen werden<\/strong>, so dass er immer makellos und zum Kuscheln bereit ist.<\/p>\n<p style=\"text-align: left;\"><b>M\u00eda <\/b>wird mit einem <strong>Einf\u00fchrungsbrief<\/strong> f\u00fcr Ihr Kind und einem wiederverwendbaren <strong>Baumwollbeutel<\/strong> geliefert, perfekt, um ihn zu pflegen und \u00fcberall hin <strong>mitzunehmen<\/strong>, Ihr Kind wird ihn lieben! <\/p>\n","protected":false},"featured_media":27451,"template":"","meta":{"_acf_changed":false,"_joinchat":[]},"product_brand":[],"product_cat":[6187,6211,6212,6251,6186,6208],"product_tag":[6199,6201,6203,6206,6207,6210,6205,6200,6215,6202],"class_list":{"0":"post-27431","1":"product","2":"type-product","3":"status-publish","4":"has-post-thumbnail","6":"product_cat-amigurumis","7":"product_cat-mini-amigurumis","8":"product_cat-outlet","9":"product_cat-outlet-2","10":"product_cat-startseite","11":"product_cat-zoo","12":"product_tag-baumwoll-teddybar","13":"product_tag-hypoallergener-baumwoll-teddybar","14":"product_tag-kinderdekoration","15":"product_tag-kuscheliger-teddybar","16":"product_tag-original-teddybar","17":"product_tag-originelle-geschenke","18":"product_tag-teddy-dekorieren","19":"product_tag-teddybar-hakeln","20":"product_tag-teddybar-elefant","21":"product_tag-weicher-teddybar","22":"entry","24":"first","25":"instock","26":"sale","27":"taxable","28":"shipping-taxable","29":"purchasable","30":"product-type-simple"},"acf":[],"yoast_head":"<!-- This site is optimized with the Yoast SEO Premium plugin v26.1 (Yoast SEO v27.3) - https:\/\/yoast.com\/product\/yoast-seo-premium-wordpress\/ -->\n<title>Elefant Kuscheltier aus 100% hypoallergener Baumwolle - Crochetts%<\/title>\n<meta name=\"description\" content=\"Entdecken Sie das kuschelige geh\u00e4kelte Elefanten-Stofftier: 100% nat\u00fcrliche Baumwolle, hypoallergen und sehr weich im Griff. Ideal als Geschenk oder zum Dekorieren.\" \/>\n<meta name=\"robots\" content=\"index, follow, max-snippet:-1, max-image-preview:large, max-video-preview:-1\" \/>\n<link rel=\"canonical\" href=\"https:\/\/crochetts.com\/de\/tienda\/mia-elefant-teddybaer\/\" \/>\n<meta property=\"og:locale\" content=\"de_DE\" \/>\n<meta property=\"og:type\" content=\"article\" \/>\n<meta property=\"og:title\" content=\"MIA ELEFANT TEDDYB\u00c4R\" \/>\n<meta property=\"og:description\" content=\"Entdecken Sie unser geh\u00e4keltes Mia Elephant Stofftier aus 100% nat\u00fcrlicher Baumwolle, ein handgefertigtes Spielzeug, das ideal f\u00fcr Babys und Kleinkinder ist. Dieses bezaubernde Stofftier aus Baumwolle vereint Design, Weichheit und Nachhaltigkeit, um die sch\u00f6nsten Momente des Spiels, der Ruhe und der Z\u00e4rtlichkeit der Kleinen zu begleiten. Jeder Elefant wird sorgf\u00e4ltig aus hochwertiger Bio-Baumwolle und hypoallergener F\u00fcllung hergestellt, um Komfort und Haltbarkeit zu gew\u00e4hrleisten. Der zarte R\u00fcssel und die geh\u00e4kelten Details machen dieses kuschelige Stofftier zu einem liebenswerten und robusten Begleiter. Au\u00dferdem ist unser Pl\u00fcsch pflegeleicht und kann in der Maschine im Schonwaschgang in kaltem Wasser gewaschen werden, so dass er immer makellos und zum Kuscheln bereit ist. M\u00eda wird mit einem Einf\u00fchrungsbrief f\u00fcr Ihr Kind und einem wiederverwendbaren Baumwollbeutel geliefert, perfekt, um ihn zu pflegen und \u00fcberall hin mitzunehmen, Ihr Kind wird ihn lieben!\" \/>\n<meta property=\"og:url\" content=\"https:\/\/crochetts.com\/de\/tienda\/mia-elefant-teddybaer\/\" \/>\n<meta property=\"og:site_name\" content=\"Crochetts\" \/>\n<meta property=\"article:publisher\" content=\"https:\/\/www.facebook.com\/Crochetts-101964178013493\" \/>\n<meta property=\"article:modified_time\" content=\"2026-03-10T09:47:27+00:00\" \/>\n<meta property=\"og:image\" content=\"https:\/\/crochetts.com\/wp-content\/uploads\/2020\/05\/LT-M03-2.jpg\" \/>\n\t<meta property=\"og:image:width\" content=\"800\" \/>\n\t<meta property=\"og:image:height\" content=\"1198\" \/>\n\t<meta property=\"og:image:type\" content=\"image\/jpeg\" \/>\n<meta name=\"twitter:card\" content=\"summary_large_image\" \/>\n<meta name=\"twitter:label1\" content=\"Preis\" \/>\n\t<meta name=\"twitter:data1\" content=\"39,70&nbsp;&euro;\" \/>\n\t<meta name=\"twitter:label2\" content=\"Verf\u00fcgbarkeit\" \/>\n\t<meta name=\"twitter:data2\" content=\"Auf Lager\" \/>\n<script type=\"application\/ld+json\" class=\"yoast-schema-graph\">{\"@context\":\"https:\\\/\\\/schema.org\",\"@graph\":[{\"@type\":\"WebPage\",\"@id\":\"https:\\\/\\\/crochetts.com\\\/de\\\/tienda\\\/mia-elefant-teddybaer\\\/\",\"url\":\"https:\\\/\\\/crochetts.com\\\/de\\\/tienda\\\/mia-elefant-teddybaer\\\/\",\"name\":\"Elefant Kuscheltier aus 100% hypoallergener Baumwolle - Crochetts%\",\"isPartOf\":{\"@id\":\"https:\\\/\\\/crochetts.com\\\/de\\\/#website\"},\"primaryImageOfPage\":{\"@id\":\"https:\\\/\\\/crochetts.com\\\/de\\\/tienda\\\/mia-elefant-teddybaer\\\/#primaryimage\"},\"image\":{\"@id\":\"https:\\\/\\\/crochetts.com\\\/de\\\/tienda\\\/mia-elefant-teddybaer\\\/#primaryimage\"},\"thumbnailUrl\":\"https:\\\/\\\/crochetts.com\\\/wp-content\\\/uploads\\\/2020\\\/05\\\/LT-M03-2.jpg\",\"datePublished\":\"2020-05-26T10:00:16+00:00\",\"dateModified\":\"2026-03-10T09:47:27+00:00\",\"description\":\"Entdecken Sie das kuschelige geh\u00e4kelte Elefanten-Stofftier: 100% nat\u00fcrliche Baumwolle, hypoallergen und sehr weich im Griff. Ideal als Geschenk oder zum Dekorieren.\",\"breadcrumb\":{\"@id\":\"https:\\\/\\\/crochetts.com\\\/de\\\/tienda\\\/mia-elefant-teddybaer\\\/#breadcrumb\"},\"inLanguage\":\"de\",\"potentialAction\":[{\"@type\":\"ReadAction\",\"target\":[\"https:\\\/\\\/crochetts.com\\\/de\\\/tienda\\\/mia-elefant-teddybaer\\\/\"]}]},{\"@type\":\"ImageObject\",\"inLanguage\":\"de\",\"@id\":\"https:\\\/\\\/crochetts.com\\\/de\\\/tienda\\\/mia-elefant-teddybaer\\\/#primaryimage\",\"url\":\"https:\\\/\\\/crochetts.com\\\/wp-content\\\/uploads\\\/2020\\\/05\\\/LT-M03-2.jpg\",\"contentUrl\":\"https:\\\/\\\/crochetts.com\\\/wp-content\\\/uploads\\\/2020\\\/05\\\/LT-M03-2.jpg\",\"width\":800,\"height\":1198,\"caption\":\"ausgestopfter Elefant aus Baumwolle\"},{\"@type\":\"BreadcrumbList\",\"@id\":\"https:\\\/\\\/crochetts.com\\\/de\\\/tienda\\\/mia-elefant-teddybaer\\\/#breadcrumb\",\"itemListElement\":[{\"@type\":\"ListItem\",\"position\":1,\"name\":\"Portada\",\"item\":\"https:\\\/\\\/crochetts.com\\\/de\\\/startseite\\\/\"},{\"@type\":\"ListItem\",\"position\":2,\"name\":\"Shop\",\"item\":\"https:\\\/\\\/crochetts.com\\\/de\\\/shop\\\/\"},{\"@type\":\"ListItem\",\"position\":3,\"name\":\"MIA ELEFANT TEDDYB\u00c4R\"}]},{\"@type\":\"WebSite\",\"@id\":\"https:\\\/\\\/crochetts.com\\\/de\\\/#website\",\"url\":\"https:\\\/\\\/crochetts.com\\\/de\\\/\",\"name\":\"Crochetts\",\"description\":\"ANIMALES DE CROCHET PARA JUGAR,DECORAR Y SO\u00d1AR\",\"publisher\":{\"@id\":\"https:\\\/\\\/crochetts.com\\\/de\\\/#organization\"},\"potentialAction\":[{\"@type\":\"SearchAction\",\"target\":{\"@type\":\"EntryPoint\",\"urlTemplate\":\"https:\\\/\\\/crochetts.com\\\/de\\\/?s={search_term_string}\"},\"query-input\":{\"@type\":\"PropertyValueSpecification\",\"valueRequired\":true,\"valueName\":\"search_term_string\"}}],\"inLanguage\":\"de\"},{\"@type\":\"Organization\",\"@id\":\"https:\\\/\\\/crochetts.com\\\/de\\\/#organization\",\"name\":\"H\u00e4keln\",\"url\":\"https:\\\/\\\/crochetts.com\\\/de\\\/\",\"logo\":{\"@type\":\"ImageObject\",\"inLanguage\":\"de\",\"@id\":\"https:\\\/\\\/crochetts.com\\\/de\\\/#\\\/schema\\\/logo\\\/image\\\/\",\"url\":\"https:\\\/\\\/i2.wp.com\\\/crochetts.com\\\/wp-content\\\/uploads\\\/2021\\\/01\\\/Logo-Crochetts.jpg?fit=300%2C137&ssl=1\",\"contentUrl\":\"https:\\\/\\\/i2.wp.com\\\/crochetts.com\\\/wp-content\\\/uploads\\\/2021\\\/01\\\/Logo-Crochetts.jpg?fit=300%2C137&ssl=1\",\"width\":300,\"height\":137,\"caption\":\"H\u00e4keln\"},\"image\":{\"@id\":\"https:\\\/\\\/crochetts.com\\\/de\\\/#\\\/schema\\\/logo\\\/image\\\/\"},\"sameAs\":[\"https:\\\/\\\/www.facebook.com\\\/Crochetts-101964178013493\",\"https:\\\/\\\/www.instagram.com\\\/crochetts_\\\/\"]}]}<\/script>\n<meta property=\"product:price:amount\" content=\"39.70\" \/>\n<meta property=\"product:price:currency\" content=\"EUR\" \/>\n<meta property=\"og:availability\" content=\"instock\" \/>\n<meta property=\"product:availability\" content=\"instock\" \/>\n<meta property=\"product:retailer_item_id\" content=\"LT-M03\" \/>\n<meta property=\"product:condition\" content=\"new\" \/>\n<!-- \/ Yoast SEO Premium plugin. -->","yoast_head_json":{"title":"Elefant Kuscheltier aus 100% hypoallergener Baumwolle - Crochetts%","description":"Entdecken Sie das kuschelige geh\u00e4kelte Elefanten-Stofftier: 100% nat\u00fcrliche Baumwolle, hypoallergen und sehr weich im Griff. Ideal als Geschenk oder zum Dekorieren.","robots":{"index":"index","follow":"follow","max-snippet":"max-snippet:-1","max-image-preview":"max-image-preview:large","max-video-preview":"max-video-preview:-1"},"canonical":"https:\/\/crochetts.com\/de\/tienda\/mia-elefant-teddybaer\/","og_locale":"de_DE","og_type":"article","og_title":"MIA ELEFANT TEDDYB\u00c4R","og_description":"Entdecken Sie unser geh\u00e4keltes Mia Elephant Stofftier aus 100% nat\u00fcrlicher Baumwolle, ein handgefertigtes Spielzeug, das ideal f\u00fcr Babys und Kleinkinder ist. Dieses bezaubernde Stofftier aus Baumwolle vereint Design, Weichheit und Nachhaltigkeit, um die sch\u00f6nsten Momente des Spiels, der Ruhe und der Z\u00e4rtlichkeit der Kleinen zu begleiten. Jeder Elefant wird sorgf\u00e4ltig aus hochwertiger Bio-Baumwolle und hypoallergener F\u00fcllung hergestellt, um Komfort und Haltbarkeit zu gew\u00e4hrleisten. Der zarte R\u00fcssel und die geh\u00e4kelten Details machen dieses kuschelige Stofftier zu einem liebenswerten und robusten Begleiter. Au\u00dferdem ist unser Pl\u00fcsch pflegeleicht und kann in der Maschine im Schonwaschgang in kaltem Wasser gewaschen werden, so dass er immer makellos und zum Kuscheln bereit ist. M\u00eda wird mit einem Einf\u00fchrungsbrief f\u00fcr Ihr Kind und einem wiederverwendbaren Baumwollbeutel geliefert, perfekt, um ihn zu pflegen und \u00fcberall hin mitzunehmen, Ihr Kind wird ihn lieben!","og_url":"https:\/\/crochetts.com\/de\/tienda\/mia-elefant-teddybaer\/","og_site_name":"Crochetts","article_publisher":"https:\/\/www.facebook.com\/Crochetts-101964178013493","article_modified_time":"2026-03-10T09:47:27+00:00","og_image":[{"width":800,"height":1198,"url":"https:\/\/crochetts.com\/wp-content\/uploads\/2020\/05\/LT-M03-2.jpg","type":"image\/jpeg"}],"twitter_card":"summary_large_image","twitter_misc":{"Preis":"39,70&nbsp;&euro;","Verf\u00fcgbarkeit":"Auf Lager"},"schema":{"@context":"https:\/\/schema.org","@graph":[{"@type":"WebPage","@id":"https:\/\/crochetts.com\/de\/tienda\/mia-elefant-teddybaer\/","url":"https:\/\/crochetts.com\/de\/tienda\/mia-elefant-teddybaer\/","name":"Elefant Kuscheltier aus 100% hypoallergener Baumwolle - Crochetts%","isPartOf":{"@id":"https:\/\/crochetts.com\/de\/#website"},"primaryImageOfPage":{"@id":"https:\/\/crochetts.com\/de\/tienda\/mia-elefant-teddybaer\/#primaryimage"},"image":{"@id":"https:\/\/crochetts.com\/de\/tienda\/mia-elefant-teddybaer\/#primaryimage"},"thumbnailUrl":"https:\/\/crochetts.com\/wp-content\/uploads\/2020\/05\/LT-M03-2.jpg","datePublished":"2020-05-26T10:00:16+00:00","dateModified":"2026-03-10T09:47:27+00:00","description":"Entdecken Sie das kuschelige geh\u00e4kelte Elefanten-Stofftier: 100% nat\u00fcrliche Baumwolle, hypoallergen und sehr weich im Griff. Ideal als Geschenk oder zum Dekorieren.","breadcrumb":{"@id":"https:\/\/crochetts.com\/de\/tienda\/mia-elefant-teddybaer\/#breadcrumb"},"inLanguage":"de","potentialAction":[{"@type":"ReadAction","target":["https:\/\/crochetts.com\/de\/tienda\/mia-elefant-teddybaer\/"]}]},{"@type":"ImageObject","inLanguage":"de","@id":"https:\/\/crochetts.com\/de\/tienda\/mia-elefant-teddybaer\/#primaryimage","url":"https:\/\/crochetts.com\/wp-content\/uploads\/2020\/05\/LT-M03-2.jpg","contentUrl":"https:\/\/crochetts.com\/wp-content\/uploads\/2020\/05\/LT-M03-2.jpg","width":800,"height":1198,"caption":"ausgestopfter Elefant aus Baumwolle"},{"@type":"BreadcrumbList","@id":"https:\/\/crochetts.com\/de\/tienda\/mia-elefant-teddybaer\/#breadcrumb","itemListElement":[{"@type":"ListItem","position":1,"name":"Portada","item":"https:\/\/crochetts.com\/de\/startseite\/"},{"@type":"ListItem","position":2,"name":"Shop","item":"https:\/\/crochetts.com\/de\/shop\/"},{"@type":"ListItem","position":3,"name":"MIA ELEFANT TEDDYB\u00c4R"}]},{"@type":"WebSite","@id":"https:\/\/crochetts.com\/de\/#website","url":"https:\/\/crochetts.com\/de\/","name":"Crochetts","description":"ANIMALES DE CROCHET PARA JUGAR,DECORAR Y SO\u00d1AR","publisher":{"@id":"https:\/\/crochetts.com\/de\/#organization"},"potentialAction":[{"@type":"SearchAction","target":{"@type":"EntryPoint","urlTemplate":"https:\/\/crochetts.com\/de\/?s={search_term_string}"},"query-input":{"@type":"PropertyValueSpecification","valueRequired":true,"valueName":"search_term_string"}}],"inLanguage":"de"},{"@type":"Organization","@id":"https:\/\/crochetts.com\/de\/#organization","name":"H\u00e4keln","url":"https:\/\/crochetts.com\/de\/","logo":{"@type":"ImageObject","inLanguage":"de","@id":"https:\/\/crochetts.com\/de\/#\/schema\/logo\/image\/","url":"https:\/\/i2.wp.com\/crochetts.com\/wp-content\/uploads\/2021\/01\/Logo-Crochetts.jpg?fit=300%2C137&ssl=1","contentUrl":"https:\/\/i2.wp.com\/crochetts.com\/wp-content\/uploads\/2021\/01\/Logo-Crochetts.jpg?fit=300%2C137&ssl=1","width":300,"height":137,"caption":"H\u00e4keln"},"image":{"@id":"https:\/\/crochetts.com\/de\/#\/schema\/logo\/image\/"},"sameAs":["https:\/\/www.facebook.com\/Crochetts-101964178013493","https:\/\/www.instagram.com\/crochetts_\/"]}]},"product_price_amount":"39.70","product_price_currency":"EUR","og_availability":"instock","product_availability":"instock","product_retailer_item_id":"LT-M03","product_condition":"new"},"_links":{"self":[{"href":"https:\/\/crochetts.com\/de\/wp-json\/wp\/v2\/product\/27431","targetHints":{"allow":["GET"]}}],"collection":[{"href":"https:\/\/crochetts.com\/de\/wp-json\/wp\/v2\/product"}],"about":[{"href":"https:\/\/crochetts.com\/de\/wp-json\/wp\/v2\/types\/product"}],"wp:featuredmedia":[{"embeddable":true,"href":"https:\/\/crochetts.com\/de\/wp-json\/wp\/v2\/media\/27451"}],"wp:attachment":[{"href":"https:\/\/crochetts.com\/de\/wp-json\/wp\/v2\/media?parent=27431"}],"wp:term":[{"taxonomy":"product_brand","embeddable":true,"href":"https:\/\/crochetts.com\/de\/wp-json\/wp\/v2\/product_brand?post=27431"},{"taxonomy":"product_cat","embeddable":true,"href":"https:\/\/crochetts.com\/de\/wp-json\/wp\/v2\/product_cat?post=27431"},{"taxonomy":"product_tag","embeddable":true,"href":"https:\/\/crochetts.com\/de\/wp-json\/wp\/v2\/product_tag?post=27431"}],"curies":[{"name":"wp","href":"https:\/\/api.w.org\/{rel}","templated":true}]}}