{"id":27283,"date":"2020-05-26T17:27:25","date_gmt":"2020-05-26T16:27:25","guid":{"rendered":"https:\/\/crochetts.com\/tienda\/kuscheliger-sitz-fuer-den-duenenwal\/"},"modified":"2025-11-26T10:50:51","modified_gmt":"2025-11-26T09:50:51","slug":"kuscheliger-sitz-fuer-den-duenenwal","status":"publish","type":"product","link":"https:\/\/crochetts.com\/de\/tienda\/kuscheliger-sitz-fuer-den-duenenwal\/","title":{"rendered":"KUSCHELIGER SITZ F\u00dcR DEN D\u00dcNENWAL"},"content":{"rendered":"<div style=\"text-align: justify;\">Alle unsere <strong>Puppen <\/strong><em><strong>amigurumis<\/strong> <\/em><span style=\"background-color: transparent;\">sind ausgezeichnete Begleiter <strong>f\u00fcr Kinder<\/strong> jeden Alters. Perfekte <strong>Dekorationselemente<\/strong> in jedem <strong>Kinderzimmer<\/strong> oder ideal f\u00fcr die Verwendung in <strong>Schaufenstern<\/strong>.<\/span><\/div>\n<div style=\"text-align: justify;\">Sie werden nach den <strong>h\u00f6chsten Qualit\u00e4tsstandards <\/strong>entworfen und hergestellt <strong>, wobei <\/strong>stets nat\u00fcrliche Materialien wie 100% nat\u00fcrliche Baumwolle verwendet werden.<\/div>\n<p data-start=\"1411\" data-end=\"1779\">Das <strong data-start=\"1414\" data-end=\"1441\">Giant Whale Maxi Pl\u00fcschtier<\/strong> ist nicht nur ein Spielzeug: Es ist ein St\u00fcck handgefertigtes Design, das jedes Kinderzimmer in einen Raum voller W\u00e4rme und Pers\u00f6nlichkeit verwandelt. Seine <strong data-start=\"1596\" data-end=\"1624\">handgestickten Details<\/strong> und die sorgf\u00e4ltige Verarbeitung spiegeln den nachhaltigen Geist und die Authentizit\u00e4t von Crochetts\u00ae wider, wo jedes Produkt <strong>mit Liebe, Respekt und Liebe zum Detail hergestellt wird<\/strong>. <\/p>\n<p data-start=\"1781\" data-end=\"2013\">Es enth\u00e4lt einen <strong data-start=\"1801\" data-end=\"1838\">personalisierten Willkommensbrief<\/strong>, in dem sich das Duna-Kuscheltier dem Kind vorstellt und so vom ersten Moment an eine besondere Bindung schafft. Ein Detail, das dieses Kuscheltier zu einem originellen und emotional einzigartigen Geschenk macht. <\/p>\n<p data-start=\"2015\" data-end=\"2167\">Ideal als <strong data-start=\"2026\" data-end=\"2085\">Geschenk f\u00fcr Geburtstage, Geburtstage oder Kinderdekorationen!<\/strong><\/p>\n","protected":false},"excerpt":{"rendered":"<p>Entdecken Sie die Z\u00e4rtlichkeit in der gr\u00f6\u00dften Version des <strong data-start=\"678\" data-end=\"721\">Riesenwal-Pl\u00fcschs aus 100% nat\u00fcrlicher Baumwolle in Maxi-Gr\u00f6\u00dfe<\/strong>, einer <strong>einzigartigen<\/strong>, zarten und sicheren <strong>handgefertigten Kreation<\/strong> von <strong data-start=\"755\" data-end=\"769\">Crochetts\u00ae<\/strong>, die das Kinderzimmer mit Magie, Design und Nat\u00fcrlichkeit erf\u00fcllen soll.<\/p>\n<p>Seine <strong>feste, gesteppte F\u00fcllung<\/strong> bleibt bei Gebrauch formstabil und bietet <strong>Komfort und Haltbarkeit<\/strong>, ohne dass eine innere Struktur erforderlich ist. Dieser beigefarbene Wal von Crochetts eignet sich perfekt als <strong>dekoratives<\/strong> <strong>XXL-Kuscheltier<\/strong> oder <strong>Sitzerh\u00f6hung<\/strong> und bringt W\u00e4rme und Charme in jedes Kinderzimmer. <\/p>\n<p data-start=\"1781\" data-end=\"2013\">Es enth\u00e4lt einen <strong data-start=\"1801\" data-end=\"1838\">personalisierten Willkommensbrief<\/strong>, in dem sich das <b>Duna-Kuscheltier <\/b>dem Kind vorstellt und so vom ersten Moment an eine besondere Bindung schafft. Ein Detail, das dieses Kuscheltier zu einem originellen und emotional einzigartigen Geschenk macht, ideal f\u00fcr <strong data-start=\"2026\" data-end=\"2085\">Geschenke zu Geburtstagen, Geburtstagsfeiern oder Kinderdekorationen!<\/strong>  <\/p>\n","protected":false},"featured_media":27302,"template":"","meta":{"_acf_changed":false,"_joinchat":[]},"product_brand":[],"product_cat":[6187,6262,6590,6186],"product_tag":[6217,6199,6201,6203,6219,6226,6218,7161,6205,6200,6202,6222],"class_list":{"0":"post-27283","1":"product","2":"type-product","3":"status-publish","4":"has-post-thumbnail","6":"product_cat-amigurumis","7":"product_cat-amigurumis-maxi","8":"product_cat-bauernhof","9":"product_cat-startseite","10":"product_tag-baby-teddybar","11":"product_tag-baumwoll-teddybar","12":"product_tag-hypoallergener-baumwoll-teddybar","13":"product_tag-kinderdekoration","14":"product_tag-maxi-teddybar","15":"product_tag-pluschsitz","16":"product_tag-riesiges-kuscheltier","17":"product_tag-stuffed-whale","18":"product_tag-teddy-dekorieren","19":"product_tag-teddybar-hakeln","20":"product_tag-weicher-teddybar","21":"product_tag-xxl-teddybar","22":"entry","24":"first","25":"instock","26":"taxable","27":"shipping-taxable","28":"purchasable","29":"product-type-simple"},"acf":[],"yoast_head":"<!-- This site is optimized with the Yoast SEO Premium plugin v26.1 (Yoast SEO v27.3) - https:\/\/yoast.com\/product\/yoast-seo-premium-wordpress\/ -->\n<title>Hypoallergene Baumwolle Pl\u00fcsch Wal - H\u00e4keln<\/title>\n<meta name=\"description\" content=\"Entdecken Sie das riesige geh\u00e4kelte Maxi-Wal-Sitzkuscheltier: 100% nat\u00fcrliche Baumwolle, hypoallergen und sehr weich im Griff. Ideal als Geschenk oder zum Dekorieren.\" \/>\n<meta name=\"robots\" content=\"index, follow, max-snippet:-1, max-image-preview:large, max-video-preview:-1\" \/>\n<link rel=\"canonical\" href=\"https:\/\/crochetts.com\/de\/tienda\/kuscheliger-sitz-fuer-den-duenenwal\/\" \/>\n<meta property=\"og:locale\" content=\"de_DE\" \/>\n<meta property=\"og:type\" content=\"article\" \/>\n<meta property=\"og:title\" content=\"KUSCHELIGER SITZ F\u00dcR DEN D\u00dcNENWAL\" \/>\n<meta property=\"og:description\" content=\"Entdecken Sie die Z\u00e4rtlichkeit in der gr\u00f6\u00dften Version des Riesenwal-Pl\u00fcschs aus 100% nat\u00fcrlicher Baumwolle in Maxi-Gr\u00f6\u00dfe, einer einzigartigen, zarten und sicheren handgefertigten Kreation von Crochetts\u00ae, die das Kinderzimmer mit Magie, Design und Nat\u00fcrlichkeit erf\u00fcllen soll. Seine feste, gesteppte F\u00fcllung bleibt bei Gebrauch formstabil und bietet Komfort und Haltbarkeit, ohne dass eine innere Struktur erforderlich ist. Dieser beigefarbene Wal von Crochetts eignet sich perfekt als dekoratives XXL-Kuscheltier oder Sitzerh\u00f6hung und bringt W\u00e4rme und Charme in jedes Kinderzimmer. Es enth\u00e4lt einen personalisierten Willkommensbrief, in dem sich das Duna-Kuscheltier dem Kind vorstellt und so vom ersten Moment an eine besondere Bindung schafft. Ein Detail, das dieses Kuscheltier zu einem originellen und emotional einzigartigen Geschenk macht, ideal f\u00fcr Geschenke zu Geburtstagen, Geburtstagsfeiern oder Kinderdekorationen!\" \/>\n<meta property=\"og:url\" content=\"https:\/\/crochetts.com\/de\/tienda\/kuscheliger-sitz-fuer-den-duenenwal\/\" \/>\n<meta property=\"og:site_name\" content=\"Crochetts\" \/>\n<meta property=\"article:publisher\" content=\"https:\/\/www.facebook.com\/Crochetts-101964178013493\" \/>\n<meta property=\"article:modified_time\" content=\"2025-11-26T09:50:51+00:00\" \/>\n<meta property=\"og:image\" content=\"https:\/\/crochetts.com\/wp-content\/uploads\/2020\/05\/A2LD371-6.jpg\" \/>\n\t<meta property=\"og:image:width\" content=\"601\" \/>\n\t<meta property=\"og:image:height\" content=\"900\" \/>\n\t<meta property=\"og:image:type\" content=\"image\/jpeg\" \/>\n<meta name=\"twitter:card\" content=\"summary_large_image\" \/>\n<meta name=\"twitter:label1\" content=\"Preis\" \/>\n\t<meta name=\"twitter:data1\" content=\"131,99&nbsp;&euro;\" \/>\n\t<meta name=\"twitter:label2\" content=\"Verf\u00fcgbarkeit\" \/>\n\t<meta name=\"twitter:data2\" content=\"Auf Lager\" \/>\n<script type=\"application\/ld+json\" class=\"yoast-schema-graph\">{\"@context\":\"https:\\\/\\\/schema.org\",\"@graph\":[{\"@type\":\"WebPage\",\"@id\":\"https:\\\/\\\/crochetts.com\\\/de\\\/tienda\\\/kuscheliger-sitz-fuer-den-duenenwal\\\/\",\"url\":\"https:\\\/\\\/crochetts.com\\\/de\\\/tienda\\\/kuscheliger-sitz-fuer-den-duenenwal\\\/\",\"name\":\"Hypoallergene Baumwolle Pl\u00fcsch Wal - H\u00e4keln\",\"isPartOf\":{\"@id\":\"https:\\\/\\\/crochetts.com\\\/de\\\/#website\"},\"primaryImageOfPage\":{\"@id\":\"https:\\\/\\\/crochetts.com\\\/de\\\/tienda\\\/kuscheliger-sitz-fuer-den-duenenwal\\\/#primaryimage\"},\"image\":{\"@id\":\"https:\\\/\\\/crochetts.com\\\/de\\\/tienda\\\/kuscheliger-sitz-fuer-den-duenenwal\\\/#primaryimage\"},\"thumbnailUrl\":\"https:\\\/\\\/crochetts.com\\\/wp-content\\\/uploads\\\/2020\\\/05\\\/A2LD371-6.jpg\",\"datePublished\":\"2020-05-26T16:27:25+00:00\",\"dateModified\":\"2025-11-26T09:50:51+00:00\",\"description\":\"Entdecken Sie das riesige geh\u00e4kelte Maxi-Wal-Sitzkuscheltier: 100% nat\u00fcrliche Baumwolle, hypoallergen und sehr weich im Griff. Ideal als Geschenk oder zum Dekorieren.\",\"breadcrumb\":{\"@id\":\"https:\\\/\\\/crochetts.com\\\/de\\\/tienda\\\/kuscheliger-sitz-fuer-den-duenenwal\\\/#breadcrumb\"},\"inLanguage\":\"de\",\"potentialAction\":[{\"@type\":\"ReadAction\",\"target\":[\"https:\\\/\\\/crochetts.com\\\/de\\\/tienda\\\/kuscheliger-sitz-fuer-den-duenenwal\\\/\"]}]},{\"@type\":\"ImageObject\",\"inLanguage\":\"de\",\"@id\":\"https:\\\/\\\/crochetts.com\\\/de\\\/tienda\\\/kuscheliger-sitz-fuer-den-duenenwal\\\/#primaryimage\",\"url\":\"https:\\\/\\\/crochetts.com\\\/wp-content\\\/uploads\\\/2020\\\/05\\\/A2LD371-6.jpg\",\"contentUrl\":\"https:\\\/\\\/crochetts.com\\\/wp-content\\\/uploads\\\/2020\\\/05\\\/A2LD371-6.jpg\",\"width\":601,\"height\":900,\"caption\":\"riesiger ausgestopfter Wal\"},{\"@type\":\"BreadcrumbList\",\"@id\":\"https:\\\/\\\/crochetts.com\\\/de\\\/tienda\\\/kuscheliger-sitz-fuer-den-duenenwal\\\/#breadcrumb\",\"itemListElement\":[{\"@type\":\"ListItem\",\"position\":1,\"name\":\"Portada\",\"item\":\"https:\\\/\\\/crochetts.com\\\/de\\\/startseite\\\/\"},{\"@type\":\"ListItem\",\"position\":2,\"name\":\"Shop\",\"item\":\"https:\\\/\\\/crochetts.com\\\/de\\\/shop\\\/\"},{\"@type\":\"ListItem\",\"position\":3,\"name\":\"KUSCHELIGER SITZ F\u00dcR DEN D\u00dcNENWAL\"}]},{\"@type\":\"WebSite\",\"@id\":\"https:\\\/\\\/crochetts.com\\\/de\\\/#website\",\"url\":\"https:\\\/\\\/crochetts.com\\\/de\\\/\",\"name\":\"Crochetts\",\"description\":\"ANIMALES DE CROCHET PARA JUGAR,DECORAR Y SO\u00d1AR\",\"publisher\":{\"@id\":\"https:\\\/\\\/crochetts.com\\\/de\\\/#organization\"},\"potentialAction\":[{\"@type\":\"SearchAction\",\"target\":{\"@type\":\"EntryPoint\",\"urlTemplate\":\"https:\\\/\\\/crochetts.com\\\/de\\\/?s={search_term_string}\"},\"query-input\":{\"@type\":\"PropertyValueSpecification\",\"valueRequired\":true,\"valueName\":\"search_term_string\"}}],\"inLanguage\":\"de\"},{\"@type\":\"Organization\",\"@id\":\"https:\\\/\\\/crochetts.com\\\/de\\\/#organization\",\"name\":\"H\u00e4keln\",\"url\":\"https:\\\/\\\/crochetts.com\\\/de\\\/\",\"logo\":{\"@type\":\"ImageObject\",\"inLanguage\":\"de\",\"@id\":\"https:\\\/\\\/crochetts.com\\\/de\\\/#\\\/schema\\\/logo\\\/image\\\/\",\"url\":\"https:\\\/\\\/i2.wp.com\\\/crochetts.com\\\/wp-content\\\/uploads\\\/2021\\\/01\\\/Logo-Crochetts.jpg?fit=300%2C137&ssl=1\",\"contentUrl\":\"https:\\\/\\\/i2.wp.com\\\/crochetts.com\\\/wp-content\\\/uploads\\\/2021\\\/01\\\/Logo-Crochetts.jpg?fit=300%2C137&ssl=1\",\"width\":300,\"height\":137,\"caption\":\"H\u00e4keln\"},\"image\":{\"@id\":\"https:\\\/\\\/crochetts.com\\\/de\\\/#\\\/schema\\\/logo\\\/image\\\/\"},\"sameAs\":[\"https:\\\/\\\/www.facebook.com\\\/Crochetts-101964178013493\",\"https:\\\/\\\/www.instagram.com\\\/crochetts_\\\/\"]}]}<\/script>\n<meta property=\"product:price:amount\" content=\"131.99\" \/>\n<meta property=\"product:price:currency\" content=\"EUR\" \/>\n<meta property=\"og:availability\" content=\"instock\" \/>\n<meta property=\"product:availability\" content=\"instock\" \/>\n<meta property=\"product:retailer_item_id\" content=\"A2LD371\" \/>\n<meta property=\"product:condition\" content=\"new\" \/>\n<!-- \/ Yoast SEO Premium plugin. -->","yoast_head_json":{"title":"Hypoallergene Baumwolle Pl\u00fcsch Wal - H\u00e4keln","description":"Entdecken Sie das riesige geh\u00e4kelte Maxi-Wal-Sitzkuscheltier: 100% nat\u00fcrliche Baumwolle, hypoallergen und sehr weich im Griff. Ideal als Geschenk oder zum Dekorieren.","robots":{"index":"index","follow":"follow","max-snippet":"max-snippet:-1","max-image-preview":"max-image-preview:large","max-video-preview":"max-video-preview:-1"},"canonical":"https:\/\/crochetts.com\/de\/tienda\/kuscheliger-sitz-fuer-den-duenenwal\/","og_locale":"de_DE","og_type":"article","og_title":"KUSCHELIGER SITZ F\u00dcR DEN D\u00dcNENWAL","og_description":"Entdecken Sie die Z\u00e4rtlichkeit in der gr\u00f6\u00dften Version des Riesenwal-Pl\u00fcschs aus 100% nat\u00fcrlicher Baumwolle in Maxi-Gr\u00f6\u00dfe, einer einzigartigen, zarten und sicheren handgefertigten Kreation von Crochetts\u00ae, die das Kinderzimmer mit Magie, Design und Nat\u00fcrlichkeit erf\u00fcllen soll. Seine feste, gesteppte F\u00fcllung bleibt bei Gebrauch formstabil und bietet Komfort und Haltbarkeit, ohne dass eine innere Struktur erforderlich ist. Dieser beigefarbene Wal von Crochetts eignet sich perfekt als dekoratives XXL-Kuscheltier oder Sitzerh\u00f6hung und bringt W\u00e4rme und Charme in jedes Kinderzimmer. Es enth\u00e4lt einen personalisierten Willkommensbrief, in dem sich das Duna-Kuscheltier dem Kind vorstellt und so vom ersten Moment an eine besondere Bindung schafft. Ein Detail, das dieses Kuscheltier zu einem originellen und emotional einzigartigen Geschenk macht, ideal f\u00fcr Geschenke zu Geburtstagen, Geburtstagsfeiern oder Kinderdekorationen!","og_url":"https:\/\/crochetts.com\/de\/tienda\/kuscheliger-sitz-fuer-den-duenenwal\/","og_site_name":"Crochetts","article_publisher":"https:\/\/www.facebook.com\/Crochetts-101964178013493","article_modified_time":"2025-11-26T09:50:51+00:00","og_image":[{"width":601,"height":900,"url":"https:\/\/crochetts.com\/wp-content\/uploads\/2020\/05\/A2LD371-6.jpg","type":"image\/jpeg"}],"twitter_card":"summary_large_image","twitter_misc":{"Preis":"131,99&nbsp;&euro;","Verf\u00fcgbarkeit":"Auf Lager"},"schema":{"@context":"https:\/\/schema.org","@graph":[{"@type":"WebPage","@id":"https:\/\/crochetts.com\/de\/tienda\/kuscheliger-sitz-fuer-den-duenenwal\/","url":"https:\/\/crochetts.com\/de\/tienda\/kuscheliger-sitz-fuer-den-duenenwal\/","name":"Hypoallergene Baumwolle Pl\u00fcsch Wal - H\u00e4keln","isPartOf":{"@id":"https:\/\/crochetts.com\/de\/#website"},"primaryImageOfPage":{"@id":"https:\/\/crochetts.com\/de\/tienda\/kuscheliger-sitz-fuer-den-duenenwal\/#primaryimage"},"image":{"@id":"https:\/\/crochetts.com\/de\/tienda\/kuscheliger-sitz-fuer-den-duenenwal\/#primaryimage"},"thumbnailUrl":"https:\/\/crochetts.com\/wp-content\/uploads\/2020\/05\/A2LD371-6.jpg","datePublished":"2020-05-26T16:27:25+00:00","dateModified":"2025-11-26T09:50:51+00:00","description":"Entdecken Sie das riesige geh\u00e4kelte Maxi-Wal-Sitzkuscheltier: 100% nat\u00fcrliche Baumwolle, hypoallergen und sehr weich im Griff. Ideal als Geschenk oder zum Dekorieren.","breadcrumb":{"@id":"https:\/\/crochetts.com\/de\/tienda\/kuscheliger-sitz-fuer-den-duenenwal\/#breadcrumb"},"inLanguage":"de","potentialAction":[{"@type":"ReadAction","target":["https:\/\/crochetts.com\/de\/tienda\/kuscheliger-sitz-fuer-den-duenenwal\/"]}]},{"@type":"ImageObject","inLanguage":"de","@id":"https:\/\/crochetts.com\/de\/tienda\/kuscheliger-sitz-fuer-den-duenenwal\/#primaryimage","url":"https:\/\/crochetts.com\/wp-content\/uploads\/2020\/05\/A2LD371-6.jpg","contentUrl":"https:\/\/crochetts.com\/wp-content\/uploads\/2020\/05\/A2LD371-6.jpg","width":601,"height":900,"caption":"riesiger ausgestopfter Wal"},{"@type":"BreadcrumbList","@id":"https:\/\/crochetts.com\/de\/tienda\/kuscheliger-sitz-fuer-den-duenenwal\/#breadcrumb","itemListElement":[{"@type":"ListItem","position":1,"name":"Portada","item":"https:\/\/crochetts.com\/de\/startseite\/"},{"@type":"ListItem","position":2,"name":"Shop","item":"https:\/\/crochetts.com\/de\/shop\/"},{"@type":"ListItem","position":3,"name":"KUSCHELIGER SITZ F\u00dcR DEN D\u00dcNENWAL"}]},{"@type":"WebSite","@id":"https:\/\/crochetts.com\/de\/#website","url":"https:\/\/crochetts.com\/de\/","name":"Crochetts","description":"ANIMALES DE CROCHET PARA JUGAR,DECORAR Y SO\u00d1AR","publisher":{"@id":"https:\/\/crochetts.com\/de\/#organization"},"potentialAction":[{"@type":"SearchAction","target":{"@type":"EntryPoint","urlTemplate":"https:\/\/crochetts.com\/de\/?s={search_term_string}"},"query-input":{"@type":"PropertyValueSpecification","valueRequired":true,"valueName":"search_term_string"}}],"inLanguage":"de"},{"@type":"Organization","@id":"https:\/\/crochetts.com\/de\/#organization","name":"H\u00e4keln","url":"https:\/\/crochetts.com\/de\/","logo":{"@type":"ImageObject","inLanguage":"de","@id":"https:\/\/crochetts.com\/de\/#\/schema\/logo\/image\/","url":"https:\/\/i2.wp.com\/crochetts.com\/wp-content\/uploads\/2021\/01\/Logo-Crochetts.jpg?fit=300%2C137&ssl=1","contentUrl":"https:\/\/i2.wp.com\/crochetts.com\/wp-content\/uploads\/2021\/01\/Logo-Crochetts.jpg?fit=300%2C137&ssl=1","width":300,"height":137,"caption":"H\u00e4keln"},"image":{"@id":"https:\/\/crochetts.com\/de\/#\/schema\/logo\/image\/"},"sameAs":["https:\/\/www.facebook.com\/Crochetts-101964178013493","https:\/\/www.instagram.com\/crochetts_\/"]}]},"product_price_amount":"131.99","product_price_currency":"EUR","og_availability":"instock","product_availability":"instock","product_retailer_item_id":"A2LD371","product_condition":"new"},"_links":{"self":[{"href":"https:\/\/crochetts.com\/de\/wp-json\/wp\/v2\/product\/27283","targetHints":{"allow":["GET"]}}],"collection":[{"href":"https:\/\/crochetts.com\/de\/wp-json\/wp\/v2\/product"}],"about":[{"href":"https:\/\/crochetts.com\/de\/wp-json\/wp\/v2\/types\/product"}],"wp:featuredmedia":[{"embeddable":true,"href":"https:\/\/crochetts.com\/de\/wp-json\/wp\/v2\/media\/27302"}],"wp:attachment":[{"href":"https:\/\/crochetts.com\/de\/wp-json\/wp\/v2\/media?parent=27283"}],"wp:term":[{"taxonomy":"product_brand","embeddable":true,"href":"https:\/\/crochetts.com\/de\/wp-json\/wp\/v2\/product_brand?post=27283"},{"taxonomy":"product_cat","embeddable":true,"href":"https:\/\/crochetts.com\/de\/wp-json\/wp\/v2\/product_cat?post=27283"},{"taxonomy":"product_tag","embeddable":true,"href":"https:\/\/crochetts.com\/de\/wp-json\/wp\/v2\/product_tag?post=27283"}],"curies":[{"name":"wp","href":"https:\/\/api.w.org\/{rel}","templated":true}]}}