{"id":27251,"date":"2020-05-26T16:44:23","date_gmt":"2020-05-26T15:44:23","guid":{"rendered":"https:\/\/crochetts.com\/tienda\/pluesch-elefant-sitz-mandy\/"},"modified":"2025-11-26T10:50:38","modified_gmt":"2025-11-26T09:50:38","slug":"pluesch-elefant-sitz-mandy","status":"publish","type":"product","link":"https:\/\/crochetts.com\/de\/tienda\/pluesch-elefant-sitz-mandy\/","title":{"rendered":"PL\u00dcSCH ELEFANT SITZ MANDY"},"content":{"rendered":"<div style=\"text-align: justify;\">Alle unsere <strong>Puppen <\/strong><em><strong>amigurumis<\/strong> <\/em><span style=\"background-color: transparent;\">sind ausgezeichnete Begleiter <strong>f\u00fcr Kinder<\/strong> jeden Alters. Perfekte <strong>Dekorationselemente<\/strong> in jedem <strong>Kinderzimmer<\/strong> oder ideal f\u00fcr die Verwendung in <strong>Schaufenstern<\/strong>.<\/span><\/div>\n<div style=\"text-align: justify;\">Sie werden nach den <strong>h\u00f6chsten Qualit\u00e4tsstandards <\/strong>entworfen und hergestellt <strong>, wobei <\/strong>stets nat\u00fcrliche Materialien wie Holz und 100% nat\u00fcrliche Baumwolle verwendet werden. Sie sind in <strong>zwei Gr\u00f6\u00dfen <\/strong>erh\u00e4ltlich <strong>. <\/strong>Nur die gro\u00dfen Exemplare <strong>sind mit einer Holzstruktur im Inneren ausgestattet, die bis zu 70 kg Gewicht tragen kann.<\/strong> <\/div>\n<div>\n<p data-start=\"1411\" data-end=\"1779\">Das <strong data-start=\"1414\" data-end=\"1441\">Giant Elephant Maxi Pl\u00fcschtier<\/strong> ist nicht nur ein Spielzeug: Es ist ein St\u00fcck handgefertigtes Design, das jedes Kinderzimmer in einen Raum voller W\u00e4rme und Pers\u00f6nlichkeit verwandelt. Seine <strong data-start=\"1596\" data-end=\"1624\">handgestickten Details<\/strong> und die sorgf\u00e4ltige Verarbeitung spiegeln den nachhaltigen Geist und die Authentizit\u00e4t von Crochetts\u00ae wider, wo jedes Produkt <strong>mit Liebe, Respekt und Liebe zum Detail hergestellt wird<\/strong>. <\/p>\n<p data-start=\"1781\" data-end=\"2013\">Es enth\u00e4lt einen <strong data-start=\"1801\" data-end=\"1838\">personalisierten Willkommensbrief<\/strong>, in dem sich das Kuscheltier dem Kind vorstellt und so vom ersten Moment an eine besondere Bindung schafft. Ein Detail, das dieses Kuscheltier zu einem originellen und emotional einzigartigen Geschenk macht. <\/p>\n<p data-start=\"2015\" data-end=\"2167\">Ideal als <strong data-start=\"2026\" data-end=\"2085\">Geschenk f\u00fcr Geburtstage, Geburtstage oder Kinderdekorationen!<\/strong><\/p>\n<\/div>\n","protected":false},"excerpt":{"rendered":"<p>F\u00fcllen Sie das Kinderzimmer mit S\u00fc\u00dfe und Z\u00e4rtlichkeit mit dem <strong>Giant Pink Elephant Soft Toy aus 100% Baumwolle<\/strong> von <strong>Crochetts<\/strong>, einem handgefertigten St\u00fcck, das <strong>Design, Weichheit und Nachhaltigkeit<\/strong> vereint. Dieser charmante Elefant ist der perfekte Begleiter zum <strong>Dekorieren, Spielen und Begleiten der sch\u00f6nsten Momente<\/strong> der Kleinen. <\/p>\n<p>Seine <strong>weiche und angenehme Textur<\/strong> l\u00e4dt dazu ein, ihn zu umarmen und verwandelt jede Ecke in einen warmen und gem\u00fctlichen Raum.<\/p>\n<p>Er wurde f\u00fcr sicheres Spielen entwickelt und verf\u00fcgt \u00fcber eine <strong>innere Struktur aus nat\u00fcrlichem Kiefernholz<\/strong> f\u00fcr St\u00e4rke und Stabilit\u00e4t, die <strong>ein Gewicht von bis zu 70 kg tragen<\/strong> kann. Die <strong>rutschfesten Sohlen<\/strong> an der Basis der Beine sorgen f\u00fcr mehr Stabilit\u00e4t und Schutz vor dem Boden, selbst bei aktivem Spielen. <\/p>\n<p>Jedes <strong>Crochetts Elefanten-Stofftier<\/strong> enth\u00e4lt einen <strong>personalisierten Willkommensbrief<\/strong>, in dem sich der Elefant dem Kind vorstellt und die \u00dcbergabe zu einem <strong>magischen und emotionalen Erlebnis<\/strong> macht. Ein besonderes Detail, das es zu einem <strong>originellen und pers\u00f6nlichen Geschenk<\/strong> f\u00fcr jeden Anlass macht. <\/p>\n<p>&nbsp;<\/p>\n","protected":false},"featured_media":27260,"template":"","meta":{"_acf_changed":false,"_joinchat":[]},"product_brand":[],"product_cat":[6187,6262,6186,6208],"product_tag":[6217,6199,6680,6201,7159,6219,6218,6681,6205,6200,6215,6202,6222],"class_list":{"0":"post-27251","1":"product","2":"type-product","3":"status-publish","4":"has-post-thumbnail","6":"product_cat-amigurumis","7":"product_cat-amigurumis-maxi","8":"product_cat-startseite","9":"product_cat-zoo","10":"product_tag-baby-teddybar","11":"product_tag-baumwoll-teddybar","12":"product_tag-geante-teddybar","13":"product_tag-hypoallergener-baumwoll-teddybar","14":"product_tag-kinderdekoration-3","15":"product_tag-maxi-teddybar","16":"product_tag-riesiges-kuscheltier","17":"product_tag-riesiges-stofftier","18":"product_tag-teddy-dekorieren","19":"product_tag-teddybar-hakeln","20":"product_tag-teddybar-elefant","21":"product_tag-weicher-teddybar","22":"product_tag-xxl-teddybar","23":"entry","25":"first","26":"instock","27":"taxable","28":"shipping-taxable","29":"purchasable","30":"product-type-simple"},"acf":[],"yoast_head":"<!-- This site is optimized with the Yoast SEO Premium plugin v26.1 (Yoast SEO v27.3) - https:\/\/yoast.com\/product\/yoast-seo-premium-wordpress\/ -->\n<title>Pl\u00fcsch-Elefanten-Sitz aus hypoallergener Baumwolle%% -% Crochetts%% Crochetts% Crochetts%%<\/title>\n<meta name=\"description\" content=\"Entdecken Sie das riesige geh\u00e4kelte Elefanten-Maxi-Sitz-Stofftier: 100% nat\u00fcrliche Baumwolle, hypoallergen und sehr weich im Griff. Ideal als Geschenk oder zum Dekorieren.\" \/>\n<meta name=\"robots\" content=\"index, follow, max-snippet:-1, max-image-preview:large, max-video-preview:-1\" \/>\n<link rel=\"canonical\" href=\"https:\/\/crochetts.com\/de\/tienda\/pluesch-elefant-sitz-mandy\/\" \/>\n<meta property=\"og:locale\" content=\"de_DE\" \/>\n<meta property=\"og:type\" content=\"article\" \/>\n<meta property=\"og:title\" content=\"PL\u00dcSCH ELEFANT SITZ MANDY\" \/>\n<meta property=\"og:description\" content=\"F\u00fcllen Sie das Kinderzimmer mit S\u00fc\u00dfe und Z\u00e4rtlichkeit mit dem Giant Pink Elephant Soft Toy aus 100% Baumwolle von Crochetts, einem handgefertigten St\u00fcck, das Design, Weichheit und Nachhaltigkeit vereint. Dieser charmante Elefant ist der perfekte Begleiter zum Dekorieren, Spielen und Begleiten der sch\u00f6nsten Momente der Kleinen.  Seine weiche und angenehme Textur l\u00e4dt dazu ein, ihn zu umarmen und verwandelt jede Ecke in einen warmen und gem\u00fctlichen Raum. Er wurde f\u00fcr sicheres Spielen entwickelt und verf\u00fcgt \u00fcber eine innere Struktur aus nat\u00fcrlichem Kiefernholz f\u00fcr St\u00e4rke und Stabilit\u00e4t, die ein Gewicht von bis zu 70 kg tragen kann. Die rutschfesten Sohlen an der Basis der Beine sorgen f\u00fcr mehr Stabilit\u00e4t und Schutz vor dem Boden, selbst bei aktivem Spielen.  Jedes Crochetts Elefanten-Stofftier enth\u00e4lt einen personalisierten Willkommensbrief, in dem sich der Elefant dem Kind vorstellt und die \u00dcbergabe zu einem magischen und emotionalen Erlebnis macht. Ein besonderes Detail, das es zu einem originellen und pers\u00f6nlichen Geschenk f\u00fcr jeden Anlass macht.  &nbsp;\" \/>\n<meta property=\"og:url\" content=\"https:\/\/crochetts.com\/de\/tienda\/pluesch-elefant-sitz-mandy\/\" \/>\n<meta property=\"og:site_name\" content=\"Crochetts\" \/>\n<meta property=\"article:publisher\" content=\"https:\/\/www.facebook.com\/Crochetts-101964178013493\" \/>\n<meta property=\"article:modified_time\" content=\"2025-11-26T09:50:38+00:00\" \/>\n<meta property=\"og:image\" content=\"https:\/\/crochetts.com\/wp-content\/uploads\/2020\/05\/LT-R02-2.jpg\" \/>\n\t<meta property=\"og:image:width\" content=\"801\" \/>\n\t<meta property=\"og:image:height\" content=\"1200\" \/>\n\t<meta property=\"og:image:type\" content=\"image\/jpeg\" \/>\n<meta name=\"twitter:card\" content=\"summary_large_image\" \/>\n<meta name=\"twitter:label1\" content=\"Preis\" \/>\n\t<meta name=\"twitter:data1\" content=\"279,98&nbsp;&euro;\" \/>\n\t<meta name=\"twitter:label2\" content=\"Verf\u00fcgbarkeit\" \/>\n\t<meta name=\"twitter:data2\" content=\"Auf Lager\" \/>\n<script type=\"application\/ld+json\" class=\"yoast-schema-graph\">{\"@context\":\"https:\\\/\\\/schema.org\",\"@graph\":[{\"@type\":\"WebPage\",\"@id\":\"https:\\\/\\\/crochetts.com\\\/de\\\/tienda\\\/pluesch-elefant-sitz-mandy\\\/\",\"url\":\"https:\\\/\\\/crochetts.com\\\/de\\\/tienda\\\/pluesch-elefant-sitz-mandy\\\/\",\"name\":\"Pl\u00fcsch-Elefanten-Sitz aus hypoallergener Baumwolle%% -% Crochetts%% Crochetts% Crochetts%%\",\"isPartOf\":{\"@id\":\"https:\\\/\\\/crochetts.com\\\/de\\\/#website\"},\"primaryImageOfPage\":{\"@id\":\"https:\\\/\\\/crochetts.com\\\/de\\\/tienda\\\/pluesch-elefant-sitz-mandy\\\/#primaryimage\"},\"image\":{\"@id\":\"https:\\\/\\\/crochetts.com\\\/de\\\/tienda\\\/pluesch-elefant-sitz-mandy\\\/#primaryimage\"},\"thumbnailUrl\":\"https:\\\/\\\/crochetts.com\\\/wp-content\\\/uploads\\\/2020\\\/05\\\/LT-R02-2.jpg\",\"datePublished\":\"2020-05-26T15:44:23+00:00\",\"dateModified\":\"2025-11-26T09:50:38+00:00\",\"description\":\"Entdecken Sie das riesige geh\u00e4kelte Elefanten-Maxi-Sitz-Stofftier: 100% nat\u00fcrliche Baumwolle, hypoallergen und sehr weich im Griff. Ideal als Geschenk oder zum Dekorieren.\",\"breadcrumb\":{\"@id\":\"https:\\\/\\\/crochetts.com\\\/de\\\/tienda\\\/pluesch-elefant-sitz-mandy\\\/#breadcrumb\"},\"inLanguage\":\"de\",\"potentialAction\":[{\"@type\":\"ReadAction\",\"target\":[\"https:\\\/\\\/crochetts.com\\\/de\\\/tienda\\\/pluesch-elefant-sitz-mandy\\\/\"]}]},{\"@type\":\"ImageObject\",\"inLanguage\":\"de\",\"@id\":\"https:\\\/\\\/crochetts.com\\\/de\\\/tienda\\\/pluesch-elefant-sitz-mandy\\\/#primaryimage\",\"url\":\"https:\\\/\\\/crochetts.com\\\/wp-content\\\/uploads\\\/2020\\\/05\\\/LT-R02-2.jpg\",\"contentUrl\":\"https:\\\/\\\/crochetts.com\\\/wp-content\\\/uploads\\\/2020\\\/05\\\/LT-R02-2.jpg\",\"width\":801,\"height\":1200,\"caption\":\"peluche gigante elefante\"},{\"@type\":\"BreadcrumbList\",\"@id\":\"https:\\\/\\\/crochetts.com\\\/de\\\/tienda\\\/pluesch-elefant-sitz-mandy\\\/#breadcrumb\",\"itemListElement\":[{\"@type\":\"ListItem\",\"position\":1,\"name\":\"Portada\",\"item\":\"https:\\\/\\\/crochetts.com\\\/de\\\/startseite\\\/\"},{\"@type\":\"ListItem\",\"position\":2,\"name\":\"Shop\",\"item\":\"https:\\\/\\\/crochetts.com\\\/de\\\/shop\\\/\"},{\"@type\":\"ListItem\",\"position\":3,\"name\":\"PL\u00dcSCH ELEFANT SITZ MANDY\"}]},{\"@type\":\"WebSite\",\"@id\":\"https:\\\/\\\/crochetts.com\\\/de\\\/#website\",\"url\":\"https:\\\/\\\/crochetts.com\\\/de\\\/\",\"name\":\"Crochetts\",\"description\":\"ANIMALES DE CROCHET PARA JUGAR,DECORAR Y SO\u00d1AR\",\"publisher\":{\"@id\":\"https:\\\/\\\/crochetts.com\\\/de\\\/#organization\"},\"potentialAction\":[{\"@type\":\"SearchAction\",\"target\":{\"@type\":\"EntryPoint\",\"urlTemplate\":\"https:\\\/\\\/crochetts.com\\\/de\\\/?s={search_term_string}\"},\"query-input\":{\"@type\":\"PropertyValueSpecification\",\"valueRequired\":true,\"valueName\":\"search_term_string\"}}],\"inLanguage\":\"de\"},{\"@type\":\"Organization\",\"@id\":\"https:\\\/\\\/crochetts.com\\\/de\\\/#organization\",\"name\":\"H\u00e4keln\",\"url\":\"https:\\\/\\\/crochetts.com\\\/de\\\/\",\"logo\":{\"@type\":\"ImageObject\",\"inLanguage\":\"de\",\"@id\":\"https:\\\/\\\/crochetts.com\\\/de\\\/#\\\/schema\\\/logo\\\/image\\\/\",\"url\":\"https:\\\/\\\/i2.wp.com\\\/crochetts.com\\\/wp-content\\\/uploads\\\/2021\\\/01\\\/Logo-Crochetts.jpg?fit=300%2C137&ssl=1\",\"contentUrl\":\"https:\\\/\\\/i2.wp.com\\\/crochetts.com\\\/wp-content\\\/uploads\\\/2021\\\/01\\\/Logo-Crochetts.jpg?fit=300%2C137&ssl=1\",\"width\":300,\"height\":137,\"caption\":\"H\u00e4keln\"},\"image\":{\"@id\":\"https:\\\/\\\/crochetts.com\\\/de\\\/#\\\/schema\\\/logo\\\/image\\\/\"},\"sameAs\":[\"https:\\\/\\\/www.facebook.com\\\/Crochetts-101964178013493\",\"https:\\\/\\\/www.instagram.com\\\/crochetts_\\\/\"]}]}<\/script>\n<meta property=\"product:price:amount\" content=\"279.98\" \/>\n<meta property=\"product:price:currency\" content=\"EUR\" \/>\n<meta property=\"og:availability\" content=\"instock\" \/>\n<meta property=\"product:availability\" content=\"instock\" \/>\n<meta property=\"product:retailer_item_id\" content=\"LT-R02\" \/>\n<meta property=\"product:condition\" content=\"new\" \/>\n<!-- \/ Yoast SEO Premium plugin. -->","yoast_head_json":{"title":"Pl\u00fcsch-Elefanten-Sitz aus hypoallergener Baumwolle%% -% Crochetts%% Crochetts% Crochetts%%","description":"Entdecken Sie das riesige geh\u00e4kelte Elefanten-Maxi-Sitz-Stofftier: 100% nat\u00fcrliche Baumwolle, hypoallergen und sehr weich im Griff. Ideal als Geschenk oder zum Dekorieren.","robots":{"index":"index","follow":"follow","max-snippet":"max-snippet:-1","max-image-preview":"max-image-preview:large","max-video-preview":"max-video-preview:-1"},"canonical":"https:\/\/crochetts.com\/de\/tienda\/pluesch-elefant-sitz-mandy\/","og_locale":"de_DE","og_type":"article","og_title":"PL\u00dcSCH ELEFANT SITZ MANDY","og_description":"F\u00fcllen Sie das Kinderzimmer mit S\u00fc\u00dfe und Z\u00e4rtlichkeit mit dem Giant Pink Elephant Soft Toy aus 100% Baumwolle von Crochetts, einem handgefertigten St\u00fcck, das Design, Weichheit und Nachhaltigkeit vereint. Dieser charmante Elefant ist der perfekte Begleiter zum Dekorieren, Spielen und Begleiten der sch\u00f6nsten Momente der Kleinen.  Seine weiche und angenehme Textur l\u00e4dt dazu ein, ihn zu umarmen und verwandelt jede Ecke in einen warmen und gem\u00fctlichen Raum. Er wurde f\u00fcr sicheres Spielen entwickelt und verf\u00fcgt \u00fcber eine innere Struktur aus nat\u00fcrlichem Kiefernholz f\u00fcr St\u00e4rke und Stabilit\u00e4t, die ein Gewicht von bis zu 70 kg tragen kann. Die rutschfesten Sohlen an der Basis der Beine sorgen f\u00fcr mehr Stabilit\u00e4t und Schutz vor dem Boden, selbst bei aktivem Spielen.  Jedes Crochetts Elefanten-Stofftier enth\u00e4lt einen personalisierten Willkommensbrief, in dem sich der Elefant dem Kind vorstellt und die \u00dcbergabe zu einem magischen und emotionalen Erlebnis macht. Ein besonderes Detail, das es zu einem originellen und pers\u00f6nlichen Geschenk f\u00fcr jeden Anlass macht.  &nbsp;","og_url":"https:\/\/crochetts.com\/de\/tienda\/pluesch-elefant-sitz-mandy\/","og_site_name":"Crochetts","article_publisher":"https:\/\/www.facebook.com\/Crochetts-101964178013493","article_modified_time":"2025-11-26T09:50:38+00:00","og_image":[{"width":801,"height":1200,"url":"https:\/\/crochetts.com\/wp-content\/uploads\/2020\/05\/LT-R02-2.jpg","type":"image\/jpeg"}],"twitter_card":"summary_large_image","twitter_misc":{"Preis":"279,98&nbsp;&euro;","Verf\u00fcgbarkeit":"Auf Lager"},"schema":{"@context":"https:\/\/schema.org","@graph":[{"@type":"WebPage","@id":"https:\/\/crochetts.com\/de\/tienda\/pluesch-elefant-sitz-mandy\/","url":"https:\/\/crochetts.com\/de\/tienda\/pluesch-elefant-sitz-mandy\/","name":"Pl\u00fcsch-Elefanten-Sitz aus hypoallergener Baumwolle%% -% Crochetts%% Crochetts% Crochetts%%","isPartOf":{"@id":"https:\/\/crochetts.com\/de\/#website"},"primaryImageOfPage":{"@id":"https:\/\/crochetts.com\/de\/tienda\/pluesch-elefant-sitz-mandy\/#primaryimage"},"image":{"@id":"https:\/\/crochetts.com\/de\/tienda\/pluesch-elefant-sitz-mandy\/#primaryimage"},"thumbnailUrl":"https:\/\/crochetts.com\/wp-content\/uploads\/2020\/05\/LT-R02-2.jpg","datePublished":"2020-05-26T15:44:23+00:00","dateModified":"2025-11-26T09:50:38+00:00","description":"Entdecken Sie das riesige geh\u00e4kelte Elefanten-Maxi-Sitz-Stofftier: 100% nat\u00fcrliche Baumwolle, hypoallergen und sehr weich im Griff. Ideal als Geschenk oder zum Dekorieren.","breadcrumb":{"@id":"https:\/\/crochetts.com\/de\/tienda\/pluesch-elefant-sitz-mandy\/#breadcrumb"},"inLanguage":"de","potentialAction":[{"@type":"ReadAction","target":["https:\/\/crochetts.com\/de\/tienda\/pluesch-elefant-sitz-mandy\/"]}]},{"@type":"ImageObject","inLanguage":"de","@id":"https:\/\/crochetts.com\/de\/tienda\/pluesch-elefant-sitz-mandy\/#primaryimage","url":"https:\/\/crochetts.com\/wp-content\/uploads\/2020\/05\/LT-R02-2.jpg","contentUrl":"https:\/\/crochetts.com\/wp-content\/uploads\/2020\/05\/LT-R02-2.jpg","width":801,"height":1200,"caption":"peluche gigante elefante"},{"@type":"BreadcrumbList","@id":"https:\/\/crochetts.com\/de\/tienda\/pluesch-elefant-sitz-mandy\/#breadcrumb","itemListElement":[{"@type":"ListItem","position":1,"name":"Portada","item":"https:\/\/crochetts.com\/de\/startseite\/"},{"@type":"ListItem","position":2,"name":"Shop","item":"https:\/\/crochetts.com\/de\/shop\/"},{"@type":"ListItem","position":3,"name":"PL\u00dcSCH ELEFANT SITZ MANDY"}]},{"@type":"WebSite","@id":"https:\/\/crochetts.com\/de\/#website","url":"https:\/\/crochetts.com\/de\/","name":"Crochetts","description":"ANIMALES DE CROCHET PARA JUGAR,DECORAR Y SO\u00d1AR","publisher":{"@id":"https:\/\/crochetts.com\/de\/#organization"},"potentialAction":[{"@type":"SearchAction","target":{"@type":"EntryPoint","urlTemplate":"https:\/\/crochetts.com\/de\/?s={search_term_string}"},"query-input":{"@type":"PropertyValueSpecification","valueRequired":true,"valueName":"search_term_string"}}],"inLanguage":"de"},{"@type":"Organization","@id":"https:\/\/crochetts.com\/de\/#organization","name":"H\u00e4keln","url":"https:\/\/crochetts.com\/de\/","logo":{"@type":"ImageObject","inLanguage":"de","@id":"https:\/\/crochetts.com\/de\/#\/schema\/logo\/image\/","url":"https:\/\/i2.wp.com\/crochetts.com\/wp-content\/uploads\/2021\/01\/Logo-Crochetts.jpg?fit=300%2C137&ssl=1","contentUrl":"https:\/\/i2.wp.com\/crochetts.com\/wp-content\/uploads\/2021\/01\/Logo-Crochetts.jpg?fit=300%2C137&ssl=1","width":300,"height":137,"caption":"H\u00e4keln"},"image":{"@id":"https:\/\/crochetts.com\/de\/#\/schema\/logo\/image\/"},"sameAs":["https:\/\/www.facebook.com\/Crochetts-101964178013493","https:\/\/www.instagram.com\/crochetts_\/"]}]},"product_price_amount":"279.98","product_price_currency":"EUR","og_availability":"instock","product_availability":"instock","product_retailer_item_id":"LT-R02","product_condition":"new"},"_links":{"self":[{"href":"https:\/\/crochetts.com\/de\/wp-json\/wp\/v2\/product\/27251","targetHints":{"allow":["GET"]}}],"collection":[{"href":"https:\/\/crochetts.com\/de\/wp-json\/wp\/v2\/product"}],"about":[{"href":"https:\/\/crochetts.com\/de\/wp-json\/wp\/v2\/types\/product"}],"wp:featuredmedia":[{"embeddable":true,"href":"https:\/\/crochetts.com\/de\/wp-json\/wp\/v2\/media\/27260"}],"wp:attachment":[{"href":"https:\/\/crochetts.com\/de\/wp-json\/wp\/v2\/media?parent=27251"}],"wp:term":[{"taxonomy":"product_brand","embeddable":true,"href":"https:\/\/crochetts.com\/de\/wp-json\/wp\/v2\/product_brand?post=27251"},{"taxonomy":"product_cat","embeddable":true,"href":"https:\/\/crochetts.com\/de\/wp-json\/wp\/v2\/product_cat?post=27251"},{"taxonomy":"product_tag","embeddable":true,"href":"https:\/\/crochetts.com\/de\/wp-json\/wp\/v2\/product_tag?post=27251"}],"curies":[{"name":"wp","href":"https:\/\/api.w.org\/{rel}","templated":true}]}}