{"id":27120,"date":"2020-08-19T15:51:50","date_gmt":"2020-08-19T14:51:50","guid":{"rendered":"https:\/\/crochetts.com\/tienda\/einhorn-seele-teddybaer\/"},"modified":"2025-11-26T10:45:33","modified_gmt":"2025-11-26T09:45:33","slug":"einhorn-seele-teddybaer","status":"publish","type":"product","link":"https:\/\/crochetts.com\/de\/tienda\/einhorn-seele-teddybaer\/","title":{"rendered":"EINHORN SEELE TEDDYB\u00c4R"},"content":{"rendered":"<div style=\"text-align: justify;\">Alle unsere <strong>Puppen <\/strong><em><strong>amigurumis<\/strong> <\/em><span style=\"background-color: transparent;\">sind ausgezeichnete Begleiter <strong>f\u00fcr Kinder<\/strong> jeden Alters. Perfekte <strong>Dekorationselemente<\/strong> in jedem <strong>Kinderzimmer<\/strong> oder ideal f\u00fcr die Verwendung in <strong>Schaufenstern<\/strong>.<\/span><\/div>\n<div style=\"text-align: justify;\">Sie werden nach den <strong>h\u00f6chsten Qualit\u00e4tsstandards <\/strong>entworfen und hergestellt <strong>, wobei <\/strong>stets nat\u00fcrliche Materialien wie Holz und 100% nat\u00fcrliche Baumwolle verwendet werden. Sie sind in <strong>zwei Gr\u00f6\u00dfen <\/strong>erh\u00e4ltlich <strong>. <\/strong>Nur die gro\u00dfen Exemplare <strong>sind mit einer Holzstruktur im Inneren ausgestattet, die bis zu 70 kg Gewicht tragen kann.<\/strong> <\/div>\n<div>\n<p data-start=\"1411\" data-end=\"1779\">Das <strong data-start=\"1414\" data-end=\"1441\">Einhorn Pl\u00fcsch <\/strong>ist nicht nur ein Spielzeug: Es ist ein St\u00fcck handgefertigtes Design, das jedes Kinderzimmer in einen Raum voller W\u00e4rme und Pers\u00f6nlichkeit verwandelt. Seine <strong data-start=\"1596\" data-end=\"1624\">handgestickten Details<\/strong> und die sorgf\u00e4ltige Verarbeitung spiegeln den nachhaltigen Geist und die Authentizit\u00e4t von Crochetts\u00ae wider, wo jedes Produkt <strong>mit Liebe, Respekt und Liebe zum Detail hergestellt wird<\/strong>. <\/p>\n<p data-start=\"1781\" data-end=\"2013\">Es enth\u00e4lt einen <strong data-start=\"1801\" data-end=\"1838\">personalisierten Willkommensbrief<\/strong>, in dem sich das Kuscheltier dem Kind vorstellt und so vom ersten Moment an eine besondere Bindung schafft. Ein Detail, das dieses Kuscheltier zu einem originellen und emotional einzigartigen Geschenk macht. <\/p>\n<p data-start=\"2015\" data-end=\"2167\">Ideal als <strong data-start=\"2026\" data-end=\"2085\">Geschenk f\u00fcr Geburtstage, Geburtstage oder Kinderdekorationen!<\/strong><\/p>\n<\/div>\n","protected":false},"excerpt":{"rendered":"<p style=\"text-align: justify;\" data-start=\"224\" data-end=\"503\">Entdecken Sie unseren <strong data-start=\"241\" data-end=\"289\">geh\u00e4kelten Einhorn-Teddyb\u00e4r Alma aus 100% nat\u00fcrlicher Baumwolle<\/strong>, ein handgefertigtes Spielzeug, ideal f\u00fcr Babys und Kleinkinder. Dieses entz\u00fcckende <strong data-start=\"352\" data-end=\"388\">Baumwolltier<\/strong> vereint <strong>Design, Weichheit und Nachhaltigkeit<\/strong>, um die sch\u00f6nsten Momente des Spielens, der Ruhe und der Z\u00e4rtlichkeit der Kleinen zu begleiten. <\/p>\n<p style=\"text-align: left;\" data-start=\"505\" data-end=\"759\">Jedes Einhorn wird sorgf\u00e4ltig aus <strong data-start=\"549\" data-end=\"585\">hochwertiger Bio-Baumwolle<\/strong> und hypoallergener F\u00fcllung hergestellt, um Komfort und Haltbarkeit zu gew\u00e4hrleisten. Das zarte Horn und die geh\u00e4kelten Details machen dieses Stofftier zu einem liebenswerten und robusten Begleiter. <\/p>\n<p style=\"text-align: left;\" data-start=\"761\" data-end=\"918\">Au\u00dferdem ist unser Pl\u00fcsch <strong data-start=\"788\" data-end=\"808\">pflegeleicht<\/strong> und <strong data-start=\"811\" data-end=\"861\">kann in der Maschine im Schonwaschgang in kaltem Wasser gewaschen werden<\/strong>, so dass er immer makellos und zum Kuscheln bereit ist.<\/p>\n<p style=\"text-align: left;\"><b>Alma <\/b>wird mit einem <strong>Einf\u00fchrungsschreiben<\/strong> f\u00fcr Ihr Kind und einem wiederverwendbaren <strong>Baumwollbeutel<\/strong> geliefert, der perfekt ist, um ihn zu pflegen und <strong>bei sich zu tragen<\/strong> - Ihr Kind wird ihn lieben! <\/p>\n","protected":false},"featured_media":27145,"template":"","meta":{"_acf_changed":false,"_joinchat":[]},"product_brand":[],"product_cat":[6187,6590,6211,6186],"product_tag":[6199,6592,6201,6203,6206,6207,6210,6205,6884,6200,6202],"class_list":{"0":"post-27120","1":"product","2":"type-product","3":"status-publish","4":"has-post-thumbnail","6":"product_cat-amigurumis","7":"product_cat-bauernhof","8":"product_cat-mini-amigurumis","9":"product_cat-startseite","10":"product_tag-baumwoll-teddybar","11":"product_tag-einhorn-teddybar","12":"product_tag-hypoallergener-baumwoll-teddybar","13":"product_tag-kinderdekoration","14":"product_tag-kuscheliger-teddybar","15":"product_tag-original-teddybar","16":"product_tag-originelle-geschenke","17":"product_tag-teddy-dekorieren","18":"product_tag-teddybar-geschenk","19":"product_tag-teddybar-hakeln","20":"product_tag-weicher-teddybar","21":"entry","23":"first","24":"outofstock","25":"taxable","26":"shipping-taxable","27":"purchasable","28":"product-type-simple"},"acf":[],"yoast_head":"<!-- This site is optimized with the Yoast SEO Premium plugin v26.1 (Yoast SEO v27.3) - https:\/\/yoast.com\/product\/yoast-seo-premium-wordpress\/ -->\n<title>100% hypoallergene Baumwolle Einhorn Pl\u00fcsch% -% Crochetts% -%% Crochetts% Crochetts%<\/title>\n<meta name=\"description\" content=\"Entdecken Sie das kuschelige geh\u00e4kelte Einhorn-Stofftier: 100% nat\u00fcrliche Baumwolle, hypoallergen und sehr weich im Griff. Ideal als Geschenk oder zum Dekorieren.\" \/>\n<meta name=\"robots\" content=\"index, follow, max-snippet:-1, max-image-preview:large, max-video-preview:-1\" \/>\n<link rel=\"canonical\" href=\"https:\/\/crochetts.com\/de\/tienda\/einhorn-seele-teddybaer\/\" \/>\n<meta property=\"og:locale\" content=\"de_DE\" \/>\n<meta property=\"og:type\" content=\"article\" \/>\n<meta property=\"og:title\" content=\"EINHORN SEELE TEDDYB\u00c4R\" \/>\n<meta property=\"og:description\" content=\"Entdecken Sie unseren geh\u00e4kelten Einhorn-Teddyb\u00e4r Alma aus 100% nat\u00fcrlicher Baumwolle, ein handgefertigtes Spielzeug, ideal f\u00fcr Babys und Kleinkinder. Dieses entz\u00fcckende Baumwolltier vereint Design, Weichheit und Nachhaltigkeit, um die sch\u00f6nsten Momente des Spielens, der Ruhe und der Z\u00e4rtlichkeit der Kleinen zu begleiten. Jedes Einhorn wird sorgf\u00e4ltig aus hochwertiger Bio-Baumwolle und hypoallergener F\u00fcllung hergestellt, um Komfort und Haltbarkeit zu gew\u00e4hrleisten. Das zarte Horn und die geh\u00e4kelten Details machen dieses Stofftier zu einem liebenswerten und robusten Begleiter. Au\u00dferdem ist unser Pl\u00fcsch pflegeleicht und kann in der Maschine im Schonwaschgang in kaltem Wasser gewaschen werden, so dass er immer makellos und zum Kuscheln bereit ist. Alma wird mit einem Einf\u00fchrungsschreiben f\u00fcr Ihr Kind und einem wiederverwendbaren Baumwollbeutel geliefert, der perfekt ist, um ihn zu pflegen und bei sich zu tragen - Ihr Kind wird ihn lieben!\" \/>\n<meta property=\"og:url\" content=\"https:\/\/crochetts.com\/de\/tienda\/einhorn-seele-teddybaer\/\" \/>\n<meta property=\"og:site_name\" content=\"Crochetts\" \/>\n<meta property=\"article:publisher\" content=\"https:\/\/www.facebook.com\/Crochetts-101964178013493\" \/>\n<meta property=\"article:modified_time\" content=\"2025-11-26T09:45:33+00:00\" \/>\n<meta property=\"og:image\" content=\"https:\/\/crochetts.com\/wp-content\/uploads\/2020\/08\/LT-M22_18.jpg\" \/>\n\t<meta property=\"og:image:width\" content=\"668\" \/>\n\t<meta property=\"og:image:height\" content=\"1000\" \/>\n\t<meta property=\"og:image:type\" content=\"image\/jpeg\" \/>\n<meta name=\"twitter:card\" content=\"summary_large_image\" \/>\n<meta name=\"twitter:label1\" content=\"Preis\" \/>\n\t<meta name=\"twitter:data1\" content=\"76,00&nbsp;&euro;\" \/>\n\t<meta name=\"twitter:label2\" content=\"Verf\u00fcgbarkeit\" \/>\n\t<meta name=\"twitter:data2\" content=\"ausverkauft\" \/>\n<script type=\"application\/ld+json\" class=\"yoast-schema-graph\">{\"@context\":\"https:\\\/\\\/schema.org\",\"@graph\":[{\"@type\":\"WebPage\",\"@id\":\"https:\\\/\\\/crochetts.com\\\/de\\\/tienda\\\/einhorn-seele-teddybaer\\\/\",\"url\":\"https:\\\/\\\/crochetts.com\\\/de\\\/tienda\\\/einhorn-seele-teddybaer\\\/\",\"name\":\"100% hypoallergene Baumwolle Einhorn Pl\u00fcsch% -% Crochetts% -%% Crochetts% Crochetts%\",\"isPartOf\":{\"@id\":\"https:\\\/\\\/crochetts.com\\\/de\\\/#website\"},\"primaryImageOfPage\":{\"@id\":\"https:\\\/\\\/crochetts.com\\\/de\\\/tienda\\\/einhorn-seele-teddybaer\\\/#primaryimage\"},\"image\":{\"@id\":\"https:\\\/\\\/crochetts.com\\\/de\\\/tienda\\\/einhorn-seele-teddybaer\\\/#primaryimage\"},\"thumbnailUrl\":\"https:\\\/\\\/crochetts.com\\\/wp-content\\\/uploads\\\/2020\\\/08\\\/LT-M22_18.jpg\",\"datePublished\":\"2020-08-19T14:51:50+00:00\",\"dateModified\":\"2025-11-26T09:45:33+00:00\",\"description\":\"Entdecken Sie das kuschelige geh\u00e4kelte Einhorn-Stofftier: 100% nat\u00fcrliche Baumwolle, hypoallergen und sehr weich im Griff. Ideal als Geschenk oder zum Dekorieren.\",\"breadcrumb\":{\"@id\":\"https:\\\/\\\/crochetts.com\\\/de\\\/tienda\\\/einhorn-seele-teddybaer\\\/#breadcrumb\"},\"inLanguage\":\"de\",\"potentialAction\":[{\"@type\":\"ReadAction\",\"target\":[\"https:\\\/\\\/crochetts.com\\\/de\\\/tienda\\\/einhorn-seele-teddybaer\\\/\"]}]},{\"@type\":\"ImageObject\",\"inLanguage\":\"de\",\"@id\":\"https:\\\/\\\/crochetts.com\\\/de\\\/tienda\\\/einhorn-seele-teddybaer\\\/#primaryimage\",\"url\":\"https:\\\/\\\/crochetts.com\\\/wp-content\\\/uploads\\\/2020\\\/08\\\/LT-M22_18.jpg\",\"contentUrl\":\"https:\\\/\\\/crochetts.com\\\/wp-content\\\/uploads\\\/2020\\\/08\\\/LT-M22_18.jpg\",\"width\":668,\"height\":1000,\"caption\":\"Einhorn Stofftier aus Baumwolle\"},{\"@type\":\"BreadcrumbList\",\"@id\":\"https:\\\/\\\/crochetts.com\\\/de\\\/tienda\\\/einhorn-seele-teddybaer\\\/#breadcrumb\",\"itemListElement\":[{\"@type\":\"ListItem\",\"position\":1,\"name\":\"Portada\",\"item\":\"https:\\\/\\\/crochetts.com\\\/de\\\/startseite\\\/\"},{\"@type\":\"ListItem\",\"position\":2,\"name\":\"Shop\",\"item\":\"https:\\\/\\\/crochetts.com\\\/de\\\/shop\\\/\"},{\"@type\":\"ListItem\",\"position\":3,\"name\":\"EINHORN SEELE TEDDYB\u00c4R\"}]},{\"@type\":\"WebSite\",\"@id\":\"https:\\\/\\\/crochetts.com\\\/de\\\/#website\",\"url\":\"https:\\\/\\\/crochetts.com\\\/de\\\/\",\"name\":\"Crochetts\",\"description\":\"ANIMALES DE CROCHET PARA JUGAR,DECORAR Y SO\u00d1AR\",\"publisher\":{\"@id\":\"https:\\\/\\\/crochetts.com\\\/de\\\/#organization\"},\"potentialAction\":[{\"@type\":\"SearchAction\",\"target\":{\"@type\":\"EntryPoint\",\"urlTemplate\":\"https:\\\/\\\/crochetts.com\\\/de\\\/?s={search_term_string}\"},\"query-input\":{\"@type\":\"PropertyValueSpecification\",\"valueRequired\":true,\"valueName\":\"search_term_string\"}}],\"inLanguage\":\"de\"},{\"@type\":\"Organization\",\"@id\":\"https:\\\/\\\/crochetts.com\\\/de\\\/#organization\",\"name\":\"H\u00e4keln\",\"url\":\"https:\\\/\\\/crochetts.com\\\/de\\\/\",\"logo\":{\"@type\":\"ImageObject\",\"inLanguage\":\"de\",\"@id\":\"https:\\\/\\\/crochetts.com\\\/de\\\/#\\\/schema\\\/logo\\\/image\\\/\",\"url\":\"https:\\\/\\\/i2.wp.com\\\/crochetts.com\\\/wp-content\\\/uploads\\\/2021\\\/01\\\/Logo-Crochetts.jpg?fit=300%2C137&ssl=1\",\"contentUrl\":\"https:\\\/\\\/i2.wp.com\\\/crochetts.com\\\/wp-content\\\/uploads\\\/2021\\\/01\\\/Logo-Crochetts.jpg?fit=300%2C137&ssl=1\",\"width\":300,\"height\":137,\"caption\":\"H\u00e4keln\"},\"image\":{\"@id\":\"https:\\\/\\\/crochetts.com\\\/de\\\/#\\\/schema\\\/logo\\\/image\\\/\"},\"sameAs\":[\"https:\\\/\\\/www.facebook.com\\\/Crochetts-101964178013493\",\"https:\\\/\\\/www.instagram.com\\\/crochetts_\\\/\"]}]}<\/script>\n<meta property=\"product:price:amount\" content=\"76.00\" \/>\n<meta property=\"product:price:currency\" content=\"EUR\" \/>\n<meta property=\"og:availability\" content=\"out of stock\" \/>\n<meta property=\"product:availability\" content=\"out of stock\" \/>\n<meta property=\"product:retailer_item_id\" content=\"LT-M22\" \/>\n<meta property=\"product:condition\" content=\"new\" \/>\n<!-- \/ Yoast SEO Premium plugin. -->","yoast_head_json":{"title":"100% hypoallergene Baumwolle Einhorn Pl\u00fcsch% -% Crochetts% -%% Crochetts% Crochetts%","description":"Entdecken Sie das kuschelige geh\u00e4kelte Einhorn-Stofftier: 100% nat\u00fcrliche Baumwolle, hypoallergen und sehr weich im Griff. Ideal als Geschenk oder zum Dekorieren.","robots":{"index":"index","follow":"follow","max-snippet":"max-snippet:-1","max-image-preview":"max-image-preview:large","max-video-preview":"max-video-preview:-1"},"canonical":"https:\/\/crochetts.com\/de\/tienda\/einhorn-seele-teddybaer\/","og_locale":"de_DE","og_type":"article","og_title":"EINHORN SEELE TEDDYB\u00c4R","og_description":"Entdecken Sie unseren geh\u00e4kelten Einhorn-Teddyb\u00e4r Alma aus 100% nat\u00fcrlicher Baumwolle, ein handgefertigtes Spielzeug, ideal f\u00fcr Babys und Kleinkinder. Dieses entz\u00fcckende Baumwolltier vereint Design, Weichheit und Nachhaltigkeit, um die sch\u00f6nsten Momente des Spielens, der Ruhe und der Z\u00e4rtlichkeit der Kleinen zu begleiten. Jedes Einhorn wird sorgf\u00e4ltig aus hochwertiger Bio-Baumwolle und hypoallergener F\u00fcllung hergestellt, um Komfort und Haltbarkeit zu gew\u00e4hrleisten. Das zarte Horn und die geh\u00e4kelten Details machen dieses Stofftier zu einem liebenswerten und robusten Begleiter. Au\u00dferdem ist unser Pl\u00fcsch pflegeleicht und kann in der Maschine im Schonwaschgang in kaltem Wasser gewaschen werden, so dass er immer makellos und zum Kuscheln bereit ist. Alma wird mit einem Einf\u00fchrungsschreiben f\u00fcr Ihr Kind und einem wiederverwendbaren Baumwollbeutel geliefert, der perfekt ist, um ihn zu pflegen und bei sich zu tragen - Ihr Kind wird ihn lieben!","og_url":"https:\/\/crochetts.com\/de\/tienda\/einhorn-seele-teddybaer\/","og_site_name":"Crochetts","article_publisher":"https:\/\/www.facebook.com\/Crochetts-101964178013493","article_modified_time":"2025-11-26T09:45:33+00:00","og_image":[{"width":668,"height":1000,"url":"https:\/\/crochetts.com\/wp-content\/uploads\/2020\/08\/LT-M22_18.jpg","type":"image\/jpeg"}],"twitter_card":"summary_large_image","twitter_misc":{"Preis":"76,00&nbsp;&euro;","Verf\u00fcgbarkeit":"ausverkauft"},"schema":{"@context":"https:\/\/schema.org","@graph":[{"@type":"WebPage","@id":"https:\/\/crochetts.com\/de\/tienda\/einhorn-seele-teddybaer\/","url":"https:\/\/crochetts.com\/de\/tienda\/einhorn-seele-teddybaer\/","name":"100% hypoallergene Baumwolle Einhorn Pl\u00fcsch% -% Crochetts% -%% Crochetts% Crochetts%","isPartOf":{"@id":"https:\/\/crochetts.com\/de\/#website"},"primaryImageOfPage":{"@id":"https:\/\/crochetts.com\/de\/tienda\/einhorn-seele-teddybaer\/#primaryimage"},"image":{"@id":"https:\/\/crochetts.com\/de\/tienda\/einhorn-seele-teddybaer\/#primaryimage"},"thumbnailUrl":"https:\/\/crochetts.com\/wp-content\/uploads\/2020\/08\/LT-M22_18.jpg","datePublished":"2020-08-19T14:51:50+00:00","dateModified":"2025-11-26T09:45:33+00:00","description":"Entdecken Sie das kuschelige geh\u00e4kelte Einhorn-Stofftier: 100% nat\u00fcrliche Baumwolle, hypoallergen und sehr weich im Griff. Ideal als Geschenk oder zum Dekorieren.","breadcrumb":{"@id":"https:\/\/crochetts.com\/de\/tienda\/einhorn-seele-teddybaer\/#breadcrumb"},"inLanguage":"de","potentialAction":[{"@type":"ReadAction","target":["https:\/\/crochetts.com\/de\/tienda\/einhorn-seele-teddybaer\/"]}]},{"@type":"ImageObject","inLanguage":"de","@id":"https:\/\/crochetts.com\/de\/tienda\/einhorn-seele-teddybaer\/#primaryimage","url":"https:\/\/crochetts.com\/wp-content\/uploads\/2020\/08\/LT-M22_18.jpg","contentUrl":"https:\/\/crochetts.com\/wp-content\/uploads\/2020\/08\/LT-M22_18.jpg","width":668,"height":1000,"caption":"Einhorn Stofftier aus Baumwolle"},{"@type":"BreadcrumbList","@id":"https:\/\/crochetts.com\/de\/tienda\/einhorn-seele-teddybaer\/#breadcrumb","itemListElement":[{"@type":"ListItem","position":1,"name":"Portada","item":"https:\/\/crochetts.com\/de\/startseite\/"},{"@type":"ListItem","position":2,"name":"Shop","item":"https:\/\/crochetts.com\/de\/shop\/"},{"@type":"ListItem","position":3,"name":"EINHORN SEELE TEDDYB\u00c4R"}]},{"@type":"WebSite","@id":"https:\/\/crochetts.com\/de\/#website","url":"https:\/\/crochetts.com\/de\/","name":"Crochetts","description":"ANIMALES DE CROCHET PARA JUGAR,DECORAR Y SO\u00d1AR","publisher":{"@id":"https:\/\/crochetts.com\/de\/#organization"},"potentialAction":[{"@type":"SearchAction","target":{"@type":"EntryPoint","urlTemplate":"https:\/\/crochetts.com\/de\/?s={search_term_string}"},"query-input":{"@type":"PropertyValueSpecification","valueRequired":true,"valueName":"search_term_string"}}],"inLanguage":"de"},{"@type":"Organization","@id":"https:\/\/crochetts.com\/de\/#organization","name":"H\u00e4keln","url":"https:\/\/crochetts.com\/de\/","logo":{"@type":"ImageObject","inLanguage":"de","@id":"https:\/\/crochetts.com\/de\/#\/schema\/logo\/image\/","url":"https:\/\/i2.wp.com\/crochetts.com\/wp-content\/uploads\/2021\/01\/Logo-Crochetts.jpg?fit=300%2C137&ssl=1","contentUrl":"https:\/\/i2.wp.com\/crochetts.com\/wp-content\/uploads\/2021\/01\/Logo-Crochetts.jpg?fit=300%2C137&ssl=1","width":300,"height":137,"caption":"H\u00e4keln"},"image":{"@id":"https:\/\/crochetts.com\/de\/#\/schema\/logo\/image\/"},"sameAs":["https:\/\/www.facebook.com\/Crochetts-101964178013493","https:\/\/www.instagram.com\/crochetts_\/"]}]},"product_price_amount":"76.00","product_price_currency":"EUR","og_availability":"out of stock","product_availability":"out of stock","product_retailer_item_id":"LT-M22","product_condition":"new"},"_links":{"self":[{"href":"https:\/\/crochetts.com\/de\/wp-json\/wp\/v2\/product\/27120","targetHints":{"allow":["GET"]}}],"collection":[{"href":"https:\/\/crochetts.com\/de\/wp-json\/wp\/v2\/product"}],"about":[{"href":"https:\/\/crochetts.com\/de\/wp-json\/wp\/v2\/types\/product"}],"wp:featuredmedia":[{"embeddable":true,"href":"https:\/\/crochetts.com\/de\/wp-json\/wp\/v2\/media\/27145"}],"wp:attachment":[{"href":"https:\/\/crochetts.com\/de\/wp-json\/wp\/v2\/media?parent=27120"}],"wp:term":[{"taxonomy":"product_brand","embeddable":true,"href":"https:\/\/crochetts.com\/de\/wp-json\/wp\/v2\/product_brand?post=27120"},{"taxonomy":"product_cat","embeddable":true,"href":"https:\/\/crochetts.com\/de\/wp-json\/wp\/v2\/product_cat?post=27120"},{"taxonomy":"product_tag","embeddable":true,"href":"https:\/\/crochetts.com\/de\/wp-json\/wp\/v2\/product_tag?post=27120"}],"curies":[{"name":"wp","href":"https:\/\/api.w.org\/{rel}","templated":true}]}}