{"id":26975,"date":"2020-12-22T16:17:35","date_gmt":"2020-12-22T16:17:35","guid":{"rendered":"https:\/\/crochetts.com\/tienda\/hundeblatt-haekeln\/"},"modified":"2025-11-26T10:41:57","modified_gmt":"2025-11-26T09:41:57","slug":"hundeblatt-haekeln","status":"publish","type":"product","link":"https:\/\/crochetts.com\/de\/tienda\/hundeblatt-haekeln\/","title":{"rendered":"HUNDEBLATT H\u00c4KELN"},"content":{"rendered":"<p><strong>Druck:<\/strong> Format A3 (420&#215;297 mm). Gedruckt auf hochwertigem, mattem Papier mit einer Grammatur von 240 gr\/m2. <\/p>\n<p><strong>Gestell:<\/strong> MDF-Holzrahmen. Texturierte wei\u00dfe Oberfl\u00e4che. Bezug aus Methacrylat, R\u00fcckseite aus MDF-Holz und Aufh\u00e4ngesystem f\u00fcr die Wandmontage. Ma\u00dfe mit Rahmen: 33x2x43 cm - Gewicht: 1060 gr.   <\/p>\n<p><strong>Aufh\u00e4nger: <\/strong>Fester, auf das Blatt geleimter Holztr\u00e4ger. In Naturfarbe lackiert, ohne Lackierung. Aufh\u00e4ngesystem mit Seil. Handgefertigt.   <\/p>\n<p>&nbsp;<\/p>\n","protected":false},"excerpt":{"rendered":"<div style=\"text-align: justify;\">\n<p><strong>Dekorativer Kinderdruck<\/strong> mit geh\u00e4keltem Hundemotiv.<\/p>\n<p>Ideales Designprodukt, um Kinderzimmer zu dekorieren und mit Farbe und S\u00fc\u00dfe zu f\u00fcllen. Die ideale Erg\u00e4nzung zu unserer Familie der geh\u00e4kelten Stofftiere. <\/p>\n<div>Erh\u00e4ltlich in <strong>zwei Varianten<\/strong>:<\/div>\n<div>\n<ul>\n<li><strong>Nicht unterst\u00fctzte <\/strong>Folie <strong>: <\/strong>Folie <strong>im Format A3 <\/strong>. Gedruckt auf <strong>hochwertigem<\/strong> <strong>, mattem Papier<\/strong> mit<strong> einer Grammatur von 240 gr\/m2.<\/strong><\/li>\n<li>Lamina <strong>mit Rahmen:<\/strong> Inklusive <strong>dekorativem<\/strong> <strong>wei\u00dfem<\/strong>, strukturiertem <strong>Holzrahmen<\/strong> mit <strong>Schutz<\/strong> und <strong>Hakensystem<\/strong>.<\/li>\n<\/ul>\n<\/div>\n<\/div>\n","protected":false},"featured_media":26982,"template":"","meta":{"_acf_changed":false,"_joinchat":[]},"product_brand":[],"product_cat":[6292,6186],"product_tag":[6834,6830,6829,6337,6404,7101,7102,7100,7107,6310,6302,6308,6296,6349,7135,7104,7105,7103,6831,6832,7106,6350,6536,6387,6297,6298,6393],"class_list":{"0":"post-26975","1":"product","2":"type-product","3":"status-publish","4":"has-post-thumbnail","6":"product_cat-lamps","7":"product_cat-startseite","8":"product_tag-amigurumi-druck-fur-kinder","9":"product_tag-amigurumi-kinderdruck","10":"product_tag-amigurumis-kinderblatt","11":"product_tag-babies","12":"product_tag-babies-2","13":"product_tag-blau","14":"product_tag-bleu","15":"product_tag-blues","16":"product_tag-chien","17":"product_tag-drucken-encadree","18":"product_tag-enfants","19":"product_tag-gerahmter-druck","20":"product_tag-gerahmtes-poster","21":"product_tag-hakeln","22":"product_tag-hund-2","23":"product_tag-hund","24":"product_tag-hund-hakeln-druck","25":"product_tag-hundeblatt-hakeln","26":"product_tag-image-denfant","27":"product_tag-image-denfant-blanche","28":"product_tag-impression-de-chien-au-crochet","29":"product_tag-kinder","30":"product_tag-kinder-2","31":"product_tag-kinderbild","32":"product_tag-kinderkiste","33":"product_tag-weise-kinderschachtel","34":"product_tag-weises-kinderbild","35":"entry","37":"first","38":"instock","39":"taxable","40":"shipping-taxable","41":"purchasable","42":"product-type-variable"},"acf":[],"yoast_head":"<!-- This site is optimized with the Yoast SEO Premium plugin v26.1 (Yoast SEO v27.3) - https:\/\/yoast.com\/product\/yoast-seo-premium-wordpress\/ -->\n<title>HUNDEBLATT H\u00c4KELN - Crochetts<\/title>\n<meta name=\"description\" content=\"Dekorativer Kinderdruck mit einem geh\u00e4kelten Teddymotiv. Die ideale Erg\u00e4nzung zu unserer Familie der H\u00e4kelteddys.\" \/>\n<meta name=\"robots\" content=\"index, follow, max-snippet:-1, max-image-preview:large, max-video-preview:-1\" \/>\n<link rel=\"canonical\" href=\"https:\/\/crochetts.com\/de\/tienda\/hundeblatt-haekeln\/\" \/>\n<meta property=\"og:locale\" content=\"de_DE\" \/>\n<meta property=\"og:type\" content=\"article\" \/>\n<meta property=\"og:title\" content=\"HUNDEBLATT H\u00c4KELN\" \/>\n<meta property=\"og:description\" content=\"Dekorativer Kinderdruck mit geh\u00e4keltem Hundemotiv. Ideales Designprodukt, um Kinderzimmer zu dekorieren und mit Farbe und S\u00fc\u00dfe zu f\u00fcllen. Die ideale Erg\u00e4nzung zu unserer Familie der geh\u00e4kelten Stofftiere. Erh\u00e4ltlich in zwei Varianten:   Nicht unterst\u00fctzte Folie : Folie im Format A3 . Gedruckt auf hochwertigem , mattem Papier mit einer Grammatur von 240 gr\/m2.  Lamina mit Rahmen: Inklusive dekorativem wei\u00dfem, strukturiertem Holzrahmen mit Schutz und Hakensystem.\" \/>\n<meta property=\"og:url\" content=\"https:\/\/crochetts.com\/de\/tienda\/hundeblatt-haekeln\/\" \/>\n<meta property=\"og:site_name\" content=\"Crochetts\" \/>\n<meta property=\"article:publisher\" content=\"https:\/\/www.facebook.com\/Crochetts-101964178013493\" \/>\n<meta property=\"article:modified_time\" content=\"2025-11-26T09:41:57+00:00\" \/>\n<meta property=\"og:image\" content=\"https:\/\/crochetts.com\/wp-content\/uploads\/2020\/12\/CDR-0016-2.jpg\" \/>\n\t<meta property=\"og:image:width\" content=\"801\" \/>\n\t<meta property=\"og:image:height\" content=\"1200\" \/>\n\t<meta property=\"og:image:type\" content=\"image\/jpeg\" \/>\n<meta name=\"twitter:card\" content=\"summary_large_image\" \/>\n<meta name=\"twitter:label1\" content=\"Verf\u00fcgbarkeit\" \/>\n\t<meta name=\"twitter:data1\" content=\"Auf Lager\" \/>\n<script type=\"application\/ld+json\" class=\"yoast-schema-graph\">{\"@context\":\"https:\\\/\\\/schema.org\",\"@graph\":[{\"@type\":\"WebPage\",\"@id\":\"https:\\\/\\\/crochetts.com\\\/de\\\/tienda\\\/hundeblatt-haekeln\\\/\",\"url\":\"https:\\\/\\\/crochetts.com\\\/de\\\/tienda\\\/hundeblatt-haekeln\\\/\",\"name\":\"HUNDEBLATT H\u00c4KELN - Crochetts\",\"isPartOf\":{\"@id\":\"https:\\\/\\\/crochetts.com\\\/de\\\/#website\"},\"primaryImageOfPage\":{\"@id\":\"https:\\\/\\\/crochetts.com\\\/de\\\/tienda\\\/hundeblatt-haekeln\\\/#primaryimage\"},\"image\":{\"@id\":\"https:\\\/\\\/crochetts.com\\\/de\\\/tienda\\\/hundeblatt-haekeln\\\/#primaryimage\"},\"thumbnailUrl\":\"https:\\\/\\\/crochetts.com\\\/wp-content\\\/uploads\\\/2020\\\/12\\\/CDR-0016-2.jpg\",\"datePublished\":\"2020-12-22T16:17:35+00:00\",\"dateModified\":\"2025-11-26T09:41:57+00:00\",\"description\":\"Dekorativer Kinderdruck mit einem geh\u00e4kelten Teddymotiv. Die ideale Erg\u00e4nzung zu unserer Familie der H\u00e4kelteddys.\",\"breadcrumb\":{\"@id\":\"https:\\\/\\\/crochetts.com\\\/de\\\/tienda\\\/hundeblatt-haekeln\\\/#breadcrumb\"},\"inLanguage\":\"de\",\"potentialAction\":[{\"@type\":\"ReadAction\",\"target\":[\"https:\\\/\\\/crochetts.com\\\/de\\\/tienda\\\/hundeblatt-haekeln\\\/\"]}]},{\"@type\":\"ImageObject\",\"inLanguage\":\"de\",\"@id\":\"https:\\\/\\\/crochetts.com\\\/de\\\/tienda\\\/hundeblatt-haekeln\\\/#primaryimage\",\"url\":\"https:\\\/\\\/crochetts.com\\\/wp-content\\\/uploads\\\/2020\\\/12\\\/CDR-0016-2.jpg\",\"contentUrl\":\"https:\\\/\\\/crochetts.com\\\/wp-content\\\/uploads\\\/2020\\\/12\\\/CDR-0016-2.jpg\",\"width\":801,\"height\":1200,\"caption\":\"Hundeblatt h\u00e4keln\"},{\"@type\":\"BreadcrumbList\",\"@id\":\"https:\\\/\\\/crochetts.com\\\/de\\\/tienda\\\/hundeblatt-haekeln\\\/#breadcrumb\",\"itemListElement\":[{\"@type\":\"ListItem\",\"position\":1,\"name\":\"Portada\",\"item\":\"https:\\\/\\\/crochetts.com\\\/de\\\/startseite\\\/\"},{\"@type\":\"ListItem\",\"position\":2,\"name\":\"Shop\",\"item\":\"https:\\\/\\\/crochetts.com\\\/de\\\/shop\\\/\"},{\"@type\":\"ListItem\",\"position\":3,\"name\":\"HUNDEBLATT H\u00c4KELN\"}]},{\"@type\":\"WebSite\",\"@id\":\"https:\\\/\\\/crochetts.com\\\/de\\\/#website\",\"url\":\"https:\\\/\\\/crochetts.com\\\/de\\\/\",\"name\":\"Crochetts\",\"description\":\"ANIMALES DE CROCHET PARA JUGAR,DECORAR Y SO\u00d1AR\",\"publisher\":{\"@id\":\"https:\\\/\\\/crochetts.com\\\/de\\\/#organization\"},\"potentialAction\":[{\"@type\":\"SearchAction\",\"target\":{\"@type\":\"EntryPoint\",\"urlTemplate\":\"https:\\\/\\\/crochetts.com\\\/de\\\/?s={search_term_string}\"},\"query-input\":{\"@type\":\"PropertyValueSpecification\",\"valueRequired\":true,\"valueName\":\"search_term_string\"}}],\"inLanguage\":\"de\"},{\"@type\":\"Organization\",\"@id\":\"https:\\\/\\\/crochetts.com\\\/de\\\/#organization\",\"name\":\"H\u00e4keln\",\"url\":\"https:\\\/\\\/crochetts.com\\\/de\\\/\",\"logo\":{\"@type\":\"ImageObject\",\"inLanguage\":\"de\",\"@id\":\"https:\\\/\\\/crochetts.com\\\/de\\\/#\\\/schema\\\/logo\\\/image\\\/\",\"url\":\"https:\\\/\\\/i2.wp.com\\\/crochetts.com\\\/wp-content\\\/uploads\\\/2021\\\/01\\\/Logo-Crochetts.jpg?fit=300%2C137&ssl=1\",\"contentUrl\":\"https:\\\/\\\/i2.wp.com\\\/crochetts.com\\\/wp-content\\\/uploads\\\/2021\\\/01\\\/Logo-Crochetts.jpg?fit=300%2C137&ssl=1\",\"width\":300,\"height\":137,\"caption\":\"H\u00e4keln\"},\"image\":{\"@id\":\"https:\\\/\\\/crochetts.com\\\/de\\\/#\\\/schema\\\/logo\\\/image\\\/\"},\"sameAs\":[\"https:\\\/\\\/www.facebook.com\\\/Crochetts-101964178013493\",\"https:\\\/\\\/www.instagram.com\\\/crochetts_\\\/\"]}]}<\/script>\n<meta property=\"og:availability\" content=\"instock\" \/>\n<meta property=\"product:availability\" content=\"instock\" \/>\n<meta property=\"product:retailer_item_id\" content=\"LMN-CR-0016\" \/>\n<meta property=\"product:condition\" content=\"new\" \/>\n<!-- \/ Yoast SEO Premium plugin. -->","yoast_head_json":{"title":"HUNDEBLATT H\u00c4KELN - Crochetts","description":"Dekorativer Kinderdruck mit einem geh\u00e4kelten Teddymotiv. Die ideale Erg\u00e4nzung zu unserer Familie der H\u00e4kelteddys.","robots":{"index":"index","follow":"follow","max-snippet":"max-snippet:-1","max-image-preview":"max-image-preview:large","max-video-preview":"max-video-preview:-1"},"canonical":"https:\/\/crochetts.com\/de\/tienda\/hundeblatt-haekeln\/","og_locale":"de_DE","og_type":"article","og_title":"HUNDEBLATT H\u00c4KELN","og_description":"Dekorativer Kinderdruck mit geh\u00e4keltem Hundemotiv. Ideales Designprodukt, um Kinderzimmer zu dekorieren und mit Farbe und S\u00fc\u00dfe zu f\u00fcllen. Die ideale Erg\u00e4nzung zu unserer Familie der geh\u00e4kelten Stofftiere. Erh\u00e4ltlich in zwei Varianten:   Nicht unterst\u00fctzte Folie : Folie im Format A3 . Gedruckt auf hochwertigem , mattem Papier mit einer Grammatur von 240 gr\/m2.  Lamina mit Rahmen: Inklusive dekorativem wei\u00dfem, strukturiertem Holzrahmen mit Schutz und Hakensystem.","og_url":"https:\/\/crochetts.com\/de\/tienda\/hundeblatt-haekeln\/","og_site_name":"Crochetts","article_publisher":"https:\/\/www.facebook.com\/Crochetts-101964178013493","article_modified_time":"2025-11-26T09:41:57+00:00","og_image":[{"width":801,"height":1200,"url":"https:\/\/crochetts.com\/wp-content\/uploads\/2020\/12\/CDR-0016-2.jpg","type":"image\/jpeg"}],"twitter_card":"summary_large_image","twitter_misc":{"Verf\u00fcgbarkeit":"Auf Lager"},"schema":{"@context":"https:\/\/schema.org","@graph":[{"@type":"WebPage","@id":"https:\/\/crochetts.com\/de\/tienda\/hundeblatt-haekeln\/","url":"https:\/\/crochetts.com\/de\/tienda\/hundeblatt-haekeln\/","name":"HUNDEBLATT H\u00c4KELN - Crochetts","isPartOf":{"@id":"https:\/\/crochetts.com\/de\/#website"},"primaryImageOfPage":{"@id":"https:\/\/crochetts.com\/de\/tienda\/hundeblatt-haekeln\/#primaryimage"},"image":{"@id":"https:\/\/crochetts.com\/de\/tienda\/hundeblatt-haekeln\/#primaryimage"},"thumbnailUrl":"https:\/\/crochetts.com\/wp-content\/uploads\/2020\/12\/CDR-0016-2.jpg","datePublished":"2020-12-22T16:17:35+00:00","dateModified":"2025-11-26T09:41:57+00:00","description":"Dekorativer Kinderdruck mit einem geh\u00e4kelten Teddymotiv. Die ideale Erg\u00e4nzung zu unserer Familie der H\u00e4kelteddys.","breadcrumb":{"@id":"https:\/\/crochetts.com\/de\/tienda\/hundeblatt-haekeln\/#breadcrumb"},"inLanguage":"de","potentialAction":[{"@type":"ReadAction","target":["https:\/\/crochetts.com\/de\/tienda\/hundeblatt-haekeln\/"]}]},{"@type":"ImageObject","inLanguage":"de","@id":"https:\/\/crochetts.com\/de\/tienda\/hundeblatt-haekeln\/#primaryimage","url":"https:\/\/crochetts.com\/wp-content\/uploads\/2020\/12\/CDR-0016-2.jpg","contentUrl":"https:\/\/crochetts.com\/wp-content\/uploads\/2020\/12\/CDR-0016-2.jpg","width":801,"height":1200,"caption":"Hundeblatt h\u00e4keln"},{"@type":"BreadcrumbList","@id":"https:\/\/crochetts.com\/de\/tienda\/hundeblatt-haekeln\/#breadcrumb","itemListElement":[{"@type":"ListItem","position":1,"name":"Portada","item":"https:\/\/crochetts.com\/de\/startseite\/"},{"@type":"ListItem","position":2,"name":"Shop","item":"https:\/\/crochetts.com\/de\/shop\/"},{"@type":"ListItem","position":3,"name":"HUNDEBLATT H\u00c4KELN"}]},{"@type":"WebSite","@id":"https:\/\/crochetts.com\/de\/#website","url":"https:\/\/crochetts.com\/de\/","name":"Crochetts","description":"ANIMALES DE CROCHET PARA JUGAR,DECORAR Y SO\u00d1AR","publisher":{"@id":"https:\/\/crochetts.com\/de\/#organization"},"potentialAction":[{"@type":"SearchAction","target":{"@type":"EntryPoint","urlTemplate":"https:\/\/crochetts.com\/de\/?s={search_term_string}"},"query-input":{"@type":"PropertyValueSpecification","valueRequired":true,"valueName":"search_term_string"}}],"inLanguage":"de"},{"@type":"Organization","@id":"https:\/\/crochetts.com\/de\/#organization","name":"H\u00e4keln","url":"https:\/\/crochetts.com\/de\/","logo":{"@type":"ImageObject","inLanguage":"de","@id":"https:\/\/crochetts.com\/de\/#\/schema\/logo\/image\/","url":"https:\/\/i2.wp.com\/crochetts.com\/wp-content\/uploads\/2021\/01\/Logo-Crochetts.jpg?fit=300%2C137&ssl=1","contentUrl":"https:\/\/i2.wp.com\/crochetts.com\/wp-content\/uploads\/2021\/01\/Logo-Crochetts.jpg?fit=300%2C137&ssl=1","width":300,"height":137,"caption":"H\u00e4keln"},"image":{"@id":"https:\/\/crochetts.com\/de\/#\/schema\/logo\/image\/"},"sameAs":["https:\/\/www.facebook.com\/Crochetts-101964178013493","https:\/\/www.instagram.com\/crochetts_\/"]}]},"og_availability":"instock","product_availability":"instock","product_retailer_item_id":"LMN-CR-0016","product_condition":"new"},"_links":{"self":[{"href":"https:\/\/crochetts.com\/de\/wp-json\/wp\/v2\/product\/26975","targetHints":{"allow":["GET"]}}],"collection":[{"href":"https:\/\/crochetts.com\/de\/wp-json\/wp\/v2\/product"}],"about":[{"href":"https:\/\/crochetts.com\/de\/wp-json\/wp\/v2\/types\/product"}],"wp:featuredmedia":[{"embeddable":true,"href":"https:\/\/crochetts.com\/de\/wp-json\/wp\/v2\/media\/26982"}],"wp:attachment":[{"href":"https:\/\/crochetts.com\/de\/wp-json\/wp\/v2\/media?parent=26975"}],"wp:term":[{"taxonomy":"product_brand","embeddable":true,"href":"https:\/\/crochetts.com\/de\/wp-json\/wp\/v2\/product_brand?post=26975"},{"taxonomy":"product_cat","embeddable":true,"href":"https:\/\/crochetts.com\/de\/wp-json\/wp\/v2\/product_cat?post=26975"},{"taxonomy":"product_tag","embeddable":true,"href":"https:\/\/crochetts.com\/de\/wp-json\/wp\/v2\/product_tag?post=26975"}],"curies":[{"name":"wp","href":"https:\/\/api.w.org\/{rel}","templated":true}]}}