{"id":26822,"date":"2021-01-18T16:51:12","date_gmt":"2021-01-18T16:51:12","guid":{"rendered":"https:\/\/crochetts.com\/tienda\/kinderbild-hirsche-mit-ballon\/"},"modified":"2021-01-18T16:51:12","modified_gmt":"2021-01-18T15:51:12","slug":"kinderbild-hirsche-mit-ballon","status":"publish","type":"product","link":"https:\/\/crochetts.com\/de\/tienda\/kinderbild-hirsche-mit-ballon\/","title":{"rendered":"KINDERBILD HIRSCHE MIT BALLON"},"content":{"rendered":"<p><strong>Druck:<\/strong> Format A3 (420&#215;297 mm). Gedruckt auf hochwertigem, mattem Papier mit einer Grammatur von 240 gr\/m2. <\/p>\n<p><strong>Gestell:<\/strong> MDF-Holzrahmen. Texturierte wei\u00dfe Oberfl\u00e4che. Bezug aus Methacrylat, R\u00fcckseite aus MDF-Holz und Aufh\u00e4ngesystem f\u00fcr die Wandmontage.   Ma\u00dfe mit Rahmen: 33x2x43 cm - Gewicht: 1060 gr.<\/p>\n","protected":false},"excerpt":{"rendered":"<div style=\"text-align: justify;\"><strong>Dekoratives Kinderposter<\/strong> mit einer fr\u00f6hlichen Zeichnung in Form eines Rehkitzes in einem Ballon.<\/div>\n<div>\n<div style=\"text-align: justify;\">\n<div style=\"text-align: justify;\">Ein Designprodukt, das sich ideal f\u00fcr die <strong>Dekoration von<\/strong> <strong>Kinderzimmern<\/strong> eignet und <strong>sie mit Farbe und S\u00fc\u00dfe erf\u00fcllt<\/strong>.<\/div>\n<div style=\"text-align: justify;\">Erh\u00e4ltlich in <strong>zwei Varianten<\/strong>:<\/div>\n<div style=\"text-align: justify;\">\n<ul>\n<li><strong>Nicht unterst\u00fctzte <\/strong>Folie <strong>: <\/strong>Folie <strong>im Format A3 <\/strong>. Gedruckt auf <strong>hochwertigem<\/strong> <strong>, mattem Papier<\/strong> mit<strong> einer Grammatur von 240 gr\/m2.<\/strong><\/li>\n<li>Lamina <strong>mit Rahmen:<\/strong> Inklusive <strong>dekorativem<\/strong> <strong>wei\u00dfem<\/strong>, strukturiertem <strong>Holzrahmen<\/strong> mit <strong>Schutz<\/strong> und <strong>Hakensystem<\/strong>.<\/li>\n<li>Die Folienpr\u00e4gung mit handgefertigten <strong>Glitzerdetails<\/strong> verleiht Ihrem Design einen einzigartigen <strong>Glanz<\/strong> und verleiht ihm eine <strong>besondere Note<\/strong>.<\/li>\n<\/ul>\n<\/div>\n<\/div>\n<div><\/div>\n<div style=\"text-align: justify;\">\n<p>&nbsp;<\/p>\n<\/div>\n<\/div>\n<div style=\"text-align: justify;\"><\/div>\n<div><\/div>\n<div style=\"text-align: justify;\">\n<p>&nbsp;<\/p>\n<\/div>\n","protected":false},"featured_media":26832,"template":"","meta":{"_acf_changed":false,"_joinchat":[]},"product_brand":[],"product_cat":[6292,6186],"product_tag":[6404,6337,6983,6981,6991,6977,6989,6979,6338,6340,6336,6302,6987,6350,6536,6975,6985,6300,6534,6405,6333,6301,6330,6976],"class_list":{"0":"post-26822","1":"product","2":"type-product","3":"status-publish","4":"has-post-thumbnail","6":"product_cat-lamps","7":"product_cat-startseite","8":"product_tag-babies-2","9":"product_tag-babies","10":"product_tag-ballon-hirschbogen","11":"product_tag-ballonhirschbogen-fur-kinder","12":"product_tag-cerf-avec-impression-de-ballon","13":"product_tag-cerf-fur-kinder","14":"product_tag-cerf-fur-kinder-mit-ballabdruck","15":"product_tag-cerf-tier","16":"product_tag-druck-fur-kinder","17":"product_tag-drucken-fur-kinder","18":"product_tag-enfance","19":"product_tag-enfants","20":"product_tag-hirsch-mit-ballonaufdruck","21":"product_tag-kinder","22":"product_tag-kinder-2","23":"product_tag-kinderhirsch","24":"product_tag-kinderhirsch-mit-ballonaufdruck","25":"product_tag-kindermalerei","26":"product_tag-kindermalerei-2","27":"product_tag-kindheit-2","28":"product_tag-kindheit","29":"product_tag-peinture-pour-enfants","30":"product_tag-poster-fur-kinder","31":"product_tag-tier-hirsche","32":"entry","34":"first","35":"instock","36":"taxable","37":"shipping-taxable","38":"purchasable","39":"product-type-variable"},"acf":[],"yoast_head":"<!-- This site is optimized with the Yoast SEO Premium plugin v26.1 (Yoast SEO v27.3) - https:\/\/yoast.com\/product\/yoast-seo-premium-wordpress\/ -->\n<title>A3-Folie, gerahmt oder mit Aufh\u00e4nger -% Crochetts% Crochetts% Crochetts% Crochetts%<\/title>\n<meta name=\"description\" content=\"Dekorative Wandkunst f\u00fcr Kinder. Ein ideales Designprodukt, um Kinderzimmer zu dekorieren und mit Farbe und S\u00fc\u00dfe zu f\u00fcllen.\" \/>\n<meta name=\"robots\" content=\"index, follow, max-snippet:-1, max-image-preview:large, max-video-preview:-1\" \/>\n<link rel=\"canonical\" href=\"https:\/\/crochetts.com\/de\/tienda\/kinderbild-hirsche-mit-ballon\/\" \/>\n<meta property=\"og:locale\" content=\"de_DE\" \/>\n<meta property=\"og:type\" content=\"article\" \/>\n<meta property=\"og:title\" content=\"KINDERBILD HIRSCHE MIT BALLON\" \/>\n<meta property=\"og:description\" content=\"Dekoratives Kinderposter mit einer fr\u00f6hlichen Zeichnung in Form eines Rehkitzes in einem Ballon.  Ein Designprodukt, das sich ideal f\u00fcr die Dekoration von Kinderzimmern eignet und sie mit Farbe und S\u00fc\u00dfe erf\u00fcllt. Erh\u00e4ltlich in zwei Varianten:   Nicht unterst\u00fctzte Folie : Folie im Format A3 . Gedruckt auf hochwertigem , mattem Papier mit einer Grammatur von 240 gr\/m2.  Lamina mit Rahmen: Inklusive dekorativem wei\u00dfem, strukturiertem Holzrahmen mit Schutz und Hakensystem.  Die Folienpr\u00e4gung mit handgefertigten Glitzerdetails verleiht Ihrem Design einen einzigartigen Glanz und verleiht ihm eine besondere Note.    &nbsp;    &nbsp;\" \/>\n<meta property=\"og:url\" content=\"https:\/\/crochetts.com\/de\/tienda\/kinderbild-hirsche-mit-ballon\/\" \/>\n<meta property=\"og:site_name\" content=\"Crochetts\" \/>\n<meta property=\"article:publisher\" content=\"https:\/\/www.facebook.com\/Crochetts-101964178013493\" \/>\n<meta property=\"og:image\" content=\"https:\/\/crochetts.com\/wp-content\/uploads\/2021\/01\/LMN-11-C-1-1.jpg\" \/>\n\t<meta property=\"og:image:width\" content=\"800\" \/>\n\t<meta property=\"og:image:height\" content=\"1200\" \/>\n\t<meta property=\"og:image:type\" content=\"image\/jpeg\" \/>\n<meta name=\"twitter:card\" content=\"summary_large_image\" \/>\n<meta name=\"twitter:label1\" content=\"Verf\u00fcgbarkeit\" \/>\n\t<meta name=\"twitter:data1\" content=\"Auf Lager\" \/>\n<script type=\"application\/ld+json\" class=\"yoast-schema-graph\">{\"@context\":\"https:\\\/\\\/schema.org\",\"@graph\":[{\"@type\":\"WebPage\",\"@id\":\"https:\\\/\\\/crochetts.com\\\/de\\\/tienda\\\/kinderbild-hirsche-mit-ballon\\\/\",\"url\":\"https:\\\/\\\/crochetts.com\\\/de\\\/tienda\\\/kinderbild-hirsche-mit-ballon\\\/\",\"name\":\"A3-Folie, gerahmt oder mit Aufh\u00e4nger -% Crochetts% Crochetts% Crochetts% Crochetts%\",\"isPartOf\":{\"@id\":\"https:\\\/\\\/crochetts.com\\\/de\\\/#website\"},\"primaryImageOfPage\":{\"@id\":\"https:\\\/\\\/crochetts.com\\\/de\\\/tienda\\\/kinderbild-hirsche-mit-ballon\\\/#primaryimage\"},\"image\":{\"@id\":\"https:\\\/\\\/crochetts.com\\\/de\\\/tienda\\\/kinderbild-hirsche-mit-ballon\\\/#primaryimage\"},\"thumbnailUrl\":\"https:\\\/\\\/crochetts.com\\\/wp-content\\\/uploads\\\/2021\\\/01\\\/LMN-11-C-1-1.jpg\",\"datePublished\":\"2021-01-18T16:51:12+00:00\",\"description\":\"Dekorative Wandkunst f\u00fcr Kinder. Ein ideales Designprodukt, um Kinderzimmer zu dekorieren und mit Farbe und S\u00fc\u00dfe zu f\u00fcllen.\",\"breadcrumb\":{\"@id\":\"https:\\\/\\\/crochetts.com\\\/de\\\/tienda\\\/kinderbild-hirsche-mit-ballon\\\/#breadcrumb\"},\"inLanguage\":\"de\",\"potentialAction\":[{\"@type\":\"ReadAction\",\"target\":[\"https:\\\/\\\/crochetts.com\\\/de\\\/tienda\\\/kinderbild-hirsche-mit-ballon\\\/\"]}]},{\"@type\":\"ImageObject\",\"inLanguage\":\"de\",\"@id\":\"https:\\\/\\\/crochetts.com\\\/de\\\/tienda\\\/kinderbild-hirsche-mit-ballon\\\/#primaryimage\",\"url\":\"https:\\\/\\\/crochetts.com\\\/wp-content\\\/uploads\\\/2021\\\/01\\\/LMN-11-C-1-1.jpg\",\"contentUrl\":\"https:\\\/\\\/crochetts.com\\\/wp-content\\\/uploads\\\/2021\\\/01\\\/LMN-11-C-1-1.jpg\",\"width\":800,\"height\":1200,\"caption\":\"Kinderbild Hirsch mit Luftballon\"},{\"@type\":\"BreadcrumbList\",\"@id\":\"https:\\\/\\\/crochetts.com\\\/de\\\/tienda\\\/kinderbild-hirsche-mit-ballon\\\/#breadcrumb\",\"itemListElement\":[{\"@type\":\"ListItem\",\"position\":1,\"name\":\"Portada\",\"item\":\"https:\\\/\\\/crochetts.com\\\/de\\\/startseite\\\/\"},{\"@type\":\"ListItem\",\"position\":2,\"name\":\"Shop\",\"item\":\"https:\\\/\\\/crochetts.com\\\/de\\\/shop\\\/\"},{\"@type\":\"ListItem\",\"position\":3,\"name\":\"KINDERBILD HIRSCHE MIT BALLON\"}]},{\"@type\":\"WebSite\",\"@id\":\"https:\\\/\\\/crochetts.com\\\/de\\\/#website\",\"url\":\"https:\\\/\\\/crochetts.com\\\/de\\\/\",\"name\":\"Crochetts\",\"description\":\"ANIMALES DE CROCHET PARA JUGAR,DECORAR Y SO\u00d1AR\",\"publisher\":{\"@id\":\"https:\\\/\\\/crochetts.com\\\/de\\\/#organization\"},\"potentialAction\":[{\"@type\":\"SearchAction\",\"target\":{\"@type\":\"EntryPoint\",\"urlTemplate\":\"https:\\\/\\\/crochetts.com\\\/de\\\/?s={search_term_string}\"},\"query-input\":{\"@type\":\"PropertyValueSpecification\",\"valueRequired\":true,\"valueName\":\"search_term_string\"}}],\"inLanguage\":\"de\"},{\"@type\":\"Organization\",\"@id\":\"https:\\\/\\\/crochetts.com\\\/de\\\/#organization\",\"name\":\"H\u00e4keln\",\"url\":\"https:\\\/\\\/crochetts.com\\\/de\\\/\",\"logo\":{\"@type\":\"ImageObject\",\"inLanguage\":\"de\",\"@id\":\"https:\\\/\\\/crochetts.com\\\/de\\\/#\\\/schema\\\/logo\\\/image\\\/\",\"url\":\"https:\\\/\\\/i2.wp.com\\\/crochetts.com\\\/wp-content\\\/uploads\\\/2021\\\/01\\\/Logo-Crochetts.jpg?fit=300%2C137&ssl=1\",\"contentUrl\":\"https:\\\/\\\/i2.wp.com\\\/crochetts.com\\\/wp-content\\\/uploads\\\/2021\\\/01\\\/Logo-Crochetts.jpg?fit=300%2C137&ssl=1\",\"width\":300,\"height\":137,\"caption\":\"H\u00e4keln\"},\"image\":{\"@id\":\"https:\\\/\\\/crochetts.com\\\/de\\\/#\\\/schema\\\/logo\\\/image\\\/\"},\"sameAs\":[\"https:\\\/\\\/www.facebook.com\\\/Crochetts-101964178013493\",\"https:\\\/\\\/www.instagram.com\\\/crochetts_\\\/\"]}]}<\/script>\n<meta property=\"og:availability\" content=\"instock\" \/>\n<meta property=\"product:availability\" content=\"instock\" \/>\n<meta property=\"product:retailer_item_id\" content=\"LMN-11-1\" \/>\n<meta property=\"product:condition\" content=\"new\" \/>\n<!-- \/ Yoast SEO Premium plugin. -->","yoast_head_json":{"title":"A3-Folie, gerahmt oder mit Aufh\u00e4nger -% Crochetts% Crochetts% Crochetts% Crochetts%","description":"Dekorative Wandkunst f\u00fcr Kinder. Ein ideales Designprodukt, um Kinderzimmer zu dekorieren und mit Farbe und S\u00fc\u00dfe zu f\u00fcllen.","robots":{"index":"index","follow":"follow","max-snippet":"max-snippet:-1","max-image-preview":"max-image-preview:large","max-video-preview":"max-video-preview:-1"},"canonical":"https:\/\/crochetts.com\/de\/tienda\/kinderbild-hirsche-mit-ballon\/","og_locale":"de_DE","og_type":"article","og_title":"KINDERBILD HIRSCHE MIT BALLON","og_description":"Dekoratives Kinderposter mit einer fr\u00f6hlichen Zeichnung in Form eines Rehkitzes in einem Ballon.  Ein Designprodukt, das sich ideal f\u00fcr die Dekoration von Kinderzimmern eignet und sie mit Farbe und S\u00fc\u00dfe erf\u00fcllt. Erh\u00e4ltlich in zwei Varianten:   Nicht unterst\u00fctzte Folie : Folie im Format A3 . Gedruckt auf hochwertigem , mattem Papier mit einer Grammatur von 240 gr\/m2.  Lamina mit Rahmen: Inklusive dekorativem wei\u00dfem, strukturiertem Holzrahmen mit Schutz und Hakensystem.  Die Folienpr\u00e4gung mit handgefertigten Glitzerdetails verleiht Ihrem Design einen einzigartigen Glanz und verleiht ihm eine besondere Note.    &nbsp;    &nbsp;","og_url":"https:\/\/crochetts.com\/de\/tienda\/kinderbild-hirsche-mit-ballon\/","og_site_name":"Crochetts","article_publisher":"https:\/\/www.facebook.com\/Crochetts-101964178013493","og_image":[{"width":800,"height":1200,"url":"https:\/\/crochetts.com\/wp-content\/uploads\/2021\/01\/LMN-11-C-1-1.jpg","type":"image\/jpeg"}],"twitter_card":"summary_large_image","twitter_misc":{"Verf\u00fcgbarkeit":"Auf Lager"},"schema":{"@context":"https:\/\/schema.org","@graph":[{"@type":"WebPage","@id":"https:\/\/crochetts.com\/de\/tienda\/kinderbild-hirsche-mit-ballon\/","url":"https:\/\/crochetts.com\/de\/tienda\/kinderbild-hirsche-mit-ballon\/","name":"A3-Folie, gerahmt oder mit Aufh\u00e4nger -% Crochetts% Crochetts% Crochetts% Crochetts%","isPartOf":{"@id":"https:\/\/crochetts.com\/de\/#website"},"primaryImageOfPage":{"@id":"https:\/\/crochetts.com\/de\/tienda\/kinderbild-hirsche-mit-ballon\/#primaryimage"},"image":{"@id":"https:\/\/crochetts.com\/de\/tienda\/kinderbild-hirsche-mit-ballon\/#primaryimage"},"thumbnailUrl":"https:\/\/crochetts.com\/wp-content\/uploads\/2021\/01\/LMN-11-C-1-1.jpg","datePublished":"2021-01-18T16:51:12+00:00","description":"Dekorative Wandkunst f\u00fcr Kinder. Ein ideales Designprodukt, um Kinderzimmer zu dekorieren und mit Farbe und S\u00fc\u00dfe zu f\u00fcllen.","breadcrumb":{"@id":"https:\/\/crochetts.com\/de\/tienda\/kinderbild-hirsche-mit-ballon\/#breadcrumb"},"inLanguage":"de","potentialAction":[{"@type":"ReadAction","target":["https:\/\/crochetts.com\/de\/tienda\/kinderbild-hirsche-mit-ballon\/"]}]},{"@type":"ImageObject","inLanguage":"de","@id":"https:\/\/crochetts.com\/de\/tienda\/kinderbild-hirsche-mit-ballon\/#primaryimage","url":"https:\/\/crochetts.com\/wp-content\/uploads\/2021\/01\/LMN-11-C-1-1.jpg","contentUrl":"https:\/\/crochetts.com\/wp-content\/uploads\/2021\/01\/LMN-11-C-1-1.jpg","width":800,"height":1200,"caption":"Kinderbild Hirsch mit Luftballon"},{"@type":"BreadcrumbList","@id":"https:\/\/crochetts.com\/de\/tienda\/kinderbild-hirsche-mit-ballon\/#breadcrumb","itemListElement":[{"@type":"ListItem","position":1,"name":"Portada","item":"https:\/\/crochetts.com\/de\/startseite\/"},{"@type":"ListItem","position":2,"name":"Shop","item":"https:\/\/crochetts.com\/de\/shop\/"},{"@type":"ListItem","position":3,"name":"KINDERBILD HIRSCHE MIT BALLON"}]},{"@type":"WebSite","@id":"https:\/\/crochetts.com\/de\/#website","url":"https:\/\/crochetts.com\/de\/","name":"Crochetts","description":"ANIMALES DE CROCHET PARA JUGAR,DECORAR Y SO\u00d1AR","publisher":{"@id":"https:\/\/crochetts.com\/de\/#organization"},"potentialAction":[{"@type":"SearchAction","target":{"@type":"EntryPoint","urlTemplate":"https:\/\/crochetts.com\/de\/?s={search_term_string}"},"query-input":{"@type":"PropertyValueSpecification","valueRequired":true,"valueName":"search_term_string"}}],"inLanguage":"de"},{"@type":"Organization","@id":"https:\/\/crochetts.com\/de\/#organization","name":"H\u00e4keln","url":"https:\/\/crochetts.com\/de\/","logo":{"@type":"ImageObject","inLanguage":"de","@id":"https:\/\/crochetts.com\/de\/#\/schema\/logo\/image\/","url":"https:\/\/i2.wp.com\/crochetts.com\/wp-content\/uploads\/2021\/01\/Logo-Crochetts.jpg?fit=300%2C137&ssl=1","contentUrl":"https:\/\/i2.wp.com\/crochetts.com\/wp-content\/uploads\/2021\/01\/Logo-Crochetts.jpg?fit=300%2C137&ssl=1","width":300,"height":137,"caption":"H\u00e4keln"},"image":{"@id":"https:\/\/crochetts.com\/de\/#\/schema\/logo\/image\/"},"sameAs":["https:\/\/www.facebook.com\/Crochetts-101964178013493","https:\/\/www.instagram.com\/crochetts_\/"]}]},"og_availability":"instock","product_availability":"instock","product_retailer_item_id":"LMN-11-1","product_condition":"new"},"_links":{"self":[{"href":"https:\/\/crochetts.com\/de\/wp-json\/wp\/v2\/product\/26822","targetHints":{"allow":["GET"]}}],"collection":[{"href":"https:\/\/crochetts.com\/de\/wp-json\/wp\/v2\/product"}],"about":[{"href":"https:\/\/crochetts.com\/de\/wp-json\/wp\/v2\/types\/product"}],"wp:featuredmedia":[{"embeddable":true,"href":"https:\/\/crochetts.com\/de\/wp-json\/wp\/v2\/media\/26832"}],"wp:attachment":[{"href":"https:\/\/crochetts.com\/de\/wp-json\/wp\/v2\/media?parent=26822"}],"wp:term":[{"taxonomy":"product_brand","embeddable":true,"href":"https:\/\/crochetts.com\/de\/wp-json\/wp\/v2\/product_brand?post=26822"},{"taxonomy":"product_cat","embeddable":true,"href":"https:\/\/crochetts.com\/de\/wp-json\/wp\/v2\/product_cat?post=26822"},{"taxonomy":"product_tag","embeddable":true,"href":"https:\/\/crochetts.com\/de\/wp-json\/wp\/v2\/product_tag?post=26822"}],"curies":[{"name":"wp","href":"https:\/\/api.w.org\/{rel}","templated":true}]}}