{"id":26752,"date":"2020-12-23T07:47:36","date_gmt":"2020-12-23T07:47:36","guid":{"rendered":"https:\/\/crochetts.com\/tienda\/esel-haekeln-blatt_2\/"},"modified":"2025-11-26T10:36:16","modified_gmt":"2025-11-26T09:36:16","slug":"esel-haekeln-blatt_2","status":"publish","type":"product","link":"https:\/\/crochetts.com\/de\/tienda\/esel-haekeln-blatt_2\/","title":{"rendered":"ESEL H\u00c4KELN BLATT_2"},"content":{"rendered":"<p><strong>Druck:<\/strong> Format A3 (420&#215;297 mm). Gedruckt auf hochwertigem, mattem Papier mit einer Grammatur von 240 gr\/m2. <\/p>\n<p><strong>Gestell:<\/strong> MDF-Holzrahmen. Texturierte wei\u00dfe Oberfl\u00e4che. Glasabdeckung, R\u00fcckseite aus MDF-Holz und Aufh\u00e4ngesystem f\u00fcr die Wandmontage. Ma\u00dfe mit Rahmen: 33x2x43 cm - Gewicht: 1060 gr.   <\/p>\n<p><strong>Aufh\u00e4nger: <\/strong>Fester, auf das Blatt geleimter Holztr\u00e4ger. In Naturfarbe lackiert, ohne Lackierung. Aufh\u00e4ngesystem mit Seil. Handgefertigt.   <\/p>\n<p>&nbsp;<\/p>\n","protected":false},"excerpt":{"rendered":"<div style=\"text-align: justify;\">\n<p><strong>Dekorativer Druck f\u00fcr Kinder<\/strong> mit einem geh\u00e4kelten Pferdemotiv.<\/p>\n<p>Ideales Designprodukt, um Kinderzimmer zu dekorieren und mit Farbe und S\u00fc\u00dfe zu f\u00fcllen. Die ideale Erg\u00e4nzung zu unserer Familie der geh\u00e4kelten Stofftiere. <\/p>\n<p><strong>Film im Format A3<\/strong>. Gedruckt auf <strong>hochwertigem, mattem Papier<\/strong> mit einer Grammatur von 240 gr\/m2. <\/p>\n<p>Erh\u00e4ltlich in <strong>drei Varianten<\/strong>:<br \/>\n- Bogen <strong>ohne St\u00fctze<\/strong>.<br \/>\n- Bogen <strong>mit Rahmen<\/strong>.<br \/>\n- Bogen <strong>mit Holzaufh\u00e4nger<\/strong>.<\/p>\n<\/div>\n","protected":false},"featured_media":26755,"template":"","meta":{"_acf_changed":false,"_joinchat":[]},"product_brand":[],"product_cat":[6292,6186],"product_tag":[],"class_list":{"0":"post-26752","1":"product","2":"type-product","3":"status-publish","4":"has-post-thumbnail","6":"product_cat-lamps","7":"product_cat-startseite","8":"entry","10":"first","11":"instock","12":"taxable","13":"shipping-taxable","14":"purchasable","15":"product-type-variable"},"acf":[],"yoast_head":"<!-- This site is optimized with the Yoast SEO Premium plugin v26.1 (Yoast SEO v27.3) - https:\/\/yoast.com\/product\/yoast-seo-premium-wordpress\/ -->\n<title>ESEL H\u00c4KELN BLATT_2 - Crochetts<\/title>\n<meta name=\"description\" content=\"Dekorativer Kinderdruck mit einem geh\u00e4kelten Teddymotiv. Die ideale Erg\u00e4nzung zu unserer Familie der H\u00e4kelteddys.\" \/>\n<meta name=\"robots\" content=\"index, follow, max-snippet:-1, max-image-preview:large, max-video-preview:-1\" \/>\n<link rel=\"canonical\" href=\"https:\/\/crochetts.com\/de\/tienda\/esel-haekeln-blatt_2\/\" \/>\n<meta property=\"og:locale\" content=\"de_DE\" \/>\n<meta property=\"og:type\" content=\"article\" \/>\n<meta property=\"og:title\" content=\"ESEL H\u00c4KELN BLATT_2\" \/>\n<meta property=\"og:description\" content=\"Dekorativer Druck f\u00fcr Kinder mit einem geh\u00e4kelten Pferdemotiv. Ideales Designprodukt, um Kinderzimmer zu dekorieren und mit Farbe und S\u00fc\u00dfe zu f\u00fcllen. Die ideale Erg\u00e4nzung zu unserer Familie der geh\u00e4kelten Stofftiere.  Film im Format A3. Gedruckt auf hochwertigem, mattem Papier mit einer Grammatur von 240 gr\/m2.  Erh\u00e4ltlich in drei Varianten: - Bogen ohne St\u00fctze. - Bogen mit Rahmen. - Bogen mit Holzaufh\u00e4nger.\" \/>\n<meta property=\"og:url\" content=\"https:\/\/crochetts.com\/de\/tienda\/esel-haekeln-blatt_2\/\" \/>\n<meta property=\"og:site_name\" content=\"Crochetts\" \/>\n<meta property=\"article:publisher\" content=\"https:\/\/www.facebook.com\/Crochetts-101964178013493\" \/>\n<meta property=\"article:modified_time\" content=\"2025-11-26T09:36:16+00:00\" \/>\n<meta property=\"og:image\" content=\"https:\/\/crochetts.com\/wp-content\/uploads\/2020\/12\/CDR-0034-2.jpg\" \/>\n\t<meta property=\"og:image:width\" content=\"801\" \/>\n\t<meta property=\"og:image:height\" content=\"1200\" \/>\n\t<meta property=\"og:image:type\" content=\"image\/jpeg\" \/>\n<meta name=\"twitter:card\" content=\"summary_large_image\" \/>\n<meta name=\"twitter:label1\" content=\"Verf\u00fcgbarkeit\" \/>\n\t<meta name=\"twitter:data1\" content=\"Auf Lager\" \/>\n<script type=\"application\/ld+json\" class=\"yoast-schema-graph\">{\"@context\":\"https:\\\/\\\/schema.org\",\"@graph\":[{\"@type\":\"WebPage\",\"@id\":\"https:\\\/\\\/crochetts.com\\\/de\\\/tienda\\\/esel-haekeln-blatt_2\\\/\",\"url\":\"https:\\\/\\\/crochetts.com\\\/de\\\/tienda\\\/esel-haekeln-blatt_2\\\/\",\"name\":\"ESEL H\u00c4KELN BLATT_2 - Crochetts\",\"isPartOf\":{\"@id\":\"https:\\\/\\\/crochetts.com\\\/de\\\/#website\"},\"primaryImageOfPage\":{\"@id\":\"https:\\\/\\\/crochetts.com\\\/de\\\/tienda\\\/esel-haekeln-blatt_2\\\/#primaryimage\"},\"image\":{\"@id\":\"https:\\\/\\\/crochetts.com\\\/de\\\/tienda\\\/esel-haekeln-blatt_2\\\/#primaryimage\"},\"thumbnailUrl\":\"https:\\\/\\\/crochetts.com\\\/wp-content\\\/uploads\\\/2020\\\/12\\\/CDR-0034-2.jpg\",\"datePublished\":\"2020-12-23T07:47:36+00:00\",\"dateModified\":\"2025-11-26T09:36:16+00:00\",\"description\":\"Dekorativer Kinderdruck mit einem geh\u00e4kelten Teddymotiv. Die ideale Erg\u00e4nzung zu unserer Familie der H\u00e4kelteddys.\",\"breadcrumb\":{\"@id\":\"https:\\\/\\\/crochetts.com\\\/de\\\/tienda\\\/esel-haekeln-blatt_2\\\/#breadcrumb\"},\"inLanguage\":\"de\",\"potentialAction\":[{\"@type\":\"ReadAction\",\"target\":[\"https:\\\/\\\/crochetts.com\\\/de\\\/tienda\\\/esel-haekeln-blatt_2\\\/\"]}]},{\"@type\":\"ImageObject\",\"inLanguage\":\"de\",\"@id\":\"https:\\\/\\\/crochetts.com\\\/de\\\/tienda\\\/esel-haekeln-blatt_2\\\/#primaryimage\",\"url\":\"https:\\\/\\\/crochetts.com\\\/wp-content\\\/uploads\\\/2020\\\/12\\\/CDR-0034-2.jpg\",\"contentUrl\":\"https:\\\/\\\/crochetts.com\\\/wp-content\\\/uploads\\\/2020\\\/12\\\/CDR-0034-2.jpg\",\"width\":801,\"height\":1200,\"caption\":\"Blatt Esel h\u00e4keln\"},{\"@type\":\"BreadcrumbList\",\"@id\":\"https:\\\/\\\/crochetts.com\\\/de\\\/tienda\\\/esel-haekeln-blatt_2\\\/#breadcrumb\",\"itemListElement\":[{\"@type\":\"ListItem\",\"position\":1,\"name\":\"Portada\",\"item\":\"https:\\\/\\\/crochetts.com\\\/de\\\/startseite\\\/\"},{\"@type\":\"ListItem\",\"position\":2,\"name\":\"Shop\",\"item\":\"https:\\\/\\\/crochetts.com\\\/de\\\/shop\\\/\"},{\"@type\":\"ListItem\",\"position\":3,\"name\":\"ESEL H\u00c4KELN BLATT_2\"}]},{\"@type\":\"WebSite\",\"@id\":\"https:\\\/\\\/crochetts.com\\\/de\\\/#website\",\"url\":\"https:\\\/\\\/crochetts.com\\\/de\\\/\",\"name\":\"Crochetts\",\"description\":\"ANIMALES DE CROCHET PARA JUGAR,DECORAR Y SO\u00d1AR\",\"publisher\":{\"@id\":\"https:\\\/\\\/crochetts.com\\\/de\\\/#organization\"},\"potentialAction\":[{\"@type\":\"SearchAction\",\"target\":{\"@type\":\"EntryPoint\",\"urlTemplate\":\"https:\\\/\\\/crochetts.com\\\/de\\\/?s={search_term_string}\"},\"query-input\":{\"@type\":\"PropertyValueSpecification\",\"valueRequired\":true,\"valueName\":\"search_term_string\"}}],\"inLanguage\":\"de\"},{\"@type\":\"Organization\",\"@id\":\"https:\\\/\\\/crochetts.com\\\/de\\\/#organization\",\"name\":\"H\u00e4keln\",\"url\":\"https:\\\/\\\/crochetts.com\\\/de\\\/\",\"logo\":{\"@type\":\"ImageObject\",\"inLanguage\":\"de\",\"@id\":\"https:\\\/\\\/crochetts.com\\\/de\\\/#\\\/schema\\\/logo\\\/image\\\/\",\"url\":\"https:\\\/\\\/i2.wp.com\\\/crochetts.com\\\/wp-content\\\/uploads\\\/2021\\\/01\\\/Logo-Crochetts.jpg?fit=300%2C137&ssl=1\",\"contentUrl\":\"https:\\\/\\\/i2.wp.com\\\/crochetts.com\\\/wp-content\\\/uploads\\\/2021\\\/01\\\/Logo-Crochetts.jpg?fit=300%2C137&ssl=1\",\"width\":300,\"height\":137,\"caption\":\"H\u00e4keln\"},\"image\":{\"@id\":\"https:\\\/\\\/crochetts.com\\\/de\\\/#\\\/schema\\\/logo\\\/image\\\/\"},\"sameAs\":[\"https:\\\/\\\/www.facebook.com\\\/Crochetts-101964178013493\",\"https:\\\/\\\/www.instagram.com\\\/crochetts_\\\/\"]}]}<\/script>\n<meta property=\"og:availability\" content=\"instock\" \/>\n<meta property=\"product:availability\" content=\"instock\" \/>\n<meta property=\"product:retailer_item_id\" content=\"LMN-CR-0034\" \/>\n<meta property=\"product:condition\" content=\"new\" \/>\n<!-- \/ Yoast SEO Premium plugin. -->","yoast_head_json":{"title":"ESEL H\u00c4KELN BLATT_2 - Crochetts","description":"Dekorativer Kinderdruck mit einem geh\u00e4kelten Teddymotiv. Die ideale Erg\u00e4nzung zu unserer Familie der H\u00e4kelteddys.","robots":{"index":"index","follow":"follow","max-snippet":"max-snippet:-1","max-image-preview":"max-image-preview:large","max-video-preview":"max-video-preview:-1"},"canonical":"https:\/\/crochetts.com\/de\/tienda\/esel-haekeln-blatt_2\/","og_locale":"de_DE","og_type":"article","og_title":"ESEL H\u00c4KELN BLATT_2","og_description":"Dekorativer Druck f\u00fcr Kinder mit einem geh\u00e4kelten Pferdemotiv. Ideales Designprodukt, um Kinderzimmer zu dekorieren und mit Farbe und S\u00fc\u00dfe zu f\u00fcllen. Die ideale Erg\u00e4nzung zu unserer Familie der geh\u00e4kelten Stofftiere.  Film im Format A3. Gedruckt auf hochwertigem, mattem Papier mit einer Grammatur von 240 gr\/m2.  Erh\u00e4ltlich in drei Varianten: - Bogen ohne St\u00fctze. - Bogen mit Rahmen. - Bogen mit Holzaufh\u00e4nger.","og_url":"https:\/\/crochetts.com\/de\/tienda\/esel-haekeln-blatt_2\/","og_site_name":"Crochetts","article_publisher":"https:\/\/www.facebook.com\/Crochetts-101964178013493","article_modified_time":"2025-11-26T09:36:16+00:00","og_image":[{"width":801,"height":1200,"url":"https:\/\/crochetts.com\/wp-content\/uploads\/2020\/12\/CDR-0034-2.jpg","type":"image\/jpeg"}],"twitter_card":"summary_large_image","twitter_misc":{"Verf\u00fcgbarkeit":"Auf Lager"},"schema":{"@context":"https:\/\/schema.org","@graph":[{"@type":"WebPage","@id":"https:\/\/crochetts.com\/de\/tienda\/esel-haekeln-blatt_2\/","url":"https:\/\/crochetts.com\/de\/tienda\/esel-haekeln-blatt_2\/","name":"ESEL H\u00c4KELN BLATT_2 - Crochetts","isPartOf":{"@id":"https:\/\/crochetts.com\/de\/#website"},"primaryImageOfPage":{"@id":"https:\/\/crochetts.com\/de\/tienda\/esel-haekeln-blatt_2\/#primaryimage"},"image":{"@id":"https:\/\/crochetts.com\/de\/tienda\/esel-haekeln-blatt_2\/#primaryimage"},"thumbnailUrl":"https:\/\/crochetts.com\/wp-content\/uploads\/2020\/12\/CDR-0034-2.jpg","datePublished":"2020-12-23T07:47:36+00:00","dateModified":"2025-11-26T09:36:16+00:00","description":"Dekorativer Kinderdruck mit einem geh\u00e4kelten Teddymotiv. Die ideale Erg\u00e4nzung zu unserer Familie der H\u00e4kelteddys.","breadcrumb":{"@id":"https:\/\/crochetts.com\/de\/tienda\/esel-haekeln-blatt_2\/#breadcrumb"},"inLanguage":"de","potentialAction":[{"@type":"ReadAction","target":["https:\/\/crochetts.com\/de\/tienda\/esel-haekeln-blatt_2\/"]}]},{"@type":"ImageObject","inLanguage":"de","@id":"https:\/\/crochetts.com\/de\/tienda\/esel-haekeln-blatt_2\/#primaryimage","url":"https:\/\/crochetts.com\/wp-content\/uploads\/2020\/12\/CDR-0034-2.jpg","contentUrl":"https:\/\/crochetts.com\/wp-content\/uploads\/2020\/12\/CDR-0034-2.jpg","width":801,"height":1200,"caption":"Blatt Esel h\u00e4keln"},{"@type":"BreadcrumbList","@id":"https:\/\/crochetts.com\/de\/tienda\/esel-haekeln-blatt_2\/#breadcrumb","itemListElement":[{"@type":"ListItem","position":1,"name":"Portada","item":"https:\/\/crochetts.com\/de\/startseite\/"},{"@type":"ListItem","position":2,"name":"Shop","item":"https:\/\/crochetts.com\/de\/shop\/"},{"@type":"ListItem","position":3,"name":"ESEL H\u00c4KELN BLATT_2"}]},{"@type":"WebSite","@id":"https:\/\/crochetts.com\/de\/#website","url":"https:\/\/crochetts.com\/de\/","name":"Crochetts","description":"ANIMALES DE CROCHET PARA JUGAR,DECORAR Y SO\u00d1AR","publisher":{"@id":"https:\/\/crochetts.com\/de\/#organization"},"potentialAction":[{"@type":"SearchAction","target":{"@type":"EntryPoint","urlTemplate":"https:\/\/crochetts.com\/de\/?s={search_term_string}"},"query-input":{"@type":"PropertyValueSpecification","valueRequired":true,"valueName":"search_term_string"}}],"inLanguage":"de"},{"@type":"Organization","@id":"https:\/\/crochetts.com\/de\/#organization","name":"H\u00e4keln","url":"https:\/\/crochetts.com\/de\/","logo":{"@type":"ImageObject","inLanguage":"de","@id":"https:\/\/crochetts.com\/de\/#\/schema\/logo\/image\/","url":"https:\/\/i2.wp.com\/crochetts.com\/wp-content\/uploads\/2021\/01\/Logo-Crochetts.jpg?fit=300%2C137&ssl=1","contentUrl":"https:\/\/i2.wp.com\/crochetts.com\/wp-content\/uploads\/2021\/01\/Logo-Crochetts.jpg?fit=300%2C137&ssl=1","width":300,"height":137,"caption":"H\u00e4keln"},"image":{"@id":"https:\/\/crochetts.com\/de\/#\/schema\/logo\/image\/"},"sameAs":["https:\/\/www.facebook.com\/Crochetts-101964178013493","https:\/\/www.instagram.com\/crochetts_\/"]}]},"og_availability":"instock","product_availability":"instock","product_retailer_item_id":"LMN-CR-0034","product_condition":"new"},"_links":{"self":[{"href":"https:\/\/crochetts.com\/de\/wp-json\/wp\/v2\/product\/26752","targetHints":{"allow":["GET"]}}],"collection":[{"href":"https:\/\/crochetts.com\/de\/wp-json\/wp\/v2\/product"}],"about":[{"href":"https:\/\/crochetts.com\/de\/wp-json\/wp\/v2\/types\/product"}],"wp:featuredmedia":[{"embeddable":true,"href":"https:\/\/crochetts.com\/de\/wp-json\/wp\/v2\/media\/26755"}],"wp:attachment":[{"href":"https:\/\/crochetts.com\/de\/wp-json\/wp\/v2\/media?parent=26752"}],"wp:term":[{"taxonomy":"product_brand","embeddable":true,"href":"https:\/\/crochetts.com\/de\/wp-json\/wp\/v2\/product_brand?post=26752"},{"taxonomy":"product_cat","embeddable":true,"href":"https:\/\/crochetts.com\/de\/wp-json\/wp\/v2\/product_cat?post=26752"},{"taxonomy":"product_tag","embeddable":true,"href":"https:\/\/crochetts.com\/de\/wp-json\/wp\/v2\/product_tag?post=26752"}],"curies":[{"name":"wp","href":"https:\/\/api.w.org\/{rel}","templated":true}]}}