{"id":26610,"date":"2021-01-19T08:06:00","date_gmt":"2021-01-19T08:06:00","guid":{"rendered":"https:\/\/crochetts.com\/tienda\/dino-fantasy-poster-gemaelde\/"},"modified":"2021-01-19T08:06:00","modified_gmt":"2021-01-19T07:06:00","slug":"dino-fantasy-poster-gemaelde","status":"publish","type":"product","link":"https:\/\/crochetts.com\/de\/tienda\/dino-fantasy-poster-gemaelde\/","title":{"rendered":"DINO FANTASY POSTER GEM\u00c4LDE"},"content":{"rendered":"<p><strong>Druck:<\/strong> Format A3 (420&#215;297 mm). Gedruckt auf hochwertigem, mattem Papier mit einer Grammatur von 240 gr\/m2. <\/p>\n<p><strong>Gestell:<\/strong> MDF-Holzrahmen. Texturierte wei\u00dfe Oberfl\u00e4che. Glasabdeckung, R\u00fcckseite aus MDF-Holz und Aufh\u00e4ngesystem f\u00fcr die Wandmontage.   Ma\u00dfe mit Rahmen: 33x2x43 cm - Gewicht: 1060 gr.<\/p>\n<p>&nbsp;<\/p>\n","protected":false},"excerpt":{"rendered":"<div style=\"text-align: justify;\"><strong>Dekoratives Poster f\u00fcr Kinder<\/strong> mit einer fr\u00f6hlichen Zeichnung in Form eines Dinosauriers.<\/div>\n<div>\n<div style=\"text-align: justify;\">Ein Designprodukt, das sich ideal f\u00fcr die <strong>Dekoration von<\/strong> <strong>Kinderzimmern<\/strong> eignet und <strong>sie mit Farbe und S\u00fc\u00dfe erf\u00fcllt<\/strong>.<\/div>\n<div style=\"text-align: justify;\">Erh\u00e4ltlich in <strong>zwei Varianten<\/strong>:<\/div>\n<div style=\"text-align: justify;\">\n<ul>\n<li><strong>Nicht unterst\u00fctzte <\/strong>Folie <strong>: <\/strong>Folie <strong>im Format A3 <\/strong>. Gedruckt auf <strong>hochwertigem<\/strong> <strong>, mattem Papier<\/strong> mit<strong> einer Grammatur von 240 gr\/m2.<\/strong><\/li>\n<li>Lamina <strong>mit Rahmen:<\/strong> Inklusive <strong>dekorativem<\/strong> <strong>wei\u00dfem<\/strong>, strukturiertem <strong>Holzrahmen<\/strong> mit <strong>Schutz<\/strong> und <strong>Hakensystem<\/strong>.<\/li>\n<\/ul>\n<\/div>\n<\/div>\n","protected":false},"featured_media":26616,"template":"","meta":{"_acf_changed":false,"_joinchat":[]},"product_brand":[],"product_cat":[6292,6186],"product_tag":[],"class_list":{"0":"post-26610","1":"product","2":"type-product","3":"status-publish","4":"has-post-thumbnail","6":"product_cat-lamps","7":"product_cat-startseite","8":"entry","10":"first","11":"instock","12":"taxable","13":"shipping-taxable","14":"purchasable","15":"product-type-variable"},"acf":[],"yoast_head":"<!-- This site is optimized with the Yoast SEO Premium plugin v26.1 (Yoast SEO v27.3) - https:\/\/yoast.com\/product\/yoast-seo-premium-wordpress\/ -->\n<title>DINO FANTASY POSTER GEM\u00c4LDE A3, Gerahmt oder mit Aufh\u00e4nger -% % %<\/title>\n<meta name=\"description\" content=\"Dekoratives Poster f\u00fcr Kinder. Ein Designprodukt, das sich ideal f\u00fcr die Dekoration von Kinderzimmern eignet und sie mit Farbe und S\u00fc\u00dfe erf\u00fcllt.\" \/>\n<meta name=\"robots\" content=\"index, follow, max-snippet:-1, max-image-preview:large, max-video-preview:-1\" \/>\n<link rel=\"canonical\" href=\"https:\/\/crochetts.com\/de\/tienda\/dino-fantasy-poster-gemaelde\/\" \/>\n<meta property=\"og:locale\" content=\"de_DE\" \/>\n<meta property=\"og:type\" content=\"article\" \/>\n<meta property=\"og:title\" content=\"DINO FANTASY POSTER GEM\u00c4LDE\" \/>\n<meta property=\"og:description\" content=\"Dekoratives Poster f\u00fcr Kinder mit einer fr\u00f6hlichen Zeichnung in Form eines Dinosauriers. Ein Designprodukt, das sich ideal f\u00fcr die Dekoration von Kinderzimmern eignet und sie mit Farbe und S\u00fc\u00dfe erf\u00fcllt. Erh\u00e4ltlich in zwei Varianten:   Nicht unterst\u00fctzte Folie : Folie im Format A3 . Gedruckt auf hochwertigem , mattem Papier mit einer Grammatur von 240 gr\/m2.  Lamina mit Rahmen: Inklusive dekorativem wei\u00dfem, strukturiertem Holzrahmen mit Schutz und Hakensystem.\" \/>\n<meta property=\"og:url\" content=\"https:\/\/crochetts.com\/de\/tienda\/dino-fantasy-poster-gemaelde\/\" \/>\n<meta property=\"og:site_name\" content=\"Crochetts\" \/>\n<meta property=\"article:publisher\" content=\"https:\/\/www.facebook.com\/Crochetts-101964178013493\" \/>\n<meta property=\"og:image\" content=\"https:\/\/crochetts.com\/wp-content\/uploads\/2021\/01\/LMN-36-C-1-scaled.jpg\" \/>\n\t<meta property=\"og:image:width\" content=\"1943\" \/>\n\t<meta property=\"og:image:height\" content=\"2560\" \/>\n\t<meta property=\"og:image:type\" content=\"image\/jpeg\" \/>\n<meta name=\"twitter:card\" content=\"summary_large_image\" \/>\n<meta name=\"twitter:label1\" content=\"Verf\u00fcgbarkeit\" \/>\n\t<meta name=\"twitter:data1\" content=\"Auf Lager\" \/>\n<script type=\"application\/ld+json\" class=\"yoast-schema-graph\">{\"@context\":\"https:\\\/\\\/schema.org\",\"@graph\":[{\"@type\":\"WebPage\",\"@id\":\"https:\\\/\\\/crochetts.com\\\/de\\\/tienda\\\/dino-fantasy-poster-gemaelde\\\/\",\"url\":\"https:\\\/\\\/crochetts.com\\\/de\\\/tienda\\\/dino-fantasy-poster-gemaelde\\\/\",\"name\":\"DINO FANTASY POSTER GEM\u00c4LDE A3, Gerahmt oder mit Aufh\u00e4nger -% % %\",\"isPartOf\":{\"@id\":\"https:\\\/\\\/crochetts.com\\\/de\\\/#website\"},\"primaryImageOfPage\":{\"@id\":\"https:\\\/\\\/crochetts.com\\\/de\\\/tienda\\\/dino-fantasy-poster-gemaelde\\\/#primaryimage\"},\"image\":{\"@id\":\"https:\\\/\\\/crochetts.com\\\/de\\\/tienda\\\/dino-fantasy-poster-gemaelde\\\/#primaryimage\"},\"thumbnailUrl\":\"https:\\\/\\\/crochetts.com\\\/wp-content\\\/uploads\\\/2021\\\/01\\\/LMN-36-C-1-scaled.jpg\",\"datePublished\":\"2021-01-19T08:06:00+00:00\",\"description\":\"Dekoratives Poster f\u00fcr Kinder. Ein Designprodukt, das sich ideal f\u00fcr die Dekoration von Kinderzimmern eignet und sie mit Farbe und S\u00fc\u00dfe erf\u00fcllt.\",\"breadcrumb\":{\"@id\":\"https:\\\/\\\/crochetts.com\\\/de\\\/tienda\\\/dino-fantasy-poster-gemaelde\\\/#breadcrumb\"},\"inLanguage\":\"de\",\"potentialAction\":[{\"@type\":\"ReadAction\",\"target\":[\"https:\\\/\\\/crochetts.com\\\/de\\\/tienda\\\/dino-fantasy-poster-gemaelde\\\/\"]}]},{\"@type\":\"ImageObject\",\"inLanguage\":\"de\",\"@id\":\"https:\\\/\\\/crochetts.com\\\/de\\\/tienda\\\/dino-fantasy-poster-gemaelde\\\/#primaryimage\",\"url\":\"https:\\\/\\\/crochetts.com\\\/wp-content\\\/uploads\\\/2021\\\/01\\\/LMN-36-C-1-scaled.jpg\",\"contentUrl\":\"https:\\\/\\\/crochetts.com\\\/wp-content\\\/uploads\\\/2021\\\/01\\\/LMN-36-C-1-scaled.jpg\",\"width\":1943,\"height\":2560},{\"@type\":\"BreadcrumbList\",\"@id\":\"https:\\\/\\\/crochetts.com\\\/de\\\/tienda\\\/dino-fantasy-poster-gemaelde\\\/#breadcrumb\",\"itemListElement\":[{\"@type\":\"ListItem\",\"position\":1,\"name\":\"Portada\",\"item\":\"https:\\\/\\\/crochetts.com\\\/de\\\/startseite\\\/\"},{\"@type\":\"ListItem\",\"position\":2,\"name\":\"Shop\",\"item\":\"https:\\\/\\\/crochetts.com\\\/de\\\/shop\\\/\"},{\"@type\":\"ListItem\",\"position\":3,\"name\":\"DINO FANTASY POSTER GEM\u00c4LDE\"}]},{\"@type\":\"WebSite\",\"@id\":\"https:\\\/\\\/crochetts.com\\\/de\\\/#website\",\"url\":\"https:\\\/\\\/crochetts.com\\\/de\\\/\",\"name\":\"Crochetts\",\"description\":\"ANIMALES DE CROCHET PARA JUGAR,DECORAR Y SO\u00d1AR\",\"publisher\":{\"@id\":\"https:\\\/\\\/crochetts.com\\\/de\\\/#organization\"},\"potentialAction\":[{\"@type\":\"SearchAction\",\"target\":{\"@type\":\"EntryPoint\",\"urlTemplate\":\"https:\\\/\\\/crochetts.com\\\/de\\\/?s={search_term_string}\"},\"query-input\":{\"@type\":\"PropertyValueSpecification\",\"valueRequired\":true,\"valueName\":\"search_term_string\"}}],\"inLanguage\":\"de\"},{\"@type\":\"Organization\",\"@id\":\"https:\\\/\\\/crochetts.com\\\/de\\\/#organization\",\"name\":\"H\u00e4keln\",\"url\":\"https:\\\/\\\/crochetts.com\\\/de\\\/\",\"logo\":{\"@type\":\"ImageObject\",\"inLanguage\":\"de\",\"@id\":\"https:\\\/\\\/crochetts.com\\\/de\\\/#\\\/schema\\\/logo\\\/image\\\/\",\"url\":\"https:\\\/\\\/i2.wp.com\\\/crochetts.com\\\/wp-content\\\/uploads\\\/2021\\\/01\\\/Logo-Crochetts.jpg?fit=300%2C137&ssl=1\",\"contentUrl\":\"https:\\\/\\\/i2.wp.com\\\/crochetts.com\\\/wp-content\\\/uploads\\\/2021\\\/01\\\/Logo-Crochetts.jpg?fit=300%2C137&ssl=1\",\"width\":300,\"height\":137,\"caption\":\"H\u00e4keln\"},\"image\":{\"@id\":\"https:\\\/\\\/crochetts.com\\\/de\\\/#\\\/schema\\\/logo\\\/image\\\/\"},\"sameAs\":[\"https:\\\/\\\/www.facebook.com\\\/Crochetts-101964178013493\",\"https:\\\/\\\/www.instagram.com\\\/crochetts_\\\/\"]}]}<\/script>\n<meta property=\"og:availability\" content=\"instock\" \/>\n<meta property=\"product:availability\" content=\"instock\" \/>\n<meta property=\"product:retailer_item_id\" content=\"LMN-36-1\" \/>\n<meta property=\"product:condition\" content=\"new\" \/>\n<!-- \/ Yoast SEO Premium plugin. -->","yoast_head_json":{"title":"DINO FANTASY POSTER GEM\u00c4LDE A3, Gerahmt oder mit Aufh\u00e4nger -% % %","description":"Dekoratives Poster f\u00fcr Kinder. Ein Designprodukt, das sich ideal f\u00fcr die Dekoration von Kinderzimmern eignet und sie mit Farbe und S\u00fc\u00dfe erf\u00fcllt.","robots":{"index":"index","follow":"follow","max-snippet":"max-snippet:-1","max-image-preview":"max-image-preview:large","max-video-preview":"max-video-preview:-1"},"canonical":"https:\/\/crochetts.com\/de\/tienda\/dino-fantasy-poster-gemaelde\/","og_locale":"de_DE","og_type":"article","og_title":"DINO FANTASY POSTER GEM\u00c4LDE","og_description":"Dekoratives Poster f\u00fcr Kinder mit einer fr\u00f6hlichen Zeichnung in Form eines Dinosauriers. Ein Designprodukt, das sich ideal f\u00fcr die Dekoration von Kinderzimmern eignet und sie mit Farbe und S\u00fc\u00dfe erf\u00fcllt. Erh\u00e4ltlich in zwei Varianten:   Nicht unterst\u00fctzte Folie : Folie im Format A3 . Gedruckt auf hochwertigem , mattem Papier mit einer Grammatur von 240 gr\/m2.  Lamina mit Rahmen: Inklusive dekorativem wei\u00dfem, strukturiertem Holzrahmen mit Schutz und Hakensystem.","og_url":"https:\/\/crochetts.com\/de\/tienda\/dino-fantasy-poster-gemaelde\/","og_site_name":"Crochetts","article_publisher":"https:\/\/www.facebook.com\/Crochetts-101964178013493","og_image":[{"width":1943,"height":2560,"url":"https:\/\/crochetts.com\/wp-content\/uploads\/2021\/01\/LMN-36-C-1-scaled.jpg","type":"image\/jpeg"}],"twitter_card":"summary_large_image","twitter_misc":{"Verf\u00fcgbarkeit":"Auf Lager"},"schema":{"@context":"https:\/\/schema.org","@graph":[{"@type":"WebPage","@id":"https:\/\/crochetts.com\/de\/tienda\/dino-fantasy-poster-gemaelde\/","url":"https:\/\/crochetts.com\/de\/tienda\/dino-fantasy-poster-gemaelde\/","name":"DINO FANTASY POSTER GEM\u00c4LDE A3, Gerahmt oder mit Aufh\u00e4nger -% % %","isPartOf":{"@id":"https:\/\/crochetts.com\/de\/#website"},"primaryImageOfPage":{"@id":"https:\/\/crochetts.com\/de\/tienda\/dino-fantasy-poster-gemaelde\/#primaryimage"},"image":{"@id":"https:\/\/crochetts.com\/de\/tienda\/dino-fantasy-poster-gemaelde\/#primaryimage"},"thumbnailUrl":"https:\/\/crochetts.com\/wp-content\/uploads\/2021\/01\/LMN-36-C-1-scaled.jpg","datePublished":"2021-01-19T08:06:00+00:00","description":"Dekoratives Poster f\u00fcr Kinder. Ein Designprodukt, das sich ideal f\u00fcr die Dekoration von Kinderzimmern eignet und sie mit Farbe und S\u00fc\u00dfe erf\u00fcllt.","breadcrumb":{"@id":"https:\/\/crochetts.com\/de\/tienda\/dino-fantasy-poster-gemaelde\/#breadcrumb"},"inLanguage":"de","potentialAction":[{"@type":"ReadAction","target":["https:\/\/crochetts.com\/de\/tienda\/dino-fantasy-poster-gemaelde\/"]}]},{"@type":"ImageObject","inLanguage":"de","@id":"https:\/\/crochetts.com\/de\/tienda\/dino-fantasy-poster-gemaelde\/#primaryimage","url":"https:\/\/crochetts.com\/wp-content\/uploads\/2021\/01\/LMN-36-C-1-scaled.jpg","contentUrl":"https:\/\/crochetts.com\/wp-content\/uploads\/2021\/01\/LMN-36-C-1-scaled.jpg","width":1943,"height":2560},{"@type":"BreadcrumbList","@id":"https:\/\/crochetts.com\/de\/tienda\/dino-fantasy-poster-gemaelde\/#breadcrumb","itemListElement":[{"@type":"ListItem","position":1,"name":"Portada","item":"https:\/\/crochetts.com\/de\/startseite\/"},{"@type":"ListItem","position":2,"name":"Shop","item":"https:\/\/crochetts.com\/de\/shop\/"},{"@type":"ListItem","position":3,"name":"DINO FANTASY POSTER GEM\u00c4LDE"}]},{"@type":"WebSite","@id":"https:\/\/crochetts.com\/de\/#website","url":"https:\/\/crochetts.com\/de\/","name":"Crochetts","description":"ANIMALES DE CROCHET PARA JUGAR,DECORAR Y SO\u00d1AR","publisher":{"@id":"https:\/\/crochetts.com\/de\/#organization"},"potentialAction":[{"@type":"SearchAction","target":{"@type":"EntryPoint","urlTemplate":"https:\/\/crochetts.com\/de\/?s={search_term_string}"},"query-input":{"@type":"PropertyValueSpecification","valueRequired":true,"valueName":"search_term_string"}}],"inLanguage":"de"},{"@type":"Organization","@id":"https:\/\/crochetts.com\/de\/#organization","name":"H\u00e4keln","url":"https:\/\/crochetts.com\/de\/","logo":{"@type":"ImageObject","inLanguage":"de","@id":"https:\/\/crochetts.com\/de\/#\/schema\/logo\/image\/","url":"https:\/\/i2.wp.com\/crochetts.com\/wp-content\/uploads\/2021\/01\/Logo-Crochetts.jpg?fit=300%2C137&ssl=1","contentUrl":"https:\/\/i2.wp.com\/crochetts.com\/wp-content\/uploads\/2021\/01\/Logo-Crochetts.jpg?fit=300%2C137&ssl=1","width":300,"height":137,"caption":"H\u00e4keln"},"image":{"@id":"https:\/\/crochetts.com\/de\/#\/schema\/logo\/image\/"},"sameAs":["https:\/\/www.facebook.com\/Crochetts-101964178013493","https:\/\/www.instagram.com\/crochetts_\/"]}]},"og_availability":"instock","product_availability":"instock","product_retailer_item_id":"LMN-36-1","product_condition":"new"},"_links":{"self":[{"href":"https:\/\/crochetts.com\/de\/wp-json\/wp\/v2\/product\/26610","targetHints":{"allow":["GET"]}}],"collection":[{"href":"https:\/\/crochetts.com\/de\/wp-json\/wp\/v2\/product"}],"about":[{"href":"https:\/\/crochetts.com\/de\/wp-json\/wp\/v2\/types\/product"}],"wp:featuredmedia":[{"embeddable":true,"href":"https:\/\/crochetts.com\/de\/wp-json\/wp\/v2\/media\/26616"}],"wp:attachment":[{"href":"https:\/\/crochetts.com\/de\/wp-json\/wp\/v2\/media?parent=26610"}],"wp:term":[{"taxonomy":"product_brand","embeddable":true,"href":"https:\/\/crochetts.com\/de\/wp-json\/wp\/v2\/product_brand?post=26610"},{"taxonomy":"product_cat","embeddable":true,"href":"https:\/\/crochetts.com\/de\/wp-json\/wp\/v2\/product_cat?post=26610"},{"taxonomy":"product_tag","embeddable":true,"href":"https:\/\/crochetts.com\/de\/wp-json\/wp\/v2\/product_tag?post=26610"}],"curies":[{"name":"wp","href":"https:\/\/api.w.org\/{rel}","templated":true}]}}