{"id":26541,"date":"2021-05-11T09:05:15","date_gmt":"2021-05-11T08:05:15","guid":{"rendered":"https:\/\/crochetts.com\/tienda\/kuschelloewe-troy-sitz\/"},"modified":"2025-11-26T10:27:26","modified_gmt":"2025-11-26T09:27:26","slug":"kuschelloewe-troy-sitz","status":"publish","type":"product","link":"https:\/\/crochetts.com\/de\/tienda\/kuschelloewe-troy-sitz\/","title":{"rendered":"KUSCHELL\u00d6WE TROY SITZ"},"content":{"rendered":"<div style=\"text-align: justify;\">Alle unsere <strong>Puppen <\/strong><em><strong>amigurumis<\/strong> <\/em><span style=\"background-color: transparent;\">sind ausgezeichnete Begleiter <strong>f\u00fcr Kinder<\/strong> jeden Alters. Perfekte <strong>Dekorationselemente<\/strong> in jedem <strong>Kinderzimmer<\/strong> oder ideal f\u00fcr die Verwendung in <strong>Schaufenstern<\/strong>.<\/span><\/div>\n<div style=\"text-align: justify;\">Sie werden nach den <strong>h\u00f6chsten Qualit\u00e4tsstandards <\/strong>entworfen und hergestellt <strong>, wobei <\/strong>stets nat\u00fcrliche Materialien wie Holz und 100% nat\u00fcrliche Baumwolle verwendet werden. Sie sind in <strong>zwei Gr\u00f6\u00dfen <\/strong>erh\u00e4ltlich <strong>. <\/strong>Nur die gro\u00dfen Exemplare <strong>sind mit einer Holzstruktur im Inneren ausgestattet, die bis zu 70 kg Gewicht tragen kann.<\/strong> <\/div>\n<div>\n<p data-start=\"1411\" data-end=\"1779\">Der <strong data-start=\"1414\" data-end=\"1441\">Riesenpl\u00fcschl\u00f6we Maxi<\/strong> ist nicht nur ein Spielzeug: Er ist ein St\u00fcck handgefertigtes Design, das jedes Kinderzimmer in einen Raum voller W\u00e4rme und Pers\u00f6nlichkeit verwandelt. Seine <strong data-start=\"1596\" data-end=\"1624\">handgestickten Details<\/strong> und die sorgf\u00e4ltige Verarbeitung spiegeln den nachhaltigen Geist und die Authentizit\u00e4t von Crochetts\u00ae wider, wo jedes Produkt <strong>mit Liebe, Respekt und Liebe zum Detail hergestellt wird<\/strong>. <\/p>\n<p data-start=\"1781\" data-end=\"2013\">Es enth\u00e4lt einen <strong data-start=\"1801\" data-end=\"1838\">personalisierten Willkommensbrief<\/strong>, in dem sich das Kuscheltier dem Kind vorstellt und so vom ersten Moment an eine besondere Bindung schafft. Ein Detail, das dieses Kuscheltier zu einem originellen und emotional einzigartigen Geschenk macht. <\/p>\n<p data-start=\"2015\" data-end=\"2167\">Ideal als <strong data-start=\"2026\" data-end=\"2085\">Geschenk f\u00fcr Geburtstage, Geburtstage oder Kinderdekorationen!<\/strong><\/p>\n<\/div>\n","protected":false},"excerpt":{"rendered":"<p>Verleihen Sie dem Kinderzimmer einen warmen und nat\u00fcrlichen Touch mit dem <strong>Maxi Lion Pl\u00fcschtier aus 100% brauner Baumwolle<\/strong> von <strong>Crochetts<\/strong>, einem handgefertigten Einzelst\u00fcck. Handgestrickt aus <strong>hypoallergener nat\u00fcrlicher Baumwolle<\/strong>, l\u00e4dt dieser niedliche L\u00f6we zum <strong>Spielen, Kuscheln und Dekorieren<\/strong> mit Stil und Z\u00e4rtlichkeit ein. <\/p>\n<p>Seine <strong>weiche und angenehme Textur<\/strong> macht ihn zu einem idealen Begleiter f\u00fcr Momente der Entspannung und des Vergn\u00fcgens.<\/p>\n<p>Es wurde entwickelt, um den Test der Zeit zu bestehen, und hat eine <strong>innere Struktur aus nat\u00fcrlichem Kiefernholz<\/strong>, die ihm Festigkeit und Stabilit\u00e4t verleiht und ein <strong>Gewicht<\/strong> von bis zu <strong>70 kg<\/strong> tr\u00e4gt. Die <strong>rutschfesten Sohlen<\/strong> an den Beinen garantieren Sicherheit und Schutz auf jedem Untergrund, auch bei lebhaftem Spiel. <\/p>\n<p>Jeder <strong>Crochetts L\u00f6wen-Teddy<\/strong> enth\u00e4lt einen <strong>personalisierten Willkommensbrief<\/strong>, in dem sich der L\u00f6we dem Kind vorstellt. So entsteht ein <strong>magisches und besonderes Erlebnis<\/strong>, das jede Lieferung zu einem <strong>unvergesslichen Geschenk<\/strong> macht.<\/p>\n","protected":false},"featured_media":26556,"template":"","meta":{"_acf_changed":false,"_joinchat":[]},"product_brand":[],"product_cat":[6187,6262,6590,6186],"product_tag":[6217,6199,6680,6682,6201,6203,6219,6226,6218,6681,6205,6584,6200,6202,6222],"class_list":{"0":"post-26541","1":"product","2":"type-product","3":"status-publish","4":"has-post-thumbnail","6":"product_cat-amigurumis","7":"product_cat-amigurumis-maxi","8":"product_cat-bauernhof","9":"product_cat-startseite","10":"product_tag-baby-teddybar","11":"product_tag-baumwoll-teddybar","12":"product_tag-geante-teddybar","13":"product_tag-groser-teddybar","14":"product_tag-hypoallergener-baumwoll-teddybar","15":"product_tag-kinderdekoration","16":"product_tag-maxi-teddybar","17":"product_tag-pluschsitz","18":"product_tag-riesiges-kuscheltier","19":"product_tag-riesiges-stofftier","20":"product_tag-teddy-dekorieren","21":"product_tag-teddy-lowe","22":"product_tag-teddybar-hakeln","23":"product_tag-weicher-teddybar","24":"product_tag-xxl-teddybar","25":"entry","27":"first","28":"instock","29":"taxable","30":"shipping-taxable","31":"purchasable","32":"product-type-simple"},"acf":[],"yoast_head":"<!-- This site is optimized with the Yoast SEO Premium plugin v26.1 (Yoast SEO v27.3) - https:\/\/yoast.com\/product\/yoast-seo-premium-wordpress\/ -->\n<title>Pl\u00fcsch-L\u00f6wensitz aus hypoallergener Baumwolle -% Crochetts% Crochetts%<\/title>\n<meta name=\"description\" content=\"Entdecken Sie das riesige geh\u00e4kelte Maxi-L\u00f6wensitz-Stofftier: 100% nat\u00fcrliche Baumwolle, hypoallergen und sehr weich im Griff. Ideal als Geschenk oder zum Dekorieren.\" \/>\n<meta name=\"robots\" content=\"index, follow, max-snippet:-1, max-image-preview:large, max-video-preview:-1\" \/>\n<link rel=\"canonical\" href=\"https:\/\/crochetts.com\/de\/tienda\/kuschelloewe-troy-sitz\/\" \/>\n<meta property=\"og:locale\" content=\"de_DE\" \/>\n<meta property=\"og:type\" content=\"article\" \/>\n<meta property=\"og:title\" content=\"KUSCHELL\u00d6WE TROY SITZ\" \/>\n<meta property=\"og:description\" content=\"Verleihen Sie dem Kinderzimmer einen warmen und nat\u00fcrlichen Touch mit dem Maxi Lion Pl\u00fcschtier aus 100% brauner Baumwolle von Crochetts, einem handgefertigten Einzelst\u00fcck. Handgestrickt aus hypoallergener nat\u00fcrlicher Baumwolle, l\u00e4dt dieser niedliche L\u00f6we zum Spielen, Kuscheln und Dekorieren mit Stil und Z\u00e4rtlichkeit ein.  Seine weiche und angenehme Textur macht ihn zu einem idealen Begleiter f\u00fcr Momente der Entspannung und des Vergn\u00fcgens. Es wurde entwickelt, um den Test der Zeit zu bestehen, und hat eine innere Struktur aus nat\u00fcrlichem Kiefernholz, die ihm Festigkeit und Stabilit\u00e4t verleiht und ein Gewicht von bis zu 70 kg tr\u00e4gt. Die rutschfesten Sohlen an den Beinen garantieren Sicherheit und Schutz auf jedem Untergrund, auch bei lebhaftem Spiel.  Jeder Crochetts L\u00f6wen-Teddy enth\u00e4lt einen personalisierten Willkommensbrief, in dem sich der L\u00f6we dem Kind vorstellt. So entsteht ein magisches und besonderes Erlebnis, das jede Lieferung zu einem unvergesslichen Geschenk macht.\" \/>\n<meta property=\"og:url\" content=\"https:\/\/crochetts.com\/de\/tienda\/kuschelloewe-troy-sitz\/\" \/>\n<meta property=\"og:site_name\" content=\"Crochetts\" \/>\n<meta property=\"article:publisher\" content=\"https:\/\/www.facebook.com\/Crochetts-101964178013493\" \/>\n<meta property=\"article:modified_time\" content=\"2025-11-26T09:27:26+00:00\" \/>\n<meta property=\"og:image\" content=\"https:\/\/crochetts.com\/wp-content\/uploads\/2021\/05\/LT-R13-6.jpg\" \/>\n\t<meta property=\"og:image:width\" content=\"801\" \/>\n\t<meta property=\"og:image:height\" content=\"1200\" \/>\n\t<meta property=\"og:image:type\" content=\"image\/jpeg\" \/>\n<meta name=\"twitter:card\" content=\"summary_large_image\" \/>\n<meta name=\"twitter:label1\" content=\"Preis\" \/>\n\t<meta name=\"twitter:data1\" content=\"279,98&nbsp;&euro;\" \/>\n\t<meta name=\"twitter:label2\" content=\"Verf\u00fcgbarkeit\" \/>\n\t<meta name=\"twitter:data2\" content=\"Auf Lager\" \/>\n<script type=\"application\/ld+json\" class=\"yoast-schema-graph\">{\"@context\":\"https:\\\/\\\/schema.org\",\"@graph\":[{\"@type\":\"WebPage\",\"@id\":\"https:\\\/\\\/crochetts.com\\\/de\\\/tienda\\\/kuschelloewe-troy-sitz\\\/\",\"url\":\"https:\\\/\\\/crochetts.com\\\/de\\\/tienda\\\/kuschelloewe-troy-sitz\\\/\",\"name\":\"Pl\u00fcsch-L\u00f6wensitz aus hypoallergener Baumwolle -% Crochetts% Crochetts%\",\"isPartOf\":{\"@id\":\"https:\\\/\\\/crochetts.com\\\/de\\\/#website\"},\"primaryImageOfPage\":{\"@id\":\"https:\\\/\\\/crochetts.com\\\/de\\\/tienda\\\/kuschelloewe-troy-sitz\\\/#primaryimage\"},\"image\":{\"@id\":\"https:\\\/\\\/crochetts.com\\\/de\\\/tienda\\\/kuschelloewe-troy-sitz\\\/#primaryimage\"},\"thumbnailUrl\":\"https:\\\/\\\/crochetts.com\\\/wp-content\\\/uploads\\\/2021\\\/05\\\/LT-R13-6.jpg\",\"datePublished\":\"2021-05-11T08:05:15+00:00\",\"dateModified\":\"2025-11-26T09:27:26+00:00\",\"description\":\"Entdecken Sie das riesige geh\u00e4kelte Maxi-L\u00f6wensitz-Stofftier: 100% nat\u00fcrliche Baumwolle, hypoallergen und sehr weich im Griff. Ideal als Geschenk oder zum Dekorieren.\",\"breadcrumb\":{\"@id\":\"https:\\\/\\\/crochetts.com\\\/de\\\/tienda\\\/kuschelloewe-troy-sitz\\\/#breadcrumb\"},\"inLanguage\":\"de\",\"potentialAction\":[{\"@type\":\"ReadAction\",\"target\":[\"https:\\\/\\\/crochetts.com\\\/de\\\/tienda\\\/kuschelloewe-troy-sitz\\\/\"]}]},{\"@type\":\"ImageObject\",\"inLanguage\":\"de\",\"@id\":\"https:\\\/\\\/crochetts.com\\\/de\\\/tienda\\\/kuschelloewe-troy-sitz\\\/#primaryimage\",\"url\":\"https:\\\/\\\/crochetts.com\\\/wp-content\\\/uploads\\\/2021\\\/05\\\/LT-R13-6.jpg\",\"contentUrl\":\"https:\\\/\\\/crochetts.com\\\/wp-content\\\/uploads\\\/2021\\\/05\\\/LT-R13-6.jpg\",\"width\":801,\"height\":1200,\"caption\":\"Riese L\u00f6we Teddyb\u00e4r\"},{\"@type\":\"BreadcrumbList\",\"@id\":\"https:\\\/\\\/crochetts.com\\\/de\\\/tienda\\\/kuschelloewe-troy-sitz\\\/#breadcrumb\",\"itemListElement\":[{\"@type\":\"ListItem\",\"position\":1,\"name\":\"Portada\",\"item\":\"https:\\\/\\\/crochetts.com\\\/de\\\/startseite\\\/\"},{\"@type\":\"ListItem\",\"position\":2,\"name\":\"Shop\",\"item\":\"https:\\\/\\\/crochetts.com\\\/de\\\/shop\\\/\"},{\"@type\":\"ListItem\",\"position\":3,\"name\":\"KUSCHELL\u00d6WE TROY SITZ\"}]},{\"@type\":\"WebSite\",\"@id\":\"https:\\\/\\\/crochetts.com\\\/de\\\/#website\",\"url\":\"https:\\\/\\\/crochetts.com\\\/de\\\/\",\"name\":\"Crochetts\",\"description\":\"ANIMALES DE CROCHET PARA JUGAR,DECORAR Y SO\u00d1AR\",\"publisher\":{\"@id\":\"https:\\\/\\\/crochetts.com\\\/de\\\/#organization\"},\"potentialAction\":[{\"@type\":\"SearchAction\",\"target\":{\"@type\":\"EntryPoint\",\"urlTemplate\":\"https:\\\/\\\/crochetts.com\\\/de\\\/?s={search_term_string}\"},\"query-input\":{\"@type\":\"PropertyValueSpecification\",\"valueRequired\":true,\"valueName\":\"search_term_string\"}}],\"inLanguage\":\"de\"},{\"@type\":\"Organization\",\"@id\":\"https:\\\/\\\/crochetts.com\\\/de\\\/#organization\",\"name\":\"H\u00e4keln\",\"url\":\"https:\\\/\\\/crochetts.com\\\/de\\\/\",\"logo\":{\"@type\":\"ImageObject\",\"inLanguage\":\"de\",\"@id\":\"https:\\\/\\\/crochetts.com\\\/de\\\/#\\\/schema\\\/logo\\\/image\\\/\",\"url\":\"https:\\\/\\\/i2.wp.com\\\/crochetts.com\\\/wp-content\\\/uploads\\\/2021\\\/01\\\/Logo-Crochetts.jpg?fit=300%2C137&ssl=1\",\"contentUrl\":\"https:\\\/\\\/i2.wp.com\\\/crochetts.com\\\/wp-content\\\/uploads\\\/2021\\\/01\\\/Logo-Crochetts.jpg?fit=300%2C137&ssl=1\",\"width\":300,\"height\":137,\"caption\":\"H\u00e4keln\"},\"image\":{\"@id\":\"https:\\\/\\\/crochetts.com\\\/de\\\/#\\\/schema\\\/logo\\\/image\\\/\"},\"sameAs\":[\"https:\\\/\\\/www.facebook.com\\\/Crochetts-101964178013493\",\"https:\\\/\\\/www.instagram.com\\\/crochetts_\\\/\"]}]}<\/script>\n<meta property=\"product:price:amount\" content=\"279.98\" \/>\n<meta property=\"product:price:currency\" content=\"EUR\" \/>\n<meta property=\"og:availability\" content=\"instock\" \/>\n<meta property=\"product:availability\" content=\"instock\" \/>\n<meta property=\"product:retailer_item_id\" content=\"LT-R13\" \/>\n<meta property=\"product:condition\" content=\"new\" \/>\n<!-- \/ Yoast SEO Premium plugin. -->","yoast_head_json":{"title":"Pl\u00fcsch-L\u00f6wensitz aus hypoallergener Baumwolle -% Crochetts% Crochetts%","description":"Entdecken Sie das riesige geh\u00e4kelte Maxi-L\u00f6wensitz-Stofftier: 100% nat\u00fcrliche Baumwolle, hypoallergen und sehr weich im Griff. Ideal als Geschenk oder zum Dekorieren.","robots":{"index":"index","follow":"follow","max-snippet":"max-snippet:-1","max-image-preview":"max-image-preview:large","max-video-preview":"max-video-preview:-1"},"canonical":"https:\/\/crochetts.com\/de\/tienda\/kuschelloewe-troy-sitz\/","og_locale":"de_DE","og_type":"article","og_title":"KUSCHELL\u00d6WE TROY SITZ","og_description":"Verleihen Sie dem Kinderzimmer einen warmen und nat\u00fcrlichen Touch mit dem Maxi Lion Pl\u00fcschtier aus 100% brauner Baumwolle von Crochetts, einem handgefertigten Einzelst\u00fcck. Handgestrickt aus hypoallergener nat\u00fcrlicher Baumwolle, l\u00e4dt dieser niedliche L\u00f6we zum Spielen, Kuscheln und Dekorieren mit Stil und Z\u00e4rtlichkeit ein.  Seine weiche und angenehme Textur macht ihn zu einem idealen Begleiter f\u00fcr Momente der Entspannung und des Vergn\u00fcgens. Es wurde entwickelt, um den Test der Zeit zu bestehen, und hat eine innere Struktur aus nat\u00fcrlichem Kiefernholz, die ihm Festigkeit und Stabilit\u00e4t verleiht und ein Gewicht von bis zu 70 kg tr\u00e4gt. Die rutschfesten Sohlen an den Beinen garantieren Sicherheit und Schutz auf jedem Untergrund, auch bei lebhaftem Spiel.  Jeder Crochetts L\u00f6wen-Teddy enth\u00e4lt einen personalisierten Willkommensbrief, in dem sich der L\u00f6we dem Kind vorstellt. So entsteht ein magisches und besonderes Erlebnis, das jede Lieferung zu einem unvergesslichen Geschenk macht.","og_url":"https:\/\/crochetts.com\/de\/tienda\/kuschelloewe-troy-sitz\/","og_site_name":"Crochetts","article_publisher":"https:\/\/www.facebook.com\/Crochetts-101964178013493","article_modified_time":"2025-11-26T09:27:26+00:00","og_image":[{"width":801,"height":1200,"url":"https:\/\/crochetts.com\/wp-content\/uploads\/2021\/05\/LT-R13-6.jpg","type":"image\/jpeg"}],"twitter_card":"summary_large_image","twitter_misc":{"Preis":"279,98&nbsp;&euro;","Verf\u00fcgbarkeit":"Auf Lager"},"schema":{"@context":"https:\/\/schema.org","@graph":[{"@type":"WebPage","@id":"https:\/\/crochetts.com\/de\/tienda\/kuschelloewe-troy-sitz\/","url":"https:\/\/crochetts.com\/de\/tienda\/kuschelloewe-troy-sitz\/","name":"Pl\u00fcsch-L\u00f6wensitz aus hypoallergener Baumwolle -% Crochetts% Crochetts%","isPartOf":{"@id":"https:\/\/crochetts.com\/de\/#website"},"primaryImageOfPage":{"@id":"https:\/\/crochetts.com\/de\/tienda\/kuschelloewe-troy-sitz\/#primaryimage"},"image":{"@id":"https:\/\/crochetts.com\/de\/tienda\/kuschelloewe-troy-sitz\/#primaryimage"},"thumbnailUrl":"https:\/\/crochetts.com\/wp-content\/uploads\/2021\/05\/LT-R13-6.jpg","datePublished":"2021-05-11T08:05:15+00:00","dateModified":"2025-11-26T09:27:26+00:00","description":"Entdecken Sie das riesige geh\u00e4kelte Maxi-L\u00f6wensitz-Stofftier: 100% nat\u00fcrliche Baumwolle, hypoallergen und sehr weich im Griff. Ideal als Geschenk oder zum Dekorieren.","breadcrumb":{"@id":"https:\/\/crochetts.com\/de\/tienda\/kuschelloewe-troy-sitz\/#breadcrumb"},"inLanguage":"de","potentialAction":[{"@type":"ReadAction","target":["https:\/\/crochetts.com\/de\/tienda\/kuschelloewe-troy-sitz\/"]}]},{"@type":"ImageObject","inLanguage":"de","@id":"https:\/\/crochetts.com\/de\/tienda\/kuschelloewe-troy-sitz\/#primaryimage","url":"https:\/\/crochetts.com\/wp-content\/uploads\/2021\/05\/LT-R13-6.jpg","contentUrl":"https:\/\/crochetts.com\/wp-content\/uploads\/2021\/05\/LT-R13-6.jpg","width":801,"height":1200,"caption":"Riese L\u00f6we Teddyb\u00e4r"},{"@type":"BreadcrumbList","@id":"https:\/\/crochetts.com\/de\/tienda\/kuschelloewe-troy-sitz\/#breadcrumb","itemListElement":[{"@type":"ListItem","position":1,"name":"Portada","item":"https:\/\/crochetts.com\/de\/startseite\/"},{"@type":"ListItem","position":2,"name":"Shop","item":"https:\/\/crochetts.com\/de\/shop\/"},{"@type":"ListItem","position":3,"name":"KUSCHELL\u00d6WE TROY SITZ"}]},{"@type":"WebSite","@id":"https:\/\/crochetts.com\/de\/#website","url":"https:\/\/crochetts.com\/de\/","name":"Crochetts","description":"ANIMALES DE CROCHET PARA JUGAR,DECORAR Y SO\u00d1AR","publisher":{"@id":"https:\/\/crochetts.com\/de\/#organization"},"potentialAction":[{"@type":"SearchAction","target":{"@type":"EntryPoint","urlTemplate":"https:\/\/crochetts.com\/de\/?s={search_term_string}"},"query-input":{"@type":"PropertyValueSpecification","valueRequired":true,"valueName":"search_term_string"}}],"inLanguage":"de"},{"@type":"Organization","@id":"https:\/\/crochetts.com\/de\/#organization","name":"H\u00e4keln","url":"https:\/\/crochetts.com\/de\/","logo":{"@type":"ImageObject","inLanguage":"de","@id":"https:\/\/crochetts.com\/de\/#\/schema\/logo\/image\/","url":"https:\/\/i2.wp.com\/crochetts.com\/wp-content\/uploads\/2021\/01\/Logo-Crochetts.jpg?fit=300%2C137&ssl=1","contentUrl":"https:\/\/i2.wp.com\/crochetts.com\/wp-content\/uploads\/2021\/01\/Logo-Crochetts.jpg?fit=300%2C137&ssl=1","width":300,"height":137,"caption":"H\u00e4keln"},"image":{"@id":"https:\/\/crochetts.com\/de\/#\/schema\/logo\/image\/"},"sameAs":["https:\/\/www.facebook.com\/Crochetts-101964178013493","https:\/\/www.instagram.com\/crochetts_\/"]}]},"product_price_amount":"279.98","product_price_currency":"EUR","og_availability":"instock","product_availability":"instock","product_retailer_item_id":"LT-R13","product_condition":"new"},"_links":{"self":[{"href":"https:\/\/crochetts.com\/de\/wp-json\/wp\/v2\/product\/26541","targetHints":{"allow":["GET"]}}],"collection":[{"href":"https:\/\/crochetts.com\/de\/wp-json\/wp\/v2\/product"}],"about":[{"href":"https:\/\/crochetts.com\/de\/wp-json\/wp\/v2\/types\/product"}],"wp:featuredmedia":[{"embeddable":true,"href":"https:\/\/crochetts.com\/de\/wp-json\/wp\/v2\/media\/26556"}],"wp:attachment":[{"href":"https:\/\/crochetts.com\/de\/wp-json\/wp\/v2\/media?parent=26541"}],"wp:term":[{"taxonomy":"product_brand","embeddable":true,"href":"https:\/\/crochetts.com\/de\/wp-json\/wp\/v2\/product_brand?post=26541"},{"taxonomy":"product_cat","embeddable":true,"href":"https:\/\/crochetts.com\/de\/wp-json\/wp\/v2\/product_cat?post=26541"},{"taxonomy":"product_tag","embeddable":true,"href":"https:\/\/crochetts.com\/de\/wp-json\/wp\/v2\/product_tag?post=26541"}],"curies":[{"name":"wp","href":"https:\/\/api.w.org\/{rel}","templated":true}]}}