{"id":26427,"date":"2021-05-13T14:06:53","date_gmt":"2021-05-13T14:06:53","guid":{"rendered":"https:\/\/crochetts.com\/tienda\/affen-rucksack\/"},"modified":"2025-11-26T10:27:18","modified_gmt":"2025-11-26T09:27:18","slug":"affen-rucksack","status":"publish","type":"product","link":"https:\/\/crochetts.com\/de\/tienda\/affen-rucksack\/","title":{"rendered":"AFFEN-RUCKSACK"},"content":{"rendered":"<div style=\"text-align: justify;\">\n<p style=\"text-align: justify;\">Alle unsere Rucks\u00e4cke sind f\u00fcr <strong>die Kleinsten gedacht. <\/strong>Der <strong>Affenrucksack<\/strong> hat Stauraum, einen verstellbaren Kordelzugverschluss und verstellbare Griffe.<\/p>\n<p>Ideal f\u00fcr Kinder ab 2 Jahren und \u00e4lter. F\u00fcr die Schule, den Park, Ausfl\u00fcge oder einfach f\u00fcr Kinder oder f\u00fcr M\u00fctter und V\u00e4ter, um alles, was ein Kind braucht, <strong>\u00fcberall hin<\/strong> mitzunehmen. <\/p>\n<p>Eine gute M\u00f6glichkeit, <strong>die Liebe zu Tieren<\/strong> und zur Natur <strong>zu f\u00f6rdern<\/strong>. Mehr als ein Rucksack zum Transport von Gegenst\u00e4nden, <strong>ein Reisebegleiter<\/strong> f\u00fcr unsere Kinder. <\/p>\n<\/div>\n","protected":false},"excerpt":{"rendered":"<p style=\"text-align: justify;\">Unser <strong>geh\u00e4kelter<\/strong> <b>Affen-Rucksack<\/b> ist aus <strong>100% nat\u00fcrlicher Baumwolle,<\/strong> hypoallergen, sehr weich im Griff, in <strong>rosa und wei\u00df<\/strong>. Ein lustiges und niedliches Design in der Form eines kleinen Tieres. Wir haben an jedes Detail gedacht, wie das Fell und die Ohren. Ein hervorragender Reisebegleiter f\u00fcr Kinder.   <\/p>\n","protected":false},"featured_media":26432,"template":"","meta":{"_acf_changed":false,"_joinchat":[]},"product_brand":[],"product_cat":[6189,6188,6245,6186],"product_tag":[],"class_list":{"0":"post-26427","1":"product","2":"type-product","3":"status-publish","4":"has-post-thumbnail","6":"product_cat-backpacks","7":"product_cat-produkte","8":"product_cat-rucksacke","9":"product_cat-startseite","10":"entry","12":"first","13":"instock","14":"taxable","15":"shipping-taxable","16":"purchasable","17":"product-type-simple"},"acf":[],"yoast_head":"<!-- This site is optimized with the Yoast SEO Premium plugin v26.1 (Yoast SEO v27.3) - https:\/\/yoast.com\/product\/yoast-seo-premium-wordpress\/ -->\n<title>Kinderrucksack - AFFEN-RUCKSACK - % % %<\/title>\n<meta name=\"description\" content=\"Alle unsere Rucks\u00e4cke wurden speziell f\u00fcr die Kleinsten entworfen. Sie sind ideal f\u00fcr die Schule, den Park, Ausfl\u00fcge oder einfach f\u00fcr Kinder oder M\u00fctter und V\u00e4ter, um alles, was ein Kind braucht, \u00fcberallhin mitzunehmen.\" \/>\n<meta name=\"robots\" content=\"index, follow, max-snippet:-1, max-image-preview:large, max-video-preview:-1\" \/>\n<link rel=\"canonical\" href=\"https:\/\/crochetts.com\/de\/tienda\/affen-rucksack\/\" \/>\n<meta property=\"og:locale\" content=\"de_DE\" \/>\n<meta property=\"og:type\" content=\"article\" \/>\n<meta property=\"og:title\" content=\"AFFEN-RUCKSACK\" \/>\n<meta property=\"og:description\" content=\"Unser geh\u00e4kelter Affen-Rucksack ist aus 100% nat\u00fcrlicher Baumwolle, hypoallergen, sehr weich im Griff, in rosa und wei\u00df. Ein lustiges und niedliches Design in der Form eines kleinen Tieres. Wir haben an jedes Detail gedacht, wie das Fell und die Ohren. Ein hervorragender Reisebegleiter f\u00fcr Kinder.\" \/>\n<meta property=\"og:url\" content=\"https:\/\/crochetts.com\/de\/tienda\/affen-rucksack\/\" \/>\n<meta property=\"og:site_name\" content=\"Crochetts\" \/>\n<meta property=\"article:publisher\" content=\"https:\/\/www.facebook.com\/Crochetts-101964178013493\" \/>\n<meta property=\"article:modified_time\" content=\"2025-11-26T09:27:18+00:00\" \/>\n<meta property=\"og:image\" content=\"https:\/\/crochetts.com\/wp-content\/uploads\/2021\/05\/LT-1721-12.jpg\" \/>\n\t<meta property=\"og:image:width\" content=\"801\" \/>\n\t<meta property=\"og:image:height\" content=\"1200\" \/>\n\t<meta property=\"og:image:type\" content=\"image\/jpeg\" \/>\n<meta name=\"twitter:card\" content=\"summary_large_image\" \/>\n<meta name=\"twitter:label1\" content=\"Preis\" \/>\n\t<meta name=\"twitter:data1\" content=\"59,99&nbsp;&euro;\" \/>\n\t<meta name=\"twitter:label2\" content=\"Verf\u00fcgbarkeit\" \/>\n\t<meta name=\"twitter:data2\" content=\"Auf Lager\" \/>\n<script type=\"application\/ld+json\" class=\"yoast-schema-graph\">{\"@context\":\"https:\\\/\\\/schema.org\",\"@graph\":[{\"@type\":\"WebPage\",\"@id\":\"https:\\\/\\\/crochetts.com\\\/de\\\/tienda\\\/affen-rucksack\\\/\",\"url\":\"https:\\\/\\\/crochetts.com\\\/de\\\/tienda\\\/affen-rucksack\\\/\",\"name\":\"Kinderrucksack - AFFEN-RUCKSACK - % % %\",\"isPartOf\":{\"@id\":\"https:\\\/\\\/crochetts.com\\\/de\\\/#website\"},\"primaryImageOfPage\":{\"@id\":\"https:\\\/\\\/crochetts.com\\\/de\\\/tienda\\\/affen-rucksack\\\/#primaryimage\"},\"image\":{\"@id\":\"https:\\\/\\\/crochetts.com\\\/de\\\/tienda\\\/affen-rucksack\\\/#primaryimage\"},\"thumbnailUrl\":\"https:\\\/\\\/crochetts.com\\\/wp-content\\\/uploads\\\/2021\\\/05\\\/LT-1721-12.jpg\",\"datePublished\":\"2021-05-13T14:06:53+00:00\",\"dateModified\":\"2025-11-26T09:27:18+00:00\",\"description\":\"Alle unsere Rucks\u00e4cke wurden speziell f\u00fcr die Kleinsten entworfen. Sie sind ideal f\u00fcr die Schule, den Park, Ausfl\u00fcge oder einfach f\u00fcr Kinder oder M\u00fctter und V\u00e4ter, um alles, was ein Kind braucht, \u00fcberallhin mitzunehmen.\",\"breadcrumb\":{\"@id\":\"https:\\\/\\\/crochetts.com\\\/de\\\/tienda\\\/affen-rucksack\\\/#breadcrumb\"},\"inLanguage\":\"de\",\"potentialAction\":[{\"@type\":\"ReadAction\",\"target\":[\"https:\\\/\\\/crochetts.com\\\/de\\\/tienda\\\/affen-rucksack\\\/\"]}]},{\"@type\":\"ImageObject\",\"inLanguage\":\"de\",\"@id\":\"https:\\\/\\\/crochetts.com\\\/de\\\/tienda\\\/affen-rucksack\\\/#primaryimage\",\"url\":\"https:\\\/\\\/crochetts.com\\\/wp-content\\\/uploads\\\/2021\\\/05\\\/LT-1721-12.jpg\",\"contentUrl\":\"https:\\\/\\\/crochetts.com\\\/wp-content\\\/uploads\\\/2021\\\/05\\\/LT-1721-12.jpg\",\"width\":801,\"height\":1200,\"caption\":\"H\u00e4kelrucksack f\u00fcr Kinder\"},{\"@type\":\"BreadcrumbList\",\"@id\":\"https:\\\/\\\/crochetts.com\\\/de\\\/tienda\\\/affen-rucksack\\\/#breadcrumb\",\"itemListElement\":[{\"@type\":\"ListItem\",\"position\":1,\"name\":\"Portada\",\"item\":\"https:\\\/\\\/crochetts.com\\\/de\\\/startseite\\\/\"},{\"@type\":\"ListItem\",\"position\":2,\"name\":\"Shop\",\"item\":\"https:\\\/\\\/crochetts.com\\\/de\\\/shop\\\/\"},{\"@type\":\"ListItem\",\"position\":3,\"name\":\"AFFEN-RUCKSACK\"}]},{\"@type\":\"WebSite\",\"@id\":\"https:\\\/\\\/crochetts.com\\\/de\\\/#website\",\"url\":\"https:\\\/\\\/crochetts.com\\\/de\\\/\",\"name\":\"Crochetts\",\"description\":\"ANIMALES DE CROCHET PARA JUGAR,DECORAR Y SO\u00d1AR\",\"publisher\":{\"@id\":\"https:\\\/\\\/crochetts.com\\\/de\\\/#organization\"},\"potentialAction\":[{\"@type\":\"SearchAction\",\"target\":{\"@type\":\"EntryPoint\",\"urlTemplate\":\"https:\\\/\\\/crochetts.com\\\/de\\\/?s={search_term_string}\"},\"query-input\":{\"@type\":\"PropertyValueSpecification\",\"valueRequired\":true,\"valueName\":\"search_term_string\"}}],\"inLanguage\":\"de\"},{\"@type\":\"Organization\",\"@id\":\"https:\\\/\\\/crochetts.com\\\/de\\\/#organization\",\"name\":\"H\u00e4keln\",\"url\":\"https:\\\/\\\/crochetts.com\\\/de\\\/\",\"logo\":{\"@type\":\"ImageObject\",\"inLanguage\":\"de\",\"@id\":\"https:\\\/\\\/crochetts.com\\\/de\\\/#\\\/schema\\\/logo\\\/image\\\/\",\"url\":\"https:\\\/\\\/i2.wp.com\\\/crochetts.com\\\/wp-content\\\/uploads\\\/2021\\\/01\\\/Logo-Crochetts.jpg?fit=300%2C137&ssl=1\",\"contentUrl\":\"https:\\\/\\\/i2.wp.com\\\/crochetts.com\\\/wp-content\\\/uploads\\\/2021\\\/01\\\/Logo-Crochetts.jpg?fit=300%2C137&ssl=1\",\"width\":300,\"height\":137,\"caption\":\"H\u00e4keln\"},\"image\":{\"@id\":\"https:\\\/\\\/crochetts.com\\\/de\\\/#\\\/schema\\\/logo\\\/image\\\/\"},\"sameAs\":[\"https:\\\/\\\/www.facebook.com\\\/Crochetts-101964178013493\",\"https:\\\/\\\/www.instagram.com\\\/crochetts_\\\/\"]}]}<\/script>\n<meta property=\"product:price:amount\" content=\"59.99\" \/>\n<meta property=\"product:price:currency\" content=\"EUR\" \/>\n<meta property=\"og:availability\" content=\"instock\" \/>\n<meta property=\"product:availability\" content=\"instock\" \/>\n<meta property=\"product:retailer_item_id\" content=\"LT-1721\" \/>\n<meta property=\"product:condition\" content=\"new\" \/>\n<!-- \/ Yoast SEO Premium plugin. -->","yoast_head_json":{"title":"Kinderrucksack - AFFEN-RUCKSACK - % % %","description":"Alle unsere Rucks\u00e4cke wurden speziell f\u00fcr die Kleinsten entworfen. Sie sind ideal f\u00fcr die Schule, den Park, Ausfl\u00fcge oder einfach f\u00fcr Kinder oder M\u00fctter und V\u00e4ter, um alles, was ein Kind braucht, \u00fcberallhin mitzunehmen.","robots":{"index":"index","follow":"follow","max-snippet":"max-snippet:-1","max-image-preview":"max-image-preview:large","max-video-preview":"max-video-preview:-1"},"canonical":"https:\/\/crochetts.com\/de\/tienda\/affen-rucksack\/","og_locale":"de_DE","og_type":"article","og_title":"AFFEN-RUCKSACK","og_description":"Unser geh\u00e4kelter Affen-Rucksack ist aus 100% nat\u00fcrlicher Baumwolle, hypoallergen, sehr weich im Griff, in rosa und wei\u00df. Ein lustiges und niedliches Design in der Form eines kleinen Tieres. Wir haben an jedes Detail gedacht, wie das Fell und die Ohren. Ein hervorragender Reisebegleiter f\u00fcr Kinder.","og_url":"https:\/\/crochetts.com\/de\/tienda\/affen-rucksack\/","og_site_name":"Crochetts","article_publisher":"https:\/\/www.facebook.com\/Crochetts-101964178013493","article_modified_time":"2025-11-26T09:27:18+00:00","og_image":[{"width":801,"height":1200,"url":"https:\/\/crochetts.com\/wp-content\/uploads\/2021\/05\/LT-1721-12.jpg","type":"image\/jpeg"}],"twitter_card":"summary_large_image","twitter_misc":{"Preis":"59,99&nbsp;&euro;","Verf\u00fcgbarkeit":"Auf Lager"},"schema":{"@context":"https:\/\/schema.org","@graph":[{"@type":"WebPage","@id":"https:\/\/crochetts.com\/de\/tienda\/affen-rucksack\/","url":"https:\/\/crochetts.com\/de\/tienda\/affen-rucksack\/","name":"Kinderrucksack - AFFEN-RUCKSACK - % % %","isPartOf":{"@id":"https:\/\/crochetts.com\/de\/#website"},"primaryImageOfPage":{"@id":"https:\/\/crochetts.com\/de\/tienda\/affen-rucksack\/#primaryimage"},"image":{"@id":"https:\/\/crochetts.com\/de\/tienda\/affen-rucksack\/#primaryimage"},"thumbnailUrl":"https:\/\/crochetts.com\/wp-content\/uploads\/2021\/05\/LT-1721-12.jpg","datePublished":"2021-05-13T14:06:53+00:00","dateModified":"2025-11-26T09:27:18+00:00","description":"Alle unsere Rucks\u00e4cke wurden speziell f\u00fcr die Kleinsten entworfen. Sie sind ideal f\u00fcr die Schule, den Park, Ausfl\u00fcge oder einfach f\u00fcr Kinder oder M\u00fctter und V\u00e4ter, um alles, was ein Kind braucht, \u00fcberallhin mitzunehmen.","breadcrumb":{"@id":"https:\/\/crochetts.com\/de\/tienda\/affen-rucksack\/#breadcrumb"},"inLanguage":"de","potentialAction":[{"@type":"ReadAction","target":["https:\/\/crochetts.com\/de\/tienda\/affen-rucksack\/"]}]},{"@type":"ImageObject","inLanguage":"de","@id":"https:\/\/crochetts.com\/de\/tienda\/affen-rucksack\/#primaryimage","url":"https:\/\/crochetts.com\/wp-content\/uploads\/2021\/05\/LT-1721-12.jpg","contentUrl":"https:\/\/crochetts.com\/wp-content\/uploads\/2021\/05\/LT-1721-12.jpg","width":801,"height":1200,"caption":"H\u00e4kelrucksack f\u00fcr Kinder"},{"@type":"BreadcrumbList","@id":"https:\/\/crochetts.com\/de\/tienda\/affen-rucksack\/#breadcrumb","itemListElement":[{"@type":"ListItem","position":1,"name":"Portada","item":"https:\/\/crochetts.com\/de\/startseite\/"},{"@type":"ListItem","position":2,"name":"Shop","item":"https:\/\/crochetts.com\/de\/shop\/"},{"@type":"ListItem","position":3,"name":"AFFEN-RUCKSACK"}]},{"@type":"WebSite","@id":"https:\/\/crochetts.com\/de\/#website","url":"https:\/\/crochetts.com\/de\/","name":"Crochetts","description":"ANIMALES DE CROCHET PARA JUGAR,DECORAR Y SO\u00d1AR","publisher":{"@id":"https:\/\/crochetts.com\/de\/#organization"},"potentialAction":[{"@type":"SearchAction","target":{"@type":"EntryPoint","urlTemplate":"https:\/\/crochetts.com\/de\/?s={search_term_string}"},"query-input":{"@type":"PropertyValueSpecification","valueRequired":true,"valueName":"search_term_string"}}],"inLanguage":"de"},{"@type":"Organization","@id":"https:\/\/crochetts.com\/de\/#organization","name":"H\u00e4keln","url":"https:\/\/crochetts.com\/de\/","logo":{"@type":"ImageObject","inLanguage":"de","@id":"https:\/\/crochetts.com\/de\/#\/schema\/logo\/image\/","url":"https:\/\/i2.wp.com\/crochetts.com\/wp-content\/uploads\/2021\/01\/Logo-Crochetts.jpg?fit=300%2C137&ssl=1","contentUrl":"https:\/\/i2.wp.com\/crochetts.com\/wp-content\/uploads\/2021\/01\/Logo-Crochetts.jpg?fit=300%2C137&ssl=1","width":300,"height":137,"caption":"H\u00e4keln"},"image":{"@id":"https:\/\/crochetts.com\/de\/#\/schema\/logo\/image\/"},"sameAs":["https:\/\/www.facebook.com\/Crochetts-101964178013493","https:\/\/www.instagram.com\/crochetts_\/"]}]},"product_price_amount":"59.99","product_price_currency":"EUR","og_availability":"instock","product_availability":"instock","product_retailer_item_id":"LT-1721","product_condition":"new"},"_links":{"self":[{"href":"https:\/\/crochetts.com\/de\/wp-json\/wp\/v2\/product\/26427","targetHints":{"allow":["GET"]}}],"collection":[{"href":"https:\/\/crochetts.com\/de\/wp-json\/wp\/v2\/product"}],"about":[{"href":"https:\/\/crochetts.com\/de\/wp-json\/wp\/v2\/types\/product"}],"wp:featuredmedia":[{"embeddable":true,"href":"https:\/\/crochetts.com\/de\/wp-json\/wp\/v2\/media\/26432"}],"wp:attachment":[{"href":"https:\/\/crochetts.com\/de\/wp-json\/wp\/v2\/media?parent=26427"}],"wp:term":[{"taxonomy":"product_brand","embeddable":true,"href":"https:\/\/crochetts.com\/de\/wp-json\/wp\/v2\/product_brand?post=26427"},{"taxonomy":"product_cat","embeddable":true,"href":"https:\/\/crochetts.com\/de\/wp-json\/wp\/v2\/product_cat?post=26427"},{"taxonomy":"product_tag","embeddable":true,"href":"https:\/\/crochetts.com\/de\/wp-json\/wp\/v2\/product_tag?post=26427"}],"curies":[{"name":"wp","href":"https:\/\/api.w.org\/{rel}","templated":true}]}}