{"id":26422,"date":"2021-05-17T12:03:43","date_gmt":"2021-05-17T11:03:43","guid":{"rendered":"https:\/\/crochetts.com\/tienda\/bodenregal-60x80-cm\/"},"modified":"2021-05-17T12:03:43","modified_gmt":"2021-05-17T11:03:43","slug":"bodenregal-60x80-cm","status":"publish","type":"product","link":"https:\/\/crochetts.com\/de\/tienda\/bodenregal-60x80-cm\/","title":{"rendered":"BODENREGAL 60&#215;80 cm"},"content":{"rendered":"<p>Er bietet reichlich Stauraum auf<strong> 4 Einlegeb\u00f6den<\/strong>.<\/p>\n<p><strong>Inklusive<\/strong> Werkzeug und Montageanleitung sowie <strong>Befestigungsmaterial<\/strong> f\u00fcr die Wandmontage.<\/p>\n<p><strong>Abmessungen:<\/strong> 60x30x80 cm. Tr\u00e4gt maximal 50 kg. <\/p>\n","protected":false},"excerpt":{"rendered":"<p><strong>Bodenregal aus nat\u00fcrlichem Kiefernholz, <\/strong>unbehandelt und unlackiert, v\u00f6llig <strong>\u00f6kologisch.<\/strong> Ideal zum Ablegen von B\u00fcchern und sogar kleinem Spielzeug, das ideale Accessoire f\u00fcr jedes Kinderzimmer.<\/p>\n<p>Sein Design ist von der <strong>Montessori-Philosophie <\/strong>inspiriert und eignet sich perfekt f\u00fcr die <strong>Lesef\u00f6rderung der Kleinsten<\/strong>.<\/p>\n<p><strong>Ma\u00dfe<\/strong>: 60x30x80cm. Auch in anderen Abmessungen erh\u00e4ltlich. <\/p>\n<p>&nbsp;<\/p>\n<p>&nbsp;<\/p>\n","protected":false},"featured_media":26424,"template":"","meta":{"_acf_changed":false,"_joinchat":[]},"product_brand":[],"product_cat":[6188,6186],"product_tag":[6887,6890,6892,6891,6889,6888],"class_list":{"0":"post-26422","1":"product","2":"type-product","3":"status-publish","4":"has-post-thumbnail","6":"product_cat-produkte","7":"product_cat-startseite","8":"product_tag-bucherregal","9":"product_tag-holzregale","10":"product_tag-kinderbuchhandlung","11":"product_tag-kinderbuchregal","12":"product_tag-montessori","13":"product_tag-montessori-regale","14":"entry","16":"first","17":"instock","18":"taxable","19":"shipping-taxable","20":"purchasable","21":"product-type-simple"},"acf":[],"yoast_head":"<!-- This site is optimized with the Yoast SEO Premium plugin v26.1 (Yoast SEO v27.3) - https:\/\/yoast.com\/product\/yoast-seo-premium-wordpress\/ -->\n<title>BODENREGAL 60x80 cm% Nat\u00fcrliches Kiefernholz % -% Crochetts% Crochetts% Crochetts%% Crochetts%<\/title>\n<meta name=\"description\" content=\"B\u00fccherregal aus nat\u00fcrlichem Kiefernholz, Bodenregal, ideal f\u00fcr B\u00fccher, inspiriert von der Montessori-Philosophie.\" \/>\n<meta name=\"robots\" content=\"index, follow, max-snippet:-1, max-image-preview:large, max-video-preview:-1\" \/>\n<link rel=\"canonical\" href=\"https:\/\/crochetts.com\/de\/tienda\/bodenregal-60x80-cm\/\" \/>\n<meta property=\"og:locale\" content=\"de_DE\" \/>\n<meta property=\"og:type\" content=\"article\" \/>\n<meta property=\"og:title\" content=\"BODENREGAL 60x80 cm\" \/>\n<meta property=\"og:description\" content=\"Bodenregal aus nat\u00fcrlichem Kiefernholz, unbehandelt und unlackiert, v\u00f6llig \u00f6kologisch. Ideal zum Ablegen von B\u00fcchern und sogar kleinem Spielzeug, das ideale Accessoire f\u00fcr jedes Kinderzimmer. Sein Design ist von der Montessori-Philosophie inspiriert und eignet sich perfekt f\u00fcr die Lesef\u00f6rderung der Kleinsten. Ma\u00dfe: 60x30x80cm. Auch in anderen Abmessungen erh\u00e4ltlich.  &nbsp; &nbsp;\" \/>\n<meta property=\"og:url\" content=\"https:\/\/crochetts.com\/de\/tienda\/bodenregal-60x80-cm\/\" \/>\n<meta property=\"og:site_name\" content=\"Crochetts\" \/>\n<meta property=\"article:publisher\" content=\"https:\/\/www.facebook.com\/Crochetts-101964178013493\" \/>\n<meta property=\"og:image\" content=\"https:\/\/crochetts.com\/wp-content\/uploads\/2021\/05\/4904-7.jpg\" \/>\n\t<meta property=\"og:image:width\" content=\"801\" \/>\n\t<meta property=\"og:image:height\" content=\"1200\" \/>\n\t<meta property=\"og:image:type\" content=\"image\/jpeg\" \/>\n<meta name=\"twitter:card\" content=\"summary_large_image\" \/>\n<meta name=\"twitter:label1\" content=\"Preis\" \/>\n\t<meta name=\"twitter:data1\" content=\"329,98&nbsp;&euro;\" \/>\n\t<meta name=\"twitter:label2\" content=\"Verf\u00fcgbarkeit\" \/>\n\t<meta name=\"twitter:data2\" content=\"Auf Lager\" \/>\n<script type=\"application\/ld+json\" class=\"yoast-schema-graph\">{\"@context\":\"https:\\\/\\\/schema.org\",\"@graph\":[{\"@type\":\"WebPage\",\"@id\":\"https:\\\/\\\/crochetts.com\\\/de\\\/tienda\\\/bodenregal-60x80-cm\\\/\",\"url\":\"https:\\\/\\\/crochetts.com\\\/de\\\/tienda\\\/bodenregal-60x80-cm\\\/\",\"name\":\"BODENREGAL 60x80 cm% Nat\u00fcrliches Kiefernholz % -% Crochetts% Crochetts% Crochetts%% Crochetts%\",\"isPartOf\":{\"@id\":\"https:\\\/\\\/crochetts.com\\\/de\\\/#website\"},\"primaryImageOfPage\":{\"@id\":\"https:\\\/\\\/crochetts.com\\\/de\\\/tienda\\\/bodenregal-60x80-cm\\\/#primaryimage\"},\"image\":{\"@id\":\"https:\\\/\\\/crochetts.com\\\/de\\\/tienda\\\/bodenregal-60x80-cm\\\/#primaryimage\"},\"thumbnailUrl\":\"https:\\\/\\\/crochetts.com\\\/wp-content\\\/uploads\\\/2021\\\/05\\\/4904-7.jpg\",\"datePublished\":\"2021-05-17T11:03:43+00:00\",\"description\":\"B\u00fccherregal aus nat\u00fcrlichem Kiefernholz, Bodenregal, ideal f\u00fcr B\u00fccher, inspiriert von der Montessori-Philosophie.\",\"breadcrumb\":{\"@id\":\"https:\\\/\\\/crochetts.com\\\/de\\\/tienda\\\/bodenregal-60x80-cm\\\/#breadcrumb\"},\"inLanguage\":\"de\",\"potentialAction\":[{\"@type\":\"ReadAction\",\"target\":[\"https:\\\/\\\/crochetts.com\\\/de\\\/tienda\\\/bodenregal-60x80-cm\\\/\"]}]},{\"@type\":\"ImageObject\",\"inLanguage\":\"de\",\"@id\":\"https:\\\/\\\/crochetts.com\\\/de\\\/tienda\\\/bodenregal-60x80-cm\\\/#primaryimage\",\"url\":\"https:\\\/\\\/crochetts.com\\\/wp-content\\\/uploads\\\/2021\\\/05\\\/4904-7.jpg\",\"contentUrl\":\"https:\\\/\\\/crochetts.com\\\/wp-content\\\/uploads\\\/2021\\\/05\\\/4904-7.jpg\",\"width\":801,\"height\":1200,\"caption\":\"montessori h\u00e4keln b\u00fccherregal\"},{\"@type\":\"BreadcrumbList\",\"@id\":\"https:\\\/\\\/crochetts.com\\\/de\\\/tienda\\\/bodenregal-60x80-cm\\\/#breadcrumb\",\"itemListElement\":[{\"@type\":\"ListItem\",\"position\":1,\"name\":\"Portada\",\"item\":\"https:\\\/\\\/crochetts.com\\\/de\\\/startseite\\\/\"},{\"@type\":\"ListItem\",\"position\":2,\"name\":\"Shop\",\"item\":\"https:\\\/\\\/crochetts.com\\\/de\\\/shop\\\/\"},{\"@type\":\"ListItem\",\"position\":3,\"name\":\"BODENREGAL 60&#215;80 cm\"}]},{\"@type\":\"WebSite\",\"@id\":\"https:\\\/\\\/crochetts.com\\\/de\\\/#website\",\"url\":\"https:\\\/\\\/crochetts.com\\\/de\\\/\",\"name\":\"Crochetts\",\"description\":\"ANIMALES DE CROCHET PARA JUGAR,DECORAR Y SO\u00d1AR\",\"publisher\":{\"@id\":\"https:\\\/\\\/crochetts.com\\\/de\\\/#organization\"},\"potentialAction\":[{\"@type\":\"SearchAction\",\"target\":{\"@type\":\"EntryPoint\",\"urlTemplate\":\"https:\\\/\\\/crochetts.com\\\/de\\\/?s={search_term_string}\"},\"query-input\":{\"@type\":\"PropertyValueSpecification\",\"valueRequired\":true,\"valueName\":\"search_term_string\"}}],\"inLanguage\":\"de\"},{\"@type\":\"Organization\",\"@id\":\"https:\\\/\\\/crochetts.com\\\/de\\\/#organization\",\"name\":\"H\u00e4keln\",\"url\":\"https:\\\/\\\/crochetts.com\\\/de\\\/\",\"logo\":{\"@type\":\"ImageObject\",\"inLanguage\":\"de\",\"@id\":\"https:\\\/\\\/crochetts.com\\\/de\\\/#\\\/schema\\\/logo\\\/image\\\/\",\"url\":\"https:\\\/\\\/i2.wp.com\\\/crochetts.com\\\/wp-content\\\/uploads\\\/2021\\\/01\\\/Logo-Crochetts.jpg?fit=300%2C137&ssl=1\",\"contentUrl\":\"https:\\\/\\\/i2.wp.com\\\/crochetts.com\\\/wp-content\\\/uploads\\\/2021\\\/01\\\/Logo-Crochetts.jpg?fit=300%2C137&ssl=1\",\"width\":300,\"height\":137,\"caption\":\"H\u00e4keln\"},\"image\":{\"@id\":\"https:\\\/\\\/crochetts.com\\\/de\\\/#\\\/schema\\\/logo\\\/image\\\/\"},\"sameAs\":[\"https:\\\/\\\/www.facebook.com\\\/Crochetts-101964178013493\",\"https:\\\/\\\/www.instagram.com\\\/crochetts_\\\/\"]}]}<\/script>\n<meta property=\"product:price:amount\" content=\"329.98\" \/>\n<meta property=\"product:price:currency\" content=\"EUR\" \/>\n<meta property=\"og:availability\" content=\"instock\" \/>\n<meta property=\"product:availability\" content=\"instock\" \/>\n<meta property=\"product:retailer_item_id\" content=\"4904-0\" \/>\n<meta property=\"product:condition\" content=\"new\" \/>\n<!-- \/ Yoast SEO Premium plugin. -->","yoast_head_json":{"title":"BODENREGAL 60x80 cm% Nat\u00fcrliches Kiefernholz % -% Crochetts% Crochetts% Crochetts%% Crochetts%","description":"B\u00fccherregal aus nat\u00fcrlichem Kiefernholz, Bodenregal, ideal f\u00fcr B\u00fccher, inspiriert von der Montessori-Philosophie.","robots":{"index":"index","follow":"follow","max-snippet":"max-snippet:-1","max-image-preview":"max-image-preview:large","max-video-preview":"max-video-preview:-1"},"canonical":"https:\/\/crochetts.com\/de\/tienda\/bodenregal-60x80-cm\/","og_locale":"de_DE","og_type":"article","og_title":"BODENREGAL 60x80 cm","og_description":"Bodenregal aus nat\u00fcrlichem Kiefernholz, unbehandelt und unlackiert, v\u00f6llig \u00f6kologisch. Ideal zum Ablegen von B\u00fcchern und sogar kleinem Spielzeug, das ideale Accessoire f\u00fcr jedes Kinderzimmer. Sein Design ist von der Montessori-Philosophie inspiriert und eignet sich perfekt f\u00fcr die Lesef\u00f6rderung der Kleinsten. Ma\u00dfe: 60x30x80cm. Auch in anderen Abmessungen erh\u00e4ltlich.  &nbsp; &nbsp;","og_url":"https:\/\/crochetts.com\/de\/tienda\/bodenregal-60x80-cm\/","og_site_name":"Crochetts","article_publisher":"https:\/\/www.facebook.com\/Crochetts-101964178013493","og_image":[{"width":801,"height":1200,"url":"https:\/\/crochetts.com\/wp-content\/uploads\/2021\/05\/4904-7.jpg","type":"image\/jpeg"}],"twitter_card":"summary_large_image","twitter_misc":{"Preis":"329,98&nbsp;&euro;","Verf\u00fcgbarkeit":"Auf Lager"},"schema":{"@context":"https:\/\/schema.org","@graph":[{"@type":"WebPage","@id":"https:\/\/crochetts.com\/de\/tienda\/bodenregal-60x80-cm\/","url":"https:\/\/crochetts.com\/de\/tienda\/bodenregal-60x80-cm\/","name":"BODENREGAL 60x80 cm% Nat\u00fcrliches Kiefernholz % -% Crochetts% Crochetts% Crochetts%% Crochetts%","isPartOf":{"@id":"https:\/\/crochetts.com\/de\/#website"},"primaryImageOfPage":{"@id":"https:\/\/crochetts.com\/de\/tienda\/bodenregal-60x80-cm\/#primaryimage"},"image":{"@id":"https:\/\/crochetts.com\/de\/tienda\/bodenregal-60x80-cm\/#primaryimage"},"thumbnailUrl":"https:\/\/crochetts.com\/wp-content\/uploads\/2021\/05\/4904-7.jpg","datePublished":"2021-05-17T11:03:43+00:00","description":"B\u00fccherregal aus nat\u00fcrlichem Kiefernholz, Bodenregal, ideal f\u00fcr B\u00fccher, inspiriert von der Montessori-Philosophie.","breadcrumb":{"@id":"https:\/\/crochetts.com\/de\/tienda\/bodenregal-60x80-cm\/#breadcrumb"},"inLanguage":"de","potentialAction":[{"@type":"ReadAction","target":["https:\/\/crochetts.com\/de\/tienda\/bodenregal-60x80-cm\/"]}]},{"@type":"ImageObject","inLanguage":"de","@id":"https:\/\/crochetts.com\/de\/tienda\/bodenregal-60x80-cm\/#primaryimage","url":"https:\/\/crochetts.com\/wp-content\/uploads\/2021\/05\/4904-7.jpg","contentUrl":"https:\/\/crochetts.com\/wp-content\/uploads\/2021\/05\/4904-7.jpg","width":801,"height":1200,"caption":"montessori h\u00e4keln b\u00fccherregal"},{"@type":"BreadcrumbList","@id":"https:\/\/crochetts.com\/de\/tienda\/bodenregal-60x80-cm\/#breadcrumb","itemListElement":[{"@type":"ListItem","position":1,"name":"Portada","item":"https:\/\/crochetts.com\/de\/startseite\/"},{"@type":"ListItem","position":2,"name":"Shop","item":"https:\/\/crochetts.com\/de\/shop\/"},{"@type":"ListItem","position":3,"name":"BODENREGAL 60&#215;80 cm"}]},{"@type":"WebSite","@id":"https:\/\/crochetts.com\/de\/#website","url":"https:\/\/crochetts.com\/de\/","name":"Crochetts","description":"ANIMALES DE CROCHET PARA JUGAR,DECORAR Y SO\u00d1AR","publisher":{"@id":"https:\/\/crochetts.com\/de\/#organization"},"potentialAction":[{"@type":"SearchAction","target":{"@type":"EntryPoint","urlTemplate":"https:\/\/crochetts.com\/de\/?s={search_term_string}"},"query-input":{"@type":"PropertyValueSpecification","valueRequired":true,"valueName":"search_term_string"}}],"inLanguage":"de"},{"@type":"Organization","@id":"https:\/\/crochetts.com\/de\/#organization","name":"H\u00e4keln","url":"https:\/\/crochetts.com\/de\/","logo":{"@type":"ImageObject","inLanguage":"de","@id":"https:\/\/crochetts.com\/de\/#\/schema\/logo\/image\/","url":"https:\/\/i2.wp.com\/crochetts.com\/wp-content\/uploads\/2021\/01\/Logo-Crochetts.jpg?fit=300%2C137&ssl=1","contentUrl":"https:\/\/i2.wp.com\/crochetts.com\/wp-content\/uploads\/2021\/01\/Logo-Crochetts.jpg?fit=300%2C137&ssl=1","width":300,"height":137,"caption":"H\u00e4keln"},"image":{"@id":"https:\/\/crochetts.com\/de\/#\/schema\/logo\/image\/"},"sameAs":["https:\/\/www.facebook.com\/Crochetts-101964178013493","https:\/\/www.instagram.com\/crochetts_\/"]}]},"product_price_amount":"329.98","product_price_currency":"EUR","og_availability":"instock","product_availability":"instock","product_retailer_item_id":"4904-0","product_condition":"new"},"_links":{"self":[{"href":"https:\/\/crochetts.com\/de\/wp-json\/wp\/v2\/product\/26422","targetHints":{"allow":["GET"]}}],"collection":[{"href":"https:\/\/crochetts.com\/de\/wp-json\/wp\/v2\/product"}],"about":[{"href":"https:\/\/crochetts.com\/de\/wp-json\/wp\/v2\/types\/product"}],"wp:featuredmedia":[{"embeddable":true,"href":"https:\/\/crochetts.com\/de\/wp-json\/wp\/v2\/media\/26424"}],"wp:attachment":[{"href":"https:\/\/crochetts.com\/de\/wp-json\/wp\/v2\/media?parent=26422"}],"wp:term":[{"taxonomy":"product_brand","embeddable":true,"href":"https:\/\/crochetts.com\/de\/wp-json\/wp\/v2\/product_brand?post=26422"},{"taxonomy":"product_cat","embeddable":true,"href":"https:\/\/crochetts.com\/de\/wp-json\/wp\/v2\/product_cat?post=26422"},{"taxonomy":"product_tag","embeddable":true,"href":"https:\/\/crochetts.com\/de\/wp-json\/wp\/v2\/product_tag?post=26422"}],"curies":[{"name":"wp","href":"https:\/\/api.w.org\/{rel}","templated":true}]}}