{"id":26404,"date":"2021-05-13T15:42:24","date_gmt":"2021-05-13T15:42:24","guid":{"rendered":"https:\/\/crochetts.com\/tienda\/scoty-rueckenpack\/"},"modified":"2021-05-13T15:42:24","modified_gmt":"2021-05-13T14:42:24","slug":"scoty-rueckenpack","status":"publish","type":"product","link":"https:\/\/crochetts.com\/de\/tienda\/scoty-rueckenpack\/","title":{"rendered":"SCOTY R\u00dcCKENPACK"},"content":{"rendered":"<div style=\"text-align: justify;\">\n<p style=\"text-align: justify;\">Alle unsere Rucks\u00e4cke wurden <strong>mit Blick auf die Kleinsten entworfen. <\/strong>Der <strong>scoty Rucksack<\/strong> hat einen gro\u00dfen Stauraum, einen Rei\u00dfverschluss und verstellbare Griffe.<\/p>\n<p>Ideal f\u00fcr Kinder ab 2 Jahren und \u00e4lter. F\u00fcr die Schule, den Park, Ausfl\u00fcge oder einfach f\u00fcr Kinder oder f\u00fcr M\u00fctter und V\u00e4ter, um alles, was ein Kind braucht, <strong>\u00fcberall hin<\/strong> mitzunehmen. <\/p>\n<p>Eine gute M\u00f6glichkeit, <strong>die Liebe zu Tieren<\/strong> und zur Natur <strong>zu f\u00f6rdern<\/strong>. Mehr als ein Rucksack zum Transport von Gegenst\u00e4nden, <strong>ein Reisebegleiter<\/strong> f\u00fcr unsere Kinder. <\/p>\n<\/div>\n","protected":false},"excerpt":{"rendered":"<p style=\"text-align: justify;\">Unser <strong>geh\u00e4kelter<\/strong> <b>Scoty Rucksack<\/b> ist aus <strong>100% nat\u00fcrlicher Baumwolle,<\/strong> hypoallergen, sehr weich im Griff, in <strong>rosa<\/strong>. Ein lustiges und niedliches Design in der Form eines kleinen Tieres. Wir haben an jedes Detail gedacht, wie den R\u00fcssel und die Ohren. Ein hervorragender Reisebegleiter f\u00fcr Kinder.   <\/p>\n","protected":false},"featured_media":26408,"template":"","meta":{"_acf_changed":false,"_joinchat":[]},"product_brand":[],"product_cat":[6189,6188,6245,6186],"product_tag":[6194,6193,6192,6191,6196,6195],"class_list":{"0":"post-26404","1":"product","2":"type-product","3":"status-publish","4":"has-post-thumbnail","6":"product_cat-backpacks","7":"product_cat-produkte","8":"product_cat-rucksacke","9":"product_cat-startseite","10":"product_tag-baumwollrucksack","11":"product_tag-gehakelter-rucksack","12":"product_tag-kinderrucksack","13":"product_tag-rucksack","14":"product_tag-schultasche","15":"product_tag-tierischer-rucksack","16":"entry","18":"first","19":"instock","20":"taxable","21":"shipping-taxable","22":"purchasable","23":"product-type-simple"},"acf":[],"yoast_head":"<!-- This site is optimized with the Yoast SEO Premium plugin v26.1 (Yoast SEO v27.3) - https:\/\/yoast.com\/product\/yoast-seo-premium-wordpress\/ -->\n<title>Kinderrucksack - SCOTY R\u00dcCKENPACK - % % %<\/title>\n<meta name=\"description\" content=\"Alle unsere Rucks\u00e4cke wurden speziell f\u00fcr die Kleinsten entworfen. Sie sind ideal f\u00fcr die Schule, den Park, Ausfl\u00fcge oder einfach f\u00fcr Kinder oder M\u00fctter und V\u00e4ter, um alles, was ein Kind braucht, \u00fcberallhin mitzunehmen.\" \/>\n<meta name=\"robots\" content=\"index, follow, max-snippet:-1, max-image-preview:large, max-video-preview:-1\" \/>\n<link rel=\"canonical\" href=\"https:\/\/crochetts.com\/de\/tienda\/scoty-rueckenpack\/\" \/>\n<meta property=\"og:locale\" content=\"de_DE\" \/>\n<meta property=\"og:type\" content=\"article\" \/>\n<meta property=\"og:title\" content=\"SCOTY R\u00dcCKENPACK\" \/>\n<meta property=\"og:description\" content=\"Unser geh\u00e4kelter Scoty Rucksack ist aus 100% nat\u00fcrlicher Baumwolle, hypoallergen, sehr weich im Griff, in rosa. Ein lustiges und niedliches Design in der Form eines kleinen Tieres. Wir haben an jedes Detail gedacht, wie den R\u00fcssel und die Ohren. Ein hervorragender Reisebegleiter f\u00fcr Kinder.\" \/>\n<meta property=\"og:url\" content=\"https:\/\/crochetts.com\/de\/tienda\/scoty-rueckenpack\/\" \/>\n<meta property=\"og:site_name\" content=\"Crochetts\" \/>\n<meta property=\"article:publisher\" content=\"https:\/\/www.facebook.com\/Crochetts-101964178013493\" \/>\n<meta property=\"og:image\" content=\"https:\/\/crochetts.com\/wp-content\/uploads\/2021\/05\/LT-1764-12.jpg\" \/>\n\t<meta property=\"og:image:width\" content=\"801\" \/>\n\t<meta property=\"og:image:height\" content=\"1200\" \/>\n\t<meta property=\"og:image:type\" content=\"image\/jpeg\" \/>\n<meta name=\"twitter:card\" content=\"summary_large_image\" \/>\n<meta name=\"twitter:label1\" content=\"Preis\" \/>\n\t<meta name=\"twitter:data1\" content=\"59,99&nbsp;&euro;\" \/>\n\t<meta name=\"twitter:label2\" content=\"Verf\u00fcgbarkeit\" \/>\n\t<meta name=\"twitter:data2\" content=\"Auf Lager\" \/>\n<script type=\"application\/ld+json\" class=\"yoast-schema-graph\">{\"@context\":\"https:\\\/\\\/schema.org\",\"@graph\":[{\"@type\":\"WebPage\",\"@id\":\"https:\\\/\\\/crochetts.com\\\/de\\\/tienda\\\/scoty-rueckenpack\\\/\",\"url\":\"https:\\\/\\\/crochetts.com\\\/de\\\/tienda\\\/scoty-rueckenpack\\\/\",\"name\":\"Kinderrucksack - SCOTY R\u00dcCKENPACK - % % %\",\"isPartOf\":{\"@id\":\"https:\\\/\\\/crochetts.com\\\/de\\\/#website\"},\"primaryImageOfPage\":{\"@id\":\"https:\\\/\\\/crochetts.com\\\/de\\\/tienda\\\/scoty-rueckenpack\\\/#primaryimage\"},\"image\":{\"@id\":\"https:\\\/\\\/crochetts.com\\\/de\\\/tienda\\\/scoty-rueckenpack\\\/#primaryimage\"},\"thumbnailUrl\":\"https:\\\/\\\/crochetts.com\\\/wp-content\\\/uploads\\\/2021\\\/05\\\/LT-1764-12.jpg\",\"datePublished\":\"2021-05-13T15:42:24+00:00\",\"description\":\"Alle unsere Rucks\u00e4cke wurden speziell f\u00fcr die Kleinsten entworfen. Sie sind ideal f\u00fcr die Schule, den Park, Ausfl\u00fcge oder einfach f\u00fcr Kinder oder M\u00fctter und V\u00e4ter, um alles, was ein Kind braucht, \u00fcberallhin mitzunehmen.\",\"breadcrumb\":{\"@id\":\"https:\\\/\\\/crochetts.com\\\/de\\\/tienda\\\/scoty-rueckenpack\\\/#breadcrumb\"},\"inLanguage\":\"de\",\"potentialAction\":[{\"@type\":\"ReadAction\",\"target\":[\"https:\\\/\\\/crochetts.com\\\/de\\\/tienda\\\/scoty-rueckenpack\\\/\"]}]},{\"@type\":\"ImageObject\",\"inLanguage\":\"de\",\"@id\":\"https:\\\/\\\/crochetts.com\\\/de\\\/tienda\\\/scoty-rueckenpack\\\/#primaryimage\",\"url\":\"https:\\\/\\\/crochetts.com\\\/wp-content\\\/uploads\\\/2021\\\/05\\\/LT-1764-12.jpg\",\"contentUrl\":\"https:\\\/\\\/crochetts.com\\\/wp-content\\\/uploads\\\/2021\\\/05\\\/LT-1764-12.jpg\",\"width\":801,\"height\":1200,\"caption\":\"H\u00e4kelrucksack f\u00fcr Kinder\"},{\"@type\":\"BreadcrumbList\",\"@id\":\"https:\\\/\\\/crochetts.com\\\/de\\\/tienda\\\/scoty-rueckenpack\\\/#breadcrumb\",\"itemListElement\":[{\"@type\":\"ListItem\",\"position\":1,\"name\":\"Portada\",\"item\":\"https:\\\/\\\/crochetts.com\\\/de\\\/startseite\\\/\"},{\"@type\":\"ListItem\",\"position\":2,\"name\":\"Shop\",\"item\":\"https:\\\/\\\/crochetts.com\\\/de\\\/shop\\\/\"},{\"@type\":\"ListItem\",\"position\":3,\"name\":\"SCOTY R\u00dcCKENPACK\"}]},{\"@type\":\"WebSite\",\"@id\":\"https:\\\/\\\/crochetts.com\\\/de\\\/#website\",\"url\":\"https:\\\/\\\/crochetts.com\\\/de\\\/\",\"name\":\"Crochetts\",\"description\":\"ANIMALES DE CROCHET PARA JUGAR,DECORAR Y SO\u00d1AR\",\"publisher\":{\"@id\":\"https:\\\/\\\/crochetts.com\\\/de\\\/#organization\"},\"potentialAction\":[{\"@type\":\"SearchAction\",\"target\":{\"@type\":\"EntryPoint\",\"urlTemplate\":\"https:\\\/\\\/crochetts.com\\\/de\\\/?s={search_term_string}\"},\"query-input\":{\"@type\":\"PropertyValueSpecification\",\"valueRequired\":true,\"valueName\":\"search_term_string\"}}],\"inLanguage\":\"de\"},{\"@type\":\"Organization\",\"@id\":\"https:\\\/\\\/crochetts.com\\\/de\\\/#organization\",\"name\":\"H\u00e4keln\",\"url\":\"https:\\\/\\\/crochetts.com\\\/de\\\/\",\"logo\":{\"@type\":\"ImageObject\",\"inLanguage\":\"de\",\"@id\":\"https:\\\/\\\/crochetts.com\\\/de\\\/#\\\/schema\\\/logo\\\/image\\\/\",\"url\":\"https:\\\/\\\/i2.wp.com\\\/crochetts.com\\\/wp-content\\\/uploads\\\/2021\\\/01\\\/Logo-Crochetts.jpg?fit=300%2C137&ssl=1\",\"contentUrl\":\"https:\\\/\\\/i2.wp.com\\\/crochetts.com\\\/wp-content\\\/uploads\\\/2021\\\/01\\\/Logo-Crochetts.jpg?fit=300%2C137&ssl=1\",\"width\":300,\"height\":137,\"caption\":\"H\u00e4keln\"},\"image\":{\"@id\":\"https:\\\/\\\/crochetts.com\\\/de\\\/#\\\/schema\\\/logo\\\/image\\\/\"},\"sameAs\":[\"https:\\\/\\\/www.facebook.com\\\/Crochetts-101964178013493\",\"https:\\\/\\\/www.instagram.com\\\/crochetts_\\\/\"]}]}<\/script>\n<meta property=\"product:price:amount\" content=\"59.99\" \/>\n<meta property=\"product:price:currency\" content=\"EUR\" \/>\n<meta property=\"og:availability\" content=\"instock\" \/>\n<meta property=\"product:availability\" content=\"instock\" \/>\n<meta property=\"product:retailer_item_id\" content=\"LT-1764\" \/>\n<meta property=\"product:condition\" content=\"new\" \/>\n<!-- \/ Yoast SEO Premium plugin. -->","yoast_head_json":{"title":"Kinderrucksack - SCOTY R\u00dcCKENPACK - % % %","description":"Alle unsere Rucks\u00e4cke wurden speziell f\u00fcr die Kleinsten entworfen. Sie sind ideal f\u00fcr die Schule, den Park, Ausfl\u00fcge oder einfach f\u00fcr Kinder oder M\u00fctter und V\u00e4ter, um alles, was ein Kind braucht, \u00fcberallhin mitzunehmen.","robots":{"index":"index","follow":"follow","max-snippet":"max-snippet:-1","max-image-preview":"max-image-preview:large","max-video-preview":"max-video-preview:-1"},"canonical":"https:\/\/crochetts.com\/de\/tienda\/scoty-rueckenpack\/","og_locale":"de_DE","og_type":"article","og_title":"SCOTY R\u00dcCKENPACK","og_description":"Unser geh\u00e4kelter Scoty Rucksack ist aus 100% nat\u00fcrlicher Baumwolle, hypoallergen, sehr weich im Griff, in rosa. Ein lustiges und niedliches Design in der Form eines kleinen Tieres. Wir haben an jedes Detail gedacht, wie den R\u00fcssel und die Ohren. Ein hervorragender Reisebegleiter f\u00fcr Kinder.","og_url":"https:\/\/crochetts.com\/de\/tienda\/scoty-rueckenpack\/","og_site_name":"Crochetts","article_publisher":"https:\/\/www.facebook.com\/Crochetts-101964178013493","og_image":[{"width":801,"height":1200,"url":"https:\/\/crochetts.com\/wp-content\/uploads\/2021\/05\/LT-1764-12.jpg","type":"image\/jpeg"}],"twitter_card":"summary_large_image","twitter_misc":{"Preis":"59,99&nbsp;&euro;","Verf\u00fcgbarkeit":"Auf Lager"},"schema":{"@context":"https:\/\/schema.org","@graph":[{"@type":"WebPage","@id":"https:\/\/crochetts.com\/de\/tienda\/scoty-rueckenpack\/","url":"https:\/\/crochetts.com\/de\/tienda\/scoty-rueckenpack\/","name":"Kinderrucksack - SCOTY R\u00dcCKENPACK - % % %","isPartOf":{"@id":"https:\/\/crochetts.com\/de\/#website"},"primaryImageOfPage":{"@id":"https:\/\/crochetts.com\/de\/tienda\/scoty-rueckenpack\/#primaryimage"},"image":{"@id":"https:\/\/crochetts.com\/de\/tienda\/scoty-rueckenpack\/#primaryimage"},"thumbnailUrl":"https:\/\/crochetts.com\/wp-content\/uploads\/2021\/05\/LT-1764-12.jpg","datePublished":"2021-05-13T15:42:24+00:00","description":"Alle unsere Rucks\u00e4cke wurden speziell f\u00fcr die Kleinsten entworfen. Sie sind ideal f\u00fcr die Schule, den Park, Ausfl\u00fcge oder einfach f\u00fcr Kinder oder M\u00fctter und V\u00e4ter, um alles, was ein Kind braucht, \u00fcberallhin mitzunehmen.","breadcrumb":{"@id":"https:\/\/crochetts.com\/de\/tienda\/scoty-rueckenpack\/#breadcrumb"},"inLanguage":"de","potentialAction":[{"@type":"ReadAction","target":["https:\/\/crochetts.com\/de\/tienda\/scoty-rueckenpack\/"]}]},{"@type":"ImageObject","inLanguage":"de","@id":"https:\/\/crochetts.com\/de\/tienda\/scoty-rueckenpack\/#primaryimage","url":"https:\/\/crochetts.com\/wp-content\/uploads\/2021\/05\/LT-1764-12.jpg","contentUrl":"https:\/\/crochetts.com\/wp-content\/uploads\/2021\/05\/LT-1764-12.jpg","width":801,"height":1200,"caption":"H\u00e4kelrucksack f\u00fcr Kinder"},{"@type":"BreadcrumbList","@id":"https:\/\/crochetts.com\/de\/tienda\/scoty-rueckenpack\/#breadcrumb","itemListElement":[{"@type":"ListItem","position":1,"name":"Portada","item":"https:\/\/crochetts.com\/de\/startseite\/"},{"@type":"ListItem","position":2,"name":"Shop","item":"https:\/\/crochetts.com\/de\/shop\/"},{"@type":"ListItem","position":3,"name":"SCOTY R\u00dcCKENPACK"}]},{"@type":"WebSite","@id":"https:\/\/crochetts.com\/de\/#website","url":"https:\/\/crochetts.com\/de\/","name":"Crochetts","description":"ANIMALES DE CROCHET PARA JUGAR,DECORAR Y SO\u00d1AR","publisher":{"@id":"https:\/\/crochetts.com\/de\/#organization"},"potentialAction":[{"@type":"SearchAction","target":{"@type":"EntryPoint","urlTemplate":"https:\/\/crochetts.com\/de\/?s={search_term_string}"},"query-input":{"@type":"PropertyValueSpecification","valueRequired":true,"valueName":"search_term_string"}}],"inLanguage":"de"},{"@type":"Organization","@id":"https:\/\/crochetts.com\/de\/#organization","name":"H\u00e4keln","url":"https:\/\/crochetts.com\/de\/","logo":{"@type":"ImageObject","inLanguage":"de","@id":"https:\/\/crochetts.com\/de\/#\/schema\/logo\/image\/","url":"https:\/\/i2.wp.com\/crochetts.com\/wp-content\/uploads\/2021\/01\/Logo-Crochetts.jpg?fit=300%2C137&ssl=1","contentUrl":"https:\/\/i2.wp.com\/crochetts.com\/wp-content\/uploads\/2021\/01\/Logo-Crochetts.jpg?fit=300%2C137&ssl=1","width":300,"height":137,"caption":"H\u00e4keln"},"image":{"@id":"https:\/\/crochetts.com\/de\/#\/schema\/logo\/image\/"},"sameAs":["https:\/\/www.facebook.com\/Crochetts-101964178013493","https:\/\/www.instagram.com\/crochetts_\/"]}]},"product_price_amount":"59.99","product_price_currency":"EUR","og_availability":"instock","product_availability":"instock","product_retailer_item_id":"LT-1764","product_condition":"new"},"_links":{"self":[{"href":"https:\/\/crochetts.com\/de\/wp-json\/wp\/v2\/product\/26404","targetHints":{"allow":["GET"]}}],"collection":[{"href":"https:\/\/crochetts.com\/de\/wp-json\/wp\/v2\/product"}],"about":[{"href":"https:\/\/crochetts.com\/de\/wp-json\/wp\/v2\/types\/product"}],"wp:featuredmedia":[{"embeddable":true,"href":"https:\/\/crochetts.com\/de\/wp-json\/wp\/v2\/media\/26408"}],"wp:attachment":[{"href":"https:\/\/crochetts.com\/de\/wp-json\/wp\/v2\/media?parent=26404"}],"wp:term":[{"taxonomy":"product_brand","embeddable":true,"href":"https:\/\/crochetts.com\/de\/wp-json\/wp\/v2\/product_brand?post=26404"},{"taxonomy":"product_cat","embeddable":true,"href":"https:\/\/crochetts.com\/de\/wp-json\/wp\/v2\/product_cat?post=26404"},{"taxonomy":"product_tag","embeddable":true,"href":"https:\/\/crochetts.com\/de\/wp-json\/wp\/v2\/product_tag?post=26404"}],"curies":[{"name":"wp","href":"https:\/\/api.w.org\/{rel}","templated":true}]}}