{"id":26381,"date":"2021-05-17T14:24:17","date_gmt":"2021-05-17T14:24:17","guid":{"rendered":"https:\/\/crochetts.com\/tienda\/yogi-kinderhocker\/"},"modified":"2026-01-16T12:35:44","modified_gmt":"2026-01-16T10:35:44","slug":"yogi-kinderhocker","status":"publish","type":"product","link":"https:\/\/crochetts.com\/de\/tienda\/yogi-kinderhocker\/","title":{"rendered":"YOGI KINDERHOCKER"},"content":{"rendered":"<div style=\"text-align: justify;\">Alle unsere<b> Kinderhocker<\/b><em> <\/em><span style=\"background-color: transparent;\">sind auch ein perfektes Spielzeug f\u00fcr Kinder. Perfekte <strong>Dekorationselemente<\/strong> in jedem <strong>Kinderzimmer <\/strong>oder ideal f\u00fcr die Verwendung in <strong>Schaufenstern<\/strong>.<\/span><\/div>\n<div style=\"text-align: justify;\">Sie werden nach den <strong>h\u00f6chsten Qualit\u00e4tsstandards <\/strong>entworfen und hergestellt <strong>, wobei <\/strong>stets nat\u00fcrliche Materialien wie Holz und 100% nat\u00fcrliche Baumwolle verwendet werden.<\/div>\n","protected":false},"excerpt":{"rendered":"<p style=\"text-align: justify;\">Unser <strong>Yogi-H\u00e4kelhocker f\u00fcr Kinder<\/strong> ist aus den besten Materialien hergestellt. Seine Holzstruktur ist mit 100% nat\u00fcrlicher Baumwolle \u00fcberzogen, die hypoallergen ist und sich sehr weich anf\u00fchlt. Von Hand gestickt, mit viel Liebe zum Detail, wie z.B. sein Gesichtsausdruck und seine Haare, die ihm eine besondere Note verleihen.  <\/p>\n","protected":false},"featured_media":26388,"template":"","meta":{"_acf_changed":false,"_joinchat":[]},"product_brand":[],"product_cat":[6188,6186],"product_tag":[6877,6878,6879,6881,6880],"class_list":{"0":"post-26381","1":"product","2":"type-product","3":"status-publish","4":"has-post-thumbnail","6":"product_cat-produkte","7":"product_cat-startseite","8":"product_tag-hocker","9":"product_tag-hocker-hakeln","10":"product_tag-kinderhocker","11":"product_tag-kindersitz","12":"product_tag-tierhocker","13":"entry","15":"first","16":"instock","17":"sale","18":"taxable","19":"shipping-taxable","20":"purchasable","21":"product-type-simple"},"acf":[],"yoast_head":"<!-- This site is optimized with the Yoast SEO Premium plugin v26.1 (Yoast SEO v27.3) - https:\/\/yoast.com\/product\/yoast-seo-premium-wordpress\/ -->\n<title>YOGI KINDERHOCKER - Crochetts<\/title>\n<meta name=\"description\" content=\"Kinderhocker in Form von lustigen Tieren. Entworfen und hergestellt nach den h\u00f6chsten Qualit\u00e4tsstandards, immer unter Verwendung von nat\u00fcrlichen Materialien wie Holz und 100% nat\u00fcrlicher Baumwolle. Das ideale Spielzubeh\u00f6r f\u00fcr ihr Zimmer.\" \/>\n<meta name=\"robots\" content=\"index, follow, max-snippet:-1, max-image-preview:large, max-video-preview:-1\" \/>\n<link rel=\"canonical\" href=\"https:\/\/crochetts.com\/de\/tienda\/yogi-kinderhocker\/\" \/>\n<meta property=\"og:locale\" content=\"de_DE\" \/>\n<meta property=\"og:type\" content=\"article\" \/>\n<meta property=\"og:title\" content=\"YOGI KINDERHOCKER\" \/>\n<meta property=\"og:description\" content=\"Unser Yogi-H\u00e4kelhocker f\u00fcr Kinder ist aus den besten Materialien hergestellt. Seine Holzstruktur ist mit 100% nat\u00fcrlicher Baumwolle \u00fcberzogen, die hypoallergen ist und sich sehr weich anf\u00fchlt. Von Hand gestickt, mit viel Liebe zum Detail, wie z.B. sein Gesichtsausdruck und seine Haare, die ihm eine besondere Note verleihen.\" \/>\n<meta property=\"og:url\" content=\"https:\/\/crochetts.com\/de\/tienda\/yogi-kinderhocker\/\" \/>\n<meta property=\"og:site_name\" content=\"Crochetts\" \/>\n<meta property=\"article:publisher\" content=\"https:\/\/www.facebook.com\/Crochetts-101964178013493\" \/>\n<meta property=\"article:modified_time\" content=\"2026-01-16T10:35:44+00:00\" \/>\n<meta property=\"og:image\" content=\"https:\/\/crochetts.com\/wp-content\/uploads\/2021\/05\/KS-001-11.jpg\" \/>\n\t<meta property=\"og:image:width\" content=\"800\" \/>\n\t<meta property=\"og:image:height\" content=\"1198\" \/>\n\t<meta property=\"og:image:type\" content=\"image\/jpeg\" \/>\n<meta name=\"twitter:card\" content=\"summary_large_image\" \/>\n<meta name=\"twitter:label1\" content=\"Preis\" \/>\n\t<meta name=\"twitter:data1\" content=\"95,59&nbsp;&euro;\" \/>\n\t<meta name=\"twitter:label2\" content=\"Verf\u00fcgbarkeit\" \/>\n\t<meta name=\"twitter:data2\" content=\"Auf Lager\" \/>\n<script type=\"application\/ld+json\" class=\"yoast-schema-graph\">{\"@context\":\"https:\\\/\\\/schema.org\",\"@graph\":[{\"@type\":\"WebPage\",\"@id\":\"https:\\\/\\\/crochetts.com\\\/de\\\/tienda\\\/yogi-kinderhocker\\\/\",\"url\":\"https:\\\/\\\/crochetts.com\\\/de\\\/tienda\\\/yogi-kinderhocker\\\/\",\"name\":\"YOGI KINDERHOCKER - Crochetts\",\"isPartOf\":{\"@id\":\"https:\\\/\\\/crochetts.com\\\/de\\\/#website\"},\"primaryImageOfPage\":{\"@id\":\"https:\\\/\\\/crochetts.com\\\/de\\\/tienda\\\/yogi-kinderhocker\\\/#primaryimage\"},\"image\":{\"@id\":\"https:\\\/\\\/crochetts.com\\\/de\\\/tienda\\\/yogi-kinderhocker\\\/#primaryimage\"},\"thumbnailUrl\":\"https:\\\/\\\/crochetts.com\\\/wp-content\\\/uploads\\\/2021\\\/05\\\/KS-001-11.jpg\",\"datePublished\":\"2021-05-17T14:24:17+00:00\",\"dateModified\":\"2026-01-16T10:35:44+00:00\",\"description\":\"Kinderhocker in Form von lustigen Tieren. Entworfen und hergestellt nach den h\u00f6chsten Qualit\u00e4tsstandards, immer unter Verwendung von nat\u00fcrlichen Materialien wie Holz und 100% nat\u00fcrlicher Baumwolle. Das ideale Spielzubeh\u00f6r f\u00fcr ihr Zimmer.\",\"breadcrumb\":{\"@id\":\"https:\\\/\\\/crochetts.com\\\/de\\\/tienda\\\/yogi-kinderhocker\\\/#breadcrumb\"},\"inLanguage\":\"de\",\"potentialAction\":[{\"@type\":\"ReadAction\",\"target\":[\"https:\\\/\\\/crochetts.com\\\/de\\\/tienda\\\/yogi-kinderhocker\\\/\"]}]},{\"@type\":\"ImageObject\",\"inLanguage\":\"de\",\"@id\":\"https:\\\/\\\/crochetts.com\\\/de\\\/tienda\\\/yogi-kinderhocker\\\/#primaryimage\",\"url\":\"https:\\\/\\\/crochetts.com\\\/wp-content\\\/uploads\\\/2021\\\/05\\\/KS-001-11.jpg\",\"contentUrl\":\"https:\\\/\\\/crochetts.com\\\/wp-content\\\/uploads\\\/2021\\\/05\\\/KS-001-11.jpg\",\"width\":800,\"height\":1198,\"caption\":\"geh\u00e4kelte Kinderhocker\"},{\"@type\":\"BreadcrumbList\",\"@id\":\"https:\\\/\\\/crochetts.com\\\/de\\\/tienda\\\/yogi-kinderhocker\\\/#breadcrumb\",\"itemListElement\":[{\"@type\":\"ListItem\",\"position\":1,\"name\":\"Portada\",\"item\":\"https:\\\/\\\/crochetts.com\\\/de\\\/startseite\\\/\"},{\"@type\":\"ListItem\",\"position\":2,\"name\":\"Shop\",\"item\":\"https:\\\/\\\/crochetts.com\\\/de\\\/shop\\\/\"},{\"@type\":\"ListItem\",\"position\":3,\"name\":\"YOGI KINDERHOCKER\"}]},{\"@type\":\"WebSite\",\"@id\":\"https:\\\/\\\/crochetts.com\\\/de\\\/#website\",\"url\":\"https:\\\/\\\/crochetts.com\\\/de\\\/\",\"name\":\"Crochetts\",\"description\":\"ANIMALES DE CROCHET PARA JUGAR,DECORAR Y SO\u00d1AR\",\"publisher\":{\"@id\":\"https:\\\/\\\/crochetts.com\\\/de\\\/#organization\"},\"potentialAction\":[{\"@type\":\"SearchAction\",\"target\":{\"@type\":\"EntryPoint\",\"urlTemplate\":\"https:\\\/\\\/crochetts.com\\\/de\\\/?s={search_term_string}\"},\"query-input\":{\"@type\":\"PropertyValueSpecification\",\"valueRequired\":true,\"valueName\":\"search_term_string\"}}],\"inLanguage\":\"de\"},{\"@type\":\"Organization\",\"@id\":\"https:\\\/\\\/crochetts.com\\\/de\\\/#organization\",\"name\":\"H\u00e4keln\",\"url\":\"https:\\\/\\\/crochetts.com\\\/de\\\/\",\"logo\":{\"@type\":\"ImageObject\",\"inLanguage\":\"de\",\"@id\":\"https:\\\/\\\/crochetts.com\\\/de\\\/#\\\/schema\\\/logo\\\/image\\\/\",\"url\":\"https:\\\/\\\/i2.wp.com\\\/crochetts.com\\\/wp-content\\\/uploads\\\/2021\\\/01\\\/Logo-Crochetts.jpg?fit=300%2C137&ssl=1\",\"contentUrl\":\"https:\\\/\\\/i2.wp.com\\\/crochetts.com\\\/wp-content\\\/uploads\\\/2021\\\/01\\\/Logo-Crochetts.jpg?fit=300%2C137&ssl=1\",\"width\":300,\"height\":137,\"caption\":\"H\u00e4keln\"},\"image\":{\"@id\":\"https:\\\/\\\/crochetts.com\\\/de\\\/#\\\/schema\\\/logo\\\/image\\\/\"},\"sameAs\":[\"https:\\\/\\\/www.facebook.com\\\/Crochetts-101964178013493\",\"https:\\\/\\\/www.instagram.com\\\/crochetts_\\\/\"]}]}<\/script>\n<meta property=\"product:price:amount\" content=\"95.59\" \/>\n<meta property=\"product:price:currency\" content=\"EUR\" \/>\n<meta property=\"og:availability\" content=\"instock\" \/>\n<meta property=\"product:availability\" content=\"instock\" \/>\n<meta property=\"product:retailer_item_id\" content=\"KS-001\" \/>\n<meta property=\"product:condition\" content=\"new\" \/>\n<!-- \/ Yoast SEO Premium plugin. -->","yoast_head_json":{"title":"YOGI KINDERHOCKER - Crochetts","description":"Kinderhocker in Form von lustigen Tieren. Entworfen und hergestellt nach den h\u00f6chsten Qualit\u00e4tsstandards, immer unter Verwendung von nat\u00fcrlichen Materialien wie Holz und 100% nat\u00fcrlicher Baumwolle. Das ideale Spielzubeh\u00f6r f\u00fcr ihr Zimmer.","robots":{"index":"index","follow":"follow","max-snippet":"max-snippet:-1","max-image-preview":"max-image-preview:large","max-video-preview":"max-video-preview:-1"},"canonical":"https:\/\/crochetts.com\/de\/tienda\/yogi-kinderhocker\/","og_locale":"de_DE","og_type":"article","og_title":"YOGI KINDERHOCKER","og_description":"Unser Yogi-H\u00e4kelhocker f\u00fcr Kinder ist aus den besten Materialien hergestellt. Seine Holzstruktur ist mit 100% nat\u00fcrlicher Baumwolle \u00fcberzogen, die hypoallergen ist und sich sehr weich anf\u00fchlt. Von Hand gestickt, mit viel Liebe zum Detail, wie z.B. sein Gesichtsausdruck und seine Haare, die ihm eine besondere Note verleihen.","og_url":"https:\/\/crochetts.com\/de\/tienda\/yogi-kinderhocker\/","og_site_name":"Crochetts","article_publisher":"https:\/\/www.facebook.com\/Crochetts-101964178013493","article_modified_time":"2026-01-16T10:35:44+00:00","og_image":[{"width":800,"height":1198,"url":"https:\/\/crochetts.com\/wp-content\/uploads\/2021\/05\/KS-001-11.jpg","type":"image\/jpeg"}],"twitter_card":"summary_large_image","twitter_misc":{"Preis":"95,59&nbsp;&euro;","Verf\u00fcgbarkeit":"Auf Lager"},"schema":{"@context":"https:\/\/schema.org","@graph":[{"@type":"WebPage","@id":"https:\/\/crochetts.com\/de\/tienda\/yogi-kinderhocker\/","url":"https:\/\/crochetts.com\/de\/tienda\/yogi-kinderhocker\/","name":"YOGI KINDERHOCKER - Crochetts","isPartOf":{"@id":"https:\/\/crochetts.com\/de\/#website"},"primaryImageOfPage":{"@id":"https:\/\/crochetts.com\/de\/tienda\/yogi-kinderhocker\/#primaryimage"},"image":{"@id":"https:\/\/crochetts.com\/de\/tienda\/yogi-kinderhocker\/#primaryimage"},"thumbnailUrl":"https:\/\/crochetts.com\/wp-content\/uploads\/2021\/05\/KS-001-11.jpg","datePublished":"2021-05-17T14:24:17+00:00","dateModified":"2026-01-16T10:35:44+00:00","description":"Kinderhocker in Form von lustigen Tieren. Entworfen und hergestellt nach den h\u00f6chsten Qualit\u00e4tsstandards, immer unter Verwendung von nat\u00fcrlichen Materialien wie Holz und 100% nat\u00fcrlicher Baumwolle. Das ideale Spielzubeh\u00f6r f\u00fcr ihr Zimmer.","breadcrumb":{"@id":"https:\/\/crochetts.com\/de\/tienda\/yogi-kinderhocker\/#breadcrumb"},"inLanguage":"de","potentialAction":[{"@type":"ReadAction","target":["https:\/\/crochetts.com\/de\/tienda\/yogi-kinderhocker\/"]}]},{"@type":"ImageObject","inLanguage":"de","@id":"https:\/\/crochetts.com\/de\/tienda\/yogi-kinderhocker\/#primaryimage","url":"https:\/\/crochetts.com\/wp-content\/uploads\/2021\/05\/KS-001-11.jpg","contentUrl":"https:\/\/crochetts.com\/wp-content\/uploads\/2021\/05\/KS-001-11.jpg","width":800,"height":1198,"caption":"geh\u00e4kelte Kinderhocker"},{"@type":"BreadcrumbList","@id":"https:\/\/crochetts.com\/de\/tienda\/yogi-kinderhocker\/#breadcrumb","itemListElement":[{"@type":"ListItem","position":1,"name":"Portada","item":"https:\/\/crochetts.com\/de\/startseite\/"},{"@type":"ListItem","position":2,"name":"Shop","item":"https:\/\/crochetts.com\/de\/shop\/"},{"@type":"ListItem","position":3,"name":"YOGI KINDERHOCKER"}]},{"@type":"WebSite","@id":"https:\/\/crochetts.com\/de\/#website","url":"https:\/\/crochetts.com\/de\/","name":"Crochetts","description":"ANIMALES DE CROCHET PARA JUGAR,DECORAR Y SO\u00d1AR","publisher":{"@id":"https:\/\/crochetts.com\/de\/#organization"},"potentialAction":[{"@type":"SearchAction","target":{"@type":"EntryPoint","urlTemplate":"https:\/\/crochetts.com\/de\/?s={search_term_string}"},"query-input":{"@type":"PropertyValueSpecification","valueRequired":true,"valueName":"search_term_string"}}],"inLanguage":"de"},{"@type":"Organization","@id":"https:\/\/crochetts.com\/de\/#organization","name":"H\u00e4keln","url":"https:\/\/crochetts.com\/de\/","logo":{"@type":"ImageObject","inLanguage":"de","@id":"https:\/\/crochetts.com\/de\/#\/schema\/logo\/image\/","url":"https:\/\/i2.wp.com\/crochetts.com\/wp-content\/uploads\/2021\/01\/Logo-Crochetts.jpg?fit=300%2C137&ssl=1","contentUrl":"https:\/\/i2.wp.com\/crochetts.com\/wp-content\/uploads\/2021\/01\/Logo-Crochetts.jpg?fit=300%2C137&ssl=1","width":300,"height":137,"caption":"H\u00e4keln"},"image":{"@id":"https:\/\/crochetts.com\/de\/#\/schema\/logo\/image\/"},"sameAs":["https:\/\/www.facebook.com\/Crochetts-101964178013493","https:\/\/www.instagram.com\/crochetts_\/"]}]},"product_price_amount":"95.59","product_price_currency":"EUR","og_availability":"instock","product_availability":"instock","product_retailer_item_id":"KS-001","product_condition":"new"},"_links":{"self":[{"href":"https:\/\/crochetts.com\/de\/wp-json\/wp\/v2\/product\/26381","targetHints":{"allow":["GET"]}}],"collection":[{"href":"https:\/\/crochetts.com\/de\/wp-json\/wp\/v2\/product"}],"about":[{"href":"https:\/\/crochetts.com\/de\/wp-json\/wp\/v2\/types\/product"}],"wp:featuredmedia":[{"embeddable":true,"href":"https:\/\/crochetts.com\/de\/wp-json\/wp\/v2\/media\/26388"}],"wp:attachment":[{"href":"https:\/\/crochetts.com\/de\/wp-json\/wp\/v2\/media?parent=26381"}],"wp:term":[{"taxonomy":"product_brand","embeddable":true,"href":"https:\/\/crochetts.com\/de\/wp-json\/wp\/v2\/product_brand?post=26381"},{"taxonomy":"product_cat","embeddable":true,"href":"https:\/\/crochetts.com\/de\/wp-json\/wp\/v2\/product_cat?post=26381"},{"taxonomy":"product_tag","embeddable":true,"href":"https:\/\/crochetts.com\/de\/wp-json\/wp\/v2\/product_tag?post=26381"}],"curies":[{"name":"wp","href":"https:\/\/api.w.org\/{rel}","templated":true}]}}