{"id":26315,"date":"2021-09-15T09:37:01","date_gmt":"2021-09-15T07:37:01","guid":{"rendered":"https:\/\/crochetts.com\/tienda\/kuscheliger-cocker-friski-sitz\/"},"modified":"2026-03-23T09:33:03","modified_gmt":"2026-03-23T07:33:03","slug":"kuscheliger-cocker-friski-sitz","status":"publish","type":"product","link":"https:\/\/crochetts.com\/de\/tienda\/kuscheliger-cocker-friski-sitz\/","title":{"rendered":"KUSCHELIGER COCKER FRISKI SITZ"},"content":{"rendered":"<div style=\"text-align: justify;\">Alle unsere <strong>Puppen <\/strong><em><strong>amigurumis<\/strong> <\/em><span style=\"background-color: transparent;\">sind ausgezeichnete Begleiter <strong>f\u00fcr Kinder<\/strong> jeden Alters. Perfekte <strong>Dekorationselemente<\/strong> in jedem <strong>Kinderzimmer<\/strong> oder ideal f\u00fcr die Verwendung in <strong>Schaufenstern<\/strong>.<\/span><\/div>\n<div style=\"text-align: justify;\">Sie werden nach den <strong>h\u00f6chsten Qualit\u00e4tsstandards <\/strong>entworfen und hergestellt <strong>, wobei <\/strong>stets nat\u00fcrliche Materialien wie Holz und 100% nat\u00fcrliche Baumwolle verwendet werden. Sie sind in <strong>zwei Gr\u00f6\u00dfen <\/strong>erh\u00e4ltlich <strong>. <\/strong>Nur die gro\u00dfen Exemplare <strong>sind mit einer Holzstruktur im Inneren ausgestattet, die bis zu 70 kg Gewicht tragen kann.<\/strong> <\/div>\n<div>\n<p data-start=\"1411\" data-end=\"1779\">Der <strong data-start=\"1414\" data-end=\"1441\">Riesenpl\u00fcsch-Cockerhund Maxi<\/strong> ist nicht nur ein Spielzeug: Er ist ein St\u00fcck handgefertigtes Design, das jedes Kinderzimmer in einen Raum voller W\u00e4rme und Pers\u00f6nlichkeit verwandelt. Seine <strong data-start=\"1596\" data-end=\"1624\">handgestickten Details<\/strong> und die sorgf\u00e4ltige Verarbeitung spiegeln den nachhaltigen Geist und die Authentizit\u00e4t von Crochetts\u00ae wider, wo jedes Produkt <strong>mit Liebe, Respekt und Liebe zum Detail hergestellt wird<\/strong>. <\/p>\n<p data-start=\"1781\" data-end=\"2013\">Es enth\u00e4lt einen <strong data-start=\"1801\" data-end=\"1838\">personalisierten Willkommensbrief<\/strong>, in dem sich das Kuscheltier dem Kind vorstellt und so vom ersten Moment an eine besondere Bindung schafft. Ein Detail, das dieses Kuscheltier zu einem originellen und emotional einzigartigen Geschenk macht. <\/p>\n<p data-start=\"2015\" data-end=\"2167\">Ideal als <strong data-start=\"2026\" data-end=\"2085\">Geschenk f\u00fcr Geburtstage, Geburtstage oder Kinderdekorationen!<\/strong><\/p>\n<\/div>\n","protected":false},"excerpt":{"rendered":"<p data-start=\"257\" data-end=\"646\">Entdecken Sie die Z\u00e4rtlichkeit in der gr\u00f6\u00dften Version des <strong data-start=\"328\" data-end=\"370\">Cocker Dog Plush Maxi von Crochetts<\/strong>, einem <strong data-start=\"398\" data-end=\"445\">handgefertigten<\/strong> Unikat <strong data-start=\"398\" data-end=\"445\">aus 100% nat\u00fcrlicher Baumwolle<\/strong> und einem weichen <strong data-start=\"457\" data-end=\"489\">handgestrickten<\/strong> Stoff. Sein XXL-Design vereint <strong data-start=\"513\" data-end=\"546\">Komfort, \u00c4sthetik und W\u00e4rme<\/strong> und macht ihn zum idealen Begleiter zum <strong data-start=\"590\" data-end=\"643\">Dekorieren, Kuscheln oder Spielen<\/strong>. <\/p>\n<p data-start=\"648\" data-end=\"988\">Dank seiner <strong data-start=\"661\" data-end=\"709\">Innenausstattung aus massivem Kiefernholz<\/strong> kann dieser entz\u00fcckende Cocker <strong data-start=\"738\" data-end=\"770\">bis zu 70 kg Gewicht tragen<\/strong> und bietet die M\u00f6glichkeit, ihn als <strong data-start=\"817\" data-end=\"852\">festen und sicheren Kindersitz<\/strong> zu verwenden. Au\u00dferdem sorgen seine <strong data-start=\"866\" data-end=\"899\">rutschfesten F\u00fc\u00dfe<\/strong> f\u00fcr <strong data-start=\"913\" data-end=\"934\">mehr Stabilit\u00e4t<\/strong> und sch\u00fctzen die Oberfl\u00e4chen beim t\u00e4glichen Spiel. <\/p>\n<p data-start=\"990\" data-end=\"1191\">Es enth\u00e4lt einen <strong data-start=\"1016\" data-end=\"1054\">personalisierten Willkommensbrief<\/strong>, in dem sich das Kuscheltier dem Kind vorstellt. So entsteht vom ersten Moment an ein <strong data-start=\"1113\" data-end=\"1163\">zartes, emotionales und magisches Erlebnis<\/strong>. Ideal als <strong data-start=\"2026\" data-end=\"2085\">Geschenk f\u00fcr Geburtstage, Geburtstage oder Kinderdekorationen!<\/strong> <\/p>\n<p>&nbsp;<\/p>\n","protected":false},"featured_media":26347,"template":"","meta":{"_acf_changed":false,"_joinchat":[]},"product_brand":[],"product_cat":[6187,6262,6590,6212,6251,6186],"product_tag":[6217,6199,6876,6818,6682,6201,6219,6226,6218,6205,6200,6389,6202,6222],"class_list":{"0":"post-26315","1":"product","2":"type-product","3":"status-publish","4":"has-post-thumbnail","6":"product_cat-amigurumis","7":"product_cat-amigurumis-maxi","8":"product_cat-bauernhof","9":"product_cat-outlet","10":"product_cat-outlet-2","11":"product_cat-startseite","12":"product_tag-baby-teddybar","13":"product_tag-baumwoll-teddybar","14":"product_tag-cocker-hund-teddybar","15":"product_tag-cocker-teddy","16":"product_tag-groser-teddybar","17":"product_tag-hypoallergener-baumwoll-teddybar","18":"product_tag-maxi-teddybar","19":"product_tag-pluschsitz","20":"product_tag-riesiges-kuscheltier","21":"product_tag-teddy-dekorieren","22":"product_tag-teddybar-hakeln","23":"product_tag-teddyhund","24":"product_tag-weicher-teddybar","25":"product_tag-xxl-teddybar","26":"entry","28":"first","29":"instock","30":"sale","31":"featured","32":"taxable","33":"shipping-taxable","34":"purchasable","35":"product-type-simple"},"acf":[],"yoast_head":"<!-- This site is optimized with the Yoast SEO Premium plugin v26.1 (Yoast SEO v27.3) - https:\/\/yoast.com\/product\/yoast-seo-premium-wordpress\/ -->\n<title>Hypoallergene Baumwolle Cocker Hund Pl\u00fcsch Sitz - Crochetts%<\/title>\n<meta name=\"description\" content=\"Entdecken Sie das riesige Stofftier Cocker Dog Seat Maxi von Crochetts: 100% nat\u00fcrliche Baumwolle, hypoallergen und sehr weich im Griff. Ideal als Geschenk oder zum Dekorieren.\" \/>\n<meta name=\"robots\" content=\"index, follow, max-snippet:-1, max-image-preview:large, max-video-preview:-1\" \/>\n<link rel=\"canonical\" href=\"https:\/\/crochetts.com\/de\/tienda\/kuscheliger-cocker-friski-sitz\/\" \/>\n<meta property=\"og:locale\" content=\"de_DE\" \/>\n<meta property=\"og:type\" content=\"article\" \/>\n<meta property=\"og:title\" content=\"KUSCHELIGER COCKER FRISKI SITZ\" \/>\n<meta property=\"og:description\" content=\"Entdecken Sie die Z\u00e4rtlichkeit in der gr\u00f6\u00dften Version des Cocker Dog Plush Maxi von Crochetts, einem handgefertigten Unikat aus 100% nat\u00fcrlicher Baumwolle und einem weichen handgestrickten Stoff. Sein XXL-Design vereint Komfort, \u00c4sthetik und W\u00e4rme und macht ihn zum idealen Begleiter zum Dekorieren, Kuscheln oder Spielen. Dank seiner Innenausstattung aus massivem Kiefernholz kann dieser entz\u00fcckende Cocker bis zu 70 kg Gewicht tragen und bietet die M\u00f6glichkeit, ihn als festen und sicheren Kindersitz zu verwenden. Au\u00dferdem sorgen seine rutschfesten F\u00fc\u00dfe f\u00fcr mehr Stabilit\u00e4t und sch\u00fctzen die Oberfl\u00e4chen beim t\u00e4glichen Spiel. Es enth\u00e4lt einen personalisierten Willkommensbrief, in dem sich das Kuscheltier dem Kind vorstellt. So entsteht vom ersten Moment an ein zartes, emotionales und magisches Erlebnis. Ideal als Geschenk f\u00fcr Geburtstage, Geburtstage oder Kinderdekorationen! &nbsp;\" \/>\n<meta property=\"og:url\" content=\"https:\/\/crochetts.com\/de\/tienda\/kuscheliger-cocker-friski-sitz\/\" \/>\n<meta property=\"og:site_name\" content=\"Crochetts\" \/>\n<meta property=\"article:publisher\" content=\"https:\/\/www.facebook.com\/Crochetts-101964178013493\" \/>\n<meta property=\"article:modified_time\" content=\"2026-03-23T07:33:03+00:00\" \/>\n<meta property=\"og:image\" content=\"https:\/\/crochetts.com\/wp-content\/uploads\/2021\/09\/LT-DR01-2-4.jpg\" \/>\n\t<meta property=\"og:image:width\" content=\"801\" \/>\n\t<meta property=\"og:image:height\" content=\"1200\" \/>\n\t<meta property=\"og:image:type\" content=\"image\/jpeg\" \/>\n<meta name=\"twitter:card\" content=\"summary_large_image\" \/>\n<meta name=\"twitter:label1\" content=\"Preis\" \/>\n\t<meta name=\"twitter:data1\" content=\"159,72&nbsp;&euro;\" \/>\n\t<meta name=\"twitter:label2\" content=\"Verf\u00fcgbarkeit\" \/>\n\t<meta name=\"twitter:data2\" content=\"Auf Lager\" \/>\n<script type=\"application\/ld+json\" class=\"yoast-schema-graph\">{\"@context\":\"https:\\\/\\\/schema.org\",\"@graph\":[{\"@type\":\"WebPage\",\"@id\":\"https:\\\/\\\/crochetts.com\\\/de\\\/tienda\\\/kuscheliger-cocker-friski-sitz\\\/\",\"url\":\"https:\\\/\\\/crochetts.com\\\/de\\\/tienda\\\/kuscheliger-cocker-friski-sitz\\\/\",\"name\":\"Hypoallergene Baumwolle Cocker Hund Pl\u00fcsch Sitz - Crochetts%\",\"isPartOf\":{\"@id\":\"https:\\\/\\\/crochetts.com\\\/de\\\/#website\"},\"primaryImageOfPage\":{\"@id\":\"https:\\\/\\\/crochetts.com\\\/de\\\/tienda\\\/kuscheliger-cocker-friski-sitz\\\/#primaryimage\"},\"image\":{\"@id\":\"https:\\\/\\\/crochetts.com\\\/de\\\/tienda\\\/kuscheliger-cocker-friski-sitz\\\/#primaryimage\"},\"thumbnailUrl\":\"https:\\\/\\\/crochetts.com\\\/wp-content\\\/uploads\\\/2021\\\/09\\\/LT-DR01-2-4.jpg\",\"datePublished\":\"2021-09-15T07:37:01+00:00\",\"dateModified\":\"2026-03-23T07:33:03+00:00\",\"description\":\"Entdecken Sie das riesige Stofftier Cocker Dog Seat Maxi von Crochetts: 100% nat\u00fcrliche Baumwolle, hypoallergen und sehr weich im Griff. Ideal als Geschenk oder zum Dekorieren.\",\"breadcrumb\":{\"@id\":\"https:\\\/\\\/crochetts.com\\\/de\\\/tienda\\\/kuscheliger-cocker-friski-sitz\\\/#breadcrumb\"},\"inLanguage\":\"de\",\"potentialAction\":[{\"@type\":\"ReadAction\",\"target\":[\"https:\\\/\\\/crochetts.com\\\/de\\\/tienda\\\/kuscheliger-cocker-friski-sitz\\\/\"]}]},{\"@type\":\"ImageObject\",\"inLanguage\":\"de\",\"@id\":\"https:\\\/\\\/crochetts.com\\\/de\\\/tienda\\\/kuscheliger-cocker-friski-sitz\\\/#primaryimage\",\"url\":\"https:\\\/\\\/crochetts.com\\\/wp-content\\\/uploads\\\/2021\\\/09\\\/LT-DR01-2-4.jpg\",\"contentUrl\":\"https:\\\/\\\/crochetts.com\\\/wp-content\\\/uploads\\\/2021\\\/09\\\/LT-DR01-2-4.jpg\",\"width\":801,\"height\":1200,\"caption\":\"Riesiger ausgestopfter Cocker-Hund\"},{\"@type\":\"BreadcrumbList\",\"@id\":\"https:\\\/\\\/crochetts.com\\\/de\\\/tienda\\\/kuscheliger-cocker-friski-sitz\\\/#breadcrumb\",\"itemListElement\":[{\"@type\":\"ListItem\",\"position\":1,\"name\":\"Portada\",\"item\":\"https:\\\/\\\/crochetts.com\\\/de\\\/startseite\\\/\"},{\"@type\":\"ListItem\",\"position\":2,\"name\":\"Shop\",\"item\":\"https:\\\/\\\/crochetts.com\\\/de\\\/shop\\\/\"},{\"@type\":\"ListItem\",\"position\":3,\"name\":\"KUSCHELIGER COCKER FRISKI SITZ\"}]},{\"@type\":\"WebSite\",\"@id\":\"https:\\\/\\\/crochetts.com\\\/de\\\/#website\",\"url\":\"https:\\\/\\\/crochetts.com\\\/de\\\/\",\"name\":\"Crochetts\",\"description\":\"ANIMALES DE CROCHET PARA JUGAR,DECORAR Y SO\u00d1AR\",\"publisher\":{\"@id\":\"https:\\\/\\\/crochetts.com\\\/de\\\/#organization\"},\"potentialAction\":[{\"@type\":\"SearchAction\",\"target\":{\"@type\":\"EntryPoint\",\"urlTemplate\":\"https:\\\/\\\/crochetts.com\\\/de\\\/?s={search_term_string}\"},\"query-input\":{\"@type\":\"PropertyValueSpecification\",\"valueRequired\":true,\"valueName\":\"search_term_string\"}}],\"inLanguage\":\"de\"},{\"@type\":\"Organization\",\"@id\":\"https:\\\/\\\/crochetts.com\\\/de\\\/#organization\",\"name\":\"H\u00e4keln\",\"url\":\"https:\\\/\\\/crochetts.com\\\/de\\\/\",\"logo\":{\"@type\":\"ImageObject\",\"inLanguage\":\"de\",\"@id\":\"https:\\\/\\\/crochetts.com\\\/de\\\/#\\\/schema\\\/logo\\\/image\\\/\",\"url\":\"https:\\\/\\\/i2.wp.com\\\/crochetts.com\\\/wp-content\\\/uploads\\\/2021\\\/01\\\/Logo-Crochetts.jpg?fit=300%2C137&ssl=1\",\"contentUrl\":\"https:\\\/\\\/i2.wp.com\\\/crochetts.com\\\/wp-content\\\/uploads\\\/2021\\\/01\\\/Logo-Crochetts.jpg?fit=300%2C137&ssl=1\",\"width\":300,\"height\":137,\"caption\":\"H\u00e4keln\"},\"image\":{\"@id\":\"https:\\\/\\\/crochetts.com\\\/de\\\/#\\\/schema\\\/logo\\\/image\\\/\"},\"sameAs\":[\"https:\\\/\\\/www.facebook.com\\\/Crochetts-101964178013493\",\"https:\\\/\\\/www.instagram.com\\\/crochetts_\\\/\"]}]}<\/script>\n<meta property=\"product:price:amount\" content=\"159.72\" \/>\n<meta property=\"product:price:currency\" content=\"EUR\" \/>\n<meta property=\"og:availability\" content=\"instock\" \/>\n<meta property=\"product:availability\" content=\"instock\" \/>\n<meta property=\"product:retailer_item_id\" content=\"LT-DR01-01\" \/>\n<meta property=\"product:condition\" content=\"new\" \/>\n<!-- \/ Yoast SEO Premium plugin. -->","yoast_head_json":{"title":"Hypoallergene Baumwolle Cocker Hund Pl\u00fcsch Sitz - Crochetts%","description":"Entdecken Sie das riesige Stofftier Cocker Dog Seat Maxi von Crochetts: 100% nat\u00fcrliche Baumwolle, hypoallergen und sehr weich im Griff. Ideal als Geschenk oder zum Dekorieren.","robots":{"index":"index","follow":"follow","max-snippet":"max-snippet:-1","max-image-preview":"max-image-preview:large","max-video-preview":"max-video-preview:-1"},"canonical":"https:\/\/crochetts.com\/de\/tienda\/kuscheliger-cocker-friski-sitz\/","og_locale":"de_DE","og_type":"article","og_title":"KUSCHELIGER COCKER FRISKI SITZ","og_description":"Entdecken Sie die Z\u00e4rtlichkeit in der gr\u00f6\u00dften Version des Cocker Dog Plush Maxi von Crochetts, einem handgefertigten Unikat aus 100% nat\u00fcrlicher Baumwolle und einem weichen handgestrickten Stoff. Sein XXL-Design vereint Komfort, \u00c4sthetik und W\u00e4rme und macht ihn zum idealen Begleiter zum Dekorieren, Kuscheln oder Spielen. Dank seiner Innenausstattung aus massivem Kiefernholz kann dieser entz\u00fcckende Cocker bis zu 70 kg Gewicht tragen und bietet die M\u00f6glichkeit, ihn als festen und sicheren Kindersitz zu verwenden. Au\u00dferdem sorgen seine rutschfesten F\u00fc\u00dfe f\u00fcr mehr Stabilit\u00e4t und sch\u00fctzen die Oberfl\u00e4chen beim t\u00e4glichen Spiel. Es enth\u00e4lt einen personalisierten Willkommensbrief, in dem sich das Kuscheltier dem Kind vorstellt. So entsteht vom ersten Moment an ein zartes, emotionales und magisches Erlebnis. Ideal als Geschenk f\u00fcr Geburtstage, Geburtstage oder Kinderdekorationen! &nbsp;","og_url":"https:\/\/crochetts.com\/de\/tienda\/kuscheliger-cocker-friski-sitz\/","og_site_name":"Crochetts","article_publisher":"https:\/\/www.facebook.com\/Crochetts-101964178013493","article_modified_time":"2026-03-23T07:33:03+00:00","og_image":[{"width":801,"height":1200,"url":"https:\/\/crochetts.com\/wp-content\/uploads\/2021\/09\/LT-DR01-2-4.jpg","type":"image\/jpeg"}],"twitter_card":"summary_large_image","twitter_misc":{"Preis":"159,72&nbsp;&euro;","Verf\u00fcgbarkeit":"Auf Lager"},"schema":{"@context":"https:\/\/schema.org","@graph":[{"@type":"WebPage","@id":"https:\/\/crochetts.com\/de\/tienda\/kuscheliger-cocker-friski-sitz\/","url":"https:\/\/crochetts.com\/de\/tienda\/kuscheliger-cocker-friski-sitz\/","name":"Hypoallergene Baumwolle Cocker Hund Pl\u00fcsch Sitz - Crochetts%","isPartOf":{"@id":"https:\/\/crochetts.com\/de\/#website"},"primaryImageOfPage":{"@id":"https:\/\/crochetts.com\/de\/tienda\/kuscheliger-cocker-friski-sitz\/#primaryimage"},"image":{"@id":"https:\/\/crochetts.com\/de\/tienda\/kuscheliger-cocker-friski-sitz\/#primaryimage"},"thumbnailUrl":"https:\/\/crochetts.com\/wp-content\/uploads\/2021\/09\/LT-DR01-2-4.jpg","datePublished":"2021-09-15T07:37:01+00:00","dateModified":"2026-03-23T07:33:03+00:00","description":"Entdecken Sie das riesige Stofftier Cocker Dog Seat Maxi von Crochetts: 100% nat\u00fcrliche Baumwolle, hypoallergen und sehr weich im Griff. Ideal als Geschenk oder zum Dekorieren.","breadcrumb":{"@id":"https:\/\/crochetts.com\/de\/tienda\/kuscheliger-cocker-friski-sitz\/#breadcrumb"},"inLanguage":"de","potentialAction":[{"@type":"ReadAction","target":["https:\/\/crochetts.com\/de\/tienda\/kuscheliger-cocker-friski-sitz\/"]}]},{"@type":"ImageObject","inLanguage":"de","@id":"https:\/\/crochetts.com\/de\/tienda\/kuscheliger-cocker-friski-sitz\/#primaryimage","url":"https:\/\/crochetts.com\/wp-content\/uploads\/2021\/09\/LT-DR01-2-4.jpg","contentUrl":"https:\/\/crochetts.com\/wp-content\/uploads\/2021\/09\/LT-DR01-2-4.jpg","width":801,"height":1200,"caption":"Riesiger ausgestopfter Cocker-Hund"},{"@type":"BreadcrumbList","@id":"https:\/\/crochetts.com\/de\/tienda\/kuscheliger-cocker-friski-sitz\/#breadcrumb","itemListElement":[{"@type":"ListItem","position":1,"name":"Portada","item":"https:\/\/crochetts.com\/de\/startseite\/"},{"@type":"ListItem","position":2,"name":"Shop","item":"https:\/\/crochetts.com\/de\/shop\/"},{"@type":"ListItem","position":3,"name":"KUSCHELIGER COCKER FRISKI SITZ"}]},{"@type":"WebSite","@id":"https:\/\/crochetts.com\/de\/#website","url":"https:\/\/crochetts.com\/de\/","name":"Crochetts","description":"ANIMALES DE CROCHET PARA JUGAR,DECORAR Y SO\u00d1AR","publisher":{"@id":"https:\/\/crochetts.com\/de\/#organization"},"potentialAction":[{"@type":"SearchAction","target":{"@type":"EntryPoint","urlTemplate":"https:\/\/crochetts.com\/de\/?s={search_term_string}"},"query-input":{"@type":"PropertyValueSpecification","valueRequired":true,"valueName":"search_term_string"}}],"inLanguage":"de"},{"@type":"Organization","@id":"https:\/\/crochetts.com\/de\/#organization","name":"H\u00e4keln","url":"https:\/\/crochetts.com\/de\/","logo":{"@type":"ImageObject","inLanguage":"de","@id":"https:\/\/crochetts.com\/de\/#\/schema\/logo\/image\/","url":"https:\/\/i2.wp.com\/crochetts.com\/wp-content\/uploads\/2021\/01\/Logo-Crochetts.jpg?fit=300%2C137&ssl=1","contentUrl":"https:\/\/i2.wp.com\/crochetts.com\/wp-content\/uploads\/2021\/01\/Logo-Crochetts.jpg?fit=300%2C137&ssl=1","width":300,"height":137,"caption":"H\u00e4keln"},"image":{"@id":"https:\/\/crochetts.com\/de\/#\/schema\/logo\/image\/"},"sameAs":["https:\/\/www.facebook.com\/Crochetts-101964178013493","https:\/\/www.instagram.com\/crochetts_\/"]}]},"product_price_amount":"159.72","product_price_currency":"EUR","og_availability":"instock","product_availability":"instock","product_retailer_item_id":"LT-DR01-01","product_condition":"new"},"_links":{"self":[{"href":"https:\/\/crochetts.com\/de\/wp-json\/wp\/v2\/product\/26315","targetHints":{"allow":["GET"]}}],"collection":[{"href":"https:\/\/crochetts.com\/de\/wp-json\/wp\/v2\/product"}],"about":[{"href":"https:\/\/crochetts.com\/de\/wp-json\/wp\/v2\/types\/product"}],"wp:featuredmedia":[{"embeddable":true,"href":"https:\/\/crochetts.com\/de\/wp-json\/wp\/v2\/media\/26347"}],"wp:attachment":[{"href":"https:\/\/crochetts.com\/de\/wp-json\/wp\/v2\/media?parent=26315"}],"wp:term":[{"taxonomy":"product_brand","embeddable":true,"href":"https:\/\/crochetts.com\/de\/wp-json\/wp\/v2\/product_brand?post=26315"},{"taxonomy":"product_cat","embeddable":true,"href":"https:\/\/crochetts.com\/de\/wp-json\/wp\/v2\/product_cat?post=26315"},{"taxonomy":"product_tag","embeddable":true,"href":"https:\/\/crochetts.com\/de\/wp-json\/wp\/v2\/product_tag?post=26315"}],"curies":[{"name":"wp","href":"https:\/\/api.w.org\/{rel}","templated":true}]}}