{"id":26279,"date":"2020-12-22T15:31:19","date_gmt":"2020-12-22T15:31:19","guid":{"rendered":"https:\/\/crochetts.com\/tienda\/haekeln_2-familie-elefant-blatt\/"},"modified":"2020-12-22T15:31:19","modified_gmt":"2020-12-22T14:31:19","slug":"haekeln_2-familie-elefant-blatt","status":"publish","type":"product","link":"https:\/\/crochetts.com\/de\/tienda\/haekeln_2-familie-elefant-blatt\/","title":{"rendered":"H\u00c4KELN_2 FAMILIE ELEFANT BLATT"},"content":{"rendered":"<p><strong>Druck:<\/strong> Format A3 (420&#215;297 mm). Gedruckt auf hochwertigem, mattem Papier mit einer Grammatur von 240 gr\/m2. <\/p>\n<p><strong>Gestell:<\/strong> MDF-Holzrahmen. Texturierte wei\u00dfe Oberfl\u00e4che. Bezug aus Methacrylat, R\u00fcckseite aus MDF-Holz und Aufh\u00e4ngesystem f\u00fcr die Wandmontage. Ma\u00dfe mit Rahmen: 33x2x43 cm - Gewicht: 1060 gr.   <\/p>\n<p><strong>Aufh\u00e4nger: <\/strong>Fester, auf das Blatt geleimter Holztr\u00e4ger. In Naturfarbe lackiert, ohne Lackierung. Aufh\u00e4ngesystem mit Seil. Handgefertigt.   <\/p>\n","protected":false},"excerpt":{"rendered":"<div style=\"text-align: justify;\">\n<p><strong>Dekorativer Druck f\u00fcr Kinder<\/strong> mit geh\u00e4keltem Elefantenmotiv.<\/p>\n<p>Ideales Designprodukt, um Kinderzimmer zu dekorieren und mit Farbe und S\u00fc\u00dfe zu f\u00fcllen. Die ideale Erg\u00e4nzung zu unserer Familie der geh\u00e4kelten Stofftiere. <\/p>\n<div>Erh\u00e4ltlich in <strong>zwei Varianten<\/strong>:<\/div>\n<div>\n<ul>\n<li><strong>Nicht unterst\u00fctzte <\/strong>Folie <strong>: <\/strong>Folie <strong>im Format A3 <\/strong>. Gedruckt auf <strong>hochwertigem<\/strong> <strong>, mattem Papier<\/strong> mit<strong> einer Grammatur von 240 gr\/m2.<\/strong><\/li>\n<li>Lamina <strong>mit Rahmen:<\/strong> Inklusive <strong>dekorativem<\/strong> <strong>wei\u00dfem<\/strong>, strukturiertem <strong>Holzrahmen<\/strong> mit <strong>Schutz<\/strong> und <strong>Hakensystem<\/strong>.<\/li>\n<\/ul>\n<\/div>\n<\/div>\n","protected":false},"featured_media":26287,"template":"","meta":{"_acf_changed":false,"_joinchat":[]},"product_brand":[],"product_cat":[6292,6186],"product_tag":[6834,6830,6829,6337,6404,6310,6857,6302,6828,6833,6859,6308,6296,6548,6349,6860,6858,6831,6832,6536,6350,6387,6297,6837,6298,6393],"class_list":{"0":"post-26279","1":"product","2":"type-product","3":"status-publish","4":"has-post-thumbnail","6":"product_cat-lamps","7":"product_cat-startseite","8":"product_tag-amigurumi-druck-fur-kinder","9":"product_tag-amigurumi-kinderdruck","10":"product_tag-amigurumis-kinderblatt","11":"product_tag-babies","12":"product_tag-babies-2","13":"product_tag-drucken-encadree","14":"product_tag-elefanten","15":"product_tag-enfants","16":"product_tag-familie","17":"product_tag-familie-2","18":"product_tag-familie-hakeln-elefanten-drucken-2","19":"product_tag-gerahmter-druck","20":"product_tag-gerahmtes-poster","21":"product_tag-hakeln-2","22":"product_tag-hakeln","23":"product_tag-hakeln-familie-druck-von-elefanten-2","24":"product_tag-hakeln-sie-2-familie-elefant-blatt","25":"product_tag-image-denfant","26":"product_tag-image-denfant-blanche","27":"product_tag-kinder-2","28":"product_tag-kinder","29":"product_tag-kinderbild","30":"product_tag-kinderkiste","31":"product_tag-rosen","32":"product_tag-weise-kinderschachtel","33":"product_tag-weises-kinderbild","34":"entry","36":"first","37":"instock","38":"taxable","39":"shipping-taxable","40":"purchasable","41":"product-type-variable"},"acf":[],"yoast_head":"<!-- This site is optimized with the Yoast SEO Premium plugin v26.1 (Yoast SEO v27.3) - https:\/\/yoast.com\/product\/yoast-seo-premium-wordpress\/ -->\n<title>H\u00c4KELN_2 FAMILIE ELEFANT BLATT - Crochetts<\/title>\n<meta name=\"description\" content=\"Dekorativer Kinderdruck mit einem geh\u00e4kelten Teddymotiv. Die ideale Erg\u00e4nzung zu unserer Familie der H\u00e4kelteddys.\" \/>\n<meta name=\"robots\" content=\"index, follow, max-snippet:-1, max-image-preview:large, max-video-preview:-1\" \/>\n<link rel=\"canonical\" href=\"https:\/\/crochetts.com\/de\/tienda\/haekeln_2-familie-elefant-blatt\/\" \/>\n<meta property=\"og:locale\" content=\"de_DE\" \/>\n<meta property=\"og:type\" content=\"article\" \/>\n<meta property=\"og:title\" content=\"H\u00c4KELN_2 FAMILIE ELEFANT BLATT\" \/>\n<meta property=\"og:description\" content=\"Dekorativer Druck f\u00fcr Kinder mit geh\u00e4keltem Elefantenmotiv. Ideales Designprodukt, um Kinderzimmer zu dekorieren und mit Farbe und S\u00fc\u00dfe zu f\u00fcllen. Die ideale Erg\u00e4nzung zu unserer Familie der geh\u00e4kelten Stofftiere. Erh\u00e4ltlich in zwei Varianten:   Nicht unterst\u00fctzte Folie : Folie im Format A3 . Gedruckt auf hochwertigem , mattem Papier mit einer Grammatur von 240 gr\/m2.  Lamina mit Rahmen: Inklusive dekorativem wei\u00dfem, strukturiertem Holzrahmen mit Schutz und Hakensystem.\" \/>\n<meta property=\"og:url\" content=\"https:\/\/crochetts.com\/de\/tienda\/haekeln_2-familie-elefant-blatt\/\" \/>\n<meta property=\"og:site_name\" content=\"Crochetts\" \/>\n<meta property=\"article:publisher\" content=\"https:\/\/www.facebook.com\/Crochetts-101964178013493\" \/>\n<meta property=\"og:image\" content=\"https:\/\/crochetts.com\/wp-content\/uploads\/2020\/12\/CDR-0009-2.jpg\" \/>\n\t<meta property=\"og:image:width\" content=\"801\" \/>\n\t<meta property=\"og:image:height\" content=\"1200\" \/>\n\t<meta property=\"og:image:type\" content=\"image\/jpeg\" \/>\n<meta name=\"twitter:card\" content=\"summary_large_image\" \/>\n<meta name=\"twitter:label1\" content=\"Verf\u00fcgbarkeit\" \/>\n\t<meta name=\"twitter:data1\" content=\"Auf Lager\" \/>\n<script type=\"application\/ld+json\" class=\"yoast-schema-graph\">{\"@context\":\"https:\\\/\\\/schema.org\",\"@graph\":[{\"@type\":\"WebPage\",\"@id\":\"https:\\\/\\\/crochetts.com\\\/de\\\/tienda\\\/haekeln_2-familie-elefant-blatt\\\/\",\"url\":\"https:\\\/\\\/crochetts.com\\\/de\\\/tienda\\\/haekeln_2-familie-elefant-blatt\\\/\",\"name\":\"H\u00c4KELN_2 FAMILIE ELEFANT BLATT - Crochetts\",\"isPartOf\":{\"@id\":\"https:\\\/\\\/crochetts.com\\\/de\\\/#website\"},\"primaryImageOfPage\":{\"@id\":\"https:\\\/\\\/crochetts.com\\\/de\\\/tienda\\\/haekeln_2-familie-elefant-blatt\\\/#primaryimage\"},\"image\":{\"@id\":\"https:\\\/\\\/crochetts.com\\\/de\\\/tienda\\\/haekeln_2-familie-elefant-blatt\\\/#primaryimage\"},\"thumbnailUrl\":\"https:\\\/\\\/crochetts.com\\\/wp-content\\\/uploads\\\/2020\\\/12\\\/CDR-0009-2.jpg\",\"datePublished\":\"2020-12-22T15:31:19+00:00\",\"description\":\"Dekorativer Kinderdruck mit einem geh\u00e4kelten Teddymotiv. Die ideale Erg\u00e4nzung zu unserer Familie der H\u00e4kelteddys.\",\"breadcrumb\":{\"@id\":\"https:\\\/\\\/crochetts.com\\\/de\\\/tienda\\\/haekeln_2-familie-elefant-blatt\\\/#breadcrumb\"},\"inLanguage\":\"de\",\"potentialAction\":[{\"@type\":\"ReadAction\",\"target\":[\"https:\\\/\\\/crochetts.com\\\/de\\\/tienda\\\/haekeln_2-familie-elefant-blatt\\\/\"]}]},{\"@type\":\"ImageObject\",\"inLanguage\":\"de\",\"@id\":\"https:\\\/\\\/crochetts.com\\\/de\\\/tienda\\\/haekeln_2-familie-elefant-blatt\\\/#primaryimage\",\"url\":\"https:\\\/\\\/crochetts.com\\\/wp-content\\\/uploads\\\/2020\\\/12\\\/CDR-0009-2.jpg\",\"contentUrl\":\"https:\\\/\\\/crochetts.com\\\/wp-content\\\/uploads\\\/2020\\\/12\\\/CDR-0009-2.jpg\",\"width\":801,\"height\":1200,\"caption\":\"H\u00e4keltuch Elefant\"},{\"@type\":\"BreadcrumbList\",\"@id\":\"https:\\\/\\\/crochetts.com\\\/de\\\/tienda\\\/haekeln_2-familie-elefant-blatt\\\/#breadcrumb\",\"itemListElement\":[{\"@type\":\"ListItem\",\"position\":1,\"name\":\"Portada\",\"item\":\"https:\\\/\\\/crochetts.com\\\/de\\\/startseite\\\/\"},{\"@type\":\"ListItem\",\"position\":2,\"name\":\"Shop\",\"item\":\"https:\\\/\\\/crochetts.com\\\/de\\\/shop\\\/\"},{\"@type\":\"ListItem\",\"position\":3,\"name\":\"H\u00c4KELN_2 FAMILIE ELEFANT BLATT\"}]},{\"@type\":\"WebSite\",\"@id\":\"https:\\\/\\\/crochetts.com\\\/de\\\/#website\",\"url\":\"https:\\\/\\\/crochetts.com\\\/de\\\/\",\"name\":\"Crochetts\",\"description\":\"ANIMALES DE CROCHET PARA JUGAR,DECORAR Y SO\u00d1AR\",\"publisher\":{\"@id\":\"https:\\\/\\\/crochetts.com\\\/de\\\/#organization\"},\"potentialAction\":[{\"@type\":\"SearchAction\",\"target\":{\"@type\":\"EntryPoint\",\"urlTemplate\":\"https:\\\/\\\/crochetts.com\\\/de\\\/?s={search_term_string}\"},\"query-input\":{\"@type\":\"PropertyValueSpecification\",\"valueRequired\":true,\"valueName\":\"search_term_string\"}}],\"inLanguage\":\"de\"},{\"@type\":\"Organization\",\"@id\":\"https:\\\/\\\/crochetts.com\\\/de\\\/#organization\",\"name\":\"H\u00e4keln\",\"url\":\"https:\\\/\\\/crochetts.com\\\/de\\\/\",\"logo\":{\"@type\":\"ImageObject\",\"inLanguage\":\"de\",\"@id\":\"https:\\\/\\\/crochetts.com\\\/de\\\/#\\\/schema\\\/logo\\\/image\\\/\",\"url\":\"https:\\\/\\\/i2.wp.com\\\/crochetts.com\\\/wp-content\\\/uploads\\\/2021\\\/01\\\/Logo-Crochetts.jpg?fit=300%2C137&ssl=1\",\"contentUrl\":\"https:\\\/\\\/i2.wp.com\\\/crochetts.com\\\/wp-content\\\/uploads\\\/2021\\\/01\\\/Logo-Crochetts.jpg?fit=300%2C137&ssl=1\",\"width\":300,\"height\":137,\"caption\":\"H\u00e4keln\"},\"image\":{\"@id\":\"https:\\\/\\\/crochetts.com\\\/de\\\/#\\\/schema\\\/logo\\\/image\\\/\"},\"sameAs\":[\"https:\\\/\\\/www.facebook.com\\\/Crochetts-101964178013493\",\"https:\\\/\\\/www.instagram.com\\\/crochetts_\\\/\"]}]}<\/script>\n<meta property=\"og:availability\" content=\"instock\" \/>\n<meta property=\"product:availability\" content=\"instock\" \/>\n<meta property=\"product:retailer_item_id\" content=\"LMN-CR-0009\" \/>\n<meta property=\"product:condition\" content=\"new\" \/>\n<!-- \/ Yoast SEO Premium plugin. -->","yoast_head_json":{"title":"H\u00c4KELN_2 FAMILIE ELEFANT BLATT - Crochetts","description":"Dekorativer Kinderdruck mit einem geh\u00e4kelten Teddymotiv. Die ideale Erg\u00e4nzung zu unserer Familie der H\u00e4kelteddys.","robots":{"index":"index","follow":"follow","max-snippet":"max-snippet:-1","max-image-preview":"max-image-preview:large","max-video-preview":"max-video-preview:-1"},"canonical":"https:\/\/crochetts.com\/de\/tienda\/haekeln_2-familie-elefant-blatt\/","og_locale":"de_DE","og_type":"article","og_title":"H\u00c4KELN_2 FAMILIE ELEFANT BLATT","og_description":"Dekorativer Druck f\u00fcr Kinder mit geh\u00e4keltem Elefantenmotiv. Ideales Designprodukt, um Kinderzimmer zu dekorieren und mit Farbe und S\u00fc\u00dfe zu f\u00fcllen. Die ideale Erg\u00e4nzung zu unserer Familie der geh\u00e4kelten Stofftiere. Erh\u00e4ltlich in zwei Varianten:   Nicht unterst\u00fctzte Folie : Folie im Format A3 . Gedruckt auf hochwertigem , mattem Papier mit einer Grammatur von 240 gr\/m2.  Lamina mit Rahmen: Inklusive dekorativem wei\u00dfem, strukturiertem Holzrahmen mit Schutz und Hakensystem.","og_url":"https:\/\/crochetts.com\/de\/tienda\/haekeln_2-familie-elefant-blatt\/","og_site_name":"Crochetts","article_publisher":"https:\/\/www.facebook.com\/Crochetts-101964178013493","og_image":[{"width":801,"height":1200,"url":"https:\/\/crochetts.com\/wp-content\/uploads\/2020\/12\/CDR-0009-2.jpg","type":"image\/jpeg"}],"twitter_card":"summary_large_image","twitter_misc":{"Verf\u00fcgbarkeit":"Auf Lager"},"schema":{"@context":"https:\/\/schema.org","@graph":[{"@type":"WebPage","@id":"https:\/\/crochetts.com\/de\/tienda\/haekeln_2-familie-elefant-blatt\/","url":"https:\/\/crochetts.com\/de\/tienda\/haekeln_2-familie-elefant-blatt\/","name":"H\u00c4KELN_2 FAMILIE ELEFANT BLATT - Crochetts","isPartOf":{"@id":"https:\/\/crochetts.com\/de\/#website"},"primaryImageOfPage":{"@id":"https:\/\/crochetts.com\/de\/tienda\/haekeln_2-familie-elefant-blatt\/#primaryimage"},"image":{"@id":"https:\/\/crochetts.com\/de\/tienda\/haekeln_2-familie-elefant-blatt\/#primaryimage"},"thumbnailUrl":"https:\/\/crochetts.com\/wp-content\/uploads\/2020\/12\/CDR-0009-2.jpg","datePublished":"2020-12-22T15:31:19+00:00","description":"Dekorativer Kinderdruck mit einem geh\u00e4kelten Teddymotiv. Die ideale Erg\u00e4nzung zu unserer Familie der H\u00e4kelteddys.","breadcrumb":{"@id":"https:\/\/crochetts.com\/de\/tienda\/haekeln_2-familie-elefant-blatt\/#breadcrumb"},"inLanguage":"de","potentialAction":[{"@type":"ReadAction","target":["https:\/\/crochetts.com\/de\/tienda\/haekeln_2-familie-elefant-blatt\/"]}]},{"@type":"ImageObject","inLanguage":"de","@id":"https:\/\/crochetts.com\/de\/tienda\/haekeln_2-familie-elefant-blatt\/#primaryimage","url":"https:\/\/crochetts.com\/wp-content\/uploads\/2020\/12\/CDR-0009-2.jpg","contentUrl":"https:\/\/crochetts.com\/wp-content\/uploads\/2020\/12\/CDR-0009-2.jpg","width":801,"height":1200,"caption":"H\u00e4keltuch Elefant"},{"@type":"BreadcrumbList","@id":"https:\/\/crochetts.com\/de\/tienda\/haekeln_2-familie-elefant-blatt\/#breadcrumb","itemListElement":[{"@type":"ListItem","position":1,"name":"Portada","item":"https:\/\/crochetts.com\/de\/startseite\/"},{"@type":"ListItem","position":2,"name":"Shop","item":"https:\/\/crochetts.com\/de\/shop\/"},{"@type":"ListItem","position":3,"name":"H\u00c4KELN_2 FAMILIE ELEFANT BLATT"}]},{"@type":"WebSite","@id":"https:\/\/crochetts.com\/de\/#website","url":"https:\/\/crochetts.com\/de\/","name":"Crochetts","description":"ANIMALES DE CROCHET PARA JUGAR,DECORAR Y SO\u00d1AR","publisher":{"@id":"https:\/\/crochetts.com\/de\/#organization"},"potentialAction":[{"@type":"SearchAction","target":{"@type":"EntryPoint","urlTemplate":"https:\/\/crochetts.com\/de\/?s={search_term_string}"},"query-input":{"@type":"PropertyValueSpecification","valueRequired":true,"valueName":"search_term_string"}}],"inLanguage":"de"},{"@type":"Organization","@id":"https:\/\/crochetts.com\/de\/#organization","name":"H\u00e4keln","url":"https:\/\/crochetts.com\/de\/","logo":{"@type":"ImageObject","inLanguage":"de","@id":"https:\/\/crochetts.com\/de\/#\/schema\/logo\/image\/","url":"https:\/\/i2.wp.com\/crochetts.com\/wp-content\/uploads\/2021\/01\/Logo-Crochetts.jpg?fit=300%2C137&ssl=1","contentUrl":"https:\/\/i2.wp.com\/crochetts.com\/wp-content\/uploads\/2021\/01\/Logo-Crochetts.jpg?fit=300%2C137&ssl=1","width":300,"height":137,"caption":"H\u00e4keln"},"image":{"@id":"https:\/\/crochetts.com\/de\/#\/schema\/logo\/image\/"},"sameAs":["https:\/\/www.facebook.com\/Crochetts-101964178013493","https:\/\/www.instagram.com\/crochetts_\/"]}]},"og_availability":"instock","product_availability":"instock","product_retailer_item_id":"LMN-CR-0009","product_condition":"new"},"_links":{"self":[{"href":"https:\/\/crochetts.com\/de\/wp-json\/wp\/v2\/product\/26279","targetHints":{"allow":["GET"]}}],"collection":[{"href":"https:\/\/crochetts.com\/de\/wp-json\/wp\/v2\/product"}],"about":[{"href":"https:\/\/crochetts.com\/de\/wp-json\/wp\/v2\/types\/product"}],"wp:featuredmedia":[{"embeddable":true,"href":"https:\/\/crochetts.com\/de\/wp-json\/wp\/v2\/media\/26287"}],"wp:attachment":[{"href":"https:\/\/crochetts.com\/de\/wp-json\/wp\/v2\/media?parent=26279"}],"wp:term":[{"taxonomy":"product_brand","embeddable":true,"href":"https:\/\/crochetts.com\/de\/wp-json\/wp\/v2\/product_brand?post=26279"},{"taxonomy":"product_cat","embeddable":true,"href":"https:\/\/crochetts.com\/de\/wp-json\/wp\/v2\/product_cat?post=26279"},{"taxonomy":"product_tag","embeddable":true,"href":"https:\/\/crochetts.com\/de\/wp-json\/wp\/v2\/product_tag?post=26279"}],"curies":[{"name":"wp","href":"https:\/\/api.w.org\/{rel}","templated":true}]}}