{"id":26150,"date":"2021-09-23T08:55:51","date_gmt":"2021-09-23T08:55:51","guid":{"rendered":"https:\/\/crochetts.com\/tienda\/unicorn-towel\/"},"modified":"2025-11-26T10:20:20","modified_gmt":"2025-11-26T09:20:20","slug":"unicorn-towel","status":"publish","type":"product","link":"https:\/\/crochetts.com\/de\/tienda\/unicorn-towel\/","title":{"rendered":"UNICORN TOWEL"},"content":{"rendered":"<div style=\"text-align: justify;\">\n<p style=\"text-align: justify;\">Alle unsere Handt\u00fccher sind f\u00fcr <strong>die Kleinsten gedacht.<\/strong> Sie wurden f\u00fcr die Kleinen entworfen, damit sie beim Baden Spa\u00df haben. Es ist ein vielseitiges Produkt, das Sie als allt\u00e4gliches Handtuch f\u00fcr die <strong>Badewanne<\/strong>, den <strong>Strand und den Pool<\/strong> oder als einfache<strong> Babydecke<\/strong> verwenden k\u00f6nnen.<strong><br \/>\n<\/strong> <\/p>\n<p>Hergestellt aus den besten Materialien,<strong>  100% hochwertiges Polyester<\/strong>  und unglaublich  <strong>weich, bequem<\/strong>  und sehr<strong>  saugf\u00e4hig,<\/strong>  freundlich zu der zarten Haut der Kleinen.<\/p>\n<\/div>\n","protected":false},"excerpt":{"rendered":"<p><strong>Unser<\/strong> rosa <strong>Einhorn-Kapuzenhandtuch<\/strong> ist <strong>aus<\/strong> feinstem<strong> Material<\/strong>, <strong>hochwertigem<\/strong> Polyester, unglaublich <strong>weich, bequem<\/strong> und sehr<strong> saugf\u00e4hig<\/strong>. Ein lustiges und niedliches <strong>Einhorndesign<\/strong>, das bis ins kleinste Detail durchdacht ist, wie die wei\u00dfen Ohren und das Horn, die ihm eine besondere Note verleihen. <\/p>\n<p>&nbsp;<\/p>\n","protected":false},"featured_media":26164,"template":"","meta":{"_acf_changed":false,"_joinchat":[]},"product_brand":[],"product_cat":[6250],"product_tag":[6729,6733,6799,6732,6730,6734,6731,6735],"class_list":{"0":"post-26150","1":"product","2":"type-product","3":"status-publish","4":"has-post-thumbnail","6":"product_cat-decken-und-handtucher","7":"product_tag-babyhandtucher","8":"product_tag-dinosaurier-handtuch","9":"product_tag-einhorn-handtuch","10":"product_tag-handtuch-mit-kapuze","11":"product_tag-kinderhandtuch","12":"product_tag-saugfahiges-handtuch","13":"product_tag-spas-handtuch","14":"product_tag-weiches-handtuch","15":"entry","17":"first","18":"instock","19":"taxable","20":"shipping-taxable","21":"purchasable","22":"product-type-simple"},"acf":[],"yoast_head":"<!-- This site is optimized with the Yoast SEO Premium plugin v26.1 (Yoast SEO v27.3) - https:\/\/yoast.com\/product\/yoast-seo-premium-wordpress\/ -->\n<title>TOALLA - UNICORN TOWEL -% % %<\/title>\n<meta name=\"description\" content=\"Alle unsere Handt\u00fccher sind mit Blick auf die Kleinen entworfen. Es ist ein vielseitiges Produkt, das Sie als allt\u00e4gliches Handtuch f\u00fcr die Badewanne oder f\u00fcr den Strand und Pool oder als einfache Babydecke verwenden k\u00f6nnen.\" \/>\n<meta name=\"robots\" content=\"index, follow, max-snippet:-1, max-image-preview:large, max-video-preview:-1\" \/>\n<link rel=\"canonical\" href=\"https:\/\/crochetts.com\/de\/tienda\/unicorn-towel\/\" \/>\n<meta property=\"og:locale\" content=\"de_DE\" \/>\n<meta property=\"og:type\" content=\"article\" \/>\n<meta property=\"og:title\" content=\"UNICORN TOWEL\" \/>\n<meta property=\"og:description\" content=\"Unser rosa Einhorn-Kapuzenhandtuch ist aus feinstem Material, hochwertigem Polyester, unglaublich weich, bequem und sehr saugf\u00e4hig. Ein lustiges und niedliches Einhorndesign, das bis ins kleinste Detail durchdacht ist, wie die wei\u00dfen Ohren und das Horn, die ihm eine besondere Note verleihen.  &nbsp;\" \/>\n<meta property=\"og:url\" content=\"https:\/\/crochetts.com\/de\/tienda\/unicorn-towel\/\" \/>\n<meta property=\"og:site_name\" content=\"Crochetts\" \/>\n<meta property=\"article:publisher\" content=\"https:\/\/www.facebook.com\/Crochetts-101964178013493\" \/>\n<meta property=\"article:modified_time\" content=\"2025-11-26T09:20:20+00:00\" \/>\n<meta property=\"og:image\" content=\"https:\/\/crochetts.com\/wp-content\/uploads\/2021\/09\/2011-1-2.jpg\" \/>\n\t<meta property=\"og:image:width\" content=\"801\" \/>\n\t<meta property=\"og:image:height\" content=\"1200\" \/>\n\t<meta property=\"og:image:type\" content=\"image\/jpeg\" \/>\n<meta name=\"twitter:card\" content=\"summary_large_image\" \/>\n<meta name=\"twitter:label1\" content=\"Preis\" \/>\n\t<meta name=\"twitter:data1\" content=\"59,99&nbsp;&euro;\" \/>\n\t<meta name=\"twitter:label2\" content=\"Verf\u00fcgbarkeit\" \/>\n\t<meta name=\"twitter:data2\" content=\"Auf Lager\" \/>\n<script type=\"application\/ld+json\" class=\"yoast-schema-graph\">{\"@context\":\"https:\\\/\\\/schema.org\",\"@graph\":[{\"@type\":\"WebPage\",\"@id\":\"https:\\\/\\\/crochetts.com\\\/de\\\/tienda\\\/unicorn-towel\\\/\",\"url\":\"https:\\\/\\\/crochetts.com\\\/de\\\/tienda\\\/unicorn-towel\\\/\",\"name\":\"TOALLA - UNICORN TOWEL -% % %\",\"isPartOf\":{\"@id\":\"https:\\\/\\\/crochetts.com\\\/de\\\/#website\"},\"primaryImageOfPage\":{\"@id\":\"https:\\\/\\\/crochetts.com\\\/de\\\/tienda\\\/unicorn-towel\\\/#primaryimage\"},\"image\":{\"@id\":\"https:\\\/\\\/crochetts.com\\\/de\\\/tienda\\\/unicorn-towel\\\/#primaryimage\"},\"thumbnailUrl\":\"https:\\\/\\\/crochetts.com\\\/wp-content\\\/uploads\\\/2021\\\/09\\\/2011-1-2.jpg\",\"datePublished\":\"2021-09-23T08:55:51+00:00\",\"dateModified\":\"2025-11-26T09:20:20+00:00\",\"description\":\"Alle unsere Handt\u00fccher sind mit Blick auf die Kleinen entworfen. Es ist ein vielseitiges Produkt, das Sie als allt\u00e4gliches Handtuch f\u00fcr die Badewanne oder f\u00fcr den Strand und Pool oder als einfache Babydecke verwenden k\u00f6nnen.\",\"breadcrumb\":{\"@id\":\"https:\\\/\\\/crochetts.com\\\/de\\\/tienda\\\/unicorn-towel\\\/#breadcrumb\"},\"inLanguage\":\"de\",\"potentialAction\":[{\"@type\":\"ReadAction\",\"target\":[\"https:\\\/\\\/crochetts.com\\\/de\\\/tienda\\\/unicorn-towel\\\/\"]}]},{\"@type\":\"ImageObject\",\"inLanguage\":\"de\",\"@id\":\"https:\\\/\\\/crochetts.com\\\/de\\\/tienda\\\/unicorn-towel\\\/#primaryimage\",\"url\":\"https:\\\/\\\/crochetts.com\\\/wp-content\\\/uploads\\\/2021\\\/09\\\/2011-1-2.jpg\",\"contentUrl\":\"https:\\\/\\\/crochetts.com\\\/wp-content\\\/uploads\\\/2021\\\/09\\\/2011-1-2.jpg\",\"width\":801,\"height\":1200,\"caption\":\"Einhorn Handtuch\"},{\"@type\":\"BreadcrumbList\",\"@id\":\"https:\\\/\\\/crochetts.com\\\/de\\\/tienda\\\/unicorn-towel\\\/#breadcrumb\",\"itemListElement\":[{\"@type\":\"ListItem\",\"position\":1,\"name\":\"Portada\",\"item\":\"https:\\\/\\\/crochetts.com\\\/de\\\/startseite\\\/\"},{\"@type\":\"ListItem\",\"position\":2,\"name\":\"Shop\",\"item\":\"https:\\\/\\\/crochetts.com\\\/de\\\/shop\\\/\"},{\"@type\":\"ListItem\",\"position\":3,\"name\":\"UNICORN TOWEL\"}]},{\"@type\":\"WebSite\",\"@id\":\"https:\\\/\\\/crochetts.com\\\/de\\\/#website\",\"url\":\"https:\\\/\\\/crochetts.com\\\/de\\\/\",\"name\":\"Crochetts\",\"description\":\"ANIMALES DE CROCHET PARA JUGAR,DECORAR Y SO\u00d1AR\",\"publisher\":{\"@id\":\"https:\\\/\\\/crochetts.com\\\/de\\\/#organization\"},\"potentialAction\":[{\"@type\":\"SearchAction\",\"target\":{\"@type\":\"EntryPoint\",\"urlTemplate\":\"https:\\\/\\\/crochetts.com\\\/de\\\/?s={search_term_string}\"},\"query-input\":{\"@type\":\"PropertyValueSpecification\",\"valueRequired\":true,\"valueName\":\"search_term_string\"}}],\"inLanguage\":\"de\"},{\"@type\":\"Organization\",\"@id\":\"https:\\\/\\\/crochetts.com\\\/de\\\/#organization\",\"name\":\"H\u00e4keln\",\"url\":\"https:\\\/\\\/crochetts.com\\\/de\\\/\",\"logo\":{\"@type\":\"ImageObject\",\"inLanguage\":\"de\",\"@id\":\"https:\\\/\\\/crochetts.com\\\/de\\\/#\\\/schema\\\/logo\\\/image\\\/\",\"url\":\"https:\\\/\\\/i2.wp.com\\\/crochetts.com\\\/wp-content\\\/uploads\\\/2021\\\/01\\\/Logo-Crochetts.jpg?fit=300%2C137&ssl=1\",\"contentUrl\":\"https:\\\/\\\/i2.wp.com\\\/crochetts.com\\\/wp-content\\\/uploads\\\/2021\\\/01\\\/Logo-Crochetts.jpg?fit=300%2C137&ssl=1\",\"width\":300,\"height\":137,\"caption\":\"H\u00e4keln\"},\"image\":{\"@id\":\"https:\\\/\\\/crochetts.com\\\/de\\\/#\\\/schema\\\/logo\\\/image\\\/\"},\"sameAs\":[\"https:\\\/\\\/www.facebook.com\\\/Crochetts-101964178013493\",\"https:\\\/\\\/www.instagram.com\\\/crochetts_\\\/\"]}]}<\/script>\n<meta property=\"product:price:amount\" content=\"59.99\" \/>\n<meta property=\"product:price:currency\" content=\"EUR\" \/>\n<meta property=\"og:availability\" content=\"instock\" \/>\n<meta property=\"product:availability\" content=\"instock\" \/>\n<meta property=\"product:retailer_item_id\" content=\"2011-1\" \/>\n<meta property=\"product:condition\" content=\"new\" \/>\n<!-- \/ Yoast SEO Premium plugin. -->","yoast_head_json":{"title":"TOALLA - UNICORN TOWEL -% % %","description":"Alle unsere Handt\u00fccher sind mit Blick auf die Kleinen entworfen. Es ist ein vielseitiges Produkt, das Sie als allt\u00e4gliches Handtuch f\u00fcr die Badewanne oder f\u00fcr den Strand und Pool oder als einfache Babydecke verwenden k\u00f6nnen.","robots":{"index":"index","follow":"follow","max-snippet":"max-snippet:-1","max-image-preview":"max-image-preview:large","max-video-preview":"max-video-preview:-1"},"canonical":"https:\/\/crochetts.com\/de\/tienda\/unicorn-towel\/","og_locale":"de_DE","og_type":"article","og_title":"UNICORN TOWEL","og_description":"Unser rosa Einhorn-Kapuzenhandtuch ist aus feinstem Material, hochwertigem Polyester, unglaublich weich, bequem und sehr saugf\u00e4hig. Ein lustiges und niedliches Einhorndesign, das bis ins kleinste Detail durchdacht ist, wie die wei\u00dfen Ohren und das Horn, die ihm eine besondere Note verleihen.  &nbsp;","og_url":"https:\/\/crochetts.com\/de\/tienda\/unicorn-towel\/","og_site_name":"Crochetts","article_publisher":"https:\/\/www.facebook.com\/Crochetts-101964178013493","article_modified_time":"2025-11-26T09:20:20+00:00","og_image":[{"width":801,"height":1200,"url":"https:\/\/crochetts.com\/wp-content\/uploads\/2021\/09\/2011-1-2.jpg","type":"image\/jpeg"}],"twitter_card":"summary_large_image","twitter_misc":{"Preis":"59,99&nbsp;&euro;","Verf\u00fcgbarkeit":"Auf Lager"},"schema":{"@context":"https:\/\/schema.org","@graph":[{"@type":"WebPage","@id":"https:\/\/crochetts.com\/de\/tienda\/unicorn-towel\/","url":"https:\/\/crochetts.com\/de\/tienda\/unicorn-towel\/","name":"TOALLA - UNICORN TOWEL -% % %","isPartOf":{"@id":"https:\/\/crochetts.com\/de\/#website"},"primaryImageOfPage":{"@id":"https:\/\/crochetts.com\/de\/tienda\/unicorn-towel\/#primaryimage"},"image":{"@id":"https:\/\/crochetts.com\/de\/tienda\/unicorn-towel\/#primaryimage"},"thumbnailUrl":"https:\/\/crochetts.com\/wp-content\/uploads\/2021\/09\/2011-1-2.jpg","datePublished":"2021-09-23T08:55:51+00:00","dateModified":"2025-11-26T09:20:20+00:00","description":"Alle unsere Handt\u00fccher sind mit Blick auf die Kleinen entworfen. Es ist ein vielseitiges Produkt, das Sie als allt\u00e4gliches Handtuch f\u00fcr die Badewanne oder f\u00fcr den Strand und Pool oder als einfache Babydecke verwenden k\u00f6nnen.","breadcrumb":{"@id":"https:\/\/crochetts.com\/de\/tienda\/unicorn-towel\/#breadcrumb"},"inLanguage":"de","potentialAction":[{"@type":"ReadAction","target":["https:\/\/crochetts.com\/de\/tienda\/unicorn-towel\/"]}]},{"@type":"ImageObject","inLanguage":"de","@id":"https:\/\/crochetts.com\/de\/tienda\/unicorn-towel\/#primaryimage","url":"https:\/\/crochetts.com\/wp-content\/uploads\/2021\/09\/2011-1-2.jpg","contentUrl":"https:\/\/crochetts.com\/wp-content\/uploads\/2021\/09\/2011-1-2.jpg","width":801,"height":1200,"caption":"Einhorn Handtuch"},{"@type":"BreadcrumbList","@id":"https:\/\/crochetts.com\/de\/tienda\/unicorn-towel\/#breadcrumb","itemListElement":[{"@type":"ListItem","position":1,"name":"Portada","item":"https:\/\/crochetts.com\/de\/startseite\/"},{"@type":"ListItem","position":2,"name":"Shop","item":"https:\/\/crochetts.com\/de\/shop\/"},{"@type":"ListItem","position":3,"name":"UNICORN TOWEL"}]},{"@type":"WebSite","@id":"https:\/\/crochetts.com\/de\/#website","url":"https:\/\/crochetts.com\/de\/","name":"Crochetts","description":"ANIMALES DE CROCHET PARA JUGAR,DECORAR Y SO\u00d1AR","publisher":{"@id":"https:\/\/crochetts.com\/de\/#organization"},"potentialAction":[{"@type":"SearchAction","target":{"@type":"EntryPoint","urlTemplate":"https:\/\/crochetts.com\/de\/?s={search_term_string}"},"query-input":{"@type":"PropertyValueSpecification","valueRequired":true,"valueName":"search_term_string"}}],"inLanguage":"de"},{"@type":"Organization","@id":"https:\/\/crochetts.com\/de\/#organization","name":"H\u00e4keln","url":"https:\/\/crochetts.com\/de\/","logo":{"@type":"ImageObject","inLanguage":"de","@id":"https:\/\/crochetts.com\/de\/#\/schema\/logo\/image\/","url":"https:\/\/i2.wp.com\/crochetts.com\/wp-content\/uploads\/2021\/01\/Logo-Crochetts.jpg?fit=300%2C137&ssl=1","contentUrl":"https:\/\/i2.wp.com\/crochetts.com\/wp-content\/uploads\/2021\/01\/Logo-Crochetts.jpg?fit=300%2C137&ssl=1","width":300,"height":137,"caption":"H\u00e4keln"},"image":{"@id":"https:\/\/crochetts.com\/de\/#\/schema\/logo\/image\/"},"sameAs":["https:\/\/www.facebook.com\/Crochetts-101964178013493","https:\/\/www.instagram.com\/crochetts_\/"]}]},"product_price_amount":"59.99","product_price_currency":"EUR","og_availability":"instock","product_availability":"instock","product_retailer_item_id":"2011-1","product_condition":"new"},"_links":{"self":[{"href":"https:\/\/crochetts.com\/de\/wp-json\/wp\/v2\/product\/26150","targetHints":{"allow":["GET"]}}],"collection":[{"href":"https:\/\/crochetts.com\/de\/wp-json\/wp\/v2\/product"}],"about":[{"href":"https:\/\/crochetts.com\/de\/wp-json\/wp\/v2\/types\/product"}],"wp:featuredmedia":[{"embeddable":true,"href":"https:\/\/crochetts.com\/de\/wp-json\/wp\/v2\/media\/26164"}],"wp:attachment":[{"href":"https:\/\/crochetts.com\/de\/wp-json\/wp\/v2\/media?parent=26150"}],"wp:term":[{"taxonomy":"product_brand","embeddable":true,"href":"https:\/\/crochetts.com\/de\/wp-json\/wp\/v2\/product_brand?post=26150"},{"taxonomy":"product_cat","embeddable":true,"href":"https:\/\/crochetts.com\/de\/wp-json\/wp\/v2\/product_cat?post=26150"},{"taxonomy":"product_tag","embeddable":true,"href":"https:\/\/crochetts.com\/de\/wp-json\/wp\/v2\/product_tag?post=26150"}],"curies":[{"name":"wp","href":"https:\/\/api.w.org\/{rel}","templated":true}]}}