{"id":26137,"date":"2021-10-15T11:53:22","date_gmt":"2021-10-15T09:53:22","guid":{"rendered":"https:\/\/crochetts.com\/tienda\/geburtstag-krone-sterne\/"},"modified":"2025-11-26T10:20:13","modified_gmt":"2025-11-26T09:20:13","slug":"geburtstag-krone-sterne","status":"publish","type":"product","link":"https:\/\/crochetts.com\/de\/tienda\/geburtstag-krone-sterne\/","title":{"rendered":"GEBURTSTAG KRONE STERNE"},"content":{"rendered":"<p><span style=\"text-align: justify;\">Unsere handgefertigte <strong>Geburtstagskrone<\/strong> wurde mit viel Liebe f\u00fcr Ihr Kind hergestellt. Geburtstagskrone <strong>aus Stoff<\/strong> zur Feier des sch\u00f6nsten Tages f\u00fcr Kinder. <\/span><\/p>\n<p><strong><span style=\"text-align: justify;\">O<\/span><\/strong><span style=\"text-align: justify;\"><strong>riginelle, lustige und fr\u00f6hliche<\/strong> Krone<strong> aus 100% Baumwollstoff,<\/strong> wendbar, gepolstert f\u00fcr mehr Komfort und mit <strong>verstellbarem<\/strong> Klettverschluss. Zwei Kronen in einer!<\/span><\/p>\n<p>&nbsp;<\/p>\n","protected":false},"excerpt":{"rendered":"<p>Unsere<strong> Stern-Geburtstagskrone<\/strong> mit geh\u00e4kelten <strong>Pompons<\/strong> ist aus den besten Materialien hergestellt, <strong>100% Baumwollstoffe<\/strong>, hypoallergen und sehr weich im Griff. Sie ist<strong> wendbar<\/strong> mit zwei <strong>verschiedenen Drucken<\/strong>, Sterne mit wei\u00dfem Hintergrund auf einer Seite und wei\u00dfe Punkte mit hellgr\u00fcnem Hintergrund. Es kann mit einem Klettverschluss an die Kopfgr\u00f6\u00dfe des Kindes angepasst werden, die<strong> Nummer aus Filz<\/strong> ist mit einem Klettverschluss befestigt. Die Zahlen 1 bis 6 sind enthalten. Die Farbe der Pompons kann je nach Verf\u00fcgbarkeit variieren.   <\/p>\n<p>&nbsp;<\/p>\n","protected":false},"featured_media":26139,"template":"","meta":{"_acf_changed":false,"_joinchat":[]},"product_brand":[],"product_cat":[6721],"product_tag":[6729,6733,6737,6732,6730,6736,6734,6731,6735],"class_list":{"0":"post-26137","1":"product","2":"type-product","3":"status-publish","4":"has-post-thumbnail","6":"product_cat-nicht-kategorisiert","7":"product_tag-babyhandtucher","8":"product_tag-dinosaurier-handtuch","9":"product_tag-elefantenhandtuch","10":"product_tag-handtuch-mit-kapuze","11":"product_tag-kinderhandtuch","12":"product_tag-lowenhandtuch","13":"product_tag-saugfahiges-handtuch","14":"product_tag-spas-handtuch","15":"product_tag-weiches-handtuch","16":"entry","18":"first","19":"outofstock","20":"taxable","21":"shipping-taxable","22":"purchasable","23":"product-type-simple"},"acf":[],"yoast_head":"<!-- This site is optimized with the Yoast SEO Premium plugin v26.1 (Yoast SEO v27.3) - https:\/\/yoast.com\/product\/yoast-seo-premium-wordpress\/ -->\n<title>CROWN%- GEBURTSTAG KRONE STERNE - % %<\/title>\n<meta name=\"description\" content=\"Unsere handgefertigte Geburtstagskrone wurde mit viel Liebe f\u00fcr Ihr Kind hergestellt. Geburtstagskrone aus Stoff zur Feier des sch\u00f6nsten Tages f\u00fcr Kinder.\" \/>\n<meta name=\"robots\" content=\"index, follow, max-snippet:-1, max-image-preview:large, max-video-preview:-1\" \/>\n<link rel=\"canonical\" href=\"https:\/\/crochetts.com\/de\/tienda\/geburtstag-krone-sterne\/\" \/>\n<meta property=\"og:locale\" content=\"de_DE\" \/>\n<meta property=\"og:type\" content=\"article\" \/>\n<meta property=\"og:title\" content=\"GEBURTSTAG KRONE STERNE\" \/>\n<meta property=\"og:description\" content=\"Unsere Stern-Geburtstagskrone mit geh\u00e4kelten Pompons ist aus den besten Materialien hergestellt, 100% Baumwollstoffe, hypoallergen und sehr weich im Griff. Sie ist wendbar mit zwei verschiedenen Drucken, Sterne mit wei\u00dfem Hintergrund auf einer Seite und wei\u00dfe Punkte mit hellgr\u00fcnem Hintergrund. Es kann mit einem Klettverschluss an die Kopfgr\u00f6\u00dfe des Kindes angepasst werden, die Nummer aus Filz ist mit einem Klettverschluss befestigt. Die Zahlen 1 bis 6 sind enthalten. Die Farbe der Pompons kann je nach Verf\u00fcgbarkeit variieren.   &nbsp;\" \/>\n<meta property=\"og:url\" content=\"https:\/\/crochetts.com\/de\/tienda\/geburtstag-krone-sterne\/\" \/>\n<meta property=\"og:site_name\" content=\"Crochetts\" \/>\n<meta property=\"article:publisher\" content=\"https:\/\/www.facebook.com\/Crochetts-101964178013493\" \/>\n<meta property=\"article:modified_time\" content=\"2025-11-26T09:20:13+00:00\" \/>\n<meta property=\"og:image\" content=\"https:\/\/crochetts.com\/wp-content\/uploads\/2021\/10\/COR-ESTRELLAS-1..jpg\" \/>\n\t<meta property=\"og:image:width\" content=\"800\" \/>\n\t<meta property=\"og:image:height\" content=\"1198\" \/>\n\t<meta property=\"og:image:type\" content=\"image\/jpeg\" \/>\n<meta name=\"twitter:card\" content=\"summary_large_image\" \/>\n<meta name=\"twitter:label1\" content=\"Preis\" \/>\n\t<meta name=\"twitter:data1\" content=\"28,50&nbsp;&euro;\" \/>\n\t<meta name=\"twitter:label2\" content=\"Verf\u00fcgbarkeit\" \/>\n\t<meta name=\"twitter:data2\" content=\"ausverkauft\" \/>\n<script type=\"application\/ld+json\" class=\"yoast-schema-graph\">{\"@context\":\"https:\\\/\\\/schema.org\",\"@graph\":[{\"@type\":\"WebPage\",\"@id\":\"https:\\\/\\\/crochetts.com\\\/de\\\/tienda\\\/geburtstag-krone-sterne\\\/\",\"url\":\"https:\\\/\\\/crochetts.com\\\/de\\\/tienda\\\/geburtstag-krone-sterne\\\/\",\"name\":\"CROWN%- GEBURTSTAG KRONE STERNE - % %\",\"isPartOf\":{\"@id\":\"https:\\\/\\\/crochetts.com\\\/de\\\/#website\"},\"primaryImageOfPage\":{\"@id\":\"https:\\\/\\\/crochetts.com\\\/de\\\/tienda\\\/geburtstag-krone-sterne\\\/#primaryimage\"},\"image\":{\"@id\":\"https:\\\/\\\/crochetts.com\\\/de\\\/tienda\\\/geburtstag-krone-sterne\\\/#primaryimage\"},\"thumbnailUrl\":\"https:\\\/\\\/crochetts.com\\\/wp-content\\\/uploads\\\/2021\\\/10\\\/COR-ESTRELLAS-1..jpg\",\"datePublished\":\"2021-10-15T09:53:22+00:00\",\"dateModified\":\"2025-11-26T09:20:13+00:00\",\"description\":\"Unsere handgefertigte Geburtstagskrone wurde mit viel Liebe f\u00fcr Ihr Kind hergestellt. Geburtstagskrone aus Stoff zur Feier des sch\u00f6nsten Tages f\u00fcr Kinder.\",\"breadcrumb\":{\"@id\":\"https:\\\/\\\/crochetts.com\\\/de\\\/tienda\\\/geburtstag-krone-sterne\\\/#breadcrumb\"},\"inLanguage\":\"de\",\"potentialAction\":[{\"@type\":\"ReadAction\",\"target\":[\"https:\\\/\\\/crochetts.com\\\/de\\\/tienda\\\/geburtstag-krone-sterne\\\/\"]}]},{\"@type\":\"ImageObject\",\"inLanguage\":\"de\",\"@id\":\"https:\\\/\\\/crochetts.com\\\/de\\\/tienda\\\/geburtstag-krone-sterne\\\/#primaryimage\",\"url\":\"https:\\\/\\\/crochetts.com\\\/wp-content\\\/uploads\\\/2021\\\/10\\\/COR-ESTRELLAS-1..jpg\",\"contentUrl\":\"https:\\\/\\\/crochetts.com\\\/wp-content\\\/uploads\\\/2021\\\/10\\\/COR-ESTRELLAS-1..jpg\",\"width\":800,\"height\":1198,\"caption\":\"Krone h\u00e4keln\"},{\"@type\":\"BreadcrumbList\",\"@id\":\"https:\\\/\\\/crochetts.com\\\/de\\\/tienda\\\/geburtstag-krone-sterne\\\/#breadcrumb\",\"itemListElement\":[{\"@type\":\"ListItem\",\"position\":1,\"name\":\"Portada\",\"item\":\"https:\\\/\\\/crochetts.com\\\/de\\\/startseite\\\/\"},{\"@type\":\"ListItem\",\"position\":2,\"name\":\"Shop\",\"item\":\"https:\\\/\\\/crochetts.com\\\/de\\\/shop\\\/\"},{\"@type\":\"ListItem\",\"position\":3,\"name\":\"GEBURTSTAG KRONE STERNE\"}]},{\"@type\":\"WebSite\",\"@id\":\"https:\\\/\\\/crochetts.com\\\/de\\\/#website\",\"url\":\"https:\\\/\\\/crochetts.com\\\/de\\\/\",\"name\":\"Crochetts\",\"description\":\"ANIMALES DE CROCHET PARA JUGAR,DECORAR Y SO\u00d1AR\",\"publisher\":{\"@id\":\"https:\\\/\\\/crochetts.com\\\/de\\\/#organization\"},\"potentialAction\":[{\"@type\":\"SearchAction\",\"target\":{\"@type\":\"EntryPoint\",\"urlTemplate\":\"https:\\\/\\\/crochetts.com\\\/de\\\/?s={search_term_string}\"},\"query-input\":{\"@type\":\"PropertyValueSpecification\",\"valueRequired\":true,\"valueName\":\"search_term_string\"}}],\"inLanguage\":\"de\"},{\"@type\":\"Organization\",\"@id\":\"https:\\\/\\\/crochetts.com\\\/de\\\/#organization\",\"name\":\"H\u00e4keln\",\"url\":\"https:\\\/\\\/crochetts.com\\\/de\\\/\",\"logo\":{\"@type\":\"ImageObject\",\"inLanguage\":\"de\",\"@id\":\"https:\\\/\\\/crochetts.com\\\/de\\\/#\\\/schema\\\/logo\\\/image\\\/\",\"url\":\"https:\\\/\\\/i2.wp.com\\\/crochetts.com\\\/wp-content\\\/uploads\\\/2021\\\/01\\\/Logo-Crochetts.jpg?fit=300%2C137&ssl=1\",\"contentUrl\":\"https:\\\/\\\/i2.wp.com\\\/crochetts.com\\\/wp-content\\\/uploads\\\/2021\\\/01\\\/Logo-Crochetts.jpg?fit=300%2C137&ssl=1\",\"width\":300,\"height\":137,\"caption\":\"H\u00e4keln\"},\"image\":{\"@id\":\"https:\\\/\\\/crochetts.com\\\/de\\\/#\\\/schema\\\/logo\\\/image\\\/\"},\"sameAs\":[\"https:\\\/\\\/www.facebook.com\\\/Crochetts-101964178013493\",\"https:\\\/\\\/www.instagram.com\\\/crochetts_\\\/\"]}]}<\/script>\n<meta property=\"product:price:amount\" content=\"28.50\" \/>\n<meta property=\"product:price:currency\" content=\"EUR\" \/>\n<meta property=\"og:availability\" content=\"out of stock\" \/>\n<meta property=\"product:availability\" content=\"out of stock\" \/>\n<meta property=\"product:retailer_item_id\" content=\"COR-ESTRELLA\" \/>\n<meta property=\"product:condition\" content=\"new\" \/>\n<!-- \/ Yoast SEO Premium plugin. -->","yoast_head_json":{"title":"CROWN%- GEBURTSTAG KRONE STERNE - % %","description":"Unsere handgefertigte Geburtstagskrone wurde mit viel Liebe f\u00fcr Ihr Kind hergestellt. Geburtstagskrone aus Stoff zur Feier des sch\u00f6nsten Tages f\u00fcr Kinder.","robots":{"index":"index","follow":"follow","max-snippet":"max-snippet:-1","max-image-preview":"max-image-preview:large","max-video-preview":"max-video-preview:-1"},"canonical":"https:\/\/crochetts.com\/de\/tienda\/geburtstag-krone-sterne\/","og_locale":"de_DE","og_type":"article","og_title":"GEBURTSTAG KRONE STERNE","og_description":"Unsere Stern-Geburtstagskrone mit geh\u00e4kelten Pompons ist aus den besten Materialien hergestellt, 100% Baumwollstoffe, hypoallergen und sehr weich im Griff. Sie ist wendbar mit zwei verschiedenen Drucken, Sterne mit wei\u00dfem Hintergrund auf einer Seite und wei\u00dfe Punkte mit hellgr\u00fcnem Hintergrund. Es kann mit einem Klettverschluss an die Kopfgr\u00f6\u00dfe des Kindes angepasst werden, die Nummer aus Filz ist mit einem Klettverschluss befestigt. Die Zahlen 1 bis 6 sind enthalten. Die Farbe der Pompons kann je nach Verf\u00fcgbarkeit variieren.   &nbsp;","og_url":"https:\/\/crochetts.com\/de\/tienda\/geburtstag-krone-sterne\/","og_site_name":"Crochetts","article_publisher":"https:\/\/www.facebook.com\/Crochetts-101964178013493","article_modified_time":"2025-11-26T09:20:13+00:00","og_image":[{"width":800,"height":1198,"url":"https:\/\/crochetts.com\/wp-content\/uploads\/2021\/10\/COR-ESTRELLAS-1..jpg","type":"image\/jpeg"}],"twitter_card":"summary_large_image","twitter_misc":{"Preis":"28,50&nbsp;&euro;","Verf\u00fcgbarkeit":"ausverkauft"},"schema":{"@context":"https:\/\/schema.org","@graph":[{"@type":"WebPage","@id":"https:\/\/crochetts.com\/de\/tienda\/geburtstag-krone-sterne\/","url":"https:\/\/crochetts.com\/de\/tienda\/geburtstag-krone-sterne\/","name":"CROWN%- GEBURTSTAG KRONE STERNE - % %","isPartOf":{"@id":"https:\/\/crochetts.com\/de\/#website"},"primaryImageOfPage":{"@id":"https:\/\/crochetts.com\/de\/tienda\/geburtstag-krone-sterne\/#primaryimage"},"image":{"@id":"https:\/\/crochetts.com\/de\/tienda\/geburtstag-krone-sterne\/#primaryimage"},"thumbnailUrl":"https:\/\/crochetts.com\/wp-content\/uploads\/2021\/10\/COR-ESTRELLAS-1..jpg","datePublished":"2021-10-15T09:53:22+00:00","dateModified":"2025-11-26T09:20:13+00:00","description":"Unsere handgefertigte Geburtstagskrone wurde mit viel Liebe f\u00fcr Ihr Kind hergestellt. Geburtstagskrone aus Stoff zur Feier des sch\u00f6nsten Tages f\u00fcr Kinder.","breadcrumb":{"@id":"https:\/\/crochetts.com\/de\/tienda\/geburtstag-krone-sterne\/#breadcrumb"},"inLanguage":"de","potentialAction":[{"@type":"ReadAction","target":["https:\/\/crochetts.com\/de\/tienda\/geburtstag-krone-sterne\/"]}]},{"@type":"ImageObject","inLanguage":"de","@id":"https:\/\/crochetts.com\/de\/tienda\/geburtstag-krone-sterne\/#primaryimage","url":"https:\/\/crochetts.com\/wp-content\/uploads\/2021\/10\/COR-ESTRELLAS-1..jpg","contentUrl":"https:\/\/crochetts.com\/wp-content\/uploads\/2021\/10\/COR-ESTRELLAS-1..jpg","width":800,"height":1198,"caption":"Krone h\u00e4keln"},{"@type":"BreadcrumbList","@id":"https:\/\/crochetts.com\/de\/tienda\/geburtstag-krone-sterne\/#breadcrumb","itemListElement":[{"@type":"ListItem","position":1,"name":"Portada","item":"https:\/\/crochetts.com\/de\/startseite\/"},{"@type":"ListItem","position":2,"name":"Shop","item":"https:\/\/crochetts.com\/de\/shop\/"},{"@type":"ListItem","position":3,"name":"GEBURTSTAG KRONE STERNE"}]},{"@type":"WebSite","@id":"https:\/\/crochetts.com\/de\/#website","url":"https:\/\/crochetts.com\/de\/","name":"Crochetts","description":"ANIMALES DE CROCHET PARA JUGAR,DECORAR Y SO\u00d1AR","publisher":{"@id":"https:\/\/crochetts.com\/de\/#organization"},"potentialAction":[{"@type":"SearchAction","target":{"@type":"EntryPoint","urlTemplate":"https:\/\/crochetts.com\/de\/?s={search_term_string}"},"query-input":{"@type":"PropertyValueSpecification","valueRequired":true,"valueName":"search_term_string"}}],"inLanguage":"de"},{"@type":"Organization","@id":"https:\/\/crochetts.com\/de\/#organization","name":"H\u00e4keln","url":"https:\/\/crochetts.com\/de\/","logo":{"@type":"ImageObject","inLanguage":"de","@id":"https:\/\/crochetts.com\/de\/#\/schema\/logo\/image\/","url":"https:\/\/i2.wp.com\/crochetts.com\/wp-content\/uploads\/2021\/01\/Logo-Crochetts.jpg?fit=300%2C137&ssl=1","contentUrl":"https:\/\/i2.wp.com\/crochetts.com\/wp-content\/uploads\/2021\/01\/Logo-Crochetts.jpg?fit=300%2C137&ssl=1","width":300,"height":137,"caption":"H\u00e4keln"},"image":{"@id":"https:\/\/crochetts.com\/de\/#\/schema\/logo\/image\/"},"sameAs":["https:\/\/www.facebook.com\/Crochetts-101964178013493","https:\/\/www.instagram.com\/crochetts_\/"]}]},"product_price_amount":"28.50","product_price_currency":"EUR","og_availability":"out of stock","product_availability":"out of stock","product_retailer_item_id":"COR-ESTRELLA","product_condition":"new"},"_links":{"self":[{"href":"https:\/\/crochetts.com\/de\/wp-json\/wp\/v2\/product\/26137","targetHints":{"allow":["GET"]}}],"collection":[{"href":"https:\/\/crochetts.com\/de\/wp-json\/wp\/v2\/product"}],"about":[{"href":"https:\/\/crochetts.com\/de\/wp-json\/wp\/v2\/types\/product"}],"wp:featuredmedia":[{"embeddable":true,"href":"https:\/\/crochetts.com\/de\/wp-json\/wp\/v2\/media\/26139"}],"wp:attachment":[{"href":"https:\/\/crochetts.com\/de\/wp-json\/wp\/v2\/media?parent=26137"}],"wp:term":[{"taxonomy":"product_brand","embeddable":true,"href":"https:\/\/crochetts.com\/de\/wp-json\/wp\/v2\/product_brand?post=26137"},{"taxonomy":"product_cat","embeddable":true,"href":"https:\/\/crochetts.com\/de\/wp-json\/wp\/v2\/product_cat?post=26137"},{"taxonomy":"product_tag","embeddable":true,"href":"https:\/\/crochetts.com\/de\/wp-json\/wp\/v2\/product_tag?post=26137"}],"curies":[{"name":"wp","href":"https:\/\/api.w.org\/{rel}","templated":true}]}}