{"id":26124,"date":"2022-03-04T15:34:16","date_gmt":"2022-03-04T15:34:16","guid":{"rendered":"https:\/\/crochetts.com\/tienda\/schweinchen-ohrringe\/"},"modified":"2025-11-26T10:17:45","modified_gmt":"2025-11-26T09:17:45","slug":"schweinchen-ohrringe","status":"publish","type":"product","link":"https:\/\/crochetts.com\/de\/tienda\/schweinchen-ohrringe\/","title":{"rendered":"SCHWEINCHEN-OHRRINGE"},"content":{"rendered":"<p><span style=\"text-align: justify;\">Unsere Ohrringe sind aus<\/span><span style=\"text-align: justify;\"><strong> 925er Sterlingsilber<\/strong><\/span><span style=\"text-align: justify;\">gefertigt und<\/span><span style=\"text-align: justify;\"><strong> hypoallergen. Sie<\/strong> sind mit lustigen<strong> Tiermotiven<\/strong> versehen, die originell, lustig und fr\u00f6hlich sind.<\/span><\/p>\n<p><span style=\"text-align: justify;\"><strong>Sie haben einen Silikon-Schnappverschluss<\/strong><\/span> der sie angenehm zu tragen macht, besonders f\u00fcr Kinder mit empfindlicher Haut.<\/p>\n<p>&nbsp;<\/p>\n<p>&nbsp;<\/p>\n","protected":false},"excerpt":{"rendered":"<p><strong>Ohrringe<\/strong> in Form eines lustigen kleinen Schweins und seines pflanzlichen Essens in Wei\u00df, Rosa und Gr\u00fcn<strong>.<\/strong> Sie haben ein modernes und zeitgen\u00f6ssisches <strong>Design<\/strong> <strong>und<\/strong> sind aus 925er <strong>Sterlingsilber<\/strong> gefertigt.<\/p>\n<ul>\n<li>Sehr bequem und leicht.<\/li>\n<li>Druckknopf aus Silikon.<\/li>\n<li>Perfekt f\u00fcr den t\u00e4glichen Gebrauch.<\/li>\n<\/ul>\n<p>Diese Ohrringe sind<strong> elegant verpackt und<\/strong> bestechen durch ihren Komfort und ihr Design.<\/p>\n<p>&nbsp;<\/p>\n<p>&nbsp;<\/p>\n","protected":false},"featured_media":26136,"template":"","meta":{"_acf_changed":false,"_joinchat":[]},"product_brand":[],"product_cat":[6721],"product_tag":[6779,6782,6777,6776,6778,6775,6774,6783,6780,6781],"class_list":{"0":"post-26124","1":"product","2":"type-product","3":"status-publish","4":"has-post-thumbnail","6":"product_cat-nicht-kategorisiert","7":"product_tag-giraffen-anhanger","8":"product_tag-kaninchen-ohrringe","9":"product_tag-kinderohrring","10":"product_tag-madchen-ohrring","11":"product_tag-madchenschmuck","12":"product_tag-ohrringe","13":"product_tag-schmuck","14":"product_tag-schwebende-herzen","15":"product_tag-tier-ohrringe","16":"product_tag-wal-ohrringe","17":"entry","19":"first","20":"instock","21":"taxable","22":"shipping-taxable","23":"purchasable","24":"product-type-simple"},"acf":[],"yoast_head":"<!-- This site is optimized with the Yoast SEO Premium plugin v26.1 (Yoast SEO v27.3) - https:\/\/yoast.com\/product\/yoast-seo-premium-wordpress\/ -->\n<title>SCHWEINCHEN-OHRRINGE - Crochetts<\/title>\n<meta name=\"description\" content=\"Unsere Ohrringe wurden mit viel Liebe f\u00fcr Ihren kleinen Liebling hergestellt. Ohrringe aus Sterlingsilber, die Sie bequem im Alltag tragen k\u00f6nnen.\" \/>\n<meta name=\"robots\" content=\"index, follow, max-snippet:-1, max-image-preview:large, max-video-preview:-1\" \/>\n<link rel=\"canonical\" href=\"https:\/\/crochetts.com\/de\/tienda\/schweinchen-ohrringe\/\" \/>\n<meta property=\"og:locale\" content=\"de_DE\" \/>\n<meta property=\"og:type\" content=\"article\" \/>\n<meta property=\"og:title\" content=\"SCHWEINCHEN-OHRRINGE\" \/>\n<meta property=\"og:description\" content=\"Ohrringe in Form eines lustigen kleinen Schweins und seines pflanzlichen Essens in Wei\u00df, Rosa und Gr\u00fcn. Sie haben ein modernes und zeitgen\u00f6ssisches Design und sind aus 925er Sterlingsilber gefertigt.  Sehr bequem und leicht.  Druckknopf aus Silikon.  Perfekt f\u00fcr den t\u00e4glichen Gebrauch. Diese Ohrringe sind elegant verpackt und bestechen durch ihren Komfort und ihr Design. &nbsp; &nbsp;\" \/>\n<meta property=\"og:url\" content=\"https:\/\/crochetts.com\/de\/tienda\/schweinchen-ohrringe\/\" \/>\n<meta property=\"og:site_name\" content=\"Crochetts\" \/>\n<meta property=\"article:publisher\" content=\"https:\/\/www.facebook.com\/Crochetts-101964178013493\" \/>\n<meta property=\"article:modified_time\" content=\"2025-11-26T09:17:45+00:00\" \/>\n<meta property=\"og:image\" content=\"https:\/\/crochetts.com\/wp-content\/uploads\/2022\/03\/PND-CERDITO-2-1.jpg\" \/>\n\t<meta property=\"og:image:width\" content=\"800\" \/>\n\t<meta property=\"og:image:height\" content=\"1200\" \/>\n\t<meta property=\"og:image:type\" content=\"image\/jpeg\" \/>\n<meta name=\"twitter:card\" content=\"summary_large_image\" \/>\n<meta name=\"twitter:label1\" content=\"Preis\" \/>\n\t<meta name=\"twitter:data1\" content=\"42,00&nbsp;&euro;\" \/>\n\t<meta name=\"twitter:label2\" content=\"Verf\u00fcgbarkeit\" \/>\n\t<meta name=\"twitter:data2\" content=\"Auf Lager\" \/>\n<script type=\"application\/ld+json\" class=\"yoast-schema-graph\">{\"@context\":\"https:\\\/\\\/schema.org\",\"@graph\":[{\"@type\":\"WebPage\",\"@id\":\"https:\\\/\\\/crochetts.com\\\/de\\\/tienda\\\/schweinchen-ohrringe\\\/\",\"url\":\"https:\\\/\\\/crochetts.com\\\/de\\\/tienda\\\/schweinchen-ohrringe\\\/\",\"name\":\"SCHWEINCHEN-OHRRINGE - Crochetts\",\"isPartOf\":{\"@id\":\"https:\\\/\\\/crochetts.com\\\/de\\\/#website\"},\"primaryImageOfPage\":{\"@id\":\"https:\\\/\\\/crochetts.com\\\/de\\\/tienda\\\/schweinchen-ohrringe\\\/#primaryimage\"},\"image\":{\"@id\":\"https:\\\/\\\/crochetts.com\\\/de\\\/tienda\\\/schweinchen-ohrringe\\\/#primaryimage\"},\"thumbnailUrl\":\"https:\\\/\\\/crochetts.com\\\/wp-content\\\/uploads\\\/2022\\\/03\\\/PND-CERDITO-2-1.jpg\",\"datePublished\":\"2022-03-04T15:34:16+00:00\",\"dateModified\":\"2025-11-26T09:17:45+00:00\",\"description\":\"Unsere Ohrringe wurden mit viel Liebe f\u00fcr Ihren kleinen Liebling hergestellt. Ohrringe aus Sterlingsilber, die Sie bequem im Alltag tragen k\u00f6nnen.\",\"breadcrumb\":{\"@id\":\"https:\\\/\\\/crochetts.com\\\/de\\\/tienda\\\/schweinchen-ohrringe\\\/#breadcrumb\"},\"inLanguage\":\"de\",\"potentialAction\":[{\"@type\":\"ReadAction\",\"target\":[\"https:\\\/\\\/crochetts.com\\\/de\\\/tienda\\\/schweinchen-ohrringe\\\/\"]}]},{\"@type\":\"ImageObject\",\"inLanguage\":\"de\",\"@id\":\"https:\\\/\\\/crochetts.com\\\/de\\\/tienda\\\/schweinchen-ohrringe\\\/#primaryimage\",\"url\":\"https:\\\/\\\/crochetts.com\\\/wp-content\\\/uploads\\\/2022\\\/03\\\/PND-CERDITO-2-1.jpg\",\"contentUrl\":\"https:\\\/\\\/crochetts.com\\\/wp-content\\\/uploads\\\/2022\\\/03\\\/PND-CERDITO-2-1.jpg\",\"width\":800,\"height\":1200},{\"@type\":\"BreadcrumbList\",\"@id\":\"https:\\\/\\\/crochetts.com\\\/de\\\/tienda\\\/schweinchen-ohrringe\\\/#breadcrumb\",\"itemListElement\":[{\"@type\":\"ListItem\",\"position\":1,\"name\":\"Portada\",\"item\":\"https:\\\/\\\/crochetts.com\\\/de\\\/startseite\\\/\"},{\"@type\":\"ListItem\",\"position\":2,\"name\":\"Shop\",\"item\":\"https:\\\/\\\/crochetts.com\\\/de\\\/shop\\\/\"},{\"@type\":\"ListItem\",\"position\":3,\"name\":\"SCHWEINCHEN-OHRRINGE\"}]},{\"@type\":\"WebSite\",\"@id\":\"https:\\\/\\\/crochetts.com\\\/de\\\/#website\",\"url\":\"https:\\\/\\\/crochetts.com\\\/de\\\/\",\"name\":\"Crochetts\",\"description\":\"ANIMALES DE CROCHET PARA JUGAR,DECORAR Y SO\u00d1AR\",\"publisher\":{\"@id\":\"https:\\\/\\\/crochetts.com\\\/de\\\/#organization\"},\"potentialAction\":[{\"@type\":\"SearchAction\",\"target\":{\"@type\":\"EntryPoint\",\"urlTemplate\":\"https:\\\/\\\/crochetts.com\\\/de\\\/?s={search_term_string}\"},\"query-input\":{\"@type\":\"PropertyValueSpecification\",\"valueRequired\":true,\"valueName\":\"search_term_string\"}}],\"inLanguage\":\"de\"},{\"@type\":\"Organization\",\"@id\":\"https:\\\/\\\/crochetts.com\\\/de\\\/#organization\",\"name\":\"H\u00e4keln\",\"url\":\"https:\\\/\\\/crochetts.com\\\/de\\\/\",\"logo\":{\"@type\":\"ImageObject\",\"inLanguage\":\"de\",\"@id\":\"https:\\\/\\\/crochetts.com\\\/de\\\/#\\\/schema\\\/logo\\\/image\\\/\",\"url\":\"https:\\\/\\\/i2.wp.com\\\/crochetts.com\\\/wp-content\\\/uploads\\\/2021\\\/01\\\/Logo-Crochetts.jpg?fit=300%2C137&ssl=1\",\"contentUrl\":\"https:\\\/\\\/i2.wp.com\\\/crochetts.com\\\/wp-content\\\/uploads\\\/2021\\\/01\\\/Logo-Crochetts.jpg?fit=300%2C137&ssl=1\",\"width\":300,\"height\":137,\"caption\":\"H\u00e4keln\"},\"image\":{\"@id\":\"https:\\\/\\\/crochetts.com\\\/de\\\/#\\\/schema\\\/logo\\\/image\\\/\"},\"sameAs\":[\"https:\\\/\\\/www.facebook.com\\\/Crochetts-101964178013493\",\"https:\\\/\\\/www.instagram.com\\\/crochetts_\\\/\"]}]}<\/script>\n<meta property=\"product:price:amount\" content=\"42.00\" \/>\n<meta property=\"product:price:currency\" content=\"EUR\" \/>\n<meta property=\"og:availability\" content=\"instock\" \/>\n<meta property=\"product:availability\" content=\"instock\" \/>\n<meta property=\"product:retailer_item_id\" content=\"PND-CERDITO\" \/>\n<meta property=\"product:condition\" content=\"new\" \/>\n<!-- \/ Yoast SEO Premium plugin. -->","yoast_head_json":{"title":"SCHWEINCHEN-OHRRINGE - Crochetts","description":"Unsere Ohrringe wurden mit viel Liebe f\u00fcr Ihren kleinen Liebling hergestellt. Ohrringe aus Sterlingsilber, die Sie bequem im Alltag tragen k\u00f6nnen.","robots":{"index":"index","follow":"follow","max-snippet":"max-snippet:-1","max-image-preview":"max-image-preview:large","max-video-preview":"max-video-preview:-1"},"canonical":"https:\/\/crochetts.com\/de\/tienda\/schweinchen-ohrringe\/","og_locale":"de_DE","og_type":"article","og_title":"SCHWEINCHEN-OHRRINGE","og_description":"Ohrringe in Form eines lustigen kleinen Schweins und seines pflanzlichen Essens in Wei\u00df, Rosa und Gr\u00fcn. Sie haben ein modernes und zeitgen\u00f6ssisches Design und sind aus 925er Sterlingsilber gefertigt.  Sehr bequem und leicht.  Druckknopf aus Silikon.  Perfekt f\u00fcr den t\u00e4glichen Gebrauch. Diese Ohrringe sind elegant verpackt und bestechen durch ihren Komfort und ihr Design. &nbsp; &nbsp;","og_url":"https:\/\/crochetts.com\/de\/tienda\/schweinchen-ohrringe\/","og_site_name":"Crochetts","article_publisher":"https:\/\/www.facebook.com\/Crochetts-101964178013493","article_modified_time":"2025-11-26T09:17:45+00:00","og_image":[{"width":800,"height":1200,"url":"https:\/\/crochetts.com\/wp-content\/uploads\/2022\/03\/PND-CERDITO-2-1.jpg","type":"image\/jpeg"}],"twitter_card":"summary_large_image","twitter_misc":{"Preis":"42,00&nbsp;&euro;","Verf\u00fcgbarkeit":"Auf Lager"},"schema":{"@context":"https:\/\/schema.org","@graph":[{"@type":"WebPage","@id":"https:\/\/crochetts.com\/de\/tienda\/schweinchen-ohrringe\/","url":"https:\/\/crochetts.com\/de\/tienda\/schweinchen-ohrringe\/","name":"SCHWEINCHEN-OHRRINGE - Crochetts","isPartOf":{"@id":"https:\/\/crochetts.com\/de\/#website"},"primaryImageOfPage":{"@id":"https:\/\/crochetts.com\/de\/tienda\/schweinchen-ohrringe\/#primaryimage"},"image":{"@id":"https:\/\/crochetts.com\/de\/tienda\/schweinchen-ohrringe\/#primaryimage"},"thumbnailUrl":"https:\/\/crochetts.com\/wp-content\/uploads\/2022\/03\/PND-CERDITO-2-1.jpg","datePublished":"2022-03-04T15:34:16+00:00","dateModified":"2025-11-26T09:17:45+00:00","description":"Unsere Ohrringe wurden mit viel Liebe f\u00fcr Ihren kleinen Liebling hergestellt. Ohrringe aus Sterlingsilber, die Sie bequem im Alltag tragen k\u00f6nnen.","breadcrumb":{"@id":"https:\/\/crochetts.com\/de\/tienda\/schweinchen-ohrringe\/#breadcrumb"},"inLanguage":"de","potentialAction":[{"@type":"ReadAction","target":["https:\/\/crochetts.com\/de\/tienda\/schweinchen-ohrringe\/"]}]},{"@type":"ImageObject","inLanguage":"de","@id":"https:\/\/crochetts.com\/de\/tienda\/schweinchen-ohrringe\/#primaryimage","url":"https:\/\/crochetts.com\/wp-content\/uploads\/2022\/03\/PND-CERDITO-2-1.jpg","contentUrl":"https:\/\/crochetts.com\/wp-content\/uploads\/2022\/03\/PND-CERDITO-2-1.jpg","width":800,"height":1200},{"@type":"BreadcrumbList","@id":"https:\/\/crochetts.com\/de\/tienda\/schweinchen-ohrringe\/#breadcrumb","itemListElement":[{"@type":"ListItem","position":1,"name":"Portada","item":"https:\/\/crochetts.com\/de\/startseite\/"},{"@type":"ListItem","position":2,"name":"Shop","item":"https:\/\/crochetts.com\/de\/shop\/"},{"@type":"ListItem","position":3,"name":"SCHWEINCHEN-OHRRINGE"}]},{"@type":"WebSite","@id":"https:\/\/crochetts.com\/de\/#website","url":"https:\/\/crochetts.com\/de\/","name":"Crochetts","description":"ANIMALES DE CROCHET PARA JUGAR,DECORAR Y SO\u00d1AR","publisher":{"@id":"https:\/\/crochetts.com\/de\/#organization"},"potentialAction":[{"@type":"SearchAction","target":{"@type":"EntryPoint","urlTemplate":"https:\/\/crochetts.com\/de\/?s={search_term_string}"},"query-input":{"@type":"PropertyValueSpecification","valueRequired":true,"valueName":"search_term_string"}}],"inLanguage":"de"},{"@type":"Organization","@id":"https:\/\/crochetts.com\/de\/#organization","name":"H\u00e4keln","url":"https:\/\/crochetts.com\/de\/","logo":{"@type":"ImageObject","inLanguage":"de","@id":"https:\/\/crochetts.com\/de\/#\/schema\/logo\/image\/","url":"https:\/\/i2.wp.com\/crochetts.com\/wp-content\/uploads\/2021\/01\/Logo-Crochetts.jpg?fit=300%2C137&ssl=1","contentUrl":"https:\/\/i2.wp.com\/crochetts.com\/wp-content\/uploads\/2021\/01\/Logo-Crochetts.jpg?fit=300%2C137&ssl=1","width":300,"height":137,"caption":"H\u00e4keln"},"image":{"@id":"https:\/\/crochetts.com\/de\/#\/schema\/logo\/image\/"},"sameAs":["https:\/\/www.facebook.com\/Crochetts-101964178013493","https:\/\/www.instagram.com\/crochetts_\/"]}]},"product_price_amount":"42.00","product_price_currency":"EUR","og_availability":"instock","product_availability":"instock","product_retailer_item_id":"PND-CERDITO","product_condition":"new"},"_links":{"self":[{"href":"https:\/\/crochetts.com\/de\/wp-json\/wp\/v2\/product\/26124","targetHints":{"allow":["GET"]}}],"collection":[{"href":"https:\/\/crochetts.com\/de\/wp-json\/wp\/v2\/product"}],"about":[{"href":"https:\/\/crochetts.com\/de\/wp-json\/wp\/v2\/types\/product"}],"wp:featuredmedia":[{"embeddable":true,"href":"https:\/\/crochetts.com\/de\/wp-json\/wp\/v2\/media\/26136"}],"wp:attachment":[{"href":"https:\/\/crochetts.com\/de\/wp-json\/wp\/v2\/media?parent=26124"}],"wp:term":[{"taxonomy":"product_brand","embeddable":true,"href":"https:\/\/crochetts.com\/de\/wp-json\/wp\/v2\/product_brand?post=26124"},{"taxonomy":"product_cat","embeddable":true,"href":"https:\/\/crochetts.com\/de\/wp-json\/wp\/v2\/product_cat?post=26124"},{"taxonomy":"product_tag","embeddable":true,"href":"https:\/\/crochetts.com\/de\/wp-json\/wp\/v2\/product_tag?post=26124"}],"curies":[{"name":"wp","href":"https:\/\/api.w.org\/{rel}","templated":true}]}}