{"id":26114,"date":"2022-06-30T08:08:22","date_gmt":"2022-06-30T08:08:22","guid":{"rendered":"https:\/\/crochetts.com\/tienda\/kaninchen-poster-pik-karte\/"},"modified":"2025-11-26T10:17:42","modified_gmt":"2025-11-26T09:17:42","slug":"kaninchen-poster-pik-karte","status":"publish","type":"product","link":"https:\/\/crochetts.com\/de\/tienda\/kaninchen-poster-pik-karte\/","title":{"rendered":"KANINCHEN POSTER PIK KARTE"},"content":{"rendered":"<p><strong>Druck:<\/strong> Format A3 (420&#215;297 mm). Gedruckt auf hochwertigem, mattem Papier mit einer Grammatur von 240 gr\/m2. <\/p>\n<p><strong>Gestell:<\/strong> MDF-Holzrahmen. Texturierte wei\u00dfe Oberfl\u00e4che.  Bezug aus Methacrylat, R\u00fcckseite aus MDF-Holz und Aufh\u00e4ngesystem zum Aufh\u00e4ngen an der Wand. Ma\u00dfe mit Rahmen: 33x2x43 cm - Gewicht: 1060 gr. <\/p>\n<p><strong>Aufh\u00e4nger: <\/strong>Fester, auf das Blatt geleimter Holztr\u00e4ger. In Naturfarbe lackiert, ohne Lackierung. Aufh\u00e4ngesystem mit Seil. Handgefertigt.   <\/p>\n","protected":false},"excerpt":{"rendered":"<div style=\"text-align: justify;\"><strong>Dekoratives Kinderposter<\/strong> mit dem Motiv eines lustigen H\u00e4schens mit dem Sommersprossenbrief aus dem M\u00e4rchen Alice im Wunderland.<\/div>\n<div style=\"text-align: justify;\">Ein Designprodukt, das sich ideal f\u00fcr die Dekoration von Kinderzimmern eignet und sie mit Farbe und S\u00fc\u00dfe erf\u00fcllt.<\/div>\n<div style=\"text-align: justify;\">Film <strong>im Format A3<\/strong>. Gedruckt auf <strong>hochwertigem, mattem Papier<\/strong> mit einer Grammatur von 240 gr\/m2. <\/div>\n<div style=\"text-align: justify;\">Erh\u00e4ltlich in <strong>drei Varianten<\/strong>:<\/div>\n<div style=\"text-align: justify;\">\n<ul>\n<li><strong>Nicht unterst\u00fctzter<\/strong> Film.<\/li>\n<li>Bild <strong>mit Rahmen<\/strong>.<\/li>\n<li>Blatt <strong>mit Holzaufh\u00e4nger<\/strong>.<\/li>\n<\/ul>\n<\/div>\n","protected":false},"featured_media":26116,"template":"","meta":{"_acf_changed":false,"_joinchat":[]},"product_brand":[],"product_cat":[6292,6186],"product_tag":[],"class_list":{"0":"post-26114","1":"product","2":"type-product","3":"status-publish","4":"has-post-thumbnail","6":"product_cat-lamps","7":"product_cat-startseite","8":"entry","10":"first","11":"instock","12":"taxable","13":"shipping-taxable","14":"purchasable","15":"product-type-variable"},"acf":[],"yoast_head":"<!-- This site is optimized with the Yoast SEO Premium plugin v26.1 (Yoast SEO v27.3) - https:\/\/yoast.com\/product\/yoast-seo-premium-wordpress\/ -->\n<title>KANINCHEN POSTER PIK KARTE% A3 Gerahmt oder mit Aufh\u00e4nger -% % %<\/title>\n<meta name=\"description\" content=\"Dekorative Wandkunst f\u00fcr Kinder. Ein ideales Designprodukt, um Kinderzimmer zu dekorieren und mit Farbe und S\u00fc\u00dfe zu f\u00fcllen.\" \/>\n<meta name=\"robots\" content=\"index, follow, max-snippet:-1, max-image-preview:large, max-video-preview:-1\" \/>\n<link rel=\"canonical\" href=\"https:\/\/crochetts.com\/de\/tienda\/kaninchen-poster-pik-karte\/\" \/>\n<meta property=\"og:locale\" content=\"de_DE\" \/>\n<meta property=\"og:type\" content=\"article\" \/>\n<meta property=\"og:title\" content=\"KANINCHEN POSTER PIK KARTE\" \/>\n<meta property=\"og:description\" content=\"Dekoratives Kinderposter mit dem Motiv eines lustigen H\u00e4schens mit dem Sommersprossenbrief aus dem M\u00e4rchen Alice im Wunderland. Ein Designprodukt, das sich ideal f\u00fcr die Dekoration von Kinderzimmern eignet und sie mit Farbe und S\u00fc\u00dfe erf\u00fcllt. Film im Format A3. Gedruckt auf hochwertigem, mattem Papier mit einer Grammatur von 240 gr\/m2. Erh\u00e4ltlich in drei Varianten:   Nicht unterst\u00fctzter Film.  Bild mit Rahmen.  Blatt mit Holzaufh\u00e4nger.\" \/>\n<meta property=\"og:url\" content=\"https:\/\/crochetts.com\/de\/tienda\/kaninchen-poster-pik-karte\/\" \/>\n<meta property=\"og:site_name\" content=\"Crochetts\" \/>\n<meta property=\"article:publisher\" content=\"https:\/\/www.facebook.com\/Crochetts-101964178013493\" \/>\n<meta property=\"article:modified_time\" content=\"2025-11-26T09:17:42+00:00\" \/>\n<meta property=\"og:image\" content=\"https:\/\/crochetts.com\/wp-content\/uploads\/2022\/06\/LMN-46-1-scaled.jpg\" \/>\n\t<meta property=\"og:image:width\" content=\"1943\" \/>\n\t<meta property=\"og:image:height\" content=\"2560\" \/>\n\t<meta property=\"og:image:type\" content=\"image\/jpeg\" \/>\n<meta name=\"twitter:card\" content=\"summary_large_image\" \/>\n<meta name=\"twitter:label1\" content=\"Verf\u00fcgbarkeit\" \/>\n\t<meta name=\"twitter:data1\" content=\"Auf Lager\" \/>\n<script type=\"application\/ld+json\" class=\"yoast-schema-graph\">{\"@context\":\"https:\\\/\\\/schema.org\",\"@graph\":[{\"@type\":\"WebPage\",\"@id\":\"https:\\\/\\\/crochetts.com\\\/de\\\/tienda\\\/kaninchen-poster-pik-karte\\\/\",\"url\":\"https:\\\/\\\/crochetts.com\\\/de\\\/tienda\\\/kaninchen-poster-pik-karte\\\/\",\"name\":\"KANINCHEN POSTER PIK KARTE% A3 Gerahmt oder mit Aufh\u00e4nger -% % %\",\"isPartOf\":{\"@id\":\"https:\\\/\\\/crochetts.com\\\/de\\\/#website\"},\"primaryImageOfPage\":{\"@id\":\"https:\\\/\\\/crochetts.com\\\/de\\\/tienda\\\/kaninchen-poster-pik-karte\\\/#primaryimage\"},\"image\":{\"@id\":\"https:\\\/\\\/crochetts.com\\\/de\\\/tienda\\\/kaninchen-poster-pik-karte\\\/#primaryimage\"},\"thumbnailUrl\":\"https:\\\/\\\/crochetts.com\\\/wp-content\\\/uploads\\\/2022\\\/06\\\/LMN-46-1-scaled.jpg\",\"datePublished\":\"2022-06-30T08:08:22+00:00\",\"dateModified\":\"2025-11-26T09:17:42+00:00\",\"description\":\"Dekorative Wandkunst f\u00fcr Kinder. Ein ideales Designprodukt, um Kinderzimmer zu dekorieren und mit Farbe und S\u00fc\u00dfe zu f\u00fcllen.\",\"breadcrumb\":{\"@id\":\"https:\\\/\\\/crochetts.com\\\/de\\\/tienda\\\/kaninchen-poster-pik-karte\\\/#breadcrumb\"},\"inLanguage\":\"de\",\"potentialAction\":[{\"@type\":\"ReadAction\",\"target\":[\"https:\\\/\\\/crochetts.com\\\/de\\\/tienda\\\/kaninchen-poster-pik-karte\\\/\"]}]},{\"@type\":\"ImageObject\",\"inLanguage\":\"de\",\"@id\":\"https:\\\/\\\/crochetts.com\\\/de\\\/tienda\\\/kaninchen-poster-pik-karte\\\/#primaryimage\",\"url\":\"https:\\\/\\\/crochetts.com\\\/wp-content\\\/uploads\\\/2022\\\/06\\\/LMN-46-1-scaled.jpg\",\"contentUrl\":\"https:\\\/\\\/crochetts.com\\\/wp-content\\\/uploads\\\/2022\\\/06\\\/LMN-46-1-scaled.jpg\",\"width\":1943,\"height\":2560,\"caption\":\"Lamina Alicia\"},{\"@type\":\"BreadcrumbList\",\"@id\":\"https:\\\/\\\/crochetts.com\\\/de\\\/tienda\\\/kaninchen-poster-pik-karte\\\/#breadcrumb\",\"itemListElement\":[{\"@type\":\"ListItem\",\"position\":1,\"name\":\"Portada\",\"item\":\"https:\\\/\\\/crochetts.com\\\/de\\\/startseite\\\/\"},{\"@type\":\"ListItem\",\"position\":2,\"name\":\"Shop\",\"item\":\"https:\\\/\\\/crochetts.com\\\/de\\\/shop\\\/\"},{\"@type\":\"ListItem\",\"position\":3,\"name\":\"KANINCHEN POSTER PIK KARTE\"}]},{\"@type\":\"WebSite\",\"@id\":\"https:\\\/\\\/crochetts.com\\\/de\\\/#website\",\"url\":\"https:\\\/\\\/crochetts.com\\\/de\\\/\",\"name\":\"Crochetts\",\"description\":\"ANIMALES DE CROCHET PARA JUGAR,DECORAR Y SO\u00d1AR\",\"publisher\":{\"@id\":\"https:\\\/\\\/crochetts.com\\\/de\\\/#organization\"},\"potentialAction\":[{\"@type\":\"SearchAction\",\"target\":{\"@type\":\"EntryPoint\",\"urlTemplate\":\"https:\\\/\\\/crochetts.com\\\/de\\\/?s={search_term_string}\"},\"query-input\":{\"@type\":\"PropertyValueSpecification\",\"valueRequired\":true,\"valueName\":\"search_term_string\"}}],\"inLanguage\":\"de\"},{\"@type\":\"Organization\",\"@id\":\"https:\\\/\\\/crochetts.com\\\/de\\\/#organization\",\"name\":\"H\u00e4keln\",\"url\":\"https:\\\/\\\/crochetts.com\\\/de\\\/\",\"logo\":{\"@type\":\"ImageObject\",\"inLanguage\":\"de\",\"@id\":\"https:\\\/\\\/crochetts.com\\\/de\\\/#\\\/schema\\\/logo\\\/image\\\/\",\"url\":\"https:\\\/\\\/i2.wp.com\\\/crochetts.com\\\/wp-content\\\/uploads\\\/2021\\\/01\\\/Logo-Crochetts.jpg?fit=300%2C137&ssl=1\",\"contentUrl\":\"https:\\\/\\\/i2.wp.com\\\/crochetts.com\\\/wp-content\\\/uploads\\\/2021\\\/01\\\/Logo-Crochetts.jpg?fit=300%2C137&ssl=1\",\"width\":300,\"height\":137,\"caption\":\"H\u00e4keln\"},\"image\":{\"@id\":\"https:\\\/\\\/crochetts.com\\\/de\\\/#\\\/schema\\\/logo\\\/image\\\/\"},\"sameAs\":[\"https:\\\/\\\/www.facebook.com\\\/Crochetts-101964178013493\",\"https:\\\/\\\/www.instagram.com\\\/crochetts_\\\/\"]}]}<\/script>\n<meta property=\"og:availability\" content=\"instock\" \/>\n<meta property=\"product:availability\" content=\"instock\" \/>\n<meta property=\"product:retailer_item_id\" content=\"LMN-46-\" \/>\n<meta property=\"product:condition\" content=\"new\" \/>\n<!-- \/ Yoast SEO Premium plugin. -->","yoast_head_json":{"title":"KANINCHEN POSTER PIK KARTE% A3 Gerahmt oder mit Aufh\u00e4nger -% % %","description":"Dekorative Wandkunst f\u00fcr Kinder. Ein ideales Designprodukt, um Kinderzimmer zu dekorieren und mit Farbe und S\u00fc\u00dfe zu f\u00fcllen.","robots":{"index":"index","follow":"follow","max-snippet":"max-snippet:-1","max-image-preview":"max-image-preview:large","max-video-preview":"max-video-preview:-1"},"canonical":"https:\/\/crochetts.com\/de\/tienda\/kaninchen-poster-pik-karte\/","og_locale":"de_DE","og_type":"article","og_title":"KANINCHEN POSTER PIK KARTE","og_description":"Dekoratives Kinderposter mit dem Motiv eines lustigen H\u00e4schens mit dem Sommersprossenbrief aus dem M\u00e4rchen Alice im Wunderland. Ein Designprodukt, das sich ideal f\u00fcr die Dekoration von Kinderzimmern eignet und sie mit Farbe und S\u00fc\u00dfe erf\u00fcllt. Film im Format A3. Gedruckt auf hochwertigem, mattem Papier mit einer Grammatur von 240 gr\/m2. Erh\u00e4ltlich in drei Varianten:   Nicht unterst\u00fctzter Film.  Bild mit Rahmen.  Blatt mit Holzaufh\u00e4nger.","og_url":"https:\/\/crochetts.com\/de\/tienda\/kaninchen-poster-pik-karte\/","og_site_name":"Crochetts","article_publisher":"https:\/\/www.facebook.com\/Crochetts-101964178013493","article_modified_time":"2025-11-26T09:17:42+00:00","og_image":[{"width":1943,"height":2560,"url":"https:\/\/crochetts.com\/wp-content\/uploads\/2022\/06\/LMN-46-1-scaled.jpg","type":"image\/jpeg"}],"twitter_card":"summary_large_image","twitter_misc":{"Verf\u00fcgbarkeit":"Auf Lager"},"schema":{"@context":"https:\/\/schema.org","@graph":[{"@type":"WebPage","@id":"https:\/\/crochetts.com\/de\/tienda\/kaninchen-poster-pik-karte\/","url":"https:\/\/crochetts.com\/de\/tienda\/kaninchen-poster-pik-karte\/","name":"KANINCHEN POSTER PIK KARTE% A3 Gerahmt oder mit Aufh\u00e4nger -% % %","isPartOf":{"@id":"https:\/\/crochetts.com\/de\/#website"},"primaryImageOfPage":{"@id":"https:\/\/crochetts.com\/de\/tienda\/kaninchen-poster-pik-karte\/#primaryimage"},"image":{"@id":"https:\/\/crochetts.com\/de\/tienda\/kaninchen-poster-pik-karte\/#primaryimage"},"thumbnailUrl":"https:\/\/crochetts.com\/wp-content\/uploads\/2022\/06\/LMN-46-1-scaled.jpg","datePublished":"2022-06-30T08:08:22+00:00","dateModified":"2025-11-26T09:17:42+00:00","description":"Dekorative Wandkunst f\u00fcr Kinder. Ein ideales Designprodukt, um Kinderzimmer zu dekorieren und mit Farbe und S\u00fc\u00dfe zu f\u00fcllen.","breadcrumb":{"@id":"https:\/\/crochetts.com\/de\/tienda\/kaninchen-poster-pik-karte\/#breadcrumb"},"inLanguage":"de","potentialAction":[{"@type":"ReadAction","target":["https:\/\/crochetts.com\/de\/tienda\/kaninchen-poster-pik-karte\/"]}]},{"@type":"ImageObject","inLanguage":"de","@id":"https:\/\/crochetts.com\/de\/tienda\/kaninchen-poster-pik-karte\/#primaryimage","url":"https:\/\/crochetts.com\/wp-content\/uploads\/2022\/06\/LMN-46-1-scaled.jpg","contentUrl":"https:\/\/crochetts.com\/wp-content\/uploads\/2022\/06\/LMN-46-1-scaled.jpg","width":1943,"height":2560,"caption":"Lamina Alicia"},{"@type":"BreadcrumbList","@id":"https:\/\/crochetts.com\/de\/tienda\/kaninchen-poster-pik-karte\/#breadcrumb","itemListElement":[{"@type":"ListItem","position":1,"name":"Portada","item":"https:\/\/crochetts.com\/de\/startseite\/"},{"@type":"ListItem","position":2,"name":"Shop","item":"https:\/\/crochetts.com\/de\/shop\/"},{"@type":"ListItem","position":3,"name":"KANINCHEN POSTER PIK KARTE"}]},{"@type":"WebSite","@id":"https:\/\/crochetts.com\/de\/#website","url":"https:\/\/crochetts.com\/de\/","name":"Crochetts","description":"ANIMALES DE CROCHET PARA JUGAR,DECORAR Y SO\u00d1AR","publisher":{"@id":"https:\/\/crochetts.com\/de\/#organization"},"potentialAction":[{"@type":"SearchAction","target":{"@type":"EntryPoint","urlTemplate":"https:\/\/crochetts.com\/de\/?s={search_term_string}"},"query-input":{"@type":"PropertyValueSpecification","valueRequired":true,"valueName":"search_term_string"}}],"inLanguage":"de"},{"@type":"Organization","@id":"https:\/\/crochetts.com\/de\/#organization","name":"H\u00e4keln","url":"https:\/\/crochetts.com\/de\/","logo":{"@type":"ImageObject","inLanguage":"de","@id":"https:\/\/crochetts.com\/de\/#\/schema\/logo\/image\/","url":"https:\/\/i2.wp.com\/crochetts.com\/wp-content\/uploads\/2021\/01\/Logo-Crochetts.jpg?fit=300%2C137&ssl=1","contentUrl":"https:\/\/i2.wp.com\/crochetts.com\/wp-content\/uploads\/2021\/01\/Logo-Crochetts.jpg?fit=300%2C137&ssl=1","width":300,"height":137,"caption":"H\u00e4keln"},"image":{"@id":"https:\/\/crochetts.com\/de\/#\/schema\/logo\/image\/"},"sameAs":["https:\/\/www.facebook.com\/Crochetts-101964178013493","https:\/\/www.instagram.com\/crochetts_\/"]}]},"og_availability":"instock","product_availability":"instock","product_retailer_item_id":"LMN-46-","product_condition":"new"},"_links":{"self":[{"href":"https:\/\/crochetts.com\/de\/wp-json\/wp\/v2\/product\/26114","targetHints":{"allow":["GET"]}}],"collection":[{"href":"https:\/\/crochetts.com\/de\/wp-json\/wp\/v2\/product"}],"about":[{"href":"https:\/\/crochetts.com\/de\/wp-json\/wp\/v2\/types\/product"}],"wp:featuredmedia":[{"embeddable":true,"href":"https:\/\/crochetts.com\/de\/wp-json\/wp\/v2\/media\/26116"}],"wp:attachment":[{"href":"https:\/\/crochetts.com\/de\/wp-json\/wp\/v2\/media?parent=26114"}],"wp:term":[{"taxonomy":"product_brand","embeddable":true,"href":"https:\/\/crochetts.com\/de\/wp-json\/wp\/v2\/product_brand?post=26114"},{"taxonomy":"product_cat","embeddable":true,"href":"https:\/\/crochetts.com\/de\/wp-json\/wp\/v2\/product_cat?post=26114"},{"taxonomy":"product_tag","embeddable":true,"href":"https:\/\/crochetts.com\/de\/wp-json\/wp\/v2\/product_tag?post=26114"}],"curies":[{"name":"wp","href":"https:\/\/api.w.org\/{rel}","templated":true}]}}