{"id":26053,"date":"2022-11-23T11:58:28","date_gmt":"2022-11-23T09:58:28","guid":{"rendered":"https:\/\/crochetts.com\/tienda\/cosmos-gesteppter-trainingsanzug\/"},"modified":"2025-11-26T10:22:40","modified_gmt":"2025-11-26T09:22:40","slug":"cosmos-gesteppter-trainingsanzug","status":"publish","type":"product","link":"https:\/\/crochetts.com\/de\/tienda\/cosmos-gesteppter-trainingsanzug\/","title":{"rendered":"COSMOS GESTEPPTER TRAININGSANZUG"},"content":{"rendered":"<div style=\"text-align: justify;\"><\/div>\n<p>Unsere <strong>Textilkollektion<\/strong>, die in <strong>Spanien<\/strong> mit den besten Materialien entworfen und <strong>handgefertigt<\/strong> wird, konzentriert sich auf die kleinen Details und bietet einen <strong>klassischen<\/strong>, bequemen und zeitlosen <strong>Stil<\/strong>. Sch\u00f6ne<strong> Trainingsanz\u00fcge<\/strong>, bestehend aus zwei Teilen, Sweatshirt und Hose, mit einem <strong>gesteppten<\/strong> <strong>Stoff<\/strong>, der eine besondere Note verleiht und dieses Kleidungsst\u00fcck zu einem sehr vielseitigen Basic f\u00fcr die <strong>Wintersaison<\/strong> macht. <\/p>\n<p>&nbsp;<\/p>\n<p>&nbsp;<\/p>\n<p>&nbsp;<\/p>\n<p>&nbsp;<\/p>\n<p>&nbsp;<\/p>\n","protected":false},"excerpt":{"rendered":"<p><strong>Unser Cosmos Trainingsanzug <\/strong>ist aus hochwertigem <strong>Baumwollstoff<\/strong> gefertigt. Er besteht aus einem Sweatshirt und einer Hose in <strong>Gr\u00fcn<\/strong> mit einer<strong> Rautenstruktur<\/strong>. Das Sweatshirt hat<strong> Haken- und \u00d6senverschl\u00fcsse an der Schulter<\/strong>, damit Sie es leicht anziehen k\u00f6nnen. Die Hose hat einen Gummizug in der Taille. Sowohl die \u00c4rmel als auch die Beine sind <strong>mit B\u00fcndchen versehen<\/strong>. Ein bequemes, warmes und praktisches Set, das Sie mit dem Modell f\u00fcr M\u00e4dchen kombinieren k\u00f6nnen, damit Sie und Ihr Bruder oder Ihre Schwester zusammen gehen k\u00f6nnen!     <\/p>\n<p><b>Erh\u00e4ltlich in verschiedenen Gr\u00f6\u00dfen.  <\/b><\/p>\n<p>&nbsp;<\/p>\n","protected":false},"featured_media":26054,"template":"","meta":{"_acf_changed":false,"_joinchat":[]},"product_brand":[],"product_cat":[6683],"product_tag":[6769,6770,6772,6768,6771],"class_list":{"0":"post-26053","1":"product","2":"type-product","3":"status-publish","4":"has-post-thumbnail","6":"product_cat-baby-2","7":"product_tag-chandal-nino","8":"product_tag-kinderkleidung","9":"product_tag-sweatshirt","10":"product_tag-trainingsanzug","11":"product_tag-trainingsanzug-aus-baumwolle","12":"entry","14":"first","15":"instock","16":"taxable","17":"shipping-taxable","18":"purchasable","19":"product-type-variable"},"acf":[],"yoast_head":"<!-- This site is optimized with the Yoast SEO Premium plugin v26.1 (Yoast SEO v27.3) - https:\/\/yoast.com\/product\/yoast-seo-premium-wordpress\/ -->\n<title>CHILD - COSMOS GESTEPPTER TRAININGSANZUG - % %<\/title>\n<meta name=\"description\" content=\"Unsere Textilkollektion, die in Spanien mit den besten Materialien entworfen und handgefertigt wird, konzentriert sich auf die kleinen Details und bietet einen klassischen, bequemen und zeitlosen Stil. Sch\u00f6ne Trainingsanz\u00fcge, bestehend aus zwei Teilen, Sweatshirt und Hose, mit einem gesteppten Stoff, der eine besondere Note verleiht und dieses Kleidungsst\u00fcck zu einem sehr vielseitigen Basic f\u00fcr die Wintersaison macht.\" \/>\n<meta name=\"robots\" content=\"index, follow, max-snippet:-1, max-image-preview:large, max-video-preview:-1\" \/>\n<link rel=\"canonical\" href=\"https:\/\/crochetts.com\/de\/tienda\/cosmos-gesteppter-trainingsanzug\/\" \/>\n<meta property=\"og:locale\" content=\"de_DE\" \/>\n<meta property=\"og:type\" content=\"article\" \/>\n<meta property=\"og:title\" content=\"COSMOS GESTEPPTER TRAININGSANZUG\" \/>\n<meta property=\"og:description\" content=\"Unser Cosmos Trainingsanzug ist aus hochwertigem Baumwollstoff gefertigt. Er besteht aus einem Sweatshirt und einer Hose in Gr\u00fcn mit einer Rautenstruktur. Das Sweatshirt hat Haken- und \u00d6senverschl\u00fcsse an der Schulter, damit Sie es leicht anziehen k\u00f6nnen. Die Hose hat einen Gummizug in der Taille. Sowohl die \u00c4rmel als auch die Beine sind mit B\u00fcndchen versehen. Ein bequemes, warmes und praktisches Set, das Sie mit dem Modell f\u00fcr M\u00e4dchen kombinieren k\u00f6nnen, damit Sie und Ihr Bruder oder Ihre Schwester zusammen gehen k\u00f6nnen!    Erh\u00e4ltlich in verschiedenen Gr\u00f6\u00dfen.  &nbsp;\" \/>\n<meta property=\"og:url\" content=\"https:\/\/crochetts.com\/de\/tienda\/cosmos-gesteppter-trainingsanzug\/\" \/>\n<meta property=\"og:site_name\" content=\"Crochetts\" \/>\n<meta property=\"article:publisher\" content=\"https:\/\/www.facebook.com\/Crochetts-101964178013493\" \/>\n<meta property=\"article:modified_time\" content=\"2025-11-26T09:22:40+00:00\" \/>\n<meta property=\"og:image\" content=\"https:\/\/crochetts.com\/wp-content\/uploads\/2022\/11\/MG_9986-scaled.jpg\" \/>\n\t<meta property=\"og:image:width\" content=\"2134\" \/>\n\t<meta property=\"og:image:height\" content=\"2560\" \/>\n\t<meta property=\"og:image:type\" content=\"image\/jpeg\" \/>\n<meta name=\"twitter:card\" content=\"summary_large_image\" \/>\n<meta name=\"twitter:label1\" content=\"Verf\u00fcgbarkeit\" \/>\n\t<meta name=\"twitter:data1\" content=\"Auf Lager\" \/>\n<script type=\"application\/ld+json\" class=\"yoast-schema-graph\">{\"@context\":\"https:\\\/\\\/schema.org\",\"@graph\":[{\"@type\":\"WebPage\",\"@id\":\"https:\\\/\\\/crochetts.com\\\/de\\\/tienda\\\/cosmos-gesteppter-trainingsanzug\\\/\",\"url\":\"https:\\\/\\\/crochetts.com\\\/de\\\/tienda\\\/cosmos-gesteppter-trainingsanzug\\\/\",\"name\":\"CHILD - COSMOS GESTEPPTER TRAININGSANZUG - % %\",\"isPartOf\":{\"@id\":\"https:\\\/\\\/crochetts.com\\\/de\\\/#website\"},\"primaryImageOfPage\":{\"@id\":\"https:\\\/\\\/crochetts.com\\\/de\\\/tienda\\\/cosmos-gesteppter-trainingsanzug\\\/#primaryimage\"},\"image\":{\"@id\":\"https:\\\/\\\/crochetts.com\\\/de\\\/tienda\\\/cosmos-gesteppter-trainingsanzug\\\/#primaryimage\"},\"thumbnailUrl\":\"https:\\\/\\\/crochetts.com\\\/wp-content\\\/uploads\\\/2022\\\/11\\\/MG_9986-scaled.jpg\",\"datePublished\":\"2022-11-23T09:58:28+00:00\",\"dateModified\":\"2025-11-26T09:22:40+00:00\",\"description\":\"Unsere Textilkollektion, die in Spanien mit den besten Materialien entworfen und handgefertigt wird, konzentriert sich auf die kleinen Details und bietet einen klassischen, bequemen und zeitlosen Stil. Sch\u00f6ne Trainingsanz\u00fcge, bestehend aus zwei Teilen, Sweatshirt und Hose, mit einem gesteppten Stoff, der eine besondere Note verleiht und dieses Kleidungsst\u00fcck zu einem sehr vielseitigen Basic f\u00fcr die Wintersaison macht.\",\"breadcrumb\":{\"@id\":\"https:\\\/\\\/crochetts.com\\\/de\\\/tienda\\\/cosmos-gesteppter-trainingsanzug\\\/#breadcrumb\"},\"inLanguage\":\"de\",\"potentialAction\":[{\"@type\":\"ReadAction\",\"target\":[\"https:\\\/\\\/crochetts.com\\\/de\\\/tienda\\\/cosmos-gesteppter-trainingsanzug\\\/\"]}]},{\"@type\":\"ImageObject\",\"inLanguage\":\"de\",\"@id\":\"https:\\\/\\\/crochetts.com\\\/de\\\/tienda\\\/cosmos-gesteppter-trainingsanzug\\\/#primaryimage\",\"url\":\"https:\\\/\\\/crochetts.com\\\/wp-content\\\/uploads\\\/2022\\\/11\\\/MG_9986-scaled.jpg\",\"contentUrl\":\"https:\\\/\\\/crochetts.com\\\/wp-content\\\/uploads\\\/2022\\\/11\\\/MG_9986-scaled.jpg\",\"width\":2134,\"height\":2560,\"caption\":\"Trainingsanzug\"},{\"@type\":\"BreadcrumbList\",\"@id\":\"https:\\\/\\\/crochetts.com\\\/de\\\/tienda\\\/cosmos-gesteppter-trainingsanzug\\\/#breadcrumb\",\"itemListElement\":[{\"@type\":\"ListItem\",\"position\":1,\"name\":\"Portada\",\"item\":\"https:\\\/\\\/crochetts.com\\\/de\\\/startseite\\\/\"},{\"@type\":\"ListItem\",\"position\":2,\"name\":\"Shop\",\"item\":\"https:\\\/\\\/crochetts.com\\\/de\\\/shop\\\/\"},{\"@type\":\"ListItem\",\"position\":3,\"name\":\"COSMOS GESTEPPTER TRAININGSANZUG\"}]},{\"@type\":\"WebSite\",\"@id\":\"https:\\\/\\\/crochetts.com\\\/de\\\/#website\",\"url\":\"https:\\\/\\\/crochetts.com\\\/de\\\/\",\"name\":\"Crochetts\",\"description\":\"ANIMALES DE CROCHET PARA JUGAR,DECORAR Y SO\u00d1AR\",\"publisher\":{\"@id\":\"https:\\\/\\\/crochetts.com\\\/de\\\/#organization\"},\"potentialAction\":[{\"@type\":\"SearchAction\",\"target\":{\"@type\":\"EntryPoint\",\"urlTemplate\":\"https:\\\/\\\/crochetts.com\\\/de\\\/?s={search_term_string}\"},\"query-input\":{\"@type\":\"PropertyValueSpecification\",\"valueRequired\":true,\"valueName\":\"search_term_string\"}}],\"inLanguage\":\"de\"},{\"@type\":\"Organization\",\"@id\":\"https:\\\/\\\/crochetts.com\\\/de\\\/#organization\",\"name\":\"H\u00e4keln\",\"url\":\"https:\\\/\\\/crochetts.com\\\/de\\\/\",\"logo\":{\"@type\":\"ImageObject\",\"inLanguage\":\"de\",\"@id\":\"https:\\\/\\\/crochetts.com\\\/de\\\/#\\\/schema\\\/logo\\\/image\\\/\",\"url\":\"https:\\\/\\\/i2.wp.com\\\/crochetts.com\\\/wp-content\\\/uploads\\\/2021\\\/01\\\/Logo-Crochetts.jpg?fit=300%2C137&ssl=1\",\"contentUrl\":\"https:\\\/\\\/i2.wp.com\\\/crochetts.com\\\/wp-content\\\/uploads\\\/2021\\\/01\\\/Logo-Crochetts.jpg?fit=300%2C137&ssl=1\",\"width\":300,\"height\":137,\"caption\":\"H\u00e4keln\"},\"image\":{\"@id\":\"https:\\\/\\\/crochetts.com\\\/de\\\/#\\\/schema\\\/logo\\\/image\\\/\"},\"sameAs\":[\"https:\\\/\\\/www.facebook.com\\\/Crochetts-101964178013493\",\"https:\\\/\\\/www.instagram.com\\\/crochetts_\\\/\"]}]}<\/script>\n<meta property=\"og:availability\" content=\"instock\" \/>\n<meta property=\"product:availability\" content=\"instock\" \/>\n<meta property=\"product:retailer_item_id\" content=\"C36050-B\" \/>\n<meta property=\"product:condition\" content=\"new\" \/>\n<!-- \/ Yoast SEO Premium plugin. -->","yoast_head_json":{"title":"CHILD - COSMOS GESTEPPTER TRAININGSANZUG - % %","description":"Unsere Textilkollektion, die in Spanien mit den besten Materialien entworfen und handgefertigt wird, konzentriert sich auf die kleinen Details und bietet einen klassischen, bequemen und zeitlosen Stil. Sch\u00f6ne Trainingsanz\u00fcge, bestehend aus zwei Teilen, Sweatshirt und Hose, mit einem gesteppten Stoff, der eine besondere Note verleiht und dieses Kleidungsst\u00fcck zu einem sehr vielseitigen Basic f\u00fcr die Wintersaison macht.","robots":{"index":"index","follow":"follow","max-snippet":"max-snippet:-1","max-image-preview":"max-image-preview:large","max-video-preview":"max-video-preview:-1"},"canonical":"https:\/\/crochetts.com\/de\/tienda\/cosmos-gesteppter-trainingsanzug\/","og_locale":"de_DE","og_type":"article","og_title":"COSMOS GESTEPPTER TRAININGSANZUG","og_description":"Unser Cosmos Trainingsanzug ist aus hochwertigem Baumwollstoff gefertigt. Er besteht aus einem Sweatshirt und einer Hose in Gr\u00fcn mit einer Rautenstruktur. Das Sweatshirt hat Haken- und \u00d6senverschl\u00fcsse an der Schulter, damit Sie es leicht anziehen k\u00f6nnen. Die Hose hat einen Gummizug in der Taille. Sowohl die \u00c4rmel als auch die Beine sind mit B\u00fcndchen versehen. Ein bequemes, warmes und praktisches Set, das Sie mit dem Modell f\u00fcr M\u00e4dchen kombinieren k\u00f6nnen, damit Sie und Ihr Bruder oder Ihre Schwester zusammen gehen k\u00f6nnen!    Erh\u00e4ltlich in verschiedenen Gr\u00f6\u00dfen.  &nbsp;","og_url":"https:\/\/crochetts.com\/de\/tienda\/cosmos-gesteppter-trainingsanzug\/","og_site_name":"Crochetts","article_publisher":"https:\/\/www.facebook.com\/Crochetts-101964178013493","article_modified_time":"2025-11-26T09:22:40+00:00","og_image":[{"width":2134,"height":2560,"url":"https:\/\/crochetts.com\/wp-content\/uploads\/2022\/11\/MG_9986-scaled.jpg","type":"image\/jpeg"}],"twitter_card":"summary_large_image","twitter_misc":{"Verf\u00fcgbarkeit":"Auf Lager"},"schema":{"@context":"https:\/\/schema.org","@graph":[{"@type":"WebPage","@id":"https:\/\/crochetts.com\/de\/tienda\/cosmos-gesteppter-trainingsanzug\/","url":"https:\/\/crochetts.com\/de\/tienda\/cosmos-gesteppter-trainingsanzug\/","name":"CHILD - COSMOS GESTEPPTER TRAININGSANZUG - % %","isPartOf":{"@id":"https:\/\/crochetts.com\/de\/#website"},"primaryImageOfPage":{"@id":"https:\/\/crochetts.com\/de\/tienda\/cosmos-gesteppter-trainingsanzug\/#primaryimage"},"image":{"@id":"https:\/\/crochetts.com\/de\/tienda\/cosmos-gesteppter-trainingsanzug\/#primaryimage"},"thumbnailUrl":"https:\/\/crochetts.com\/wp-content\/uploads\/2022\/11\/MG_9986-scaled.jpg","datePublished":"2022-11-23T09:58:28+00:00","dateModified":"2025-11-26T09:22:40+00:00","description":"Unsere Textilkollektion, die in Spanien mit den besten Materialien entworfen und handgefertigt wird, konzentriert sich auf die kleinen Details und bietet einen klassischen, bequemen und zeitlosen Stil. Sch\u00f6ne Trainingsanz\u00fcge, bestehend aus zwei Teilen, Sweatshirt und Hose, mit einem gesteppten Stoff, der eine besondere Note verleiht und dieses Kleidungsst\u00fcck zu einem sehr vielseitigen Basic f\u00fcr die Wintersaison macht.","breadcrumb":{"@id":"https:\/\/crochetts.com\/de\/tienda\/cosmos-gesteppter-trainingsanzug\/#breadcrumb"},"inLanguage":"de","potentialAction":[{"@type":"ReadAction","target":["https:\/\/crochetts.com\/de\/tienda\/cosmos-gesteppter-trainingsanzug\/"]}]},{"@type":"ImageObject","inLanguage":"de","@id":"https:\/\/crochetts.com\/de\/tienda\/cosmos-gesteppter-trainingsanzug\/#primaryimage","url":"https:\/\/crochetts.com\/wp-content\/uploads\/2022\/11\/MG_9986-scaled.jpg","contentUrl":"https:\/\/crochetts.com\/wp-content\/uploads\/2022\/11\/MG_9986-scaled.jpg","width":2134,"height":2560,"caption":"Trainingsanzug"},{"@type":"BreadcrumbList","@id":"https:\/\/crochetts.com\/de\/tienda\/cosmos-gesteppter-trainingsanzug\/#breadcrumb","itemListElement":[{"@type":"ListItem","position":1,"name":"Portada","item":"https:\/\/crochetts.com\/de\/startseite\/"},{"@type":"ListItem","position":2,"name":"Shop","item":"https:\/\/crochetts.com\/de\/shop\/"},{"@type":"ListItem","position":3,"name":"COSMOS GESTEPPTER TRAININGSANZUG"}]},{"@type":"WebSite","@id":"https:\/\/crochetts.com\/de\/#website","url":"https:\/\/crochetts.com\/de\/","name":"Crochetts","description":"ANIMALES DE CROCHET PARA JUGAR,DECORAR Y SO\u00d1AR","publisher":{"@id":"https:\/\/crochetts.com\/de\/#organization"},"potentialAction":[{"@type":"SearchAction","target":{"@type":"EntryPoint","urlTemplate":"https:\/\/crochetts.com\/de\/?s={search_term_string}"},"query-input":{"@type":"PropertyValueSpecification","valueRequired":true,"valueName":"search_term_string"}}],"inLanguage":"de"},{"@type":"Organization","@id":"https:\/\/crochetts.com\/de\/#organization","name":"H\u00e4keln","url":"https:\/\/crochetts.com\/de\/","logo":{"@type":"ImageObject","inLanguage":"de","@id":"https:\/\/crochetts.com\/de\/#\/schema\/logo\/image\/","url":"https:\/\/i2.wp.com\/crochetts.com\/wp-content\/uploads\/2021\/01\/Logo-Crochetts.jpg?fit=300%2C137&ssl=1","contentUrl":"https:\/\/i2.wp.com\/crochetts.com\/wp-content\/uploads\/2021\/01\/Logo-Crochetts.jpg?fit=300%2C137&ssl=1","width":300,"height":137,"caption":"H\u00e4keln"},"image":{"@id":"https:\/\/crochetts.com\/de\/#\/schema\/logo\/image\/"},"sameAs":["https:\/\/www.facebook.com\/Crochetts-101964178013493","https:\/\/www.instagram.com\/crochetts_\/"]}]},"og_availability":"instock","product_availability":"instock","product_retailer_item_id":"C36050-B","product_condition":"new"},"_links":{"self":[{"href":"https:\/\/crochetts.com\/de\/wp-json\/wp\/v2\/product\/26053","targetHints":{"allow":["GET"]}}],"collection":[{"href":"https:\/\/crochetts.com\/de\/wp-json\/wp\/v2\/product"}],"about":[{"href":"https:\/\/crochetts.com\/de\/wp-json\/wp\/v2\/types\/product"}],"wp:featuredmedia":[{"embeddable":true,"href":"https:\/\/crochetts.com\/de\/wp-json\/wp\/v2\/media\/26054"}],"wp:attachment":[{"href":"https:\/\/crochetts.com\/de\/wp-json\/wp\/v2\/media?parent=26053"}],"wp:term":[{"taxonomy":"product_brand","embeddable":true,"href":"https:\/\/crochetts.com\/de\/wp-json\/wp\/v2\/product_brand?post=26053"},{"taxonomy":"product_cat","embeddable":true,"href":"https:\/\/crochetts.com\/de\/wp-json\/wp\/v2\/product_cat?post=26053"},{"taxonomy":"product_tag","embeddable":true,"href":"https:\/\/crochetts.com\/de\/wp-json\/wp\/v2\/product_tag?post=26053"}],"curies":[{"name":"wp","href":"https:\/\/api.w.org\/{rel}","templated":true}]}}