{"id":26031,"date":"2023-06-06T13:05:54","date_gmt":"2023-06-06T12:05:54","guid":{"rendered":"https:\/\/crochetts.com\/tienda\/koala-travel-covers-85cm-x-140cm\/"},"modified":"2025-11-26T10:22:40","modified_gmt":"2025-11-26T09:22:40","slug":"koala-travel-covers-85cm-x-140cm","status":"publish","type":"product","link":"https:\/\/crochetts.com\/de\/tienda\/koala-travel-covers-85cm-x-140cm\/","title":{"rendered":"KOALA TRAVEL COVERS (85cm x 140cm)"},"content":{"rendered":"<div style=\"text-align: justify;\">\n<p>Unsere Kollektion von <strong>Reisekissen-Decken <\/strong>hat ein einzigartiges und funktionelles Design. Sie sind extra weich und lassen sich zu einem niedlichen kleinen Kissen in Tierform falten. Sie eignen sich perfekt f\u00fcr Reisen und die Verwendung als Decke oder Kissen, da sie leicht zu transportieren sind und nur wenig Platz einnehmen. <\/p>\n<\/div>\n<p>W\u00e4hlen Sie das Tier, das Sie am meisten m\u00f6gen, um Sie in Ihren sch\u00f6nsten Momenten zu begleiten.  <strong>Tr\u00e4ume und Reisen das ganze Jahr \u00fcber. Ein einzigartiges und ganz besonderes Geschenk, das Jung und Alt gleicherma\u00dfen \u00fcberraschen wird. <\/strong><\/p>\n<p>Die beste Wahl f\u00fcr das <strong>perfekte Geschenk<\/strong><strong> <\/strong>f\u00fcr Ihre Sommerausfl\u00fcge.<\/p>\n<p>&nbsp;<\/p>\n<p>&nbsp;<\/p>\n","protected":false},"excerpt":{"rendered":"<p>Unsere <strong>Koala-Kissen-Decke<\/strong> ist aus Kord und kurzflorigem Stoff gefertigt und f\u00fchlt sich sehr weich an. Sie ist mit einer<strong> Applikation<\/strong> aus robustem Stoff versehen, die sich perfekt <strong>zum Aufh\u00e4ngen<\/strong> und f\u00fcr <strong>unterwegs<\/strong> eignet. Dank des seitlichen Rei\u00dfverschlusses kann die Decke nach innen gefaltet werden, um ein <strong>niedliches<\/strong> <strong>Koala-Kissen<\/strong> zu bilden. Sie hat ein <strong>einzigartiges und funktionelles Design<\/strong>, das die Kleinen in ihren sch\u00f6nsten <strong>Tr\u00e4umen und auf Reisen<\/strong> begleitet.   <\/p>\n<p><strong>Ma\u00dfe:<\/strong> 85cm x 140cm.<\/p>\n<p>&nbsp;<\/p>\n","protected":false},"featured_media":26045,"template":"","meta":{"_acf_changed":false,"_joinchat":[]},"product_brand":[],"product_cat":[6250],"product_tag":[6688,6686,6689,6685,6764,6687,6684],"class_list":{"0":"post-26031","1":"product","2":"type-product","3":"status-publish","4":"has-post-thumbnail","6":"product_cat-decken-und-handtucher","7":"product_tag-decke-fur-tiere","8":"product_tag-kinderbettdecke","9":"product_tag-kissen-decke","10":"product_tag-madchen-decke","11":"product_tag-reisedecke-2","12":"product_tag-reisedecke","13":"product_tag-sofadecke","14":"entry","16":"first","17":"instock","18":"sale","19":"featured","20":"taxable","21":"shipping-taxable","22":"purchasable","23":"product-type-simple"},"acf":[],"yoast_head":"<!-- This site is optimized with the Yoast SEO Premium plugin v26.1 (Yoast SEO v27.3) - https:\/\/yoast.com\/product\/yoast-seo-premium-wordpress\/ -->\n<title>- KOALA TRAVEL COVERS (85cm x 140cm) -% % %<\/title>\n<meta name=\"description\" content=\"Unsere Kollektion von Reisekissen-Decken hat ein einzigartiges und funktionelles Design, Kissen-Decken, aus denen Sie aus verschiedenen Modellen und Gr\u00f6\u00dfen w\u00e4hlen k\u00f6nnen. Bequem auf Reisen zu sein und dabei kein bisschen Stil zu verlieren, ist nur mit der Koala-Kissen-Decke m\u00f6glich. W\u00e4hlen Sie das Tier, das Ihnen am besten gef\u00e4llt, um die Kleinen auf ihren sch\u00f6nsten Tr\u00e4umen und Reisen zu begleiten. Es ist die beste Option f\u00fcr das perfekte Geschenk oder um einen Ausflug mit Freunden zu organisieren.\" \/>\n<meta name=\"robots\" content=\"index, follow, max-snippet:-1, max-image-preview:large, max-video-preview:-1\" \/>\n<link rel=\"canonical\" href=\"https:\/\/crochetts.com\/de\/tienda\/koala-travel-covers-85cm-x-140cm\/\" \/>\n<meta property=\"og:locale\" content=\"de_DE\" \/>\n<meta property=\"og:type\" content=\"article\" \/>\n<meta property=\"og:title\" content=\"KOALA TRAVEL COVERS (85cm x 140cm)\" \/>\n<meta property=\"og:description\" content=\"Unsere Koala-Kissen-Decke ist aus Kord und kurzflorigem Stoff gefertigt und f\u00fchlt sich sehr weich an. Sie ist mit einer Applikation aus robustem Stoff versehen, die sich perfekt zum Aufh\u00e4ngen und f\u00fcr unterwegs eignet. Dank des seitlichen Rei\u00dfverschlusses kann die Decke nach innen gefaltet werden, um ein niedliches Koala-Kissen zu bilden. Sie hat ein einzigartiges und funktionelles Design, das die Kleinen in ihren sch\u00f6nsten Tr\u00e4umen und auf Reisen begleitet.   Ma\u00dfe: 85cm x 140cm. &nbsp;\" \/>\n<meta property=\"og:url\" content=\"https:\/\/crochetts.com\/de\/tienda\/koala-travel-covers-85cm-x-140cm\/\" \/>\n<meta property=\"og:site_name\" content=\"Crochetts\" \/>\n<meta property=\"article:publisher\" content=\"https:\/\/www.facebook.com\/Crochetts-101964178013493\" \/>\n<meta property=\"article:modified_time\" content=\"2025-11-26T09:22:40+00:00\" \/>\n<meta property=\"og:image\" content=\"https:\/\/crochetts.com\/wp-content\/uploads\/2023\/06\/220301_2.jpg\" \/>\n\t<meta property=\"og:image:width\" content=\"601\" \/>\n\t<meta property=\"og:image:height\" content=\"900\" \/>\n\t<meta property=\"og:image:type\" content=\"image\/jpeg\" \/>\n<meta name=\"twitter:card\" content=\"summary_large_image\" \/>\n<meta name=\"twitter:label1\" content=\"Preis\" \/>\n\t<meta name=\"twitter:data1\" content=\"43,56&nbsp;&euro;\" \/>\n\t<meta name=\"twitter:label2\" content=\"Verf\u00fcgbarkeit\" \/>\n\t<meta name=\"twitter:data2\" content=\"Auf Lager\" \/>\n<script type=\"application\/ld+json\" class=\"yoast-schema-graph\">{\"@context\":\"https:\\\/\\\/schema.org\",\"@graph\":[{\"@type\":\"WebPage\",\"@id\":\"https:\\\/\\\/crochetts.com\\\/de\\\/tienda\\\/koala-travel-covers-85cm-x-140cm\\\/\",\"url\":\"https:\\\/\\\/crochetts.com\\\/de\\\/tienda\\\/koala-travel-covers-85cm-x-140cm\\\/\",\"name\":\"- KOALA TRAVEL COVERS (85cm x 140cm) -% % %\",\"isPartOf\":{\"@id\":\"https:\\\/\\\/crochetts.com\\\/de\\\/#website\"},\"primaryImageOfPage\":{\"@id\":\"https:\\\/\\\/crochetts.com\\\/de\\\/tienda\\\/koala-travel-covers-85cm-x-140cm\\\/#primaryimage\"},\"image\":{\"@id\":\"https:\\\/\\\/crochetts.com\\\/de\\\/tienda\\\/koala-travel-covers-85cm-x-140cm\\\/#primaryimage\"},\"thumbnailUrl\":\"https:\\\/\\\/crochetts.com\\\/wp-content\\\/uploads\\\/2023\\\/06\\\/220301_2.jpg\",\"datePublished\":\"2023-06-06T12:05:54+00:00\",\"dateModified\":\"2025-11-26T09:22:40+00:00\",\"description\":\"Unsere Kollektion von Reisekissen-Decken hat ein einzigartiges und funktionelles Design, Kissen-Decken, aus denen Sie aus verschiedenen Modellen und Gr\u00f6\u00dfen w\u00e4hlen k\u00f6nnen. Bequem auf Reisen zu sein und dabei kein bisschen Stil zu verlieren, ist nur mit der Koala-Kissen-Decke m\u00f6glich. W\u00e4hlen Sie das Tier, das Ihnen am besten gef\u00e4llt, um die Kleinen auf ihren sch\u00f6nsten Tr\u00e4umen und Reisen zu begleiten. Es ist die beste Option f\u00fcr das perfekte Geschenk oder um einen Ausflug mit Freunden zu organisieren.\",\"breadcrumb\":{\"@id\":\"https:\\\/\\\/crochetts.com\\\/de\\\/tienda\\\/koala-travel-covers-85cm-x-140cm\\\/#breadcrumb\"},\"inLanguage\":\"de\",\"potentialAction\":[{\"@type\":\"ReadAction\",\"target\":[\"https:\\\/\\\/crochetts.com\\\/de\\\/tienda\\\/koala-travel-covers-85cm-x-140cm\\\/\"]}]},{\"@type\":\"ImageObject\",\"inLanguage\":\"de\",\"@id\":\"https:\\\/\\\/crochetts.com\\\/de\\\/tienda\\\/koala-travel-covers-85cm-x-140cm\\\/#primaryimage\",\"url\":\"https:\\\/\\\/crochetts.com\\\/wp-content\\\/uploads\\\/2023\\\/06\\\/220301_2.jpg\",\"contentUrl\":\"https:\\\/\\\/crochetts.com\\\/wp-content\\\/uploads\\\/2023\\\/06\\\/220301_2.jpg\",\"width\":601,\"height\":900,\"caption\":\"H\u00e4keln\"},{\"@type\":\"BreadcrumbList\",\"@id\":\"https:\\\/\\\/crochetts.com\\\/de\\\/tienda\\\/koala-travel-covers-85cm-x-140cm\\\/#breadcrumb\",\"itemListElement\":[{\"@type\":\"ListItem\",\"position\":1,\"name\":\"Portada\",\"item\":\"https:\\\/\\\/crochetts.com\\\/de\\\/startseite\\\/\"},{\"@type\":\"ListItem\",\"position\":2,\"name\":\"Shop\",\"item\":\"https:\\\/\\\/crochetts.com\\\/de\\\/shop\\\/\"},{\"@type\":\"ListItem\",\"position\":3,\"name\":\"KOALA TRAVEL COVERS (85cm x 140cm)\"}]},{\"@type\":\"WebSite\",\"@id\":\"https:\\\/\\\/crochetts.com\\\/de\\\/#website\",\"url\":\"https:\\\/\\\/crochetts.com\\\/de\\\/\",\"name\":\"Crochetts\",\"description\":\"ANIMALES DE CROCHET PARA JUGAR,DECORAR Y SO\u00d1AR\",\"publisher\":{\"@id\":\"https:\\\/\\\/crochetts.com\\\/de\\\/#organization\"},\"potentialAction\":[{\"@type\":\"SearchAction\",\"target\":{\"@type\":\"EntryPoint\",\"urlTemplate\":\"https:\\\/\\\/crochetts.com\\\/de\\\/?s={search_term_string}\"},\"query-input\":{\"@type\":\"PropertyValueSpecification\",\"valueRequired\":true,\"valueName\":\"search_term_string\"}}],\"inLanguage\":\"de\"},{\"@type\":\"Organization\",\"@id\":\"https:\\\/\\\/crochetts.com\\\/de\\\/#organization\",\"name\":\"H\u00e4keln\",\"url\":\"https:\\\/\\\/crochetts.com\\\/de\\\/\",\"logo\":{\"@type\":\"ImageObject\",\"inLanguage\":\"de\",\"@id\":\"https:\\\/\\\/crochetts.com\\\/de\\\/#\\\/schema\\\/logo\\\/image\\\/\",\"url\":\"https:\\\/\\\/i2.wp.com\\\/crochetts.com\\\/wp-content\\\/uploads\\\/2021\\\/01\\\/Logo-Crochetts.jpg?fit=300%2C137&ssl=1\",\"contentUrl\":\"https:\\\/\\\/i2.wp.com\\\/crochetts.com\\\/wp-content\\\/uploads\\\/2021\\\/01\\\/Logo-Crochetts.jpg?fit=300%2C137&ssl=1\",\"width\":300,\"height\":137,\"caption\":\"H\u00e4keln\"},\"image\":{\"@id\":\"https:\\\/\\\/crochetts.com\\\/de\\\/#\\\/schema\\\/logo\\\/image\\\/\"},\"sameAs\":[\"https:\\\/\\\/www.facebook.com\\\/Crochetts-101964178013493\",\"https:\\\/\\\/www.instagram.com\\\/crochetts_\\\/\"]}]}<\/script>\n<meta property=\"product:price:amount\" content=\"43.56\" \/>\n<meta property=\"product:price:currency\" content=\"EUR\" \/>\n<meta property=\"og:availability\" content=\"instock\" \/>\n<meta property=\"product:availability\" content=\"instock\" \/>\n<meta property=\"product:retailer_item_id\" content=\"220301\" \/>\n<meta property=\"product:condition\" content=\"new\" \/>\n<!-- \/ Yoast SEO Premium plugin. -->","yoast_head_json":{"title":"- KOALA TRAVEL COVERS (85cm x 140cm) -% % %","description":"Unsere Kollektion von Reisekissen-Decken hat ein einzigartiges und funktionelles Design, Kissen-Decken, aus denen Sie aus verschiedenen Modellen und Gr\u00f6\u00dfen w\u00e4hlen k\u00f6nnen. Bequem auf Reisen zu sein und dabei kein bisschen Stil zu verlieren, ist nur mit der Koala-Kissen-Decke m\u00f6glich. W\u00e4hlen Sie das Tier, das Ihnen am besten gef\u00e4llt, um die Kleinen auf ihren sch\u00f6nsten Tr\u00e4umen und Reisen zu begleiten. Es ist die beste Option f\u00fcr das perfekte Geschenk oder um einen Ausflug mit Freunden zu organisieren.","robots":{"index":"index","follow":"follow","max-snippet":"max-snippet:-1","max-image-preview":"max-image-preview:large","max-video-preview":"max-video-preview:-1"},"canonical":"https:\/\/crochetts.com\/de\/tienda\/koala-travel-covers-85cm-x-140cm\/","og_locale":"de_DE","og_type":"article","og_title":"KOALA TRAVEL COVERS (85cm x 140cm)","og_description":"Unsere Koala-Kissen-Decke ist aus Kord und kurzflorigem Stoff gefertigt und f\u00fchlt sich sehr weich an. Sie ist mit einer Applikation aus robustem Stoff versehen, die sich perfekt zum Aufh\u00e4ngen und f\u00fcr unterwegs eignet. Dank des seitlichen Rei\u00dfverschlusses kann die Decke nach innen gefaltet werden, um ein niedliches Koala-Kissen zu bilden. Sie hat ein einzigartiges und funktionelles Design, das die Kleinen in ihren sch\u00f6nsten Tr\u00e4umen und auf Reisen begleitet.   Ma\u00dfe: 85cm x 140cm. &nbsp;","og_url":"https:\/\/crochetts.com\/de\/tienda\/koala-travel-covers-85cm-x-140cm\/","og_site_name":"Crochetts","article_publisher":"https:\/\/www.facebook.com\/Crochetts-101964178013493","article_modified_time":"2025-11-26T09:22:40+00:00","og_image":[{"width":601,"height":900,"url":"https:\/\/crochetts.com\/wp-content\/uploads\/2023\/06\/220301_2.jpg","type":"image\/jpeg"}],"twitter_card":"summary_large_image","twitter_misc":{"Preis":"43,56&nbsp;&euro;","Verf\u00fcgbarkeit":"Auf Lager"},"schema":{"@context":"https:\/\/schema.org","@graph":[{"@type":"WebPage","@id":"https:\/\/crochetts.com\/de\/tienda\/koala-travel-covers-85cm-x-140cm\/","url":"https:\/\/crochetts.com\/de\/tienda\/koala-travel-covers-85cm-x-140cm\/","name":"- KOALA TRAVEL COVERS (85cm x 140cm) -% % %","isPartOf":{"@id":"https:\/\/crochetts.com\/de\/#website"},"primaryImageOfPage":{"@id":"https:\/\/crochetts.com\/de\/tienda\/koala-travel-covers-85cm-x-140cm\/#primaryimage"},"image":{"@id":"https:\/\/crochetts.com\/de\/tienda\/koala-travel-covers-85cm-x-140cm\/#primaryimage"},"thumbnailUrl":"https:\/\/crochetts.com\/wp-content\/uploads\/2023\/06\/220301_2.jpg","datePublished":"2023-06-06T12:05:54+00:00","dateModified":"2025-11-26T09:22:40+00:00","description":"Unsere Kollektion von Reisekissen-Decken hat ein einzigartiges und funktionelles Design, Kissen-Decken, aus denen Sie aus verschiedenen Modellen und Gr\u00f6\u00dfen w\u00e4hlen k\u00f6nnen. Bequem auf Reisen zu sein und dabei kein bisschen Stil zu verlieren, ist nur mit der Koala-Kissen-Decke m\u00f6glich. W\u00e4hlen Sie das Tier, das Ihnen am besten gef\u00e4llt, um die Kleinen auf ihren sch\u00f6nsten Tr\u00e4umen und Reisen zu begleiten. Es ist die beste Option f\u00fcr das perfekte Geschenk oder um einen Ausflug mit Freunden zu organisieren.","breadcrumb":{"@id":"https:\/\/crochetts.com\/de\/tienda\/koala-travel-covers-85cm-x-140cm\/#breadcrumb"},"inLanguage":"de","potentialAction":[{"@type":"ReadAction","target":["https:\/\/crochetts.com\/de\/tienda\/koala-travel-covers-85cm-x-140cm\/"]}]},{"@type":"ImageObject","inLanguage":"de","@id":"https:\/\/crochetts.com\/de\/tienda\/koala-travel-covers-85cm-x-140cm\/#primaryimage","url":"https:\/\/crochetts.com\/wp-content\/uploads\/2023\/06\/220301_2.jpg","contentUrl":"https:\/\/crochetts.com\/wp-content\/uploads\/2023\/06\/220301_2.jpg","width":601,"height":900,"caption":"H\u00e4keln"},{"@type":"BreadcrumbList","@id":"https:\/\/crochetts.com\/de\/tienda\/koala-travel-covers-85cm-x-140cm\/#breadcrumb","itemListElement":[{"@type":"ListItem","position":1,"name":"Portada","item":"https:\/\/crochetts.com\/de\/startseite\/"},{"@type":"ListItem","position":2,"name":"Shop","item":"https:\/\/crochetts.com\/de\/shop\/"},{"@type":"ListItem","position":3,"name":"KOALA TRAVEL COVERS (85cm x 140cm)"}]},{"@type":"WebSite","@id":"https:\/\/crochetts.com\/de\/#website","url":"https:\/\/crochetts.com\/de\/","name":"Crochetts","description":"ANIMALES DE CROCHET PARA JUGAR,DECORAR Y SO\u00d1AR","publisher":{"@id":"https:\/\/crochetts.com\/de\/#organization"},"potentialAction":[{"@type":"SearchAction","target":{"@type":"EntryPoint","urlTemplate":"https:\/\/crochetts.com\/de\/?s={search_term_string}"},"query-input":{"@type":"PropertyValueSpecification","valueRequired":true,"valueName":"search_term_string"}}],"inLanguage":"de"},{"@type":"Organization","@id":"https:\/\/crochetts.com\/de\/#organization","name":"H\u00e4keln","url":"https:\/\/crochetts.com\/de\/","logo":{"@type":"ImageObject","inLanguage":"de","@id":"https:\/\/crochetts.com\/de\/#\/schema\/logo\/image\/","url":"https:\/\/i2.wp.com\/crochetts.com\/wp-content\/uploads\/2021\/01\/Logo-Crochetts.jpg?fit=300%2C137&ssl=1","contentUrl":"https:\/\/i2.wp.com\/crochetts.com\/wp-content\/uploads\/2021\/01\/Logo-Crochetts.jpg?fit=300%2C137&ssl=1","width":300,"height":137,"caption":"H\u00e4keln"},"image":{"@id":"https:\/\/crochetts.com\/de\/#\/schema\/logo\/image\/"},"sameAs":["https:\/\/www.facebook.com\/Crochetts-101964178013493","https:\/\/www.instagram.com\/crochetts_\/"]}]},"product_price_amount":"43.56","product_price_currency":"EUR","og_availability":"instock","product_availability":"instock","product_retailer_item_id":"220301","product_condition":"new"},"_links":{"self":[{"href":"https:\/\/crochetts.com\/de\/wp-json\/wp\/v2\/product\/26031","targetHints":{"allow":["GET"]}}],"collection":[{"href":"https:\/\/crochetts.com\/de\/wp-json\/wp\/v2\/product"}],"about":[{"href":"https:\/\/crochetts.com\/de\/wp-json\/wp\/v2\/types\/product"}],"wp:featuredmedia":[{"embeddable":true,"href":"https:\/\/crochetts.com\/de\/wp-json\/wp\/v2\/media\/26045"}],"wp:attachment":[{"href":"https:\/\/crochetts.com\/de\/wp-json\/wp\/v2\/media?parent=26031"}],"wp:term":[{"taxonomy":"product_brand","embeddable":true,"href":"https:\/\/crochetts.com\/de\/wp-json\/wp\/v2\/product_brand?post=26031"},{"taxonomy":"product_cat","embeddable":true,"href":"https:\/\/crochetts.com\/de\/wp-json\/wp\/v2\/product_cat?post=26031"},{"taxonomy":"product_tag","embeddable":true,"href":"https:\/\/crochetts.com\/de\/wp-json\/wp\/v2\/product_tag?post=26031"}],"curies":[{"name":"wp","href":"https:\/\/api.w.org\/{rel}","templated":true}]}}