{"id":26025,"date":"2022-12-15T15:01:04","date_gmt":"2022-12-15T15:01:04","guid":{"rendered":"https:\/\/crochetts.com\/tienda\/graue-hai-decke-s-m\/"},"modified":"2025-11-26T10:22:35","modified_gmt":"2025-11-26T09:22:35","slug":"graue-hai-decke-s-m","status":"publish","type":"product","link":"https:\/\/crochetts.com\/de\/tienda\/graue-hai-decke-s-m\/","title":{"rendered":"GRAUE HAI-DECKE (S\/M)"},"content":{"rendered":"<div style=\"text-align: justify;\">\n<p>Unsere <strong>Decken-Kollektion<\/strong> hat ein vertr\u00e4umtes Design, <b>Haifischschwanz-Decken <\/b>in Form eines <b>Haifischschwanzes <\/b>, aus denen Sie aus <strong>verschiedenen Modellen <\/strong>und<strong> Gr\u00f6\u00dfen<\/strong> w\u00e4hlen k\u00f6nnen<strong>.<\/strong><\/p>\n<\/div>\n<p>Sich zu <strong>Hause<\/strong> wohlf\u00fchlen, ohne dabei auf Stil zu verzichten, das geht nur mit der Hai-Decke,   <strong>W\u00e4hlen Sie die Farbe, die am besten zu Ihnen passt!<\/strong><\/p>\n<p>Werden Sie zum Hai in Ihren <strong>s\u00fc\u00dfesten<\/strong> <strong>Tr\u00e4umen<\/strong> mit dieser warmen und kuscheligen Mittagsschlafdecke, die jedes Kind zum Schlafen bringt.<\/p>\n<p>Es ist die <strong>perfekte <\/strong>Wahl f\u00fcr das <strong>perfekte <\/strong> <strong>Geburtstagsgeschenk <\/strong>oder um eine <strong>Pyjamaparty<\/strong> mit Freunden zu organisieren.<\/p>\n<p>&nbsp;<\/p>\n<p>&nbsp;<\/p>\n","protected":false},"excerpt":{"rendered":"<p>Lassen Sie Ihrer Fantasie freien Lauf mit unserer <strong>gestrickten<\/strong> <b>Hai-Decke <\/b>, die speziell f\u00fcr tierliebende Kinder entworfen wurde.<strong> <\/strong>in <strong>Grau<\/strong>. Unsere Hai-Decke besteht aus Acrylgewebe, das sich sehr warm und <strong>weich<\/strong> <strong>anf\u00fchlt<\/strong>. Sie hat eine <strong>\u00d6ffnung<\/strong> auf der <strong>R\u00fcckseite<\/strong>, durch die Sie leicht ein- und aussteigen k\u00f6nnen. Es ist eine sehr <strong>praktische<\/strong> Decke, um auf dem Sofa <strong>zu entspannen<\/strong>, ein Nickerchen zu machen oder sie auf Reisen mitzunehmen. Ideal auch als <strong>Geschenk, um<\/strong> den <strong>Traum<\/strong> vom <strong>Hai<\/strong> wahr werden zu lassen!    <\/p>\n<p>Verf\u00fcgbare <strong>GR\u00d6SSEN<\/strong>:<\/p>\n<ul>\n<li><strong>GR\u00d6SSE S <\/strong>(1 bis 4 Jahre).<\/li>\n<li><strong>GR\u00d6SSE M<\/strong> (von 6 bis 12 Jahren).<\/li>\n<\/ul>\n","protected":false},"featured_media":26036,"template":"","meta":{"_acf_changed":false,"_joinchat":[]},"product_brand":[],"product_cat":[6250],"product_tag":[6766,6767,6686,6685,6765,6717,6720,6684],"class_list":{"0":"post-26025","1":"product","2":"type-product","3":"status-publish","4":"has-post-thumbnail","6":"product_cat-decken-und-handtucher","7":"product_tag-hai","8":"product_tag-hai-decke-fur-kinder","9":"product_tag-kinderbettdecke","10":"product_tag-madchen-decke","11":"product_tag-manta-hai","12":"product_tag-meerjungfrau-decke","13":"product_tag-sirana-schwanz-decke","14":"product_tag-sofadecke","15":"entry","17":"first","18":"instock","19":"taxable","20":"shipping-taxable","21":"purchasable","22":"product-type-variable"},"acf":[],"yoast_head":"<!-- This site is optimized with the Yoast SEO Premium plugin v26.1 (Yoast SEO v27.3) - https:\/\/yoast.com\/product\/yoast-seo-premium-wordpress\/ -->\n<title>MANTAS%- GRAUE HAI-DECKE (S\/M) -% Crochetts% Crochetts%<\/title>\n<meta name=\"description\" content=\"Unsere Decken-Kollektion hat ein vertr\u00e4umtes Design, Haifischschwanz-Decken in verschiedenen Farben und Gr\u00f6\u00dfen zur Auswahl. Die perfekte Wahl f\u00fcr das perfekte Geburtstagsgeschenk.\" \/>\n<meta name=\"robots\" content=\"index, follow, max-snippet:-1, max-image-preview:large, max-video-preview:-1\" \/>\n<link rel=\"canonical\" href=\"https:\/\/crochetts.com\/de\/tienda\/graue-hai-decke-s-m\/\" \/>\n<meta property=\"og:locale\" content=\"de_DE\" \/>\n<meta property=\"og:type\" content=\"article\" \/>\n<meta property=\"og:title\" content=\"GRAUE HAI-DECKE (S\/M)\" \/>\n<meta property=\"og:description\" content=\"Lassen Sie Ihrer Fantasie freien Lauf mit unserer gestrickten Hai-Decke , die speziell f\u00fcr tierliebende Kinder entworfen wurde. in Grau. Unsere Hai-Decke besteht aus Acrylgewebe, das sich sehr warm und weich anf\u00fchlt. Sie hat eine \u00d6ffnung auf der R\u00fcckseite, durch die Sie leicht ein- und aussteigen k\u00f6nnen. Es ist eine sehr praktische Decke, um auf dem Sofa zu entspannen, ein Nickerchen zu machen oder sie auf Reisen mitzunehmen. Ideal auch als Geschenk, um den Traum vom Hai wahr werden zu lassen!   Verf\u00fcgbare GR\u00d6SSEN:  GR\u00d6SSE S (1 bis 4 Jahre).  GR\u00d6SSE M (von 6 bis 12 Jahren).\" \/>\n<meta property=\"og:url\" content=\"https:\/\/crochetts.com\/de\/tienda\/graue-hai-decke-s-m\/\" \/>\n<meta property=\"og:site_name\" content=\"Crochetts\" \/>\n<meta property=\"article:publisher\" content=\"https:\/\/www.facebook.com\/Crochetts-101964178013493\" \/>\n<meta property=\"article:modified_time\" content=\"2025-11-26T09:22:35+00:00\" \/>\n<meta property=\"og:image\" content=\"https:\/\/crochetts.com\/wp-content\/uploads\/2022\/12\/BK21107-GM-5.jpg\" \/>\n\t<meta property=\"og:image:width\" content=\"534\" \/>\n\t<meta property=\"og:image:height\" content=\"800\" \/>\n\t<meta property=\"og:image:type\" content=\"image\/jpeg\" \/>\n<meta name=\"twitter:card\" content=\"summary_large_image\" \/>\n<meta name=\"twitter:label1\" content=\"Verf\u00fcgbarkeit\" \/>\n\t<meta name=\"twitter:data1\" content=\"Auf Lager\" \/>\n<script type=\"application\/ld+json\" class=\"yoast-schema-graph\">{\"@context\":\"https:\\\/\\\/schema.org\",\"@graph\":[{\"@type\":\"WebPage\",\"@id\":\"https:\\\/\\\/crochetts.com\\\/de\\\/tienda\\\/graue-hai-decke-s-m\\\/\",\"url\":\"https:\\\/\\\/crochetts.com\\\/de\\\/tienda\\\/graue-hai-decke-s-m\\\/\",\"name\":\"MANTAS%- GRAUE HAI-DECKE (S\\\/M) -% Crochetts% Crochetts%\",\"isPartOf\":{\"@id\":\"https:\\\/\\\/crochetts.com\\\/de\\\/#website\"},\"primaryImageOfPage\":{\"@id\":\"https:\\\/\\\/crochetts.com\\\/de\\\/tienda\\\/graue-hai-decke-s-m\\\/#primaryimage\"},\"image\":{\"@id\":\"https:\\\/\\\/crochetts.com\\\/de\\\/tienda\\\/graue-hai-decke-s-m\\\/#primaryimage\"},\"thumbnailUrl\":\"https:\\\/\\\/crochetts.com\\\/wp-content\\\/uploads\\\/2022\\\/12\\\/BK21107-GM-5.jpg\",\"datePublished\":\"2022-12-15T15:01:04+00:00\",\"dateModified\":\"2025-11-26T09:22:35+00:00\",\"description\":\"Unsere Decken-Kollektion hat ein vertr\u00e4umtes Design, Haifischschwanz-Decken in verschiedenen Farben und Gr\u00f6\u00dfen zur Auswahl. Die perfekte Wahl f\u00fcr das perfekte Geburtstagsgeschenk.\",\"breadcrumb\":{\"@id\":\"https:\\\/\\\/crochetts.com\\\/de\\\/tienda\\\/graue-hai-decke-s-m\\\/#breadcrumb\"},\"inLanguage\":\"de\",\"potentialAction\":[{\"@type\":\"ReadAction\",\"target\":[\"https:\\\/\\\/crochetts.com\\\/de\\\/tienda\\\/graue-hai-decke-s-m\\\/\"]}]},{\"@type\":\"ImageObject\",\"inLanguage\":\"de\",\"@id\":\"https:\\\/\\\/crochetts.com\\\/de\\\/tienda\\\/graue-hai-decke-s-m\\\/#primaryimage\",\"url\":\"https:\\\/\\\/crochetts.com\\\/wp-content\\\/uploads\\\/2022\\\/12\\\/BK21107-GM-5.jpg\",\"contentUrl\":\"https:\\\/\\\/crochetts.com\\\/wp-content\\\/uploads\\\/2022\\\/12\\\/BK21107-GM-5.jpg\",\"width\":534,\"height\":800,\"caption\":\"Manta-Hai\"},{\"@type\":\"BreadcrumbList\",\"@id\":\"https:\\\/\\\/crochetts.com\\\/de\\\/tienda\\\/graue-hai-decke-s-m\\\/#breadcrumb\",\"itemListElement\":[{\"@type\":\"ListItem\",\"position\":1,\"name\":\"Portada\",\"item\":\"https:\\\/\\\/crochetts.com\\\/de\\\/startseite\\\/\"},{\"@type\":\"ListItem\",\"position\":2,\"name\":\"Shop\",\"item\":\"https:\\\/\\\/crochetts.com\\\/de\\\/shop\\\/\"},{\"@type\":\"ListItem\",\"position\":3,\"name\":\"GRAUE HAI-DECKE (S\\\/M)\"}]},{\"@type\":\"WebSite\",\"@id\":\"https:\\\/\\\/crochetts.com\\\/de\\\/#website\",\"url\":\"https:\\\/\\\/crochetts.com\\\/de\\\/\",\"name\":\"Crochetts\",\"description\":\"ANIMALES DE CROCHET PARA JUGAR,DECORAR Y SO\u00d1AR\",\"publisher\":{\"@id\":\"https:\\\/\\\/crochetts.com\\\/de\\\/#organization\"},\"potentialAction\":[{\"@type\":\"SearchAction\",\"target\":{\"@type\":\"EntryPoint\",\"urlTemplate\":\"https:\\\/\\\/crochetts.com\\\/de\\\/?s={search_term_string}\"},\"query-input\":{\"@type\":\"PropertyValueSpecification\",\"valueRequired\":true,\"valueName\":\"search_term_string\"}}],\"inLanguage\":\"de\"},{\"@type\":\"Organization\",\"@id\":\"https:\\\/\\\/crochetts.com\\\/de\\\/#organization\",\"name\":\"H\u00e4keln\",\"url\":\"https:\\\/\\\/crochetts.com\\\/de\\\/\",\"logo\":{\"@type\":\"ImageObject\",\"inLanguage\":\"de\",\"@id\":\"https:\\\/\\\/crochetts.com\\\/de\\\/#\\\/schema\\\/logo\\\/image\\\/\",\"url\":\"https:\\\/\\\/i2.wp.com\\\/crochetts.com\\\/wp-content\\\/uploads\\\/2021\\\/01\\\/Logo-Crochetts.jpg?fit=300%2C137&ssl=1\",\"contentUrl\":\"https:\\\/\\\/i2.wp.com\\\/crochetts.com\\\/wp-content\\\/uploads\\\/2021\\\/01\\\/Logo-Crochetts.jpg?fit=300%2C137&ssl=1\",\"width\":300,\"height\":137,\"caption\":\"H\u00e4keln\"},\"image\":{\"@id\":\"https:\\\/\\\/crochetts.com\\\/de\\\/#\\\/schema\\\/logo\\\/image\\\/\"},\"sameAs\":[\"https:\\\/\\\/www.facebook.com\\\/Crochetts-101964178013493\",\"https:\\\/\\\/www.instagram.com\\\/crochetts_\\\/\"]}]}<\/script>\n<meta property=\"og:availability\" content=\"instock\" \/>\n<meta property=\"product:availability\" content=\"instock\" \/>\n<meta property=\"product:retailer_item_id\" content=\"BK21107-G\" \/>\n<meta property=\"product:condition\" content=\"new\" \/>\n<!-- \/ Yoast SEO Premium plugin. -->","yoast_head_json":{"title":"MANTAS%- GRAUE HAI-DECKE (S\/M) -% Crochetts% Crochetts%","description":"Unsere Decken-Kollektion hat ein vertr\u00e4umtes Design, Haifischschwanz-Decken in verschiedenen Farben und Gr\u00f6\u00dfen zur Auswahl. Die perfekte Wahl f\u00fcr das perfekte Geburtstagsgeschenk.","robots":{"index":"index","follow":"follow","max-snippet":"max-snippet:-1","max-image-preview":"max-image-preview:large","max-video-preview":"max-video-preview:-1"},"canonical":"https:\/\/crochetts.com\/de\/tienda\/graue-hai-decke-s-m\/","og_locale":"de_DE","og_type":"article","og_title":"GRAUE HAI-DECKE (S\/M)","og_description":"Lassen Sie Ihrer Fantasie freien Lauf mit unserer gestrickten Hai-Decke , die speziell f\u00fcr tierliebende Kinder entworfen wurde. in Grau. Unsere Hai-Decke besteht aus Acrylgewebe, das sich sehr warm und weich anf\u00fchlt. Sie hat eine \u00d6ffnung auf der R\u00fcckseite, durch die Sie leicht ein- und aussteigen k\u00f6nnen. Es ist eine sehr praktische Decke, um auf dem Sofa zu entspannen, ein Nickerchen zu machen oder sie auf Reisen mitzunehmen. Ideal auch als Geschenk, um den Traum vom Hai wahr werden zu lassen!   Verf\u00fcgbare GR\u00d6SSEN:  GR\u00d6SSE S (1 bis 4 Jahre).  GR\u00d6SSE M (von 6 bis 12 Jahren).","og_url":"https:\/\/crochetts.com\/de\/tienda\/graue-hai-decke-s-m\/","og_site_name":"Crochetts","article_publisher":"https:\/\/www.facebook.com\/Crochetts-101964178013493","article_modified_time":"2025-11-26T09:22:35+00:00","og_image":[{"width":534,"height":800,"url":"https:\/\/crochetts.com\/wp-content\/uploads\/2022\/12\/BK21107-GM-5.jpg","type":"image\/jpeg"}],"twitter_card":"summary_large_image","twitter_misc":{"Verf\u00fcgbarkeit":"Auf Lager"},"schema":{"@context":"https:\/\/schema.org","@graph":[{"@type":"WebPage","@id":"https:\/\/crochetts.com\/de\/tienda\/graue-hai-decke-s-m\/","url":"https:\/\/crochetts.com\/de\/tienda\/graue-hai-decke-s-m\/","name":"MANTAS%- GRAUE HAI-DECKE (S\/M) -% Crochetts% Crochetts%","isPartOf":{"@id":"https:\/\/crochetts.com\/de\/#website"},"primaryImageOfPage":{"@id":"https:\/\/crochetts.com\/de\/tienda\/graue-hai-decke-s-m\/#primaryimage"},"image":{"@id":"https:\/\/crochetts.com\/de\/tienda\/graue-hai-decke-s-m\/#primaryimage"},"thumbnailUrl":"https:\/\/crochetts.com\/wp-content\/uploads\/2022\/12\/BK21107-GM-5.jpg","datePublished":"2022-12-15T15:01:04+00:00","dateModified":"2025-11-26T09:22:35+00:00","description":"Unsere Decken-Kollektion hat ein vertr\u00e4umtes Design, Haifischschwanz-Decken in verschiedenen Farben und Gr\u00f6\u00dfen zur Auswahl. Die perfekte Wahl f\u00fcr das perfekte Geburtstagsgeschenk.","breadcrumb":{"@id":"https:\/\/crochetts.com\/de\/tienda\/graue-hai-decke-s-m\/#breadcrumb"},"inLanguage":"de","potentialAction":[{"@type":"ReadAction","target":["https:\/\/crochetts.com\/de\/tienda\/graue-hai-decke-s-m\/"]}]},{"@type":"ImageObject","inLanguage":"de","@id":"https:\/\/crochetts.com\/de\/tienda\/graue-hai-decke-s-m\/#primaryimage","url":"https:\/\/crochetts.com\/wp-content\/uploads\/2022\/12\/BK21107-GM-5.jpg","contentUrl":"https:\/\/crochetts.com\/wp-content\/uploads\/2022\/12\/BK21107-GM-5.jpg","width":534,"height":800,"caption":"Manta-Hai"},{"@type":"BreadcrumbList","@id":"https:\/\/crochetts.com\/de\/tienda\/graue-hai-decke-s-m\/#breadcrumb","itemListElement":[{"@type":"ListItem","position":1,"name":"Portada","item":"https:\/\/crochetts.com\/de\/startseite\/"},{"@type":"ListItem","position":2,"name":"Shop","item":"https:\/\/crochetts.com\/de\/shop\/"},{"@type":"ListItem","position":3,"name":"GRAUE HAI-DECKE (S\/M)"}]},{"@type":"WebSite","@id":"https:\/\/crochetts.com\/de\/#website","url":"https:\/\/crochetts.com\/de\/","name":"Crochetts","description":"ANIMALES DE CROCHET PARA JUGAR,DECORAR Y SO\u00d1AR","publisher":{"@id":"https:\/\/crochetts.com\/de\/#organization"},"potentialAction":[{"@type":"SearchAction","target":{"@type":"EntryPoint","urlTemplate":"https:\/\/crochetts.com\/de\/?s={search_term_string}"},"query-input":{"@type":"PropertyValueSpecification","valueRequired":true,"valueName":"search_term_string"}}],"inLanguage":"de"},{"@type":"Organization","@id":"https:\/\/crochetts.com\/de\/#organization","name":"H\u00e4keln","url":"https:\/\/crochetts.com\/de\/","logo":{"@type":"ImageObject","inLanguage":"de","@id":"https:\/\/crochetts.com\/de\/#\/schema\/logo\/image\/","url":"https:\/\/i2.wp.com\/crochetts.com\/wp-content\/uploads\/2021\/01\/Logo-Crochetts.jpg?fit=300%2C137&ssl=1","contentUrl":"https:\/\/i2.wp.com\/crochetts.com\/wp-content\/uploads\/2021\/01\/Logo-Crochetts.jpg?fit=300%2C137&ssl=1","width":300,"height":137,"caption":"H\u00e4keln"},"image":{"@id":"https:\/\/crochetts.com\/de\/#\/schema\/logo\/image\/"},"sameAs":["https:\/\/www.facebook.com\/Crochetts-101964178013493","https:\/\/www.instagram.com\/crochetts_\/"]}]},"og_availability":"instock","product_availability":"instock","product_retailer_item_id":"BK21107-G","product_condition":"new"},"_links":{"self":[{"href":"https:\/\/crochetts.com\/de\/wp-json\/wp\/v2\/product\/26025","targetHints":{"allow":["GET"]}}],"collection":[{"href":"https:\/\/crochetts.com\/de\/wp-json\/wp\/v2\/product"}],"about":[{"href":"https:\/\/crochetts.com\/de\/wp-json\/wp\/v2\/types\/product"}],"wp:featuredmedia":[{"embeddable":true,"href":"https:\/\/crochetts.com\/de\/wp-json\/wp\/v2\/media\/26036"}],"wp:attachment":[{"href":"https:\/\/crochetts.com\/de\/wp-json\/wp\/v2\/media?parent=26025"}],"wp:term":[{"taxonomy":"product_brand","embeddable":true,"href":"https:\/\/crochetts.com\/de\/wp-json\/wp\/v2\/product_brand?post=26025"},{"taxonomy":"product_cat","embeddable":true,"href":"https:\/\/crochetts.com\/de\/wp-json\/wp\/v2\/product_cat?post=26025"},{"taxonomy":"product_tag","embeddable":true,"href":"https:\/\/crochetts.com\/de\/wp-json\/wp\/v2\/product_tag?post=26025"}],"curies":[{"name":"wp","href":"https:\/\/api.w.org\/{rel}","templated":true}]}}