{"id":25973,"date":"2023-01-25T10:35:46","date_gmt":"2023-01-25T09:35:46","guid":{"rendered":"https:\/\/crochetts.com\/tienda\/kuscheltier-kissen-drache-zeus\/"},"modified":"2025-11-26T10:22:29","modified_gmt":"2025-11-26T09:22:29","slug":"kuscheltier-kissen-drache-zeus","status":"publish","type":"product","link":"https:\/\/crochetts.com\/de\/tienda\/kuscheltier-kissen-drache-zeus\/","title":{"rendered":"KUSCHELTIER - KISSEN DRACHE ZEUS"},"content":{"rendered":"<div style=\"text-align: justify;\">\n<div style=\"text-align: justify;\">Alle unsere <strong>Puppen <\/strong><em><strong>amigurumis<\/strong> <\/em><span style=\"background-color: transparent;\">sind ausgezeichnete Begleiter <strong>f\u00fcr Kinder<\/strong> jeden Alters. Perfekte <strong>Dekorationselemente<\/strong> in jedem <strong>Kinderzimmer<\/strong> oder ideal f\u00fcr die Verwendung in <strong>Schaufenstern<\/strong>.<\/span><\/div>\n<div style=\"text-align: justify;\">Sie werden nach den <strong>h\u00f6chsten Qualit\u00e4tsstandards <\/strong>entworfen und hergestellt <strong>, wobei <\/strong>stets nat\u00fcrliche Materialien wie Holz und 100% nat\u00fcrliche Baumwolle verwendet werden. Sie sind in <strong>zwei Gr\u00f6\u00dfen <\/strong>erh\u00e4ltlich <strong>. <\/strong>Nur die gro\u00dfen Exemplare <strong>sind mit einer Holzstruktur im Inneren ausgestattet, die bis zu 70 kg Gewicht tragen kann.<\/strong> <\/div>\n<div>\n<p data-start=\"1411\" data-end=\"1779\">Das <strong data-start=\"1414\" data-end=\"1441\">Zeus Pl\u00fcschkissen <\/strong>ist nicht nur ein Spielzeug: Es ist ein St\u00fcck handgefertigtes Design, das jedes Kinderzimmer in einen Raum voller W\u00e4rme und Pers\u00f6nlichkeit verwandelt. Seine <strong data-start=\"1596\" data-end=\"1624\">handgestickten Details<\/strong> und die sorgf\u00e4ltige Verarbeitung spiegeln den nachhaltigen Geist und die Authentizit\u00e4t von Crochetts\u00ae wider, wo jedes Produkt <strong>mit Liebe, Respekt und Liebe zum Detail hergestellt wird<\/strong>. <\/p>\n<p data-start=\"1781\" data-end=\"2013\">Es enth\u00e4lt einen <strong data-start=\"1801\" data-end=\"1838\">personalisierten Willkommensbrief<\/strong>, in dem sich das Kuschelkissen dem Kind vorstellt und so vom ersten Moment an eine besondere Bindung schafft. Ein Detail, das dieses Kuscheltier zu einem originellen und emotional einzigartigen Geschenk macht. <\/p>\n<p data-start=\"2015\" data-end=\"2167\">Ideal als <strong data-start=\"2026\" data-end=\"2085\">Geschenk f\u00fcr Geburtstage, Geburtstage oder Kinderdekorationen!<\/strong><\/p>\n<\/div>\n<\/div>\n<p>&nbsp;<\/p>\n","protected":false},"excerpt":{"rendered":"<p style=\"text-align: justify;\">Lassen Sie der Fantasie Ihrer Kleinen freien Lauf mit unserem <strong>Zeus Drachen Kuschelkissen <\/strong>aus <strong>100% hypoallergener<\/strong> <strong>Baumwolle<\/strong>. Dieses lustige und farbenfrohe Kissen in Form eines sch\u00f6nen <strong>Drachens <\/strong>ist weich und <strong>f\u00fchlt sich angenehm an<\/strong>. Es wird \u00fcberall, wo Sie es hinlegen, f\u00fcr Farbe und Freude sorgen und eine <strong>zarte und gem\u00fctliche Atmosph\u00e4re<\/strong> schaffen. Ideal f\u00fcr <strong>Kinderzimmer<\/strong>, Spiel- und Leseecken.  <\/p>\n<p style=\"text-align: left;\">Jeder <strong>Drache<\/strong> wird sorgf\u00e4ltig aus <strong data-start=\"549\" data-end=\"585\">hochwertiger Bio-Baumwolle<\/strong> und hypoallergener F\u00fcllung hergestellt, um Komfort und Haltbarkeit zu gew\u00e4hrleisten. Die weiche Textur und die H\u00e4kelmaschen machen dieses Kuscheltier zu einem liebenswerten und langlebigen Begleiter. <\/p>\n<p style=\"text-align: left;\">Au\u00dferdem ist unser Pl\u00fcsch <strong data-start=\"788\" data-end=\"808\">pflegeleicht<\/strong> und <strong data-start=\"811\" data-end=\"861\">kann in der Maschine im Schonwaschgang in kaltem Wasser gewaschen werden<\/strong>, so dass er immer makellos und zum Kuscheln bereit ist.<\/p>\n<p style=\"text-align: left;\"><b>Zeus <\/b>wird mit einem <strong>Einf\u00fchrungsbrief<\/strong> f\u00fcr Ihr Kind und einem wiederverwendbaren <strong>Baumwollbeutel<\/strong> geliefert, in dem Sie <strong>ihn<\/strong> gut pflegen und <strong>mit sich herumtragen<\/strong> k\u00f6nnen - Ihr Kind wird ihn lieben! <\/p>\n<p>&nbsp;<\/p>\n","protected":false},"featured_media":26003,"template":"","meta":{"_acf_changed":false,"_joinchat":[]},"product_brand":[],"product_cat":[6665,6211],"product_tag":[6199,6758,6718,6201,6203,6715,6716,6206,6719,6668,6210,6205,6757,6667,6202,6759],"class_list":{"0":"post-25973","1":"product","2":"type-product","3":"status-publish","4":"has-post-thumbnail","6":"product_cat-cushions","7":"product_cat-mini-amigurumis","8":"product_tag-baumwoll-teddybar","9":"product_tag-baumwollkissen","10":"product_tag-dekoration-kinderzimmer","11":"product_tag-hypoallergener-baumwoll-teddybar","12":"product_tag-kinderdekoration","13":"product_tag-kinderkissen-2","14":"product_tag-kissen-fur-das-kinderzimmer","15":"product_tag-kuscheliger-teddybar","16":"product_tag-lowenkissen","17":"product_tag-original-kissen","18":"product_tag-originelle-geschenke","19":"product_tag-teddy-dekorieren","20":"product_tag-teddy-drache","21":"product_tag-tierkissen","22":"product_tag-weicher-teddybar","23":"product_tag-weiches-kissen","24":"entry","26":"first","27":"instock","28":"taxable","29":"shipping-taxable","30":"purchasable","31":"product-type-simple"},"acf":[],"yoast_head":"<!-- This site is optimized with the Yoast SEO Premium plugin v26.1 (Yoast SEO v27.3) - https:\/\/yoast.com\/product\/yoast-seo-premium-wordpress\/ -->\n<title>100% hypoallergene Baumwolle kuscheliger Drache Kissen - Crochetts%<\/title>\n<meta name=\"description\" content=\"Entdecken Sie das kuschelige geh\u00e4kelte Drachenkissen: 100% nat\u00fcrliche Baumwolle, hypoallergen und sehr weich im Griff. Ideal als Geschenk oder zum Dekorieren.\" \/>\n<meta name=\"robots\" content=\"index, follow, max-snippet:-1, max-image-preview:large, max-video-preview:-1\" \/>\n<link rel=\"canonical\" href=\"https:\/\/crochetts.com\/de\/tienda\/kuscheltier-kissen-drache-zeus\/\" \/>\n<meta property=\"og:locale\" content=\"de_DE\" \/>\n<meta property=\"og:type\" content=\"article\" \/>\n<meta property=\"og:title\" content=\"KUSCHELTIER - KISSEN DRACHE ZEUS\" \/>\n<meta property=\"og:description\" content=\"Lassen Sie der Fantasie Ihrer Kleinen freien Lauf mit unserem Zeus Drachen Kuschelkissen aus 100% hypoallergener Baumwolle. Dieses lustige und farbenfrohe Kissen in Form eines sch\u00f6nen Drachens ist weich und f\u00fchlt sich angenehm an. Es wird \u00fcberall, wo Sie es hinlegen, f\u00fcr Farbe und Freude sorgen und eine zarte und gem\u00fctliche Atmosph\u00e4re schaffen. Ideal f\u00fcr Kinderzimmer, Spiel- und Leseecken.  Jeder Drache wird sorgf\u00e4ltig aus hochwertiger Bio-Baumwolle und hypoallergener F\u00fcllung hergestellt, um Komfort und Haltbarkeit zu gew\u00e4hrleisten. Die weiche Textur und die H\u00e4kelmaschen machen dieses Kuscheltier zu einem liebenswerten und langlebigen Begleiter. Au\u00dferdem ist unser Pl\u00fcsch pflegeleicht und kann in der Maschine im Schonwaschgang in kaltem Wasser gewaschen werden, so dass er immer makellos und zum Kuscheln bereit ist. Zeus wird mit einem Einf\u00fchrungsbrief f\u00fcr Ihr Kind und einem wiederverwendbaren Baumwollbeutel geliefert, in dem Sie ihn gut pflegen und mit sich herumtragen k\u00f6nnen - Ihr Kind wird ihn lieben! &nbsp;\" \/>\n<meta property=\"og:url\" content=\"https:\/\/crochetts.com\/de\/tienda\/kuscheltier-kissen-drache-zeus\/\" \/>\n<meta property=\"og:site_name\" content=\"Crochetts\" \/>\n<meta property=\"article:publisher\" content=\"https:\/\/www.facebook.com\/Crochetts-101964178013493\" \/>\n<meta property=\"article:modified_time\" content=\"2025-11-26T09:22:29+00:00\" \/>\n<meta property=\"og:image\" content=\"https:\/\/crochetts.com\/wp-content\/uploads\/2023\/01\/Diseno-sin-titulo-15-1.jpg\" \/>\n\t<meta property=\"og:image:width\" content=\"800\" \/>\n\t<meta property=\"og:image:height\" content=\"1198\" \/>\n\t<meta property=\"og:image:type\" content=\"image\/jpeg\" \/>\n<meta name=\"twitter:card\" content=\"summary_large_image\" \/>\n<meta name=\"twitter:label1\" content=\"Preis\" \/>\n\t<meta name=\"twitter:data1\" content=\"87,99&nbsp;&euro;\" \/>\n\t<meta name=\"twitter:label2\" content=\"Verf\u00fcgbarkeit\" \/>\n\t<meta name=\"twitter:data2\" content=\"Auf Lager\" \/>\n<script type=\"application\/ld+json\" class=\"yoast-schema-graph\">{\"@context\":\"https:\\\/\\\/schema.org\",\"@graph\":[{\"@type\":\"WebPage\",\"@id\":\"https:\\\/\\\/crochetts.com\\\/de\\\/tienda\\\/kuscheltier-kissen-drache-zeus\\\/\",\"url\":\"https:\\\/\\\/crochetts.com\\\/de\\\/tienda\\\/kuscheltier-kissen-drache-zeus\\\/\",\"name\":\"100% hypoallergene Baumwolle kuscheliger Drache Kissen - Crochetts%\",\"isPartOf\":{\"@id\":\"https:\\\/\\\/crochetts.com\\\/de\\\/#website\"},\"primaryImageOfPage\":{\"@id\":\"https:\\\/\\\/crochetts.com\\\/de\\\/tienda\\\/kuscheltier-kissen-drache-zeus\\\/#primaryimage\"},\"image\":{\"@id\":\"https:\\\/\\\/crochetts.com\\\/de\\\/tienda\\\/kuscheltier-kissen-drache-zeus\\\/#primaryimage\"},\"thumbnailUrl\":\"https:\\\/\\\/crochetts.com\\\/wp-content\\\/uploads\\\/2023\\\/01\\\/Diseno-sin-titulo-15-1.jpg\",\"datePublished\":\"2023-01-25T09:35:46+00:00\",\"dateModified\":\"2025-11-26T09:22:29+00:00\",\"description\":\"Entdecken Sie das kuschelige geh\u00e4kelte Drachenkissen: 100% nat\u00fcrliche Baumwolle, hypoallergen und sehr weich im Griff. Ideal als Geschenk oder zum Dekorieren.\",\"breadcrumb\":{\"@id\":\"https:\\\/\\\/crochetts.com\\\/de\\\/tienda\\\/kuscheltier-kissen-drache-zeus\\\/#breadcrumb\"},\"inLanguage\":\"de\",\"potentialAction\":[{\"@type\":\"ReadAction\",\"target\":[\"https:\\\/\\\/crochetts.com\\\/de\\\/tienda\\\/kuscheltier-kissen-drache-zeus\\\/\"]}]},{\"@type\":\"ImageObject\",\"inLanguage\":\"de\",\"@id\":\"https:\\\/\\\/crochetts.com\\\/de\\\/tienda\\\/kuscheltier-kissen-drache-zeus\\\/#primaryimage\",\"url\":\"https:\\\/\\\/crochetts.com\\\/wp-content\\\/uploads\\\/2023\\\/01\\\/Diseno-sin-titulo-15-1.jpg\",\"contentUrl\":\"https:\\\/\\\/crochetts.com\\\/wp-content\\\/uploads\\\/2023\\\/01\\\/Diseno-sin-titulo-15-1.jpg\",\"width\":800,\"height\":1198,\"caption\":\"Baumwollkissen kuscheliger Drache\"},{\"@type\":\"BreadcrumbList\",\"@id\":\"https:\\\/\\\/crochetts.com\\\/de\\\/tienda\\\/kuscheltier-kissen-drache-zeus\\\/#breadcrumb\",\"itemListElement\":[{\"@type\":\"ListItem\",\"position\":1,\"name\":\"Portada\",\"item\":\"https:\\\/\\\/crochetts.com\\\/de\\\/startseite\\\/\"},{\"@type\":\"ListItem\",\"position\":2,\"name\":\"Shop\",\"item\":\"https:\\\/\\\/crochetts.com\\\/de\\\/shop\\\/\"},{\"@type\":\"ListItem\",\"position\":3,\"name\":\"KUSCHELTIER &#8211; KISSEN DRACHE ZEUS\"}]},{\"@type\":\"WebSite\",\"@id\":\"https:\\\/\\\/crochetts.com\\\/de\\\/#website\",\"url\":\"https:\\\/\\\/crochetts.com\\\/de\\\/\",\"name\":\"Crochetts\",\"description\":\"ANIMALES DE CROCHET PARA JUGAR,DECORAR Y SO\u00d1AR\",\"publisher\":{\"@id\":\"https:\\\/\\\/crochetts.com\\\/de\\\/#organization\"},\"potentialAction\":[{\"@type\":\"SearchAction\",\"target\":{\"@type\":\"EntryPoint\",\"urlTemplate\":\"https:\\\/\\\/crochetts.com\\\/de\\\/?s={search_term_string}\"},\"query-input\":{\"@type\":\"PropertyValueSpecification\",\"valueRequired\":true,\"valueName\":\"search_term_string\"}}],\"inLanguage\":\"de\"},{\"@type\":\"Organization\",\"@id\":\"https:\\\/\\\/crochetts.com\\\/de\\\/#organization\",\"name\":\"H\u00e4keln\",\"url\":\"https:\\\/\\\/crochetts.com\\\/de\\\/\",\"logo\":{\"@type\":\"ImageObject\",\"inLanguage\":\"de\",\"@id\":\"https:\\\/\\\/crochetts.com\\\/de\\\/#\\\/schema\\\/logo\\\/image\\\/\",\"url\":\"https:\\\/\\\/i2.wp.com\\\/crochetts.com\\\/wp-content\\\/uploads\\\/2021\\\/01\\\/Logo-Crochetts.jpg?fit=300%2C137&ssl=1\",\"contentUrl\":\"https:\\\/\\\/i2.wp.com\\\/crochetts.com\\\/wp-content\\\/uploads\\\/2021\\\/01\\\/Logo-Crochetts.jpg?fit=300%2C137&ssl=1\",\"width\":300,\"height\":137,\"caption\":\"H\u00e4keln\"},\"image\":{\"@id\":\"https:\\\/\\\/crochetts.com\\\/de\\\/#\\\/schema\\\/logo\\\/image\\\/\"},\"sameAs\":[\"https:\\\/\\\/www.facebook.com\\\/Crochetts-101964178013493\",\"https:\\\/\\\/www.instagram.com\\\/crochetts_\\\/\"]}]}<\/script>\n<meta property=\"product:price:amount\" content=\"87.99\" \/>\n<meta property=\"product:price:currency\" content=\"EUR\" \/>\n<meta property=\"og:availability\" content=\"instock\" \/>\n<meta property=\"product:availability\" content=\"instock\" \/>\n<meta property=\"product:retailer_item_id\" content=\"210615-1\" \/>\n<meta property=\"product:condition\" content=\"new\" \/>\n<!-- \/ Yoast SEO Premium plugin. -->","yoast_head_json":{"title":"100% hypoallergene Baumwolle kuscheliger Drache Kissen - Crochetts%","description":"Entdecken Sie das kuschelige geh\u00e4kelte Drachenkissen: 100% nat\u00fcrliche Baumwolle, hypoallergen und sehr weich im Griff. Ideal als Geschenk oder zum Dekorieren.","robots":{"index":"index","follow":"follow","max-snippet":"max-snippet:-1","max-image-preview":"max-image-preview:large","max-video-preview":"max-video-preview:-1"},"canonical":"https:\/\/crochetts.com\/de\/tienda\/kuscheltier-kissen-drache-zeus\/","og_locale":"de_DE","og_type":"article","og_title":"KUSCHELTIER - KISSEN DRACHE ZEUS","og_description":"Lassen Sie der Fantasie Ihrer Kleinen freien Lauf mit unserem Zeus Drachen Kuschelkissen aus 100% hypoallergener Baumwolle. Dieses lustige und farbenfrohe Kissen in Form eines sch\u00f6nen Drachens ist weich und f\u00fchlt sich angenehm an. Es wird \u00fcberall, wo Sie es hinlegen, f\u00fcr Farbe und Freude sorgen und eine zarte und gem\u00fctliche Atmosph\u00e4re schaffen. Ideal f\u00fcr Kinderzimmer, Spiel- und Leseecken.  Jeder Drache wird sorgf\u00e4ltig aus hochwertiger Bio-Baumwolle und hypoallergener F\u00fcllung hergestellt, um Komfort und Haltbarkeit zu gew\u00e4hrleisten. Die weiche Textur und die H\u00e4kelmaschen machen dieses Kuscheltier zu einem liebenswerten und langlebigen Begleiter. Au\u00dferdem ist unser Pl\u00fcsch pflegeleicht und kann in der Maschine im Schonwaschgang in kaltem Wasser gewaschen werden, so dass er immer makellos und zum Kuscheln bereit ist. Zeus wird mit einem Einf\u00fchrungsbrief f\u00fcr Ihr Kind und einem wiederverwendbaren Baumwollbeutel geliefert, in dem Sie ihn gut pflegen und mit sich herumtragen k\u00f6nnen - Ihr Kind wird ihn lieben! &nbsp;","og_url":"https:\/\/crochetts.com\/de\/tienda\/kuscheltier-kissen-drache-zeus\/","og_site_name":"Crochetts","article_publisher":"https:\/\/www.facebook.com\/Crochetts-101964178013493","article_modified_time":"2025-11-26T09:22:29+00:00","og_image":[{"width":800,"height":1198,"url":"https:\/\/crochetts.com\/wp-content\/uploads\/2023\/01\/Diseno-sin-titulo-15-1.jpg","type":"image\/jpeg"}],"twitter_card":"summary_large_image","twitter_misc":{"Preis":"87,99&nbsp;&euro;","Verf\u00fcgbarkeit":"Auf Lager"},"schema":{"@context":"https:\/\/schema.org","@graph":[{"@type":"WebPage","@id":"https:\/\/crochetts.com\/de\/tienda\/kuscheltier-kissen-drache-zeus\/","url":"https:\/\/crochetts.com\/de\/tienda\/kuscheltier-kissen-drache-zeus\/","name":"100% hypoallergene Baumwolle kuscheliger Drache Kissen - Crochetts%","isPartOf":{"@id":"https:\/\/crochetts.com\/de\/#website"},"primaryImageOfPage":{"@id":"https:\/\/crochetts.com\/de\/tienda\/kuscheltier-kissen-drache-zeus\/#primaryimage"},"image":{"@id":"https:\/\/crochetts.com\/de\/tienda\/kuscheltier-kissen-drache-zeus\/#primaryimage"},"thumbnailUrl":"https:\/\/crochetts.com\/wp-content\/uploads\/2023\/01\/Diseno-sin-titulo-15-1.jpg","datePublished":"2023-01-25T09:35:46+00:00","dateModified":"2025-11-26T09:22:29+00:00","description":"Entdecken Sie das kuschelige geh\u00e4kelte Drachenkissen: 100% nat\u00fcrliche Baumwolle, hypoallergen und sehr weich im Griff. Ideal als Geschenk oder zum Dekorieren.","breadcrumb":{"@id":"https:\/\/crochetts.com\/de\/tienda\/kuscheltier-kissen-drache-zeus\/#breadcrumb"},"inLanguage":"de","potentialAction":[{"@type":"ReadAction","target":["https:\/\/crochetts.com\/de\/tienda\/kuscheltier-kissen-drache-zeus\/"]}]},{"@type":"ImageObject","inLanguage":"de","@id":"https:\/\/crochetts.com\/de\/tienda\/kuscheltier-kissen-drache-zeus\/#primaryimage","url":"https:\/\/crochetts.com\/wp-content\/uploads\/2023\/01\/Diseno-sin-titulo-15-1.jpg","contentUrl":"https:\/\/crochetts.com\/wp-content\/uploads\/2023\/01\/Diseno-sin-titulo-15-1.jpg","width":800,"height":1198,"caption":"Baumwollkissen kuscheliger Drache"},{"@type":"BreadcrumbList","@id":"https:\/\/crochetts.com\/de\/tienda\/kuscheltier-kissen-drache-zeus\/#breadcrumb","itemListElement":[{"@type":"ListItem","position":1,"name":"Portada","item":"https:\/\/crochetts.com\/de\/startseite\/"},{"@type":"ListItem","position":2,"name":"Shop","item":"https:\/\/crochetts.com\/de\/shop\/"},{"@type":"ListItem","position":3,"name":"KUSCHELTIER &#8211; KISSEN DRACHE ZEUS"}]},{"@type":"WebSite","@id":"https:\/\/crochetts.com\/de\/#website","url":"https:\/\/crochetts.com\/de\/","name":"Crochetts","description":"ANIMALES DE CROCHET PARA JUGAR,DECORAR Y SO\u00d1AR","publisher":{"@id":"https:\/\/crochetts.com\/de\/#organization"},"potentialAction":[{"@type":"SearchAction","target":{"@type":"EntryPoint","urlTemplate":"https:\/\/crochetts.com\/de\/?s={search_term_string}"},"query-input":{"@type":"PropertyValueSpecification","valueRequired":true,"valueName":"search_term_string"}}],"inLanguage":"de"},{"@type":"Organization","@id":"https:\/\/crochetts.com\/de\/#organization","name":"H\u00e4keln","url":"https:\/\/crochetts.com\/de\/","logo":{"@type":"ImageObject","inLanguage":"de","@id":"https:\/\/crochetts.com\/de\/#\/schema\/logo\/image\/","url":"https:\/\/i2.wp.com\/crochetts.com\/wp-content\/uploads\/2021\/01\/Logo-Crochetts.jpg?fit=300%2C137&ssl=1","contentUrl":"https:\/\/i2.wp.com\/crochetts.com\/wp-content\/uploads\/2021\/01\/Logo-Crochetts.jpg?fit=300%2C137&ssl=1","width":300,"height":137,"caption":"H\u00e4keln"},"image":{"@id":"https:\/\/crochetts.com\/de\/#\/schema\/logo\/image\/"},"sameAs":["https:\/\/www.facebook.com\/Crochetts-101964178013493","https:\/\/www.instagram.com\/crochetts_\/"]}]},"product_price_amount":"87.99","product_price_currency":"EUR","og_availability":"instock","product_availability":"instock","product_retailer_item_id":"210615-1","product_condition":"new"},"_links":{"self":[{"href":"https:\/\/crochetts.com\/de\/wp-json\/wp\/v2\/product\/25973","targetHints":{"allow":["GET"]}}],"collection":[{"href":"https:\/\/crochetts.com\/de\/wp-json\/wp\/v2\/product"}],"about":[{"href":"https:\/\/crochetts.com\/de\/wp-json\/wp\/v2\/types\/product"}],"wp:featuredmedia":[{"embeddable":true,"href":"https:\/\/crochetts.com\/de\/wp-json\/wp\/v2\/media\/26003"}],"wp:attachment":[{"href":"https:\/\/crochetts.com\/de\/wp-json\/wp\/v2\/media?parent=25973"}],"wp:term":[{"taxonomy":"product_brand","embeddable":true,"href":"https:\/\/crochetts.com\/de\/wp-json\/wp\/v2\/product_brand?post=25973"},{"taxonomy":"product_cat","embeddable":true,"href":"https:\/\/crochetts.com\/de\/wp-json\/wp\/v2\/product_cat?post=25973"},{"taxonomy":"product_tag","embeddable":true,"href":"https:\/\/crochetts.com\/de\/wp-json\/wp\/v2\/product_tag?post=25973"}],"curies":[{"name":"wp","href":"https:\/\/api.w.org\/{rel}","templated":true}]}}