{"id":25936,"date":"2022-09-30T10:16:45","date_gmt":"2022-09-30T10:16:45","guid":{"rendered":"https:\/\/crochetts.com\/tienda\/simba-kissen\/"},"modified":"2022-09-30T10:16:45","modified_gmt":"2022-09-30T09:16:45","slug":"simba-kissen","status":"publish","type":"product","link":"https:\/\/crochetts.com\/de\/tienda\/simba-kissen\/","title":{"rendered":"SIMBA KISSEN"},"content":{"rendered":"<div style=\"text-align: justify;\">\n<p>Mit unserer <strong>Kollektion von Kinderkissen<\/strong> in Form von<strong> Tieren<\/strong>, die nicht nur <strong>weich<\/strong> und <strong>kuschelig<\/strong> sind, sondern sich auch <strong>warm<\/strong> anf\u00fchlen, wird Ihr Kleines von klein auf Tiere lieben und zu seinem neuen <strong>Spiel- und Schlafbegleiter<\/strong> werden. Unsere Kissen sind immer <strong>fr\u00f6hlich<\/strong> und lustig und inspirieren zum Spielen und Spa\u00df haben und sind gleichzeitig ein <strong>Dekorationsobjekt<\/strong>. <\/p>\n<p>Die Verwendung von Kinderkissen ist eine <strong>interessante<\/strong> M\u00f6glichkeit, dem <strong>Kinderzimmer<\/strong> einen Hauch von Z\u00e4rtlichkeit und <strong>Farbe<\/strong> <strong>zu verleihen<\/strong> und Ihr Kind zum Tr\u00e4umen und Spielen zu inspirieren.<\/p>\n<\/div>\n<p>Eine Kollektion von Kissen, aus der Sie aus <strong>verschiedenen Modellen<\/strong> w\u00e4hlen k\u00f6nnen.<\/p>\n","protected":false},"excerpt":{"rendered":"<p>Lassen Sie der Fantasie Ihrer Kleinen freien Lauf mit unserem <strong>Simba Kissen<\/strong> aus 100% <strong>hypoallergener<\/strong> Baumwolle. Dieses lustige und farbenfrohe Kissen <g id=\"gid_2\">in Form eines L\u00f6wen<\/g> ist weich und <g id=\"gid_3\">f\u00fchlt sich angenehm an<\/g>. Es wird \u00fcberall, wo Sie es hinlegen, f\u00fcr Farbe und Freude sorgen und eine <g id=\"gid_4\">zarte und gem\u00fctliche Atmosph\u00e4re<\/g> schaffen. Simba wird der beste <g id=\"gid_6\">Spielkamerad<\/g> Ihres Kindes werden und kann Ihren Kleinen sogar ins <g id=\"gid_7\">Bett<\/g> begleiten. Ideal f\u00fcr das Kinderzimmer oder den Spielbereich.   <\/p>\n","protected":false},"featured_media":25953,"template":"","meta":{"_acf_changed":false,"_joinchat":[]},"product_brand":[],"product_cat":[6665],"product_tag":[6718,6203,6715,6716,6719,6668,6667],"class_list":{"0":"post-25936","1":"product","2":"type-product","3":"status-publish","4":"has-post-thumbnail","6":"product_cat-cushions","7":"product_tag-dekoration-kinderzimmer","8":"product_tag-kinderdekoration","9":"product_tag-kinderkissen-2","10":"product_tag-kissen-fur-das-kinderzimmer","11":"product_tag-lowenkissen","12":"product_tag-original-kissen","13":"product_tag-tierkissen","14":"entry","16":"first","17":"instock","18":"taxable","19":"shipping-taxable","20":"purchasable","21":"product-type-simple"},"acf":[],"yoast_head":"<!-- This site is optimized with the Yoast SEO Premium plugin v26.1 (Yoast SEO v27.3) - https:\/\/yoast.com\/product\/yoast-seo-premium-wordpress\/ -->\n<title>BABY - %<\/title>\n<meta name=\"description\" content=\"Mit unserer Kollektion von Kinderkissen in Form von Tieren, die nicht nur weich und kuschelig sind, sondern sich auch warm anf\u00fchlen, wird Ihr Kleines von klein auf Tiere lieben und zu seinem neuen Spiel- und Schlafbegleiter werden. Unsere Kissen sind immer fr\u00f6hlich und lustig und inspirieren zum Spielen und Spa\u00df haben und sind gleichzeitig ein Dekorationsobjekt.\" \/>\n<meta name=\"robots\" content=\"index, follow, max-snippet:-1, max-image-preview:large, max-video-preview:-1\" \/>\n<link rel=\"canonical\" href=\"https:\/\/crochetts.com\/de\/tienda\/simba-kissen\/\" \/>\n<meta property=\"og:locale\" content=\"de_DE\" \/>\n<meta property=\"og:type\" content=\"article\" \/>\n<meta property=\"og:title\" content=\"SIMBA KISSEN\" \/>\n<meta property=\"og:description\" content=\"Lassen Sie der Fantasie Ihrer Kleinen freien Lauf mit unserem Simba Kissen aus 100% hypoallergener Baumwolle. Dieses lustige und farbenfrohe Kissen in Form eines L\u00f6wen ist weich und f\u00fchlt sich angenehm an. Es wird \u00fcberall, wo Sie es hinlegen, f\u00fcr Farbe und Freude sorgen und eine zarte und gem\u00fctliche Atmosph\u00e4re schaffen. Simba wird der beste Spielkamerad Ihres Kindes werden und kann Ihren Kleinen sogar ins Bett begleiten. Ideal f\u00fcr das Kinderzimmer oder den Spielbereich.\" \/>\n<meta property=\"og:url\" content=\"https:\/\/crochetts.com\/de\/tienda\/simba-kissen\/\" \/>\n<meta property=\"og:site_name\" content=\"Crochetts\" \/>\n<meta property=\"article:publisher\" content=\"https:\/\/www.facebook.com\/Crochetts-101964178013493\" \/>\n<meta property=\"og:image\" content=\"https:\/\/crochetts.com\/wp-content\/uploads\/2022\/09\/LT-1927C-32.jpg\" \/>\n\t<meta property=\"og:image:width\" content=\"801\" \/>\n\t<meta property=\"og:image:height\" content=\"1200\" \/>\n\t<meta property=\"og:image:type\" content=\"image\/jpeg\" \/>\n<meta name=\"twitter:card\" content=\"summary_large_image\" \/>\n<meta name=\"twitter:label1\" content=\"Preis\" \/>\n\t<meta name=\"twitter:data1\" content=\"50,00&nbsp;&euro;\" \/>\n\t<meta name=\"twitter:label2\" content=\"Verf\u00fcgbarkeit\" \/>\n\t<meta name=\"twitter:data2\" content=\"Auf Lager\" \/>\n<script type=\"application\/ld+json\" class=\"yoast-schema-graph\">{\"@context\":\"https:\\\/\\\/schema.org\",\"@graph\":[{\"@type\":\"WebPage\",\"@id\":\"https:\\\/\\\/crochetts.com\\\/de\\\/tienda\\\/simba-kissen\\\/\",\"url\":\"https:\\\/\\\/crochetts.com\\\/de\\\/tienda\\\/simba-kissen\\\/\",\"name\":\"BABY - %\",\"isPartOf\":{\"@id\":\"https:\\\/\\\/crochetts.com\\\/de\\\/#website\"},\"primaryImageOfPage\":{\"@id\":\"https:\\\/\\\/crochetts.com\\\/de\\\/tienda\\\/simba-kissen\\\/#primaryimage\"},\"image\":{\"@id\":\"https:\\\/\\\/crochetts.com\\\/de\\\/tienda\\\/simba-kissen\\\/#primaryimage\"},\"thumbnailUrl\":\"https:\\\/\\\/crochetts.com\\\/wp-content\\\/uploads\\\/2022\\\/09\\\/LT-1927C-32.jpg\",\"datePublished\":\"2022-09-30T10:16:45+00:00\",\"description\":\"Mit unserer Kollektion von Kinderkissen in Form von Tieren, die nicht nur weich und kuschelig sind, sondern sich auch warm anf\u00fchlen, wird Ihr Kleines von klein auf Tiere lieben und zu seinem neuen Spiel- und Schlafbegleiter werden. Unsere Kissen sind immer fr\u00f6hlich und lustig und inspirieren zum Spielen und Spa\u00df haben und sind gleichzeitig ein Dekorationsobjekt.\",\"breadcrumb\":{\"@id\":\"https:\\\/\\\/crochetts.com\\\/de\\\/tienda\\\/simba-kissen\\\/#breadcrumb\"},\"inLanguage\":\"de\",\"potentialAction\":[{\"@type\":\"ReadAction\",\"target\":[\"https:\\\/\\\/crochetts.com\\\/de\\\/tienda\\\/simba-kissen\\\/\"]}]},{\"@type\":\"ImageObject\",\"inLanguage\":\"de\",\"@id\":\"https:\\\/\\\/crochetts.com\\\/de\\\/tienda\\\/simba-kissen\\\/#primaryimage\",\"url\":\"https:\\\/\\\/crochetts.com\\\/wp-content\\\/uploads\\\/2022\\\/09\\\/LT-1927C-32.jpg\",\"contentUrl\":\"https:\\\/\\\/crochetts.com\\\/wp-content\\\/uploads\\\/2022\\\/09\\\/LT-1927C-32.jpg\",\"width\":801,\"height\":1200,\"caption\":\"Kissen h\u00e4keln\"},{\"@type\":\"BreadcrumbList\",\"@id\":\"https:\\\/\\\/crochetts.com\\\/de\\\/tienda\\\/simba-kissen\\\/#breadcrumb\",\"itemListElement\":[{\"@type\":\"ListItem\",\"position\":1,\"name\":\"Portada\",\"item\":\"https:\\\/\\\/crochetts.com\\\/de\\\/startseite\\\/\"},{\"@type\":\"ListItem\",\"position\":2,\"name\":\"Shop\",\"item\":\"https:\\\/\\\/crochetts.com\\\/de\\\/shop\\\/\"},{\"@type\":\"ListItem\",\"position\":3,\"name\":\"SIMBA KISSEN\"}]},{\"@type\":\"WebSite\",\"@id\":\"https:\\\/\\\/crochetts.com\\\/de\\\/#website\",\"url\":\"https:\\\/\\\/crochetts.com\\\/de\\\/\",\"name\":\"Crochetts\",\"description\":\"ANIMALES DE CROCHET PARA JUGAR,DECORAR Y SO\u00d1AR\",\"publisher\":{\"@id\":\"https:\\\/\\\/crochetts.com\\\/de\\\/#organization\"},\"potentialAction\":[{\"@type\":\"SearchAction\",\"target\":{\"@type\":\"EntryPoint\",\"urlTemplate\":\"https:\\\/\\\/crochetts.com\\\/de\\\/?s={search_term_string}\"},\"query-input\":{\"@type\":\"PropertyValueSpecification\",\"valueRequired\":true,\"valueName\":\"search_term_string\"}}],\"inLanguage\":\"de\"},{\"@type\":\"Organization\",\"@id\":\"https:\\\/\\\/crochetts.com\\\/de\\\/#organization\",\"name\":\"H\u00e4keln\",\"url\":\"https:\\\/\\\/crochetts.com\\\/de\\\/\",\"logo\":{\"@type\":\"ImageObject\",\"inLanguage\":\"de\",\"@id\":\"https:\\\/\\\/crochetts.com\\\/de\\\/#\\\/schema\\\/logo\\\/image\\\/\",\"url\":\"https:\\\/\\\/i2.wp.com\\\/crochetts.com\\\/wp-content\\\/uploads\\\/2021\\\/01\\\/Logo-Crochetts.jpg?fit=300%2C137&ssl=1\",\"contentUrl\":\"https:\\\/\\\/i2.wp.com\\\/crochetts.com\\\/wp-content\\\/uploads\\\/2021\\\/01\\\/Logo-Crochetts.jpg?fit=300%2C137&ssl=1\",\"width\":300,\"height\":137,\"caption\":\"H\u00e4keln\"},\"image\":{\"@id\":\"https:\\\/\\\/crochetts.com\\\/de\\\/#\\\/schema\\\/logo\\\/image\\\/\"},\"sameAs\":[\"https:\\\/\\\/www.facebook.com\\\/Crochetts-101964178013493\",\"https:\\\/\\\/www.instagram.com\\\/crochetts_\\\/\"]}]}<\/script>\n<meta property=\"product:price:amount\" content=\"50.00\" \/>\n<meta property=\"product:price:currency\" content=\"EUR\" \/>\n<meta property=\"og:availability\" content=\"instock\" \/>\n<meta property=\"product:availability\" content=\"instock\" \/>\n<meta property=\"product:retailer_item_id\" content=\"LT-1927C\" \/>\n<meta property=\"product:condition\" content=\"new\" \/>\n<!-- \/ Yoast SEO Premium plugin. -->","yoast_head_json":{"title":"BABY - %","description":"Mit unserer Kollektion von Kinderkissen in Form von Tieren, die nicht nur weich und kuschelig sind, sondern sich auch warm anf\u00fchlen, wird Ihr Kleines von klein auf Tiere lieben und zu seinem neuen Spiel- und Schlafbegleiter werden. Unsere Kissen sind immer fr\u00f6hlich und lustig und inspirieren zum Spielen und Spa\u00df haben und sind gleichzeitig ein Dekorationsobjekt.","robots":{"index":"index","follow":"follow","max-snippet":"max-snippet:-1","max-image-preview":"max-image-preview:large","max-video-preview":"max-video-preview:-1"},"canonical":"https:\/\/crochetts.com\/de\/tienda\/simba-kissen\/","og_locale":"de_DE","og_type":"article","og_title":"SIMBA KISSEN","og_description":"Lassen Sie der Fantasie Ihrer Kleinen freien Lauf mit unserem Simba Kissen aus 100% hypoallergener Baumwolle. Dieses lustige und farbenfrohe Kissen in Form eines L\u00f6wen ist weich und f\u00fchlt sich angenehm an. Es wird \u00fcberall, wo Sie es hinlegen, f\u00fcr Farbe und Freude sorgen und eine zarte und gem\u00fctliche Atmosph\u00e4re schaffen. Simba wird der beste Spielkamerad Ihres Kindes werden und kann Ihren Kleinen sogar ins Bett begleiten. Ideal f\u00fcr das Kinderzimmer oder den Spielbereich.","og_url":"https:\/\/crochetts.com\/de\/tienda\/simba-kissen\/","og_site_name":"Crochetts","article_publisher":"https:\/\/www.facebook.com\/Crochetts-101964178013493","og_image":[{"width":801,"height":1200,"url":"https:\/\/crochetts.com\/wp-content\/uploads\/2022\/09\/LT-1927C-32.jpg","type":"image\/jpeg"}],"twitter_card":"summary_large_image","twitter_misc":{"Preis":"50,00&nbsp;&euro;","Verf\u00fcgbarkeit":"Auf Lager"},"schema":{"@context":"https:\/\/schema.org","@graph":[{"@type":"WebPage","@id":"https:\/\/crochetts.com\/de\/tienda\/simba-kissen\/","url":"https:\/\/crochetts.com\/de\/tienda\/simba-kissen\/","name":"BABY - %","isPartOf":{"@id":"https:\/\/crochetts.com\/de\/#website"},"primaryImageOfPage":{"@id":"https:\/\/crochetts.com\/de\/tienda\/simba-kissen\/#primaryimage"},"image":{"@id":"https:\/\/crochetts.com\/de\/tienda\/simba-kissen\/#primaryimage"},"thumbnailUrl":"https:\/\/crochetts.com\/wp-content\/uploads\/2022\/09\/LT-1927C-32.jpg","datePublished":"2022-09-30T10:16:45+00:00","description":"Mit unserer Kollektion von Kinderkissen in Form von Tieren, die nicht nur weich und kuschelig sind, sondern sich auch warm anf\u00fchlen, wird Ihr Kleines von klein auf Tiere lieben und zu seinem neuen Spiel- und Schlafbegleiter werden. Unsere Kissen sind immer fr\u00f6hlich und lustig und inspirieren zum Spielen und Spa\u00df haben und sind gleichzeitig ein Dekorationsobjekt.","breadcrumb":{"@id":"https:\/\/crochetts.com\/de\/tienda\/simba-kissen\/#breadcrumb"},"inLanguage":"de","potentialAction":[{"@type":"ReadAction","target":["https:\/\/crochetts.com\/de\/tienda\/simba-kissen\/"]}]},{"@type":"ImageObject","inLanguage":"de","@id":"https:\/\/crochetts.com\/de\/tienda\/simba-kissen\/#primaryimage","url":"https:\/\/crochetts.com\/wp-content\/uploads\/2022\/09\/LT-1927C-32.jpg","contentUrl":"https:\/\/crochetts.com\/wp-content\/uploads\/2022\/09\/LT-1927C-32.jpg","width":801,"height":1200,"caption":"Kissen h\u00e4keln"},{"@type":"BreadcrumbList","@id":"https:\/\/crochetts.com\/de\/tienda\/simba-kissen\/#breadcrumb","itemListElement":[{"@type":"ListItem","position":1,"name":"Portada","item":"https:\/\/crochetts.com\/de\/startseite\/"},{"@type":"ListItem","position":2,"name":"Shop","item":"https:\/\/crochetts.com\/de\/shop\/"},{"@type":"ListItem","position":3,"name":"SIMBA KISSEN"}]},{"@type":"WebSite","@id":"https:\/\/crochetts.com\/de\/#website","url":"https:\/\/crochetts.com\/de\/","name":"Crochetts","description":"ANIMALES DE CROCHET PARA JUGAR,DECORAR Y SO\u00d1AR","publisher":{"@id":"https:\/\/crochetts.com\/de\/#organization"},"potentialAction":[{"@type":"SearchAction","target":{"@type":"EntryPoint","urlTemplate":"https:\/\/crochetts.com\/de\/?s={search_term_string}"},"query-input":{"@type":"PropertyValueSpecification","valueRequired":true,"valueName":"search_term_string"}}],"inLanguage":"de"},{"@type":"Organization","@id":"https:\/\/crochetts.com\/de\/#organization","name":"H\u00e4keln","url":"https:\/\/crochetts.com\/de\/","logo":{"@type":"ImageObject","inLanguage":"de","@id":"https:\/\/crochetts.com\/de\/#\/schema\/logo\/image\/","url":"https:\/\/i2.wp.com\/crochetts.com\/wp-content\/uploads\/2021\/01\/Logo-Crochetts.jpg?fit=300%2C137&ssl=1","contentUrl":"https:\/\/i2.wp.com\/crochetts.com\/wp-content\/uploads\/2021\/01\/Logo-Crochetts.jpg?fit=300%2C137&ssl=1","width":300,"height":137,"caption":"H\u00e4keln"},"image":{"@id":"https:\/\/crochetts.com\/de\/#\/schema\/logo\/image\/"},"sameAs":["https:\/\/www.facebook.com\/Crochetts-101964178013493","https:\/\/www.instagram.com\/crochetts_\/"]}]},"product_price_amount":"50.00","product_price_currency":"EUR","og_availability":"instock","product_availability":"instock","product_retailer_item_id":"LT-1927C","product_condition":"new"},"_links":{"self":[{"href":"https:\/\/crochetts.com\/de\/wp-json\/wp\/v2\/product\/25936","targetHints":{"allow":["GET"]}}],"collection":[{"href":"https:\/\/crochetts.com\/de\/wp-json\/wp\/v2\/product"}],"about":[{"href":"https:\/\/crochetts.com\/de\/wp-json\/wp\/v2\/types\/product"}],"wp:featuredmedia":[{"embeddable":true,"href":"https:\/\/crochetts.com\/de\/wp-json\/wp\/v2\/media\/25953"}],"wp:attachment":[{"href":"https:\/\/crochetts.com\/de\/wp-json\/wp\/v2\/media?parent=25936"}],"wp:term":[{"taxonomy":"product_brand","embeddable":true,"href":"https:\/\/crochetts.com\/de\/wp-json\/wp\/v2\/product_brand?post=25936"},{"taxonomy":"product_cat","embeddable":true,"href":"https:\/\/crochetts.com\/de\/wp-json\/wp\/v2\/product_cat?post=25936"},{"taxonomy":"product_tag","embeddable":true,"href":"https:\/\/crochetts.com\/de\/wp-json\/wp\/v2\/product_tag?post=25936"}],"curies":[{"name":"wp","href":"https:\/\/api.w.org\/{rel}","templated":true}]}}