{"id":25911,"date":"2022-10-19T10:50:12","date_gmt":"2022-10-19T09:50:12","guid":{"rendered":"https:\/\/crochetts.com\/tienda\/tuerkisfarbene-meerjungfrauen-decke-60140cm\/"},"modified":"2022-10-19T10:50:12","modified_gmt":"2022-10-19T09:50:12","slug":"tuerkisfarbene-meerjungfrauen-decke-60140cm","status":"publish","type":"product","link":"https:\/\/crochetts.com\/de\/tienda\/tuerkisfarbene-meerjungfrauen-decke-60140cm\/","title":{"rendered":"T\u00dcRKISFARBENE MEERJUNGFRAUEN-DECKE - 60*140CM"},"content":{"rendered":"<div style=\"text-align: justify;\">\n<p>Unsere <strong>Decken-Kollektion<\/strong> hat ein vertr\u00e4umtes Design, <strong>Meerjungfrauenschwanz-Decken<\/strong> mit <strong>Schuppen<\/strong> in <strong>verschiedenen Farben<\/strong> zur Auswahl.<\/p>\n<\/div>\n<p>Die Meerjungfrauendecke ist die einzige M\u00f6glichkeit, es sich zu <strong>Hause<\/strong> gem\u00fctlich zu machen und trotzdem stilvoll auszusehen,   <strong>W\u00e4hlen Sie die Farbe, die am besten zu Ihnen passt!<\/strong><\/p>\n<p>Werden Sie in Ihren <strong>s\u00fc\u00dfesten<\/strong> <strong>Tr\u00e4umen<\/strong> zur Meerjungfrau mit dieser warmen und kuscheligen Einschlafdecke, die den Schlaf eines jeden kleinen M\u00e4dchens befriedigt.<\/p>\n<p>Es ist die <strong>perfekte <\/strong>Wahl f\u00fcr das <strong>perfekte <\/strong> <strong>Geburtstagsgeschenk <\/strong>oder um eine <strong>Pyjamaparty<\/strong> mit Freunden zu organisieren.<\/p>\n<p>&nbsp;<\/p>\n<p>&nbsp;<\/p>\n","protected":false},"excerpt":{"rendered":"<p>Verwandeln Sie jeden Moment in einen magischen Moment mit der <strong>T\u00fcrkisfarbenen Meerjungfrauenschwanz-Decke<\/strong> von <strong>Crochetts<\/strong>, einem vom Meer inspirierten Design, das <strong>Weichheit<\/strong>, Leichtigkeit und <strong>Launenhaftigkeit<\/strong> vereint.<\/p>\n<p>Diese Wickeldecke aus sehr weichem <strong>Strickstoff<\/strong> ist ideal, um F\u00fc\u00dfe und Beine beim <strong>Lesen<\/strong>, <strong>Spielen<\/strong> oder Entspannen zu Hause <strong>warm<\/strong> und gem\u00fctlich zu halten.<\/p>\n<p>Der wundersch\u00f6ne <strong>t\u00fcrkise Farbton<\/strong> dieser Decke schafft eine magische Atmosph\u00e4re, in der sich Ihre Tochter in eine echte kleine Meerjungfrau verwandelt.<\/p>\n<p>Es ist perfekt f\u00fcr den t\u00e4glichen Gebrauch zu Hause oder auf Reisen.<\/p>\n<p>Das originelle <strong>t\u00fcrkisfarbene Flockenmuster<\/strong> verleiht dem Kinderzimmer einen einzigartigen und charmanten dekorativen Touch, w\u00e4hrend der atmungsaktive und warme Stoff ein angenehmes Gef\u00fchl vermittelt, das perfekt f\u00fcr den t\u00e4glichen Gebrauch ist.<\/p>\n<p>Er verf\u00fcgt \u00fcber eine <strong>\u00d6ffnung an der R\u00fcckseite f\u00fcr einen einfachen Ein- und Ausstieg<\/strong>, ideal zum bequemen Kuscheln auf dem Sofa.<\/p>\n<p>Mit den Ma\u00dfen <strong>70 \u00d7 140 cm<\/strong> <strong>liegt<\/strong> es bequem <strong>am K\u00f6rper an, ohne die Bewegungsfreiheit einzuschr\u00e4nken.<\/strong><\/p>\n<p>Es ist au\u00dferdem <strong>leicht zu waschen<\/strong>, sowohl mit der Hand als auch <strong>in der Maschine<\/strong>. Die Farbe und die weiche Textur bleiben nach jeder W\u00e4sche erhalten.<\/p>\n<p>Eine <strong>einzigartige<\/strong> und <strong>bezaubernde<\/strong> <strong>Decke<\/strong>, ein <strong>perfektes Geschenk f\u00fcr<\/strong> Kinder, die das Meer lieben und ihren Traum, <strong>eine Meerjungfrau zu sein<\/strong>, wahr werden lassen <strong>!<\/strong><\/p>\n","protected":false},"featured_media":25918,"template":"","meta":{"_acf_changed":false,"_joinchat":[]},"product_brand":[],"product_cat":[6250],"product_tag":[6686,6685,6717,6720,6684],"class_list":{"0":"post-25911","1":"product","2":"type-product","3":"status-publish","4":"has-post-thumbnail","6":"product_cat-decken-und-handtucher","7":"product_tag-kinderbettdecke","8":"product_tag-madchen-decke","9":"product_tag-meerjungfrau-decke","10":"product_tag-sirana-schwanz-decke","11":"product_tag-sofadecke","12":"entry","14":"first","15":"instock","16":"taxable","17":"shipping-taxable","18":"purchasable","19":"product-type-simple"},"acf":[],"yoast_head":"<!-- This site is optimized with the Yoast SEO Premium plugin v26.1 (Yoast SEO v27.3) - https:\/\/yoast.com\/product\/yoast-seo-premium-wordpress\/ -->\n<title>T\u00dcRKISFARBENE MEERJUNGFRAUEN-DECKE - 60*140CM - Crochetts<\/title>\n<meta name=\"description\" content=\"Entdecken Sie die Kollektion der Meerjungfrauendecken in Form eines Meerjungfrauenschwanzes mit Schuppen in verschiedenen Farben zur Auswahl. Ideal als Geschenk, um den Traum, eine Meerjungfrau zu sein, wahr werden zu lassen!\" \/>\n<meta name=\"robots\" content=\"index, follow, max-snippet:-1, max-image-preview:large, max-video-preview:-1\" \/>\n<link rel=\"canonical\" href=\"https:\/\/crochetts.com\/de\/tienda\/tuerkisfarbene-meerjungfrauen-decke-60140cm\/\" \/>\n<meta property=\"og:locale\" content=\"de_DE\" \/>\n<meta property=\"og:type\" content=\"article\" \/>\n<meta property=\"og:title\" content=\"T\u00dcRKISFARBENE MEERJUNGFRAUEN-DECKE - 60*140CM\" \/>\n<meta property=\"og:description\" content=\"Verwandeln Sie jeden Moment in einen magischen Moment mit der T\u00fcrkisfarbenen Meerjungfrauenschwanz-Decke von Crochetts, einem vom Meer inspirierten Design, das Weichheit, Leichtigkeit und Launenhaftigkeit vereint. Diese Wickeldecke aus sehr weichem Strickstoff ist ideal, um F\u00fc\u00dfe und Beine beim Lesen, Spielen oder Entspannen zu Hause warm und gem\u00fctlich zu halten. Der wundersch\u00f6ne t\u00fcrkise Farbton dieser Decke schafft eine magische Atmosph\u00e4re, in der sich Ihre Tochter in eine echte kleine Meerjungfrau verwandelt. Es ist perfekt f\u00fcr den t\u00e4glichen Gebrauch zu Hause oder auf Reisen. Das originelle t\u00fcrkisfarbene Flockenmuster verleiht dem Kinderzimmer einen einzigartigen und charmanten dekorativen Touch, w\u00e4hrend der atmungsaktive und warme Stoff ein angenehmes Gef\u00fchl vermittelt, das perfekt f\u00fcr den t\u00e4glichen Gebrauch ist. Er verf\u00fcgt \u00fcber eine \u00d6ffnung an der R\u00fcckseite f\u00fcr einen einfachen Ein- und Ausstieg, ideal zum bequemen Kuscheln auf dem Sofa. Mit den Ma\u00dfen 70 \u00d7 140 cm liegt es bequem am K\u00f6rper an, ohne die Bewegungsfreiheit einzuschr\u00e4nken. Es ist au\u00dferdem leicht zu waschen, sowohl mit der Hand als auch in der Maschine. Die Farbe und die weiche Textur bleiben nach jeder W\u00e4sche erhalten. Eine einzigartige und bezaubernde Decke, ein perfektes Geschenk f\u00fcr Kinder, die das Meer lieben und ihren Traum, eine Meerjungfrau zu sein, wahr werden lassen !\" \/>\n<meta property=\"og:url\" content=\"https:\/\/crochetts.com\/de\/tienda\/tuerkisfarbene-meerjungfrauen-decke-60140cm\/\" \/>\n<meta property=\"og:site_name\" content=\"Crochetts\" \/>\n<meta property=\"article:publisher\" content=\"https:\/\/www.facebook.com\/Crochetts-101964178013493\" \/>\n<meta property=\"og:image\" content=\"https:\/\/crochetts.com\/wp-content\/uploads\/2022\/10\/BK2106-TM-9.jpg\" \/>\n\t<meta property=\"og:image:width\" content=\"534\" \/>\n\t<meta property=\"og:image:height\" content=\"800\" \/>\n\t<meta property=\"og:image:type\" content=\"image\/jpeg\" \/>\n<meta name=\"twitter:card\" content=\"summary_large_image\" \/>\n<meta name=\"twitter:label1\" content=\"Preis\" \/>\n\t<meta name=\"twitter:data1\" content=\"50,00&nbsp;&euro;\" \/>\n\t<meta name=\"twitter:label2\" content=\"Verf\u00fcgbarkeit\" \/>\n\t<meta name=\"twitter:data2\" content=\"Auf Lager\" \/>\n<script type=\"application\/ld+json\" class=\"yoast-schema-graph\">{\"@context\":\"https:\\\/\\\/schema.org\",\"@graph\":[{\"@type\":\"WebPage\",\"@id\":\"https:\\\/\\\/crochetts.com\\\/de\\\/tienda\\\/tuerkisfarbene-meerjungfrauen-decke-60140cm\\\/\",\"url\":\"https:\\\/\\\/crochetts.com\\\/de\\\/tienda\\\/tuerkisfarbene-meerjungfrauen-decke-60140cm\\\/\",\"name\":\"T\u00dcRKISFARBENE MEERJUNGFRAUEN-DECKE - 60*140CM - Crochetts\",\"isPartOf\":{\"@id\":\"https:\\\/\\\/crochetts.com\\\/de\\\/#website\"},\"primaryImageOfPage\":{\"@id\":\"https:\\\/\\\/crochetts.com\\\/de\\\/tienda\\\/tuerkisfarbene-meerjungfrauen-decke-60140cm\\\/#primaryimage\"},\"image\":{\"@id\":\"https:\\\/\\\/crochetts.com\\\/de\\\/tienda\\\/tuerkisfarbene-meerjungfrauen-decke-60140cm\\\/#primaryimage\"},\"thumbnailUrl\":\"https:\\\/\\\/crochetts.com\\\/wp-content\\\/uploads\\\/2022\\\/10\\\/BK2106-TM-9.jpg\",\"datePublished\":\"2022-10-19T09:50:12+00:00\",\"description\":\"Entdecken Sie die Kollektion der Meerjungfrauendecken in Form eines Meerjungfrauenschwanzes mit Schuppen in verschiedenen Farben zur Auswahl. Ideal als Geschenk, um den Traum, eine Meerjungfrau zu sein, wahr werden zu lassen!\",\"breadcrumb\":{\"@id\":\"https:\\\/\\\/crochetts.com\\\/de\\\/tienda\\\/tuerkisfarbene-meerjungfrauen-decke-60140cm\\\/#breadcrumb\"},\"inLanguage\":\"de\",\"potentialAction\":[{\"@type\":\"ReadAction\",\"target\":[\"https:\\\/\\\/crochetts.com\\\/de\\\/tienda\\\/tuerkisfarbene-meerjungfrauen-decke-60140cm\\\/\"]}]},{\"@type\":\"ImageObject\",\"inLanguage\":\"de\",\"@id\":\"https:\\\/\\\/crochetts.com\\\/de\\\/tienda\\\/tuerkisfarbene-meerjungfrauen-decke-60140cm\\\/#primaryimage\",\"url\":\"https:\\\/\\\/crochetts.com\\\/wp-content\\\/uploads\\\/2022\\\/10\\\/BK2106-TM-9.jpg\",\"contentUrl\":\"https:\\\/\\\/crochetts.com\\\/wp-content\\\/uploads\\\/2022\\\/10\\\/BK2106-TM-9.jpg\",\"width\":534,\"height\":800,\"caption\":\"Meerjungfrau-Decke\"},{\"@type\":\"BreadcrumbList\",\"@id\":\"https:\\\/\\\/crochetts.com\\\/de\\\/tienda\\\/tuerkisfarbene-meerjungfrauen-decke-60140cm\\\/#breadcrumb\",\"itemListElement\":[{\"@type\":\"ListItem\",\"position\":1,\"name\":\"Portada\",\"item\":\"https:\\\/\\\/crochetts.com\\\/de\\\/startseite\\\/\"},{\"@type\":\"ListItem\",\"position\":2,\"name\":\"Shop\",\"item\":\"https:\\\/\\\/crochetts.com\\\/de\\\/shop\\\/\"},{\"@type\":\"ListItem\",\"position\":3,\"name\":\"T\u00dcRKISFARBENE MEERJUNGFRAUEN-DECKE &#8211; 60*140CM\"}]},{\"@type\":\"WebSite\",\"@id\":\"https:\\\/\\\/crochetts.com\\\/de\\\/#website\",\"url\":\"https:\\\/\\\/crochetts.com\\\/de\\\/\",\"name\":\"Crochetts\",\"description\":\"ANIMALES DE CROCHET PARA JUGAR,DECORAR Y SO\u00d1AR\",\"publisher\":{\"@id\":\"https:\\\/\\\/crochetts.com\\\/de\\\/#organization\"},\"potentialAction\":[{\"@type\":\"SearchAction\",\"target\":{\"@type\":\"EntryPoint\",\"urlTemplate\":\"https:\\\/\\\/crochetts.com\\\/de\\\/?s={search_term_string}\"},\"query-input\":{\"@type\":\"PropertyValueSpecification\",\"valueRequired\":true,\"valueName\":\"search_term_string\"}}],\"inLanguage\":\"de\"},{\"@type\":\"Organization\",\"@id\":\"https:\\\/\\\/crochetts.com\\\/de\\\/#organization\",\"name\":\"H\u00e4keln\",\"url\":\"https:\\\/\\\/crochetts.com\\\/de\\\/\",\"logo\":{\"@type\":\"ImageObject\",\"inLanguage\":\"de\",\"@id\":\"https:\\\/\\\/crochetts.com\\\/de\\\/#\\\/schema\\\/logo\\\/image\\\/\",\"url\":\"https:\\\/\\\/i2.wp.com\\\/crochetts.com\\\/wp-content\\\/uploads\\\/2021\\\/01\\\/Logo-Crochetts.jpg?fit=300%2C137&ssl=1\",\"contentUrl\":\"https:\\\/\\\/i2.wp.com\\\/crochetts.com\\\/wp-content\\\/uploads\\\/2021\\\/01\\\/Logo-Crochetts.jpg?fit=300%2C137&ssl=1\",\"width\":300,\"height\":137,\"caption\":\"H\u00e4keln\"},\"image\":{\"@id\":\"https:\\\/\\\/crochetts.com\\\/de\\\/#\\\/schema\\\/logo\\\/image\\\/\"},\"sameAs\":[\"https:\\\/\\\/www.facebook.com\\\/Crochetts-101964178013493\",\"https:\\\/\\\/www.instagram.com\\\/crochetts_\\\/\"]}]}<\/script>\n<meta property=\"product:price:amount\" content=\"50.00\" \/>\n<meta property=\"product:price:currency\" content=\"EUR\" \/>\n<meta property=\"og:availability\" content=\"instock\" \/>\n<meta property=\"product:availability\" content=\"instock\" \/>\n<meta property=\"product:retailer_item_id\" content=\"BK2106-T\" \/>\n<meta property=\"product:condition\" content=\"new\" \/>\n<!-- \/ Yoast SEO Premium plugin. -->","yoast_head_json":{"title":"T\u00dcRKISFARBENE MEERJUNGFRAUEN-DECKE - 60*140CM - Crochetts","description":"Entdecken Sie die Kollektion der Meerjungfrauendecken in Form eines Meerjungfrauenschwanzes mit Schuppen in verschiedenen Farben zur Auswahl. Ideal als Geschenk, um den Traum, eine Meerjungfrau zu sein, wahr werden zu lassen!","robots":{"index":"index","follow":"follow","max-snippet":"max-snippet:-1","max-image-preview":"max-image-preview:large","max-video-preview":"max-video-preview:-1"},"canonical":"https:\/\/crochetts.com\/de\/tienda\/tuerkisfarbene-meerjungfrauen-decke-60140cm\/","og_locale":"de_DE","og_type":"article","og_title":"T\u00dcRKISFARBENE MEERJUNGFRAUEN-DECKE - 60*140CM","og_description":"Verwandeln Sie jeden Moment in einen magischen Moment mit der T\u00fcrkisfarbenen Meerjungfrauenschwanz-Decke von Crochetts, einem vom Meer inspirierten Design, das Weichheit, Leichtigkeit und Launenhaftigkeit vereint. Diese Wickeldecke aus sehr weichem Strickstoff ist ideal, um F\u00fc\u00dfe und Beine beim Lesen, Spielen oder Entspannen zu Hause warm und gem\u00fctlich zu halten. Der wundersch\u00f6ne t\u00fcrkise Farbton dieser Decke schafft eine magische Atmosph\u00e4re, in der sich Ihre Tochter in eine echte kleine Meerjungfrau verwandelt. Es ist perfekt f\u00fcr den t\u00e4glichen Gebrauch zu Hause oder auf Reisen. Das originelle t\u00fcrkisfarbene Flockenmuster verleiht dem Kinderzimmer einen einzigartigen und charmanten dekorativen Touch, w\u00e4hrend der atmungsaktive und warme Stoff ein angenehmes Gef\u00fchl vermittelt, das perfekt f\u00fcr den t\u00e4glichen Gebrauch ist. Er verf\u00fcgt \u00fcber eine \u00d6ffnung an der R\u00fcckseite f\u00fcr einen einfachen Ein- und Ausstieg, ideal zum bequemen Kuscheln auf dem Sofa. Mit den Ma\u00dfen 70 \u00d7 140 cm liegt es bequem am K\u00f6rper an, ohne die Bewegungsfreiheit einzuschr\u00e4nken. Es ist au\u00dferdem leicht zu waschen, sowohl mit der Hand als auch in der Maschine. Die Farbe und die weiche Textur bleiben nach jeder W\u00e4sche erhalten. Eine einzigartige und bezaubernde Decke, ein perfektes Geschenk f\u00fcr Kinder, die das Meer lieben und ihren Traum, eine Meerjungfrau zu sein, wahr werden lassen !","og_url":"https:\/\/crochetts.com\/de\/tienda\/tuerkisfarbene-meerjungfrauen-decke-60140cm\/","og_site_name":"Crochetts","article_publisher":"https:\/\/www.facebook.com\/Crochetts-101964178013493","og_image":[{"width":534,"height":800,"url":"https:\/\/crochetts.com\/wp-content\/uploads\/2022\/10\/BK2106-TM-9.jpg","type":"image\/jpeg"}],"twitter_card":"summary_large_image","twitter_misc":{"Preis":"50,00&nbsp;&euro;","Verf\u00fcgbarkeit":"Auf Lager"},"schema":{"@context":"https:\/\/schema.org","@graph":[{"@type":"WebPage","@id":"https:\/\/crochetts.com\/de\/tienda\/tuerkisfarbene-meerjungfrauen-decke-60140cm\/","url":"https:\/\/crochetts.com\/de\/tienda\/tuerkisfarbene-meerjungfrauen-decke-60140cm\/","name":"T\u00dcRKISFARBENE MEERJUNGFRAUEN-DECKE - 60*140CM - Crochetts","isPartOf":{"@id":"https:\/\/crochetts.com\/de\/#website"},"primaryImageOfPage":{"@id":"https:\/\/crochetts.com\/de\/tienda\/tuerkisfarbene-meerjungfrauen-decke-60140cm\/#primaryimage"},"image":{"@id":"https:\/\/crochetts.com\/de\/tienda\/tuerkisfarbene-meerjungfrauen-decke-60140cm\/#primaryimage"},"thumbnailUrl":"https:\/\/crochetts.com\/wp-content\/uploads\/2022\/10\/BK2106-TM-9.jpg","datePublished":"2022-10-19T09:50:12+00:00","description":"Entdecken Sie die Kollektion der Meerjungfrauendecken in Form eines Meerjungfrauenschwanzes mit Schuppen in verschiedenen Farben zur Auswahl. Ideal als Geschenk, um den Traum, eine Meerjungfrau zu sein, wahr werden zu lassen!","breadcrumb":{"@id":"https:\/\/crochetts.com\/de\/tienda\/tuerkisfarbene-meerjungfrauen-decke-60140cm\/#breadcrumb"},"inLanguage":"de","potentialAction":[{"@type":"ReadAction","target":["https:\/\/crochetts.com\/de\/tienda\/tuerkisfarbene-meerjungfrauen-decke-60140cm\/"]}]},{"@type":"ImageObject","inLanguage":"de","@id":"https:\/\/crochetts.com\/de\/tienda\/tuerkisfarbene-meerjungfrauen-decke-60140cm\/#primaryimage","url":"https:\/\/crochetts.com\/wp-content\/uploads\/2022\/10\/BK2106-TM-9.jpg","contentUrl":"https:\/\/crochetts.com\/wp-content\/uploads\/2022\/10\/BK2106-TM-9.jpg","width":534,"height":800,"caption":"Meerjungfrau-Decke"},{"@type":"BreadcrumbList","@id":"https:\/\/crochetts.com\/de\/tienda\/tuerkisfarbene-meerjungfrauen-decke-60140cm\/#breadcrumb","itemListElement":[{"@type":"ListItem","position":1,"name":"Portada","item":"https:\/\/crochetts.com\/de\/startseite\/"},{"@type":"ListItem","position":2,"name":"Shop","item":"https:\/\/crochetts.com\/de\/shop\/"},{"@type":"ListItem","position":3,"name":"T\u00dcRKISFARBENE MEERJUNGFRAUEN-DECKE &#8211; 60*140CM"}]},{"@type":"WebSite","@id":"https:\/\/crochetts.com\/de\/#website","url":"https:\/\/crochetts.com\/de\/","name":"Crochetts","description":"ANIMALES DE CROCHET PARA JUGAR,DECORAR Y SO\u00d1AR","publisher":{"@id":"https:\/\/crochetts.com\/de\/#organization"},"potentialAction":[{"@type":"SearchAction","target":{"@type":"EntryPoint","urlTemplate":"https:\/\/crochetts.com\/de\/?s={search_term_string}"},"query-input":{"@type":"PropertyValueSpecification","valueRequired":true,"valueName":"search_term_string"}}],"inLanguage":"de"},{"@type":"Organization","@id":"https:\/\/crochetts.com\/de\/#organization","name":"H\u00e4keln","url":"https:\/\/crochetts.com\/de\/","logo":{"@type":"ImageObject","inLanguage":"de","@id":"https:\/\/crochetts.com\/de\/#\/schema\/logo\/image\/","url":"https:\/\/i2.wp.com\/crochetts.com\/wp-content\/uploads\/2021\/01\/Logo-Crochetts.jpg?fit=300%2C137&ssl=1","contentUrl":"https:\/\/i2.wp.com\/crochetts.com\/wp-content\/uploads\/2021\/01\/Logo-Crochetts.jpg?fit=300%2C137&ssl=1","width":300,"height":137,"caption":"H\u00e4keln"},"image":{"@id":"https:\/\/crochetts.com\/de\/#\/schema\/logo\/image\/"},"sameAs":["https:\/\/www.facebook.com\/Crochetts-101964178013493","https:\/\/www.instagram.com\/crochetts_\/"]}]},"product_price_amount":"50.00","product_price_currency":"EUR","og_availability":"instock","product_availability":"instock","product_retailer_item_id":"BK2106-T","product_condition":"new"},"_links":{"self":[{"href":"https:\/\/crochetts.com\/de\/wp-json\/wp\/v2\/product\/25911","targetHints":{"allow":["GET"]}}],"collection":[{"href":"https:\/\/crochetts.com\/de\/wp-json\/wp\/v2\/product"}],"about":[{"href":"https:\/\/crochetts.com\/de\/wp-json\/wp\/v2\/types\/product"}],"wp:featuredmedia":[{"embeddable":true,"href":"https:\/\/crochetts.com\/de\/wp-json\/wp\/v2\/media\/25918"}],"wp:attachment":[{"href":"https:\/\/crochetts.com\/de\/wp-json\/wp\/v2\/media?parent=25911"}],"wp:term":[{"taxonomy":"product_brand","embeddable":true,"href":"https:\/\/crochetts.com\/de\/wp-json\/wp\/v2\/product_brand?post=25911"},{"taxonomy":"product_cat","embeddable":true,"href":"https:\/\/crochetts.com\/de\/wp-json\/wp\/v2\/product_cat?post=25911"},{"taxonomy":"product_tag","embeddable":true,"href":"https:\/\/crochetts.com\/de\/wp-json\/wp\/v2\/product_tag?post=25911"}],"curies":[{"name":"wp","href":"https:\/\/api.w.org\/{rel}","templated":true}]}}