{"id":25910,"date":"2022-09-30T10:16:45","date_gmt":"2022-09-30T08:16:45","guid":{"rendered":"https:\/\/crochetts.com\/tienda\/coussin-simba\/"},"modified":"2022-09-30T10:16:45","modified_gmt":"2022-09-30T09:16:45","slug":"coussin-simba","status":"publish","type":"product","link":"https:\/\/crochetts.com\/de\/tienda\/coussin-simba\/","title":{"rendered":"COUSSIN SIMBA"},"content":{"rendered":"<p>Unsere <strong>Kollektion<\/strong> von <strong>Kissen<\/strong> in Tierform f\u00fcr <strong>Kinder<\/strong> ist nicht nur <strong>weich<\/strong> und <strong>warm<\/strong>, sondern f\u00fchlt sich auch gut an. Ihr Kleines wird Tiere vom j\u00fcngsten Alter an lieben und zu seinem neuen Spiel- und Schlafbegleiter werden. Unsere Kissen sind immer fr\u00f6hlich und freundlich und regen zum Spielen und Genie\u00dfen an und sind gleichzeitig ein <strong>dekoratives<\/strong> Objekt.  <\/p>\n<p>Die Verwendung von Kinderkissen ist eine <strong>interessante<\/strong> M\u00f6glichkeit, dem <strong>Kinderzimmer<\/strong> einen Hauch von Frische und <strong>Farbe<\/strong> zu verleihen und Ihr Kind zum Tr\u00e4umen und Spielen anzuregen.<\/p>\n<p>Eine Kollektion von Kissen, aus der Sie zwischen <strong>verschiedenen<\/strong> <strong>Modellen<\/strong> w\u00e4hlen k\u00f6nnen.<\/p>\n","protected":false},"excerpt":{"rendered":"<p>Lassen Sie der Fantasie Ihres Kindes freien Lauf mit unserem <strong>Simba<\/strong> <strong>Kuscheltier<\/strong>, das aus 100% <strong>hypoallergener<\/strong> Baumwolle besteht. Dieses kuschelige und farbenfrohe Kuscheltier <g id=\"gid_3\">in Form eines L\u00f6wen<\/g> ist weich und f\u00fchlt sich <g id=\"gid_4\">angenehm<\/g> an. Wo immer Sie es hinstellen, bringt es Farbe und W\u00e4rme ins Spiel und schafft eine warme und gem\u00fctliche Atmosph\u00e4re. <g id=\"gid_5\">Simba<\/g> wird der <g id=\"gid_6\">beste<\/g> <g id=\"gid_7\">Spielkamerad<\/g> Ihres Kindes werden und kann es sogar bis zum <g id=\"gid_8\">Schlafengehen<\/g> begleiten. Ideal f\u00fcr Kinderzimmer oder Spielpl\u00e4tze.   <\/p>\n","protected":false},"featured_media":25935,"template":"","meta":{"_acf_changed":false,"_joinchat":[]},"product_brand":[],"product_cat":[6721],"product_tag":[6722,6724,6728,6726,6725,6727,6723],"class_list":{"0":"post-25910","1":"product","2":"type-product","3":"status-publish","4":"has-post-thumbnail","6":"product_cat-nicht-kategorisiert","7":"product_tag-coussin-fur-kinder","8":"product_tag-coussin-fur-kinderzimmer","9":"product_tag-coussin-lapin","10":"product_tag-dekoration-fur-ein-kinderzimmer","11":"product_tag-dekoration-fur-kinder","12":"product_tag-original-coussin","13":"product_tag-tiercoussin","14":"entry","16":"first","17":"instock","18":"taxable","19":"shipping-taxable","20":"purchasable","21":"product-type-simple"},"acf":[],"yoast_head":"<!-- This site is optimized with the Yoast SEO Premium plugin v26.1 (Yoast SEO v27.3) - https:\/\/yoast.com\/product\/yoast-seo-premium-wordpress\/ -->\n<title>COUSSIN - COUSSIN SIMBA - %<\/title>\n<meta name=\"description\" content=\"Unsere Kollektion von Kissen in Tierform f\u00fcr Kinder ist nicht nur weich und warm, sondern f\u00fchlt sich auch gut an. Ihr Kleines wird Tiere vom j\u00fcngsten Alter an lieben und zu seinem neuen Spiel- und Schlafbegleiter werden. Unsere Kissen sind immer fr\u00f6hlich und freundlich und regen zum Spielen und Liebhaben an und sind gleichzeitig ein dekoratives Objekt.\" \/>\n<meta name=\"robots\" content=\"index, follow, max-snippet:-1, max-image-preview:large, max-video-preview:-1\" \/>\n<link rel=\"canonical\" href=\"https:\/\/crochetts.com\/de\/tienda\/coussin-simba\/\" \/>\n<meta property=\"og:locale\" content=\"de_DE\" \/>\n<meta property=\"og:type\" content=\"article\" \/>\n<meta property=\"og:title\" content=\"COUSSIN SIMBA\" \/>\n<meta property=\"og:description\" content=\"Lassen Sie der Fantasie Ihres Kindes freien Lauf mit unserem Simba Kuscheltier, das aus 100% hypoallergener Baumwolle besteht. Dieses kuschelige und farbenfrohe Kuscheltier in Form eines L\u00f6wen ist weich und f\u00fchlt sich angenehm an. Wo immer Sie es hinstellen, bringt es Farbe und W\u00e4rme ins Spiel und schafft eine warme und gem\u00fctliche Atmosph\u00e4re. Simba wird der beste Spielkamerad Ihres Kindes werden und kann es sogar bis zum Schlafengehen begleiten. Ideal f\u00fcr Kinderzimmer oder Spielpl\u00e4tze.\" \/>\n<meta property=\"og:url\" content=\"https:\/\/crochetts.com\/de\/tienda\/coussin-simba\/\" \/>\n<meta property=\"og:site_name\" content=\"Crochetts\" \/>\n<meta property=\"article:publisher\" content=\"https:\/\/www.facebook.com\/Crochetts-101964178013493\" \/>\n<meta property=\"article:modified_time\" content=\"2022-09-30T09:16:45+00:00\" \/>\n<meta property=\"og:image\" content=\"https:\/\/crochetts.com\/wp-content\/uploads\/2022\/09\/LT-1927C-32.jpg\" \/>\n\t<meta property=\"og:image:width\" content=\"801\" \/>\n\t<meta property=\"og:image:height\" content=\"1200\" \/>\n\t<meta property=\"og:image:type\" content=\"image\/jpeg\" \/>\n<meta name=\"twitter:card\" content=\"summary_large_image\" \/>\n<meta name=\"twitter:label1\" content=\"Preis\" \/>\n\t<meta name=\"twitter:data1\" content=\"50,00&nbsp;&euro;\" \/>\n\t<meta name=\"twitter:label2\" content=\"Verf\u00fcgbarkeit\" \/>\n\t<meta name=\"twitter:data2\" content=\"Auf Lager\" \/>\n<script type=\"application\/ld+json\" class=\"yoast-schema-graph\">{\"@context\":\"https:\\\/\\\/schema.org\",\"@graph\":[{\"@type\":\"WebPage\",\"@id\":\"https:\\\/\\\/crochetts.com\\\/de\\\/tienda\\\/coussin-simba\\\/\",\"url\":\"https:\\\/\\\/crochetts.com\\\/de\\\/tienda\\\/coussin-simba\\\/\",\"name\":\"COUSSIN - COUSSIN SIMBA - %\",\"isPartOf\":{\"@id\":\"https:\\\/\\\/crochetts.com\\\/de\\\/#website\"},\"primaryImageOfPage\":{\"@id\":\"https:\\\/\\\/crochetts.com\\\/de\\\/tienda\\\/coussin-simba\\\/#primaryimage\"},\"image\":{\"@id\":\"https:\\\/\\\/crochetts.com\\\/de\\\/tienda\\\/coussin-simba\\\/#primaryimage\"},\"thumbnailUrl\":\"https:\\\/\\\/crochetts.com\\\/wp-content\\\/uploads\\\/2022\\\/09\\\/LT-1927C-32.jpg\",\"datePublished\":\"2022-09-30T08:16:45+00:00\",\"dateModified\":\"2022-09-30T09:16:45+00:00\",\"description\":\"Unsere Kollektion von Kissen in Tierform f\u00fcr Kinder ist nicht nur weich und warm, sondern f\u00fchlt sich auch gut an. Ihr Kleines wird Tiere vom j\u00fcngsten Alter an lieben und zu seinem neuen Spiel- und Schlafbegleiter werden. Unsere Kissen sind immer fr\u00f6hlich und freundlich und regen zum Spielen und Liebhaben an und sind gleichzeitig ein dekoratives Objekt.\",\"breadcrumb\":{\"@id\":\"https:\\\/\\\/crochetts.com\\\/de\\\/tienda\\\/coussin-simba\\\/#breadcrumb\"},\"inLanguage\":\"de\",\"potentialAction\":[{\"@type\":\"ReadAction\",\"target\":[\"https:\\\/\\\/crochetts.com\\\/de\\\/tienda\\\/coussin-simba\\\/\"]}]},{\"@type\":\"ImageObject\",\"inLanguage\":\"de\",\"@id\":\"https:\\\/\\\/crochetts.com\\\/de\\\/tienda\\\/coussin-simba\\\/#primaryimage\",\"url\":\"https:\\\/\\\/crochetts.com\\\/wp-content\\\/uploads\\\/2022\\\/09\\\/LT-1927C-32.jpg\",\"contentUrl\":\"https:\\\/\\\/crochetts.com\\\/wp-content\\\/uploads\\\/2022\\\/09\\\/LT-1927C-32.jpg\",\"width\":801,\"height\":1200,\"caption\":\"Coussin f\u00fcr Kinder\"},{\"@type\":\"BreadcrumbList\",\"@id\":\"https:\\\/\\\/crochetts.com\\\/de\\\/tienda\\\/coussin-simba\\\/#breadcrumb\",\"itemListElement\":[{\"@type\":\"ListItem\",\"position\":1,\"name\":\"Portada\",\"item\":\"https:\\\/\\\/crochetts.com\\\/de\\\/startseite\\\/\"},{\"@type\":\"ListItem\",\"position\":2,\"name\":\"Shop\",\"item\":\"https:\\\/\\\/crochetts.com\\\/de\\\/shop\\\/\"},{\"@type\":\"ListItem\",\"position\":3,\"name\":\"COUSSIN SIMBA\"}]},{\"@type\":\"WebSite\",\"@id\":\"https:\\\/\\\/crochetts.com\\\/de\\\/#website\",\"url\":\"https:\\\/\\\/crochetts.com\\\/de\\\/\",\"name\":\"Crochetts\",\"description\":\"ANIMALES DE CROCHET PARA JUGAR,DECORAR Y SO\u00d1AR\",\"publisher\":{\"@id\":\"https:\\\/\\\/crochetts.com\\\/de\\\/#organization\"},\"potentialAction\":[{\"@type\":\"SearchAction\",\"target\":{\"@type\":\"EntryPoint\",\"urlTemplate\":\"https:\\\/\\\/crochetts.com\\\/de\\\/?s={search_term_string}\"},\"query-input\":{\"@type\":\"PropertyValueSpecification\",\"valueRequired\":true,\"valueName\":\"search_term_string\"}}],\"inLanguage\":\"de\"},{\"@type\":\"Organization\",\"@id\":\"https:\\\/\\\/crochetts.com\\\/de\\\/#organization\",\"name\":\"H\u00e4keln\",\"url\":\"https:\\\/\\\/crochetts.com\\\/de\\\/\",\"logo\":{\"@type\":\"ImageObject\",\"inLanguage\":\"de\",\"@id\":\"https:\\\/\\\/crochetts.com\\\/de\\\/#\\\/schema\\\/logo\\\/image\\\/\",\"url\":\"https:\\\/\\\/i2.wp.com\\\/crochetts.com\\\/wp-content\\\/uploads\\\/2021\\\/01\\\/Logo-Crochetts.jpg?fit=300%2C137&ssl=1\",\"contentUrl\":\"https:\\\/\\\/i2.wp.com\\\/crochetts.com\\\/wp-content\\\/uploads\\\/2021\\\/01\\\/Logo-Crochetts.jpg?fit=300%2C137&ssl=1\",\"width\":300,\"height\":137,\"caption\":\"H\u00e4keln\"},\"image\":{\"@id\":\"https:\\\/\\\/crochetts.com\\\/de\\\/#\\\/schema\\\/logo\\\/image\\\/\"},\"sameAs\":[\"https:\\\/\\\/www.facebook.com\\\/Crochetts-101964178013493\",\"https:\\\/\\\/www.instagram.com\\\/crochetts_\\\/\"]}]}<\/script>\n<meta property=\"product:price:amount\" content=\"50.00\" \/>\n<meta property=\"product:price:currency\" content=\"EUR\" \/>\n<meta property=\"og:availability\" content=\"instock\" \/>\n<meta property=\"product:availability\" content=\"instock\" \/>\n<meta property=\"product:retailer_item_id\" content=\"LT-1927C\" \/>\n<meta property=\"product:condition\" content=\"new\" \/>\n<!-- \/ Yoast SEO Premium plugin. -->","yoast_head_json":{"title":"COUSSIN - COUSSIN SIMBA - %","description":"Unsere Kollektion von Kissen in Tierform f\u00fcr Kinder ist nicht nur weich und warm, sondern f\u00fchlt sich auch gut an. Ihr Kleines wird Tiere vom j\u00fcngsten Alter an lieben und zu seinem neuen Spiel- und Schlafbegleiter werden. Unsere Kissen sind immer fr\u00f6hlich und freundlich und regen zum Spielen und Liebhaben an und sind gleichzeitig ein dekoratives Objekt.","robots":{"index":"index","follow":"follow","max-snippet":"max-snippet:-1","max-image-preview":"max-image-preview:large","max-video-preview":"max-video-preview:-1"},"canonical":"https:\/\/crochetts.com\/de\/tienda\/coussin-simba\/","og_locale":"de_DE","og_type":"article","og_title":"COUSSIN SIMBA","og_description":"Lassen Sie der Fantasie Ihres Kindes freien Lauf mit unserem Simba Kuscheltier, das aus 100% hypoallergener Baumwolle besteht. Dieses kuschelige und farbenfrohe Kuscheltier in Form eines L\u00f6wen ist weich und f\u00fchlt sich angenehm an. Wo immer Sie es hinstellen, bringt es Farbe und W\u00e4rme ins Spiel und schafft eine warme und gem\u00fctliche Atmosph\u00e4re. Simba wird der beste Spielkamerad Ihres Kindes werden und kann es sogar bis zum Schlafengehen begleiten. Ideal f\u00fcr Kinderzimmer oder Spielpl\u00e4tze.","og_url":"https:\/\/crochetts.com\/de\/tienda\/coussin-simba\/","og_site_name":"Crochetts","article_publisher":"https:\/\/www.facebook.com\/Crochetts-101964178013493","article_modified_time":"2022-09-30T09:16:45+00:00","og_image":[{"width":801,"height":1200,"url":"https:\/\/crochetts.com\/wp-content\/uploads\/2022\/09\/LT-1927C-32.jpg","type":"image\/jpeg"}],"twitter_card":"summary_large_image","twitter_misc":{"Preis":"50,00&nbsp;&euro;","Verf\u00fcgbarkeit":"Auf Lager"},"schema":{"@context":"https:\/\/schema.org","@graph":[{"@type":"WebPage","@id":"https:\/\/crochetts.com\/de\/tienda\/coussin-simba\/","url":"https:\/\/crochetts.com\/de\/tienda\/coussin-simba\/","name":"COUSSIN - COUSSIN SIMBA - %","isPartOf":{"@id":"https:\/\/crochetts.com\/de\/#website"},"primaryImageOfPage":{"@id":"https:\/\/crochetts.com\/de\/tienda\/coussin-simba\/#primaryimage"},"image":{"@id":"https:\/\/crochetts.com\/de\/tienda\/coussin-simba\/#primaryimage"},"thumbnailUrl":"https:\/\/crochetts.com\/wp-content\/uploads\/2022\/09\/LT-1927C-32.jpg","datePublished":"2022-09-30T08:16:45+00:00","dateModified":"2022-09-30T09:16:45+00:00","description":"Unsere Kollektion von Kissen in Tierform f\u00fcr Kinder ist nicht nur weich und warm, sondern f\u00fchlt sich auch gut an. Ihr Kleines wird Tiere vom j\u00fcngsten Alter an lieben und zu seinem neuen Spiel- und Schlafbegleiter werden. Unsere Kissen sind immer fr\u00f6hlich und freundlich und regen zum Spielen und Liebhaben an und sind gleichzeitig ein dekoratives Objekt.","breadcrumb":{"@id":"https:\/\/crochetts.com\/de\/tienda\/coussin-simba\/#breadcrumb"},"inLanguage":"de","potentialAction":[{"@type":"ReadAction","target":["https:\/\/crochetts.com\/de\/tienda\/coussin-simba\/"]}]},{"@type":"ImageObject","inLanguage":"de","@id":"https:\/\/crochetts.com\/de\/tienda\/coussin-simba\/#primaryimage","url":"https:\/\/crochetts.com\/wp-content\/uploads\/2022\/09\/LT-1927C-32.jpg","contentUrl":"https:\/\/crochetts.com\/wp-content\/uploads\/2022\/09\/LT-1927C-32.jpg","width":801,"height":1200,"caption":"Coussin f\u00fcr Kinder"},{"@type":"BreadcrumbList","@id":"https:\/\/crochetts.com\/de\/tienda\/coussin-simba\/#breadcrumb","itemListElement":[{"@type":"ListItem","position":1,"name":"Portada","item":"https:\/\/crochetts.com\/de\/startseite\/"},{"@type":"ListItem","position":2,"name":"Shop","item":"https:\/\/crochetts.com\/de\/shop\/"},{"@type":"ListItem","position":3,"name":"COUSSIN SIMBA"}]},{"@type":"WebSite","@id":"https:\/\/crochetts.com\/de\/#website","url":"https:\/\/crochetts.com\/de\/","name":"Crochetts","description":"ANIMALES DE CROCHET PARA JUGAR,DECORAR Y SO\u00d1AR","publisher":{"@id":"https:\/\/crochetts.com\/de\/#organization"},"potentialAction":[{"@type":"SearchAction","target":{"@type":"EntryPoint","urlTemplate":"https:\/\/crochetts.com\/de\/?s={search_term_string}"},"query-input":{"@type":"PropertyValueSpecification","valueRequired":true,"valueName":"search_term_string"}}],"inLanguage":"de"},{"@type":"Organization","@id":"https:\/\/crochetts.com\/de\/#organization","name":"H\u00e4keln","url":"https:\/\/crochetts.com\/de\/","logo":{"@type":"ImageObject","inLanguage":"de","@id":"https:\/\/crochetts.com\/de\/#\/schema\/logo\/image\/","url":"https:\/\/i2.wp.com\/crochetts.com\/wp-content\/uploads\/2021\/01\/Logo-Crochetts.jpg?fit=300%2C137&ssl=1","contentUrl":"https:\/\/i2.wp.com\/crochetts.com\/wp-content\/uploads\/2021\/01\/Logo-Crochetts.jpg?fit=300%2C137&ssl=1","width":300,"height":137,"caption":"H\u00e4keln"},"image":{"@id":"https:\/\/crochetts.com\/de\/#\/schema\/logo\/image\/"},"sameAs":["https:\/\/www.facebook.com\/Crochetts-101964178013493","https:\/\/www.instagram.com\/crochetts_\/"]}]},"product_price_amount":"50.00","product_price_currency":"EUR","og_availability":"instock","product_availability":"instock","product_retailer_item_id":"LT-1927C","product_condition":"new"},"_links":{"self":[{"href":"https:\/\/crochetts.com\/de\/wp-json\/wp\/v2\/product\/25910","targetHints":{"allow":["GET"]}}],"collection":[{"href":"https:\/\/crochetts.com\/de\/wp-json\/wp\/v2\/product"}],"about":[{"href":"https:\/\/crochetts.com\/de\/wp-json\/wp\/v2\/types\/product"}],"wp:featuredmedia":[{"embeddable":true,"href":"https:\/\/crochetts.com\/de\/wp-json\/wp\/v2\/media\/25935"}],"wp:attachment":[{"href":"https:\/\/crochetts.com\/de\/wp-json\/wp\/v2\/media?parent=25910"}],"wp:term":[{"taxonomy":"product_brand","embeddable":true,"href":"https:\/\/crochetts.com\/de\/wp-json\/wp\/v2\/product_brand?post=25910"},{"taxonomy":"product_cat","embeddable":true,"href":"https:\/\/crochetts.com\/de\/wp-json\/wp\/v2\/product_cat?post=25910"},{"taxonomy":"product_tag","embeddable":true,"href":"https:\/\/crochetts.com\/de\/wp-json\/wp\/v2\/product_tag?post=25910"}],"curies":[{"name":"wp","href":"https:\/\/api.w.org\/{rel}","templated":true}]}}