{"id":25896,"date":"2022-10-19T10:55:39","date_gmt":"2022-10-19T09:55:39","guid":{"rendered":"https:\/\/crochetts.com\/tienda\/sirena-blauer-teppich-60140cm\/"},"modified":"2022-10-19T10:55:39","modified_gmt":"2022-10-19T09:55:39","slug":"sirena-blauer-teppich-60140cm","status":"publish","type":"product","link":"https:\/\/crochetts.com\/de\/tienda\/sirena-blauer-teppich-60140cm\/","title":{"rendered":"SIRENA BLAUER TEPPICH - 60*140cm"},"content":{"rendered":"<div style=\"text-align: justify;\">\n<p>Unsere Kollektion von <strong>Decken<\/strong> hat ein vertr\u00e4umtes Design, <strong>Meerjungfrauenschwanzdecken<\/strong> mit <strong>Schuppen<\/strong>, die Sie aus einer <strong>Vielzahl von Modellen <\/strong>und<strong> Gr\u00f6\u00dfen<\/strong> ausw\u00e4hlen k\u00f6nnen.<\/p>\n<\/div>\n<p>Die Meerjungfrauendecke ist die einzige M\u00f6glichkeit, es sich zu <strong>Hause<\/strong> gem\u00fctlich zu machen und trotzdem stilvoll auszusehen,   <strong>W\u00e4hlen Sie die Farbe, die am besten zu Ihnen passt!<\/strong><\/p>\n<p>Werden Sie in Ihren <strong>s\u00fc\u00dfesten<\/strong> <strong>Tr\u00e4umen<\/strong> zur Meerjungfrau mit dieser warmen und kuscheligen Einschlafdecke, die den Schlaf eines jeden kleinen M\u00e4dchens befriedigt.<\/p>\n<p>Es ist die <strong>perfekte <\/strong>Wahl f\u00fcr das <strong>perfekte <\/strong> <strong>Geburtstagsgeschenk <\/strong>oder um eine <strong>Pyjamaparty<\/strong> mit Freunden zu organisieren.<\/p>\n<p>&nbsp;<\/p>\n<p>&nbsp;<\/p>\n","protected":false},"excerpt":{"rendered":"<p>Lassen Sie Ihrer Fantasie freien Lauf mit unserer <strong>Meerjungfrauen-Decke<\/strong> im <strong>Schuppenstich<\/strong>, speziell f\u00fcr <strong>M\u00e4dchen<\/strong>, die Meerjungfrauen lieben.<strong> <\/strong>in <strong>Blau<\/strong>. Unsere Meerjungfrauendecke ist aus Acrylgewebe gefertigt, das sich sehr warm und <strong>weich<\/strong> <strong>anf\u00fchlt<\/strong>. Sie hat eine <strong>\u00d6ffnung<\/strong> auf der <strong>R\u00fcckseite<\/strong>, durch die Sie leicht ein- und aussteigen k\u00f6nnen. Es ist eine sehr <strong>praktische<\/strong> Decke, um auf dem Sofa <strong>zu entspannen<\/strong>, ein Nickerchen zu machen oder auf Reisen mitzunehmen. Sie ist auch ein ideales <strong>Geschenk, um<\/strong> den <strong>Traum<\/strong> von einer <strong>Meerjungfrau<\/strong> wahr werden zu lassen!    <\/p>\n<ul>\n<li><strong>GR\u00d6SSE UNIQUE-M <\/strong>(von 5 bis 12 Jahren).<\/li>\n<\/ul>\n","protected":false},"featured_media":25905,"template":"","meta":{"_acf_changed":false,"_joinchat":[]},"product_brand":[],"product_cat":[6250],"product_tag":[6686,6685,6717,6720,6684],"class_list":{"0":"post-25896","1":"product","2":"type-product","3":"status-publish","4":"has-post-thumbnail","6":"product_cat-decken-und-handtucher","7":"product_tag-kinderbettdecke","8":"product_tag-madchen-decke","9":"product_tag-meerjungfrau-decke","10":"product_tag-sirana-schwanz-decke","11":"product_tag-sofadecke","12":"entry","14":"first","15":"instock","16":"taxable","17":"shipping-taxable","18":"purchasable","19":"product-type-simple"},"acf":[],"yoast_head":"<!-- This site is optimized with the Yoast SEO Premium plugin v26.1 (Yoast SEO v27.3) - https:\/\/yoast.com\/product\/yoast-seo-premium-wordpress\/ -->\n<title>MANTAS%- SIRENA BLAUER TEPPICH - 60*140cm -% Crochetts% Crochetts%<\/title>\n<meta name=\"description\" content=\"Unsere Decken-Kollektion hat ein vertr\u00e4umtes Design, Meerjungfrauenschwanz-Decken mit Schuppen in verschiedenen Farben und Gr\u00f6\u00dfen zur Auswahl. Die perfekte Wahl f\u00fcr das perfekte Geburtstagsgeschenk.\" \/>\n<meta name=\"robots\" content=\"index, follow, max-snippet:-1, max-image-preview:large, max-video-preview:-1\" \/>\n<link rel=\"canonical\" href=\"https:\/\/crochetts.com\/de\/tienda\/sirena-blauer-teppich-60140cm\/\" \/>\n<meta property=\"og:locale\" content=\"de_DE\" \/>\n<meta property=\"og:type\" content=\"article\" \/>\n<meta property=\"og:title\" content=\"SIRENA BLAUER TEPPICH - 60*140cm\" \/>\n<meta property=\"og:description\" content=\"Lassen Sie Ihrer Fantasie freien Lauf mit unserer Meerjungfrauen-Decke im Schuppenstich, speziell f\u00fcr M\u00e4dchen, die Meerjungfrauen lieben. in Blau. Unsere Meerjungfrauendecke ist aus Acrylgewebe gefertigt, das sich sehr warm und weich anf\u00fchlt. Sie hat eine \u00d6ffnung auf der R\u00fcckseite, durch die Sie leicht ein- und aussteigen k\u00f6nnen. Es ist eine sehr praktische Decke, um auf dem Sofa zu entspannen, ein Nickerchen zu machen oder auf Reisen mitzunehmen. Sie ist auch ein ideales Geschenk, um den Traum von einer Meerjungfrau wahr werden zu lassen!    GR\u00d6SSE UNIQUE-M (von 5 bis 12 Jahren).\" \/>\n<meta property=\"og:url\" content=\"https:\/\/crochetts.com\/de\/tienda\/sirena-blauer-teppich-60140cm\/\" \/>\n<meta property=\"og:site_name\" content=\"Crochetts\" \/>\n<meta property=\"article:publisher\" content=\"https:\/\/www.facebook.com\/Crochetts-101964178013493\" \/>\n<meta property=\"og:image\" content=\"https:\/\/crochetts.com\/wp-content\/uploads\/2022\/10\/BK106-AM_3.jpg\" \/>\n\t<meta property=\"og:image:width\" content=\"800\" \/>\n\t<meta property=\"og:image:height\" content=\"1202\" \/>\n\t<meta property=\"og:image:type\" content=\"image\/jpeg\" \/>\n<meta name=\"twitter:card\" content=\"summary_large_image\" \/>\n<meta name=\"twitter:label1\" content=\"Preis\" \/>\n\t<meta name=\"twitter:data1\" content=\"50,00&nbsp;&euro;\" \/>\n\t<meta name=\"twitter:label2\" content=\"Verf\u00fcgbarkeit\" \/>\n\t<meta name=\"twitter:data2\" content=\"Auf Lager\" \/>\n<script type=\"application\/ld+json\" class=\"yoast-schema-graph\">{\"@context\":\"https:\\\/\\\/schema.org\",\"@graph\":[{\"@type\":\"WebPage\",\"@id\":\"https:\\\/\\\/crochetts.com\\\/de\\\/tienda\\\/sirena-blauer-teppich-60140cm\\\/\",\"url\":\"https:\\\/\\\/crochetts.com\\\/de\\\/tienda\\\/sirena-blauer-teppich-60140cm\\\/\",\"name\":\"MANTAS%- SIRENA BLAUER TEPPICH - 60*140cm -% Crochetts% Crochetts%\",\"isPartOf\":{\"@id\":\"https:\\\/\\\/crochetts.com\\\/de\\\/#website\"},\"primaryImageOfPage\":{\"@id\":\"https:\\\/\\\/crochetts.com\\\/de\\\/tienda\\\/sirena-blauer-teppich-60140cm\\\/#primaryimage\"},\"image\":{\"@id\":\"https:\\\/\\\/crochetts.com\\\/de\\\/tienda\\\/sirena-blauer-teppich-60140cm\\\/#primaryimage\"},\"thumbnailUrl\":\"https:\\\/\\\/crochetts.com\\\/wp-content\\\/uploads\\\/2022\\\/10\\\/BK106-AM_3.jpg\",\"datePublished\":\"2022-10-19T09:55:39+00:00\",\"description\":\"Unsere Decken-Kollektion hat ein vertr\u00e4umtes Design, Meerjungfrauenschwanz-Decken mit Schuppen in verschiedenen Farben und Gr\u00f6\u00dfen zur Auswahl. Die perfekte Wahl f\u00fcr das perfekte Geburtstagsgeschenk.\",\"breadcrumb\":{\"@id\":\"https:\\\/\\\/crochetts.com\\\/de\\\/tienda\\\/sirena-blauer-teppich-60140cm\\\/#breadcrumb\"},\"inLanguage\":\"de\",\"potentialAction\":[{\"@type\":\"ReadAction\",\"target\":[\"https:\\\/\\\/crochetts.com\\\/de\\\/tienda\\\/sirena-blauer-teppich-60140cm\\\/\"]}]},{\"@type\":\"ImageObject\",\"inLanguage\":\"de\",\"@id\":\"https:\\\/\\\/crochetts.com\\\/de\\\/tienda\\\/sirena-blauer-teppich-60140cm\\\/#primaryimage\",\"url\":\"https:\\\/\\\/crochetts.com\\\/wp-content\\\/uploads\\\/2022\\\/10\\\/BK106-AM_3.jpg\",\"contentUrl\":\"https:\\\/\\\/crochetts.com\\\/wp-content\\\/uploads\\\/2022\\\/10\\\/BK106-AM_3.jpg\",\"width\":800,\"height\":1202,\"caption\":\"Decke mit Meerjungfrauenschwanz\"},{\"@type\":\"BreadcrumbList\",\"@id\":\"https:\\\/\\\/crochetts.com\\\/de\\\/tienda\\\/sirena-blauer-teppich-60140cm\\\/#breadcrumb\",\"itemListElement\":[{\"@type\":\"ListItem\",\"position\":1,\"name\":\"Portada\",\"item\":\"https:\\\/\\\/crochetts.com\\\/de\\\/startseite\\\/\"},{\"@type\":\"ListItem\",\"position\":2,\"name\":\"Shop\",\"item\":\"https:\\\/\\\/crochetts.com\\\/de\\\/shop\\\/\"},{\"@type\":\"ListItem\",\"position\":3,\"name\":\"SIRENA BLAUER TEPPICH &#8211; 60*140cm\"}]},{\"@type\":\"WebSite\",\"@id\":\"https:\\\/\\\/crochetts.com\\\/de\\\/#website\",\"url\":\"https:\\\/\\\/crochetts.com\\\/de\\\/\",\"name\":\"Crochetts\",\"description\":\"ANIMALES DE CROCHET PARA JUGAR,DECORAR Y SO\u00d1AR\",\"publisher\":{\"@id\":\"https:\\\/\\\/crochetts.com\\\/de\\\/#organization\"},\"potentialAction\":[{\"@type\":\"SearchAction\",\"target\":{\"@type\":\"EntryPoint\",\"urlTemplate\":\"https:\\\/\\\/crochetts.com\\\/de\\\/?s={search_term_string}\"},\"query-input\":{\"@type\":\"PropertyValueSpecification\",\"valueRequired\":true,\"valueName\":\"search_term_string\"}}],\"inLanguage\":\"de\"},{\"@type\":\"Organization\",\"@id\":\"https:\\\/\\\/crochetts.com\\\/de\\\/#organization\",\"name\":\"H\u00e4keln\",\"url\":\"https:\\\/\\\/crochetts.com\\\/de\\\/\",\"logo\":{\"@type\":\"ImageObject\",\"inLanguage\":\"de\",\"@id\":\"https:\\\/\\\/crochetts.com\\\/de\\\/#\\\/schema\\\/logo\\\/image\\\/\",\"url\":\"https:\\\/\\\/i2.wp.com\\\/crochetts.com\\\/wp-content\\\/uploads\\\/2021\\\/01\\\/Logo-Crochetts.jpg?fit=300%2C137&ssl=1\",\"contentUrl\":\"https:\\\/\\\/i2.wp.com\\\/crochetts.com\\\/wp-content\\\/uploads\\\/2021\\\/01\\\/Logo-Crochetts.jpg?fit=300%2C137&ssl=1\",\"width\":300,\"height\":137,\"caption\":\"H\u00e4keln\"},\"image\":{\"@id\":\"https:\\\/\\\/crochetts.com\\\/de\\\/#\\\/schema\\\/logo\\\/image\\\/\"},\"sameAs\":[\"https:\\\/\\\/www.facebook.com\\\/Crochetts-101964178013493\",\"https:\\\/\\\/www.instagram.com\\\/crochetts_\\\/\"]}]}<\/script>\n<meta property=\"product:price:amount\" content=\"50.00\" \/>\n<meta property=\"product:price:currency\" content=\"EUR\" \/>\n<meta property=\"og:availability\" content=\"instock\" \/>\n<meta property=\"product:availability\" content=\"instock\" \/>\n<meta property=\"product:retailer_item_id\" content=\"BK2106-A\" \/>\n<meta property=\"product:condition\" content=\"new\" \/>\n<!-- \/ Yoast SEO Premium plugin. -->","yoast_head_json":{"title":"MANTAS%- SIRENA BLAUER TEPPICH - 60*140cm -% Crochetts% Crochetts%","description":"Unsere Decken-Kollektion hat ein vertr\u00e4umtes Design, Meerjungfrauenschwanz-Decken mit Schuppen in verschiedenen Farben und Gr\u00f6\u00dfen zur Auswahl. Die perfekte Wahl f\u00fcr das perfekte Geburtstagsgeschenk.","robots":{"index":"index","follow":"follow","max-snippet":"max-snippet:-1","max-image-preview":"max-image-preview:large","max-video-preview":"max-video-preview:-1"},"canonical":"https:\/\/crochetts.com\/de\/tienda\/sirena-blauer-teppich-60140cm\/","og_locale":"de_DE","og_type":"article","og_title":"SIRENA BLAUER TEPPICH - 60*140cm","og_description":"Lassen Sie Ihrer Fantasie freien Lauf mit unserer Meerjungfrauen-Decke im Schuppenstich, speziell f\u00fcr M\u00e4dchen, die Meerjungfrauen lieben. in Blau. Unsere Meerjungfrauendecke ist aus Acrylgewebe gefertigt, das sich sehr warm und weich anf\u00fchlt. Sie hat eine \u00d6ffnung auf der R\u00fcckseite, durch die Sie leicht ein- und aussteigen k\u00f6nnen. Es ist eine sehr praktische Decke, um auf dem Sofa zu entspannen, ein Nickerchen zu machen oder auf Reisen mitzunehmen. Sie ist auch ein ideales Geschenk, um den Traum von einer Meerjungfrau wahr werden zu lassen!    GR\u00d6SSE UNIQUE-M (von 5 bis 12 Jahren).","og_url":"https:\/\/crochetts.com\/de\/tienda\/sirena-blauer-teppich-60140cm\/","og_site_name":"Crochetts","article_publisher":"https:\/\/www.facebook.com\/Crochetts-101964178013493","og_image":[{"width":800,"height":1202,"url":"https:\/\/crochetts.com\/wp-content\/uploads\/2022\/10\/BK106-AM_3.jpg","type":"image\/jpeg"}],"twitter_card":"summary_large_image","twitter_misc":{"Preis":"50,00&nbsp;&euro;","Verf\u00fcgbarkeit":"Auf Lager"},"schema":{"@context":"https:\/\/schema.org","@graph":[{"@type":"WebPage","@id":"https:\/\/crochetts.com\/de\/tienda\/sirena-blauer-teppich-60140cm\/","url":"https:\/\/crochetts.com\/de\/tienda\/sirena-blauer-teppich-60140cm\/","name":"MANTAS%- SIRENA BLAUER TEPPICH - 60*140cm -% Crochetts% Crochetts%","isPartOf":{"@id":"https:\/\/crochetts.com\/de\/#website"},"primaryImageOfPage":{"@id":"https:\/\/crochetts.com\/de\/tienda\/sirena-blauer-teppich-60140cm\/#primaryimage"},"image":{"@id":"https:\/\/crochetts.com\/de\/tienda\/sirena-blauer-teppich-60140cm\/#primaryimage"},"thumbnailUrl":"https:\/\/crochetts.com\/wp-content\/uploads\/2022\/10\/BK106-AM_3.jpg","datePublished":"2022-10-19T09:55:39+00:00","description":"Unsere Decken-Kollektion hat ein vertr\u00e4umtes Design, Meerjungfrauenschwanz-Decken mit Schuppen in verschiedenen Farben und Gr\u00f6\u00dfen zur Auswahl. Die perfekte Wahl f\u00fcr das perfekte Geburtstagsgeschenk.","breadcrumb":{"@id":"https:\/\/crochetts.com\/de\/tienda\/sirena-blauer-teppich-60140cm\/#breadcrumb"},"inLanguage":"de","potentialAction":[{"@type":"ReadAction","target":["https:\/\/crochetts.com\/de\/tienda\/sirena-blauer-teppich-60140cm\/"]}]},{"@type":"ImageObject","inLanguage":"de","@id":"https:\/\/crochetts.com\/de\/tienda\/sirena-blauer-teppich-60140cm\/#primaryimage","url":"https:\/\/crochetts.com\/wp-content\/uploads\/2022\/10\/BK106-AM_3.jpg","contentUrl":"https:\/\/crochetts.com\/wp-content\/uploads\/2022\/10\/BK106-AM_3.jpg","width":800,"height":1202,"caption":"Decke mit Meerjungfrauenschwanz"},{"@type":"BreadcrumbList","@id":"https:\/\/crochetts.com\/de\/tienda\/sirena-blauer-teppich-60140cm\/#breadcrumb","itemListElement":[{"@type":"ListItem","position":1,"name":"Portada","item":"https:\/\/crochetts.com\/de\/startseite\/"},{"@type":"ListItem","position":2,"name":"Shop","item":"https:\/\/crochetts.com\/de\/shop\/"},{"@type":"ListItem","position":3,"name":"SIRENA BLAUER TEPPICH &#8211; 60*140cm"}]},{"@type":"WebSite","@id":"https:\/\/crochetts.com\/de\/#website","url":"https:\/\/crochetts.com\/de\/","name":"Crochetts","description":"ANIMALES DE CROCHET PARA JUGAR,DECORAR Y SO\u00d1AR","publisher":{"@id":"https:\/\/crochetts.com\/de\/#organization"},"potentialAction":[{"@type":"SearchAction","target":{"@type":"EntryPoint","urlTemplate":"https:\/\/crochetts.com\/de\/?s={search_term_string}"},"query-input":{"@type":"PropertyValueSpecification","valueRequired":true,"valueName":"search_term_string"}}],"inLanguage":"de"},{"@type":"Organization","@id":"https:\/\/crochetts.com\/de\/#organization","name":"H\u00e4keln","url":"https:\/\/crochetts.com\/de\/","logo":{"@type":"ImageObject","inLanguage":"de","@id":"https:\/\/crochetts.com\/de\/#\/schema\/logo\/image\/","url":"https:\/\/i2.wp.com\/crochetts.com\/wp-content\/uploads\/2021\/01\/Logo-Crochetts.jpg?fit=300%2C137&ssl=1","contentUrl":"https:\/\/i2.wp.com\/crochetts.com\/wp-content\/uploads\/2021\/01\/Logo-Crochetts.jpg?fit=300%2C137&ssl=1","width":300,"height":137,"caption":"H\u00e4keln"},"image":{"@id":"https:\/\/crochetts.com\/de\/#\/schema\/logo\/image\/"},"sameAs":["https:\/\/www.facebook.com\/Crochetts-101964178013493","https:\/\/www.instagram.com\/crochetts_\/"]}]},"product_price_amount":"50.00","product_price_currency":"EUR","og_availability":"instock","product_availability":"instock","product_retailer_item_id":"BK2106-A","product_condition":"new"},"_links":{"self":[{"href":"https:\/\/crochetts.com\/de\/wp-json\/wp\/v2\/product\/25896","targetHints":{"allow":["GET"]}}],"collection":[{"href":"https:\/\/crochetts.com\/de\/wp-json\/wp\/v2\/product"}],"about":[{"href":"https:\/\/crochetts.com\/de\/wp-json\/wp\/v2\/types\/product"}],"wp:featuredmedia":[{"embeddable":true,"href":"https:\/\/crochetts.com\/de\/wp-json\/wp\/v2\/media\/25905"}],"wp:attachment":[{"href":"https:\/\/crochetts.com\/de\/wp-json\/wp\/v2\/media?parent=25896"}],"wp:term":[{"taxonomy":"product_brand","embeddable":true,"href":"https:\/\/crochetts.com\/de\/wp-json\/wp\/v2\/product_brand?post=25896"},{"taxonomy":"product_cat","embeddable":true,"href":"https:\/\/crochetts.com\/de\/wp-json\/wp\/v2\/product_cat?post=25896"},{"taxonomy":"product_tag","embeddable":true,"href":"https:\/\/crochetts.com\/de\/wp-json\/wp\/v2\/product_tag?post=25896"}],"curies":[{"name":"wp","href":"https:\/\/api.w.org\/{rel}","templated":true}]}}