{"id":25826,"date":"2023-10-06T11:57:00","date_gmt":"2023-10-06T10:57:00","guid":{"rendered":"https:\/\/crochetts.com\/tienda\/packung-hellblauer-rochenfisch-und-packung-mini-krake\/"},"modified":"2025-11-26T10:19:39","modified_gmt":"2025-11-26T09:19:39","slug":"packung-hellblauer-rochenfisch-und-packung-mini-krake","status":"publish","type":"product","link":"https:\/\/crochetts.com\/de\/tienda\/packung-hellblauer-rochenfisch-und-packung-mini-krake\/","title":{"rendered":"PACKUNG HELLBLAUER ROCHENFISCH UND PACKUNG MINI-KRAKE"},"content":{"rendered":"<div style=\"text-align: justify;\">\n<div style=\"text-align: justify;\">\n<p>Unsere <strong>Ozean-Kollektion<\/strong> hat ein <strong>exklusives Design<\/strong>. Es handelt sich um Wassertiere mit einem sehr weichen Griff, die nach dem<strong> DECO-PLAY-Konzept<\/strong> entworfen wurden, so dass sie <strong>zum Spielen und Dekorieren <\/strong><strong> der Zimmer<\/strong> der Kleinen im Haus <strong>verwendet werden k\u00f6nnen <\/strong>. <strong>Sie haben 2 Haken aus demselben Stoff<\/strong> an der Oberseite <strong>, um sie an die Wand zu h\u00e4ngen. <\/strong>Sie sind perfekt zum Spielen und Dekorieren der eigenen W\u00e4nde.<\/p>\n<\/div>\n<p>W\u00e4hlen Sie das Tier, das Ihnen am besten gef\u00e4llt, um ihn in eine ruhige und gem\u00fctliche Atmosph\u00e4re zu begleiten <strong>.<\/strong> Ein einzigartiges und ganz besonderes Geschenk, das Jung und Alt gleicherma\u00dfen \u00fcberraschen wird.  <strong>haben eine Glocke im Inneren, die klingelt, wenn die Kleinen sie sch\u00fctteln und ein Ger\u00e4usch machen.<\/strong><\/p>\n<\/div>\n<p>&nbsp;<\/p>\n<p>&nbsp;<\/p>\n<p>&nbsp;<\/p>\n","protected":false},"excerpt":{"rendered":"<p>Unser<strong> Pl\u00fcschpaket<\/strong> zum Spielen und Dekorieren besteht aus<strong> 2 h\u00fcbschen kleinen Kraken<\/strong> in Blau und Wei\u00df sowie <strong>einem Rochenfisch<\/strong> in Hellblau. Sie haben<strong> eine Glocke im Inneren<\/strong>, die ein leises Ger\u00e4usch macht, und<strong> 2 Applikationen<\/strong> aus demselben Stoff, damit Sie <strong>sie <\/strong> einfach <strong>an die Wand h\u00e4ngen k\u00f6nnen. <\/strong>  <\/p>\n<p>Ein einzigartiges <strong>Doco-Wall-Play-Element<\/strong>, bei dem die Meereswelt dem Zimmer der Kleinen eine sch\u00f6ne Note verleiht.<\/p>\n<p>Unsere lustigen Decken k\u00f6nnen auch als <strong>originelle Bettkissen<\/strong> verwendet werden.<\/p>\n<p>Hand- oder <strong>Maschinenw\u00e4sche<\/strong>.<\/p>\n<p><strong>Abmessungen:<\/strong><\/p>\n<p>-Streifenfisch: 59cm x 11cm x 65cm<\/p>\n<p>-Gewicht: 8cm x 5cm x 59cm<\/p>\n<p>&nbsp;<\/p>\n","protected":false},"featured_media":25836,"template":"","meta":{"_acf_changed":false,"_joinchat":[]},"product_brand":[],"product_cat":[6581],"product_tag":[6235,6234,6588,6585,6233,6583],"class_list":{"0":"post-25826","1":"product","2":"type-product","3":"status-publish","4":"has-post-thumbnail","6":"product_cat-ozeanische-teddien","7":"product_tag-decokids","8":"product_tag-dekoration","9":"product_tag-knuddeliger-fisch","10":"product_tag-kuscheliger-belugawal","11":"product_tag-teddy","12":"product_tag-wand","13":"entry","15":"first","16":"instock","17":"featured","18":"taxable","19":"shipping-taxable","20":"purchasable","21":"product-type-simple"},"acf":[],"yoast_head":"<!-- This site is optimized with the Yoast SEO Premium plugin v26.1 (Yoast SEO v27.3) - https:\/\/yoast.com\/product\/yoast-seo-premium-wordpress\/ -->\n<title>- PACKUNG HELLBLAUER ROCHENFISCH UND PACKUNG MINI-KRAKE -% % %<\/title>\n<meta name=\"description\" content=\"Unser Pl\u00fcschpaket zum Spielen und Dekorieren besteht aus 2 niedlichen kleinen Kraken in Blau und Wei\u00df zusammen mit einer hellblau gestreiften Decke. Sie haben eine Rassel im Inneren, die ein leises Ger\u00e4usch macht, und 2 Applikationen aus demselben Stoff, mit denen Sie sie leicht an die Wand h\u00e4ngen k\u00f6nnen. Ein einzigartiges Doco-Wall-Play-Element, bei dem die Meereswelt dem Zimmer der Kleinen eine sch\u00f6ne Note verleiht. Unsere lustigen Decken k\u00f6nnen auch als originelle Bettkissen verwendet werden.\" \/>\n<meta name=\"robots\" content=\"index, follow, max-snippet:-1, max-image-preview:large, max-video-preview:-1\" \/>\n<link rel=\"canonical\" href=\"https:\/\/crochetts.com\/de\/tienda\/packung-hellblauer-rochenfisch-und-packung-mini-krake\/\" \/>\n<meta property=\"og:locale\" content=\"de_DE\" \/>\n<meta property=\"og:type\" content=\"article\" \/>\n<meta property=\"og:title\" content=\"PACKUNG HELLBLAUER ROCHENFISCH UND PACKUNG MINI-KRAKE\" \/>\n<meta property=\"og:description\" content=\"Unser Pl\u00fcschpaket zum Spielen und Dekorieren besteht aus 2 h\u00fcbschen kleinen Kraken in Blau und Wei\u00df sowie einem Rochenfisch in Hellblau. Sie haben eine Glocke im Inneren, die ein leises Ger\u00e4usch macht, und 2 Applikationen aus demselben Stoff, damit Sie sie einfach an die Wand h\u00e4ngen k\u00f6nnen.   Ein einzigartiges Doco-Wall-Play-Element, bei dem die Meereswelt dem Zimmer der Kleinen eine sch\u00f6ne Note verleiht. Unsere lustigen Decken k\u00f6nnen auch als originelle Bettkissen verwendet werden. Hand- oder Maschinenw\u00e4sche. Abmessungen: -Streifenfisch: 59cm x 11cm x 65cm -Gewicht: 8cm x 5cm x 59cm &nbsp;\" \/>\n<meta property=\"og:url\" content=\"https:\/\/crochetts.com\/de\/tienda\/packung-hellblauer-rochenfisch-und-packung-mini-krake\/\" \/>\n<meta property=\"og:site_name\" content=\"Crochetts\" \/>\n<meta property=\"article:publisher\" content=\"https:\/\/www.facebook.com\/Crochetts-101964178013493\" \/>\n<meta property=\"article:modified_time\" content=\"2025-11-26T09:19:39+00:00\" \/>\n<meta property=\"og:image\" content=\"https:\/\/crochetts.com\/wp-content\/uploads\/2023\/10\/4030_1.jpg\" \/>\n\t<meta property=\"og:image:width\" content=\"668\" \/>\n\t<meta property=\"og:image:height\" content=\"1000\" \/>\n\t<meta property=\"og:image:type\" content=\"image\/jpeg\" \/>\n<meta name=\"twitter:card\" content=\"summary_large_image\" \/>\n<meta name=\"twitter:label1\" content=\"Preis\" \/>\n\t<meta name=\"twitter:data1\" content=\"90,00&nbsp;&euro;\" \/>\n\t<meta name=\"twitter:label2\" content=\"Verf\u00fcgbarkeit\" \/>\n\t<meta name=\"twitter:data2\" content=\"Auf Lager\" \/>\n<script type=\"application\/ld+json\" class=\"yoast-schema-graph\">{\"@context\":\"https:\\\/\\\/schema.org\",\"@graph\":[{\"@type\":\"WebPage\",\"@id\":\"https:\\\/\\\/crochetts.com\\\/de\\\/tienda\\\/packung-hellblauer-rochenfisch-und-packung-mini-krake\\\/\",\"url\":\"https:\\\/\\\/crochetts.com\\\/de\\\/tienda\\\/packung-hellblauer-rochenfisch-und-packung-mini-krake\\\/\",\"name\":\"- PACKUNG HELLBLAUER ROCHENFISCH UND PACKUNG MINI-KRAKE -% % %\",\"isPartOf\":{\"@id\":\"https:\\\/\\\/crochetts.com\\\/de\\\/#website\"},\"primaryImageOfPage\":{\"@id\":\"https:\\\/\\\/crochetts.com\\\/de\\\/tienda\\\/packung-hellblauer-rochenfisch-und-packung-mini-krake\\\/#primaryimage\"},\"image\":{\"@id\":\"https:\\\/\\\/crochetts.com\\\/de\\\/tienda\\\/packung-hellblauer-rochenfisch-und-packung-mini-krake\\\/#primaryimage\"},\"thumbnailUrl\":\"https:\\\/\\\/crochetts.com\\\/wp-content\\\/uploads\\\/2023\\\/10\\\/4030_1.jpg\",\"datePublished\":\"2023-10-06T10:57:00+00:00\",\"dateModified\":\"2025-11-26T09:19:39+00:00\",\"description\":\"Unser Pl\u00fcschpaket zum Spielen und Dekorieren besteht aus 2 niedlichen kleinen Kraken in Blau und Wei\u00df zusammen mit einer hellblau gestreiften Decke. Sie haben eine Rassel im Inneren, die ein leises Ger\u00e4usch macht, und 2 Applikationen aus demselben Stoff, mit denen Sie sie leicht an die Wand h\u00e4ngen k\u00f6nnen. Ein einzigartiges Doco-Wall-Play-Element, bei dem die Meereswelt dem Zimmer der Kleinen eine sch\u00f6ne Note verleiht. Unsere lustigen Decken k\u00f6nnen auch als originelle Bettkissen verwendet werden.\",\"breadcrumb\":{\"@id\":\"https:\\\/\\\/crochetts.com\\\/de\\\/tienda\\\/packung-hellblauer-rochenfisch-und-packung-mini-krake\\\/#breadcrumb\"},\"inLanguage\":\"de\",\"potentialAction\":[{\"@type\":\"ReadAction\",\"target\":[\"https:\\\/\\\/crochetts.com\\\/de\\\/tienda\\\/packung-hellblauer-rochenfisch-und-packung-mini-krake\\\/\"]}]},{\"@type\":\"ImageObject\",\"inLanguage\":\"de\",\"@id\":\"https:\\\/\\\/crochetts.com\\\/de\\\/tienda\\\/packung-hellblauer-rochenfisch-und-packung-mini-krake\\\/#primaryimage\",\"url\":\"https:\\\/\\\/crochetts.com\\\/wp-content\\\/uploads\\\/2023\\\/10\\\/4030_1.jpg\",\"contentUrl\":\"https:\\\/\\\/crochetts.com\\\/wp-content\\\/uploads\\\/2023\\\/10\\\/4030_1.jpg\",\"width\":668,\"height\":1000},{\"@type\":\"BreadcrumbList\",\"@id\":\"https:\\\/\\\/crochetts.com\\\/de\\\/tienda\\\/packung-hellblauer-rochenfisch-und-packung-mini-krake\\\/#breadcrumb\",\"itemListElement\":[{\"@type\":\"ListItem\",\"position\":1,\"name\":\"Portada\",\"item\":\"https:\\\/\\\/crochetts.com\\\/de\\\/startseite\\\/\"},{\"@type\":\"ListItem\",\"position\":2,\"name\":\"Shop\",\"item\":\"https:\\\/\\\/crochetts.com\\\/de\\\/shop\\\/\"},{\"@type\":\"ListItem\",\"position\":3,\"name\":\"PACKUNG HELLBLAUER ROCHENFISCH UND PACKUNG MINI-KRAKE\"}]},{\"@type\":\"WebSite\",\"@id\":\"https:\\\/\\\/crochetts.com\\\/de\\\/#website\",\"url\":\"https:\\\/\\\/crochetts.com\\\/de\\\/\",\"name\":\"Crochetts\",\"description\":\"ANIMALES DE CROCHET PARA JUGAR,DECORAR Y SO\u00d1AR\",\"publisher\":{\"@id\":\"https:\\\/\\\/crochetts.com\\\/de\\\/#organization\"},\"potentialAction\":[{\"@type\":\"SearchAction\",\"target\":{\"@type\":\"EntryPoint\",\"urlTemplate\":\"https:\\\/\\\/crochetts.com\\\/de\\\/?s={search_term_string}\"},\"query-input\":{\"@type\":\"PropertyValueSpecification\",\"valueRequired\":true,\"valueName\":\"search_term_string\"}}],\"inLanguage\":\"de\"},{\"@type\":\"Organization\",\"@id\":\"https:\\\/\\\/crochetts.com\\\/de\\\/#organization\",\"name\":\"H\u00e4keln\",\"url\":\"https:\\\/\\\/crochetts.com\\\/de\\\/\",\"logo\":{\"@type\":\"ImageObject\",\"inLanguage\":\"de\",\"@id\":\"https:\\\/\\\/crochetts.com\\\/de\\\/#\\\/schema\\\/logo\\\/image\\\/\",\"url\":\"https:\\\/\\\/i2.wp.com\\\/crochetts.com\\\/wp-content\\\/uploads\\\/2021\\\/01\\\/Logo-Crochetts.jpg?fit=300%2C137&ssl=1\",\"contentUrl\":\"https:\\\/\\\/i2.wp.com\\\/crochetts.com\\\/wp-content\\\/uploads\\\/2021\\\/01\\\/Logo-Crochetts.jpg?fit=300%2C137&ssl=1\",\"width\":300,\"height\":137,\"caption\":\"H\u00e4keln\"},\"image\":{\"@id\":\"https:\\\/\\\/crochetts.com\\\/de\\\/#\\\/schema\\\/logo\\\/image\\\/\"},\"sameAs\":[\"https:\\\/\\\/www.facebook.com\\\/Crochetts-101964178013493\",\"https:\\\/\\\/www.instagram.com\\\/crochetts_\\\/\"]}]}<\/script>\n<meta property=\"product:price:amount\" content=\"90.00\" \/>\n<meta property=\"product:price:currency\" content=\"EUR\" \/>\n<meta property=\"og:availability\" content=\"instock\" \/>\n<meta property=\"product:availability\" content=\"instock\" \/>\n<meta property=\"product:retailer_item_id\" content=\"4030\" \/>\n<meta property=\"product:condition\" content=\"new\" \/>\n<!-- \/ Yoast SEO Premium plugin. -->","yoast_head_json":{"title":"- PACKUNG HELLBLAUER ROCHENFISCH UND PACKUNG MINI-KRAKE -% % %","description":"Unser Pl\u00fcschpaket zum Spielen und Dekorieren besteht aus 2 niedlichen kleinen Kraken in Blau und Wei\u00df zusammen mit einer hellblau gestreiften Decke. Sie haben eine Rassel im Inneren, die ein leises Ger\u00e4usch macht, und 2 Applikationen aus demselben Stoff, mit denen Sie sie leicht an die Wand h\u00e4ngen k\u00f6nnen. Ein einzigartiges Doco-Wall-Play-Element, bei dem die Meereswelt dem Zimmer der Kleinen eine sch\u00f6ne Note verleiht. Unsere lustigen Decken k\u00f6nnen auch als originelle Bettkissen verwendet werden.","robots":{"index":"index","follow":"follow","max-snippet":"max-snippet:-1","max-image-preview":"max-image-preview:large","max-video-preview":"max-video-preview:-1"},"canonical":"https:\/\/crochetts.com\/de\/tienda\/packung-hellblauer-rochenfisch-und-packung-mini-krake\/","og_locale":"de_DE","og_type":"article","og_title":"PACKUNG HELLBLAUER ROCHENFISCH UND PACKUNG MINI-KRAKE","og_description":"Unser Pl\u00fcschpaket zum Spielen und Dekorieren besteht aus 2 h\u00fcbschen kleinen Kraken in Blau und Wei\u00df sowie einem Rochenfisch in Hellblau. Sie haben eine Glocke im Inneren, die ein leises Ger\u00e4usch macht, und 2 Applikationen aus demselben Stoff, damit Sie sie einfach an die Wand h\u00e4ngen k\u00f6nnen.   Ein einzigartiges Doco-Wall-Play-Element, bei dem die Meereswelt dem Zimmer der Kleinen eine sch\u00f6ne Note verleiht. Unsere lustigen Decken k\u00f6nnen auch als originelle Bettkissen verwendet werden. Hand- oder Maschinenw\u00e4sche. Abmessungen: -Streifenfisch: 59cm x 11cm x 65cm -Gewicht: 8cm x 5cm x 59cm &nbsp;","og_url":"https:\/\/crochetts.com\/de\/tienda\/packung-hellblauer-rochenfisch-und-packung-mini-krake\/","og_site_name":"Crochetts","article_publisher":"https:\/\/www.facebook.com\/Crochetts-101964178013493","article_modified_time":"2025-11-26T09:19:39+00:00","og_image":[{"width":668,"height":1000,"url":"https:\/\/crochetts.com\/wp-content\/uploads\/2023\/10\/4030_1.jpg","type":"image\/jpeg"}],"twitter_card":"summary_large_image","twitter_misc":{"Preis":"90,00&nbsp;&euro;","Verf\u00fcgbarkeit":"Auf Lager"},"schema":{"@context":"https:\/\/schema.org","@graph":[{"@type":"WebPage","@id":"https:\/\/crochetts.com\/de\/tienda\/packung-hellblauer-rochenfisch-und-packung-mini-krake\/","url":"https:\/\/crochetts.com\/de\/tienda\/packung-hellblauer-rochenfisch-und-packung-mini-krake\/","name":"- PACKUNG HELLBLAUER ROCHENFISCH UND PACKUNG MINI-KRAKE -% % %","isPartOf":{"@id":"https:\/\/crochetts.com\/de\/#website"},"primaryImageOfPage":{"@id":"https:\/\/crochetts.com\/de\/tienda\/packung-hellblauer-rochenfisch-und-packung-mini-krake\/#primaryimage"},"image":{"@id":"https:\/\/crochetts.com\/de\/tienda\/packung-hellblauer-rochenfisch-und-packung-mini-krake\/#primaryimage"},"thumbnailUrl":"https:\/\/crochetts.com\/wp-content\/uploads\/2023\/10\/4030_1.jpg","datePublished":"2023-10-06T10:57:00+00:00","dateModified":"2025-11-26T09:19:39+00:00","description":"Unser Pl\u00fcschpaket zum Spielen und Dekorieren besteht aus 2 niedlichen kleinen Kraken in Blau und Wei\u00df zusammen mit einer hellblau gestreiften Decke. Sie haben eine Rassel im Inneren, die ein leises Ger\u00e4usch macht, und 2 Applikationen aus demselben Stoff, mit denen Sie sie leicht an die Wand h\u00e4ngen k\u00f6nnen. Ein einzigartiges Doco-Wall-Play-Element, bei dem die Meereswelt dem Zimmer der Kleinen eine sch\u00f6ne Note verleiht. Unsere lustigen Decken k\u00f6nnen auch als originelle Bettkissen verwendet werden.","breadcrumb":{"@id":"https:\/\/crochetts.com\/de\/tienda\/packung-hellblauer-rochenfisch-und-packung-mini-krake\/#breadcrumb"},"inLanguage":"de","potentialAction":[{"@type":"ReadAction","target":["https:\/\/crochetts.com\/de\/tienda\/packung-hellblauer-rochenfisch-und-packung-mini-krake\/"]}]},{"@type":"ImageObject","inLanguage":"de","@id":"https:\/\/crochetts.com\/de\/tienda\/packung-hellblauer-rochenfisch-und-packung-mini-krake\/#primaryimage","url":"https:\/\/crochetts.com\/wp-content\/uploads\/2023\/10\/4030_1.jpg","contentUrl":"https:\/\/crochetts.com\/wp-content\/uploads\/2023\/10\/4030_1.jpg","width":668,"height":1000},{"@type":"BreadcrumbList","@id":"https:\/\/crochetts.com\/de\/tienda\/packung-hellblauer-rochenfisch-und-packung-mini-krake\/#breadcrumb","itemListElement":[{"@type":"ListItem","position":1,"name":"Portada","item":"https:\/\/crochetts.com\/de\/startseite\/"},{"@type":"ListItem","position":2,"name":"Shop","item":"https:\/\/crochetts.com\/de\/shop\/"},{"@type":"ListItem","position":3,"name":"PACKUNG HELLBLAUER ROCHENFISCH UND PACKUNG MINI-KRAKE"}]},{"@type":"WebSite","@id":"https:\/\/crochetts.com\/de\/#website","url":"https:\/\/crochetts.com\/de\/","name":"Crochetts","description":"ANIMALES DE CROCHET PARA JUGAR,DECORAR Y SO\u00d1AR","publisher":{"@id":"https:\/\/crochetts.com\/de\/#organization"},"potentialAction":[{"@type":"SearchAction","target":{"@type":"EntryPoint","urlTemplate":"https:\/\/crochetts.com\/de\/?s={search_term_string}"},"query-input":{"@type":"PropertyValueSpecification","valueRequired":true,"valueName":"search_term_string"}}],"inLanguage":"de"},{"@type":"Organization","@id":"https:\/\/crochetts.com\/de\/#organization","name":"H\u00e4keln","url":"https:\/\/crochetts.com\/de\/","logo":{"@type":"ImageObject","inLanguage":"de","@id":"https:\/\/crochetts.com\/de\/#\/schema\/logo\/image\/","url":"https:\/\/i2.wp.com\/crochetts.com\/wp-content\/uploads\/2021\/01\/Logo-Crochetts.jpg?fit=300%2C137&ssl=1","contentUrl":"https:\/\/i2.wp.com\/crochetts.com\/wp-content\/uploads\/2021\/01\/Logo-Crochetts.jpg?fit=300%2C137&ssl=1","width":300,"height":137,"caption":"H\u00e4keln"},"image":{"@id":"https:\/\/crochetts.com\/de\/#\/schema\/logo\/image\/"},"sameAs":["https:\/\/www.facebook.com\/Crochetts-101964178013493","https:\/\/www.instagram.com\/crochetts_\/"]}]},"product_price_amount":"90.00","product_price_currency":"EUR","og_availability":"instock","product_availability":"instock","product_retailer_item_id":"4030","product_condition":"new"},"_links":{"self":[{"href":"https:\/\/crochetts.com\/de\/wp-json\/wp\/v2\/product\/25826","targetHints":{"allow":["GET"]}}],"collection":[{"href":"https:\/\/crochetts.com\/de\/wp-json\/wp\/v2\/product"}],"about":[{"href":"https:\/\/crochetts.com\/de\/wp-json\/wp\/v2\/types\/product"}],"wp:featuredmedia":[{"embeddable":true,"href":"https:\/\/crochetts.com\/de\/wp-json\/wp\/v2\/media\/25836"}],"wp:attachment":[{"href":"https:\/\/crochetts.com\/de\/wp-json\/wp\/v2\/media?parent=25826"}],"wp:term":[{"taxonomy":"product_brand","embeddable":true,"href":"https:\/\/crochetts.com\/de\/wp-json\/wp\/v2\/product_brand?post=25826"},{"taxonomy":"product_cat","embeddable":true,"href":"https:\/\/crochetts.com\/de\/wp-json\/wp\/v2\/product_cat?post=25826"},{"taxonomy":"product_tag","embeddable":true,"href":"https:\/\/crochetts.com\/de\/wp-json\/wp\/v2\/product_tag?post=25826"}],"curies":[{"name":"wp","href":"https:\/\/api.w.org\/{rel}","templated":true}]}}