{"id":25792,"date":"2023-10-25T14:06:43","date_gmt":"2023-10-25T13:06:43","guid":{"rendered":"https:\/\/crochetts.com\/tienda\/baby-zoo-pack\/"},"modified":"2025-11-26T10:19:31","modified_gmt":"2025-11-26T09:19:31","slug":"baby-zoo-pack","status":"publish","type":"product","link":"https:\/\/crochetts.com\/de\/tienda\/baby-zoo-pack\/","title":{"rendered":"BABY ZOO PACK"},"content":{"rendered":"<div style=\"text-align: justify;\">\n<p>Unsere gesamte <strong>Kollektion an Pl\u00fcschtieren f\u00fcr Babys<\/strong> wurde speziell f\u00fcr die<strong> Kleinsten <\/strong> <strong>entwickelt <\/strong><strong>. <\/strong>Ein wesentliches Element, um<strong> die Interaktion des Babys zu f\u00f6rdern<\/strong>, indem es die Textur des Kuscheltiers und sein<strong> Ger\u00e4usch<\/strong> erkundet, wenn es bewegt wird. Eine gute M\u00f6glichkeit, sowohl die <strong>Sinne<\/strong> als auch die <strong>motorischen F\u00e4higkeiten <\/strong> <strong>zu entwickeln<\/strong> und das Baby in Momenten der <strong>Entspannung<\/strong> zu beruhigen. <\/p>\n<p>Hergestellt aus den besten Materialien, <strong>hochwertigen Stoffen <\/strong>und unglaublich <strong>weich<\/strong> und <strong>angenehm<\/strong> <strong>strukturiert<\/strong>, freundlich zu der zarten Haut der Kleinen. Der ideale Begleiter f\u00fcr Ihr Baby!<\/p>\n<p>&nbsp;<\/p>\n<\/div>\n","protected":false},"excerpt":{"rendered":"<p>Unsere <strong>Packung mit drei Pl\u00fcschtieren Baby-Elefanten<\/strong> und Schwein in gr\u00fcn, braun und rosa ist speziell f\u00fcr die Babys des Hauses konzipiert und aus den besten Materialien hergestellt. Hochwertiges Polyester. Unglaublich <strong>weich und angenehm zu ber\u00fchren,<\/strong> mit einer leichten, flexiblen und weichen F\u00fcllung, die es f\u00fcr Kinder einfach zu handhaben macht.<br \/>\nIdeal f\u00fcr die Kleinen, um eine angenehme Zeit zu verbringen und die Interaktion des Babys zu f\u00f6rdern, indem es die Formen und Texturen erkundet und den Geh\u00f6rsinn mit seinem Gl\u00f6ckchen stimuliert. <strong>Unsere Packung ist das perfekte Geschenk f\u00fcr ein Neugeborenes oder eine Babyparty.<\/strong>  <\/p>\n","protected":false},"featured_media":25802,"template":"","meta":{"_acf_changed":false,"_joinchat":[]},"product_brand":[],"product_cat":[6595],"product_tag":[6710,6217,6712,6708,6714,6711,6709,6713],"class_list":{"0":"post-25792","1":"product","2":"type-product","3":"status-publish","4":"has-post-thumbnail","6":"product_cat-baby","7":"product_tag-100-naturliche-baumwolle","8":"product_tag-baby-teddybar","9":"product_tag-baumwolle-baby-teddybar","10":"product_tag-doudou","11":"product_tag-ducky-doudou","12":"product_tag-entwicklung-des-babys","13":"product_tag-hypoallergenes-baumwoll-doodou","14":"product_tag-teddybar-doudou","15":"entry","17":"first","18":"outofstock","19":"taxable","20":"shipping-taxable","21":"purchasable","22":"product-type-simple"},"acf":[],"yoast_head":"<!-- This site is optimized with the Yoast SEO Premium plugin v26.1 (Yoast SEO v27.3) - https:\/\/yoast.com\/product\/yoast-seo-premium-wordpress\/ -->\n<title>BABY - %<\/title>\n<meta name=\"description\" content=\"Alle unsere Pl\u00fcschtiere f\u00fcr Babys wurden speziell f\u00fcr die Kleinsten entwickelt. Sie sind ideal, um die Interaktion Ihres Babys zu f\u00f6rdern, seine Sinne und motorischen F\u00e4higkeiten zu entwickeln und ihm zu helfen, sich zu entspannen.\" \/>\n<meta name=\"robots\" content=\"index, follow, max-snippet:-1, max-image-preview:large, max-video-preview:-1\" \/>\n<link rel=\"canonical\" href=\"https:\/\/crochetts.com\/de\/tienda\/baby-zoo-pack\/\" \/>\n<meta property=\"og:locale\" content=\"de_DE\" \/>\n<meta property=\"og:type\" content=\"article\" \/>\n<meta property=\"og:title\" content=\"BABY ZOO PACK\" \/>\n<meta property=\"og:description\" content=\"Unsere Packung mit drei Pl\u00fcschtieren Baby-Elefanten und Schwein in gr\u00fcn, braun und rosa ist speziell f\u00fcr die Babys des Hauses konzipiert und aus den besten Materialien hergestellt. Hochwertiges Polyester. Unglaublich weich und angenehm zu ber\u00fchren, mit einer leichten, flexiblen und weichen F\u00fcllung, die es f\u00fcr Kinder einfach zu handhaben macht. Ideal f\u00fcr die Kleinen, um eine angenehme Zeit zu verbringen und die Interaktion des Babys zu f\u00f6rdern, indem es die Formen und Texturen erkundet und den Geh\u00f6rsinn mit seinem Gl\u00f6ckchen stimuliert. Unsere Packung ist das perfekte Geschenk f\u00fcr ein Neugeborenes oder eine Babyparty.\" \/>\n<meta property=\"og:url\" content=\"https:\/\/crochetts.com\/de\/tienda\/baby-zoo-pack\/\" \/>\n<meta property=\"og:site_name\" content=\"Crochetts\" \/>\n<meta property=\"article:publisher\" content=\"https:\/\/www.facebook.com\/Crochetts-101964178013493\" \/>\n<meta property=\"article:modified_time\" content=\"2025-11-26T09:19:31+00:00\" \/>\n<meta property=\"og:image\" content=\"https:\/\/crochetts.com\/wp-content\/uploads\/2023\/10\/4024_1.jpg\" \/>\n\t<meta property=\"og:image:width\" content=\"668\" \/>\n\t<meta property=\"og:image:height\" content=\"1000\" \/>\n\t<meta property=\"og:image:type\" content=\"image\/jpeg\" \/>\n<meta name=\"twitter:card\" content=\"summary_large_image\" \/>\n<meta name=\"twitter:label1\" content=\"Preis\" \/>\n\t<meta name=\"twitter:data1\" content=\"56,99&nbsp;&euro;\" \/>\n\t<meta name=\"twitter:label2\" content=\"Verf\u00fcgbarkeit\" \/>\n\t<meta name=\"twitter:data2\" content=\"ausverkauft\" \/>\n<script type=\"application\/ld+json\" class=\"yoast-schema-graph\">{\"@context\":\"https:\\\/\\\/schema.org\",\"@graph\":[{\"@type\":\"WebPage\",\"@id\":\"https:\\\/\\\/crochetts.com\\\/de\\\/tienda\\\/baby-zoo-pack\\\/\",\"url\":\"https:\\\/\\\/crochetts.com\\\/de\\\/tienda\\\/baby-zoo-pack\\\/\",\"name\":\"BABY - %\",\"isPartOf\":{\"@id\":\"https:\\\/\\\/crochetts.com\\\/de\\\/#website\"},\"primaryImageOfPage\":{\"@id\":\"https:\\\/\\\/crochetts.com\\\/de\\\/tienda\\\/baby-zoo-pack\\\/#primaryimage\"},\"image\":{\"@id\":\"https:\\\/\\\/crochetts.com\\\/de\\\/tienda\\\/baby-zoo-pack\\\/#primaryimage\"},\"thumbnailUrl\":\"https:\\\/\\\/crochetts.com\\\/wp-content\\\/uploads\\\/2023\\\/10\\\/4024_1.jpg\",\"datePublished\":\"2023-10-25T13:06:43+00:00\",\"dateModified\":\"2025-11-26T09:19:31+00:00\",\"description\":\"Alle unsere Pl\u00fcschtiere f\u00fcr Babys wurden speziell f\u00fcr die Kleinsten entwickelt. Sie sind ideal, um die Interaktion Ihres Babys zu f\u00f6rdern, seine Sinne und motorischen F\u00e4higkeiten zu entwickeln und ihm zu helfen, sich zu entspannen.\",\"breadcrumb\":{\"@id\":\"https:\\\/\\\/crochetts.com\\\/de\\\/tienda\\\/baby-zoo-pack\\\/#breadcrumb\"},\"inLanguage\":\"de\",\"potentialAction\":[{\"@type\":\"ReadAction\",\"target\":[\"https:\\\/\\\/crochetts.com\\\/de\\\/tienda\\\/baby-zoo-pack\\\/\"]}]},{\"@type\":\"ImageObject\",\"inLanguage\":\"de\",\"@id\":\"https:\\\/\\\/crochetts.com\\\/de\\\/tienda\\\/baby-zoo-pack\\\/#primaryimage\",\"url\":\"https:\\\/\\\/crochetts.com\\\/wp-content\\\/uploads\\\/2023\\\/10\\\/4024_1.jpg\",\"contentUrl\":\"https:\\\/\\\/crochetts.com\\\/wp-content\\\/uploads\\\/2023\\\/10\\\/4024_1.jpg\",\"width\":668,\"height\":1000},{\"@type\":\"BreadcrumbList\",\"@id\":\"https:\\\/\\\/crochetts.com\\\/de\\\/tienda\\\/baby-zoo-pack\\\/#breadcrumb\",\"itemListElement\":[{\"@type\":\"ListItem\",\"position\":1,\"name\":\"Portada\",\"item\":\"https:\\\/\\\/crochetts.com\\\/de\\\/startseite\\\/\"},{\"@type\":\"ListItem\",\"position\":2,\"name\":\"Shop\",\"item\":\"https:\\\/\\\/crochetts.com\\\/de\\\/shop\\\/\"},{\"@type\":\"ListItem\",\"position\":3,\"name\":\"BABY ZOO PACK\"}]},{\"@type\":\"WebSite\",\"@id\":\"https:\\\/\\\/crochetts.com\\\/de\\\/#website\",\"url\":\"https:\\\/\\\/crochetts.com\\\/de\\\/\",\"name\":\"Crochetts\",\"description\":\"ANIMALES DE CROCHET PARA JUGAR,DECORAR Y SO\u00d1AR\",\"publisher\":{\"@id\":\"https:\\\/\\\/crochetts.com\\\/de\\\/#organization\"},\"potentialAction\":[{\"@type\":\"SearchAction\",\"target\":{\"@type\":\"EntryPoint\",\"urlTemplate\":\"https:\\\/\\\/crochetts.com\\\/de\\\/?s={search_term_string}\"},\"query-input\":{\"@type\":\"PropertyValueSpecification\",\"valueRequired\":true,\"valueName\":\"search_term_string\"}}],\"inLanguage\":\"de\"},{\"@type\":\"Organization\",\"@id\":\"https:\\\/\\\/crochetts.com\\\/de\\\/#organization\",\"name\":\"H\u00e4keln\",\"url\":\"https:\\\/\\\/crochetts.com\\\/de\\\/\",\"logo\":{\"@type\":\"ImageObject\",\"inLanguage\":\"de\",\"@id\":\"https:\\\/\\\/crochetts.com\\\/de\\\/#\\\/schema\\\/logo\\\/image\\\/\",\"url\":\"https:\\\/\\\/i2.wp.com\\\/crochetts.com\\\/wp-content\\\/uploads\\\/2021\\\/01\\\/Logo-Crochetts.jpg?fit=300%2C137&ssl=1\",\"contentUrl\":\"https:\\\/\\\/i2.wp.com\\\/crochetts.com\\\/wp-content\\\/uploads\\\/2021\\\/01\\\/Logo-Crochetts.jpg?fit=300%2C137&ssl=1\",\"width\":300,\"height\":137,\"caption\":\"H\u00e4keln\"},\"image\":{\"@id\":\"https:\\\/\\\/crochetts.com\\\/de\\\/#\\\/schema\\\/logo\\\/image\\\/\"},\"sameAs\":[\"https:\\\/\\\/www.facebook.com\\\/Crochetts-101964178013493\",\"https:\\\/\\\/www.instagram.com\\\/crochetts_\\\/\"]}]}<\/script>\n<meta property=\"product:price:amount\" content=\"56.99\" \/>\n<meta property=\"product:price:currency\" content=\"EUR\" \/>\n<meta property=\"og:availability\" content=\"out of stock\" \/>\n<meta property=\"product:availability\" content=\"out of stock\" \/>\n<meta property=\"product:retailer_item_id\" content=\"4024\" \/>\n<meta property=\"product:condition\" content=\"new\" \/>\n<!-- \/ Yoast SEO Premium plugin. -->","yoast_head_json":{"title":"BABY - %","description":"Alle unsere Pl\u00fcschtiere f\u00fcr Babys wurden speziell f\u00fcr die Kleinsten entwickelt. Sie sind ideal, um die Interaktion Ihres Babys zu f\u00f6rdern, seine Sinne und motorischen F\u00e4higkeiten zu entwickeln und ihm zu helfen, sich zu entspannen.","robots":{"index":"index","follow":"follow","max-snippet":"max-snippet:-1","max-image-preview":"max-image-preview:large","max-video-preview":"max-video-preview:-1"},"canonical":"https:\/\/crochetts.com\/de\/tienda\/baby-zoo-pack\/","og_locale":"de_DE","og_type":"article","og_title":"BABY ZOO PACK","og_description":"Unsere Packung mit drei Pl\u00fcschtieren Baby-Elefanten und Schwein in gr\u00fcn, braun und rosa ist speziell f\u00fcr die Babys des Hauses konzipiert und aus den besten Materialien hergestellt. Hochwertiges Polyester. Unglaublich weich und angenehm zu ber\u00fchren, mit einer leichten, flexiblen und weichen F\u00fcllung, die es f\u00fcr Kinder einfach zu handhaben macht. Ideal f\u00fcr die Kleinen, um eine angenehme Zeit zu verbringen und die Interaktion des Babys zu f\u00f6rdern, indem es die Formen und Texturen erkundet und den Geh\u00f6rsinn mit seinem Gl\u00f6ckchen stimuliert. Unsere Packung ist das perfekte Geschenk f\u00fcr ein Neugeborenes oder eine Babyparty.","og_url":"https:\/\/crochetts.com\/de\/tienda\/baby-zoo-pack\/","og_site_name":"Crochetts","article_publisher":"https:\/\/www.facebook.com\/Crochetts-101964178013493","article_modified_time":"2025-11-26T09:19:31+00:00","og_image":[{"width":668,"height":1000,"url":"https:\/\/crochetts.com\/wp-content\/uploads\/2023\/10\/4024_1.jpg","type":"image\/jpeg"}],"twitter_card":"summary_large_image","twitter_misc":{"Preis":"56,99&nbsp;&euro;","Verf\u00fcgbarkeit":"ausverkauft"},"schema":{"@context":"https:\/\/schema.org","@graph":[{"@type":"WebPage","@id":"https:\/\/crochetts.com\/de\/tienda\/baby-zoo-pack\/","url":"https:\/\/crochetts.com\/de\/tienda\/baby-zoo-pack\/","name":"BABY - %","isPartOf":{"@id":"https:\/\/crochetts.com\/de\/#website"},"primaryImageOfPage":{"@id":"https:\/\/crochetts.com\/de\/tienda\/baby-zoo-pack\/#primaryimage"},"image":{"@id":"https:\/\/crochetts.com\/de\/tienda\/baby-zoo-pack\/#primaryimage"},"thumbnailUrl":"https:\/\/crochetts.com\/wp-content\/uploads\/2023\/10\/4024_1.jpg","datePublished":"2023-10-25T13:06:43+00:00","dateModified":"2025-11-26T09:19:31+00:00","description":"Alle unsere Pl\u00fcschtiere f\u00fcr Babys wurden speziell f\u00fcr die Kleinsten entwickelt. Sie sind ideal, um die Interaktion Ihres Babys zu f\u00f6rdern, seine Sinne und motorischen F\u00e4higkeiten zu entwickeln und ihm zu helfen, sich zu entspannen.","breadcrumb":{"@id":"https:\/\/crochetts.com\/de\/tienda\/baby-zoo-pack\/#breadcrumb"},"inLanguage":"de","potentialAction":[{"@type":"ReadAction","target":["https:\/\/crochetts.com\/de\/tienda\/baby-zoo-pack\/"]}]},{"@type":"ImageObject","inLanguage":"de","@id":"https:\/\/crochetts.com\/de\/tienda\/baby-zoo-pack\/#primaryimage","url":"https:\/\/crochetts.com\/wp-content\/uploads\/2023\/10\/4024_1.jpg","contentUrl":"https:\/\/crochetts.com\/wp-content\/uploads\/2023\/10\/4024_1.jpg","width":668,"height":1000},{"@type":"BreadcrumbList","@id":"https:\/\/crochetts.com\/de\/tienda\/baby-zoo-pack\/#breadcrumb","itemListElement":[{"@type":"ListItem","position":1,"name":"Portada","item":"https:\/\/crochetts.com\/de\/startseite\/"},{"@type":"ListItem","position":2,"name":"Shop","item":"https:\/\/crochetts.com\/de\/shop\/"},{"@type":"ListItem","position":3,"name":"BABY ZOO PACK"}]},{"@type":"WebSite","@id":"https:\/\/crochetts.com\/de\/#website","url":"https:\/\/crochetts.com\/de\/","name":"Crochetts","description":"ANIMALES DE CROCHET PARA JUGAR,DECORAR Y SO\u00d1AR","publisher":{"@id":"https:\/\/crochetts.com\/de\/#organization"},"potentialAction":[{"@type":"SearchAction","target":{"@type":"EntryPoint","urlTemplate":"https:\/\/crochetts.com\/de\/?s={search_term_string}"},"query-input":{"@type":"PropertyValueSpecification","valueRequired":true,"valueName":"search_term_string"}}],"inLanguage":"de"},{"@type":"Organization","@id":"https:\/\/crochetts.com\/de\/#organization","name":"H\u00e4keln","url":"https:\/\/crochetts.com\/de\/","logo":{"@type":"ImageObject","inLanguage":"de","@id":"https:\/\/crochetts.com\/de\/#\/schema\/logo\/image\/","url":"https:\/\/i2.wp.com\/crochetts.com\/wp-content\/uploads\/2021\/01\/Logo-Crochetts.jpg?fit=300%2C137&ssl=1","contentUrl":"https:\/\/i2.wp.com\/crochetts.com\/wp-content\/uploads\/2021\/01\/Logo-Crochetts.jpg?fit=300%2C137&ssl=1","width":300,"height":137,"caption":"H\u00e4keln"},"image":{"@id":"https:\/\/crochetts.com\/de\/#\/schema\/logo\/image\/"},"sameAs":["https:\/\/www.facebook.com\/Crochetts-101964178013493","https:\/\/www.instagram.com\/crochetts_\/"]}]},"product_price_amount":"56.99","product_price_currency":"EUR","og_availability":"out of stock","product_availability":"out of stock","product_retailer_item_id":"4024","product_condition":"new"},"_links":{"self":[{"href":"https:\/\/crochetts.com\/de\/wp-json\/wp\/v2\/product\/25792","targetHints":{"allow":["GET"]}}],"collection":[{"href":"https:\/\/crochetts.com\/de\/wp-json\/wp\/v2\/product"}],"about":[{"href":"https:\/\/crochetts.com\/de\/wp-json\/wp\/v2\/types\/product"}],"wp:featuredmedia":[{"embeddable":true,"href":"https:\/\/crochetts.com\/de\/wp-json\/wp\/v2\/media\/25802"}],"wp:attachment":[{"href":"https:\/\/crochetts.com\/de\/wp-json\/wp\/v2\/media?parent=25792"}],"wp:term":[{"taxonomy":"product_brand","embeddable":true,"href":"https:\/\/crochetts.com\/de\/wp-json\/wp\/v2\/product_brand?post=25792"},{"taxonomy":"product_cat","embeddable":true,"href":"https:\/\/crochetts.com\/de\/wp-json\/wp\/v2\/product_cat?post=25792"},{"taxonomy":"product_tag","embeddable":true,"href":"https:\/\/crochetts.com\/de\/wp-json\/wp\/v2\/product_tag?post=25792"}],"curies":[{"name":"wp","href":"https:\/\/api.w.org\/{rel}","templated":true}]}}