{"id":25697,"date":"2023-06-13T16:28:03","date_gmt":"2023-06-13T15:28:03","guid":{"rendered":"https:\/\/crochetts.com\/tienda\/pluesch-maxi-krake-pol\/"},"modified":"2025-11-26T10:09:39","modified_gmt":"2025-11-26T09:09:39","slug":"pluesch-maxi-krake-pol","status":"publish","type":"product","link":"https:\/\/crochetts.com\/de\/tienda\/pluesch-maxi-krake-pol\/","title":{"rendered":"PL\u00dcSCH-MAXI-KRAKE POL"},"content":{"rendered":"<div style=\"text-align: justify;\">\n<p>Unsere <strong>Ozean-Kollektion<\/strong> hat ein <strong>exklusives Design<\/strong>. Es handelt sich um Tiere mit einem sehr weichen Griff, die nach dem<strong> DECO-PLAY-Konzept<\/strong>entworfen wurden, so dass sie zum<strong> Spielen und zur Dekoration <\/strong><strong> der Zimmer<\/strong> der Kleinen zu Hause verwendet werden k\u00f6nnen. <strong>Sie haben<\/strong> auf der R\u00fcckseite <strong>einen Haken aus demselben Stoff<\/strong><strong>, damit sie an die Wand geh\u00e4ngt werden k\u00f6nnen. <\/strong>Sie k\u00f6nnen sie auch zur Dekoration des Bettes verwenden.<\/p>\n<\/div>\n<p>W\u00e4hlen Sie das Tier, das Ihnen am besten gef\u00e4llt, um sie in eine ruhige und gem\u00fctliche Atmosph\u00e4re zu begleiten<strong>.<\/strong> Ein einzigartiges und ganz besonderes Geschenk, das Jung und Alt gleicherma\u00dfen \u00fcberraschen wird.<\/p>\n<p>&nbsp;<\/p>\n<p>&nbsp;<\/p>\n<p>&nbsp;<\/p>\n","protected":false},"excerpt":{"rendered":"<p>Unser <strong>pastellblauer Oktopus<\/strong> ist aus weichem <strong>Frottee und Samt<\/strong> an der Unterseite der Beine gefertigt. Er hat <g id=\"gid_2\">eine Applikation aus demselben Stoff auf der R\u00fcckseite, so dass er aufgeh\u00e4ngt werden kann, um die W\u00e4nde von Kinderzimmern zu schm\u00fccken<\/g>. Es kann auch zur <strong>Dekoration von Betten oder als weiches Pl\u00fcschtier<\/strong> verwendet werden. Es hat ein lustiges Design, einen gro\u00dfen Kopf und viele Beine. Ein einzigartiges<strong> DECO WALL<\/strong> Element, das Kinderzimmern eine besondere Note verleiht.    <\/p>\n<p><strong>Ma\u00dfe:<\/strong> 29cm x 83cm.<\/p>\n<p>&nbsp;<\/p>\n","protected":false},"featured_media":25710,"template":"","meta":{"_acf_changed":false,"_joinchat":[]},"product_brand":[],"product_cat":[6262,6581],"product_tag":[6235,6234,6680,6678,6679,6681,6233],"class_list":{"0":"post-25697","1":"product","2":"type-product","3":"status-publish","4":"has-post-thumbnail","6":"product_cat-amigurumis-maxi","7":"product_cat-ozeanische-teddien","8":"product_tag-decokids","9":"product_tag-dekoration","10":"product_tag-geante-teddybar","11":"product_tag-gefullter-oktopus","12":"product_tag-riesenkrake","13":"product_tag-riesiges-stofftier","14":"product_tag-teddy","15":"entry","17":"first","18":"instock","19":"featured","20":"taxable","21":"shipping-taxable","22":"purchasable","23":"product-type-simple"},"acf":[],"yoast_head":"<!-- This site is optimized with the Yoast SEO Premium plugin v26.1 (Yoast SEO v27.3) - https:\/\/yoast.com\/product\/yoast-seo-premium-wordpress\/ -->\n<title>- PL\u00dcSCH-MAXI-KRAKE POL -% % %<\/title>\n<meta name=\"description\" content=\"Unser pastellblauer Oktopus ist aus weichem Frottee und Samt an der Unterseite der Beine gefertigt. Er hat eine Applikation aus demselben Stoff auf der R\u00fcckseite, so dass er aufgeh\u00e4ngt werden kann, um die W\u00e4nde von Kinderzimmern zu schm\u00fccken. Es kann auch zur Dekoration von Betten oder als weiches Pl\u00fcschtier verwendet werden. Es hat ein lustiges Design, einen gro\u00dfen Kopf und viele Beine. Ein einzigartiges DECO WALL Element, das Kinderzimmern eine besondere Note verleiht.\" \/>\n<meta name=\"robots\" content=\"index, follow, max-snippet:-1, max-image-preview:large, max-video-preview:-1\" \/>\n<link rel=\"canonical\" href=\"https:\/\/crochetts.com\/de\/tienda\/pluesch-maxi-krake-pol\/\" \/>\n<meta property=\"og:locale\" content=\"de_DE\" \/>\n<meta property=\"og:type\" content=\"article\" \/>\n<meta property=\"og:title\" content=\"PL\u00dcSCH-MAXI-KRAKE POL\" \/>\n<meta property=\"og:description\" content=\"Unser pastellblauer Oktopus ist aus weichem Frottee und Samt an der Unterseite der Beine gefertigt. Er hat eine Applikation aus demselben Stoff auf der R\u00fcckseite, so dass er aufgeh\u00e4ngt werden kann, um die W\u00e4nde von Kinderzimmern zu schm\u00fccken. Es kann auch zur Dekoration von Betten oder als weiches Pl\u00fcschtier verwendet werden. Es hat ein lustiges Design, einen gro\u00dfen Kopf und viele Beine. Ein einzigartiges DECO WALL Element, das Kinderzimmern eine besondere Note verleiht.   Ma\u00dfe: 29cm x 83cm. &nbsp;\" \/>\n<meta property=\"og:url\" content=\"https:\/\/crochetts.com\/de\/tienda\/pluesch-maxi-krake-pol\/\" \/>\n<meta property=\"og:site_name\" content=\"Crochetts\" \/>\n<meta property=\"article:publisher\" content=\"https:\/\/www.facebook.com\/Crochetts-101964178013493\" \/>\n<meta property=\"article:modified_time\" content=\"2025-11-26T09:09:39+00:00\" \/>\n<meta property=\"og:image\" content=\"https:\/\/crochetts.com\/wp-content\/uploads\/2023\/06\/4019_1.jpg\" \/>\n\t<meta property=\"og:image:width\" content=\"601\" \/>\n\t<meta property=\"og:image:height\" content=\"900\" \/>\n\t<meta property=\"og:image:type\" content=\"image\/jpeg\" \/>\n<meta name=\"twitter:card\" content=\"summary_large_image\" \/>\n<meta name=\"twitter:label1\" content=\"Preis\" \/>\n\t<meta name=\"twitter:data1\" content=\"82,99&nbsp;&euro;\" \/>\n\t<meta name=\"twitter:label2\" content=\"Verf\u00fcgbarkeit\" \/>\n\t<meta name=\"twitter:data2\" content=\"Auf Lager\" \/>\n<script type=\"application\/ld+json\" class=\"yoast-schema-graph\">{\"@context\":\"https:\\\/\\\/schema.org\",\"@graph\":[{\"@type\":\"WebPage\",\"@id\":\"https:\\\/\\\/crochetts.com\\\/de\\\/tienda\\\/pluesch-maxi-krake-pol\\\/\",\"url\":\"https:\\\/\\\/crochetts.com\\\/de\\\/tienda\\\/pluesch-maxi-krake-pol\\\/\",\"name\":\"- PL\u00dcSCH-MAXI-KRAKE POL -% % %\",\"isPartOf\":{\"@id\":\"https:\\\/\\\/crochetts.com\\\/de\\\/#website\"},\"primaryImageOfPage\":{\"@id\":\"https:\\\/\\\/crochetts.com\\\/de\\\/tienda\\\/pluesch-maxi-krake-pol\\\/#primaryimage\"},\"image\":{\"@id\":\"https:\\\/\\\/crochetts.com\\\/de\\\/tienda\\\/pluesch-maxi-krake-pol\\\/#primaryimage\"},\"thumbnailUrl\":\"https:\\\/\\\/crochetts.com\\\/wp-content\\\/uploads\\\/2023\\\/06\\\/4019_1.jpg\",\"datePublished\":\"2023-06-13T15:28:03+00:00\",\"dateModified\":\"2025-11-26T09:09:39+00:00\",\"description\":\"Unser pastellblauer Oktopus ist aus weichem Frottee und Samt an der Unterseite der Beine gefertigt. Er hat eine Applikation aus demselben Stoff auf der R\u00fcckseite, so dass er aufgeh\u00e4ngt werden kann, um die W\u00e4nde von Kinderzimmern zu schm\u00fccken. Es kann auch zur Dekoration von Betten oder als weiches Pl\u00fcschtier verwendet werden. Es hat ein lustiges Design, einen gro\u00dfen Kopf und viele Beine. Ein einzigartiges DECO WALL Element, das Kinderzimmern eine besondere Note verleiht.\",\"breadcrumb\":{\"@id\":\"https:\\\/\\\/crochetts.com\\\/de\\\/tienda\\\/pluesch-maxi-krake-pol\\\/#breadcrumb\"},\"inLanguage\":\"de\",\"potentialAction\":[{\"@type\":\"ReadAction\",\"target\":[\"https:\\\/\\\/crochetts.com\\\/de\\\/tienda\\\/pluesch-maxi-krake-pol\\\/\"]}]},{\"@type\":\"ImageObject\",\"inLanguage\":\"de\",\"@id\":\"https:\\\/\\\/crochetts.com\\\/de\\\/tienda\\\/pluesch-maxi-krake-pol\\\/#primaryimage\",\"url\":\"https:\\\/\\\/crochetts.com\\\/wp-content\\\/uploads\\\/2023\\\/06\\\/4019_1.jpg\",\"contentUrl\":\"https:\\\/\\\/crochetts.com\\\/wp-content\\\/uploads\\\/2023\\\/06\\\/4019_1.jpg\",\"width\":601,\"height\":900},{\"@type\":\"BreadcrumbList\",\"@id\":\"https:\\\/\\\/crochetts.com\\\/de\\\/tienda\\\/pluesch-maxi-krake-pol\\\/#breadcrumb\",\"itemListElement\":[{\"@type\":\"ListItem\",\"position\":1,\"name\":\"Portada\",\"item\":\"https:\\\/\\\/crochetts.com\\\/de\\\/startseite\\\/\"},{\"@type\":\"ListItem\",\"position\":2,\"name\":\"Shop\",\"item\":\"https:\\\/\\\/crochetts.com\\\/de\\\/shop\\\/\"},{\"@type\":\"ListItem\",\"position\":3,\"name\":\"PL\u00dcSCH-MAXI-KRAKE POL\"}]},{\"@type\":\"WebSite\",\"@id\":\"https:\\\/\\\/crochetts.com\\\/de\\\/#website\",\"url\":\"https:\\\/\\\/crochetts.com\\\/de\\\/\",\"name\":\"Crochetts\",\"description\":\"ANIMALES DE CROCHET PARA JUGAR,DECORAR Y SO\u00d1AR\",\"publisher\":{\"@id\":\"https:\\\/\\\/crochetts.com\\\/de\\\/#organization\"},\"potentialAction\":[{\"@type\":\"SearchAction\",\"target\":{\"@type\":\"EntryPoint\",\"urlTemplate\":\"https:\\\/\\\/crochetts.com\\\/de\\\/?s={search_term_string}\"},\"query-input\":{\"@type\":\"PropertyValueSpecification\",\"valueRequired\":true,\"valueName\":\"search_term_string\"}}],\"inLanguage\":\"de\"},{\"@type\":\"Organization\",\"@id\":\"https:\\\/\\\/crochetts.com\\\/de\\\/#organization\",\"name\":\"H\u00e4keln\",\"url\":\"https:\\\/\\\/crochetts.com\\\/de\\\/\",\"logo\":{\"@type\":\"ImageObject\",\"inLanguage\":\"de\",\"@id\":\"https:\\\/\\\/crochetts.com\\\/de\\\/#\\\/schema\\\/logo\\\/image\\\/\",\"url\":\"https:\\\/\\\/i2.wp.com\\\/crochetts.com\\\/wp-content\\\/uploads\\\/2021\\\/01\\\/Logo-Crochetts.jpg?fit=300%2C137&ssl=1\",\"contentUrl\":\"https:\\\/\\\/i2.wp.com\\\/crochetts.com\\\/wp-content\\\/uploads\\\/2021\\\/01\\\/Logo-Crochetts.jpg?fit=300%2C137&ssl=1\",\"width\":300,\"height\":137,\"caption\":\"H\u00e4keln\"},\"image\":{\"@id\":\"https:\\\/\\\/crochetts.com\\\/de\\\/#\\\/schema\\\/logo\\\/image\\\/\"},\"sameAs\":[\"https:\\\/\\\/www.facebook.com\\\/Crochetts-101964178013493\",\"https:\\\/\\\/www.instagram.com\\\/crochetts_\\\/\"]}]}<\/script>\n<meta property=\"product:price:amount\" content=\"82.99\" \/>\n<meta property=\"product:price:currency\" content=\"EUR\" \/>\n<meta property=\"og:availability\" content=\"instock\" \/>\n<meta property=\"product:availability\" content=\"instock\" \/>\n<meta property=\"product:retailer_item_id\" content=\"4019\" \/>\n<meta property=\"product:condition\" content=\"new\" \/>\n<!-- \/ Yoast SEO Premium plugin. -->","yoast_head_json":{"title":"- PL\u00dcSCH-MAXI-KRAKE POL -% % %","description":"Unser pastellblauer Oktopus ist aus weichem Frottee und Samt an der Unterseite der Beine gefertigt. Er hat eine Applikation aus demselben Stoff auf der R\u00fcckseite, so dass er aufgeh\u00e4ngt werden kann, um die W\u00e4nde von Kinderzimmern zu schm\u00fccken. Es kann auch zur Dekoration von Betten oder als weiches Pl\u00fcschtier verwendet werden. Es hat ein lustiges Design, einen gro\u00dfen Kopf und viele Beine. Ein einzigartiges DECO WALL Element, das Kinderzimmern eine besondere Note verleiht.","robots":{"index":"index","follow":"follow","max-snippet":"max-snippet:-1","max-image-preview":"max-image-preview:large","max-video-preview":"max-video-preview:-1"},"canonical":"https:\/\/crochetts.com\/de\/tienda\/pluesch-maxi-krake-pol\/","og_locale":"de_DE","og_type":"article","og_title":"PL\u00dcSCH-MAXI-KRAKE POL","og_description":"Unser pastellblauer Oktopus ist aus weichem Frottee und Samt an der Unterseite der Beine gefertigt. Er hat eine Applikation aus demselben Stoff auf der R\u00fcckseite, so dass er aufgeh\u00e4ngt werden kann, um die W\u00e4nde von Kinderzimmern zu schm\u00fccken. Es kann auch zur Dekoration von Betten oder als weiches Pl\u00fcschtier verwendet werden. Es hat ein lustiges Design, einen gro\u00dfen Kopf und viele Beine. Ein einzigartiges DECO WALL Element, das Kinderzimmern eine besondere Note verleiht.   Ma\u00dfe: 29cm x 83cm. &nbsp;","og_url":"https:\/\/crochetts.com\/de\/tienda\/pluesch-maxi-krake-pol\/","og_site_name":"Crochetts","article_publisher":"https:\/\/www.facebook.com\/Crochetts-101964178013493","article_modified_time":"2025-11-26T09:09:39+00:00","og_image":[{"width":601,"height":900,"url":"https:\/\/crochetts.com\/wp-content\/uploads\/2023\/06\/4019_1.jpg","type":"image\/jpeg"}],"twitter_card":"summary_large_image","twitter_misc":{"Preis":"82,99&nbsp;&euro;","Verf\u00fcgbarkeit":"Auf Lager"},"schema":{"@context":"https:\/\/schema.org","@graph":[{"@type":"WebPage","@id":"https:\/\/crochetts.com\/de\/tienda\/pluesch-maxi-krake-pol\/","url":"https:\/\/crochetts.com\/de\/tienda\/pluesch-maxi-krake-pol\/","name":"- PL\u00dcSCH-MAXI-KRAKE POL -% % %","isPartOf":{"@id":"https:\/\/crochetts.com\/de\/#website"},"primaryImageOfPage":{"@id":"https:\/\/crochetts.com\/de\/tienda\/pluesch-maxi-krake-pol\/#primaryimage"},"image":{"@id":"https:\/\/crochetts.com\/de\/tienda\/pluesch-maxi-krake-pol\/#primaryimage"},"thumbnailUrl":"https:\/\/crochetts.com\/wp-content\/uploads\/2023\/06\/4019_1.jpg","datePublished":"2023-06-13T15:28:03+00:00","dateModified":"2025-11-26T09:09:39+00:00","description":"Unser pastellblauer Oktopus ist aus weichem Frottee und Samt an der Unterseite der Beine gefertigt. Er hat eine Applikation aus demselben Stoff auf der R\u00fcckseite, so dass er aufgeh\u00e4ngt werden kann, um die W\u00e4nde von Kinderzimmern zu schm\u00fccken. Es kann auch zur Dekoration von Betten oder als weiches Pl\u00fcschtier verwendet werden. Es hat ein lustiges Design, einen gro\u00dfen Kopf und viele Beine. Ein einzigartiges DECO WALL Element, das Kinderzimmern eine besondere Note verleiht.","breadcrumb":{"@id":"https:\/\/crochetts.com\/de\/tienda\/pluesch-maxi-krake-pol\/#breadcrumb"},"inLanguage":"de","potentialAction":[{"@type":"ReadAction","target":["https:\/\/crochetts.com\/de\/tienda\/pluesch-maxi-krake-pol\/"]}]},{"@type":"ImageObject","inLanguage":"de","@id":"https:\/\/crochetts.com\/de\/tienda\/pluesch-maxi-krake-pol\/#primaryimage","url":"https:\/\/crochetts.com\/wp-content\/uploads\/2023\/06\/4019_1.jpg","contentUrl":"https:\/\/crochetts.com\/wp-content\/uploads\/2023\/06\/4019_1.jpg","width":601,"height":900},{"@type":"BreadcrumbList","@id":"https:\/\/crochetts.com\/de\/tienda\/pluesch-maxi-krake-pol\/#breadcrumb","itemListElement":[{"@type":"ListItem","position":1,"name":"Portada","item":"https:\/\/crochetts.com\/de\/startseite\/"},{"@type":"ListItem","position":2,"name":"Shop","item":"https:\/\/crochetts.com\/de\/shop\/"},{"@type":"ListItem","position":3,"name":"PL\u00dcSCH-MAXI-KRAKE POL"}]},{"@type":"WebSite","@id":"https:\/\/crochetts.com\/de\/#website","url":"https:\/\/crochetts.com\/de\/","name":"Crochetts","description":"ANIMALES DE CROCHET PARA JUGAR,DECORAR Y SO\u00d1AR","publisher":{"@id":"https:\/\/crochetts.com\/de\/#organization"},"potentialAction":[{"@type":"SearchAction","target":{"@type":"EntryPoint","urlTemplate":"https:\/\/crochetts.com\/de\/?s={search_term_string}"},"query-input":{"@type":"PropertyValueSpecification","valueRequired":true,"valueName":"search_term_string"}}],"inLanguage":"de"},{"@type":"Organization","@id":"https:\/\/crochetts.com\/de\/#organization","name":"H\u00e4keln","url":"https:\/\/crochetts.com\/de\/","logo":{"@type":"ImageObject","inLanguage":"de","@id":"https:\/\/crochetts.com\/de\/#\/schema\/logo\/image\/","url":"https:\/\/i2.wp.com\/crochetts.com\/wp-content\/uploads\/2021\/01\/Logo-Crochetts.jpg?fit=300%2C137&ssl=1","contentUrl":"https:\/\/i2.wp.com\/crochetts.com\/wp-content\/uploads\/2021\/01\/Logo-Crochetts.jpg?fit=300%2C137&ssl=1","width":300,"height":137,"caption":"H\u00e4keln"},"image":{"@id":"https:\/\/crochetts.com\/de\/#\/schema\/logo\/image\/"},"sameAs":["https:\/\/www.facebook.com\/Crochetts-101964178013493","https:\/\/www.instagram.com\/crochetts_\/"]}]},"product_price_amount":"82.99","product_price_currency":"EUR","og_availability":"instock","product_availability":"instock","product_retailer_item_id":"4019","product_condition":"new"},"_links":{"self":[{"href":"https:\/\/crochetts.com\/de\/wp-json\/wp\/v2\/product\/25697","targetHints":{"allow":["GET"]}}],"collection":[{"href":"https:\/\/crochetts.com\/de\/wp-json\/wp\/v2\/product"}],"about":[{"href":"https:\/\/crochetts.com\/de\/wp-json\/wp\/v2\/types\/product"}],"wp:featuredmedia":[{"embeddable":true,"href":"https:\/\/crochetts.com\/de\/wp-json\/wp\/v2\/media\/25710"}],"wp:attachment":[{"href":"https:\/\/crochetts.com\/de\/wp-json\/wp\/v2\/media?parent=25697"}],"wp:term":[{"taxonomy":"product_brand","embeddable":true,"href":"https:\/\/crochetts.com\/de\/wp-json\/wp\/v2\/product_brand?post=25697"},{"taxonomy":"product_cat","embeddable":true,"href":"https:\/\/crochetts.com\/de\/wp-json\/wp\/v2\/product_cat?post=25697"},{"taxonomy":"product_tag","embeddable":true,"href":"https:\/\/crochetts.com\/de\/wp-json\/wp\/v2\/product_tag?post=25697"}],"curies":[{"name":"wp","href":"https:\/\/api.w.org\/{rel}","templated":true}]}}