{"id":25678,"date":"2023-06-15T12:37:23","date_gmt":"2023-06-15T11:37:23","guid":{"rendered":"https:\/\/crochetts.com\/tienda\/weisse-und-blaue-quallen-kissenpackung\/"},"modified":"2026-01-16T12:36:45","modified_gmt":"2026-01-16T10:36:45","slug":"weisse-und-blaue-quallen-kissenpackung","status":"publish","type":"product","link":"https:\/\/crochetts.com\/de\/tienda\/weisse-und-blaue-quallen-kissenpackung\/","title":{"rendered":"WEISSE UND BLAUE QUALLEN KISSENPACKUNG"},"content":{"rendered":"<div style=\"text-align: justify;\">\n<div style=\"text-align: justify;\">\n<p>Unsere <strong>Ozean-Kollektion<\/strong> hat ein <strong>exklusives Design<\/strong>. Es handelt sich um Wassertiere mit einem sehr weichen Griff, die nach dem<strong> DECO-PLAY-Konzept<\/strong> entworfen wurden<strong>,<\/strong> so dass sie <strong>zum Spielen und zur Dekoration <\/strong><strong> der Zimmer<\/strong> der Kleinen im Haus <strong>verwendet werden k\u00f6nnen <\/strong>. <strong>Unsere Quallen haben 1 Haken aus demselben Stoff<\/strong> an der Oberseite <strong>, um sie an die Wand zu h\u00e4ngen. <\/strong>Sie sind perfekt zum Spielen und zur Dekoration der eigenen W\u00e4nde.<\/p>\n<\/div>\n<p>W\u00e4hlen Sie das Tier, das Ihnen am besten gef\u00e4llt, um ihn in eine ruhige und gem\u00fctliche Atmosph\u00e4re zu begleiten <strong>.<\/strong> Ein einzigartiges und ganz besonderes Geschenk, das Jung und Alt gleicherma\u00dfen \u00fcberraschen wird.  <strong>haben eine Glocke im Inneren, die klingelt, wenn die Kleinen sie sch\u00fctteln und ein Ger\u00e4usch machen.<\/strong><\/p>\n<\/div>\n<p>&nbsp;<\/p>\n<p>&nbsp;<\/p>\n<p>&nbsp;<\/p>\n","protected":false},"excerpt":{"rendered":"<p>Unsere <strong>Packung Quallenkissen<\/strong> ist aus weichem, hochwertigem <strong>Frottee<\/strong> hergestellt. Sie haben eine <strong>Glocke<\/strong> im Inneren des K\u00f6rpers und eine <strong>Applikation auf der Oberseite aus demselben Stoff, so dass sie aufgeh\u00e4ngt werden k\u00f6nnen, um die W\u00e4nde von Kinderzimmern zu dekorieren<\/strong>. Sie k\u00f6nnen auch zur <strong>Dekoration von Betten oder als weiche Kuscheltiere<\/strong> verwendet werden <strong>.<\/strong> Sie haben ein lustiges Design, einen gro\u00dfen Regenschirm und viele Tentakel.  <\/p>\n<p>Ein einzigartiges <strong>Deko-Wandelement<\/strong>, das Kinderzimmern eine besondere Note verleiht.<\/p>\n<p><strong>Abmessungen:<br \/>\n<\/strong>-40cm x 8cm x 95cm.<\/p>\n<p>&nbsp;<\/p>\n","protected":false},"featured_media":25690,"template":"","meta":{"_acf_changed":false,"_joinchat":[]},"product_brand":[],"product_cat":[6581],"product_tag":[6235,6234,6670,6385,6233,6583],"class_list":{"0":"post-25678","1":"product","2":"type-product","3":"status-publish","4":"has-post-thumbnail","6":"product_cat-ozeanische-teddien","7":"product_tag-decokids","8":"product_tag-dekoration","9":"product_tag-kissen","10":"product_tag-quallen","11":"product_tag-teddy","12":"product_tag-wand","13":"entry","15":"first","16":"instock","17":"featured","18":"taxable","19":"shipping-taxable","20":"purchasable","21":"product-type-simple"},"acf":[],"yoast_head":"<!-- This site is optimized with the Yoast SEO Premium plugin v26.1 (Yoast SEO v27.3) - https:\/\/yoast.com\/product\/yoast-seo-premium-wordpress\/ -->\n<title>- WEISSE UND BLAUE QUALLEN KISSENPACKUNG -% % %<\/title>\n<meta name=\"description\" content=\"Unser P\u00e4ckchen Quallen in Blau und Wei\u00df ist aus weichem Frottee und Samt am Kopf gefertigt. Sie haben eine Glocke im Inneren des K\u00f6rpers und eine Applikation auf dem oberen Teil des gleichen Stoffes, so dass sie aufgeh\u00e4ngt werden k\u00f6nnen, um die W\u00e4nde im Zimmer der Kleinen zu schm\u00fccken. Dank der Glocke im Inneren sind sie perfekt geeignet, um die manuelle Bewegung der Kleinen und ihren H\u00f6rsinn zu stimulieren. Sie haben ein lustiges Design, das verschiedene Farben und Stoffe kombiniert. Ein einzigartiges Deko-Wandelement, das Kinderzimmern eine besondere Note verleiht.\" \/>\n<meta name=\"robots\" content=\"index, follow, max-snippet:-1, max-image-preview:large, max-video-preview:-1\" \/>\n<link rel=\"canonical\" href=\"https:\/\/crochetts.com\/de\/tienda\/weisse-und-blaue-quallen-kissenpackung\/\" \/>\n<meta property=\"og:locale\" content=\"de_DE\" \/>\n<meta property=\"og:type\" content=\"article\" \/>\n<meta property=\"og:title\" content=\"WEISSE UND BLAUE QUALLEN KISSENPACKUNG\" \/>\n<meta property=\"og:description\" content=\"Unsere Packung Quallenkissen ist aus weichem, hochwertigem Frottee hergestellt. Sie haben eine Glocke im Inneren des K\u00f6rpers und eine Applikation auf der Oberseite aus demselben Stoff, so dass sie aufgeh\u00e4ngt werden k\u00f6nnen, um die W\u00e4nde von Kinderzimmern zu dekorieren. Sie k\u00f6nnen auch zur Dekoration von Betten oder als weiche Kuscheltiere verwendet werden . Sie haben ein lustiges Design, einen gro\u00dfen Regenschirm und viele Tentakel.  Ein einzigartiges Deko-Wandelement, das Kinderzimmern eine besondere Note verleiht. Abmessungen: -40cm x 8cm x 95cm. &nbsp;\" \/>\n<meta property=\"og:url\" content=\"https:\/\/crochetts.com\/de\/tienda\/weisse-und-blaue-quallen-kissenpackung\/\" \/>\n<meta property=\"og:site_name\" content=\"Crochetts\" \/>\n<meta property=\"article:publisher\" content=\"https:\/\/www.facebook.com\/Crochetts-101964178013493\" \/>\n<meta property=\"article:modified_time\" content=\"2026-01-16T10:36:45+00:00\" \/>\n<meta property=\"og:image\" content=\"https:\/\/crochetts.com\/wp-content\/uploads\/2023\/06\/4010_3.jpg\" \/>\n\t<meta property=\"og:image:width\" content=\"601\" \/>\n\t<meta property=\"og:image:height\" content=\"900\" \/>\n\t<meta property=\"og:image:type\" content=\"image\/jpeg\" \/>\n<meta name=\"twitter:card\" content=\"summary_large_image\" \/>\n<meta name=\"twitter:label1\" content=\"Preis\" \/>\n\t<meta name=\"twitter:data1\" content=\"65,00&nbsp;&euro;\" \/>\n\t<meta name=\"twitter:label2\" content=\"Verf\u00fcgbarkeit\" \/>\n\t<meta name=\"twitter:data2\" content=\"Auf Lager\" \/>\n<script type=\"application\/ld+json\" class=\"yoast-schema-graph\">{\"@context\":\"https:\\\/\\\/schema.org\",\"@graph\":[{\"@type\":\"WebPage\",\"@id\":\"https:\\\/\\\/crochetts.com\\\/de\\\/tienda\\\/weisse-und-blaue-quallen-kissenpackung\\\/\",\"url\":\"https:\\\/\\\/crochetts.com\\\/de\\\/tienda\\\/weisse-und-blaue-quallen-kissenpackung\\\/\",\"name\":\"- WEISSE UND BLAUE QUALLEN KISSENPACKUNG -% % %\",\"isPartOf\":{\"@id\":\"https:\\\/\\\/crochetts.com\\\/de\\\/#website\"},\"primaryImageOfPage\":{\"@id\":\"https:\\\/\\\/crochetts.com\\\/de\\\/tienda\\\/weisse-und-blaue-quallen-kissenpackung\\\/#primaryimage\"},\"image\":{\"@id\":\"https:\\\/\\\/crochetts.com\\\/de\\\/tienda\\\/weisse-und-blaue-quallen-kissenpackung\\\/#primaryimage\"},\"thumbnailUrl\":\"https:\\\/\\\/crochetts.com\\\/wp-content\\\/uploads\\\/2023\\\/06\\\/4010_3.jpg\",\"datePublished\":\"2023-06-15T11:37:23+00:00\",\"dateModified\":\"2026-01-16T10:36:45+00:00\",\"description\":\"Unser P\u00e4ckchen Quallen in Blau und Wei\u00df ist aus weichem Frottee und Samt am Kopf gefertigt. Sie haben eine Glocke im Inneren des K\u00f6rpers und eine Applikation auf dem oberen Teil des gleichen Stoffes, so dass sie aufgeh\u00e4ngt werden k\u00f6nnen, um die W\u00e4nde im Zimmer der Kleinen zu schm\u00fccken. Dank der Glocke im Inneren sind sie perfekt geeignet, um die manuelle Bewegung der Kleinen und ihren H\u00f6rsinn zu stimulieren. Sie haben ein lustiges Design, das verschiedene Farben und Stoffe kombiniert. Ein einzigartiges Deko-Wandelement, das Kinderzimmern eine besondere Note verleiht.\",\"breadcrumb\":{\"@id\":\"https:\\\/\\\/crochetts.com\\\/de\\\/tienda\\\/weisse-und-blaue-quallen-kissenpackung\\\/#breadcrumb\"},\"inLanguage\":\"de\",\"potentialAction\":[{\"@type\":\"ReadAction\",\"target\":[\"https:\\\/\\\/crochetts.com\\\/de\\\/tienda\\\/weisse-und-blaue-quallen-kissenpackung\\\/\"]}]},{\"@type\":\"ImageObject\",\"inLanguage\":\"de\",\"@id\":\"https:\\\/\\\/crochetts.com\\\/de\\\/tienda\\\/weisse-und-blaue-quallen-kissenpackung\\\/#primaryimage\",\"url\":\"https:\\\/\\\/crochetts.com\\\/wp-content\\\/uploads\\\/2023\\\/06\\\/4010_3.jpg\",\"contentUrl\":\"https:\\\/\\\/crochetts.com\\\/wp-content\\\/uploads\\\/2023\\\/06\\\/4010_3.jpg\",\"width\":601,\"height\":900},{\"@type\":\"BreadcrumbList\",\"@id\":\"https:\\\/\\\/crochetts.com\\\/de\\\/tienda\\\/weisse-und-blaue-quallen-kissenpackung\\\/#breadcrumb\",\"itemListElement\":[{\"@type\":\"ListItem\",\"position\":1,\"name\":\"Portada\",\"item\":\"https:\\\/\\\/crochetts.com\\\/de\\\/startseite\\\/\"},{\"@type\":\"ListItem\",\"position\":2,\"name\":\"Shop\",\"item\":\"https:\\\/\\\/crochetts.com\\\/de\\\/shop\\\/\"},{\"@type\":\"ListItem\",\"position\":3,\"name\":\"WEISSE UND BLAUE QUALLEN KISSENPACKUNG\"}]},{\"@type\":\"WebSite\",\"@id\":\"https:\\\/\\\/crochetts.com\\\/de\\\/#website\",\"url\":\"https:\\\/\\\/crochetts.com\\\/de\\\/\",\"name\":\"Crochetts\",\"description\":\"ANIMALES DE CROCHET PARA JUGAR,DECORAR Y SO\u00d1AR\",\"publisher\":{\"@id\":\"https:\\\/\\\/crochetts.com\\\/de\\\/#organization\"},\"potentialAction\":[{\"@type\":\"SearchAction\",\"target\":{\"@type\":\"EntryPoint\",\"urlTemplate\":\"https:\\\/\\\/crochetts.com\\\/de\\\/?s={search_term_string}\"},\"query-input\":{\"@type\":\"PropertyValueSpecification\",\"valueRequired\":true,\"valueName\":\"search_term_string\"}}],\"inLanguage\":\"de\"},{\"@type\":\"Organization\",\"@id\":\"https:\\\/\\\/crochetts.com\\\/de\\\/#organization\",\"name\":\"H\u00e4keln\",\"url\":\"https:\\\/\\\/crochetts.com\\\/de\\\/\",\"logo\":{\"@type\":\"ImageObject\",\"inLanguage\":\"de\",\"@id\":\"https:\\\/\\\/crochetts.com\\\/de\\\/#\\\/schema\\\/logo\\\/image\\\/\",\"url\":\"https:\\\/\\\/i2.wp.com\\\/crochetts.com\\\/wp-content\\\/uploads\\\/2021\\\/01\\\/Logo-Crochetts.jpg?fit=300%2C137&ssl=1\",\"contentUrl\":\"https:\\\/\\\/i2.wp.com\\\/crochetts.com\\\/wp-content\\\/uploads\\\/2021\\\/01\\\/Logo-Crochetts.jpg?fit=300%2C137&ssl=1\",\"width\":300,\"height\":137,\"caption\":\"H\u00e4keln\"},\"image\":{\"@id\":\"https:\\\/\\\/crochetts.com\\\/de\\\/#\\\/schema\\\/logo\\\/image\\\/\"},\"sameAs\":[\"https:\\\/\\\/www.facebook.com\\\/Crochetts-101964178013493\",\"https:\\\/\\\/www.instagram.com\\\/crochetts_\\\/\"]}]}<\/script>\n<meta property=\"product:price:amount\" content=\"65.00\" \/>\n<meta property=\"product:price:currency\" content=\"EUR\" \/>\n<meta property=\"og:availability\" content=\"instock\" \/>\n<meta property=\"product:availability\" content=\"instock\" \/>\n<meta property=\"product:retailer_item_id\" content=\"4017\" \/>\n<meta property=\"product:condition\" content=\"new\" \/>\n<!-- \/ Yoast SEO Premium plugin. -->","yoast_head_json":{"title":"- WEISSE UND BLAUE QUALLEN KISSENPACKUNG -% % %","description":"Unser P\u00e4ckchen Quallen in Blau und Wei\u00df ist aus weichem Frottee und Samt am Kopf gefertigt. Sie haben eine Glocke im Inneren des K\u00f6rpers und eine Applikation auf dem oberen Teil des gleichen Stoffes, so dass sie aufgeh\u00e4ngt werden k\u00f6nnen, um die W\u00e4nde im Zimmer der Kleinen zu schm\u00fccken. Dank der Glocke im Inneren sind sie perfekt geeignet, um die manuelle Bewegung der Kleinen und ihren H\u00f6rsinn zu stimulieren. Sie haben ein lustiges Design, das verschiedene Farben und Stoffe kombiniert. Ein einzigartiges Deko-Wandelement, das Kinderzimmern eine besondere Note verleiht.","robots":{"index":"index","follow":"follow","max-snippet":"max-snippet:-1","max-image-preview":"max-image-preview:large","max-video-preview":"max-video-preview:-1"},"canonical":"https:\/\/crochetts.com\/de\/tienda\/weisse-und-blaue-quallen-kissenpackung\/","og_locale":"de_DE","og_type":"article","og_title":"WEISSE UND BLAUE QUALLEN KISSENPACKUNG","og_description":"Unsere Packung Quallenkissen ist aus weichem, hochwertigem Frottee hergestellt. Sie haben eine Glocke im Inneren des K\u00f6rpers und eine Applikation auf der Oberseite aus demselben Stoff, so dass sie aufgeh\u00e4ngt werden k\u00f6nnen, um die W\u00e4nde von Kinderzimmern zu dekorieren. Sie k\u00f6nnen auch zur Dekoration von Betten oder als weiche Kuscheltiere verwendet werden . Sie haben ein lustiges Design, einen gro\u00dfen Regenschirm und viele Tentakel.  Ein einzigartiges Deko-Wandelement, das Kinderzimmern eine besondere Note verleiht. Abmessungen: -40cm x 8cm x 95cm. &nbsp;","og_url":"https:\/\/crochetts.com\/de\/tienda\/weisse-und-blaue-quallen-kissenpackung\/","og_site_name":"Crochetts","article_publisher":"https:\/\/www.facebook.com\/Crochetts-101964178013493","article_modified_time":"2026-01-16T10:36:45+00:00","og_image":[{"width":601,"height":900,"url":"https:\/\/crochetts.com\/wp-content\/uploads\/2023\/06\/4010_3.jpg","type":"image\/jpeg"}],"twitter_card":"summary_large_image","twitter_misc":{"Preis":"65,00&nbsp;&euro;","Verf\u00fcgbarkeit":"Auf Lager"},"schema":{"@context":"https:\/\/schema.org","@graph":[{"@type":"WebPage","@id":"https:\/\/crochetts.com\/de\/tienda\/weisse-und-blaue-quallen-kissenpackung\/","url":"https:\/\/crochetts.com\/de\/tienda\/weisse-und-blaue-quallen-kissenpackung\/","name":"- WEISSE UND BLAUE QUALLEN KISSENPACKUNG -% % %","isPartOf":{"@id":"https:\/\/crochetts.com\/de\/#website"},"primaryImageOfPage":{"@id":"https:\/\/crochetts.com\/de\/tienda\/weisse-und-blaue-quallen-kissenpackung\/#primaryimage"},"image":{"@id":"https:\/\/crochetts.com\/de\/tienda\/weisse-und-blaue-quallen-kissenpackung\/#primaryimage"},"thumbnailUrl":"https:\/\/crochetts.com\/wp-content\/uploads\/2023\/06\/4010_3.jpg","datePublished":"2023-06-15T11:37:23+00:00","dateModified":"2026-01-16T10:36:45+00:00","description":"Unser P\u00e4ckchen Quallen in Blau und Wei\u00df ist aus weichem Frottee und Samt am Kopf gefertigt. Sie haben eine Glocke im Inneren des K\u00f6rpers und eine Applikation auf dem oberen Teil des gleichen Stoffes, so dass sie aufgeh\u00e4ngt werden k\u00f6nnen, um die W\u00e4nde im Zimmer der Kleinen zu schm\u00fccken. Dank der Glocke im Inneren sind sie perfekt geeignet, um die manuelle Bewegung der Kleinen und ihren H\u00f6rsinn zu stimulieren. Sie haben ein lustiges Design, das verschiedene Farben und Stoffe kombiniert. Ein einzigartiges Deko-Wandelement, das Kinderzimmern eine besondere Note verleiht.","breadcrumb":{"@id":"https:\/\/crochetts.com\/de\/tienda\/weisse-und-blaue-quallen-kissenpackung\/#breadcrumb"},"inLanguage":"de","potentialAction":[{"@type":"ReadAction","target":["https:\/\/crochetts.com\/de\/tienda\/weisse-und-blaue-quallen-kissenpackung\/"]}]},{"@type":"ImageObject","inLanguage":"de","@id":"https:\/\/crochetts.com\/de\/tienda\/weisse-und-blaue-quallen-kissenpackung\/#primaryimage","url":"https:\/\/crochetts.com\/wp-content\/uploads\/2023\/06\/4010_3.jpg","contentUrl":"https:\/\/crochetts.com\/wp-content\/uploads\/2023\/06\/4010_3.jpg","width":601,"height":900},{"@type":"BreadcrumbList","@id":"https:\/\/crochetts.com\/de\/tienda\/weisse-und-blaue-quallen-kissenpackung\/#breadcrumb","itemListElement":[{"@type":"ListItem","position":1,"name":"Portada","item":"https:\/\/crochetts.com\/de\/startseite\/"},{"@type":"ListItem","position":2,"name":"Shop","item":"https:\/\/crochetts.com\/de\/shop\/"},{"@type":"ListItem","position":3,"name":"WEISSE UND BLAUE QUALLEN KISSENPACKUNG"}]},{"@type":"WebSite","@id":"https:\/\/crochetts.com\/de\/#website","url":"https:\/\/crochetts.com\/de\/","name":"Crochetts","description":"ANIMALES DE CROCHET PARA JUGAR,DECORAR Y SO\u00d1AR","publisher":{"@id":"https:\/\/crochetts.com\/de\/#organization"},"potentialAction":[{"@type":"SearchAction","target":{"@type":"EntryPoint","urlTemplate":"https:\/\/crochetts.com\/de\/?s={search_term_string}"},"query-input":{"@type":"PropertyValueSpecification","valueRequired":true,"valueName":"search_term_string"}}],"inLanguage":"de"},{"@type":"Organization","@id":"https:\/\/crochetts.com\/de\/#organization","name":"H\u00e4keln","url":"https:\/\/crochetts.com\/de\/","logo":{"@type":"ImageObject","inLanguage":"de","@id":"https:\/\/crochetts.com\/de\/#\/schema\/logo\/image\/","url":"https:\/\/i2.wp.com\/crochetts.com\/wp-content\/uploads\/2021\/01\/Logo-Crochetts.jpg?fit=300%2C137&ssl=1","contentUrl":"https:\/\/i2.wp.com\/crochetts.com\/wp-content\/uploads\/2021\/01\/Logo-Crochetts.jpg?fit=300%2C137&ssl=1","width":300,"height":137,"caption":"H\u00e4keln"},"image":{"@id":"https:\/\/crochetts.com\/de\/#\/schema\/logo\/image\/"},"sameAs":["https:\/\/www.facebook.com\/Crochetts-101964178013493","https:\/\/www.instagram.com\/crochetts_\/"]}]},"product_price_amount":"65.00","product_price_currency":"EUR","og_availability":"instock","product_availability":"instock","product_retailer_item_id":"4017","product_condition":"new"},"_links":{"self":[{"href":"https:\/\/crochetts.com\/de\/wp-json\/wp\/v2\/product\/25678","targetHints":{"allow":["GET"]}}],"collection":[{"href":"https:\/\/crochetts.com\/de\/wp-json\/wp\/v2\/product"}],"about":[{"href":"https:\/\/crochetts.com\/de\/wp-json\/wp\/v2\/types\/product"}],"wp:featuredmedia":[{"embeddable":true,"href":"https:\/\/crochetts.com\/de\/wp-json\/wp\/v2\/media\/25690"}],"wp:attachment":[{"href":"https:\/\/crochetts.com\/de\/wp-json\/wp\/v2\/media?parent=25678"}],"wp:term":[{"taxonomy":"product_brand","embeddable":true,"href":"https:\/\/crochetts.com\/de\/wp-json\/wp\/v2\/product_brand?post=25678"},{"taxonomy":"product_cat","embeddable":true,"href":"https:\/\/crochetts.com\/de\/wp-json\/wp\/v2\/product_cat?post=25678"},{"taxonomy":"product_tag","embeddable":true,"href":"https:\/\/crochetts.com\/de\/wp-json\/wp\/v2\/product_tag?post=25678"}],"curies":[{"name":"wp","href":"https:\/\/api.w.org\/{rel}","templated":true}]}}