{"id":25665,"date":"2023-06-22T15:21:12","date_gmt":"2023-06-22T14:21:12","guid":{"rendered":"https:\/\/crochetts.com\/tienda\/kuscheltier-kissen-beluga-fisch-dunkelblau\/"},"modified":"2025-11-26T10:09:32","modified_gmt":"2025-11-26T09:09:32","slug":"kuscheltier-kissen-beluga-fisch-dunkelblau","status":"publish","type":"product","link":"https:\/\/crochetts.com\/de\/tienda\/kuscheltier-kissen-beluga-fisch-dunkelblau\/","title":{"rendered":"KUSCHELTIER - KISSEN BELUGA FISCH DUNKELBLAU"},"content":{"rendered":"<div style=\"text-align: justify;\">\n<div style=\"text-align: justify;\">\n<p>Unsere <strong>Ozean-Kollektion<\/strong> hat ein <strong>exklusives Design<\/strong>. Es handelt sich um Wassertiere mit einem sehr weichen Griff, die nach dem<strong> DECO-PLAY-Konzept<\/strong> entworfen wurden, so dass sie <strong>zum Spielen und Dekorieren <\/strong><strong> der Zimmer<\/strong> der Kleinen im Haus <strong>verwendet werden k\u00f6nnen <\/strong>. <strong>Unser Beluga-Fisch hat<\/strong> oben <strong>2 Haken aus demselben Stoff<\/strong> <strong>, um sie an die Wand zu h\u00e4ngen. <\/strong>Sie k\u00f6nnen ihn auch zur Dekoration des Bettes oder als bequemes Kissen verwenden.<\/p>\n<\/div>\n<p>W\u00e4hlen Sie das Tier, das Ihnen am besten gef\u00e4llt, um ihn in eine ruhige und gem\u00fctliche Atmosph\u00e4re zu begleiten <strong>.<\/strong> Ein einzigartiges und ganz besonderes Geschenk, das Jung und Alt gleicherma\u00dfen \u00fcberraschen wird.  <strong>haben eine Glocke im Inneren, die klingelt, wenn die Kleinen sie sch\u00fctteln und ein Ger\u00e4usch machen.<\/strong><\/p>\n<\/div>\n<p>&nbsp;<\/p>\n<p>&nbsp;<\/p>\n<p>&nbsp;<\/p>\n","protected":false},"excerpt":{"rendered":"<p>Unser <strong>dunkelblauer Beluga-Fisch<\/strong> ist aus weichem <strong>Frottee<\/strong> und Samt an der Unterseite gefertigt. Er hat eine <strong>Glocke<\/strong> im Inneren des K\u00f6rpers und <strong>zwei Applikationen auf der<\/strong> <strong>Oberseite aus demselben Stoff, so dass er aufgeh\u00e4ngt werden kann, um die W\u00e4nde von<\/strong> <strong>Kinderzimmern<\/strong> <strong>zu schm\u00fccken<\/strong>. Es kann auch als Kissen zur <strong>Dekoration von Betten oder als weiches Kuscheltier<\/strong> verwendet werden <strong>.<\/strong>  <\/p>\n<p>Er hat ein lustiges<strong> fischf\u00f6rmiges Design, gro\u00dfe Flossen und einen Schwanz.<\/strong><\/p>\n<p>Ein einzigartiges <strong>Deko-Wandelement<\/strong>, das Kinderzimmern eine besondere Note verleiht.<\/p>\n<p>Hand- oder <strong>Maschinenw\u00e4sche<\/strong>.<\/p>\n","protected":false},"featured_media":25666,"template":"","meta":{"_acf_changed":false,"_joinchat":[]},"product_brand":[],"product_cat":[6665,6581],"product_tag":[6235,6234,6669,6585,6668,6233,6667,6583],"class_list":{"0":"post-25665","1":"product","2":"type-product","3":"status-publish","4":"has-post-thumbnail","6":"product_cat-cushions","7":"product_cat-ozeanische-teddien","8":"product_tag-decokids","9":"product_tag-dekoration","10":"product_tag-kinderkissen","11":"product_tag-kuscheliger-belugawal","12":"product_tag-original-kissen","13":"product_tag-teddy","14":"product_tag-tierkissen","15":"product_tag-wand","16":"entry","18":"first","19":"instock","20":"featured","21":"taxable","22":"shipping-taxable","23":"purchasable","24":"product-type-simple"},"acf":[],"yoast_head":"<!-- This site is optimized with the Yoast SEO Premium plugin v26.1 (Yoast SEO v27.3) - https:\/\/yoast.com\/product\/yoast-seo-premium-wordpress\/ -->\n<title>- KUSCHELTIER - KISSEN BELUGA FISCH DUNKELBLAU -% % %<\/title>\n<meta name=\"description\" content=\"Unser dunkelblauer Beluga ist aus weichem Frottee und Samt an der Unterseite gefertigt. Er hat eine Glocke im Inneren des K\u00f6rpers und 2 Applikationen auf dem oberen Teil des gleichen Stoffes, so dass er aufgeh\u00e4ngt werden kann, um die W\u00e4nde von Kinderzimmern zu dekorieren. Es kann auch zur Dekoration von Betten, als Zierkissen oder als weiches Kuscheltier verwendet werden. Es hat ein lustiges Design in Form eines Belugawals, mit 2 Flossen und einem lustigen Wasserschwanz. Ein einzigartiges Deko-Wandelement, das zum Spielen einl\u00e4dt und Kinderzimmern eine besondere Note verleiht. Abmessungen: 29cm x 84cm.\" \/>\n<meta name=\"robots\" content=\"index, follow, max-snippet:-1, max-image-preview:large, max-video-preview:-1\" \/>\n<link rel=\"canonical\" href=\"https:\/\/crochetts.com\/de\/tienda\/kuscheltier-kissen-beluga-fisch-dunkelblau\/\" \/>\n<meta property=\"og:locale\" content=\"de_DE\" \/>\n<meta property=\"og:type\" content=\"article\" \/>\n<meta property=\"og:title\" content=\"KUSCHELTIER - KISSEN BELUGA FISCH DUNKELBLAU\" \/>\n<meta property=\"og:description\" content=\"Unser dunkelblauer Beluga-Fisch ist aus weichem Frottee und Samt an der Unterseite gefertigt. Er hat eine Glocke im Inneren des K\u00f6rpers und zwei Applikationen auf der Oberseite aus demselben Stoff, so dass er aufgeh\u00e4ngt werden kann, um die W\u00e4nde von Kinderzimmern zu schm\u00fccken. Es kann auch als Kissen zur Dekoration von Betten oder als weiches Kuscheltier verwendet werden .  Er hat ein lustiges fischf\u00f6rmiges Design, gro\u00dfe Flossen und einen Schwanz. Ein einzigartiges Deko-Wandelement, das Kinderzimmern eine besondere Note verleiht. Hand- oder Maschinenw\u00e4sche.\" \/>\n<meta property=\"og:url\" content=\"https:\/\/crochetts.com\/de\/tienda\/kuscheltier-kissen-beluga-fisch-dunkelblau\/\" \/>\n<meta property=\"og:site_name\" content=\"Crochetts\" \/>\n<meta property=\"article:publisher\" content=\"https:\/\/www.facebook.com\/Crochetts-101964178013493\" \/>\n<meta property=\"article:modified_time\" content=\"2025-11-26T09:09:32+00:00\" \/>\n<meta property=\"og:image\" content=\"https:\/\/crochetts.com\/wp-content\/uploads\/2023\/06\/4008_1.jpg\" \/>\n\t<meta property=\"og:image:width\" content=\"601\" \/>\n\t<meta property=\"og:image:height\" content=\"900\" \/>\n\t<meta property=\"og:image:type\" content=\"image\/jpeg\" \/>\n<meta name=\"twitter:card\" content=\"summary_large_image\" \/>\n<meta name=\"twitter:label1\" content=\"Preis\" \/>\n\t<meta name=\"twitter:data1\" content=\"54,00&nbsp;&euro;\" \/>\n\t<meta name=\"twitter:label2\" content=\"Verf\u00fcgbarkeit\" \/>\n\t<meta name=\"twitter:data2\" content=\"Auf Lager\" \/>\n<script type=\"application\/ld+json\" class=\"yoast-schema-graph\">{\"@context\":\"https:\\\/\\\/schema.org\",\"@graph\":[{\"@type\":\"WebPage\",\"@id\":\"https:\\\/\\\/crochetts.com\\\/de\\\/tienda\\\/kuscheltier-kissen-beluga-fisch-dunkelblau\\\/\",\"url\":\"https:\\\/\\\/crochetts.com\\\/de\\\/tienda\\\/kuscheltier-kissen-beluga-fisch-dunkelblau\\\/\",\"name\":\"- KUSCHELTIER - KISSEN BELUGA FISCH DUNKELBLAU -% % %\",\"isPartOf\":{\"@id\":\"https:\\\/\\\/crochetts.com\\\/de\\\/#website\"},\"primaryImageOfPage\":{\"@id\":\"https:\\\/\\\/crochetts.com\\\/de\\\/tienda\\\/kuscheltier-kissen-beluga-fisch-dunkelblau\\\/#primaryimage\"},\"image\":{\"@id\":\"https:\\\/\\\/crochetts.com\\\/de\\\/tienda\\\/kuscheltier-kissen-beluga-fisch-dunkelblau\\\/#primaryimage\"},\"thumbnailUrl\":\"https:\\\/\\\/crochetts.com\\\/wp-content\\\/uploads\\\/2023\\\/06\\\/4008_1.jpg\",\"datePublished\":\"2023-06-22T14:21:12+00:00\",\"dateModified\":\"2025-11-26T09:09:32+00:00\",\"description\":\"Unser dunkelblauer Beluga ist aus weichem Frottee und Samt an der Unterseite gefertigt. Er hat eine Glocke im Inneren des K\u00f6rpers und 2 Applikationen auf dem oberen Teil des gleichen Stoffes, so dass er aufgeh\u00e4ngt werden kann, um die W\u00e4nde von Kinderzimmern zu dekorieren. Es kann auch zur Dekoration von Betten, als Zierkissen oder als weiches Kuscheltier verwendet werden. Es hat ein lustiges Design in Form eines Belugawals, mit 2 Flossen und einem lustigen Wasserschwanz. Ein einzigartiges Deko-Wandelement, das zum Spielen einl\u00e4dt und Kinderzimmern eine besondere Note verleiht. Abmessungen: 29cm x 84cm.\",\"breadcrumb\":{\"@id\":\"https:\\\/\\\/crochetts.com\\\/de\\\/tienda\\\/kuscheltier-kissen-beluga-fisch-dunkelblau\\\/#breadcrumb\"},\"inLanguage\":\"de\",\"potentialAction\":[{\"@type\":\"ReadAction\",\"target\":[\"https:\\\/\\\/crochetts.com\\\/de\\\/tienda\\\/kuscheltier-kissen-beluga-fisch-dunkelblau\\\/\"]}]},{\"@type\":\"ImageObject\",\"inLanguage\":\"de\",\"@id\":\"https:\\\/\\\/crochetts.com\\\/de\\\/tienda\\\/kuscheltier-kissen-beluga-fisch-dunkelblau\\\/#primaryimage\",\"url\":\"https:\\\/\\\/crochetts.com\\\/wp-content\\\/uploads\\\/2023\\\/06\\\/4008_1.jpg\",\"contentUrl\":\"https:\\\/\\\/crochetts.com\\\/wp-content\\\/uploads\\\/2023\\\/06\\\/4008_1.jpg\",\"width\":601,\"height\":900},{\"@type\":\"BreadcrumbList\",\"@id\":\"https:\\\/\\\/crochetts.com\\\/de\\\/tienda\\\/kuscheltier-kissen-beluga-fisch-dunkelblau\\\/#breadcrumb\",\"itemListElement\":[{\"@type\":\"ListItem\",\"position\":1,\"name\":\"Portada\",\"item\":\"https:\\\/\\\/crochetts.com\\\/de\\\/startseite\\\/\"},{\"@type\":\"ListItem\",\"position\":2,\"name\":\"Shop\",\"item\":\"https:\\\/\\\/crochetts.com\\\/de\\\/shop\\\/\"},{\"@type\":\"ListItem\",\"position\":3,\"name\":\"KUSCHELTIER &#8211; KISSEN BELUGA FISCH DUNKELBLAU\"}]},{\"@type\":\"WebSite\",\"@id\":\"https:\\\/\\\/crochetts.com\\\/de\\\/#website\",\"url\":\"https:\\\/\\\/crochetts.com\\\/de\\\/\",\"name\":\"Crochetts\",\"description\":\"ANIMALES DE CROCHET PARA JUGAR,DECORAR Y SO\u00d1AR\",\"publisher\":{\"@id\":\"https:\\\/\\\/crochetts.com\\\/de\\\/#organization\"},\"potentialAction\":[{\"@type\":\"SearchAction\",\"target\":{\"@type\":\"EntryPoint\",\"urlTemplate\":\"https:\\\/\\\/crochetts.com\\\/de\\\/?s={search_term_string}\"},\"query-input\":{\"@type\":\"PropertyValueSpecification\",\"valueRequired\":true,\"valueName\":\"search_term_string\"}}],\"inLanguage\":\"de\"},{\"@type\":\"Organization\",\"@id\":\"https:\\\/\\\/crochetts.com\\\/de\\\/#organization\",\"name\":\"H\u00e4keln\",\"url\":\"https:\\\/\\\/crochetts.com\\\/de\\\/\",\"logo\":{\"@type\":\"ImageObject\",\"inLanguage\":\"de\",\"@id\":\"https:\\\/\\\/crochetts.com\\\/de\\\/#\\\/schema\\\/logo\\\/image\\\/\",\"url\":\"https:\\\/\\\/i2.wp.com\\\/crochetts.com\\\/wp-content\\\/uploads\\\/2021\\\/01\\\/Logo-Crochetts.jpg?fit=300%2C137&ssl=1\",\"contentUrl\":\"https:\\\/\\\/i2.wp.com\\\/crochetts.com\\\/wp-content\\\/uploads\\\/2021\\\/01\\\/Logo-Crochetts.jpg?fit=300%2C137&ssl=1\",\"width\":300,\"height\":137,\"caption\":\"H\u00e4keln\"},\"image\":{\"@id\":\"https:\\\/\\\/crochetts.com\\\/de\\\/#\\\/schema\\\/logo\\\/image\\\/\"},\"sameAs\":[\"https:\\\/\\\/www.facebook.com\\\/Crochetts-101964178013493\",\"https:\\\/\\\/www.instagram.com\\\/crochetts_\\\/\"]}]}<\/script>\n<meta property=\"product:price:amount\" content=\"54.00\" \/>\n<meta property=\"product:price:currency\" content=\"EUR\" \/>\n<meta property=\"og:availability\" content=\"instock\" \/>\n<meta property=\"product:availability\" content=\"instock\" \/>\n<meta property=\"product:retailer_item_id\" content=\"4008\" \/>\n<meta property=\"product:condition\" content=\"new\" \/>\n<!-- \/ Yoast SEO Premium plugin. -->","yoast_head_json":{"title":"- KUSCHELTIER - KISSEN BELUGA FISCH DUNKELBLAU -% % %","description":"Unser dunkelblauer Beluga ist aus weichem Frottee und Samt an der Unterseite gefertigt. Er hat eine Glocke im Inneren des K\u00f6rpers und 2 Applikationen auf dem oberen Teil des gleichen Stoffes, so dass er aufgeh\u00e4ngt werden kann, um die W\u00e4nde von Kinderzimmern zu dekorieren. Es kann auch zur Dekoration von Betten, als Zierkissen oder als weiches Kuscheltier verwendet werden. Es hat ein lustiges Design in Form eines Belugawals, mit 2 Flossen und einem lustigen Wasserschwanz. Ein einzigartiges Deko-Wandelement, das zum Spielen einl\u00e4dt und Kinderzimmern eine besondere Note verleiht. Abmessungen: 29cm x 84cm.","robots":{"index":"index","follow":"follow","max-snippet":"max-snippet:-1","max-image-preview":"max-image-preview:large","max-video-preview":"max-video-preview:-1"},"canonical":"https:\/\/crochetts.com\/de\/tienda\/kuscheltier-kissen-beluga-fisch-dunkelblau\/","og_locale":"de_DE","og_type":"article","og_title":"KUSCHELTIER - KISSEN BELUGA FISCH DUNKELBLAU","og_description":"Unser dunkelblauer Beluga-Fisch ist aus weichem Frottee und Samt an der Unterseite gefertigt. Er hat eine Glocke im Inneren des K\u00f6rpers und zwei Applikationen auf der Oberseite aus demselben Stoff, so dass er aufgeh\u00e4ngt werden kann, um die W\u00e4nde von Kinderzimmern zu schm\u00fccken. Es kann auch als Kissen zur Dekoration von Betten oder als weiches Kuscheltier verwendet werden .  Er hat ein lustiges fischf\u00f6rmiges Design, gro\u00dfe Flossen und einen Schwanz. Ein einzigartiges Deko-Wandelement, das Kinderzimmern eine besondere Note verleiht. Hand- oder Maschinenw\u00e4sche.","og_url":"https:\/\/crochetts.com\/de\/tienda\/kuscheltier-kissen-beluga-fisch-dunkelblau\/","og_site_name":"Crochetts","article_publisher":"https:\/\/www.facebook.com\/Crochetts-101964178013493","article_modified_time":"2025-11-26T09:09:32+00:00","og_image":[{"width":601,"height":900,"url":"https:\/\/crochetts.com\/wp-content\/uploads\/2023\/06\/4008_1.jpg","type":"image\/jpeg"}],"twitter_card":"summary_large_image","twitter_misc":{"Preis":"54,00&nbsp;&euro;","Verf\u00fcgbarkeit":"Auf Lager"},"schema":{"@context":"https:\/\/schema.org","@graph":[{"@type":"WebPage","@id":"https:\/\/crochetts.com\/de\/tienda\/kuscheltier-kissen-beluga-fisch-dunkelblau\/","url":"https:\/\/crochetts.com\/de\/tienda\/kuscheltier-kissen-beluga-fisch-dunkelblau\/","name":"- KUSCHELTIER - KISSEN BELUGA FISCH DUNKELBLAU -% % %","isPartOf":{"@id":"https:\/\/crochetts.com\/de\/#website"},"primaryImageOfPage":{"@id":"https:\/\/crochetts.com\/de\/tienda\/kuscheltier-kissen-beluga-fisch-dunkelblau\/#primaryimage"},"image":{"@id":"https:\/\/crochetts.com\/de\/tienda\/kuscheltier-kissen-beluga-fisch-dunkelblau\/#primaryimage"},"thumbnailUrl":"https:\/\/crochetts.com\/wp-content\/uploads\/2023\/06\/4008_1.jpg","datePublished":"2023-06-22T14:21:12+00:00","dateModified":"2025-11-26T09:09:32+00:00","description":"Unser dunkelblauer Beluga ist aus weichem Frottee und Samt an der Unterseite gefertigt. Er hat eine Glocke im Inneren des K\u00f6rpers und 2 Applikationen auf dem oberen Teil des gleichen Stoffes, so dass er aufgeh\u00e4ngt werden kann, um die W\u00e4nde von Kinderzimmern zu dekorieren. Es kann auch zur Dekoration von Betten, als Zierkissen oder als weiches Kuscheltier verwendet werden. Es hat ein lustiges Design in Form eines Belugawals, mit 2 Flossen und einem lustigen Wasserschwanz. Ein einzigartiges Deko-Wandelement, das zum Spielen einl\u00e4dt und Kinderzimmern eine besondere Note verleiht. Abmessungen: 29cm x 84cm.","breadcrumb":{"@id":"https:\/\/crochetts.com\/de\/tienda\/kuscheltier-kissen-beluga-fisch-dunkelblau\/#breadcrumb"},"inLanguage":"de","potentialAction":[{"@type":"ReadAction","target":["https:\/\/crochetts.com\/de\/tienda\/kuscheltier-kissen-beluga-fisch-dunkelblau\/"]}]},{"@type":"ImageObject","inLanguage":"de","@id":"https:\/\/crochetts.com\/de\/tienda\/kuscheltier-kissen-beluga-fisch-dunkelblau\/#primaryimage","url":"https:\/\/crochetts.com\/wp-content\/uploads\/2023\/06\/4008_1.jpg","contentUrl":"https:\/\/crochetts.com\/wp-content\/uploads\/2023\/06\/4008_1.jpg","width":601,"height":900},{"@type":"BreadcrumbList","@id":"https:\/\/crochetts.com\/de\/tienda\/kuscheltier-kissen-beluga-fisch-dunkelblau\/#breadcrumb","itemListElement":[{"@type":"ListItem","position":1,"name":"Portada","item":"https:\/\/crochetts.com\/de\/startseite\/"},{"@type":"ListItem","position":2,"name":"Shop","item":"https:\/\/crochetts.com\/de\/shop\/"},{"@type":"ListItem","position":3,"name":"KUSCHELTIER &#8211; KISSEN BELUGA FISCH DUNKELBLAU"}]},{"@type":"WebSite","@id":"https:\/\/crochetts.com\/de\/#website","url":"https:\/\/crochetts.com\/de\/","name":"Crochetts","description":"ANIMALES DE CROCHET PARA JUGAR,DECORAR Y SO\u00d1AR","publisher":{"@id":"https:\/\/crochetts.com\/de\/#organization"},"potentialAction":[{"@type":"SearchAction","target":{"@type":"EntryPoint","urlTemplate":"https:\/\/crochetts.com\/de\/?s={search_term_string}"},"query-input":{"@type":"PropertyValueSpecification","valueRequired":true,"valueName":"search_term_string"}}],"inLanguage":"de"},{"@type":"Organization","@id":"https:\/\/crochetts.com\/de\/#organization","name":"H\u00e4keln","url":"https:\/\/crochetts.com\/de\/","logo":{"@type":"ImageObject","inLanguage":"de","@id":"https:\/\/crochetts.com\/de\/#\/schema\/logo\/image\/","url":"https:\/\/i2.wp.com\/crochetts.com\/wp-content\/uploads\/2021\/01\/Logo-Crochetts.jpg?fit=300%2C137&ssl=1","contentUrl":"https:\/\/i2.wp.com\/crochetts.com\/wp-content\/uploads\/2021\/01\/Logo-Crochetts.jpg?fit=300%2C137&ssl=1","width":300,"height":137,"caption":"H\u00e4keln"},"image":{"@id":"https:\/\/crochetts.com\/de\/#\/schema\/logo\/image\/"},"sameAs":["https:\/\/www.facebook.com\/Crochetts-101964178013493","https:\/\/www.instagram.com\/crochetts_\/"]}]},"product_price_amount":"54.00","product_price_currency":"EUR","og_availability":"instock","product_availability":"instock","product_retailer_item_id":"4008","product_condition":"new"},"_links":{"self":[{"href":"https:\/\/crochetts.com\/de\/wp-json\/wp\/v2\/product\/25665","targetHints":{"allow":["GET"]}}],"collection":[{"href":"https:\/\/crochetts.com\/de\/wp-json\/wp\/v2\/product"}],"about":[{"href":"https:\/\/crochetts.com\/de\/wp-json\/wp\/v2\/types\/product"}],"wp:featuredmedia":[{"embeddable":true,"href":"https:\/\/crochetts.com\/de\/wp-json\/wp\/v2\/media\/25666"}],"wp:attachment":[{"href":"https:\/\/crochetts.com\/de\/wp-json\/wp\/v2\/media?parent=25665"}],"wp:term":[{"taxonomy":"product_brand","embeddable":true,"href":"https:\/\/crochetts.com\/de\/wp-json\/wp\/v2\/product_brand?post=25665"},{"taxonomy":"product_cat","embeddable":true,"href":"https:\/\/crochetts.com\/de\/wp-json\/wp\/v2\/product_cat?post=25665"},{"taxonomy":"product_tag","embeddable":true,"href":"https:\/\/crochetts.com\/de\/wp-json\/wp\/v2\/product_tag?post=25665"}],"curies":[{"name":"wp","href":"https:\/\/api.w.org\/{rel}","templated":true}]}}