{"id":25657,"date":"2024-02-06T12:31:06","date_gmt":"2024-02-06T11:31:06","guid":{"rendered":"https:\/\/crochetts.com\/tienda\/kinderbild-von-elefant-mit-luftballon\/"},"modified":"2025-11-26T10:16:54","modified_gmt":"2025-11-26T09:16:54","slug":"kinderbild-von-elefant-mit-luftballon","status":"publish","type":"product","link":"https:\/\/crochetts.com\/de\/tienda\/kinderbild-von-elefant-mit-luftballon\/","title":{"rendered":"KINDERBILD VON ELEFANT MIT LUFTBALLON"},"content":{"rendered":"<p><strong>Druck:<\/strong> Format A3 (420&#215;297 mm). Gedruckt auf hochwertigem, mattem Papier mit einer Grammatur von 240 gr\/m2. <\/p>\n<p><strong>Gestell:<\/strong> MDF-Holzrahmen. Texturierte wei\u00dfe Oberfl\u00e4che.  Bezug aus Methacrylat, R\u00fcckseite aus MDF-Holz und Aufh\u00e4ngesystem zum Aufh\u00e4ngen an der Wand. Ma\u00dfe mit Rahmen: 33x2x43 cm - Gewicht: 1060 gr. <\/p>\n<p>&nbsp;<\/p>\n<p>&nbsp;<\/p>\n","protected":false},"excerpt":{"rendered":"<div style=\"text-align: justify;\"><strong>Dekoratives Kinderposter<\/strong> mit einer fr\u00f6hlichen Zeichnung in Form eines Elefanten in einem Hei\u00dfluftballon.<\/div>\n<div>\n<div style=\"text-align: justify;\">Ein Designprodukt, das sich ideal f\u00fcr die <strong>Dekoration von<\/strong> <strong>Kinderzimmern<\/strong> eignet und <strong>sie mit Farbe und S\u00fc\u00dfe erf\u00fcllt<\/strong>.<\/div>\n<div style=\"text-align: justify;\">Erh\u00e4ltlich in <strong>zwei Varianten<\/strong>:<\/div>\n<div style=\"text-align: justify;\">\n<ul>\n<li><strong>Nicht unterst\u00fctzte <\/strong>Folie <strong>: <\/strong>Folie <strong>im Format A3 <\/strong>. Gedruckt auf <strong>hochwertigem<\/strong> <strong>, mattem Papier<\/strong> mit<strong> einer Grammatur von 240 gr\/m2.<\/strong><\/li>\n<li>Lamina <strong>mit Rahmen:<\/strong> Inklusive <strong>dekorativem<\/strong> <strong>wei\u00dfem<\/strong>, strukturiertem <strong>Holzrahmen<\/strong> mit <strong>Schutz<\/strong> und <strong>Hakensystem<\/strong>.<\/li>\n<\/ul>\n<p>Die Folie ist mit handgefertigten <strong>Glitzerdetails<\/strong> verziert, die Ihrem Design einen einzigartigen <strong>Glanz<\/strong> verleihen und ihm eine <strong>besondere Note<\/strong> verleihen.<\/p>\n<\/div>\n<\/div>\n","protected":false},"featured_media":25662,"template":"","meta":{"_acf_changed":false,"_joinchat":[]},"product_brand":[],"product_cat":[6292,6186],"product_tag":[6789,6655,6297,6330],"class_list":{"0":"post-25657","1":"product","2":"type-product","3":"status-publish","4":"has-post-thumbnail","6":"product_cat-lamps","7":"product_cat-startseite","8":"product_tag-elefant-druck-3","9":"product_tag-kinderbilder-laminieren","10":"product_tag-kinderkiste","11":"product_tag-poster-fur-kinder","12":"entry","14":"first","15":"instock","16":"taxable","17":"shipping-taxable","18":"purchasable","19":"product-type-variable"},"acf":[],"yoast_head":"<!-- This site is optimized with the Yoast SEO Premium plugin v26.1 (Yoast SEO v27.3) - https:\/\/yoast.com\/product\/yoast-seo-premium-wordpress\/ -->\n<title>A3 - %<\/title>\n<meta name=\"description\" content=\"Dekoratives Bild f\u00fcr Kinder. Ein Designprodukt, das sich ideal f\u00fcr die Dekoration von Kinderzimmern eignet und sie mit Farbe und S\u00fc\u00dfe erf\u00fcllt.\" \/>\n<meta name=\"robots\" content=\"index, follow, max-snippet:-1, max-image-preview:large, max-video-preview:-1\" \/>\n<link rel=\"canonical\" href=\"https:\/\/crochetts.com\/de\/tienda\/kinderbild-von-elefant-mit-luftballon\/\" \/>\n<meta property=\"og:locale\" content=\"de_DE\" \/>\n<meta property=\"og:type\" content=\"article\" \/>\n<meta property=\"og:title\" content=\"KINDERBILD VON ELEFANT MIT LUFTBALLON\" \/>\n<meta property=\"og:description\" content=\"Dekoratives Kinderposter mit einer fr\u00f6hlichen Zeichnung in Form eines Elefanten in einem Hei\u00dfluftballon. Ein Designprodukt, das sich ideal f\u00fcr die Dekoration von Kinderzimmern eignet und sie mit Farbe und S\u00fc\u00dfe erf\u00fcllt. Erh\u00e4ltlich in zwei Varianten:   Nicht unterst\u00fctzte Folie : Folie im Format A3 . Gedruckt auf hochwertigem , mattem Papier mit einer Grammatur von 240 gr\/m2.  Lamina mit Rahmen: Inklusive dekorativem wei\u00dfem, strukturiertem Holzrahmen mit Schutz und Hakensystem. Die Folie ist mit handgefertigten Glitzerdetails verziert, die Ihrem Design einen einzigartigen Glanz verleihen und ihm eine besondere Note verleihen.\" \/>\n<meta property=\"og:url\" content=\"https:\/\/crochetts.com\/de\/tienda\/kinderbild-von-elefant-mit-luftballon\/\" \/>\n<meta property=\"og:site_name\" content=\"Crochetts\" \/>\n<meta property=\"article:publisher\" content=\"https:\/\/www.facebook.com\/Crochetts-101964178013493\" \/>\n<meta property=\"article:modified_time\" content=\"2025-11-26T09:16:54+00:00\" \/>\n<meta property=\"og:image\" content=\"https:\/\/crochetts.com\/wp-content\/uploads\/2024\/02\/LMN-02-C-1-2.jpg\" \/>\n\t<meta property=\"og:image:width\" content=\"800\" \/>\n\t<meta property=\"og:image:height\" content=\"1200\" \/>\n\t<meta property=\"og:image:type\" content=\"image\/jpeg\" \/>\n<meta name=\"twitter:card\" content=\"summary_large_image\" \/>\n<meta name=\"twitter:label1\" content=\"Verf\u00fcgbarkeit\" \/>\n\t<meta name=\"twitter:data1\" content=\"Auf Lager\" \/>\n<script type=\"application\/ld+json\" class=\"yoast-schema-graph\">{\"@context\":\"https:\\\/\\\/schema.org\",\"@graph\":[{\"@type\":\"WebPage\",\"@id\":\"https:\\\/\\\/crochetts.com\\\/de\\\/tienda\\\/kinderbild-von-elefant-mit-luftballon\\\/\",\"url\":\"https:\\\/\\\/crochetts.com\\\/de\\\/tienda\\\/kinderbild-von-elefant-mit-luftballon\\\/\",\"name\":\"A3 - %\",\"isPartOf\":{\"@id\":\"https:\\\/\\\/crochetts.com\\\/de\\\/#website\"},\"primaryImageOfPage\":{\"@id\":\"https:\\\/\\\/crochetts.com\\\/de\\\/tienda\\\/kinderbild-von-elefant-mit-luftballon\\\/#primaryimage\"},\"image\":{\"@id\":\"https:\\\/\\\/crochetts.com\\\/de\\\/tienda\\\/kinderbild-von-elefant-mit-luftballon\\\/#primaryimage\"},\"thumbnailUrl\":\"https:\\\/\\\/crochetts.com\\\/wp-content\\\/uploads\\\/2024\\\/02\\\/LMN-02-C-1-2.jpg\",\"datePublished\":\"2024-02-06T11:31:06+00:00\",\"dateModified\":\"2025-11-26T09:16:54+00:00\",\"description\":\"Dekoratives Bild f\u00fcr Kinder. Ein Designprodukt, das sich ideal f\u00fcr die Dekoration von Kinderzimmern eignet und sie mit Farbe und S\u00fc\u00dfe erf\u00fcllt.\",\"breadcrumb\":{\"@id\":\"https:\\\/\\\/crochetts.com\\\/de\\\/tienda\\\/kinderbild-von-elefant-mit-luftballon\\\/#breadcrumb\"},\"inLanguage\":\"de\",\"potentialAction\":[{\"@type\":\"ReadAction\",\"target\":[\"https:\\\/\\\/crochetts.com\\\/de\\\/tienda\\\/kinderbild-von-elefant-mit-luftballon\\\/\"]}]},{\"@type\":\"ImageObject\",\"inLanguage\":\"de\",\"@id\":\"https:\\\/\\\/crochetts.com\\\/de\\\/tienda\\\/kinderbild-von-elefant-mit-luftballon\\\/#primaryimage\",\"url\":\"https:\\\/\\\/crochetts.com\\\/wp-content\\\/uploads\\\/2024\\\/02\\\/LMN-02-C-1-2.jpg\",\"contentUrl\":\"https:\\\/\\\/crochetts.com\\\/wp-content\\\/uploads\\\/2024\\\/02\\\/LMN-02-C-1-2.jpg\",\"width\":800,\"height\":1200,\"caption\":\"Elefant f\u00fcr Kinder drucken\"},{\"@type\":\"BreadcrumbList\",\"@id\":\"https:\\\/\\\/crochetts.com\\\/de\\\/tienda\\\/kinderbild-von-elefant-mit-luftballon\\\/#breadcrumb\",\"itemListElement\":[{\"@type\":\"ListItem\",\"position\":1,\"name\":\"Portada\",\"item\":\"https:\\\/\\\/crochetts.com\\\/de\\\/startseite\\\/\"},{\"@type\":\"ListItem\",\"position\":2,\"name\":\"Shop\",\"item\":\"https:\\\/\\\/crochetts.com\\\/de\\\/shop\\\/\"},{\"@type\":\"ListItem\",\"position\":3,\"name\":\"KINDERBILD VON ELEFANT MIT LUFTBALLON\"}]},{\"@type\":\"WebSite\",\"@id\":\"https:\\\/\\\/crochetts.com\\\/de\\\/#website\",\"url\":\"https:\\\/\\\/crochetts.com\\\/de\\\/\",\"name\":\"Crochetts\",\"description\":\"ANIMALES DE CROCHET PARA JUGAR,DECORAR Y SO\u00d1AR\",\"publisher\":{\"@id\":\"https:\\\/\\\/crochetts.com\\\/de\\\/#organization\"},\"potentialAction\":[{\"@type\":\"SearchAction\",\"target\":{\"@type\":\"EntryPoint\",\"urlTemplate\":\"https:\\\/\\\/crochetts.com\\\/de\\\/?s={search_term_string}\"},\"query-input\":{\"@type\":\"PropertyValueSpecification\",\"valueRequired\":true,\"valueName\":\"search_term_string\"}}],\"inLanguage\":\"de\"},{\"@type\":\"Organization\",\"@id\":\"https:\\\/\\\/crochetts.com\\\/de\\\/#organization\",\"name\":\"H\u00e4keln\",\"url\":\"https:\\\/\\\/crochetts.com\\\/de\\\/\",\"logo\":{\"@type\":\"ImageObject\",\"inLanguage\":\"de\",\"@id\":\"https:\\\/\\\/crochetts.com\\\/de\\\/#\\\/schema\\\/logo\\\/image\\\/\",\"url\":\"https:\\\/\\\/i2.wp.com\\\/crochetts.com\\\/wp-content\\\/uploads\\\/2021\\\/01\\\/Logo-Crochetts.jpg?fit=300%2C137&ssl=1\",\"contentUrl\":\"https:\\\/\\\/i2.wp.com\\\/crochetts.com\\\/wp-content\\\/uploads\\\/2021\\\/01\\\/Logo-Crochetts.jpg?fit=300%2C137&ssl=1\",\"width\":300,\"height\":137,\"caption\":\"H\u00e4keln\"},\"image\":{\"@id\":\"https:\\\/\\\/crochetts.com\\\/de\\\/#\\\/schema\\\/logo\\\/image\\\/\"},\"sameAs\":[\"https:\\\/\\\/www.facebook.com\\\/Crochetts-101964178013493\",\"https:\\\/\\\/www.instagram.com\\\/crochetts_\\\/\"]}]}<\/script>\n<meta property=\"og:availability\" content=\"instock\" \/>\n<meta property=\"product:availability\" content=\"instock\" \/>\n<meta property=\"product:retailer_item_id\" content=\"LMN-2\" \/>\n<meta property=\"product:condition\" content=\"new\" \/>\n<!-- \/ Yoast SEO Premium plugin. -->","yoast_head_json":{"title":"A3 - %","description":"Dekoratives Bild f\u00fcr Kinder. Ein Designprodukt, das sich ideal f\u00fcr die Dekoration von Kinderzimmern eignet und sie mit Farbe und S\u00fc\u00dfe erf\u00fcllt.","robots":{"index":"index","follow":"follow","max-snippet":"max-snippet:-1","max-image-preview":"max-image-preview:large","max-video-preview":"max-video-preview:-1"},"canonical":"https:\/\/crochetts.com\/de\/tienda\/kinderbild-von-elefant-mit-luftballon\/","og_locale":"de_DE","og_type":"article","og_title":"KINDERBILD VON ELEFANT MIT LUFTBALLON","og_description":"Dekoratives Kinderposter mit einer fr\u00f6hlichen Zeichnung in Form eines Elefanten in einem Hei\u00dfluftballon. Ein Designprodukt, das sich ideal f\u00fcr die Dekoration von Kinderzimmern eignet und sie mit Farbe und S\u00fc\u00dfe erf\u00fcllt. Erh\u00e4ltlich in zwei Varianten:   Nicht unterst\u00fctzte Folie : Folie im Format A3 . Gedruckt auf hochwertigem , mattem Papier mit einer Grammatur von 240 gr\/m2.  Lamina mit Rahmen: Inklusive dekorativem wei\u00dfem, strukturiertem Holzrahmen mit Schutz und Hakensystem. Die Folie ist mit handgefertigten Glitzerdetails verziert, die Ihrem Design einen einzigartigen Glanz verleihen und ihm eine besondere Note verleihen.","og_url":"https:\/\/crochetts.com\/de\/tienda\/kinderbild-von-elefant-mit-luftballon\/","og_site_name":"Crochetts","article_publisher":"https:\/\/www.facebook.com\/Crochetts-101964178013493","article_modified_time":"2025-11-26T09:16:54+00:00","og_image":[{"width":800,"height":1200,"url":"https:\/\/crochetts.com\/wp-content\/uploads\/2024\/02\/LMN-02-C-1-2.jpg","type":"image\/jpeg"}],"twitter_card":"summary_large_image","twitter_misc":{"Verf\u00fcgbarkeit":"Auf Lager"},"schema":{"@context":"https:\/\/schema.org","@graph":[{"@type":"WebPage","@id":"https:\/\/crochetts.com\/de\/tienda\/kinderbild-von-elefant-mit-luftballon\/","url":"https:\/\/crochetts.com\/de\/tienda\/kinderbild-von-elefant-mit-luftballon\/","name":"A3 - %","isPartOf":{"@id":"https:\/\/crochetts.com\/de\/#website"},"primaryImageOfPage":{"@id":"https:\/\/crochetts.com\/de\/tienda\/kinderbild-von-elefant-mit-luftballon\/#primaryimage"},"image":{"@id":"https:\/\/crochetts.com\/de\/tienda\/kinderbild-von-elefant-mit-luftballon\/#primaryimage"},"thumbnailUrl":"https:\/\/crochetts.com\/wp-content\/uploads\/2024\/02\/LMN-02-C-1-2.jpg","datePublished":"2024-02-06T11:31:06+00:00","dateModified":"2025-11-26T09:16:54+00:00","description":"Dekoratives Bild f\u00fcr Kinder. Ein Designprodukt, das sich ideal f\u00fcr die Dekoration von Kinderzimmern eignet und sie mit Farbe und S\u00fc\u00dfe erf\u00fcllt.","breadcrumb":{"@id":"https:\/\/crochetts.com\/de\/tienda\/kinderbild-von-elefant-mit-luftballon\/#breadcrumb"},"inLanguage":"de","potentialAction":[{"@type":"ReadAction","target":["https:\/\/crochetts.com\/de\/tienda\/kinderbild-von-elefant-mit-luftballon\/"]}]},{"@type":"ImageObject","inLanguage":"de","@id":"https:\/\/crochetts.com\/de\/tienda\/kinderbild-von-elefant-mit-luftballon\/#primaryimage","url":"https:\/\/crochetts.com\/wp-content\/uploads\/2024\/02\/LMN-02-C-1-2.jpg","contentUrl":"https:\/\/crochetts.com\/wp-content\/uploads\/2024\/02\/LMN-02-C-1-2.jpg","width":800,"height":1200,"caption":"Elefant f\u00fcr Kinder drucken"},{"@type":"BreadcrumbList","@id":"https:\/\/crochetts.com\/de\/tienda\/kinderbild-von-elefant-mit-luftballon\/#breadcrumb","itemListElement":[{"@type":"ListItem","position":1,"name":"Portada","item":"https:\/\/crochetts.com\/de\/startseite\/"},{"@type":"ListItem","position":2,"name":"Shop","item":"https:\/\/crochetts.com\/de\/shop\/"},{"@type":"ListItem","position":3,"name":"KINDERBILD VON ELEFANT MIT LUFTBALLON"}]},{"@type":"WebSite","@id":"https:\/\/crochetts.com\/de\/#website","url":"https:\/\/crochetts.com\/de\/","name":"Crochetts","description":"ANIMALES DE CROCHET PARA JUGAR,DECORAR Y SO\u00d1AR","publisher":{"@id":"https:\/\/crochetts.com\/de\/#organization"},"potentialAction":[{"@type":"SearchAction","target":{"@type":"EntryPoint","urlTemplate":"https:\/\/crochetts.com\/de\/?s={search_term_string}"},"query-input":{"@type":"PropertyValueSpecification","valueRequired":true,"valueName":"search_term_string"}}],"inLanguage":"de"},{"@type":"Organization","@id":"https:\/\/crochetts.com\/de\/#organization","name":"H\u00e4keln","url":"https:\/\/crochetts.com\/de\/","logo":{"@type":"ImageObject","inLanguage":"de","@id":"https:\/\/crochetts.com\/de\/#\/schema\/logo\/image\/","url":"https:\/\/i2.wp.com\/crochetts.com\/wp-content\/uploads\/2021\/01\/Logo-Crochetts.jpg?fit=300%2C137&ssl=1","contentUrl":"https:\/\/i2.wp.com\/crochetts.com\/wp-content\/uploads\/2021\/01\/Logo-Crochetts.jpg?fit=300%2C137&ssl=1","width":300,"height":137,"caption":"H\u00e4keln"},"image":{"@id":"https:\/\/crochetts.com\/de\/#\/schema\/logo\/image\/"},"sameAs":["https:\/\/www.facebook.com\/Crochetts-101964178013493","https:\/\/www.instagram.com\/crochetts_\/"]}]},"og_availability":"instock","product_availability":"instock","product_retailer_item_id":"LMN-2","product_condition":"new"},"_links":{"self":[{"href":"https:\/\/crochetts.com\/de\/wp-json\/wp\/v2\/product\/25657","targetHints":{"allow":["GET"]}}],"collection":[{"href":"https:\/\/crochetts.com\/de\/wp-json\/wp\/v2\/product"}],"about":[{"href":"https:\/\/crochetts.com\/de\/wp-json\/wp\/v2\/types\/product"}],"wp:featuredmedia":[{"embeddable":true,"href":"https:\/\/crochetts.com\/de\/wp-json\/wp\/v2\/media\/25662"}],"wp:attachment":[{"href":"https:\/\/crochetts.com\/de\/wp-json\/wp\/v2\/media?parent=25657"}],"wp:term":[{"taxonomy":"product_brand","embeddable":true,"href":"https:\/\/crochetts.com\/de\/wp-json\/wp\/v2\/product_brand?post=25657"},{"taxonomy":"product_cat","embeddable":true,"href":"https:\/\/crochetts.com\/de\/wp-json\/wp\/v2\/product_cat?post=25657"},{"taxonomy":"product_tag","embeddable":true,"href":"https:\/\/crochetts.com\/de\/wp-json\/wp\/v2\/product_tag?post=25657"}],"curies":[{"name":"wp","href":"https:\/\/api.w.org\/{rel}","templated":true}]}}