{"id":25577,"date":"2023-06-22T15:41:02","date_gmt":"2023-06-22T14:41:02","guid":{"rendered":"https:\/\/crochetts.com\/tienda\/weisser-und-blauer-oktopus-pack\/"},"modified":"2026-01-15T15:03:50","modified_gmt":"2026-01-15T13:03:50","slug":"weisser-und-blauer-oktopus-pack","status":"publish","type":"product","link":"https:\/\/crochetts.com\/de\/tienda\/weisser-und-blauer-oktopus-pack\/","title":{"rendered":"WEISSER UND BLAUER OKTOPUS-PACK"},"content":{"rendered":"<div style=\"text-align: justify;\">\n<div style=\"text-align: justify;\">\n<p>Unsere <strong>Ozean-Kollektion<\/strong> hat ein <strong>exklusives Design<\/strong>. Es handelt sich um Wassertiere mit einem sehr weichen Griff, die nach dem<strong> DECO-PLAY-Konzept<\/strong> entworfen wurden, so dass sie <strong>zum Spielen und zur Dekoration <\/strong><strong> der Zimmer<\/strong> der Kleinen zu Hause <strong>verwendet werden k\u00f6nnen <\/strong>. <strong>Unsere Kraken haben einen Haken aus demselben Stoff<\/strong> an der Oberseite <strong>, damit sie an der Wand aufgeh\u00e4ngt werden k\u00f6nnen. <\/strong>Sie sind perfekt zum Spielen und Dekorieren der eigenen W\u00e4nde.<\/p>\n<\/div>\n<p>W\u00e4hlen Sie das Tier, das Ihnen am besten gef\u00e4llt, um ihn in eine ruhige und gem\u00fctliche Atmosph\u00e4re zu begleiten <strong>.<\/strong> Ein einzigartiges und ganz besonderes Geschenk, das Jung und Alt gleicherma\u00dfen \u00fcberraschen wird.  <strong>haben eine Glocke im Inneren, die klingelt, wenn die Kleinen sie sch\u00fctteln und ein Ger\u00e4usch machen.<\/strong><\/p>\n<\/div>\n<p>&nbsp;<\/p>\n<p>&nbsp;<\/p>\n<p>&nbsp;<\/p>\n","protected":false},"excerpt":{"rendered":"<p>Unsere <strong>Krakenpakete<\/strong> sind aus weichem, hochwertigem Frottee gefertigt. Sie haben eine <strong>Glocke<\/strong> im Inneren des K\u00f6rpers und eine <strong>Applikation auf der Oberseite aus<\/strong> <strong>demselben Stoff, so dass sie aufgeh\u00e4ngt werden k\u00f6nnen, um die W\u00e4nde von Kinderzimmern zu schm\u00fccken.<\/strong> <strong>Sie k\u00f6nnen auch zur Dekoration von Betten oder als weiche Kuscheltiere verwendet werden.<\/strong> Sie haben ein lustiges Design, <strong>einen niedlichen Kopf und viele Beine.<\/strong> Ein einzigartiges <strong>Deko-Wandelement<\/strong>, das Kinderzimmern eine besondere Note verleiht. <\/p>\n<p><strong>Abmessungen:<br \/>\n<\/strong>- 8cm x 5cm x 59cm.<\/p>\n<p>&nbsp;<\/p>\n","protected":false},"featured_media":25584,"template":"","meta":{"_acf_changed":false,"_joinchat":[]},"product_brand":[],"product_cat":[6581],"product_tag":[6235,6234,6596,6597,6588,6233,6583],"class_list":{"0":"post-25577","1":"product","2":"type-product","3":"status-publish","4":"has-post-thumbnail","6":"product_cat-ozeanische-teddien","7":"product_tag-decokids","8":"product_tag-dekoration","9":"product_tag-fisch-2","10":"product_tag-goldfisch","11":"product_tag-knuddeliger-fisch","12":"product_tag-teddy","13":"product_tag-wand","14":"entry","16":"first","17":"instock","18":"featured","19":"taxable","20":"shipping-taxable","21":"purchasable","22":"product-type-simple"},"acf":[],"yoast_head":"<!-- This site is optimized with the Yoast SEO Premium plugin v26.1 (Yoast SEO v27.3) - https:\/\/yoast.com\/product\/yoast-seo-premium-wordpress\/ -->\n<title>- WEISSER UND BLAUER OKTOPUS-PACK -% % %<\/title>\n<meta name=\"description\" content=\"Unser P\u00e4ckchen mit blauen und wei\u00dfen Kraken ist aus weichem Frottee und Samt am Kopf. Er hat eine Glocke im Inneren des K\u00f6rpers und eine Applikation auf der Oberseite aus demselben Stoff, so dass er aufgeh\u00e4ngt werden kann, um die W\u00e4nde des Kinderzimmers zu schm\u00fccken. Dank der Glocke im Inneren sind sie perfekt geeignet, um die manuelle Bewegung der Kleinen und ihren H\u00f6rsinn zu stimulieren. Es hat ein lustiges Design, das in verschiedenen Farben kombiniert ist. Ein einzigartiges Deko-Wandelement, das Kinderzimmern eine besondere Note verleiht.\" \/>\n<meta name=\"robots\" content=\"index, follow, max-snippet:-1, max-image-preview:large, max-video-preview:-1\" \/>\n<link rel=\"canonical\" href=\"https:\/\/crochetts.com\/de\/tienda\/weisser-und-blauer-oktopus-pack\/\" \/>\n<meta property=\"og:locale\" content=\"de_DE\" \/>\n<meta property=\"og:type\" content=\"article\" \/>\n<meta property=\"og:title\" content=\"WEISSER UND BLAUER OKTOPUS-PACK\" \/>\n<meta property=\"og:description\" content=\"Unsere Krakenpakete sind aus weichem, hochwertigem Frottee gefertigt. Sie haben eine Glocke im Inneren des K\u00f6rpers und eine Applikation auf der Oberseite aus demselben Stoff, so dass sie aufgeh\u00e4ngt werden k\u00f6nnen, um die W\u00e4nde von Kinderzimmern zu schm\u00fccken. Sie k\u00f6nnen auch zur Dekoration von Betten oder als weiche Kuscheltiere verwendet werden. Sie haben ein lustiges Design, einen niedlichen Kopf und viele Beine. Ein einzigartiges Deko-Wandelement, das Kinderzimmern eine besondere Note verleiht.  Abmessungen: - 8cm x 5cm x 59cm. &nbsp;\" \/>\n<meta property=\"og:url\" content=\"https:\/\/crochetts.com\/de\/tienda\/weisser-und-blauer-oktopus-pack\/\" \/>\n<meta property=\"og:site_name\" content=\"Crochetts\" \/>\n<meta property=\"article:publisher\" content=\"https:\/\/www.facebook.com\/Crochetts-101964178013493\" \/>\n<meta property=\"article:modified_time\" content=\"2026-01-15T13:03:50+00:00\" \/>\n<meta property=\"og:image\" content=\"https:\/\/crochetts.com\/wp-content\/uploads\/2023\/06\/4011_8.jpg\" \/>\n\t<meta property=\"og:image:width\" content=\"601\" \/>\n\t<meta property=\"og:image:height\" content=\"900\" \/>\n\t<meta property=\"og:image:type\" content=\"image\/jpeg\" \/>\n<meta name=\"twitter:card\" content=\"summary_large_image\" \/>\n<meta name=\"twitter:label1\" content=\"Preis\" \/>\n\t<meta name=\"twitter:data1\" content=\"50,00&nbsp;&euro;\" \/>\n\t<meta name=\"twitter:label2\" content=\"Verf\u00fcgbarkeit\" \/>\n\t<meta name=\"twitter:data2\" content=\"Auf Lager\" \/>\n<script type=\"application\/ld+json\" class=\"yoast-schema-graph\">{\"@context\":\"https:\\\/\\\/schema.org\",\"@graph\":[{\"@type\":\"WebPage\",\"@id\":\"https:\\\/\\\/crochetts.com\\\/de\\\/tienda\\\/weisser-und-blauer-oktopus-pack\\\/\",\"url\":\"https:\\\/\\\/crochetts.com\\\/de\\\/tienda\\\/weisser-und-blauer-oktopus-pack\\\/\",\"name\":\"- WEISSER UND BLAUER OKTOPUS-PACK -% % %\",\"isPartOf\":{\"@id\":\"https:\\\/\\\/crochetts.com\\\/de\\\/#website\"},\"primaryImageOfPage\":{\"@id\":\"https:\\\/\\\/crochetts.com\\\/de\\\/tienda\\\/weisser-und-blauer-oktopus-pack\\\/#primaryimage\"},\"image\":{\"@id\":\"https:\\\/\\\/crochetts.com\\\/de\\\/tienda\\\/weisser-und-blauer-oktopus-pack\\\/#primaryimage\"},\"thumbnailUrl\":\"https:\\\/\\\/crochetts.com\\\/wp-content\\\/uploads\\\/2023\\\/06\\\/4011_8.jpg\",\"datePublished\":\"2023-06-22T14:41:02+00:00\",\"dateModified\":\"2026-01-15T13:03:50+00:00\",\"description\":\"Unser P\u00e4ckchen mit blauen und wei\u00dfen Kraken ist aus weichem Frottee und Samt am Kopf. Er hat eine Glocke im Inneren des K\u00f6rpers und eine Applikation auf der Oberseite aus demselben Stoff, so dass er aufgeh\u00e4ngt werden kann, um die W\u00e4nde des Kinderzimmers zu schm\u00fccken. Dank der Glocke im Inneren sind sie perfekt geeignet, um die manuelle Bewegung der Kleinen und ihren H\u00f6rsinn zu stimulieren. Es hat ein lustiges Design, das in verschiedenen Farben kombiniert ist. Ein einzigartiges Deko-Wandelement, das Kinderzimmern eine besondere Note verleiht.\",\"breadcrumb\":{\"@id\":\"https:\\\/\\\/crochetts.com\\\/de\\\/tienda\\\/weisser-und-blauer-oktopus-pack\\\/#breadcrumb\"},\"inLanguage\":\"de\",\"potentialAction\":[{\"@type\":\"ReadAction\",\"target\":[\"https:\\\/\\\/crochetts.com\\\/de\\\/tienda\\\/weisser-und-blauer-oktopus-pack\\\/\"]}]},{\"@type\":\"ImageObject\",\"inLanguage\":\"de\",\"@id\":\"https:\\\/\\\/crochetts.com\\\/de\\\/tienda\\\/weisser-und-blauer-oktopus-pack\\\/#primaryimage\",\"url\":\"https:\\\/\\\/crochetts.com\\\/wp-content\\\/uploads\\\/2023\\\/06\\\/4011_8.jpg\",\"contentUrl\":\"https:\\\/\\\/crochetts.com\\\/wp-content\\\/uploads\\\/2023\\\/06\\\/4011_8.jpg\",\"width\":601,\"height\":900},{\"@type\":\"BreadcrumbList\",\"@id\":\"https:\\\/\\\/crochetts.com\\\/de\\\/tienda\\\/weisser-und-blauer-oktopus-pack\\\/#breadcrumb\",\"itemListElement\":[{\"@type\":\"ListItem\",\"position\":1,\"name\":\"Portada\",\"item\":\"https:\\\/\\\/crochetts.com\\\/de\\\/startseite\\\/\"},{\"@type\":\"ListItem\",\"position\":2,\"name\":\"Shop\",\"item\":\"https:\\\/\\\/crochetts.com\\\/de\\\/shop\\\/\"},{\"@type\":\"ListItem\",\"position\":3,\"name\":\"WEISSER UND BLAUER OKTOPUS-PACK\"}]},{\"@type\":\"WebSite\",\"@id\":\"https:\\\/\\\/crochetts.com\\\/de\\\/#website\",\"url\":\"https:\\\/\\\/crochetts.com\\\/de\\\/\",\"name\":\"Crochetts\",\"description\":\"ANIMALES DE CROCHET PARA JUGAR,DECORAR Y SO\u00d1AR\",\"publisher\":{\"@id\":\"https:\\\/\\\/crochetts.com\\\/de\\\/#organization\"},\"potentialAction\":[{\"@type\":\"SearchAction\",\"target\":{\"@type\":\"EntryPoint\",\"urlTemplate\":\"https:\\\/\\\/crochetts.com\\\/de\\\/?s={search_term_string}\"},\"query-input\":{\"@type\":\"PropertyValueSpecification\",\"valueRequired\":true,\"valueName\":\"search_term_string\"}}],\"inLanguage\":\"de\"},{\"@type\":\"Organization\",\"@id\":\"https:\\\/\\\/crochetts.com\\\/de\\\/#organization\",\"name\":\"H\u00e4keln\",\"url\":\"https:\\\/\\\/crochetts.com\\\/de\\\/\",\"logo\":{\"@type\":\"ImageObject\",\"inLanguage\":\"de\",\"@id\":\"https:\\\/\\\/crochetts.com\\\/de\\\/#\\\/schema\\\/logo\\\/image\\\/\",\"url\":\"https:\\\/\\\/i2.wp.com\\\/crochetts.com\\\/wp-content\\\/uploads\\\/2021\\\/01\\\/Logo-Crochetts.jpg?fit=300%2C137&ssl=1\",\"contentUrl\":\"https:\\\/\\\/i2.wp.com\\\/crochetts.com\\\/wp-content\\\/uploads\\\/2021\\\/01\\\/Logo-Crochetts.jpg?fit=300%2C137&ssl=1\",\"width\":300,\"height\":137,\"caption\":\"H\u00e4keln\"},\"image\":{\"@id\":\"https:\\\/\\\/crochetts.com\\\/de\\\/#\\\/schema\\\/logo\\\/image\\\/\"},\"sameAs\":[\"https:\\\/\\\/www.facebook.com\\\/Crochetts-101964178013493\",\"https:\\\/\\\/www.instagram.com\\\/crochetts_\\\/\"]}]}<\/script>\n<meta property=\"product:price:amount\" content=\"50.00\" \/>\n<meta property=\"product:price:currency\" content=\"EUR\" \/>\n<meta property=\"og:availability\" content=\"instock\" \/>\n<meta property=\"product:availability\" content=\"instock\" \/>\n<meta property=\"product:retailer_item_id\" content=\"4016\" \/>\n<meta property=\"product:condition\" content=\"new\" \/>\n<!-- \/ Yoast SEO Premium plugin. -->","yoast_head_json":{"title":"- WEISSER UND BLAUER OKTOPUS-PACK -% % %","description":"Unser P\u00e4ckchen mit blauen und wei\u00dfen Kraken ist aus weichem Frottee und Samt am Kopf. Er hat eine Glocke im Inneren des K\u00f6rpers und eine Applikation auf der Oberseite aus demselben Stoff, so dass er aufgeh\u00e4ngt werden kann, um die W\u00e4nde des Kinderzimmers zu schm\u00fccken. Dank der Glocke im Inneren sind sie perfekt geeignet, um die manuelle Bewegung der Kleinen und ihren H\u00f6rsinn zu stimulieren. Es hat ein lustiges Design, das in verschiedenen Farben kombiniert ist. Ein einzigartiges Deko-Wandelement, das Kinderzimmern eine besondere Note verleiht.","robots":{"index":"index","follow":"follow","max-snippet":"max-snippet:-1","max-image-preview":"max-image-preview:large","max-video-preview":"max-video-preview:-1"},"canonical":"https:\/\/crochetts.com\/de\/tienda\/weisser-und-blauer-oktopus-pack\/","og_locale":"de_DE","og_type":"article","og_title":"WEISSER UND BLAUER OKTOPUS-PACK","og_description":"Unsere Krakenpakete sind aus weichem, hochwertigem Frottee gefertigt. Sie haben eine Glocke im Inneren des K\u00f6rpers und eine Applikation auf der Oberseite aus demselben Stoff, so dass sie aufgeh\u00e4ngt werden k\u00f6nnen, um die W\u00e4nde von Kinderzimmern zu schm\u00fccken. Sie k\u00f6nnen auch zur Dekoration von Betten oder als weiche Kuscheltiere verwendet werden. Sie haben ein lustiges Design, einen niedlichen Kopf und viele Beine. Ein einzigartiges Deko-Wandelement, das Kinderzimmern eine besondere Note verleiht.  Abmessungen: - 8cm x 5cm x 59cm. &nbsp;","og_url":"https:\/\/crochetts.com\/de\/tienda\/weisser-und-blauer-oktopus-pack\/","og_site_name":"Crochetts","article_publisher":"https:\/\/www.facebook.com\/Crochetts-101964178013493","article_modified_time":"2026-01-15T13:03:50+00:00","og_image":[{"width":601,"height":900,"url":"https:\/\/crochetts.com\/wp-content\/uploads\/2023\/06\/4011_8.jpg","type":"image\/jpeg"}],"twitter_card":"summary_large_image","twitter_misc":{"Preis":"50,00&nbsp;&euro;","Verf\u00fcgbarkeit":"Auf Lager"},"schema":{"@context":"https:\/\/schema.org","@graph":[{"@type":"WebPage","@id":"https:\/\/crochetts.com\/de\/tienda\/weisser-und-blauer-oktopus-pack\/","url":"https:\/\/crochetts.com\/de\/tienda\/weisser-und-blauer-oktopus-pack\/","name":"- WEISSER UND BLAUER OKTOPUS-PACK -% % %","isPartOf":{"@id":"https:\/\/crochetts.com\/de\/#website"},"primaryImageOfPage":{"@id":"https:\/\/crochetts.com\/de\/tienda\/weisser-und-blauer-oktopus-pack\/#primaryimage"},"image":{"@id":"https:\/\/crochetts.com\/de\/tienda\/weisser-und-blauer-oktopus-pack\/#primaryimage"},"thumbnailUrl":"https:\/\/crochetts.com\/wp-content\/uploads\/2023\/06\/4011_8.jpg","datePublished":"2023-06-22T14:41:02+00:00","dateModified":"2026-01-15T13:03:50+00:00","description":"Unser P\u00e4ckchen mit blauen und wei\u00dfen Kraken ist aus weichem Frottee und Samt am Kopf. Er hat eine Glocke im Inneren des K\u00f6rpers und eine Applikation auf der Oberseite aus demselben Stoff, so dass er aufgeh\u00e4ngt werden kann, um die W\u00e4nde des Kinderzimmers zu schm\u00fccken. Dank der Glocke im Inneren sind sie perfekt geeignet, um die manuelle Bewegung der Kleinen und ihren H\u00f6rsinn zu stimulieren. Es hat ein lustiges Design, das in verschiedenen Farben kombiniert ist. Ein einzigartiges Deko-Wandelement, das Kinderzimmern eine besondere Note verleiht.","breadcrumb":{"@id":"https:\/\/crochetts.com\/de\/tienda\/weisser-und-blauer-oktopus-pack\/#breadcrumb"},"inLanguage":"de","potentialAction":[{"@type":"ReadAction","target":["https:\/\/crochetts.com\/de\/tienda\/weisser-und-blauer-oktopus-pack\/"]}]},{"@type":"ImageObject","inLanguage":"de","@id":"https:\/\/crochetts.com\/de\/tienda\/weisser-und-blauer-oktopus-pack\/#primaryimage","url":"https:\/\/crochetts.com\/wp-content\/uploads\/2023\/06\/4011_8.jpg","contentUrl":"https:\/\/crochetts.com\/wp-content\/uploads\/2023\/06\/4011_8.jpg","width":601,"height":900},{"@type":"BreadcrumbList","@id":"https:\/\/crochetts.com\/de\/tienda\/weisser-und-blauer-oktopus-pack\/#breadcrumb","itemListElement":[{"@type":"ListItem","position":1,"name":"Portada","item":"https:\/\/crochetts.com\/de\/startseite\/"},{"@type":"ListItem","position":2,"name":"Shop","item":"https:\/\/crochetts.com\/de\/shop\/"},{"@type":"ListItem","position":3,"name":"WEISSER UND BLAUER OKTOPUS-PACK"}]},{"@type":"WebSite","@id":"https:\/\/crochetts.com\/de\/#website","url":"https:\/\/crochetts.com\/de\/","name":"Crochetts","description":"ANIMALES DE CROCHET PARA JUGAR,DECORAR Y SO\u00d1AR","publisher":{"@id":"https:\/\/crochetts.com\/de\/#organization"},"potentialAction":[{"@type":"SearchAction","target":{"@type":"EntryPoint","urlTemplate":"https:\/\/crochetts.com\/de\/?s={search_term_string}"},"query-input":{"@type":"PropertyValueSpecification","valueRequired":true,"valueName":"search_term_string"}}],"inLanguage":"de"},{"@type":"Organization","@id":"https:\/\/crochetts.com\/de\/#organization","name":"H\u00e4keln","url":"https:\/\/crochetts.com\/de\/","logo":{"@type":"ImageObject","inLanguage":"de","@id":"https:\/\/crochetts.com\/de\/#\/schema\/logo\/image\/","url":"https:\/\/i2.wp.com\/crochetts.com\/wp-content\/uploads\/2021\/01\/Logo-Crochetts.jpg?fit=300%2C137&ssl=1","contentUrl":"https:\/\/i2.wp.com\/crochetts.com\/wp-content\/uploads\/2021\/01\/Logo-Crochetts.jpg?fit=300%2C137&ssl=1","width":300,"height":137,"caption":"H\u00e4keln"},"image":{"@id":"https:\/\/crochetts.com\/de\/#\/schema\/logo\/image\/"},"sameAs":["https:\/\/www.facebook.com\/Crochetts-101964178013493","https:\/\/www.instagram.com\/crochetts_\/"]}]},"product_price_amount":"50.00","product_price_currency":"EUR","og_availability":"instock","product_availability":"instock","product_retailer_item_id":"4016","product_condition":"new"},"_links":{"self":[{"href":"https:\/\/crochetts.com\/de\/wp-json\/wp\/v2\/product\/25577","targetHints":{"allow":["GET"]}}],"collection":[{"href":"https:\/\/crochetts.com\/de\/wp-json\/wp\/v2\/product"}],"about":[{"href":"https:\/\/crochetts.com\/de\/wp-json\/wp\/v2\/types\/product"}],"wp:featuredmedia":[{"embeddable":true,"href":"https:\/\/crochetts.com\/de\/wp-json\/wp\/v2\/media\/25584"}],"wp:attachment":[{"href":"https:\/\/crochetts.com\/de\/wp-json\/wp\/v2\/media?parent=25577"}],"wp:term":[{"taxonomy":"product_brand","embeddable":true,"href":"https:\/\/crochetts.com\/de\/wp-json\/wp\/v2\/product_brand?post=25577"},{"taxonomy":"product_cat","embeddable":true,"href":"https:\/\/crochetts.com\/de\/wp-json\/wp\/v2\/product_cat?post=25577"},{"taxonomy":"product_tag","embeddable":true,"href":"https:\/\/crochetts.com\/de\/wp-json\/wp\/v2\/product_tag?post=25577"}],"curies":[{"name":"wp","href":"https:\/\/api.w.org\/{rel}","templated":true}]}}