{"id":25533,"date":"2023-07-10T07:37:26","date_gmt":"2023-07-10T06:37:26","guid":{"rendered":"https:\/\/crochetts.com\/tienda\/hellblaues-fischpaket\/"},"modified":"2026-01-15T15:02:44","modified_gmt":"2026-01-15T13:02:44","slug":"hellblaues-fischpaket","status":"publish","type":"product","link":"https:\/\/crochetts.com\/de\/tienda\/hellblaues-fischpaket\/","title":{"rendered":"HELLBLAUES FISCHPAKET"},"content":{"rendered":"<div style=\"text-align: justify;\">\n<div style=\"text-align: justify;\">\n<p>Unsere <strong>Ozean-Kollektion<\/strong> hat ein <strong>exklusives Design<\/strong>. Es handelt sich um Wassertiere mit einem sehr weichen Griff, die nach dem<strong> DECO-PLAY-Konzept<\/strong> entworfen wurden, so dass sie <strong>zum Spielen und zur Dekoration <\/strong><strong> der Zimmer<\/strong> der Kleinen im Haus <strong>verwendet werden k\u00f6nnen <\/strong>. <strong>Unsere Fische haben<\/strong> oben <strong>2 Haken aus demselben Stoff<\/strong> <strong>, damit sie an die Wand geh\u00e4ngt werden k\u00f6nnen. <\/strong>Sie sind perfekt zum Spielen und Dekorieren der eigenen W\u00e4nde.<\/p>\n<\/div>\n<p>W\u00e4hlen Sie das Tier, das Ihnen am besten gef\u00e4llt, um ihn in eine ruhige und gem\u00fctliche Atmosph\u00e4re zu begleiten <strong>.<\/strong> Ein einzigartiges und ganz besonderes Geschenk, das Jung und Alt gleicherma\u00dfen \u00fcberraschen wird.  <strong>haben eine Glocke im Inneren, die klingelt, wenn die Kleinen sie sch\u00fctteln und ein Ger\u00e4usch machen.<\/strong><\/p>\n<\/div>\n<p>&nbsp;<\/p>\n<p>&nbsp;<\/p>\n<p>&nbsp;<\/p>\n","protected":false},"excerpt":{"rendered":"<p>Unser <strong>hellblaues Fischp\u00e4ckchen<\/strong> ist aus weichem Frottee und Samt am Kopf gefertigt. Er hat eine <strong>Glocke<\/strong> im Inneren des K\u00f6rpers und <strong>zwei Applikationen auf dem oberen Teil des gleichen Stoffes, so dass er aufgeh\u00e4ngt werden kann, um die W\u00e4nde von Kinderzimmern zu schm\u00fccken.<\/strong> Es kann auch zur <strong>Dekoration von Betten oder als weiches Kuscheltier<\/strong> verwendet werden. Es hat ein lustiges Design, einen l\u00e4nglichen K\u00f6rper und eine Klappe.   Ein einzigartiges <strong>Deko-Wandelement<\/strong>, das Kinderzimmern eine besondere Note verleiht.<\/p>\n<p><strong>Abmessungen:<br \/>\n<\/strong>- <strong>Gro\u00df:<\/strong> 11cm x 6cm x 52cm.<br \/>\n-<strong> Klein:<\/strong> 9cm x 5cm x 40cm.<\/p>\n<p>&nbsp;<\/p>\n","protected":false},"featured_media":25543,"template":"","meta":{"_acf_changed":false,"_joinchat":[]},"product_brand":[],"product_cat":[6581],"product_tag":[6235,6234,6596,6597,6588,6233,6583],"class_list":{"0":"post-25533","1":"product","2":"type-product","3":"status-publish","4":"has-post-thumbnail","6":"product_cat-ozeanische-teddien","7":"product_tag-decokids","8":"product_tag-dekoration","9":"product_tag-fisch-2","10":"product_tag-goldfisch","11":"product_tag-knuddeliger-fisch","12":"product_tag-teddy","13":"product_tag-wand","14":"entry","16":"first","17":"instock","18":"featured","19":"taxable","20":"shipping-taxable","21":"purchasable","22":"product-type-simple"},"acf":[],"yoast_head":"<!-- This site is optimized with the Yoast SEO Premium plugin v26.1 (Yoast SEO v27.3) - https:\/\/yoast.com\/product\/yoast-seo-premium-wordpress\/ -->\n<title>Hellblaues Fisch-Paket - Kinder-Wandkuscheltiere - Crochetts<\/title>\n<meta name=\"description\" content=\"Fischpaket in Hellblau aus weichem Frottee und Samt. Ein einzigartiges Deko-Wandelement, das R\u00e4umen eine besondere Note verleiht.\" \/>\n<meta name=\"robots\" content=\"index, follow, max-snippet:-1, max-image-preview:large, max-video-preview:-1\" \/>\n<link rel=\"canonical\" href=\"https:\/\/crochetts.com\/de\/tienda\/hellblaues-fischpaket\/\" \/>\n<meta property=\"og:locale\" content=\"de_DE\" \/>\n<meta property=\"og:type\" content=\"article\" \/>\n<meta property=\"og:title\" content=\"HELLBLAUES FISCHPAKET\" \/>\n<meta property=\"og:description\" content=\"Unser hellblaues Fischp\u00e4ckchen ist aus weichem Frottee und Samt am Kopf gefertigt. Er hat eine Glocke im Inneren des K\u00f6rpers und zwei Applikationen auf dem oberen Teil des gleichen Stoffes, so dass er aufgeh\u00e4ngt werden kann, um die W\u00e4nde von Kinderzimmern zu schm\u00fccken. Es kann auch zur Dekoration von Betten oder als weiches Kuscheltier verwendet werden. Es hat ein lustiges Design, einen l\u00e4nglichen K\u00f6rper und eine Klappe.  Ein einzigartiges Deko-Wandelement, das Kinderzimmern eine besondere Note verleiht. Abmessungen: - Gro\u00df: 11cm x 6cm x 52cm. - Klein: 9cm x 5cm x 40cm. &nbsp;\" \/>\n<meta property=\"og:url\" content=\"https:\/\/crochetts.com\/de\/tienda\/hellblaues-fischpaket\/\" \/>\n<meta property=\"og:site_name\" content=\"Crochetts\" \/>\n<meta property=\"article:publisher\" content=\"https:\/\/www.facebook.com\/Crochetts-101964178013493\" \/>\n<meta property=\"article:modified_time\" content=\"2026-01-15T13:02:44+00:00\" \/>\n<meta property=\"og:image\" content=\"https:\/\/crochetts.com\/wp-content\/uploads\/2023\/07\/4015_1.jpg\" \/>\n\t<meta property=\"og:image:width\" content=\"601\" \/>\n\t<meta property=\"og:image:height\" content=\"900\" \/>\n\t<meta property=\"og:image:type\" content=\"image\/jpeg\" \/>\n<meta name=\"twitter:card\" content=\"summary_large_image\" \/>\n<meta name=\"twitter:label1\" content=\"Preis\" \/>\n\t<meta name=\"twitter:data1\" content=\"45,00&nbsp;&euro;\" \/>\n\t<meta name=\"twitter:label2\" content=\"Verf\u00fcgbarkeit\" \/>\n\t<meta name=\"twitter:data2\" content=\"Auf Lager\" \/>\n<script type=\"application\/ld+json\" class=\"yoast-schema-graph\">{\"@context\":\"https:\\\/\\\/schema.org\",\"@graph\":[{\"@type\":\"WebPage\",\"@id\":\"https:\\\/\\\/crochetts.com\\\/de\\\/tienda\\\/hellblaues-fischpaket\\\/\",\"url\":\"https:\\\/\\\/crochetts.com\\\/de\\\/tienda\\\/hellblaues-fischpaket\\\/\",\"name\":\"Hellblaues Fisch-Paket - Kinder-Wandkuscheltiere - Crochetts\",\"isPartOf\":{\"@id\":\"https:\\\/\\\/crochetts.com\\\/de\\\/#website\"},\"primaryImageOfPage\":{\"@id\":\"https:\\\/\\\/crochetts.com\\\/de\\\/tienda\\\/hellblaues-fischpaket\\\/#primaryimage\"},\"image\":{\"@id\":\"https:\\\/\\\/crochetts.com\\\/de\\\/tienda\\\/hellblaues-fischpaket\\\/#primaryimage\"},\"thumbnailUrl\":\"https:\\\/\\\/crochetts.com\\\/wp-content\\\/uploads\\\/2023\\\/07\\\/4015_1.jpg\",\"datePublished\":\"2023-07-10T06:37:26+00:00\",\"dateModified\":\"2026-01-15T13:02:44+00:00\",\"description\":\"Fischpaket in Hellblau aus weichem Frottee und Samt. Ein einzigartiges Deko-Wandelement, das R\u00e4umen eine besondere Note verleiht.\",\"breadcrumb\":{\"@id\":\"https:\\\/\\\/crochetts.com\\\/de\\\/tienda\\\/hellblaues-fischpaket\\\/#breadcrumb\"},\"inLanguage\":\"de\",\"potentialAction\":[{\"@type\":\"ReadAction\",\"target\":[\"https:\\\/\\\/crochetts.com\\\/de\\\/tienda\\\/hellblaues-fischpaket\\\/\"]}]},{\"@type\":\"ImageObject\",\"inLanguage\":\"de\",\"@id\":\"https:\\\/\\\/crochetts.com\\\/de\\\/tienda\\\/hellblaues-fischpaket\\\/#primaryimage\",\"url\":\"https:\\\/\\\/crochetts.com\\\/wp-content\\\/uploads\\\/2023\\\/07\\\/4015_1.jpg\",\"contentUrl\":\"https:\\\/\\\/crochetts.com\\\/wp-content\\\/uploads\\\/2023\\\/07\\\/4015_1.jpg\",\"width\":601,\"height\":900},{\"@type\":\"BreadcrumbList\",\"@id\":\"https:\\\/\\\/crochetts.com\\\/de\\\/tienda\\\/hellblaues-fischpaket\\\/#breadcrumb\",\"itemListElement\":[{\"@type\":\"ListItem\",\"position\":1,\"name\":\"Portada\",\"item\":\"https:\\\/\\\/crochetts.com\\\/de\\\/startseite\\\/\"},{\"@type\":\"ListItem\",\"position\":2,\"name\":\"Shop\",\"item\":\"https:\\\/\\\/crochetts.com\\\/de\\\/shop\\\/\"},{\"@type\":\"ListItem\",\"position\":3,\"name\":\"HELLBLAUES FISCHPAKET\"}]},{\"@type\":\"WebSite\",\"@id\":\"https:\\\/\\\/crochetts.com\\\/de\\\/#website\",\"url\":\"https:\\\/\\\/crochetts.com\\\/de\\\/\",\"name\":\"Crochetts\",\"description\":\"ANIMALES DE CROCHET PARA JUGAR,DECORAR Y SO\u00d1AR\",\"publisher\":{\"@id\":\"https:\\\/\\\/crochetts.com\\\/de\\\/#organization\"},\"potentialAction\":[{\"@type\":\"SearchAction\",\"target\":{\"@type\":\"EntryPoint\",\"urlTemplate\":\"https:\\\/\\\/crochetts.com\\\/de\\\/?s={search_term_string}\"},\"query-input\":{\"@type\":\"PropertyValueSpecification\",\"valueRequired\":true,\"valueName\":\"search_term_string\"}}],\"inLanguage\":\"de\"},{\"@type\":\"Organization\",\"@id\":\"https:\\\/\\\/crochetts.com\\\/de\\\/#organization\",\"name\":\"H\u00e4keln\",\"url\":\"https:\\\/\\\/crochetts.com\\\/de\\\/\",\"logo\":{\"@type\":\"ImageObject\",\"inLanguage\":\"de\",\"@id\":\"https:\\\/\\\/crochetts.com\\\/de\\\/#\\\/schema\\\/logo\\\/image\\\/\",\"url\":\"https:\\\/\\\/i2.wp.com\\\/crochetts.com\\\/wp-content\\\/uploads\\\/2021\\\/01\\\/Logo-Crochetts.jpg?fit=300%2C137&ssl=1\",\"contentUrl\":\"https:\\\/\\\/i2.wp.com\\\/crochetts.com\\\/wp-content\\\/uploads\\\/2021\\\/01\\\/Logo-Crochetts.jpg?fit=300%2C137&ssl=1\",\"width\":300,\"height\":137,\"caption\":\"H\u00e4keln\"},\"image\":{\"@id\":\"https:\\\/\\\/crochetts.com\\\/de\\\/#\\\/schema\\\/logo\\\/image\\\/\"},\"sameAs\":[\"https:\\\/\\\/www.facebook.com\\\/Crochetts-101964178013493\",\"https:\\\/\\\/www.instagram.com\\\/crochetts_\\\/\"]}]}<\/script>\n<meta property=\"product:price:amount\" content=\"45.00\" \/>\n<meta property=\"product:price:currency\" content=\"EUR\" \/>\n<meta property=\"og:availability\" content=\"instock\" \/>\n<meta property=\"product:availability\" content=\"instock\" \/>\n<meta property=\"product:retailer_item_id\" content=\"4015\" \/>\n<meta property=\"product:condition\" content=\"new\" \/>\n<!-- \/ Yoast SEO Premium plugin. -->","yoast_head_json":{"title":"Hellblaues Fisch-Paket - Kinder-Wandkuscheltiere - Crochetts","description":"Fischpaket in Hellblau aus weichem Frottee und Samt. Ein einzigartiges Deko-Wandelement, das R\u00e4umen eine besondere Note verleiht.","robots":{"index":"index","follow":"follow","max-snippet":"max-snippet:-1","max-image-preview":"max-image-preview:large","max-video-preview":"max-video-preview:-1"},"canonical":"https:\/\/crochetts.com\/de\/tienda\/hellblaues-fischpaket\/","og_locale":"de_DE","og_type":"article","og_title":"HELLBLAUES FISCHPAKET","og_description":"Unser hellblaues Fischp\u00e4ckchen ist aus weichem Frottee und Samt am Kopf gefertigt. Er hat eine Glocke im Inneren des K\u00f6rpers und zwei Applikationen auf dem oberen Teil des gleichen Stoffes, so dass er aufgeh\u00e4ngt werden kann, um die W\u00e4nde von Kinderzimmern zu schm\u00fccken. Es kann auch zur Dekoration von Betten oder als weiches Kuscheltier verwendet werden. Es hat ein lustiges Design, einen l\u00e4nglichen K\u00f6rper und eine Klappe.  Ein einzigartiges Deko-Wandelement, das Kinderzimmern eine besondere Note verleiht. Abmessungen: - Gro\u00df: 11cm x 6cm x 52cm. - Klein: 9cm x 5cm x 40cm. &nbsp;","og_url":"https:\/\/crochetts.com\/de\/tienda\/hellblaues-fischpaket\/","og_site_name":"Crochetts","article_publisher":"https:\/\/www.facebook.com\/Crochetts-101964178013493","article_modified_time":"2026-01-15T13:02:44+00:00","og_image":[{"width":601,"height":900,"url":"https:\/\/crochetts.com\/wp-content\/uploads\/2023\/07\/4015_1.jpg","type":"image\/jpeg"}],"twitter_card":"summary_large_image","twitter_misc":{"Preis":"45,00&nbsp;&euro;","Verf\u00fcgbarkeit":"Auf Lager"},"schema":{"@context":"https:\/\/schema.org","@graph":[{"@type":"WebPage","@id":"https:\/\/crochetts.com\/de\/tienda\/hellblaues-fischpaket\/","url":"https:\/\/crochetts.com\/de\/tienda\/hellblaues-fischpaket\/","name":"Hellblaues Fisch-Paket - Kinder-Wandkuscheltiere - Crochetts","isPartOf":{"@id":"https:\/\/crochetts.com\/de\/#website"},"primaryImageOfPage":{"@id":"https:\/\/crochetts.com\/de\/tienda\/hellblaues-fischpaket\/#primaryimage"},"image":{"@id":"https:\/\/crochetts.com\/de\/tienda\/hellblaues-fischpaket\/#primaryimage"},"thumbnailUrl":"https:\/\/crochetts.com\/wp-content\/uploads\/2023\/07\/4015_1.jpg","datePublished":"2023-07-10T06:37:26+00:00","dateModified":"2026-01-15T13:02:44+00:00","description":"Fischpaket in Hellblau aus weichem Frottee und Samt. Ein einzigartiges Deko-Wandelement, das R\u00e4umen eine besondere Note verleiht.","breadcrumb":{"@id":"https:\/\/crochetts.com\/de\/tienda\/hellblaues-fischpaket\/#breadcrumb"},"inLanguage":"de","potentialAction":[{"@type":"ReadAction","target":["https:\/\/crochetts.com\/de\/tienda\/hellblaues-fischpaket\/"]}]},{"@type":"ImageObject","inLanguage":"de","@id":"https:\/\/crochetts.com\/de\/tienda\/hellblaues-fischpaket\/#primaryimage","url":"https:\/\/crochetts.com\/wp-content\/uploads\/2023\/07\/4015_1.jpg","contentUrl":"https:\/\/crochetts.com\/wp-content\/uploads\/2023\/07\/4015_1.jpg","width":601,"height":900},{"@type":"BreadcrumbList","@id":"https:\/\/crochetts.com\/de\/tienda\/hellblaues-fischpaket\/#breadcrumb","itemListElement":[{"@type":"ListItem","position":1,"name":"Portada","item":"https:\/\/crochetts.com\/de\/startseite\/"},{"@type":"ListItem","position":2,"name":"Shop","item":"https:\/\/crochetts.com\/de\/shop\/"},{"@type":"ListItem","position":3,"name":"HELLBLAUES FISCHPAKET"}]},{"@type":"WebSite","@id":"https:\/\/crochetts.com\/de\/#website","url":"https:\/\/crochetts.com\/de\/","name":"Crochetts","description":"ANIMALES DE CROCHET PARA JUGAR,DECORAR Y SO\u00d1AR","publisher":{"@id":"https:\/\/crochetts.com\/de\/#organization"},"potentialAction":[{"@type":"SearchAction","target":{"@type":"EntryPoint","urlTemplate":"https:\/\/crochetts.com\/de\/?s={search_term_string}"},"query-input":{"@type":"PropertyValueSpecification","valueRequired":true,"valueName":"search_term_string"}}],"inLanguage":"de"},{"@type":"Organization","@id":"https:\/\/crochetts.com\/de\/#organization","name":"H\u00e4keln","url":"https:\/\/crochetts.com\/de\/","logo":{"@type":"ImageObject","inLanguage":"de","@id":"https:\/\/crochetts.com\/de\/#\/schema\/logo\/image\/","url":"https:\/\/i2.wp.com\/crochetts.com\/wp-content\/uploads\/2021\/01\/Logo-Crochetts.jpg?fit=300%2C137&ssl=1","contentUrl":"https:\/\/i2.wp.com\/crochetts.com\/wp-content\/uploads\/2021\/01\/Logo-Crochetts.jpg?fit=300%2C137&ssl=1","width":300,"height":137,"caption":"H\u00e4keln"},"image":{"@id":"https:\/\/crochetts.com\/de\/#\/schema\/logo\/image\/"},"sameAs":["https:\/\/www.facebook.com\/Crochetts-101964178013493","https:\/\/www.instagram.com\/crochetts_\/"]}]},"product_price_amount":"45.00","product_price_currency":"EUR","og_availability":"instock","product_availability":"instock","product_retailer_item_id":"4015","product_condition":"new"},"_links":{"self":[{"href":"https:\/\/crochetts.com\/de\/wp-json\/wp\/v2\/product\/25533","targetHints":{"allow":["GET"]}}],"collection":[{"href":"https:\/\/crochetts.com\/de\/wp-json\/wp\/v2\/product"}],"about":[{"href":"https:\/\/crochetts.com\/de\/wp-json\/wp\/v2\/types\/product"}],"wp:featuredmedia":[{"embeddable":true,"href":"https:\/\/crochetts.com\/de\/wp-json\/wp\/v2\/media\/25543"}],"wp:attachment":[{"href":"https:\/\/crochetts.com\/de\/wp-json\/wp\/v2\/media?parent=25533"}],"wp:term":[{"taxonomy":"product_brand","embeddable":true,"href":"https:\/\/crochetts.com\/de\/wp-json\/wp\/v2\/product_brand?post=25533"},{"taxonomy":"product_cat","embeddable":true,"href":"https:\/\/crochetts.com\/de\/wp-json\/wp\/v2\/product_cat?post=25533"},{"taxonomy":"product_tag","embeddable":true,"href":"https:\/\/crochetts.com\/de\/wp-json\/wp\/v2\/product_tag?post=25533"}],"curies":[{"name":"wp","href":"https:\/\/api.w.org\/{rel}","templated":true}]}}