{"id":25241,"date":"2024-09-20T12:20:52","date_gmt":"2024-09-20T11:20:52","guid":{"rendered":"https:\/\/crochetts.com\/tienda\/stoffpuppe-meerjungfrau-mond-lila\/"},"modified":"2024-09-20T12:20:52","modified_gmt":"2024-09-20T11:20:52","slug":"stoffpuppe-meerjungfrau-mond-lila","status":"publish","type":"product","link":"https:\/\/crochetts.com\/de\/tienda\/stoffpuppe-meerjungfrau-mond-lila\/","title":{"rendered":"STOFFPUPPE MEERJUNGFRAU MOND LILA"},"content":{"rendered":"<div style=\"text-align: justify;\">\n<div style=\"text-align: justify;\"><\/div>\n<p>&nbsp;<\/p>\n<\/div>\n<p>&nbsp;<\/p>\n<p>&nbsp;<\/p>\n<p>&nbsp;<\/p>\n","protected":false},"excerpt":{"rendered":"<p>Unsere <b>Luna Meerjungfrauenpuppe<\/b> ist aus <strong>extra weichem<\/strong> Stoff gefertigt <strong>und f\u00fchlt sich sehr<\/strong> <strong>angenehm<\/strong> an. Ihr niedliches <strong>Design<\/strong> mit lila <strong>Schwanz<\/strong> und kleinen Ohren wird sie zur unzertrennlichen Puppe Ihrer Tochter machen. <strong>Luna<\/strong> ist mehr als nur ein Spielzeug: Sie ist eine <strong>Begleiterin f\u00fcr magische Abenteuer<\/strong> und ein Symbol f\u00fcr Liebe und Kreativit\u00e4t. Wird in einer Geschenkbox verkauft. Sie hat einen <strong>Henkel <\/strong>am Kopf, so dass sie an einem Trolley oder Rucksack aufgeh\u00e4ngt werden kann.   <\/p>\n<p>&nbsp;<\/p>\n<p>&nbsp;<\/p>\n<p>&nbsp;<\/p>\n","protected":false},"featured_media":25262,"template":"","meta":{"_acf_changed":false,"_joinchat":[]},"product_brand":[],"product_cat":[6232],"product_tag":[6235,6234,6243,6253,6236,6242,6237,6241,6244,6239,6374,6372,6240,6252,6233,6238],"class_list":{"0":"post-25241","1":"product","2":"type-product","3":"status-publish","4":"has-post-thumbnail","6":"product_cat-stoffpuppen","7":"product_tag-decokids","8":"product_tag-dekoration","9":"product_tag-einhornpuppe","10":"product_tag-einhornpuppe-2","11":"product_tag-katzchen-puppe","12":"product_tag-m","13":"product_tag-pluschpuppe","14":"product_tag-poupee-en-tissu","15":"product_tag-puppe-meerjungfrau","16":"product_tag-puppe-tier","17":"product_tag-puppen-sirene","18":"product_tag-stoffpuppe-3","19":"product_tag-stoffpuppe","20":"product_tag-stoffpuppe-2","21":"product_tag-teddy","22":"product_tag-weiche-puppe","23":"entry","25":"first","26":"instock","27":"featured","28":"taxable","29":"shipping-taxable","30":"purchasable","31":"product-type-simple"},"acf":[],"yoast_head":"<!-- This site is optimized with the Yoast SEO Premium plugin v26.1 (Yoast SEO v27.3) - https:\/\/yoast.com\/product\/yoast-seo-premium-wordpress\/ -->\n<title>- STOFFPUPPE MEERJUNGFRAU MOND LILA -% % %<\/title>\n<meta name=\"description\" content=\"Unsere Luna Meerjungfrauenpuppe ist aus extra weichem Stoff gefertigt und f\u00fchlt sich sehr angenehm an. Ihr niedliches Design mit lila Schwanz und kleinen Ohren macht sie zur unzertrennlichen Puppe Ihres Kindes, dem besten Reisebegleiter.\" \/>\n<meta name=\"robots\" content=\"index, follow, max-snippet:-1, max-image-preview:large, max-video-preview:-1\" \/>\n<link rel=\"canonical\" href=\"https:\/\/crochetts.com\/de\/tienda\/stoffpuppe-meerjungfrau-mond-lila\/\" \/>\n<meta property=\"og:locale\" content=\"de_DE\" \/>\n<meta property=\"og:type\" content=\"article\" \/>\n<meta property=\"og:title\" content=\"STOFFPUPPE MEERJUNGFRAU MOND LILA\" \/>\n<meta property=\"og:description\" content=\"Unsere Luna Meerjungfrauenpuppe ist aus extra weichem Stoff gefertigt und f\u00fchlt sich sehr angenehm an. Ihr niedliches Design mit lila Schwanz und kleinen Ohren wird sie zur unzertrennlichen Puppe Ihrer Tochter machen. Luna ist mehr als nur ein Spielzeug: Sie ist eine Begleiterin f\u00fcr magische Abenteuer und ein Symbol f\u00fcr Liebe und Kreativit\u00e4t. Wird in einer Geschenkbox verkauft. Sie hat einen Henkel am Kopf, so dass sie an einem Trolley oder Rucksack aufgeh\u00e4ngt werden kann.   &nbsp; &nbsp; &nbsp;\" \/>\n<meta property=\"og:url\" content=\"https:\/\/crochetts.com\/de\/tienda\/stoffpuppe-meerjungfrau-mond-lila\/\" \/>\n<meta property=\"og:site_name\" content=\"Crochetts\" \/>\n<meta property=\"article:publisher\" content=\"https:\/\/www.facebook.com\/Crochetts-101964178013493\" \/>\n<meta property=\"og:image\" content=\"https:\/\/crochetts.com\/wp-content\/uploads\/2024\/09\/4066_1.jpg\" \/>\n\t<meta property=\"og:image:width\" content=\"800\" \/>\n\t<meta property=\"og:image:height\" content=\"1202\" \/>\n\t<meta property=\"og:image:type\" content=\"image\/jpeg\" \/>\n<meta name=\"twitter:card\" content=\"summary_large_image\" \/>\n<meta name=\"twitter:label1\" content=\"Preis\" \/>\n\t<meta name=\"twitter:data1\" content=\"42,89&nbsp;&euro;\" \/>\n\t<meta name=\"twitter:label2\" content=\"Verf\u00fcgbarkeit\" \/>\n\t<meta name=\"twitter:data2\" content=\"Auf Lager\" \/>\n<script type=\"application\/ld+json\" class=\"yoast-schema-graph\">{\"@context\":\"https:\\\/\\\/schema.org\",\"@graph\":[{\"@type\":\"WebPage\",\"@id\":\"https:\\\/\\\/crochetts.com\\\/de\\\/tienda\\\/stoffpuppe-meerjungfrau-mond-lila\\\/\",\"url\":\"https:\\\/\\\/crochetts.com\\\/de\\\/tienda\\\/stoffpuppe-meerjungfrau-mond-lila\\\/\",\"name\":\"- STOFFPUPPE MEERJUNGFRAU MOND LILA -% % %\",\"isPartOf\":{\"@id\":\"https:\\\/\\\/crochetts.com\\\/de\\\/#website\"},\"primaryImageOfPage\":{\"@id\":\"https:\\\/\\\/crochetts.com\\\/de\\\/tienda\\\/stoffpuppe-meerjungfrau-mond-lila\\\/#primaryimage\"},\"image\":{\"@id\":\"https:\\\/\\\/crochetts.com\\\/de\\\/tienda\\\/stoffpuppe-meerjungfrau-mond-lila\\\/#primaryimage\"},\"thumbnailUrl\":\"https:\\\/\\\/crochetts.com\\\/wp-content\\\/uploads\\\/2024\\\/09\\\/4066_1.jpg\",\"datePublished\":\"2024-09-20T11:20:52+00:00\",\"description\":\"Unsere Luna Meerjungfrauenpuppe ist aus extra weichem Stoff gefertigt und f\u00fchlt sich sehr angenehm an. Ihr niedliches Design mit lila Schwanz und kleinen Ohren macht sie zur unzertrennlichen Puppe Ihres Kindes, dem besten Reisebegleiter.\",\"breadcrumb\":{\"@id\":\"https:\\\/\\\/crochetts.com\\\/de\\\/tienda\\\/stoffpuppe-meerjungfrau-mond-lila\\\/#breadcrumb\"},\"inLanguage\":\"de\",\"potentialAction\":[{\"@type\":\"ReadAction\",\"target\":[\"https:\\\/\\\/crochetts.com\\\/de\\\/tienda\\\/stoffpuppe-meerjungfrau-mond-lila\\\/\"]}]},{\"@type\":\"ImageObject\",\"inLanguage\":\"de\",\"@id\":\"https:\\\/\\\/crochetts.com\\\/de\\\/tienda\\\/stoffpuppe-meerjungfrau-mond-lila\\\/#primaryimage\",\"url\":\"https:\\\/\\\/crochetts.com\\\/wp-content\\\/uploads\\\/2024\\\/09\\\/4066_1.jpg\",\"contentUrl\":\"https:\\\/\\\/crochetts.com\\\/wp-content\\\/uploads\\\/2024\\\/09\\\/4066_1.jpg\",\"width\":800,\"height\":1202,\"caption\":\"Meerjungfrau Puppe h\u00e4keln\"},{\"@type\":\"BreadcrumbList\",\"@id\":\"https:\\\/\\\/crochetts.com\\\/de\\\/tienda\\\/stoffpuppe-meerjungfrau-mond-lila\\\/#breadcrumb\",\"itemListElement\":[{\"@type\":\"ListItem\",\"position\":1,\"name\":\"Portada\",\"item\":\"https:\\\/\\\/crochetts.com\\\/de\\\/startseite\\\/\"},{\"@type\":\"ListItem\",\"position\":2,\"name\":\"Shop\",\"item\":\"https:\\\/\\\/crochetts.com\\\/de\\\/shop\\\/\"},{\"@type\":\"ListItem\",\"position\":3,\"name\":\"STOFFPUPPE MEERJUNGFRAU MOND LILA\"}]},{\"@type\":\"WebSite\",\"@id\":\"https:\\\/\\\/crochetts.com\\\/de\\\/#website\",\"url\":\"https:\\\/\\\/crochetts.com\\\/de\\\/\",\"name\":\"Crochetts\",\"description\":\"ANIMALES DE CROCHET PARA JUGAR,DECORAR Y SO\u00d1AR\",\"publisher\":{\"@id\":\"https:\\\/\\\/crochetts.com\\\/de\\\/#organization\"},\"potentialAction\":[{\"@type\":\"SearchAction\",\"target\":{\"@type\":\"EntryPoint\",\"urlTemplate\":\"https:\\\/\\\/crochetts.com\\\/de\\\/?s={search_term_string}\"},\"query-input\":{\"@type\":\"PropertyValueSpecification\",\"valueRequired\":true,\"valueName\":\"search_term_string\"}}],\"inLanguage\":\"de\"},{\"@type\":\"Organization\",\"@id\":\"https:\\\/\\\/crochetts.com\\\/de\\\/#organization\",\"name\":\"H\u00e4keln\",\"url\":\"https:\\\/\\\/crochetts.com\\\/de\\\/\",\"logo\":{\"@type\":\"ImageObject\",\"inLanguage\":\"de\",\"@id\":\"https:\\\/\\\/crochetts.com\\\/de\\\/#\\\/schema\\\/logo\\\/image\\\/\",\"url\":\"https:\\\/\\\/i2.wp.com\\\/crochetts.com\\\/wp-content\\\/uploads\\\/2021\\\/01\\\/Logo-Crochetts.jpg?fit=300%2C137&ssl=1\",\"contentUrl\":\"https:\\\/\\\/i2.wp.com\\\/crochetts.com\\\/wp-content\\\/uploads\\\/2021\\\/01\\\/Logo-Crochetts.jpg?fit=300%2C137&ssl=1\",\"width\":300,\"height\":137,\"caption\":\"H\u00e4keln\"},\"image\":{\"@id\":\"https:\\\/\\\/crochetts.com\\\/de\\\/#\\\/schema\\\/logo\\\/image\\\/\"},\"sameAs\":[\"https:\\\/\\\/www.facebook.com\\\/Crochetts-101964178013493\",\"https:\\\/\\\/www.instagram.com\\\/crochetts_\\\/\"]}]}<\/script>\n<meta property=\"product:price:amount\" content=\"42.89\" \/>\n<meta property=\"product:price:currency\" content=\"EUR\" \/>\n<meta property=\"og:availability\" content=\"instock\" \/>\n<meta property=\"product:availability\" content=\"instock\" \/>\n<meta property=\"product:retailer_item_id\" content=\"4066\" \/>\n<meta property=\"product:condition\" content=\"new\" \/>\n<!-- \/ Yoast SEO Premium plugin. -->","yoast_head_json":{"title":"- STOFFPUPPE MEERJUNGFRAU MOND LILA -% % %","description":"Unsere Luna Meerjungfrauenpuppe ist aus extra weichem Stoff gefertigt und f\u00fchlt sich sehr angenehm an. Ihr niedliches Design mit lila Schwanz und kleinen Ohren macht sie zur unzertrennlichen Puppe Ihres Kindes, dem besten Reisebegleiter.","robots":{"index":"index","follow":"follow","max-snippet":"max-snippet:-1","max-image-preview":"max-image-preview:large","max-video-preview":"max-video-preview:-1"},"canonical":"https:\/\/crochetts.com\/de\/tienda\/stoffpuppe-meerjungfrau-mond-lila\/","og_locale":"de_DE","og_type":"article","og_title":"STOFFPUPPE MEERJUNGFRAU MOND LILA","og_description":"Unsere Luna Meerjungfrauenpuppe ist aus extra weichem Stoff gefertigt und f\u00fchlt sich sehr angenehm an. Ihr niedliches Design mit lila Schwanz und kleinen Ohren wird sie zur unzertrennlichen Puppe Ihrer Tochter machen. Luna ist mehr als nur ein Spielzeug: Sie ist eine Begleiterin f\u00fcr magische Abenteuer und ein Symbol f\u00fcr Liebe und Kreativit\u00e4t. Wird in einer Geschenkbox verkauft. Sie hat einen Henkel am Kopf, so dass sie an einem Trolley oder Rucksack aufgeh\u00e4ngt werden kann.   &nbsp; &nbsp; &nbsp;","og_url":"https:\/\/crochetts.com\/de\/tienda\/stoffpuppe-meerjungfrau-mond-lila\/","og_site_name":"Crochetts","article_publisher":"https:\/\/www.facebook.com\/Crochetts-101964178013493","og_image":[{"width":800,"height":1202,"url":"https:\/\/crochetts.com\/wp-content\/uploads\/2024\/09\/4066_1.jpg","type":"image\/jpeg"}],"twitter_card":"summary_large_image","twitter_misc":{"Preis":"42,89&nbsp;&euro;","Verf\u00fcgbarkeit":"Auf Lager"},"schema":{"@context":"https:\/\/schema.org","@graph":[{"@type":"WebPage","@id":"https:\/\/crochetts.com\/de\/tienda\/stoffpuppe-meerjungfrau-mond-lila\/","url":"https:\/\/crochetts.com\/de\/tienda\/stoffpuppe-meerjungfrau-mond-lila\/","name":"- STOFFPUPPE MEERJUNGFRAU MOND LILA -% % %","isPartOf":{"@id":"https:\/\/crochetts.com\/de\/#website"},"primaryImageOfPage":{"@id":"https:\/\/crochetts.com\/de\/tienda\/stoffpuppe-meerjungfrau-mond-lila\/#primaryimage"},"image":{"@id":"https:\/\/crochetts.com\/de\/tienda\/stoffpuppe-meerjungfrau-mond-lila\/#primaryimage"},"thumbnailUrl":"https:\/\/crochetts.com\/wp-content\/uploads\/2024\/09\/4066_1.jpg","datePublished":"2024-09-20T11:20:52+00:00","description":"Unsere Luna Meerjungfrauenpuppe ist aus extra weichem Stoff gefertigt und f\u00fchlt sich sehr angenehm an. Ihr niedliches Design mit lila Schwanz und kleinen Ohren macht sie zur unzertrennlichen Puppe Ihres Kindes, dem besten Reisebegleiter.","breadcrumb":{"@id":"https:\/\/crochetts.com\/de\/tienda\/stoffpuppe-meerjungfrau-mond-lila\/#breadcrumb"},"inLanguage":"de","potentialAction":[{"@type":"ReadAction","target":["https:\/\/crochetts.com\/de\/tienda\/stoffpuppe-meerjungfrau-mond-lila\/"]}]},{"@type":"ImageObject","inLanguage":"de","@id":"https:\/\/crochetts.com\/de\/tienda\/stoffpuppe-meerjungfrau-mond-lila\/#primaryimage","url":"https:\/\/crochetts.com\/wp-content\/uploads\/2024\/09\/4066_1.jpg","contentUrl":"https:\/\/crochetts.com\/wp-content\/uploads\/2024\/09\/4066_1.jpg","width":800,"height":1202,"caption":"Meerjungfrau Puppe h\u00e4keln"},{"@type":"BreadcrumbList","@id":"https:\/\/crochetts.com\/de\/tienda\/stoffpuppe-meerjungfrau-mond-lila\/#breadcrumb","itemListElement":[{"@type":"ListItem","position":1,"name":"Portada","item":"https:\/\/crochetts.com\/de\/startseite\/"},{"@type":"ListItem","position":2,"name":"Shop","item":"https:\/\/crochetts.com\/de\/shop\/"},{"@type":"ListItem","position":3,"name":"STOFFPUPPE MEERJUNGFRAU MOND LILA"}]},{"@type":"WebSite","@id":"https:\/\/crochetts.com\/de\/#website","url":"https:\/\/crochetts.com\/de\/","name":"Crochetts","description":"ANIMALES DE CROCHET PARA JUGAR,DECORAR Y SO\u00d1AR","publisher":{"@id":"https:\/\/crochetts.com\/de\/#organization"},"potentialAction":[{"@type":"SearchAction","target":{"@type":"EntryPoint","urlTemplate":"https:\/\/crochetts.com\/de\/?s={search_term_string}"},"query-input":{"@type":"PropertyValueSpecification","valueRequired":true,"valueName":"search_term_string"}}],"inLanguage":"de"},{"@type":"Organization","@id":"https:\/\/crochetts.com\/de\/#organization","name":"H\u00e4keln","url":"https:\/\/crochetts.com\/de\/","logo":{"@type":"ImageObject","inLanguage":"de","@id":"https:\/\/crochetts.com\/de\/#\/schema\/logo\/image\/","url":"https:\/\/i2.wp.com\/crochetts.com\/wp-content\/uploads\/2021\/01\/Logo-Crochetts.jpg?fit=300%2C137&ssl=1","contentUrl":"https:\/\/i2.wp.com\/crochetts.com\/wp-content\/uploads\/2021\/01\/Logo-Crochetts.jpg?fit=300%2C137&ssl=1","width":300,"height":137,"caption":"H\u00e4keln"},"image":{"@id":"https:\/\/crochetts.com\/de\/#\/schema\/logo\/image\/"},"sameAs":["https:\/\/www.facebook.com\/Crochetts-101964178013493","https:\/\/www.instagram.com\/crochetts_\/"]}]},"product_price_amount":"42.89","product_price_currency":"EUR","og_availability":"instock","product_availability":"instock","product_retailer_item_id":"4066","product_condition":"new"},"_links":{"self":[{"href":"https:\/\/crochetts.com\/de\/wp-json\/wp\/v2\/product\/25241","targetHints":{"allow":["GET"]}}],"collection":[{"href":"https:\/\/crochetts.com\/de\/wp-json\/wp\/v2\/product"}],"about":[{"href":"https:\/\/crochetts.com\/de\/wp-json\/wp\/v2\/types\/product"}],"wp:featuredmedia":[{"embeddable":true,"href":"https:\/\/crochetts.com\/de\/wp-json\/wp\/v2\/media\/25262"}],"wp:attachment":[{"href":"https:\/\/crochetts.com\/de\/wp-json\/wp\/v2\/media?parent=25241"}],"wp:term":[{"taxonomy":"product_brand","embeddable":true,"href":"https:\/\/crochetts.com\/de\/wp-json\/wp\/v2\/product_brand?post=25241"},{"taxonomy":"product_cat","embeddable":true,"href":"https:\/\/crochetts.com\/de\/wp-json\/wp\/v2\/product_cat?post=25241"},{"taxonomy":"product_tag","embeddable":true,"href":"https:\/\/crochetts.com\/de\/wp-json\/wp\/v2\/product_tag?post=25241"}],"curies":[{"name":"wp","href":"https:\/\/api.w.org\/{rel}","templated":true}]}}