{"id":25235,"date":"2024-09-19T10:21:29","date_gmt":"2024-09-19T09:21:29","guid":{"rendered":"https:\/\/crochetts.com\/tienda\/kuscheliger-giraffensitz-berta\/"},"modified":"2024-09-19T10:21:29","modified_gmt":"2024-09-19T09:21:29","slug":"kuscheliger-giraffensitz-berta","status":"publish","type":"product","link":"https:\/\/crochetts.com\/de\/tienda\/kuscheliger-giraffensitz-berta\/","title":{"rendered":"KUSCHELIGER GIRAFFENSITZ BERTA"},"content":{"rendered":"<div style=\"text-align: justify;\">Alle unsere <strong>Puppen <\/strong><em><strong>amigurumis<\/strong> <\/em><span style=\"background-color: transparent;\">sind ausgezeichnete Begleiter <strong>f\u00fcr Kinder<\/strong> jeden Alters. Perfekte <strong>Dekorationselemente<\/strong> in jedem <strong>Kinderzimmer<\/strong> oder ideal f\u00fcr die Verwendung in <strong>Schaufenstern<\/strong>.<\/span><\/div>\n<div style=\"text-align: justify;\">Sie werden nach den <strong>h\u00f6chsten Qualit\u00e4tsstandards <\/strong>entworfen und hergestellt <strong>, wobei <\/strong>stets nat\u00fcrliche Materialien wie Holz und 100% nat\u00fcrliche Baumwolle verwendet werden. Nur die gro\u00dfen Exemplare <strong>sind mit einer Innenstruktur aus Holz versehen, die bis zu 70 kg Gewicht tragen kann.<\/strong><\/div>\n<div>\n<p data-start=\"1411\" data-end=\"1779\">Das <strong data-start=\"1414\" data-end=\"1441\">Berta Maxi Giraffe Pl\u00fcschtier<\/strong> ist nicht nur ein Spielzeug: Es ist ein St\u00fcck handgefertigtes Design, das jedes Kinderzimmer in einen Raum voller W\u00e4rme und Pers\u00f6nlichkeit verwandelt. Seine <strong data-start=\"1596\" data-end=\"1624\">handgestickten Details<\/strong> und die sorgf\u00e4ltige Verarbeitung spiegeln den nachhaltigen Geist und die Authentizit\u00e4t von Crochetts\u00ae wider, wo jedes Produkt <strong>mit Liebe, Respekt und Liebe zum Detail hergestellt wird<\/strong>. <\/p>\n<p data-start=\"1781\" data-end=\"2013\">Es enth\u00e4lt einen <strong data-start=\"1801\" data-end=\"1838\">personalisierten Willkommensbrief<\/strong>, in dem sich das Berta-Kuscheltier dem Kind vorstellt und so vom ersten Moment an eine besondere Bindung schafft. Ein Detail, das dieses Kuscheltier zu einem originellen und emotional einzigartigen Geschenk macht. <\/p>\n<p data-start=\"2015\" data-end=\"2167\">Ideal als <strong data-start=\"2026\" data-end=\"2085\">Geschenk f\u00fcr Geburtstage, Geburtstage oder Kinderdekorationen!<\/strong><\/p>\n<\/div>\n","protected":false},"excerpt":{"rendered":"<p>F\u00fcllen Sie das Zimmer Ihres Kindes mit Freude und Z\u00e4rtlichkeit mit der <strong>Giraffe Maxi Pl\u00fcsch mit braunen Flecken aus 100% Baumwolle <\/strong>von <strong>Crochetts<\/strong>. Dieses handgefertigte St\u00fcck vereint <strong>Design, Weichheit und Nachhaltigkeit<\/strong> und ist somit der <strong>ideale Begleiter zum Spielen, Dekorieren, Kuscheln oder als zus\u00e4tzlicher Sitz<\/strong> in v\u00f6lliger Sicherheit.<\/p>\n<p>Sein <strong>innerer<\/strong> <strong>Rahmen<\/strong> <strong>aus Kiefernholz<\/strong> <strong>h\u00e4lt ein Gewicht von bis zu 70 kg aus,<\/strong> und die <strong>rutschfesten Sohlen<\/strong> an den Beinen sorgen f\u00fcr Stabilit\u00e4t und Sicherheit. Diese fr\u00f6hliche braun gefleckte Giraffe von Crochetts eignet sich perfekt als <strong>dekoratives<\/strong> <strong>XXL-Kuscheltier<\/strong> oder als <strong>Beistellsitz<\/strong> und bringt W\u00e4rme und Charme in jedes Kinderzimmer. <\/p>\n<p data-start=\"1781\" data-end=\"2013\">Es enth\u00e4lt einen <strong data-start=\"1801\" data-end=\"1838\">personalisierten Willkommensbrief<\/strong>, in dem sich das Kuscheltier Berta dem Kind vorstellt und so vom ersten Moment an ein magisches und liebenswertes Erlebnis schafft. Ein Detail, das dieses Kuscheltier zu einem originellen und emotional einzigartigen Geschenk macht.  Ideal als <strong data-start=\"2026\" data-end=\"2085\">Geschenk f\u00fcr Geburtstage, Geburtstage oder Kinderdekorationen!<\/strong><\/p>\n<p>&nbsp;<\/p>\n","protected":false},"featured_media":25260,"template":"","meta":{"_acf_changed":false,"_joinchat":[]},"product_brand":[],"product_cat":[6187,6262,6198,6186],"product_tag":[6217,6199,6263,6201,6203,6219,6226,6218,6205,6200,6202,6222],"class_list":{"0":"post-25235","1":"product","2":"type-product","3":"status-publish","4":"has-post-thumbnail","6":"product_cat-amigurumis","7":"product_cat-amigurumis-maxi","8":"product_cat-familie","9":"product_cat-startseite","10":"product_tag-baby-teddybar","11":"product_tag-baumwoll-teddybar","12":"product_tag-giraffe-kuscheltier","13":"product_tag-hypoallergener-baumwoll-teddybar","14":"product_tag-kinderdekoration","15":"product_tag-maxi-teddybar","16":"product_tag-pluschsitz","17":"product_tag-riesiges-kuscheltier","18":"product_tag-teddy-dekorieren","19":"product_tag-teddybar-hakeln","20":"product_tag-weicher-teddybar","21":"product_tag-xxl-teddybar","22":"entry","24":"first","25":"instock","26":"featured","27":"taxable","28":"shipping-taxable","29":"purchasable","30":"product-type-simple"},"acf":[],"yoast_head":"<!-- This site is optimized with the Yoast SEO Premium plugin v26.1 (Yoast SEO v27.3) - https:\/\/yoast.com\/product\/yoast-seo-premium-wordpress\/ -->\n<title>Hypoallergene Baumwolle Giraffe Sitzteddy % -% Crochetts% Crochetts% Crochetts% Crochetts%<\/title>\n<meta name=\"description\" content=\"Unser geh\u00e4keltes Giraffen-Berta-Stofftier ist aus den besten hypoallergenen Materialien hergestellt und f\u00fchlt sich sehr weich an.\" \/>\n<meta name=\"robots\" content=\"index, follow, max-snippet:-1, max-image-preview:large, max-video-preview:-1\" \/>\n<link rel=\"canonical\" href=\"https:\/\/crochetts.com\/de\/tienda\/kuscheliger-giraffensitz-berta\/\" \/>\n<meta property=\"og:locale\" content=\"de_DE\" \/>\n<meta property=\"og:type\" content=\"article\" \/>\n<meta property=\"og:title\" content=\"KUSCHELIGER GIRAFFENSITZ BERTA\" \/>\n<meta property=\"og:description\" content=\"F\u00fcllen Sie das Zimmer Ihres Kindes mit Freude und Z\u00e4rtlichkeit mit der Giraffe Maxi Pl\u00fcsch mit braunen Flecken aus 100% Baumwolle von Crochetts. Dieses handgefertigte St\u00fcck vereint Design, Weichheit und Nachhaltigkeit und ist somit der ideale Begleiter zum Spielen, Dekorieren, Kuscheln oder als zus\u00e4tzlicher Sitz in v\u00f6lliger Sicherheit. Sein innerer Rahmen aus Kiefernholz h\u00e4lt ein Gewicht von bis zu 70 kg aus, und die rutschfesten Sohlen an den Beinen sorgen f\u00fcr Stabilit\u00e4t und Sicherheit. Diese fr\u00f6hliche braun gefleckte Giraffe von Crochetts eignet sich perfekt als dekoratives XXL-Kuscheltier oder als Beistellsitz und bringt W\u00e4rme und Charme in jedes Kinderzimmer. Es enth\u00e4lt einen personalisierten Willkommensbrief, in dem sich das Kuscheltier Berta dem Kind vorstellt und so vom ersten Moment an ein magisches und liebenswertes Erlebnis schafft. Ein Detail, das dieses Kuscheltier zu einem originellen und emotional einzigartigen Geschenk macht. Ideal als Geschenk f\u00fcr Geburtstage, Geburtstage oder Kinderdekorationen! &nbsp;\" \/>\n<meta property=\"og:url\" content=\"https:\/\/crochetts.com\/de\/tienda\/kuscheliger-giraffensitz-berta\/\" \/>\n<meta property=\"og:site_name\" content=\"Crochetts\" \/>\n<meta property=\"article:publisher\" content=\"https:\/\/www.facebook.com\/Crochetts-101964178013493\" \/>\n<meta property=\"og:image\" content=\"https:\/\/crochetts.com\/wp-content\/uploads\/2024\/09\/4049_14-1.jpg\" \/>\n\t<meta property=\"og:image:width\" content=\"800\" \/>\n\t<meta property=\"og:image:height\" content=\"1202\" \/>\n\t<meta property=\"og:image:type\" content=\"image\/jpeg\" \/>\n<meta name=\"twitter:card\" content=\"summary_large_image\" \/>\n<meta name=\"twitter:label1\" content=\"Preis\" \/>\n\t<meta name=\"twitter:data1\" content=\"279,98&nbsp;&euro;\" \/>\n\t<meta name=\"twitter:label2\" content=\"Verf\u00fcgbarkeit\" \/>\n\t<meta name=\"twitter:data2\" content=\"Auf Lager\" \/>\n<script type=\"application\/ld+json\" class=\"yoast-schema-graph\">{\"@context\":\"https:\\\/\\\/schema.org\",\"@graph\":[{\"@type\":\"WebPage\",\"@id\":\"https:\\\/\\\/crochetts.com\\\/de\\\/tienda\\\/kuscheliger-giraffensitz-berta\\\/\",\"url\":\"https:\\\/\\\/crochetts.com\\\/de\\\/tienda\\\/kuscheliger-giraffensitz-berta\\\/\",\"name\":\"Hypoallergene Baumwolle Giraffe Sitzteddy % -% Crochetts% Crochetts% Crochetts% Crochetts%\",\"isPartOf\":{\"@id\":\"https:\\\/\\\/crochetts.com\\\/de\\\/#website\"},\"primaryImageOfPage\":{\"@id\":\"https:\\\/\\\/crochetts.com\\\/de\\\/tienda\\\/kuscheliger-giraffensitz-berta\\\/#primaryimage\"},\"image\":{\"@id\":\"https:\\\/\\\/crochetts.com\\\/de\\\/tienda\\\/kuscheliger-giraffensitz-berta\\\/#primaryimage\"},\"thumbnailUrl\":\"https:\\\/\\\/crochetts.com\\\/wp-content\\\/uploads\\\/2024\\\/09\\\/4049_14-1.jpg\",\"datePublished\":\"2024-09-19T09:21:29+00:00\",\"description\":\"Unser geh\u00e4keltes Giraffen-Berta-Stofftier ist aus den besten hypoallergenen Materialien hergestellt und f\u00fchlt sich sehr weich an.\",\"breadcrumb\":{\"@id\":\"https:\\\/\\\/crochetts.com\\\/de\\\/tienda\\\/kuscheliger-giraffensitz-berta\\\/#breadcrumb\"},\"inLanguage\":\"de\",\"potentialAction\":[{\"@type\":\"ReadAction\",\"target\":[\"https:\\\/\\\/crochetts.com\\\/de\\\/tienda\\\/kuscheliger-giraffensitz-berta\\\/\"]}]},{\"@type\":\"ImageObject\",\"inLanguage\":\"de\",\"@id\":\"https:\\\/\\\/crochetts.com\\\/de\\\/tienda\\\/kuscheliger-giraffensitz-berta\\\/#primaryimage\",\"url\":\"https:\\\/\\\/crochetts.com\\\/wp-content\\\/uploads\\\/2024\\\/09\\\/4049_14-1.jpg\",\"contentUrl\":\"https:\\\/\\\/crochetts.com\\\/wp-content\\\/uploads\\\/2024\\\/09\\\/4049_14-1.jpg\",\"width\":800,\"height\":1202,\"caption\":\"Riesen Giraffe Teddyb\u00e4r\"},{\"@type\":\"BreadcrumbList\",\"@id\":\"https:\\\/\\\/crochetts.com\\\/de\\\/tienda\\\/kuscheliger-giraffensitz-berta\\\/#breadcrumb\",\"itemListElement\":[{\"@type\":\"ListItem\",\"position\":1,\"name\":\"Portada\",\"item\":\"https:\\\/\\\/crochetts.com\\\/de\\\/startseite\\\/\"},{\"@type\":\"ListItem\",\"position\":2,\"name\":\"Shop\",\"item\":\"https:\\\/\\\/crochetts.com\\\/de\\\/shop\\\/\"},{\"@type\":\"ListItem\",\"position\":3,\"name\":\"KUSCHELIGER GIRAFFENSITZ BERTA\"}]},{\"@type\":\"WebSite\",\"@id\":\"https:\\\/\\\/crochetts.com\\\/de\\\/#website\",\"url\":\"https:\\\/\\\/crochetts.com\\\/de\\\/\",\"name\":\"Crochetts\",\"description\":\"ANIMALES DE CROCHET PARA JUGAR,DECORAR Y SO\u00d1AR\",\"publisher\":{\"@id\":\"https:\\\/\\\/crochetts.com\\\/de\\\/#organization\"},\"potentialAction\":[{\"@type\":\"SearchAction\",\"target\":{\"@type\":\"EntryPoint\",\"urlTemplate\":\"https:\\\/\\\/crochetts.com\\\/de\\\/?s={search_term_string}\"},\"query-input\":{\"@type\":\"PropertyValueSpecification\",\"valueRequired\":true,\"valueName\":\"search_term_string\"}}],\"inLanguage\":\"de\"},{\"@type\":\"Organization\",\"@id\":\"https:\\\/\\\/crochetts.com\\\/de\\\/#organization\",\"name\":\"H\u00e4keln\",\"url\":\"https:\\\/\\\/crochetts.com\\\/de\\\/\",\"logo\":{\"@type\":\"ImageObject\",\"inLanguage\":\"de\",\"@id\":\"https:\\\/\\\/crochetts.com\\\/de\\\/#\\\/schema\\\/logo\\\/image\\\/\",\"url\":\"https:\\\/\\\/i2.wp.com\\\/crochetts.com\\\/wp-content\\\/uploads\\\/2021\\\/01\\\/Logo-Crochetts.jpg?fit=300%2C137&ssl=1\",\"contentUrl\":\"https:\\\/\\\/i2.wp.com\\\/crochetts.com\\\/wp-content\\\/uploads\\\/2021\\\/01\\\/Logo-Crochetts.jpg?fit=300%2C137&ssl=1\",\"width\":300,\"height\":137,\"caption\":\"H\u00e4keln\"},\"image\":{\"@id\":\"https:\\\/\\\/crochetts.com\\\/de\\\/#\\\/schema\\\/logo\\\/image\\\/\"},\"sameAs\":[\"https:\\\/\\\/www.facebook.com\\\/Crochetts-101964178013493\",\"https:\\\/\\\/www.instagram.com\\\/crochetts_\\\/\"]}]}<\/script>\n<meta property=\"product:price:amount\" content=\"279.98\" \/>\n<meta property=\"product:price:currency\" content=\"EUR\" \/>\n<meta property=\"og:availability\" content=\"instock\" \/>\n<meta property=\"product:availability\" content=\"instock\" \/>\n<meta property=\"product:retailer_item_id\" content=\"4049\" \/>\n<meta property=\"product:condition\" content=\"new\" \/>\n<!-- \/ Yoast SEO Premium plugin. -->","yoast_head_json":{"title":"Hypoallergene Baumwolle Giraffe Sitzteddy % -% Crochetts% Crochetts% Crochetts% Crochetts%","description":"Unser geh\u00e4keltes Giraffen-Berta-Stofftier ist aus den besten hypoallergenen Materialien hergestellt und f\u00fchlt sich sehr weich an.","robots":{"index":"index","follow":"follow","max-snippet":"max-snippet:-1","max-image-preview":"max-image-preview:large","max-video-preview":"max-video-preview:-1"},"canonical":"https:\/\/crochetts.com\/de\/tienda\/kuscheliger-giraffensitz-berta\/","og_locale":"de_DE","og_type":"article","og_title":"KUSCHELIGER GIRAFFENSITZ BERTA","og_description":"F\u00fcllen Sie das Zimmer Ihres Kindes mit Freude und Z\u00e4rtlichkeit mit der Giraffe Maxi Pl\u00fcsch mit braunen Flecken aus 100% Baumwolle von Crochetts. Dieses handgefertigte St\u00fcck vereint Design, Weichheit und Nachhaltigkeit und ist somit der ideale Begleiter zum Spielen, Dekorieren, Kuscheln oder als zus\u00e4tzlicher Sitz in v\u00f6lliger Sicherheit. Sein innerer Rahmen aus Kiefernholz h\u00e4lt ein Gewicht von bis zu 70 kg aus, und die rutschfesten Sohlen an den Beinen sorgen f\u00fcr Stabilit\u00e4t und Sicherheit. Diese fr\u00f6hliche braun gefleckte Giraffe von Crochetts eignet sich perfekt als dekoratives XXL-Kuscheltier oder als Beistellsitz und bringt W\u00e4rme und Charme in jedes Kinderzimmer. Es enth\u00e4lt einen personalisierten Willkommensbrief, in dem sich das Kuscheltier Berta dem Kind vorstellt und so vom ersten Moment an ein magisches und liebenswertes Erlebnis schafft. Ein Detail, das dieses Kuscheltier zu einem originellen und emotional einzigartigen Geschenk macht. Ideal als Geschenk f\u00fcr Geburtstage, Geburtstage oder Kinderdekorationen! &nbsp;","og_url":"https:\/\/crochetts.com\/de\/tienda\/kuscheliger-giraffensitz-berta\/","og_site_name":"Crochetts","article_publisher":"https:\/\/www.facebook.com\/Crochetts-101964178013493","og_image":[{"width":800,"height":1202,"url":"https:\/\/crochetts.com\/wp-content\/uploads\/2024\/09\/4049_14-1.jpg","type":"image\/jpeg"}],"twitter_card":"summary_large_image","twitter_misc":{"Preis":"279,98&nbsp;&euro;","Verf\u00fcgbarkeit":"Auf Lager"},"schema":{"@context":"https:\/\/schema.org","@graph":[{"@type":"WebPage","@id":"https:\/\/crochetts.com\/de\/tienda\/kuscheliger-giraffensitz-berta\/","url":"https:\/\/crochetts.com\/de\/tienda\/kuscheliger-giraffensitz-berta\/","name":"Hypoallergene Baumwolle Giraffe Sitzteddy % -% Crochetts% Crochetts% Crochetts% Crochetts%","isPartOf":{"@id":"https:\/\/crochetts.com\/de\/#website"},"primaryImageOfPage":{"@id":"https:\/\/crochetts.com\/de\/tienda\/kuscheliger-giraffensitz-berta\/#primaryimage"},"image":{"@id":"https:\/\/crochetts.com\/de\/tienda\/kuscheliger-giraffensitz-berta\/#primaryimage"},"thumbnailUrl":"https:\/\/crochetts.com\/wp-content\/uploads\/2024\/09\/4049_14-1.jpg","datePublished":"2024-09-19T09:21:29+00:00","description":"Unser geh\u00e4keltes Giraffen-Berta-Stofftier ist aus den besten hypoallergenen Materialien hergestellt und f\u00fchlt sich sehr weich an.","breadcrumb":{"@id":"https:\/\/crochetts.com\/de\/tienda\/kuscheliger-giraffensitz-berta\/#breadcrumb"},"inLanguage":"de","potentialAction":[{"@type":"ReadAction","target":["https:\/\/crochetts.com\/de\/tienda\/kuscheliger-giraffensitz-berta\/"]}]},{"@type":"ImageObject","inLanguage":"de","@id":"https:\/\/crochetts.com\/de\/tienda\/kuscheliger-giraffensitz-berta\/#primaryimage","url":"https:\/\/crochetts.com\/wp-content\/uploads\/2024\/09\/4049_14-1.jpg","contentUrl":"https:\/\/crochetts.com\/wp-content\/uploads\/2024\/09\/4049_14-1.jpg","width":800,"height":1202,"caption":"Riesen Giraffe Teddyb\u00e4r"},{"@type":"BreadcrumbList","@id":"https:\/\/crochetts.com\/de\/tienda\/kuscheliger-giraffensitz-berta\/#breadcrumb","itemListElement":[{"@type":"ListItem","position":1,"name":"Portada","item":"https:\/\/crochetts.com\/de\/startseite\/"},{"@type":"ListItem","position":2,"name":"Shop","item":"https:\/\/crochetts.com\/de\/shop\/"},{"@type":"ListItem","position":3,"name":"KUSCHELIGER GIRAFFENSITZ BERTA"}]},{"@type":"WebSite","@id":"https:\/\/crochetts.com\/de\/#website","url":"https:\/\/crochetts.com\/de\/","name":"Crochetts","description":"ANIMALES DE CROCHET PARA JUGAR,DECORAR Y SO\u00d1AR","publisher":{"@id":"https:\/\/crochetts.com\/de\/#organization"},"potentialAction":[{"@type":"SearchAction","target":{"@type":"EntryPoint","urlTemplate":"https:\/\/crochetts.com\/de\/?s={search_term_string}"},"query-input":{"@type":"PropertyValueSpecification","valueRequired":true,"valueName":"search_term_string"}}],"inLanguage":"de"},{"@type":"Organization","@id":"https:\/\/crochetts.com\/de\/#organization","name":"H\u00e4keln","url":"https:\/\/crochetts.com\/de\/","logo":{"@type":"ImageObject","inLanguage":"de","@id":"https:\/\/crochetts.com\/de\/#\/schema\/logo\/image\/","url":"https:\/\/i2.wp.com\/crochetts.com\/wp-content\/uploads\/2021\/01\/Logo-Crochetts.jpg?fit=300%2C137&ssl=1","contentUrl":"https:\/\/i2.wp.com\/crochetts.com\/wp-content\/uploads\/2021\/01\/Logo-Crochetts.jpg?fit=300%2C137&ssl=1","width":300,"height":137,"caption":"H\u00e4keln"},"image":{"@id":"https:\/\/crochetts.com\/de\/#\/schema\/logo\/image\/"},"sameAs":["https:\/\/www.facebook.com\/Crochetts-101964178013493","https:\/\/www.instagram.com\/crochetts_\/"]}]},"product_price_amount":"279.98","product_price_currency":"EUR","og_availability":"instock","product_availability":"instock","product_retailer_item_id":"4049","product_condition":"new"},"_links":{"self":[{"href":"https:\/\/crochetts.com\/de\/wp-json\/wp\/v2\/product\/25235","targetHints":{"allow":["GET"]}}],"collection":[{"href":"https:\/\/crochetts.com\/de\/wp-json\/wp\/v2\/product"}],"about":[{"href":"https:\/\/crochetts.com\/de\/wp-json\/wp\/v2\/types\/product"}],"wp:featuredmedia":[{"embeddable":true,"href":"https:\/\/crochetts.com\/de\/wp-json\/wp\/v2\/media\/25260"}],"wp:attachment":[{"href":"https:\/\/crochetts.com\/de\/wp-json\/wp\/v2\/media?parent=25235"}],"wp:term":[{"taxonomy":"product_brand","embeddable":true,"href":"https:\/\/crochetts.com\/de\/wp-json\/wp\/v2\/product_brand?post=25235"},{"taxonomy":"product_cat","embeddable":true,"href":"https:\/\/crochetts.com\/de\/wp-json\/wp\/v2\/product_cat?post=25235"},{"taxonomy":"product_tag","embeddable":true,"href":"https:\/\/crochetts.com\/de\/wp-json\/wp\/v2\/product_tag?post=25235"}],"curies":[{"name":"wp","href":"https:\/\/api.w.org\/{rel}","templated":true}]}}