{"id":25209,"date":"2024-09-20T12:32:51","date_gmt":"2024-09-20T11:32:51","guid":{"rendered":"https:\/\/crochetts.com\/tienda\/puppenstoff-meerjungfrau-glatt-tuerkis\/"},"modified":"2024-09-20T12:32:51","modified_gmt":"2024-09-20T11:32:51","slug":"puppenstoff-meerjungfrau-glatt-tuerkis","status":"publish","type":"product","link":"https:\/\/crochetts.com\/de\/tienda\/puppenstoff-meerjungfrau-glatt-tuerkis\/","title":{"rendered":"PUPPENSTOFF MEERJUNGFRAU GLATT T\u00dcRKIS"},"content":{"rendered":"<div style=\"text-align: justify;\">\n<div style=\"text-align: justify;\"><\/div>\n<p>&nbsp;<\/p>\n<\/div>\n<p>&nbsp;<\/p>\n<p>&nbsp;<\/p>\n<p>&nbsp;<\/p>\n","protected":false},"excerpt":{"rendered":"<p>Unsere <strong>Meerjungfrauenpuppe Lisa<\/strong> ist aus <strong>extra weichem<\/strong> Stoff gefertigt <strong>und f\u00fchlt sich sehr<\/strong> <strong>angenehm<\/strong> an. Ihr niedliches <strong>Design<\/strong> mit dem t\u00fcrkisfarbenen <strong>Schwanz<\/strong> und den rosa Ohren wird sie zur unzertrennlichen Puppe Ihrer Tochter machen. <strong>Lisa<\/strong> ist mehr als nur ein Spielzeug: Sie ist eine <strong>Begleiterin f\u00fcr magische Abenteuer<\/strong> und ein Symbol f\u00fcr Liebe und Kreativit\u00e4t. Verkauft in einer Geschenkbox. Sie hat einen <strong>Henkel <\/strong>an ihrem Kopf, so dass sie an einen Trolley oder Rucksack geh\u00e4ngt werden kann.   <\/p>\n<p>&nbsp;<\/p>\n<p>&nbsp;<\/p>\n<p>&nbsp;<\/p>\n","protected":false},"featured_media":25234,"template":"","meta":{"_acf_changed":false,"_joinchat":[]},"product_brand":[],"product_cat":[6232],"product_tag":[6235,6234,6243,6253,6236,6242,6237,6241,6244,6239,6372,6240,6252,6233,6238],"class_list":{"0":"post-25209","1":"product","2":"type-product","3":"status-publish","4":"has-post-thumbnail","6":"product_cat-stoffpuppen","7":"product_tag-decokids","8":"product_tag-dekoration","9":"product_tag-einhornpuppe","10":"product_tag-einhornpuppe-2","11":"product_tag-katzchen-puppe","12":"product_tag-m","13":"product_tag-pluschpuppe","14":"product_tag-poupee-en-tissu","15":"product_tag-puppe-meerjungfrau","16":"product_tag-puppe-tier","17":"product_tag-stoffpuppe-3","18":"product_tag-stoffpuppe","19":"product_tag-stoffpuppe-2","20":"product_tag-teddy","21":"product_tag-weiche-puppe","22":"entry","24":"first","25":"instock","26":"featured","27":"taxable","28":"shipping-taxable","29":"purchasable","30":"product-type-simple"},"acf":[],"yoast_head":"<!-- This site is optimized with the Yoast SEO Premium plugin v26.1 (Yoast SEO v27.3) - https:\/\/yoast.com\/product\/yoast-seo-premium-wordpress\/ -->\n<title>- PUPPENSTOFF MEERJUNGFRAU GLATT T\u00dcRKIS -% % %<\/title>\n<meta name=\"description\" content=\"Unsere Meerjungfrauenpuppe Lisa ist aus extra weichem und sehr angenehm anzuf\u00fchlendem Stoff gefertigt. Ihr niedliches Design mit dem t\u00fcrkisfarbenen Schwanz und den kleinen Ohren wird sie zur unzertrennlichen Puppe Ihres Kindes machen, der besten Reisebegleiterin.\" \/>\n<meta name=\"robots\" content=\"index, follow, max-snippet:-1, max-image-preview:large, max-video-preview:-1\" \/>\n<link rel=\"canonical\" href=\"https:\/\/crochetts.com\/de\/tienda\/puppenstoff-meerjungfrau-glatt-tuerkis\/\" \/>\n<meta property=\"og:locale\" content=\"de_DE\" \/>\n<meta property=\"og:type\" content=\"article\" \/>\n<meta property=\"og:title\" content=\"PUPPENSTOFF MEERJUNGFRAU GLATT T\u00dcRKIS\" \/>\n<meta property=\"og:description\" content=\"Unsere Meerjungfrauenpuppe Lisa ist aus extra weichem Stoff gefertigt und f\u00fchlt sich sehr angenehm an. Ihr niedliches Design mit dem t\u00fcrkisfarbenen Schwanz und den rosa Ohren wird sie zur unzertrennlichen Puppe Ihrer Tochter machen. Lisa ist mehr als nur ein Spielzeug: Sie ist eine Begleiterin f\u00fcr magische Abenteuer und ein Symbol f\u00fcr Liebe und Kreativit\u00e4t. Verkauft in einer Geschenkbox. Sie hat einen Henkel an ihrem Kopf, so dass sie an einen Trolley oder Rucksack geh\u00e4ngt werden kann.   &nbsp; &nbsp; &nbsp;\" \/>\n<meta property=\"og:url\" content=\"https:\/\/crochetts.com\/de\/tienda\/puppenstoff-meerjungfrau-glatt-tuerkis\/\" \/>\n<meta property=\"og:site_name\" content=\"Crochetts\" \/>\n<meta property=\"article:publisher\" content=\"https:\/\/www.facebook.com\/Crochetts-101964178013493\" \/>\n<meta property=\"og:image\" content=\"https:\/\/crochetts.com\/wp-content\/uploads\/2024\/09\/4067_2.jpg\" \/>\n\t<meta property=\"og:image:width\" content=\"800\" \/>\n\t<meta property=\"og:image:height\" content=\"1202\" \/>\n\t<meta property=\"og:image:type\" content=\"image\/jpeg\" \/>\n<meta name=\"twitter:card\" content=\"summary_large_image\" \/>\n<meta name=\"twitter:label1\" content=\"Preis\" \/>\n\t<meta name=\"twitter:data1\" content=\"42,89&nbsp;&euro;\" \/>\n\t<meta name=\"twitter:label2\" content=\"Verf\u00fcgbarkeit\" \/>\n\t<meta name=\"twitter:data2\" content=\"Auf Lager\" \/>\n<script type=\"application\/ld+json\" class=\"yoast-schema-graph\">{\"@context\":\"https:\\\/\\\/schema.org\",\"@graph\":[{\"@type\":\"WebPage\",\"@id\":\"https:\\\/\\\/crochetts.com\\\/de\\\/tienda\\\/puppenstoff-meerjungfrau-glatt-tuerkis\\\/\",\"url\":\"https:\\\/\\\/crochetts.com\\\/de\\\/tienda\\\/puppenstoff-meerjungfrau-glatt-tuerkis\\\/\",\"name\":\"- PUPPENSTOFF MEERJUNGFRAU GLATT T\u00dcRKIS -% % %\",\"isPartOf\":{\"@id\":\"https:\\\/\\\/crochetts.com\\\/de\\\/#website\"},\"primaryImageOfPage\":{\"@id\":\"https:\\\/\\\/crochetts.com\\\/de\\\/tienda\\\/puppenstoff-meerjungfrau-glatt-tuerkis\\\/#primaryimage\"},\"image\":{\"@id\":\"https:\\\/\\\/crochetts.com\\\/de\\\/tienda\\\/puppenstoff-meerjungfrau-glatt-tuerkis\\\/#primaryimage\"},\"thumbnailUrl\":\"https:\\\/\\\/crochetts.com\\\/wp-content\\\/uploads\\\/2024\\\/09\\\/4067_2.jpg\",\"datePublished\":\"2024-09-20T11:32:51+00:00\",\"description\":\"Unsere Meerjungfrauenpuppe Lisa ist aus extra weichem und sehr angenehm anzuf\u00fchlendem Stoff gefertigt. Ihr niedliches Design mit dem t\u00fcrkisfarbenen Schwanz und den kleinen Ohren wird sie zur unzertrennlichen Puppe Ihres Kindes machen, der besten Reisebegleiterin.\",\"breadcrumb\":{\"@id\":\"https:\\\/\\\/crochetts.com\\\/de\\\/tienda\\\/puppenstoff-meerjungfrau-glatt-tuerkis\\\/#breadcrumb\"},\"inLanguage\":\"de\",\"potentialAction\":[{\"@type\":\"ReadAction\",\"target\":[\"https:\\\/\\\/crochetts.com\\\/de\\\/tienda\\\/puppenstoff-meerjungfrau-glatt-tuerkis\\\/\"]}]},{\"@type\":\"ImageObject\",\"inLanguage\":\"de\",\"@id\":\"https:\\\/\\\/crochetts.com\\\/de\\\/tienda\\\/puppenstoff-meerjungfrau-glatt-tuerkis\\\/#primaryimage\",\"url\":\"https:\\\/\\\/crochetts.com\\\/wp-content\\\/uploads\\\/2024\\\/09\\\/4067_2.jpg\",\"contentUrl\":\"https:\\\/\\\/crochetts.com\\\/wp-content\\\/uploads\\\/2024\\\/09\\\/4067_2.jpg\",\"width\":800,\"height\":1202},{\"@type\":\"BreadcrumbList\",\"@id\":\"https:\\\/\\\/crochetts.com\\\/de\\\/tienda\\\/puppenstoff-meerjungfrau-glatt-tuerkis\\\/#breadcrumb\",\"itemListElement\":[{\"@type\":\"ListItem\",\"position\":1,\"name\":\"Portada\",\"item\":\"https:\\\/\\\/crochetts.com\\\/de\\\/startseite\\\/\"},{\"@type\":\"ListItem\",\"position\":2,\"name\":\"Shop\",\"item\":\"https:\\\/\\\/crochetts.com\\\/de\\\/shop\\\/\"},{\"@type\":\"ListItem\",\"position\":3,\"name\":\"PUPPENSTOFF MEERJUNGFRAU GLATT T\u00dcRKIS\"}]},{\"@type\":\"WebSite\",\"@id\":\"https:\\\/\\\/crochetts.com\\\/de\\\/#website\",\"url\":\"https:\\\/\\\/crochetts.com\\\/de\\\/\",\"name\":\"Crochetts\",\"description\":\"ANIMALES DE CROCHET PARA JUGAR,DECORAR Y SO\u00d1AR\",\"publisher\":{\"@id\":\"https:\\\/\\\/crochetts.com\\\/de\\\/#organization\"},\"potentialAction\":[{\"@type\":\"SearchAction\",\"target\":{\"@type\":\"EntryPoint\",\"urlTemplate\":\"https:\\\/\\\/crochetts.com\\\/de\\\/?s={search_term_string}\"},\"query-input\":{\"@type\":\"PropertyValueSpecification\",\"valueRequired\":true,\"valueName\":\"search_term_string\"}}],\"inLanguage\":\"de\"},{\"@type\":\"Organization\",\"@id\":\"https:\\\/\\\/crochetts.com\\\/de\\\/#organization\",\"name\":\"H\u00e4keln\",\"url\":\"https:\\\/\\\/crochetts.com\\\/de\\\/\",\"logo\":{\"@type\":\"ImageObject\",\"inLanguage\":\"de\",\"@id\":\"https:\\\/\\\/crochetts.com\\\/de\\\/#\\\/schema\\\/logo\\\/image\\\/\",\"url\":\"https:\\\/\\\/i2.wp.com\\\/crochetts.com\\\/wp-content\\\/uploads\\\/2021\\\/01\\\/Logo-Crochetts.jpg?fit=300%2C137&ssl=1\",\"contentUrl\":\"https:\\\/\\\/i2.wp.com\\\/crochetts.com\\\/wp-content\\\/uploads\\\/2021\\\/01\\\/Logo-Crochetts.jpg?fit=300%2C137&ssl=1\",\"width\":300,\"height\":137,\"caption\":\"H\u00e4keln\"},\"image\":{\"@id\":\"https:\\\/\\\/crochetts.com\\\/de\\\/#\\\/schema\\\/logo\\\/image\\\/\"},\"sameAs\":[\"https:\\\/\\\/www.facebook.com\\\/Crochetts-101964178013493\",\"https:\\\/\\\/www.instagram.com\\\/crochetts_\\\/\"]}]}<\/script>\n<meta property=\"product:price:amount\" content=\"42.89\" \/>\n<meta property=\"product:price:currency\" content=\"EUR\" \/>\n<meta property=\"og:availability\" content=\"instock\" \/>\n<meta property=\"product:availability\" content=\"instock\" \/>\n<meta property=\"product:retailer_item_id\" content=\"4067\" \/>\n<meta property=\"product:condition\" content=\"new\" \/>\n<!-- \/ Yoast SEO Premium plugin. -->","yoast_head_json":{"title":"- PUPPENSTOFF MEERJUNGFRAU GLATT T\u00dcRKIS -% % %","description":"Unsere Meerjungfrauenpuppe Lisa ist aus extra weichem und sehr angenehm anzuf\u00fchlendem Stoff gefertigt. Ihr niedliches Design mit dem t\u00fcrkisfarbenen Schwanz und den kleinen Ohren wird sie zur unzertrennlichen Puppe Ihres Kindes machen, der besten Reisebegleiterin.","robots":{"index":"index","follow":"follow","max-snippet":"max-snippet:-1","max-image-preview":"max-image-preview:large","max-video-preview":"max-video-preview:-1"},"canonical":"https:\/\/crochetts.com\/de\/tienda\/puppenstoff-meerjungfrau-glatt-tuerkis\/","og_locale":"de_DE","og_type":"article","og_title":"PUPPENSTOFF MEERJUNGFRAU GLATT T\u00dcRKIS","og_description":"Unsere Meerjungfrauenpuppe Lisa ist aus extra weichem Stoff gefertigt und f\u00fchlt sich sehr angenehm an. Ihr niedliches Design mit dem t\u00fcrkisfarbenen Schwanz und den rosa Ohren wird sie zur unzertrennlichen Puppe Ihrer Tochter machen. Lisa ist mehr als nur ein Spielzeug: Sie ist eine Begleiterin f\u00fcr magische Abenteuer und ein Symbol f\u00fcr Liebe und Kreativit\u00e4t. Verkauft in einer Geschenkbox. Sie hat einen Henkel an ihrem Kopf, so dass sie an einen Trolley oder Rucksack geh\u00e4ngt werden kann.   &nbsp; &nbsp; &nbsp;","og_url":"https:\/\/crochetts.com\/de\/tienda\/puppenstoff-meerjungfrau-glatt-tuerkis\/","og_site_name":"Crochetts","article_publisher":"https:\/\/www.facebook.com\/Crochetts-101964178013493","og_image":[{"width":800,"height":1202,"url":"https:\/\/crochetts.com\/wp-content\/uploads\/2024\/09\/4067_2.jpg","type":"image\/jpeg"}],"twitter_card":"summary_large_image","twitter_misc":{"Preis":"42,89&nbsp;&euro;","Verf\u00fcgbarkeit":"Auf Lager"},"schema":{"@context":"https:\/\/schema.org","@graph":[{"@type":"WebPage","@id":"https:\/\/crochetts.com\/de\/tienda\/puppenstoff-meerjungfrau-glatt-tuerkis\/","url":"https:\/\/crochetts.com\/de\/tienda\/puppenstoff-meerjungfrau-glatt-tuerkis\/","name":"- PUPPENSTOFF MEERJUNGFRAU GLATT T\u00dcRKIS -% % %","isPartOf":{"@id":"https:\/\/crochetts.com\/de\/#website"},"primaryImageOfPage":{"@id":"https:\/\/crochetts.com\/de\/tienda\/puppenstoff-meerjungfrau-glatt-tuerkis\/#primaryimage"},"image":{"@id":"https:\/\/crochetts.com\/de\/tienda\/puppenstoff-meerjungfrau-glatt-tuerkis\/#primaryimage"},"thumbnailUrl":"https:\/\/crochetts.com\/wp-content\/uploads\/2024\/09\/4067_2.jpg","datePublished":"2024-09-20T11:32:51+00:00","description":"Unsere Meerjungfrauenpuppe Lisa ist aus extra weichem und sehr angenehm anzuf\u00fchlendem Stoff gefertigt. Ihr niedliches Design mit dem t\u00fcrkisfarbenen Schwanz und den kleinen Ohren wird sie zur unzertrennlichen Puppe Ihres Kindes machen, der besten Reisebegleiterin.","breadcrumb":{"@id":"https:\/\/crochetts.com\/de\/tienda\/puppenstoff-meerjungfrau-glatt-tuerkis\/#breadcrumb"},"inLanguage":"de","potentialAction":[{"@type":"ReadAction","target":["https:\/\/crochetts.com\/de\/tienda\/puppenstoff-meerjungfrau-glatt-tuerkis\/"]}]},{"@type":"ImageObject","inLanguage":"de","@id":"https:\/\/crochetts.com\/de\/tienda\/puppenstoff-meerjungfrau-glatt-tuerkis\/#primaryimage","url":"https:\/\/crochetts.com\/wp-content\/uploads\/2024\/09\/4067_2.jpg","contentUrl":"https:\/\/crochetts.com\/wp-content\/uploads\/2024\/09\/4067_2.jpg","width":800,"height":1202},{"@type":"BreadcrumbList","@id":"https:\/\/crochetts.com\/de\/tienda\/puppenstoff-meerjungfrau-glatt-tuerkis\/#breadcrumb","itemListElement":[{"@type":"ListItem","position":1,"name":"Portada","item":"https:\/\/crochetts.com\/de\/startseite\/"},{"@type":"ListItem","position":2,"name":"Shop","item":"https:\/\/crochetts.com\/de\/shop\/"},{"@type":"ListItem","position":3,"name":"PUPPENSTOFF MEERJUNGFRAU GLATT T\u00dcRKIS"}]},{"@type":"WebSite","@id":"https:\/\/crochetts.com\/de\/#website","url":"https:\/\/crochetts.com\/de\/","name":"Crochetts","description":"ANIMALES DE CROCHET PARA JUGAR,DECORAR Y SO\u00d1AR","publisher":{"@id":"https:\/\/crochetts.com\/de\/#organization"},"potentialAction":[{"@type":"SearchAction","target":{"@type":"EntryPoint","urlTemplate":"https:\/\/crochetts.com\/de\/?s={search_term_string}"},"query-input":{"@type":"PropertyValueSpecification","valueRequired":true,"valueName":"search_term_string"}}],"inLanguage":"de"},{"@type":"Organization","@id":"https:\/\/crochetts.com\/de\/#organization","name":"H\u00e4keln","url":"https:\/\/crochetts.com\/de\/","logo":{"@type":"ImageObject","inLanguage":"de","@id":"https:\/\/crochetts.com\/de\/#\/schema\/logo\/image\/","url":"https:\/\/i2.wp.com\/crochetts.com\/wp-content\/uploads\/2021\/01\/Logo-Crochetts.jpg?fit=300%2C137&ssl=1","contentUrl":"https:\/\/i2.wp.com\/crochetts.com\/wp-content\/uploads\/2021\/01\/Logo-Crochetts.jpg?fit=300%2C137&ssl=1","width":300,"height":137,"caption":"H\u00e4keln"},"image":{"@id":"https:\/\/crochetts.com\/de\/#\/schema\/logo\/image\/"},"sameAs":["https:\/\/www.facebook.com\/Crochetts-101964178013493","https:\/\/www.instagram.com\/crochetts_\/"]}]},"product_price_amount":"42.89","product_price_currency":"EUR","og_availability":"instock","product_availability":"instock","product_retailer_item_id":"4067","product_condition":"new"},"_links":{"self":[{"href":"https:\/\/crochetts.com\/de\/wp-json\/wp\/v2\/product\/25209","targetHints":{"allow":["GET"]}}],"collection":[{"href":"https:\/\/crochetts.com\/de\/wp-json\/wp\/v2\/product"}],"about":[{"href":"https:\/\/crochetts.com\/de\/wp-json\/wp\/v2\/types\/product"}],"wp:featuredmedia":[{"embeddable":true,"href":"https:\/\/crochetts.com\/de\/wp-json\/wp\/v2\/media\/25234"}],"wp:attachment":[{"href":"https:\/\/crochetts.com\/de\/wp-json\/wp\/v2\/media?parent=25209"}],"wp:term":[{"taxonomy":"product_brand","embeddable":true,"href":"https:\/\/crochetts.com\/de\/wp-json\/wp\/v2\/product_brand?post=25209"},{"taxonomy":"product_cat","embeddable":true,"href":"https:\/\/crochetts.com\/de\/wp-json\/wp\/v2\/product_cat?post=25209"},{"taxonomy":"product_tag","embeddable":true,"href":"https:\/\/crochetts.com\/de\/wp-json\/wp\/v2\/product_tag?post=25209"}],"curies":[{"name":"wp","href":"https:\/\/api.w.org\/{rel}","templated":true}]}}