{"id":25083,"date":"2024-10-01T12:35:34","date_gmt":"2024-10-01T11:35:34","guid":{"rendered":"https:\/\/crochetts.com\/tienda\/2er-set-giraffe-plueschtiere-aus-baumwolle\/"},"modified":"2025-12-30T13:37:10","modified_gmt":"2025-12-30T11:37:10","slug":"2er-set-giraffe-plueschtiere-aus-baumwolle","status":"publish","type":"product","link":"https:\/\/crochetts.com\/de\/tienda\/2er-set-giraffe-plueschtiere-aus-baumwolle\/","title":{"rendered":"2ER-SET GIRAFFE PL\u00dcSCHTIERE AUS BAUMWOLLE"},"content":{"rendered":"<div style=\"text-align: justify;\">Alle unsere <strong>Puppen <\/strong><em><strong>amigurumis<\/strong> <\/em><span style=\"background-color: transparent;\">sind ausgezeichnete Begleiter <strong>f\u00fcr Kinder<\/strong> jeden Alters. Perfekte <strong>Dekorationselemente<\/strong> in jedem <strong>Kinderzimmer<\/strong> oder ideal f\u00fcr die Verwendung in <strong>Schaufenstern<\/strong>.<\/span><\/div>\n<div style=\"text-align: justify;\">Sie werden nach den <strong>h\u00f6chsten Qualit\u00e4tsstandards <\/strong>entworfen und hergestellt <strong>, wobei <\/strong>stets nat\u00fcrliche Materialien wie Holz und 100% nat\u00fcrliche Baumwolle verwendet werden. Sie sind in <strong>zwei Gr\u00f6\u00dfen <\/strong>erh\u00e4ltlich <strong>. <\/strong>Nur die gro\u00dfen Exemplare <strong>sind mit einer Holzstruktur im Inneren ausgestattet, die bis zu 70 kg Gewicht tragen kann.<\/strong> <\/div>\n<div>\n<p data-start=\"1411\" data-end=\"1779\">Das <strong data-start=\"1414\" data-end=\"1441\">Pl\u00fcschtier Giraffe <\/strong>ist nicht nur ein Spielzeug: Es ist ein St\u00fcck handgefertigtes Design, das jedes Kinderzimmer in einen Raum voller W\u00e4rme und Pers\u00f6nlichkeit verwandelt.<br data-start=\"1589\" data-end=\"1592\">Die <strong data-start=\"1596\" data-end=\"1624\">handgestickten Details<\/strong> und die sorgf\u00e4ltige Verarbeitung spiegeln den nachhaltigen Geist und die Authentizit\u00e4t von Crochetts\u00ae wider, wo jedes Produkt mit Liebe, Respekt und Liebe zum Detail hergestellt wird.<\/p>\n<p data-start=\"1781\" data-end=\"2013\">Es enth\u00e4lt einen <strong data-start=\"1801\" data-end=\"1838\">personalisierten Willkommensbrief<\/strong>, in dem sich das Kuscheltier dem Kind vorstellt und so vom ersten Moment an eine besondere Bindung schafft. Ein Detail, das dieses Kuscheltier zu einem originellen und emotional einzigartigen Geschenk macht.<\/p>\n<p data-start=\"2015\" data-end=\"2167\">Ideal als <strong data-start=\"2026\" data-end=\"2085\">Geschenk f\u00fcr Geburtstage, Geburtstage oder Kinderdekorationen!<\/strong><\/p>\n<\/div>\n","protected":false},"excerpt":{"rendered":"<p>Verleihen Sie dem Kinderzimmer einen Hauch von Magie und Z\u00e4rtlichkeit mit diesem bezaubernden <strong data-start=\"368\" data-end=\"400\">Set aus 2 Giraffen-Stofftieren aus 100% nat\u00fcrlicher Baumwolle, <\/strong>die f\u00fcr stundenlanges Spielen, Komfort und Dekoration sorgen. Das Paket enth\u00e4lt einen <strong>riesigen Giraffensitz<\/strong>, auf dem die Kleinen sitzen, lesen oder spielen k\u00f6nnen, sowie ein weiches und anschmiegsames <strong data-start=\"577\" data-end=\"613\">Giraffen-Stofftier in Originalgr\u00f6\u00dfe<\/strong>, das sie bei jedem Abenteuer begleiten kann.<\/p>\n<p>Das <strong>Maxi-Pl\u00fcschtier<\/strong> hat eine <strong>innere<\/strong> <strong>Struktur<\/strong> aus <strong>Kiefernholz<\/strong>, die <strong>ein Gewicht von bis zu 70 kg auf der Oberseite tragen<\/strong> kann, und die <strong>rutschfesten Sohlen<\/strong> an den Beinen garantieren Stabilit\u00e4t und Sicherheit.<\/p>\n<p>Es enth\u00e4lt einen <strong data-start=\"1801\" data-end=\"1838\">personalisierten Willkommensbrief<\/strong>, in dem sich die Mimi-Pl\u00fcschtiere dem Kind vorstellen und so vom ersten Moment an eine besondere Bindung schaffen. Ein Detail, das dieses Giraffenpaket zu einem originellen und emotional einzigartigen Geschenk macht. Ideal als <strong data-start=\"2026\" data-end=\"2085\">Geschenk f\u00fcr Geburtstage, Geburtstage oder Kinderdekorationen!<\/strong><\/p>\n","protected":false},"featured_media":25101,"template":"","meta":{"_acf_changed":false,"_joinchat":[]},"product_brand":[],"product_cat":[6187,6216,6198,6186],"product_tag":[6217,6199,6277,6213,6263,6280,6279,6201,6203,6219,6228,6226,6218,6281,6205,6200,6202,6222],"class_list":{"0":"post-25083","1":"product","2":"type-product","3":"status-publish","4":"has-post-thumbnail","6":"product_cat-amigurumis","7":"product_cat-amigurumis-packung","8":"product_cat-familie","9":"product_cat-startseite","10":"product_tag-baby-teddybar","11":"product_tag-baumwoll-teddybar","12":"product_tag-baumwollplusch-set-2","13":"product_tag-dinosaurier-teddybar","14":"product_tag-giraffe-kuscheltier","15":"product_tag-giraffen-setzen","16":"product_tag-giraffenpackung","17":"product_tag-hypoallergener-baumwoll-teddybar","18":"product_tag-kinderdekoration","19":"product_tag-maxi-teddybar","20":"product_tag-originelles-geschenk","21":"product_tag-pluschsitz","22":"product_tag-riesiges-kuscheltier","23":"product_tag-set-2-giraffe-stofftiere","24":"product_tag-teddy-dekorieren","25":"product_tag-teddybar-hakeln","26":"product_tag-weicher-teddybar","27":"product_tag-xxl-teddybar","28":"entry","30":"first","31":"instock","32":"taxable","33":"shipping-taxable","34":"purchasable","35":"product-type-simple"},"acf":[],"yoast_head":"<!-- This site is optimized with the Yoast SEO Premium plugin v26.1 (Yoast SEO v27.3) - https:\/\/yoast.com\/product\/yoast-seo-premium-wordpress\/ -->\n<title>Set 2 hypoallergene Baumwoll-Giraffenkuscheltiere -% Crochetts%% Crochetts% Crochetts%%%%<\/title>\n<meta name=\"description\" content=\"Entdecken Sie das Giraffen-Stofftier-Set: ein bequemer Sitz und ein klassisches Stofftier aus Baumwolle. Das perfekte Geschenk f\u00fcr Kinder, die Tiere und kreativen Saft lieben.\" \/>\n<meta name=\"robots\" content=\"index, follow, max-snippet:-1, max-image-preview:large, max-video-preview:-1\" \/>\n<link rel=\"canonical\" href=\"https:\/\/crochetts.com\/de\/tienda\/2er-set-giraffe-plueschtiere-aus-baumwolle\/\" \/>\n<meta property=\"og:locale\" content=\"de_DE\" \/>\n<meta property=\"og:type\" content=\"article\" \/>\n<meta property=\"og:title\" content=\"2ER-SET GIRAFFE PL\u00dcSCHTIERE AUS BAUMWOLLE\" \/>\n<meta property=\"og:description\" content=\"Verleihen Sie dem Kinderzimmer einen Hauch von Magie und Z\u00e4rtlichkeit mit diesem bezaubernden Set aus 2 Giraffen-Stofftieren aus 100% nat\u00fcrlicher Baumwolle, die f\u00fcr stundenlanges Spielen, Komfort und Dekoration sorgen. Das Paket enth\u00e4lt einen riesigen Giraffensitz, auf dem die Kleinen sitzen, lesen oder spielen k\u00f6nnen, sowie ein weiches und anschmiegsames Giraffen-Stofftier in Originalgr\u00f6\u00dfe, das sie bei jedem Abenteuer begleiten kann. Das Maxi-Pl\u00fcschtier hat eine innere Struktur aus Kiefernholz, die ein Gewicht von bis zu 70 kg auf der Oberseite tragen kann, und die rutschfesten Sohlen an den Beinen garantieren Stabilit\u00e4t und Sicherheit. Es enth\u00e4lt einen personalisierten Willkommensbrief, in dem sich die Mimi-Pl\u00fcschtiere dem Kind vorstellen und so vom ersten Moment an eine besondere Bindung schaffen. Ein Detail, das dieses Giraffenpaket zu einem originellen und emotional einzigartigen Geschenk macht. Ideal als Geschenk f\u00fcr Geburtstage, Geburtstage oder Kinderdekorationen!\" \/>\n<meta property=\"og:url\" content=\"https:\/\/crochetts.com\/de\/tienda\/2er-set-giraffe-plueschtiere-aus-baumwolle\/\" \/>\n<meta property=\"og:site_name\" content=\"Crochetts\" \/>\n<meta property=\"article:publisher\" content=\"https:\/\/www.facebook.com\/Crochetts-101964178013493\" \/>\n<meta property=\"article:modified_time\" content=\"2025-12-30T11:37:10+00:00\" \/>\n<meta property=\"og:image\" content=\"https:\/\/crochetts.com\/wp-content\/uploads\/2024\/10\/PLTY01LTM01-1-1.jpg\" \/>\n\t<meta property=\"og:image:width\" content=\"798\" \/>\n\t<meta property=\"og:image:height\" content=\"1200\" \/>\n\t<meta property=\"og:image:type\" content=\"image\/jpeg\" \/>\n<meta name=\"twitter:card\" content=\"summary_large_image\" \/>\n<meta name=\"twitter:label1\" content=\"Preis\" \/>\n\t<meta name=\"twitter:data1\" content=\"349,98&nbsp;&euro;\" \/>\n\t<meta name=\"twitter:label2\" content=\"Verf\u00fcgbarkeit\" \/>\n\t<meta name=\"twitter:data2\" content=\"Auf Lager\" \/>\n<script type=\"application\/ld+json\" class=\"yoast-schema-graph\">{\"@context\":\"https:\\\/\\\/schema.org\",\"@graph\":[{\"@type\":\"WebPage\",\"@id\":\"https:\\\/\\\/crochetts.com\\\/de\\\/tienda\\\/2er-set-giraffe-plueschtiere-aus-baumwolle\\\/\",\"url\":\"https:\\\/\\\/crochetts.com\\\/de\\\/tienda\\\/2er-set-giraffe-plueschtiere-aus-baumwolle\\\/\",\"name\":\"Set 2 hypoallergene Baumwoll-Giraffenkuscheltiere -% Crochetts%% Crochetts% Crochetts%%%%\",\"isPartOf\":{\"@id\":\"https:\\\/\\\/crochetts.com\\\/de\\\/#website\"},\"primaryImageOfPage\":{\"@id\":\"https:\\\/\\\/crochetts.com\\\/de\\\/tienda\\\/2er-set-giraffe-plueschtiere-aus-baumwolle\\\/#primaryimage\"},\"image\":{\"@id\":\"https:\\\/\\\/crochetts.com\\\/de\\\/tienda\\\/2er-set-giraffe-plueschtiere-aus-baumwolle\\\/#primaryimage\"},\"thumbnailUrl\":\"https:\\\/\\\/crochetts.com\\\/wp-content\\\/uploads\\\/2024\\\/10\\\/PLTY01LTM01-1-1.jpg\",\"datePublished\":\"2024-10-01T11:35:34+00:00\",\"dateModified\":\"2025-12-30T11:37:10+00:00\",\"description\":\"Entdecken Sie das Giraffen-Stofftier-Set: ein bequemer Sitz und ein klassisches Stofftier aus Baumwolle. Das perfekte Geschenk f\u00fcr Kinder, die Tiere und kreativen Saft lieben.\",\"breadcrumb\":{\"@id\":\"https:\\\/\\\/crochetts.com\\\/de\\\/tienda\\\/2er-set-giraffe-plueschtiere-aus-baumwolle\\\/#breadcrumb\"},\"inLanguage\":\"de\",\"potentialAction\":[{\"@type\":\"ReadAction\",\"target\":[\"https:\\\/\\\/crochetts.com\\\/de\\\/tienda\\\/2er-set-giraffe-plueschtiere-aus-baumwolle\\\/\"]}]},{\"@type\":\"ImageObject\",\"inLanguage\":\"de\",\"@id\":\"https:\\\/\\\/crochetts.com\\\/de\\\/tienda\\\/2er-set-giraffe-plueschtiere-aus-baumwolle\\\/#primaryimage\",\"url\":\"https:\\\/\\\/crochetts.com\\\/wp-content\\\/uploads\\\/2024\\\/10\\\/PLTY01LTM01-1-1.jpg\",\"contentUrl\":\"https:\\\/\\\/crochetts.com\\\/wp-content\\\/uploads\\\/2024\\\/10\\\/PLTY01LTM01-1-1.jpg\",\"width\":798,\"height\":1200,\"caption\":\"Riesige Giraffe Stofftier Set\"},{\"@type\":\"BreadcrumbList\",\"@id\":\"https:\\\/\\\/crochetts.com\\\/de\\\/tienda\\\/2er-set-giraffe-plueschtiere-aus-baumwolle\\\/#breadcrumb\",\"itemListElement\":[{\"@type\":\"ListItem\",\"position\":1,\"name\":\"Portada\",\"item\":\"https:\\\/\\\/crochetts.com\\\/de\\\/startseite\\\/\"},{\"@type\":\"ListItem\",\"position\":2,\"name\":\"Shop\",\"item\":\"https:\\\/\\\/crochetts.com\\\/de\\\/shop\\\/\"},{\"@type\":\"ListItem\",\"position\":3,\"name\":\"2ER-SET GIRAFFE PL\u00dcSCHTIERE AUS BAUMWOLLE\"}]},{\"@type\":\"WebSite\",\"@id\":\"https:\\\/\\\/crochetts.com\\\/de\\\/#website\",\"url\":\"https:\\\/\\\/crochetts.com\\\/de\\\/\",\"name\":\"Crochetts\",\"description\":\"ANIMALES DE CROCHET PARA JUGAR,DECORAR Y SO\u00d1AR\",\"publisher\":{\"@id\":\"https:\\\/\\\/crochetts.com\\\/de\\\/#organization\"},\"potentialAction\":[{\"@type\":\"SearchAction\",\"target\":{\"@type\":\"EntryPoint\",\"urlTemplate\":\"https:\\\/\\\/crochetts.com\\\/de\\\/?s={search_term_string}\"},\"query-input\":{\"@type\":\"PropertyValueSpecification\",\"valueRequired\":true,\"valueName\":\"search_term_string\"}}],\"inLanguage\":\"de\"},{\"@type\":\"Organization\",\"@id\":\"https:\\\/\\\/crochetts.com\\\/de\\\/#organization\",\"name\":\"H\u00e4keln\",\"url\":\"https:\\\/\\\/crochetts.com\\\/de\\\/\",\"logo\":{\"@type\":\"ImageObject\",\"inLanguage\":\"de\",\"@id\":\"https:\\\/\\\/crochetts.com\\\/de\\\/#\\\/schema\\\/logo\\\/image\\\/\",\"url\":\"https:\\\/\\\/i2.wp.com\\\/crochetts.com\\\/wp-content\\\/uploads\\\/2021\\\/01\\\/Logo-Crochetts.jpg?fit=300%2C137&ssl=1\",\"contentUrl\":\"https:\\\/\\\/i2.wp.com\\\/crochetts.com\\\/wp-content\\\/uploads\\\/2021\\\/01\\\/Logo-Crochetts.jpg?fit=300%2C137&ssl=1\",\"width\":300,\"height\":137,\"caption\":\"H\u00e4keln\"},\"image\":{\"@id\":\"https:\\\/\\\/crochetts.com\\\/de\\\/#\\\/schema\\\/logo\\\/image\\\/\"},\"sameAs\":[\"https:\\\/\\\/www.facebook.com\\\/Crochetts-101964178013493\",\"https:\\\/\\\/www.instagram.com\\\/crochetts_\\\/\"]}]}<\/script>\n<meta property=\"product:price:amount\" content=\"349.98\" \/>\n<meta property=\"product:price:currency\" content=\"EUR\" \/>\n<meta property=\"og:availability\" content=\"instock\" \/>\n<meta property=\"product:availability\" content=\"instock\" \/>\n<meta property=\"product:retailer_item_id\" content=\"PLTY01LTM01_nueva\" \/>\n<meta property=\"product:condition\" content=\"new\" \/>\n<!-- \/ Yoast SEO Premium plugin. -->","yoast_head_json":{"title":"Set 2 hypoallergene Baumwoll-Giraffenkuscheltiere -% Crochetts%% Crochetts% Crochetts%%%%","description":"Entdecken Sie das Giraffen-Stofftier-Set: ein bequemer Sitz und ein klassisches Stofftier aus Baumwolle. Das perfekte Geschenk f\u00fcr Kinder, die Tiere und kreativen Saft lieben.","robots":{"index":"index","follow":"follow","max-snippet":"max-snippet:-1","max-image-preview":"max-image-preview:large","max-video-preview":"max-video-preview:-1"},"canonical":"https:\/\/crochetts.com\/de\/tienda\/2er-set-giraffe-plueschtiere-aus-baumwolle\/","og_locale":"de_DE","og_type":"article","og_title":"2ER-SET GIRAFFE PL\u00dcSCHTIERE AUS BAUMWOLLE","og_description":"Verleihen Sie dem Kinderzimmer einen Hauch von Magie und Z\u00e4rtlichkeit mit diesem bezaubernden Set aus 2 Giraffen-Stofftieren aus 100% nat\u00fcrlicher Baumwolle, die f\u00fcr stundenlanges Spielen, Komfort und Dekoration sorgen. Das Paket enth\u00e4lt einen riesigen Giraffensitz, auf dem die Kleinen sitzen, lesen oder spielen k\u00f6nnen, sowie ein weiches und anschmiegsames Giraffen-Stofftier in Originalgr\u00f6\u00dfe, das sie bei jedem Abenteuer begleiten kann. Das Maxi-Pl\u00fcschtier hat eine innere Struktur aus Kiefernholz, die ein Gewicht von bis zu 70 kg auf der Oberseite tragen kann, und die rutschfesten Sohlen an den Beinen garantieren Stabilit\u00e4t und Sicherheit. Es enth\u00e4lt einen personalisierten Willkommensbrief, in dem sich die Mimi-Pl\u00fcschtiere dem Kind vorstellen und so vom ersten Moment an eine besondere Bindung schaffen. Ein Detail, das dieses Giraffenpaket zu einem originellen und emotional einzigartigen Geschenk macht. Ideal als Geschenk f\u00fcr Geburtstage, Geburtstage oder Kinderdekorationen!","og_url":"https:\/\/crochetts.com\/de\/tienda\/2er-set-giraffe-plueschtiere-aus-baumwolle\/","og_site_name":"Crochetts","article_publisher":"https:\/\/www.facebook.com\/Crochetts-101964178013493","article_modified_time":"2025-12-30T11:37:10+00:00","og_image":[{"width":798,"height":1200,"url":"https:\/\/crochetts.com\/wp-content\/uploads\/2024\/10\/PLTY01LTM01-1-1.jpg","type":"image\/jpeg"}],"twitter_card":"summary_large_image","twitter_misc":{"Preis":"349,98&nbsp;&euro;","Verf\u00fcgbarkeit":"Auf Lager"},"schema":{"@context":"https:\/\/schema.org","@graph":[{"@type":"WebPage","@id":"https:\/\/crochetts.com\/de\/tienda\/2er-set-giraffe-plueschtiere-aus-baumwolle\/","url":"https:\/\/crochetts.com\/de\/tienda\/2er-set-giraffe-plueschtiere-aus-baumwolle\/","name":"Set 2 hypoallergene Baumwoll-Giraffenkuscheltiere -% Crochetts%% Crochetts% Crochetts%%%%","isPartOf":{"@id":"https:\/\/crochetts.com\/de\/#website"},"primaryImageOfPage":{"@id":"https:\/\/crochetts.com\/de\/tienda\/2er-set-giraffe-plueschtiere-aus-baumwolle\/#primaryimage"},"image":{"@id":"https:\/\/crochetts.com\/de\/tienda\/2er-set-giraffe-plueschtiere-aus-baumwolle\/#primaryimage"},"thumbnailUrl":"https:\/\/crochetts.com\/wp-content\/uploads\/2024\/10\/PLTY01LTM01-1-1.jpg","datePublished":"2024-10-01T11:35:34+00:00","dateModified":"2025-12-30T11:37:10+00:00","description":"Entdecken Sie das Giraffen-Stofftier-Set: ein bequemer Sitz und ein klassisches Stofftier aus Baumwolle. Das perfekte Geschenk f\u00fcr Kinder, die Tiere und kreativen Saft lieben.","breadcrumb":{"@id":"https:\/\/crochetts.com\/de\/tienda\/2er-set-giraffe-plueschtiere-aus-baumwolle\/#breadcrumb"},"inLanguage":"de","potentialAction":[{"@type":"ReadAction","target":["https:\/\/crochetts.com\/de\/tienda\/2er-set-giraffe-plueschtiere-aus-baumwolle\/"]}]},{"@type":"ImageObject","inLanguage":"de","@id":"https:\/\/crochetts.com\/de\/tienda\/2er-set-giraffe-plueschtiere-aus-baumwolle\/#primaryimage","url":"https:\/\/crochetts.com\/wp-content\/uploads\/2024\/10\/PLTY01LTM01-1-1.jpg","contentUrl":"https:\/\/crochetts.com\/wp-content\/uploads\/2024\/10\/PLTY01LTM01-1-1.jpg","width":798,"height":1200,"caption":"Riesige Giraffe Stofftier Set"},{"@type":"BreadcrumbList","@id":"https:\/\/crochetts.com\/de\/tienda\/2er-set-giraffe-plueschtiere-aus-baumwolle\/#breadcrumb","itemListElement":[{"@type":"ListItem","position":1,"name":"Portada","item":"https:\/\/crochetts.com\/de\/startseite\/"},{"@type":"ListItem","position":2,"name":"Shop","item":"https:\/\/crochetts.com\/de\/shop\/"},{"@type":"ListItem","position":3,"name":"2ER-SET GIRAFFE PL\u00dcSCHTIERE AUS BAUMWOLLE"}]},{"@type":"WebSite","@id":"https:\/\/crochetts.com\/de\/#website","url":"https:\/\/crochetts.com\/de\/","name":"Crochetts","description":"ANIMALES DE CROCHET PARA JUGAR,DECORAR Y SO\u00d1AR","publisher":{"@id":"https:\/\/crochetts.com\/de\/#organization"},"potentialAction":[{"@type":"SearchAction","target":{"@type":"EntryPoint","urlTemplate":"https:\/\/crochetts.com\/de\/?s={search_term_string}"},"query-input":{"@type":"PropertyValueSpecification","valueRequired":true,"valueName":"search_term_string"}}],"inLanguage":"de"},{"@type":"Organization","@id":"https:\/\/crochetts.com\/de\/#organization","name":"H\u00e4keln","url":"https:\/\/crochetts.com\/de\/","logo":{"@type":"ImageObject","inLanguage":"de","@id":"https:\/\/crochetts.com\/de\/#\/schema\/logo\/image\/","url":"https:\/\/i2.wp.com\/crochetts.com\/wp-content\/uploads\/2021\/01\/Logo-Crochetts.jpg?fit=300%2C137&ssl=1","contentUrl":"https:\/\/i2.wp.com\/crochetts.com\/wp-content\/uploads\/2021\/01\/Logo-Crochetts.jpg?fit=300%2C137&ssl=1","width":300,"height":137,"caption":"H\u00e4keln"},"image":{"@id":"https:\/\/crochetts.com\/de\/#\/schema\/logo\/image\/"},"sameAs":["https:\/\/www.facebook.com\/Crochetts-101964178013493","https:\/\/www.instagram.com\/crochetts_\/"]}]},"product_price_amount":"349.98","product_price_currency":"EUR","og_availability":"instock","product_availability":"instock","product_retailer_item_id":"PLTY01LTM01_nueva","product_condition":"new"},"_links":{"self":[{"href":"https:\/\/crochetts.com\/de\/wp-json\/wp\/v2\/product\/25083","targetHints":{"allow":["GET"]}}],"collection":[{"href":"https:\/\/crochetts.com\/de\/wp-json\/wp\/v2\/product"}],"about":[{"href":"https:\/\/crochetts.com\/de\/wp-json\/wp\/v2\/types\/product"}],"wp:featuredmedia":[{"embeddable":true,"href":"https:\/\/crochetts.com\/de\/wp-json\/wp\/v2\/media\/25101"}],"wp:attachment":[{"href":"https:\/\/crochetts.com\/de\/wp-json\/wp\/v2\/media?parent=25083"}],"wp:term":[{"taxonomy":"product_brand","embeddable":true,"href":"https:\/\/crochetts.com\/de\/wp-json\/wp\/v2\/product_brand?post=25083"},{"taxonomy":"product_cat","embeddable":true,"href":"https:\/\/crochetts.com\/de\/wp-json\/wp\/v2\/product_cat?post=25083"},{"taxonomy":"product_tag","embeddable":true,"href":"https:\/\/crochetts.com\/de\/wp-json\/wp\/v2\/product_tag?post=25083"}],"curies":[{"name":"wp","href":"https:\/\/api.w.org\/{rel}","templated":true}]}}