{"id":25039,"date":"2024-09-30T13:06:12","date_gmt":"2024-09-30T12:06:12","guid":{"rendered":"https:\/\/crochetts.com\/tienda\/pinguin-shopper-tasche\/"},"modified":"2024-09-30T13:06:12","modified_gmt":"2024-09-30T12:06:12","slug":"pinguin-shopper-tasche","status":"publish","type":"product","link":"https:\/\/crochetts.com\/de\/tienda\/pinguin-shopper-tasche\/","title":{"rendered":"PINGUIN SHOPPER TASCHE"},"content":{"rendered":"<div style=\"text-align: justify;\">\n<p style=\"text-align: justify;\">Alle unsere Rucks\u00e4cke sind f\u00fcr <strong>die Kleinsten gedacht. Die Tasche<\/strong> hat Stauraum, einen Magnetknopfverschluss und Griffe zum Aufh\u00e4ngen.<\/p>\n<p>Ideal f\u00fcr Kinder ab 8 Jahren und \u00e4lter. F\u00fcr die Schule, den Park, Ausfl\u00fcge oder einfach f\u00fcr Kinder oder M\u00fctter und V\u00e4ter, um alles, was ein Kind braucht, <strong>\u00fcberall hin<\/strong> mitzunehmen. <\/p>\n<p>Eine gute M\u00f6glichkeit, <strong>die Liebe zu Tieren<\/strong> und zur Natur <strong>zu f\u00f6rdern<\/strong>. Mehr als eine Tasche zum Transportieren von Gegenst\u00e4nden, <strong>ein Reisebegleiter<\/strong> f\u00fcr unsere Kinder. <\/p>\n<\/div>\n","protected":false},"excerpt":{"rendered":"<p>Unsere <strong>Pinguin-Shopper-Tasche <\/strong>in <strong>Blau<\/strong> ist aus<strong> 100% nat\u00fcrlicher Baumwolle<\/strong> und Kord gefertigt, die sich sehr weich anf\u00fchlt. Ein lustiges und niedliches Design mit einer Rei\u00dfverschlusstasche in Form eines lustigen Pinguins. Die Tasche hat einen Stauraum mit<strong> Magnetknopfverschluss<\/strong> und lange Henkel zum Aufh\u00e4ngen.  <\/p>\n<p>Ideal f\u00fcr die<strong> Schule, den Park, Ausfl\u00fcge<\/strong> oder einfach f\u00fcr Kinder oder M\u00fctter und V\u00e4ter, um <strong>alles, was ein Kind braucht,<\/strong> \u00fcberall hin <strong>mitzunehmen<\/strong>.<\/p>\n<p>Die <strong>Shopper-Tasche<\/strong> ist das <strong>ideale<\/strong> <strong>Accessoire<\/strong> f\u00fcr die Kleinen, um ihre wertvollsten Sch\u00e4tze zu transportieren.<\/p>\n<p>&nbsp;<\/p>\n","protected":false},"featured_media":25049,"template":"","meta":{"_acf_changed":false,"_joinchat":[]},"product_brand":[],"product_cat":[6189,6188,6186,6190],"product_tag":[6194,6266,6193,6192,6191,6196,6268,6270,6195],"class_list":{"0":"post-25039","1":"product","2":"type-product","3":"status-publish","4":"has-post-thumbnail","6":"product_cat-backpacks","7":"product_cat-produkte","8":"product_cat-startseite","9":"product_cat-taschen","10":"product_tag-baumwollrucksack","11":"product_tag-elefanten-shopper-tasche","12":"product_tag-gehakelter-rucksack","13":"product_tag-kinderrucksack","14":"product_tag-rucksack","15":"product_tag-schultasche","16":"product_tag-shopper-tasche-elefant","17":"product_tag-shopper-tasche","18":"product_tag-tierischer-rucksack","19":"entry","21":"first","22":"instock","23":"taxable","24":"shipping-taxable","25":"purchasable","26":"product-type-simple"},"acf":[],"yoast_head":"<!-- This site is optimized with the Yoast SEO Premium plugin v26.1 (Yoast SEO v27.3) - https:\/\/yoast.com\/product\/yoast-seo-premium-wordpress\/ -->\n<title>Kinderhandtasche - PINGUIN SHOPPER TASCHE - Crochetts%% Crochetts%<\/title>\n<meta name=\"description\" content=\"Alle unsere Taschen wurden speziell f\u00fcr die Kleinen entworfen. Sie sind ideal f\u00fcr die Schule, den Park, Ausfl\u00fcge oder einfach nur f\u00fcr Kinder oder f\u00fcr M\u00fctter und V\u00e4ter, um alles, was ein Kind braucht, \u00fcberallhin mitzunehmen.\" \/>\n<meta name=\"robots\" content=\"index, follow, max-snippet:-1, max-image-preview:large, max-video-preview:-1\" \/>\n<link rel=\"canonical\" href=\"https:\/\/crochetts.com\/de\/tienda\/pinguin-shopper-tasche\/\" \/>\n<meta property=\"og:locale\" content=\"de_DE\" \/>\n<meta property=\"og:type\" content=\"article\" \/>\n<meta property=\"og:title\" content=\"PINGUIN SHOPPER TASCHE\" \/>\n<meta property=\"og:description\" content=\"Unsere Pinguin-Shopper-Tasche in Blau ist aus 100% nat\u00fcrlicher Baumwolle und Kord gefertigt, die sich sehr weich anf\u00fchlt. Ein lustiges und niedliches Design mit einer Rei\u00dfverschlusstasche in Form eines lustigen Pinguins. Die Tasche hat einen Stauraum mit Magnetknopfverschluss und lange Henkel zum Aufh\u00e4ngen.  Ideal f\u00fcr die Schule, den Park, Ausfl\u00fcge oder einfach f\u00fcr Kinder oder M\u00fctter und V\u00e4ter, um alles, was ein Kind braucht, \u00fcberall hin mitzunehmen. Die Shopper-Tasche ist das ideale Accessoire f\u00fcr die Kleinen, um ihre wertvollsten Sch\u00e4tze zu transportieren. &nbsp;\" \/>\n<meta property=\"og:url\" content=\"https:\/\/crochetts.com\/de\/tienda\/pinguin-shopper-tasche\/\" \/>\n<meta property=\"og:site_name\" content=\"Crochetts\" \/>\n<meta property=\"article:publisher\" content=\"https:\/\/www.facebook.com\/Crochetts-101964178013493\" \/>\n<meta property=\"og:image\" content=\"https:\/\/crochetts.com\/wp-content\/uploads\/2024\/09\/LT-1954-4.jpg\" \/>\n\t<meta property=\"og:image:width\" content=\"798\" \/>\n\t<meta property=\"og:image:height\" content=\"1200\" \/>\n\t<meta property=\"og:image:type\" content=\"image\/jpeg\" \/>\n<meta name=\"twitter:card\" content=\"summary_large_image\" \/>\n<meta name=\"twitter:label1\" content=\"Preis\" \/>\n\t<meta name=\"twitter:data1\" content=\"65,00&nbsp;&euro;\" \/>\n\t<meta name=\"twitter:label2\" content=\"Verf\u00fcgbarkeit\" \/>\n\t<meta name=\"twitter:data2\" content=\"Auf Lager\" \/>\n<script type=\"application\/ld+json\" class=\"yoast-schema-graph\">{\"@context\":\"https:\\\/\\\/schema.org\",\"@graph\":[{\"@type\":\"WebPage\",\"@id\":\"https:\\\/\\\/crochetts.com\\\/de\\\/tienda\\\/pinguin-shopper-tasche\\\/\",\"url\":\"https:\\\/\\\/crochetts.com\\\/de\\\/tienda\\\/pinguin-shopper-tasche\\\/\",\"name\":\"Kinderhandtasche - PINGUIN SHOPPER TASCHE - Crochetts%% Crochetts%\",\"isPartOf\":{\"@id\":\"https:\\\/\\\/crochetts.com\\\/de\\\/#website\"},\"primaryImageOfPage\":{\"@id\":\"https:\\\/\\\/crochetts.com\\\/de\\\/tienda\\\/pinguin-shopper-tasche\\\/#primaryimage\"},\"image\":{\"@id\":\"https:\\\/\\\/crochetts.com\\\/de\\\/tienda\\\/pinguin-shopper-tasche\\\/#primaryimage\"},\"thumbnailUrl\":\"https:\\\/\\\/crochetts.com\\\/wp-content\\\/uploads\\\/2024\\\/09\\\/LT-1954-4.jpg\",\"datePublished\":\"2024-09-30T12:06:12+00:00\",\"description\":\"Alle unsere Taschen wurden speziell f\u00fcr die Kleinen entworfen. Sie sind ideal f\u00fcr die Schule, den Park, Ausfl\u00fcge oder einfach nur f\u00fcr Kinder oder f\u00fcr M\u00fctter und V\u00e4ter, um alles, was ein Kind braucht, \u00fcberallhin mitzunehmen.\",\"breadcrumb\":{\"@id\":\"https:\\\/\\\/crochetts.com\\\/de\\\/tienda\\\/pinguin-shopper-tasche\\\/#breadcrumb\"},\"inLanguage\":\"de\",\"potentialAction\":[{\"@type\":\"ReadAction\",\"target\":[\"https:\\\/\\\/crochetts.com\\\/de\\\/tienda\\\/pinguin-shopper-tasche\\\/\"]}]},{\"@type\":\"ImageObject\",\"inLanguage\":\"de\",\"@id\":\"https:\\\/\\\/crochetts.com\\\/de\\\/tienda\\\/pinguin-shopper-tasche\\\/#primaryimage\",\"url\":\"https:\\\/\\\/crochetts.com\\\/wp-content\\\/uploads\\\/2024\\\/09\\\/LT-1954-4.jpg\",\"contentUrl\":\"https:\\\/\\\/crochetts.com\\\/wp-content\\\/uploads\\\/2024\\\/09\\\/LT-1954-4.jpg\",\"width\":798,\"height\":1200,\"caption\":\"Shopper Tasche h\u00e4keln\"},{\"@type\":\"BreadcrumbList\",\"@id\":\"https:\\\/\\\/crochetts.com\\\/de\\\/tienda\\\/pinguin-shopper-tasche\\\/#breadcrumb\",\"itemListElement\":[{\"@type\":\"ListItem\",\"position\":1,\"name\":\"Portada\",\"item\":\"https:\\\/\\\/crochetts.com\\\/de\\\/startseite\\\/\"},{\"@type\":\"ListItem\",\"position\":2,\"name\":\"Shop\",\"item\":\"https:\\\/\\\/crochetts.com\\\/de\\\/shop\\\/\"},{\"@type\":\"ListItem\",\"position\":3,\"name\":\"PINGUIN SHOPPER TASCHE\"}]},{\"@type\":\"WebSite\",\"@id\":\"https:\\\/\\\/crochetts.com\\\/de\\\/#website\",\"url\":\"https:\\\/\\\/crochetts.com\\\/de\\\/\",\"name\":\"Crochetts\",\"description\":\"ANIMALES DE CROCHET PARA JUGAR,DECORAR Y SO\u00d1AR\",\"publisher\":{\"@id\":\"https:\\\/\\\/crochetts.com\\\/de\\\/#organization\"},\"potentialAction\":[{\"@type\":\"SearchAction\",\"target\":{\"@type\":\"EntryPoint\",\"urlTemplate\":\"https:\\\/\\\/crochetts.com\\\/de\\\/?s={search_term_string}\"},\"query-input\":{\"@type\":\"PropertyValueSpecification\",\"valueRequired\":true,\"valueName\":\"search_term_string\"}}],\"inLanguage\":\"de\"},{\"@type\":\"Organization\",\"@id\":\"https:\\\/\\\/crochetts.com\\\/de\\\/#organization\",\"name\":\"H\u00e4keln\",\"url\":\"https:\\\/\\\/crochetts.com\\\/de\\\/\",\"logo\":{\"@type\":\"ImageObject\",\"inLanguage\":\"de\",\"@id\":\"https:\\\/\\\/crochetts.com\\\/de\\\/#\\\/schema\\\/logo\\\/image\\\/\",\"url\":\"https:\\\/\\\/i2.wp.com\\\/crochetts.com\\\/wp-content\\\/uploads\\\/2021\\\/01\\\/Logo-Crochetts.jpg?fit=300%2C137&ssl=1\",\"contentUrl\":\"https:\\\/\\\/i2.wp.com\\\/crochetts.com\\\/wp-content\\\/uploads\\\/2021\\\/01\\\/Logo-Crochetts.jpg?fit=300%2C137&ssl=1\",\"width\":300,\"height\":137,\"caption\":\"H\u00e4keln\"},\"image\":{\"@id\":\"https:\\\/\\\/crochetts.com\\\/de\\\/#\\\/schema\\\/logo\\\/image\\\/\"},\"sameAs\":[\"https:\\\/\\\/www.facebook.com\\\/Crochetts-101964178013493\",\"https:\\\/\\\/www.instagram.com\\\/crochetts_\\\/\"]}]}<\/script>\n<meta property=\"product:price:amount\" content=\"65.00\" \/>\n<meta property=\"product:price:currency\" content=\"EUR\" \/>\n<meta property=\"og:availability\" content=\"instock\" \/>\n<meta property=\"product:availability\" content=\"instock\" \/>\n<meta property=\"product:retailer_item_id\" content=\"LT-1954\" \/>\n<meta property=\"product:condition\" content=\"new\" \/>\n<!-- \/ Yoast SEO Premium plugin. -->","yoast_head_json":{"title":"Kinderhandtasche - PINGUIN SHOPPER TASCHE - Crochetts%% Crochetts%","description":"Alle unsere Taschen wurden speziell f\u00fcr die Kleinen entworfen. Sie sind ideal f\u00fcr die Schule, den Park, Ausfl\u00fcge oder einfach nur f\u00fcr Kinder oder f\u00fcr M\u00fctter und V\u00e4ter, um alles, was ein Kind braucht, \u00fcberallhin mitzunehmen.","robots":{"index":"index","follow":"follow","max-snippet":"max-snippet:-1","max-image-preview":"max-image-preview:large","max-video-preview":"max-video-preview:-1"},"canonical":"https:\/\/crochetts.com\/de\/tienda\/pinguin-shopper-tasche\/","og_locale":"de_DE","og_type":"article","og_title":"PINGUIN SHOPPER TASCHE","og_description":"Unsere Pinguin-Shopper-Tasche in Blau ist aus 100% nat\u00fcrlicher Baumwolle und Kord gefertigt, die sich sehr weich anf\u00fchlt. Ein lustiges und niedliches Design mit einer Rei\u00dfverschlusstasche in Form eines lustigen Pinguins. Die Tasche hat einen Stauraum mit Magnetknopfverschluss und lange Henkel zum Aufh\u00e4ngen.  Ideal f\u00fcr die Schule, den Park, Ausfl\u00fcge oder einfach f\u00fcr Kinder oder M\u00fctter und V\u00e4ter, um alles, was ein Kind braucht, \u00fcberall hin mitzunehmen. Die Shopper-Tasche ist das ideale Accessoire f\u00fcr die Kleinen, um ihre wertvollsten Sch\u00e4tze zu transportieren. &nbsp;","og_url":"https:\/\/crochetts.com\/de\/tienda\/pinguin-shopper-tasche\/","og_site_name":"Crochetts","article_publisher":"https:\/\/www.facebook.com\/Crochetts-101964178013493","og_image":[{"width":798,"height":1200,"url":"https:\/\/crochetts.com\/wp-content\/uploads\/2024\/09\/LT-1954-4.jpg","type":"image\/jpeg"}],"twitter_card":"summary_large_image","twitter_misc":{"Preis":"65,00&nbsp;&euro;","Verf\u00fcgbarkeit":"Auf Lager"},"schema":{"@context":"https:\/\/schema.org","@graph":[{"@type":"WebPage","@id":"https:\/\/crochetts.com\/de\/tienda\/pinguin-shopper-tasche\/","url":"https:\/\/crochetts.com\/de\/tienda\/pinguin-shopper-tasche\/","name":"Kinderhandtasche - PINGUIN SHOPPER TASCHE - Crochetts%% Crochetts%","isPartOf":{"@id":"https:\/\/crochetts.com\/de\/#website"},"primaryImageOfPage":{"@id":"https:\/\/crochetts.com\/de\/tienda\/pinguin-shopper-tasche\/#primaryimage"},"image":{"@id":"https:\/\/crochetts.com\/de\/tienda\/pinguin-shopper-tasche\/#primaryimage"},"thumbnailUrl":"https:\/\/crochetts.com\/wp-content\/uploads\/2024\/09\/LT-1954-4.jpg","datePublished":"2024-09-30T12:06:12+00:00","description":"Alle unsere Taschen wurden speziell f\u00fcr die Kleinen entworfen. Sie sind ideal f\u00fcr die Schule, den Park, Ausfl\u00fcge oder einfach nur f\u00fcr Kinder oder f\u00fcr M\u00fctter und V\u00e4ter, um alles, was ein Kind braucht, \u00fcberallhin mitzunehmen.","breadcrumb":{"@id":"https:\/\/crochetts.com\/de\/tienda\/pinguin-shopper-tasche\/#breadcrumb"},"inLanguage":"de","potentialAction":[{"@type":"ReadAction","target":["https:\/\/crochetts.com\/de\/tienda\/pinguin-shopper-tasche\/"]}]},{"@type":"ImageObject","inLanguage":"de","@id":"https:\/\/crochetts.com\/de\/tienda\/pinguin-shopper-tasche\/#primaryimage","url":"https:\/\/crochetts.com\/wp-content\/uploads\/2024\/09\/LT-1954-4.jpg","contentUrl":"https:\/\/crochetts.com\/wp-content\/uploads\/2024\/09\/LT-1954-4.jpg","width":798,"height":1200,"caption":"Shopper Tasche h\u00e4keln"},{"@type":"BreadcrumbList","@id":"https:\/\/crochetts.com\/de\/tienda\/pinguin-shopper-tasche\/#breadcrumb","itemListElement":[{"@type":"ListItem","position":1,"name":"Portada","item":"https:\/\/crochetts.com\/de\/startseite\/"},{"@type":"ListItem","position":2,"name":"Shop","item":"https:\/\/crochetts.com\/de\/shop\/"},{"@type":"ListItem","position":3,"name":"PINGUIN SHOPPER TASCHE"}]},{"@type":"WebSite","@id":"https:\/\/crochetts.com\/de\/#website","url":"https:\/\/crochetts.com\/de\/","name":"Crochetts","description":"ANIMALES DE CROCHET PARA JUGAR,DECORAR Y SO\u00d1AR","publisher":{"@id":"https:\/\/crochetts.com\/de\/#organization"},"potentialAction":[{"@type":"SearchAction","target":{"@type":"EntryPoint","urlTemplate":"https:\/\/crochetts.com\/de\/?s={search_term_string}"},"query-input":{"@type":"PropertyValueSpecification","valueRequired":true,"valueName":"search_term_string"}}],"inLanguage":"de"},{"@type":"Organization","@id":"https:\/\/crochetts.com\/de\/#organization","name":"H\u00e4keln","url":"https:\/\/crochetts.com\/de\/","logo":{"@type":"ImageObject","inLanguage":"de","@id":"https:\/\/crochetts.com\/de\/#\/schema\/logo\/image\/","url":"https:\/\/i2.wp.com\/crochetts.com\/wp-content\/uploads\/2021\/01\/Logo-Crochetts.jpg?fit=300%2C137&ssl=1","contentUrl":"https:\/\/i2.wp.com\/crochetts.com\/wp-content\/uploads\/2021\/01\/Logo-Crochetts.jpg?fit=300%2C137&ssl=1","width":300,"height":137,"caption":"H\u00e4keln"},"image":{"@id":"https:\/\/crochetts.com\/de\/#\/schema\/logo\/image\/"},"sameAs":["https:\/\/www.facebook.com\/Crochetts-101964178013493","https:\/\/www.instagram.com\/crochetts_\/"]}]},"product_price_amount":"65.00","product_price_currency":"EUR","og_availability":"instock","product_availability":"instock","product_retailer_item_id":"LT-1954","product_condition":"new"},"_links":{"self":[{"href":"https:\/\/crochetts.com\/de\/wp-json\/wp\/v2\/product\/25039","targetHints":{"allow":["GET"]}}],"collection":[{"href":"https:\/\/crochetts.com\/de\/wp-json\/wp\/v2\/product"}],"about":[{"href":"https:\/\/crochetts.com\/de\/wp-json\/wp\/v2\/types\/product"}],"wp:featuredmedia":[{"embeddable":true,"href":"https:\/\/crochetts.com\/de\/wp-json\/wp\/v2\/media\/25049"}],"wp:attachment":[{"href":"https:\/\/crochetts.com\/de\/wp-json\/wp\/v2\/media?parent=25039"}],"wp:term":[{"taxonomy":"product_brand","embeddable":true,"href":"https:\/\/crochetts.com\/de\/wp-json\/wp\/v2\/product_brand?post=25039"},{"taxonomy":"product_cat","embeddable":true,"href":"https:\/\/crochetts.com\/de\/wp-json\/wp\/v2\/product_cat?post=25039"},{"taxonomy":"product_tag","embeddable":true,"href":"https:\/\/crochetts.com\/de\/wp-json\/wp\/v2\/product_tag?post=25039"}],"curies":[{"name":"wp","href":"https:\/\/api.w.org\/{rel}","templated":true}]}}