{"id":25038,"date":"2024-11-12T12:18:29","date_gmt":"2024-11-12T11:18:29","guid":{"rendered":"https:\/\/crochetts.com\/tienda\/hasen-rucksack-und-taschen-set\/"},"modified":"2026-03-17T13:42:56","modified_gmt":"2026-03-17T11:42:56","slug":"hasen-rucksack-und-taschen-set","status":"publish","type":"product","link":"https:\/\/crochetts.com\/de\/tienda\/hasen-rucksack-und-taschen-set\/","title":{"rendered":"HASEN-RUCKSACK UND TASCHEN-SET"},"content":{"rendered":"<div style=\"text-align: justify;\">\n<p style=\"text-align: justify;\">Alle unsere Rucks\u00e4cke wurden <strong>mit Blick auf die Kleinsten entworfen. Unser <\/strong><strong>Rucksack<\/strong> hat einen gro\u00dfen Stauraum, einen Rei\u00dfverschluss und verstellbare Griffe.<\/p>\n<p>Ideal f\u00fcr Kinder ab 2 Jahren und \u00e4lter. F\u00fcr die Schule, den Park, Ausfl\u00fcge oder einfach f\u00fcr Kinder oder f\u00fcr M\u00fctter und V\u00e4ter, um alles, was ein Kind braucht, <strong>\u00fcberall hin<\/strong> mitzunehmen. <\/p>\n<p>Eine gute M\u00f6glichkeit, <strong>die Liebe zu Tieren<\/strong> und zur Natur <strong>zu f\u00f6rdern<\/strong>. Mehr als ein Rucksack zum Transport von Gegenst\u00e4nden, <strong>ein Reisebegleiter<\/strong> f\u00fcr unsere Kinder. <\/p>\n<\/div>\n","protected":false},"excerpt":{"rendered":"<p style=\"text-align: justify;\">Unser Set, bestehend aus einem <b>Rucksack und einer <\/b> <strong>geh\u00e4kelten<\/strong> <b>Hasentasche <\/b>, ist aus <strong>100% nat\u00fcrlicher Baumwolle,<\/strong> hypoallergen, sehr weich im Griff, in <strong>blau<\/strong>. Ein lustiges und niedliches Design in Form eines H\u00e4schens. Wir haben an jedes Detail gedacht, wie zum Beispiel die <strong>kleine Nase<\/strong> und die <strong>handgestickten<\/strong> F\u00fc\u00dfe.  <\/p>\n<p>Der Rucksack ist mit einem verschlie\u00dfbaren Stauraum ausgestattet  <strong>zip<\/strong>Griffe und  <strong>Taille<\/strong> <strong>einstellbar<\/strong>  um ihn bequem zu tragen.<\/p>\n<p>Die Tasche hat einen Stauraum <strong>mit Rei\u00dfverschluss<\/strong> und<strong> zwei Griffe: <\/strong>einen <strong>Schultergurt<\/strong> und einen <strong>verstellbaren Schultergurt<\/strong> f\u00fcr bequemes Tragen.<\/p>\n<p>Das <strong>Set<\/strong> ist das ideale Accessoire f\u00fcr die Kleinen, um ihre wertvollsten Sch\u00e4tze zu tragen.<\/p>\n","protected":false},"featured_media":25040,"template":"","meta":{"_acf_changed":false,"_joinchat":[]},"product_brand":[],"product_cat":[6189,6188,6186,6190],"product_tag":[6194,6267,6246,6193,6249,6192,7663,6191,6247,6269,6196,6264,6195,6265],"class_list":{"0":"post-25038","1":"product","2":"type-product","3":"status-publish","4":"has-post-thumbnail","6":"product_cat-backpacks","7":"product_cat-produkte","8":"product_cat-startseite","9":"product_cat-taschen","10":"product_tag-baumwollrucksack","11":"product_tag-besonderes-geschenk","12":"product_tag-dinosaurier-rucksack","13":"product_tag-gehakelter-rucksack","14":"product_tag-kaninchen-rucksack","15":"product_tag-kinderrucksack","16":"product_tag-rucksack-3","17":"product_tag-rucksack","18":"product_tag-rucksack-baumwolle","19":"product_tag-rucksack-packen","20":"product_tag-schultasche","21":"product_tag-set-aus-rucksack-und-tasche","22":"product_tag-tierischer-rucksack","23":"product_tag-weihnachtsgeschenk","24":"entry","26":"first","27":"instock","28":"taxable","29":"shipping-taxable","30":"purchasable","31":"product-type-simple"},"acf":[],"yoast_head":"<!-- This site is optimized with the Yoast SEO Premium plugin v26.1 (Yoast SEO v27.3) - https:\/\/yoast.com\/product\/yoast-seo-premium-wordpress\/ -->\n<title>Kinderrucksack - HASEN-RUCKSACK UND TASCHEN-SET - % % %<\/title>\n<meta name=\"description\" content=\"Alle unsere Rucks\u00e4cke wurden speziell f\u00fcr die Kleinen entworfen. Ideal f\u00fcr die Schule, den Park, Kinderausfl\u00fcge.\" \/>\n<meta name=\"robots\" content=\"index, follow, max-snippet:-1, max-image-preview:large, max-video-preview:-1\" \/>\n<link rel=\"canonical\" href=\"https:\/\/crochetts.com\/de\/tienda\/hasen-rucksack-und-taschen-set\/\" \/>\n<meta property=\"og:locale\" content=\"de_DE\" \/>\n<meta property=\"og:type\" content=\"article\" \/>\n<meta property=\"og:title\" content=\"HASEN-RUCKSACK UND TASCHEN-SET\" \/>\n<meta property=\"og:description\" content=\"Unser Set, bestehend aus einem Rucksack und einer geh\u00e4kelten Hasentasche , ist aus 100% nat\u00fcrlicher Baumwolle, hypoallergen, sehr weich im Griff, in blau. Ein lustiges und niedliches Design in Form eines H\u00e4schens. Wir haben an jedes Detail gedacht, wie zum Beispiel die kleine Nase und die handgestickten F\u00fc\u00dfe.  Der Rucksack ist mit einem verschlie\u00dfbaren Stauraum ausgestattet zipGriffe und Taille einstellbar um ihn bequem zu tragen. Die Tasche hat einen Stauraum mit Rei\u00dfverschluss und zwei Griffe: einen Schultergurt und einen verstellbaren Schultergurt f\u00fcr bequemes Tragen. Das Set ist das ideale Accessoire f\u00fcr die Kleinen, um ihre wertvollsten Sch\u00e4tze zu tragen.\" \/>\n<meta property=\"og:url\" content=\"https:\/\/crochetts.com\/de\/tienda\/hasen-rucksack-und-taschen-set\/\" \/>\n<meta property=\"og:site_name\" content=\"Crochetts\" \/>\n<meta property=\"article:publisher\" content=\"https:\/\/www.facebook.com\/Crochetts-101964178013493\" \/>\n<meta property=\"article:modified_time\" content=\"2026-03-17T11:42:56+00:00\" \/>\n<meta property=\"og:image\" content=\"https:\/\/crochetts.com\/wp-content\/uploads\/2024\/11\/DSC_2353.jpg\" \/>\n\t<meta property=\"og:image:width\" content=\"798\" \/>\n\t<meta property=\"og:image:height\" content=\"1200\" \/>\n\t<meta property=\"og:image:type\" content=\"image\/jpeg\" \/>\n<meta name=\"twitter:card\" content=\"summary_large_image\" \/>\n<meta name=\"twitter:label1\" content=\"Preis\" \/>\n\t<meta name=\"twitter:data1\" content=\"90,00&nbsp;&euro;\" \/>\n\t<meta name=\"twitter:label2\" content=\"Verf\u00fcgbarkeit\" \/>\n\t<meta name=\"twitter:data2\" content=\"Auf Lager\" \/>\n<script type=\"application\/ld+json\" class=\"yoast-schema-graph\">{\"@context\":\"https:\\\/\\\/schema.org\",\"@graph\":[{\"@type\":\"WebPage\",\"@id\":\"https:\\\/\\\/crochetts.com\\\/de\\\/tienda\\\/hasen-rucksack-und-taschen-set\\\/\",\"url\":\"https:\\\/\\\/crochetts.com\\\/de\\\/tienda\\\/hasen-rucksack-und-taschen-set\\\/\",\"name\":\"Kinderrucksack - HASEN-RUCKSACK UND TASCHEN-SET - % % %\",\"isPartOf\":{\"@id\":\"https:\\\/\\\/crochetts.com\\\/de\\\/#website\"},\"primaryImageOfPage\":{\"@id\":\"https:\\\/\\\/crochetts.com\\\/de\\\/tienda\\\/hasen-rucksack-und-taschen-set\\\/#primaryimage\"},\"image\":{\"@id\":\"https:\\\/\\\/crochetts.com\\\/de\\\/tienda\\\/hasen-rucksack-und-taschen-set\\\/#primaryimage\"},\"thumbnailUrl\":\"https:\\\/\\\/crochetts.com\\\/wp-content\\\/uploads\\\/2024\\\/11\\\/DSC_2353.jpg\",\"datePublished\":\"2024-11-12T11:18:29+00:00\",\"dateModified\":\"2026-03-17T11:42:56+00:00\",\"description\":\"Alle unsere Rucks\u00e4cke wurden speziell f\u00fcr die Kleinen entworfen. Ideal f\u00fcr die Schule, den Park, Kinderausfl\u00fcge.\",\"breadcrumb\":{\"@id\":\"https:\\\/\\\/crochetts.com\\\/de\\\/tienda\\\/hasen-rucksack-und-taschen-set\\\/#breadcrumb\"},\"inLanguage\":\"de\",\"potentialAction\":[{\"@type\":\"ReadAction\",\"target\":[\"https:\\\/\\\/crochetts.com\\\/de\\\/tienda\\\/hasen-rucksack-und-taschen-set\\\/\"]}]},{\"@type\":\"ImageObject\",\"inLanguage\":\"de\",\"@id\":\"https:\\\/\\\/crochetts.com\\\/de\\\/tienda\\\/hasen-rucksack-und-taschen-set\\\/#primaryimage\",\"url\":\"https:\\\/\\\/crochetts.com\\\/wp-content\\\/uploads\\\/2024\\\/11\\\/DSC_2353.jpg\",\"contentUrl\":\"https:\\\/\\\/crochetts.com\\\/wp-content\\\/uploads\\\/2024\\\/11\\\/DSC_2353.jpg\",\"width\":798,\"height\":1200},{\"@type\":\"BreadcrumbList\",\"@id\":\"https:\\\/\\\/crochetts.com\\\/de\\\/tienda\\\/hasen-rucksack-und-taschen-set\\\/#breadcrumb\",\"itemListElement\":[{\"@type\":\"ListItem\",\"position\":1,\"name\":\"Portada\",\"item\":\"https:\\\/\\\/crochetts.com\\\/de\\\/startseite\\\/\"},{\"@type\":\"ListItem\",\"position\":2,\"name\":\"Shop\",\"item\":\"https:\\\/\\\/crochetts.com\\\/de\\\/shop\\\/\"},{\"@type\":\"ListItem\",\"position\":3,\"name\":\"HASEN-RUCKSACK UND TASCHEN-SET\"}]},{\"@type\":\"WebSite\",\"@id\":\"https:\\\/\\\/crochetts.com\\\/de\\\/#website\",\"url\":\"https:\\\/\\\/crochetts.com\\\/de\\\/\",\"name\":\"Crochetts\",\"description\":\"ANIMALES DE CROCHET PARA JUGAR,DECORAR Y SO\u00d1AR\",\"publisher\":{\"@id\":\"https:\\\/\\\/crochetts.com\\\/de\\\/#organization\"},\"potentialAction\":[{\"@type\":\"SearchAction\",\"target\":{\"@type\":\"EntryPoint\",\"urlTemplate\":\"https:\\\/\\\/crochetts.com\\\/de\\\/?s={search_term_string}\"},\"query-input\":{\"@type\":\"PropertyValueSpecification\",\"valueRequired\":true,\"valueName\":\"search_term_string\"}}],\"inLanguage\":\"de\"},{\"@type\":\"Organization\",\"@id\":\"https:\\\/\\\/crochetts.com\\\/de\\\/#organization\",\"name\":\"H\u00e4keln\",\"url\":\"https:\\\/\\\/crochetts.com\\\/de\\\/\",\"logo\":{\"@type\":\"ImageObject\",\"inLanguage\":\"de\",\"@id\":\"https:\\\/\\\/crochetts.com\\\/de\\\/#\\\/schema\\\/logo\\\/image\\\/\",\"url\":\"https:\\\/\\\/i2.wp.com\\\/crochetts.com\\\/wp-content\\\/uploads\\\/2021\\\/01\\\/Logo-Crochetts.jpg?fit=300%2C137&ssl=1\",\"contentUrl\":\"https:\\\/\\\/i2.wp.com\\\/crochetts.com\\\/wp-content\\\/uploads\\\/2021\\\/01\\\/Logo-Crochetts.jpg?fit=300%2C137&ssl=1\",\"width\":300,\"height\":137,\"caption\":\"H\u00e4keln\"},\"image\":{\"@id\":\"https:\\\/\\\/crochetts.com\\\/de\\\/#\\\/schema\\\/logo\\\/image\\\/\"},\"sameAs\":[\"https:\\\/\\\/www.facebook.com\\\/Crochetts-101964178013493\",\"https:\\\/\\\/www.instagram.com\\\/crochetts_\\\/\"]}]}<\/script>\n<meta property=\"product:price:amount\" content=\"90.00\" \/>\n<meta property=\"product:price:currency\" content=\"EUR\" \/>\n<meta property=\"og:availability\" content=\"instock\" \/>\n<meta property=\"product:availability\" content=\"instock\" \/>\n<meta property=\"product:retailer_item_id\" content=\"PACKBOLSOYMOCHILA_LT-1915\" \/>\n<meta property=\"product:condition\" content=\"new\" \/>\n<!-- \/ Yoast SEO Premium plugin. -->","yoast_head_json":{"title":"Kinderrucksack - HASEN-RUCKSACK UND TASCHEN-SET - % % %","description":"Alle unsere Rucks\u00e4cke wurden speziell f\u00fcr die Kleinen entworfen. Ideal f\u00fcr die Schule, den Park, Kinderausfl\u00fcge.","robots":{"index":"index","follow":"follow","max-snippet":"max-snippet:-1","max-image-preview":"max-image-preview:large","max-video-preview":"max-video-preview:-1"},"canonical":"https:\/\/crochetts.com\/de\/tienda\/hasen-rucksack-und-taschen-set\/","og_locale":"de_DE","og_type":"article","og_title":"HASEN-RUCKSACK UND TASCHEN-SET","og_description":"Unser Set, bestehend aus einem Rucksack und einer geh\u00e4kelten Hasentasche , ist aus 100% nat\u00fcrlicher Baumwolle, hypoallergen, sehr weich im Griff, in blau. Ein lustiges und niedliches Design in Form eines H\u00e4schens. Wir haben an jedes Detail gedacht, wie zum Beispiel die kleine Nase und die handgestickten F\u00fc\u00dfe.  Der Rucksack ist mit einem verschlie\u00dfbaren Stauraum ausgestattet zipGriffe und Taille einstellbar um ihn bequem zu tragen. Die Tasche hat einen Stauraum mit Rei\u00dfverschluss und zwei Griffe: einen Schultergurt und einen verstellbaren Schultergurt f\u00fcr bequemes Tragen. Das Set ist das ideale Accessoire f\u00fcr die Kleinen, um ihre wertvollsten Sch\u00e4tze zu tragen.","og_url":"https:\/\/crochetts.com\/de\/tienda\/hasen-rucksack-und-taschen-set\/","og_site_name":"Crochetts","article_publisher":"https:\/\/www.facebook.com\/Crochetts-101964178013493","article_modified_time":"2026-03-17T11:42:56+00:00","og_image":[{"width":798,"height":1200,"url":"https:\/\/crochetts.com\/wp-content\/uploads\/2024\/11\/DSC_2353.jpg","type":"image\/jpeg"}],"twitter_card":"summary_large_image","twitter_misc":{"Preis":"90,00&nbsp;&euro;","Verf\u00fcgbarkeit":"Auf Lager"},"schema":{"@context":"https:\/\/schema.org","@graph":[{"@type":"WebPage","@id":"https:\/\/crochetts.com\/de\/tienda\/hasen-rucksack-und-taschen-set\/","url":"https:\/\/crochetts.com\/de\/tienda\/hasen-rucksack-und-taschen-set\/","name":"Kinderrucksack - HASEN-RUCKSACK UND TASCHEN-SET - % % %","isPartOf":{"@id":"https:\/\/crochetts.com\/de\/#website"},"primaryImageOfPage":{"@id":"https:\/\/crochetts.com\/de\/tienda\/hasen-rucksack-und-taschen-set\/#primaryimage"},"image":{"@id":"https:\/\/crochetts.com\/de\/tienda\/hasen-rucksack-und-taschen-set\/#primaryimage"},"thumbnailUrl":"https:\/\/crochetts.com\/wp-content\/uploads\/2024\/11\/DSC_2353.jpg","datePublished":"2024-11-12T11:18:29+00:00","dateModified":"2026-03-17T11:42:56+00:00","description":"Alle unsere Rucks\u00e4cke wurden speziell f\u00fcr die Kleinen entworfen. Ideal f\u00fcr die Schule, den Park, Kinderausfl\u00fcge.","breadcrumb":{"@id":"https:\/\/crochetts.com\/de\/tienda\/hasen-rucksack-und-taschen-set\/#breadcrumb"},"inLanguage":"de","potentialAction":[{"@type":"ReadAction","target":["https:\/\/crochetts.com\/de\/tienda\/hasen-rucksack-und-taschen-set\/"]}]},{"@type":"ImageObject","inLanguage":"de","@id":"https:\/\/crochetts.com\/de\/tienda\/hasen-rucksack-und-taschen-set\/#primaryimage","url":"https:\/\/crochetts.com\/wp-content\/uploads\/2024\/11\/DSC_2353.jpg","contentUrl":"https:\/\/crochetts.com\/wp-content\/uploads\/2024\/11\/DSC_2353.jpg","width":798,"height":1200},{"@type":"BreadcrumbList","@id":"https:\/\/crochetts.com\/de\/tienda\/hasen-rucksack-und-taschen-set\/#breadcrumb","itemListElement":[{"@type":"ListItem","position":1,"name":"Portada","item":"https:\/\/crochetts.com\/de\/startseite\/"},{"@type":"ListItem","position":2,"name":"Shop","item":"https:\/\/crochetts.com\/de\/shop\/"},{"@type":"ListItem","position":3,"name":"HASEN-RUCKSACK UND TASCHEN-SET"}]},{"@type":"WebSite","@id":"https:\/\/crochetts.com\/de\/#website","url":"https:\/\/crochetts.com\/de\/","name":"Crochetts","description":"ANIMALES DE CROCHET PARA JUGAR,DECORAR Y SO\u00d1AR","publisher":{"@id":"https:\/\/crochetts.com\/de\/#organization"},"potentialAction":[{"@type":"SearchAction","target":{"@type":"EntryPoint","urlTemplate":"https:\/\/crochetts.com\/de\/?s={search_term_string}"},"query-input":{"@type":"PropertyValueSpecification","valueRequired":true,"valueName":"search_term_string"}}],"inLanguage":"de"},{"@type":"Organization","@id":"https:\/\/crochetts.com\/de\/#organization","name":"H\u00e4keln","url":"https:\/\/crochetts.com\/de\/","logo":{"@type":"ImageObject","inLanguage":"de","@id":"https:\/\/crochetts.com\/de\/#\/schema\/logo\/image\/","url":"https:\/\/i2.wp.com\/crochetts.com\/wp-content\/uploads\/2021\/01\/Logo-Crochetts.jpg?fit=300%2C137&ssl=1","contentUrl":"https:\/\/i2.wp.com\/crochetts.com\/wp-content\/uploads\/2021\/01\/Logo-Crochetts.jpg?fit=300%2C137&ssl=1","width":300,"height":137,"caption":"H\u00e4keln"},"image":{"@id":"https:\/\/crochetts.com\/de\/#\/schema\/logo\/image\/"},"sameAs":["https:\/\/www.facebook.com\/Crochetts-101964178013493","https:\/\/www.instagram.com\/crochetts_\/"]}]},"product_price_amount":"90.00","product_price_currency":"EUR","og_availability":"instock","product_availability":"instock","product_retailer_item_id":"PACKBOLSOYMOCHILA_LT-1915","product_condition":"new"},"_links":{"self":[{"href":"https:\/\/crochetts.com\/de\/wp-json\/wp\/v2\/product\/25038","targetHints":{"allow":["GET"]}}],"collection":[{"href":"https:\/\/crochetts.com\/de\/wp-json\/wp\/v2\/product"}],"about":[{"href":"https:\/\/crochetts.com\/de\/wp-json\/wp\/v2\/types\/product"}],"wp:featuredmedia":[{"embeddable":true,"href":"https:\/\/crochetts.com\/de\/wp-json\/wp\/v2\/media\/25040"}],"wp:attachment":[{"href":"https:\/\/crochetts.com\/de\/wp-json\/wp\/v2\/media?parent=25038"}],"wp:term":[{"taxonomy":"product_brand","embeddable":true,"href":"https:\/\/crochetts.com\/de\/wp-json\/wp\/v2\/product_brand?post=25038"},{"taxonomy":"product_cat","embeddable":true,"href":"https:\/\/crochetts.com\/de\/wp-json\/wp\/v2\/product_cat?post=25038"},{"taxonomy":"product_tag","embeddable":true,"href":"https:\/\/crochetts.com\/de\/wp-json\/wp\/v2\/product_tag?post=25038"}],"curies":[{"name":"wp","href":"https:\/\/api.w.org\/{rel}","templated":true}]}}