{"id":24952,"date":"2024-09-27T12:10:35","date_gmt":"2024-09-27T11:10:35","guid":{"rendered":"https:\/\/crochetts.com\/tienda\/ariel-rueckenpack\/"},"modified":"2025-12-30T15:19:57","modified_gmt":"2025-12-30T13:19:57","slug":"ariel-rueckenpack","status":"publish","type":"product","link":"https:\/\/crochetts.com\/de\/tienda\/ariel-rueckenpack\/","title":{"rendered":"ARIEL KINDERRUCKSACK"},"content":{"rendered":"<div style=\"text-align: justify;\"><\/div>\n<p data-start=\"292\" data-end=\"469\"><strong>Crochetts<\/strong> Kinderrucks\u00e4cke vereinen <strong>Funktionalit\u00e4t<\/strong> und einzigartigen <strong>handgefertigten<\/strong> Charme. Sie sind ideal, um die Kleinen auf ihren t\u00e4glichen Abenteuern <strong>zu begleiten<\/strong>, mit einem Hauch von Originalit\u00e4t und handgefertigtem Design in Form von charmanten, lustigen kleinen Tieren.<\/p>\n<p data-start=\"733\" data-end=\"950\">Die Rucks\u00e4cke sind aus<strong> nat\u00fcrlichen Materialien<\/strong> und kuscheligen Texturen gefertigt. Der <strong>gestrickte Stoff<\/strong> f\u00fchlt sich warm und angenehm an und ist perfekt f\u00fcr alle, die Wert auf <strong>Qualit\u00e4t<\/strong> und <strong>Komfort<\/strong> in jedem Detail legen.<\/p>\n<p data-start=\"1118\" data-end=\"1268\"><strong data-start=\"1118\" data-end=\"1150\">Bequeme, verstellbare Schultergurte:<\/strong> F\u00fcr ganzt\u00e4gigen Tragekomfort entworfen, mit einem Design, das<strong> sich leicht<\/strong> an die Schultern von Kindern<strong> anpassen l\u00e4sst<\/strong>. <strong>Leicht und bequem<\/strong> f\u00fcr den t\u00e4glichen Gebrauch.<\/p>\n<p data-start=\"1118\" data-end=\"1268\">Ein<strong data-start=\"1271\" data-end=\"1297\"> vielseitiges Accessoire, <\/strong>ideal f\u00fcr die <strong>Schule<\/strong>, Ausfl\u00fcge oder <strong>Freizeitaktivit\u00e4ten<\/strong>. Diese Rucks\u00e4cke sind ein dekoratives und funktionelles Accessoire, das Ihre Kleinen stilvoll begleiten wird.<\/p>\n<p>Ein guter Weg zu  <strong>F\u00f6rderung der Liebe zu Tieren<\/strong>  und f\u00fcr die Natur. Mehr als ein Rucksack zum Transport von Gegenst\u00e4nden, <strong>ein Reisebegleiter<\/strong> f\u00fcr unsere Kinder. <\/p>\n<p data-start=\"1472\" data-end=\"1605\">Perfekt f\u00fcr diejenigen, die einen Rucksack mit Pers\u00f6nlichkeit und einem handgefertigten Design suchen, das Spa\u00df und Raffinesse in jedem Detail vereint.<\/p>\n<p>&nbsp;<\/p>\n","protected":false},"excerpt":{"rendered":"<p data-start=\"290\" data-end=\"564\">Dieser <strong data-start=\"295\" data-end=\"325\">handgefertigte Kinderrucksack<\/strong> von Crochetts wurde entworfen, um die Kleinen mit <strong>Komfort<\/strong>, <strong>Sicherheit<\/strong> und einem liebenswerten Design im t\u00e4glichen Leben zu begleiten. Er ist aus <strong data-start=\"469\" data-end=\"488\">nat\u00fcrlicher Baumwolle<\/strong> gefertigt, leicht, weich im Griff und perfekt f\u00fcr Jungen und M\u00e4dchen <strong>im Kleinkindalter<\/strong>. <\/p>\n<p data-start=\"566\" data-end=\"835\">Sein exklusives Design mit einem <strong>gestickten Gesicht<\/strong> und gepr\u00e4gten Details macht ihn zu einem<strong> einzigartigen Rucksack<\/strong>, in den Sie sich auf den ersten Blick verlieben werden. Ideal f\u00fcr <strong data-start=\"712\" data-end=\"725\">Kindergarten<\/strong>, <strong data-start=\"730\" data-end=\"738\">Schule<\/strong>, Ausfl\u00fcge oder als Alltagsrucksack, vereint er Funktionalit\u00e4t und \u00c4sthetik in einem einzigen Produkt. <\/p>\n<p data-start=\"837\" data-end=\"1070\">Dank seiner praktischen Gr\u00f6\u00dfe k\u00f6nnen Sie das Wesentliche (Flasche, Snack, Spielzeug oder Kuscheltier) mitnehmen, ohne dass es schwer ist.<\/p>\n<p data-start=\"837\" data-end=\"1070\">Die <strong data-start=\"970\" data-end=\"989\">verstellbaren Griffe<\/strong> passen sich bequem dem R\u00fccken des Kindes an und f\u00f6rdern eine korrekte K\u00f6rperhaltung.<\/p>\n<p data-start=\"837\" data-end=\"1070\">Er ist nicht nur ein Rucksack, sondern eine <strong>emotionale Erg\u00e4nzung<\/strong>, die Kinder bei ihren ersten Schritten begleitet, ihre Selbstst\u00e4ndigkeit f\u00f6rdert und ihrem t\u00e4glichen Aussehen eine s\u00fc\u00dfe und originelle Note verleiht. Er eignet sich auch perfekt als <strong data-start=\"1579\" data-end=\"1598\">Kindergeschenk<\/strong> mit handgefertigtem Wert. <\/p>\n","protected":false},"featured_media":24954,"template":"","meta":{"_acf_changed":false,"_joinchat":[]},"product_brand":[],"product_cat":[6189,6188,6245,6186],"product_tag":[7816,6194,6246,6193,6192,7817,7818,7663,6191,6247,7819,6196,6195],"class_list":{"0":"post-24952","1":"product","2":"type-product","3":"status-publish","4":"has-post-thumbnail","6":"product_cat-backpacks","7":"product_cat-produkte","8":"product_cat-rucksacke","9":"product_cat-startseite","10":"product_tag-babytrage","11":"product_tag-baumwollrucksack","12":"product_tag-dinosaurier-rucksack","13":"product_tag-gehakelter-rucksack","14":"product_tag-kinderrucksack","15":"product_tag-kinderzimmer-rucksack","16":"product_tag-leichter-kinderrucksack","17":"product_tag-rucksack-3","18":"product_tag-rucksack","19":"product_tag-rucksack-baumwolle","20":"product_tag-rucksack-mit-originellem-design","21":"product_tag-schultasche","22":"product_tag-tierischer-rucksack","23":"entry","25":"first","26":"instock","27":"taxable","28":"shipping-taxable","29":"purchasable","30":"product-type-simple"},"acf":[],"yoast_head":"<!-- This site is optimized with the Yoast SEO Premium plugin v26.1 (Yoast SEO v27.3) - https:\/\/yoast.com\/product\/yoast-seo-premium-wordpress\/ -->\n<title>- ARIEL KINDERRUCKSACK -% % %<\/title>\n<meta name=\"description\" content=\"Rucks\u00e4cke aus Baumwolle, die speziell f\u00fcr die Kleinsten entworfen wurden. Ideal f\u00fcr die Schule, den Park, Ausfl\u00fcge oder einfach f\u00fcr Kinder, um alles, was ein Kind braucht, \u00fcberallhin mitzunehmen.\" \/>\n<meta name=\"robots\" content=\"index, follow, max-snippet:-1, max-image-preview:large, max-video-preview:-1\" \/>\n<link rel=\"canonical\" href=\"https:\/\/crochetts.com\/de\/tienda\/ariel-rueckenpack\/\" \/>\n<meta property=\"og:locale\" content=\"de_DE\" \/>\n<meta property=\"og:type\" content=\"article\" \/>\n<meta property=\"og:title\" content=\"ARIEL KINDERRUCKSACK\" \/>\n<meta property=\"og:description\" content=\"Dieser handgefertigte Kinderrucksack von Crochetts wurde entworfen, um die Kleinen mit Komfort, Sicherheit und einem liebenswerten Design im t\u00e4glichen Leben zu begleiten. Er ist aus nat\u00fcrlicher Baumwolle gefertigt, leicht, weich im Griff und perfekt f\u00fcr Jungen und M\u00e4dchen im Kleinkindalter. Sein exklusives Design mit einem gestickten Gesicht und gepr\u00e4gten Details macht ihn zu einem einzigartigen Rucksack, in den Sie sich auf den ersten Blick verlieben werden. Ideal f\u00fcr Kindergarten, Schule, Ausfl\u00fcge oder als Alltagsrucksack, vereint er Funktionalit\u00e4t und \u00c4sthetik in einem einzigen Produkt. Dank seiner praktischen Gr\u00f6\u00dfe k\u00f6nnen Sie das Wesentliche (Flasche, Snack, Spielzeug oder Kuscheltier) mitnehmen, ohne dass es schwer ist. Die verstellbaren Griffe passen sich bequem dem R\u00fccken des Kindes an und f\u00f6rdern eine korrekte K\u00f6rperhaltung. Er ist nicht nur ein Rucksack, sondern eine emotionale Erg\u00e4nzung, die Kinder bei ihren ersten Schritten begleitet, ihre Selbstst\u00e4ndigkeit f\u00f6rdert und ihrem t\u00e4glichen Aussehen eine s\u00fc\u00dfe und originelle Note verleiht. Er eignet sich auch perfekt als Kindergeschenk mit handgefertigtem Wert.\" \/>\n<meta property=\"og:url\" content=\"https:\/\/crochetts.com\/de\/tienda\/ariel-rueckenpack\/\" \/>\n<meta property=\"og:site_name\" content=\"Crochetts\" \/>\n<meta property=\"article:publisher\" content=\"https:\/\/www.facebook.com\/Crochetts-101964178013493\" \/>\n<meta property=\"article:modified_time\" content=\"2025-12-30T13:19:57+00:00\" \/>\n<meta property=\"og:image\" content=\"https:\/\/crochetts.com\/wp-content\/uploads\/2024\/09\/LT-1813-3.jpg\" \/>\n\t<meta property=\"og:image:width\" content=\"798\" \/>\n\t<meta property=\"og:image:height\" content=\"1200\" \/>\n\t<meta property=\"og:image:type\" content=\"image\/jpeg\" \/>\n<meta name=\"twitter:card\" content=\"summary_large_image\" \/>\n<meta name=\"twitter:label1\" content=\"Preis\" \/>\n\t<meta name=\"twitter:data1\" content=\"59,99&nbsp;&euro;\" \/>\n\t<meta name=\"twitter:label2\" content=\"Verf\u00fcgbarkeit\" \/>\n\t<meta name=\"twitter:data2\" content=\"Auf Lager\" \/>\n<script type=\"application\/ld+json\" class=\"yoast-schema-graph\">{\"@context\":\"https:\\\/\\\/schema.org\",\"@graph\":[{\"@type\":\"WebPage\",\"@id\":\"https:\\\/\\\/crochetts.com\\\/de\\\/tienda\\\/ariel-rueckenpack\\\/\",\"url\":\"https:\\\/\\\/crochetts.com\\\/de\\\/tienda\\\/ariel-rueckenpack\\\/\",\"name\":\"- ARIEL KINDERRUCKSACK -% % %\",\"isPartOf\":{\"@id\":\"https:\\\/\\\/crochetts.com\\\/de\\\/#website\"},\"primaryImageOfPage\":{\"@id\":\"https:\\\/\\\/crochetts.com\\\/de\\\/tienda\\\/ariel-rueckenpack\\\/#primaryimage\"},\"image\":{\"@id\":\"https:\\\/\\\/crochetts.com\\\/de\\\/tienda\\\/ariel-rueckenpack\\\/#primaryimage\"},\"thumbnailUrl\":\"https:\\\/\\\/crochetts.com\\\/wp-content\\\/uploads\\\/2024\\\/09\\\/LT-1813-3.jpg\",\"datePublished\":\"2024-09-27T11:10:35+00:00\",\"dateModified\":\"2025-12-30T13:19:57+00:00\",\"description\":\"Rucks\u00e4cke aus Baumwolle, die speziell f\u00fcr die Kleinsten entworfen wurden. Ideal f\u00fcr die Schule, den Park, Ausfl\u00fcge oder einfach f\u00fcr Kinder, um alles, was ein Kind braucht, \u00fcberallhin mitzunehmen.\",\"breadcrumb\":{\"@id\":\"https:\\\/\\\/crochetts.com\\\/de\\\/tienda\\\/ariel-rueckenpack\\\/#breadcrumb\"},\"inLanguage\":\"de\",\"potentialAction\":[{\"@type\":\"ReadAction\",\"target\":[\"https:\\\/\\\/crochetts.com\\\/de\\\/tienda\\\/ariel-rueckenpack\\\/\"]}]},{\"@type\":\"ImageObject\",\"inLanguage\":\"de\",\"@id\":\"https:\\\/\\\/crochetts.com\\\/de\\\/tienda\\\/ariel-rueckenpack\\\/#primaryimage\",\"url\":\"https:\\\/\\\/crochetts.com\\\/wp-content\\\/uploads\\\/2024\\\/09\\\/LT-1813-3.jpg\",\"contentUrl\":\"https:\\\/\\\/crochetts.com\\\/wp-content\\\/uploads\\\/2024\\\/09\\\/LT-1813-3.jpg\",\"width\":798,\"height\":1200,\"caption\":\"H\u00e4kelrucksack\"},{\"@type\":\"BreadcrumbList\",\"@id\":\"https:\\\/\\\/crochetts.com\\\/de\\\/tienda\\\/ariel-rueckenpack\\\/#breadcrumb\",\"itemListElement\":[{\"@type\":\"ListItem\",\"position\":1,\"name\":\"Portada\",\"item\":\"https:\\\/\\\/crochetts.com\\\/de\\\/startseite\\\/\"},{\"@type\":\"ListItem\",\"position\":2,\"name\":\"Shop\",\"item\":\"https:\\\/\\\/crochetts.com\\\/de\\\/shop\\\/\"},{\"@type\":\"ListItem\",\"position\":3,\"name\":\"ARIEL KINDERRUCKSACK\"}]},{\"@type\":\"WebSite\",\"@id\":\"https:\\\/\\\/crochetts.com\\\/de\\\/#website\",\"url\":\"https:\\\/\\\/crochetts.com\\\/de\\\/\",\"name\":\"Crochetts\",\"description\":\"ANIMALES DE CROCHET PARA JUGAR,DECORAR Y SO\u00d1AR\",\"publisher\":{\"@id\":\"https:\\\/\\\/crochetts.com\\\/de\\\/#organization\"},\"potentialAction\":[{\"@type\":\"SearchAction\",\"target\":{\"@type\":\"EntryPoint\",\"urlTemplate\":\"https:\\\/\\\/crochetts.com\\\/de\\\/?s={search_term_string}\"},\"query-input\":{\"@type\":\"PropertyValueSpecification\",\"valueRequired\":true,\"valueName\":\"search_term_string\"}}],\"inLanguage\":\"de\"},{\"@type\":\"Organization\",\"@id\":\"https:\\\/\\\/crochetts.com\\\/de\\\/#organization\",\"name\":\"H\u00e4keln\",\"url\":\"https:\\\/\\\/crochetts.com\\\/de\\\/\",\"logo\":{\"@type\":\"ImageObject\",\"inLanguage\":\"de\",\"@id\":\"https:\\\/\\\/crochetts.com\\\/de\\\/#\\\/schema\\\/logo\\\/image\\\/\",\"url\":\"https:\\\/\\\/i2.wp.com\\\/crochetts.com\\\/wp-content\\\/uploads\\\/2021\\\/01\\\/Logo-Crochetts.jpg?fit=300%2C137&ssl=1\",\"contentUrl\":\"https:\\\/\\\/i2.wp.com\\\/crochetts.com\\\/wp-content\\\/uploads\\\/2021\\\/01\\\/Logo-Crochetts.jpg?fit=300%2C137&ssl=1\",\"width\":300,\"height\":137,\"caption\":\"H\u00e4keln\"},\"image\":{\"@id\":\"https:\\\/\\\/crochetts.com\\\/de\\\/#\\\/schema\\\/logo\\\/image\\\/\"},\"sameAs\":[\"https:\\\/\\\/www.facebook.com\\\/Crochetts-101964178013493\",\"https:\\\/\\\/www.instagram.com\\\/crochetts_\\\/\"]}]}<\/script>\n<meta property=\"product:price:amount\" content=\"59.99\" \/>\n<meta property=\"product:price:currency\" content=\"EUR\" \/>\n<meta property=\"og:availability\" content=\"instock\" \/>\n<meta property=\"product:availability\" content=\"instock\" \/>\n<meta property=\"product:retailer_item_id\" content=\"LT-1813\" \/>\n<meta property=\"product:condition\" content=\"new\" \/>\n<!-- \/ Yoast SEO Premium plugin. -->","yoast_head_json":{"title":"- ARIEL KINDERRUCKSACK -% % %","description":"Rucks\u00e4cke aus Baumwolle, die speziell f\u00fcr die Kleinsten entworfen wurden. Ideal f\u00fcr die Schule, den Park, Ausfl\u00fcge oder einfach f\u00fcr Kinder, um alles, was ein Kind braucht, \u00fcberallhin mitzunehmen.","robots":{"index":"index","follow":"follow","max-snippet":"max-snippet:-1","max-image-preview":"max-image-preview:large","max-video-preview":"max-video-preview:-1"},"canonical":"https:\/\/crochetts.com\/de\/tienda\/ariel-rueckenpack\/","og_locale":"de_DE","og_type":"article","og_title":"ARIEL KINDERRUCKSACK","og_description":"Dieser handgefertigte Kinderrucksack von Crochetts wurde entworfen, um die Kleinen mit Komfort, Sicherheit und einem liebenswerten Design im t\u00e4glichen Leben zu begleiten. Er ist aus nat\u00fcrlicher Baumwolle gefertigt, leicht, weich im Griff und perfekt f\u00fcr Jungen und M\u00e4dchen im Kleinkindalter. Sein exklusives Design mit einem gestickten Gesicht und gepr\u00e4gten Details macht ihn zu einem einzigartigen Rucksack, in den Sie sich auf den ersten Blick verlieben werden. Ideal f\u00fcr Kindergarten, Schule, Ausfl\u00fcge oder als Alltagsrucksack, vereint er Funktionalit\u00e4t und \u00c4sthetik in einem einzigen Produkt. Dank seiner praktischen Gr\u00f6\u00dfe k\u00f6nnen Sie das Wesentliche (Flasche, Snack, Spielzeug oder Kuscheltier) mitnehmen, ohne dass es schwer ist. Die verstellbaren Griffe passen sich bequem dem R\u00fccken des Kindes an und f\u00f6rdern eine korrekte K\u00f6rperhaltung. Er ist nicht nur ein Rucksack, sondern eine emotionale Erg\u00e4nzung, die Kinder bei ihren ersten Schritten begleitet, ihre Selbstst\u00e4ndigkeit f\u00f6rdert und ihrem t\u00e4glichen Aussehen eine s\u00fc\u00dfe und originelle Note verleiht. Er eignet sich auch perfekt als Kindergeschenk mit handgefertigtem Wert.","og_url":"https:\/\/crochetts.com\/de\/tienda\/ariel-rueckenpack\/","og_site_name":"Crochetts","article_publisher":"https:\/\/www.facebook.com\/Crochetts-101964178013493","article_modified_time":"2025-12-30T13:19:57+00:00","og_image":[{"width":798,"height":1200,"url":"https:\/\/crochetts.com\/wp-content\/uploads\/2024\/09\/LT-1813-3.jpg","type":"image\/jpeg"}],"twitter_card":"summary_large_image","twitter_misc":{"Preis":"59,99&nbsp;&euro;","Verf\u00fcgbarkeit":"Auf Lager"},"schema":{"@context":"https:\/\/schema.org","@graph":[{"@type":"WebPage","@id":"https:\/\/crochetts.com\/de\/tienda\/ariel-rueckenpack\/","url":"https:\/\/crochetts.com\/de\/tienda\/ariel-rueckenpack\/","name":"- ARIEL KINDERRUCKSACK -% % %","isPartOf":{"@id":"https:\/\/crochetts.com\/de\/#website"},"primaryImageOfPage":{"@id":"https:\/\/crochetts.com\/de\/tienda\/ariel-rueckenpack\/#primaryimage"},"image":{"@id":"https:\/\/crochetts.com\/de\/tienda\/ariel-rueckenpack\/#primaryimage"},"thumbnailUrl":"https:\/\/crochetts.com\/wp-content\/uploads\/2024\/09\/LT-1813-3.jpg","datePublished":"2024-09-27T11:10:35+00:00","dateModified":"2025-12-30T13:19:57+00:00","description":"Rucks\u00e4cke aus Baumwolle, die speziell f\u00fcr die Kleinsten entworfen wurden. Ideal f\u00fcr die Schule, den Park, Ausfl\u00fcge oder einfach f\u00fcr Kinder, um alles, was ein Kind braucht, \u00fcberallhin mitzunehmen.","breadcrumb":{"@id":"https:\/\/crochetts.com\/de\/tienda\/ariel-rueckenpack\/#breadcrumb"},"inLanguage":"de","potentialAction":[{"@type":"ReadAction","target":["https:\/\/crochetts.com\/de\/tienda\/ariel-rueckenpack\/"]}]},{"@type":"ImageObject","inLanguage":"de","@id":"https:\/\/crochetts.com\/de\/tienda\/ariel-rueckenpack\/#primaryimage","url":"https:\/\/crochetts.com\/wp-content\/uploads\/2024\/09\/LT-1813-3.jpg","contentUrl":"https:\/\/crochetts.com\/wp-content\/uploads\/2024\/09\/LT-1813-3.jpg","width":798,"height":1200,"caption":"H\u00e4kelrucksack"},{"@type":"BreadcrumbList","@id":"https:\/\/crochetts.com\/de\/tienda\/ariel-rueckenpack\/#breadcrumb","itemListElement":[{"@type":"ListItem","position":1,"name":"Portada","item":"https:\/\/crochetts.com\/de\/startseite\/"},{"@type":"ListItem","position":2,"name":"Shop","item":"https:\/\/crochetts.com\/de\/shop\/"},{"@type":"ListItem","position":3,"name":"ARIEL KINDERRUCKSACK"}]},{"@type":"WebSite","@id":"https:\/\/crochetts.com\/de\/#website","url":"https:\/\/crochetts.com\/de\/","name":"Crochetts","description":"ANIMALES DE CROCHET PARA JUGAR,DECORAR Y SO\u00d1AR","publisher":{"@id":"https:\/\/crochetts.com\/de\/#organization"},"potentialAction":[{"@type":"SearchAction","target":{"@type":"EntryPoint","urlTemplate":"https:\/\/crochetts.com\/de\/?s={search_term_string}"},"query-input":{"@type":"PropertyValueSpecification","valueRequired":true,"valueName":"search_term_string"}}],"inLanguage":"de"},{"@type":"Organization","@id":"https:\/\/crochetts.com\/de\/#organization","name":"H\u00e4keln","url":"https:\/\/crochetts.com\/de\/","logo":{"@type":"ImageObject","inLanguage":"de","@id":"https:\/\/crochetts.com\/de\/#\/schema\/logo\/image\/","url":"https:\/\/i2.wp.com\/crochetts.com\/wp-content\/uploads\/2021\/01\/Logo-Crochetts.jpg?fit=300%2C137&ssl=1","contentUrl":"https:\/\/i2.wp.com\/crochetts.com\/wp-content\/uploads\/2021\/01\/Logo-Crochetts.jpg?fit=300%2C137&ssl=1","width":300,"height":137,"caption":"H\u00e4keln"},"image":{"@id":"https:\/\/crochetts.com\/de\/#\/schema\/logo\/image\/"},"sameAs":["https:\/\/www.facebook.com\/Crochetts-101964178013493","https:\/\/www.instagram.com\/crochetts_\/"]}]},"product_price_amount":"59.99","product_price_currency":"EUR","og_availability":"instock","product_availability":"instock","product_retailer_item_id":"LT-1813","product_condition":"new"},"_links":{"self":[{"href":"https:\/\/crochetts.com\/de\/wp-json\/wp\/v2\/product\/24952","targetHints":{"allow":["GET"]}}],"collection":[{"href":"https:\/\/crochetts.com\/de\/wp-json\/wp\/v2\/product"}],"about":[{"href":"https:\/\/crochetts.com\/de\/wp-json\/wp\/v2\/types\/product"}],"wp:featuredmedia":[{"embeddable":true,"href":"https:\/\/crochetts.com\/de\/wp-json\/wp\/v2\/media\/24954"}],"wp:attachment":[{"href":"https:\/\/crochetts.com\/de\/wp-json\/wp\/v2\/media?parent=24952"}],"wp:term":[{"taxonomy":"product_brand","embeddable":true,"href":"https:\/\/crochetts.com\/de\/wp-json\/wp\/v2\/product_brand?post=24952"},{"taxonomy":"product_cat","embeddable":true,"href":"https:\/\/crochetts.com\/de\/wp-json\/wp\/v2\/product_cat?post=24952"},{"taxonomy":"product_tag","embeddable":true,"href":"https:\/\/crochetts.com\/de\/wp-json\/wp\/v2\/product_tag?post=24952"}],"curies":[{"name":"wp","href":"https:\/\/api.w.org\/{rel}","templated":true}]}}