{"id":28726,"date":"2025-12-19T09:55:55","date_gmt":"2025-12-19T07:55:55","guid":{"rendered":"https:\/\/crochetts.com\/dankeschoen\/"},"modified":"2026-02-02T13:09:45","modified_gmt":"2026-02-02T11:09:45","slug":"dankeschoen","status":"publish","type":"page","link":"https:\/\/crochetts.com\/de\/dankeschoen\/","title":{"rendered":"DANKESCH\u00d6N"},"content":{"rendered":"\t\t<div data-elementor-type=\"wp-page\" data-elementor-id=\"28726\" class=\"elementor elementor-28726 elementor-28723\" data-elementor-post-type=\"page\">\n\t\t\t\t<div class=\"elementor-element elementor-element-8b53a94 e-flex e-con-boxed e-con e-parent\" data-id=\"8b53a94\" data-element_type=\"container\" data-settings=\"{&quot;background_background&quot;:&quot;classic&quot;}\">\n\t\t\t\t\t<div class=\"e-con-inner\">\n\t\t\t\t<div class=\"elementor-element elementor-element-5783aa3 elementor-widget elementor-widget-heading\" data-id=\"5783aa3\" data-element_type=\"widget\" data-widget_type=\"heading.default\">\n\t\t\t\t\t<h2 class=\"elementor-heading-title elementor-size-default\">\nVIELEN DANK F\u00dcR IHRE BESTELLUNG<\/h2>\t\t\t\t<\/div>\n\t\t\t\t\t<\/div>\n\t\t\t\t<\/div>\n\t\t<div class=\"elementor-element elementor-element-29b071a e-flex e-con-boxed e-con e-parent\" data-id=\"29b071a\" data-element_type=\"container\">\n\t\t\t\t\t<div class=\"e-con-inner\">\n\t\t\t\t<div class=\"elementor-element elementor-element-23e7d6c elementor-widget elementor-widget-text-editor\" data-id=\"23e7d6c\" data-element_type=\"widget\" data-widget_type=\"text-editor.default\">\n\t\t\t\t\t\t\t\t\t<p><strong>Vielen Dank f\u00fcr Ihr Vertrauen in uns!<\/strong><br>Wir machen Freudenspr\u00fcnge, denn Ihre Bestellung ist bereits auf dem Weg in unseren Vorbereitungsbereich. Wir sind begeistert, dass Sie CROCHETTS als Teil Ihres Tages ausgew\u00e4hlt haben.<br>- <strong>Wie geht es weiter?<\/strong> Wenn Sie sich f\u00fcr Bizum oder Bank\u00fcberweisung entschieden haben, werden wir Sie informieren, sobald wir Ihre Zahlung erhalten haben und sobald Ihr Paket das Lager verl\u00e4sst.<br>- <strong>Haben Sie Fragen?<\/strong> Wir sind hier, um Ihnen zu helfen. Schreiben Sie uns per WhatsApp oder antworten Sie auf diese E-Mail.  <br>Wir w\u00fcnschen Ihnen viel Spa\u00df damit!<\/p>\t\t\t\t\t\t\t\t<\/div>\n\t\t\t\t\t<\/div>\n\t\t\t\t<\/div>\n\t\t<div class=\"elementor-element elementor-element-012ac5a e-flex e-con-boxed e-con e-parent\" data-id=\"012ac5a\" data-element_type=\"container\">\n\t\t\t\t\t<div class=\"e-con-inner\">\n\t\t\t\t<div class=\"elementor-element elementor-element-768ebd7 elementor-widget elementor-widget-image\" data-id=\"768ebd7\" data-element_type=\"widget\" data-widget_type=\"image.default\">\n\t\t\t\t\t\t\t\t\t\t\t\t\t\t\t<img fetchpriority=\"high\" decoding=\"async\" width=\"1080\" height=\"1350\" src=\"https:\/\/crochetts.com\/wp-content\/uploads\/2026\/01\/281-1.jpg\" class=\"attachment-full size-full wp-image-29445\" alt=\"Detail des Nashorn-Pl\u00fcschstoffs\" srcset=\"https:\/\/crochetts.com\/wp-content\/uploads\/2026\/01\/281-1.jpg 1080w, https:\/\/crochetts.com\/wp-content\/uploads\/2026\/01\/281-1-240x300.jpg 240w, https:\/\/crochetts.com\/wp-content\/uploads\/2026\/01\/281-1-819x1024.jpg 819w, https:\/\/crochetts.com\/wp-content\/uploads\/2026\/01\/281-1-768x960.jpg 768w, https:\/\/crochetts.com\/wp-content\/uploads\/2026\/01\/281-1-300x375.jpg 300w, https:\/\/crochetts.com\/wp-content\/uploads\/2026\/01\/281-1-450x563.jpg 450w, https:\/\/crochetts.com\/wp-content\/uploads\/2026\/01\/281-1-64x80.jpg 64w\" sizes=\"(max-width: 1080px) 100vw, 1080px\" \/>\t\t\t\t\t\t\t\t\t\t\t\t\t\t\t<\/div>\n\t\t\t\t\t<\/div>\n\t\t\t\t<\/div>\n\t\t\t\t<\/div>\n\t\t","protected":false},"excerpt":{"rendered":"<p>VIELEN DANK F\u00dcR IHRE BESTELLUNG Vielen Dank f\u00fcr Ihr Vertrauen in uns!Wir machen Freudenspr\u00fcnge, denn Ihre Bestellung ist bereits auf dem Weg in unseren Vorbereitungsbereich. Wir sind begeistert, dass Sie CROCHETTS als Teil Ihres Tages ausgew\u00e4hlt haben.- Wie geht es weiter? Wenn Sie sich f\u00fcr Bizum oder Bank\u00fcberweisung entschieden haben, werden wir Sie informieren, sobald &hellip; <\/p>\n<p class=\"link-more\"><a href=\"https:\/\/crochetts.com\/de\/dankeschoen\/\" class=\"more-link\"><span class=\"screen-reader-text\">\u201eDANKESCH\u00d6N\u201c <\/span>weiterlesen<\/a><\/p>\n","protected":false},"author":1,"featured_media":0,"parent":0,"menu_order":0,"comment_status":"closed","ping_status":"closed","template":"elementor_header_footer","meta":{"_acf_changed":false,"_joinchat":[],"footnotes":""},"class_list":["post-28726","page","type-page","status-publish","hentry","entry"],"acf":[],"yoast_head":"<!-- This site is optimized with the Yoast SEO Premium plugin v26.1 (Yoast SEO v27.3) - https:\/\/yoast.com\/product\/yoast-seo-premium-wordpress\/ -->\n<title>DANKESCH\u00d6N - Crochetts<\/title>\n<meta name=\"robots\" content=\"index, follow, max-snippet:-1, max-image-preview:large, max-video-preview:-1\" \/>\n<link rel=\"canonical\" href=\"https:\/\/crochetts.com\/de\/dankeschoen\/\" \/>\n<meta property=\"og:locale\" content=\"de_DE\" \/>\n<meta property=\"og:type\" content=\"article\" \/>\n<meta property=\"og:title\" content=\"DANKESCH\u00d6N\" \/>\n<meta property=\"og:description\" content=\"VIELEN DANK F\u00dcR IHRE BESTELLUNG Vielen Dank f\u00fcr Ihr Vertrauen in uns!Wir machen Freudenspr\u00fcnge, denn Ihre Bestellung ist bereits auf dem Weg in unseren\" \/>\n<meta property=\"og:url\" content=\"https:\/\/crochetts.com\/de\/dankeschoen\/\" \/>\n<meta property=\"og:site_name\" content=\"Crochetts\" \/>\n<meta property=\"article:publisher\" content=\"https:\/\/www.facebook.com\/Crochetts-101964178013493\" \/>\n<meta property=\"article:modified_time\" content=\"2026-02-02T11:09:45+00:00\" \/>\n<meta property=\"og:image\" content=\"https:\/\/crochetts.com\/wp-content\/uploads\/2026\/01\/281-1.jpg\" \/>\n\t<meta property=\"og:image:width\" content=\"1080\" \/>\n\t<meta property=\"og:image:height\" content=\"1350\" \/>\n\t<meta property=\"og:image:type\" content=\"image\/jpeg\" \/>\n<meta name=\"twitter:card\" content=\"summary_large_image\" \/>\n<meta name=\"twitter:label1\" content=\"Gesch\u00e4tzte Lesezeit\" \/>\n\t<meta name=\"twitter:data1\" content=\"1\u00a0Minute\" \/>\n<script type=\"application\/ld+json\" class=\"yoast-schema-graph\">{\"@context\":\"https:\\\/\\\/schema.org\",\"@graph\":[{\"@type\":\"WebPage\",\"@id\":\"https:\\\/\\\/crochetts.com\\\/de\\\/dankeschoen\\\/\",\"url\":\"https:\\\/\\\/crochetts.com\\\/de\\\/dankeschoen\\\/\",\"name\":\"DANKESCH\u00d6N - Crochetts\",\"isPartOf\":{\"@id\":\"https:\\\/\\\/crochetts.com\\\/de\\\/#website\"},\"primaryImageOfPage\":{\"@id\":\"https:\\\/\\\/crochetts.com\\\/de\\\/dankeschoen\\\/#primaryimage\"},\"image\":{\"@id\":\"https:\\\/\\\/crochetts.com\\\/de\\\/dankeschoen\\\/#primaryimage\"},\"thumbnailUrl\":\"https:\\\/\\\/crochetts.com\\\/wp-content\\\/uploads\\\/2026\\\/01\\\/281-1.jpg\",\"datePublished\":\"2025-12-19T07:55:55+00:00\",\"dateModified\":\"2026-02-02T11:09:45+00:00\",\"breadcrumb\":{\"@id\":\"https:\\\/\\\/crochetts.com\\\/de\\\/dankeschoen\\\/#breadcrumb\"},\"inLanguage\":\"de\",\"potentialAction\":[{\"@type\":\"ReadAction\",\"target\":[\"https:\\\/\\\/crochetts.com\\\/de\\\/dankeschoen\\\/\"]}]},{\"@type\":\"ImageObject\",\"inLanguage\":\"de\",\"@id\":\"https:\\\/\\\/crochetts.com\\\/de\\\/dankeschoen\\\/#primaryimage\",\"url\":\"https:\\\/\\\/crochetts.com\\\/wp-content\\\/uploads\\\/2026\\\/01\\\/281-1.jpg\",\"contentUrl\":\"https:\\\/\\\/crochetts.com\\\/wp-content\\\/uploads\\\/2026\\\/01\\\/281-1.jpg\"},{\"@type\":\"BreadcrumbList\",\"@id\":\"https:\\\/\\\/crochetts.com\\\/de\\\/dankeschoen\\\/#breadcrumb\",\"itemListElement\":[{\"@type\":\"ListItem\",\"position\":1,\"name\":\"Portada\",\"item\":\"https:\\\/\\\/crochetts.com\\\/de\\\/startseite\\\/\"},{\"@type\":\"ListItem\",\"position\":2,\"name\":\"DANKESCH\u00d6N\"}]},{\"@type\":\"WebSite\",\"@id\":\"https:\\\/\\\/crochetts.com\\\/de\\\/#website\",\"url\":\"https:\\\/\\\/crochetts.com\\\/de\\\/\",\"name\":\"Crochetts\",\"description\":\"ANIMALES DE CROCHET PARA JUGAR,DECORAR Y SO\u00d1AR\",\"publisher\":{\"@id\":\"https:\\\/\\\/crochetts.com\\\/de\\\/#organization\"},\"potentialAction\":[{\"@type\":\"SearchAction\",\"target\":{\"@type\":\"EntryPoint\",\"urlTemplate\":\"https:\\\/\\\/crochetts.com\\\/de\\\/?s={search_term_string}\"},\"query-input\":{\"@type\":\"PropertyValueSpecification\",\"valueRequired\":true,\"valueName\":\"search_term_string\"}}],\"inLanguage\":\"de\"},{\"@type\":\"Organization\",\"@id\":\"https:\\\/\\\/crochetts.com\\\/de\\\/#organization\",\"name\":\"H\u00e4keln\",\"url\":\"https:\\\/\\\/crochetts.com\\\/de\\\/\",\"logo\":{\"@type\":\"ImageObject\",\"inLanguage\":\"de\",\"@id\":\"https:\\\/\\\/crochetts.com\\\/de\\\/#\\\/schema\\\/logo\\\/image\\\/\",\"url\":\"https:\\\/\\\/i2.wp.com\\\/crochetts.com\\\/wp-content\\\/uploads\\\/2021\\\/01\\\/Logo-Crochetts.jpg?fit=300%2C137&ssl=1\",\"contentUrl\":\"https:\\\/\\\/i2.wp.com\\\/crochetts.com\\\/wp-content\\\/uploads\\\/2021\\\/01\\\/Logo-Crochetts.jpg?fit=300%2C137&ssl=1\",\"width\":300,\"height\":137,\"caption\":\"H\u00e4keln\"},\"image\":{\"@id\":\"https:\\\/\\\/crochetts.com\\\/de\\\/#\\\/schema\\\/logo\\\/image\\\/\"},\"sameAs\":[\"https:\\\/\\\/www.facebook.com\\\/Crochetts-101964178013493\",\"https:\\\/\\\/www.instagram.com\\\/crochetts_\\\/\"]}]}<\/script>\n<!-- \/ Yoast SEO Premium plugin. -->","yoast_head_json":{"title":"DANKESCH\u00d6N - Crochetts","robots":{"index":"index","follow":"follow","max-snippet":"max-snippet:-1","max-image-preview":"max-image-preview:large","max-video-preview":"max-video-preview:-1"},"canonical":"https:\/\/crochetts.com\/de\/dankeschoen\/","og_locale":"de_DE","og_type":"article","og_title":"DANKESCH\u00d6N","og_description":"VIELEN DANK F\u00dcR IHRE BESTELLUNG Vielen Dank f\u00fcr Ihr Vertrauen in uns!Wir machen Freudenspr\u00fcnge, denn Ihre Bestellung ist bereits auf dem Weg in unseren","og_url":"https:\/\/crochetts.com\/de\/dankeschoen\/","og_site_name":"Crochetts","article_publisher":"https:\/\/www.facebook.com\/Crochetts-101964178013493","article_modified_time":"2026-02-02T11:09:45+00:00","og_image":[{"width":1080,"height":1350,"url":"https:\/\/crochetts.com\/wp-content\/uploads\/2026\/01\/281-1.jpg","type":"image\/jpeg"}],"twitter_card":"summary_large_image","twitter_misc":{"Gesch\u00e4tzte Lesezeit":"1\u00a0Minute"},"schema":{"@context":"https:\/\/schema.org","@graph":[{"@type":"WebPage","@id":"https:\/\/crochetts.com\/de\/dankeschoen\/","url":"https:\/\/crochetts.com\/de\/dankeschoen\/","name":"DANKESCH\u00d6N - Crochetts","isPartOf":{"@id":"https:\/\/crochetts.com\/de\/#website"},"primaryImageOfPage":{"@id":"https:\/\/crochetts.com\/de\/dankeschoen\/#primaryimage"},"image":{"@id":"https:\/\/crochetts.com\/de\/dankeschoen\/#primaryimage"},"thumbnailUrl":"https:\/\/crochetts.com\/wp-content\/uploads\/2026\/01\/281-1.jpg","datePublished":"2025-12-19T07:55:55+00:00","dateModified":"2026-02-02T11:09:45+00:00","breadcrumb":{"@id":"https:\/\/crochetts.com\/de\/dankeschoen\/#breadcrumb"},"inLanguage":"de","potentialAction":[{"@type":"ReadAction","target":["https:\/\/crochetts.com\/de\/dankeschoen\/"]}]},{"@type":"ImageObject","inLanguage":"de","@id":"https:\/\/crochetts.com\/de\/dankeschoen\/#primaryimage","url":"https:\/\/crochetts.com\/wp-content\/uploads\/2026\/01\/281-1.jpg","contentUrl":"https:\/\/crochetts.com\/wp-content\/uploads\/2026\/01\/281-1.jpg"},{"@type":"BreadcrumbList","@id":"https:\/\/crochetts.com\/de\/dankeschoen\/#breadcrumb","itemListElement":[{"@type":"ListItem","position":1,"name":"Portada","item":"https:\/\/crochetts.com\/de\/startseite\/"},{"@type":"ListItem","position":2,"name":"DANKESCH\u00d6N"}]},{"@type":"WebSite","@id":"https:\/\/crochetts.com\/de\/#website","url":"https:\/\/crochetts.com\/de\/","name":"Crochetts","description":"ANIMALES DE CROCHET PARA JUGAR,DECORAR Y SO\u00d1AR","publisher":{"@id":"https:\/\/crochetts.com\/de\/#organization"},"potentialAction":[{"@type":"SearchAction","target":{"@type":"EntryPoint","urlTemplate":"https:\/\/crochetts.com\/de\/?s={search_term_string}"},"query-input":{"@type":"PropertyValueSpecification","valueRequired":true,"valueName":"search_term_string"}}],"inLanguage":"de"},{"@type":"Organization","@id":"https:\/\/crochetts.com\/de\/#organization","name":"H\u00e4keln","url":"https:\/\/crochetts.com\/de\/","logo":{"@type":"ImageObject","inLanguage":"de","@id":"https:\/\/crochetts.com\/de\/#\/schema\/logo\/image\/","url":"https:\/\/i2.wp.com\/crochetts.com\/wp-content\/uploads\/2021\/01\/Logo-Crochetts.jpg?fit=300%2C137&ssl=1","contentUrl":"https:\/\/i2.wp.com\/crochetts.com\/wp-content\/uploads\/2021\/01\/Logo-Crochetts.jpg?fit=300%2C137&ssl=1","width":300,"height":137,"caption":"H\u00e4keln"},"image":{"@id":"https:\/\/crochetts.com\/de\/#\/schema\/logo\/image\/"},"sameAs":["https:\/\/www.facebook.com\/Crochetts-101964178013493","https:\/\/www.instagram.com\/crochetts_\/"]}]}},"_links":{"self":[{"href":"https:\/\/crochetts.com\/de\/wp-json\/wp\/v2\/pages\/28726","targetHints":{"allow":["GET"]}}],"collection":[{"href":"https:\/\/crochetts.com\/de\/wp-json\/wp\/v2\/pages"}],"about":[{"href":"https:\/\/crochetts.com\/de\/wp-json\/wp\/v2\/types\/page"}],"author":[{"embeddable":true,"href":"https:\/\/crochetts.com\/de\/wp-json\/wp\/v2\/users\/1"}],"replies":[{"embeddable":true,"href":"https:\/\/crochetts.com\/de\/wp-json\/wp\/v2\/comments?post=28726"}],"version-history":[{"count":4,"href":"https:\/\/crochetts.com\/de\/wp-json\/wp\/v2\/pages\/28726\/revisions"}],"predecessor-version":[{"id":29638,"href":"https:\/\/crochetts.com\/de\/wp-json\/wp\/v2\/pages\/28726\/revisions\/29638"}],"wp:attachment":[{"href":"https:\/\/crochetts.com\/de\/wp-json\/wp\/v2\/media?parent=28726"}],"curies":[{"name":"wp","href":"https:\/\/api.w.org\/{rel}","templated":true}]}}