{"id":27727,"date":"2025-10-30T17:28:30","date_gmt":"2025-10-30T16:28:30","guid":{"rendered":"https:\/\/crochetts.com\/rechtlicher-hinweis\/"},"modified":"2025-11-26T11:08:17","modified_gmt":"2025-11-26T10:08:17","slug":"rechtlicher-hinweis","status":"publish","type":"page","link":"https:\/\/crochetts.com\/de\/rechtlicher-hinweis\/","title":{"rendered":"Rechtlicher Hinweis"},"content":{"rendered":"<h1>Rechtlicher Hinweis<\/h1>\n<p>1- IDENTIFIZIERUNG<\/p>\n<p>In strikter Einhaltung der Bestimmungen von Artikel 10 des Gesetzes 34\/2002 vom 11. Juli 2002 \u00fcber die Dienste der Informationsgesellschaft und den elektronischen Handel ist das Unternehmen Adecom Soluciones S.L. mit der Steueridentifikationsnummer B-40638827, eingetragen im Handelsregister von Valencia, ein Anbieter von Diensten der Informationsgesellschaft, unter anderem \u00fcber seine Website www.crochets.com, mit Sitz und Betriebsst\u00e4tte in Vallada, Calle Maria Carmen Perales Alcover.<\/p>\n<p>Gem\u00e4\u00df den Bestimmungen von Artikel 10 Absatz 2 des Gesetzes 34\/2002 vom 11. Juli 2002 \u00fcber die Dienste der Informationsgesellschaft und den elektronischen Gesch\u00e4ftsverkehr erf\u00fcllen wir diese Bestimmungen durch die vorliegenden allgemeinen Nutzungsbedingungen der Website, deren Inhalt im Folgenden n\u00e4her erl\u00e4utert wird und die die gleichen allgemeinen Vertragsbedingungen gem\u00e4\u00df den Bestimmungen des Gesetzes 7\/1998 vom 13. April 1998 \u00fcber die allgemeinen Vertragsbedingungen darstellen.<\/p>\n<p>2- NUTZUNG DER WEBSITE UND DER BENUTZERDATEN<\/p>\n<p>Alle nachstehend aufgef\u00fchrten Bedingungen sind Teil des verbindlichen Inhalts zwischen CROCHETS und dem BENUTZER im Rahmen dieser Website und gelten sowohl f\u00fcr die Nutzung dieser Website als auch f\u00fcr den Vertragsabschluss \u00fcber diese Website. Sie ersetzen alle anderen fr\u00fcheren Formulierungen, mit Ausnahme der schriftlichen Vereinbarung(en) zwischen CROCHETS und dem\/den BENUTZER(n) oder VERBRAUCHER(n) f\u00fcr Vereinbarungen vor der jetzigen. <\/p>\n<p>Die Produkte von CROCHETS sind f\u00fcr den Verkauf an Endverbraucher und Gewerbetreibende, nat\u00fcrliche oder juristische Personen, bestimmt. Der Kunde kann also als Endverbraucher oder als Gewerbetreibender handeln. <\/p>\n<p>Au\u00dferdem wird DER VERBRAUCHER jedes Mal, wenn er einen Kauf t\u00e4tigt, aufgefordert, diese allgemeinen Gesch\u00e4ftsbedingungen zu akzeptieren. Diese allgemeinen Bedingungen k\u00f6nnen vorher auf der Website \u00fcber den Link ALLGEMEINE GESCH\u00c4FTSBEDINGUNGEN oder zu dem Zeitpunkt, zu dem er\/sie aufgefordert wird, die Annahme zu best\u00e4tigen, eingesehen werden. Um mit der Annahme fortzufahren, m\u00fcssen Sie das K\u00e4stchen &#8222;Ich habe die Allgemeinen Bedingungen gelesen und akzeptiere diese sowie www.crochets.com&#8220; ankreuzen.<br \/>\n2.1 - BENUTZER und VERBRAUCHER.  <\/p>\n<p>Als BENUTZER gilt jede Person, die auf den Inhalt von CROCHETS zugreift, und als VERBRAUCHER gilt jede Person, die die \u00fcber die Website angebotenen Waren erwirbt.<\/p>\n<p>Beide Parteien akzeptieren hiermit die in diesem Dokument enthaltenen allgemeinen Gesch\u00e4ftsbedingungen in Bezug auf die Nutzung dieser Website und den Kauf der \u00fcber diese Website angebotenen Produkte.<\/p>\n<p>2.2 NUTZUNG DER WEBSITE<\/p>\n<p>Um die von CROCHETS angebotenen Produkte kaufen zu k\u00f6nnen, ist es notwendig, sich \u00fcber das auf der Website verf\u00fcgbare Formular zu registrieren. Die Verwendung der vom BENUTZER eingegebenen Daten sowie die Verwendung dieser Daten durch Dritte unterliegt der alleinigen Verantwortung des BENUTZERS, wobei CROCHETS von jeglicher Haftung oder unbefugter Verwendung durch Dritte befreit ist. <\/p>\n<p>Wenn der BENUTZER den begr\u00fcndeten Verdacht hat, dass seine Daten von Dritten in b\u00f6swilliger Weise verwendet werden, sollte er CROCHETS unverz\u00fcglich auf zuverl\u00e4ssige Weise \u00fcber die folgende Adresse info@crochets.com informieren und so schnell wie m\u00f6glich eine L\u00f6sung und\/oder Berichtigung herbeif\u00fchren, wobei er stets die Bestimmungen des Organgesetzes 15\/1999 vom 13. Dezember \u00fcber den Schutz personenbezogener Daten beachtet.<\/p>\n<p>Der BENUTZER verpflichtet sich, das Material und\/oder die Inhalte, die auf der Website von CROCHETS ver\u00f6ffentlicht sind, in angemessener Weise zu nutzen, wobei er sich alle angemessenen rechtlichen Schritte f\u00fcr den Fall vorbeh\u00e4lt, dass diese Handlung die Nutzung der Website durch Dritte untergr\u00e4bt oder beeintr\u00e4chtigt, das Markenimage beeintr\u00e4chtigt oder anderweitig Schaden anrichten k\u00f6nnte, und keine Computerviren einzuf\u00fchren oder zu verbreiten, die unbefugte \u00c4nderungen an den Inhalten oder Systemen, die Teil von CROCHETS sind, verursachen k\u00f6nnten.<\/p>\n<p>CROCHETS beh\u00e4lt sich das Recht vor, Benutzern, die die Inhalte missbrauchen und\/oder gegen die in diesem Dokument aufgef\u00fchrten Bedingungen versto\u00dfen, den Zugang zur Website zu verweigern oder sogar Bestellungen zu stornieren.<\/p>\n<p>2 3- KOMMUNIKATIONSANGEBOTE UND WERBEAKTIONEN<\/p>\n<p>Jede Werbung, jedes Angebot und\/oder jede Mitteilung, die von CROCHETS auf elektronischem Wege gemacht wird, weist CROCHETS jederzeit als Anbieter aus. Sollten Sie Zweifel an der Herkunft der Mitteilungen haben, die Sie als CROCHETS erhalten haben, kontaktieren Sie uns bitte unter der folgenden E-Mail-Adresse info@crochets.com.<\/p>\n<p>CROCHETS informiert und der BENUTZER\/KONSUMENT willigt hiermit ein, Werbe- oder Promotionsmitteilungen per E-Mail oder \u00fcber andere gleichwertige elektronische Kommunikationsmittel<br \/>\nvon CROCHETS zu erhalten, die sich auf Produkte der Marke<br \/>\nbeziehen.<\/p>\n<p>Der BENUTZER kann die im vorstehenden Abschnitt erteilte Zustimmung jederzeit widerrufen, indem er einfach eine E-Mail an die Adresse info@crochets.com schickt, die er zu diesem Zweck in jeder der Mitteilungen, Angebote und Werbeaktionen, die er erh\u00e4lt, angegeben hat.<\/p>\n<p>4- E-VERGABE<\/p>\n<p>4.1 - ART DES VERTRAGS. ORT DES ABSCHLUSSES. <\/p>\n<p>Gem\u00e4\u00df den Bestimmungen von Artikel 23 des Gesetzes 34\/2002 vom 11. Juli 2002 \u00fcber die Dienste der Informationsgesellschaft und den elektronischen Handel gelten die zwischen CROCHETS und dem BENUTZER geschlossenen Vertr\u00e4ge als elektronisch geschlossene Vertr\u00e4ge und unterliegen als solche den Bestimmungen des B\u00fcrgerlichen Gesetzbuches, des Handelsgesetzbuches, des Konsolidierten Textes zum Schutz von Verbrauchern und Nutzern, des Gesetzes \u00fcber die Dienste der Informationsgesellschaft sowie allen anderen anwendbaren Gesetzen und entfalten alle in der spanischen Rechtsordnung vorgesehenen Wirkungen aufgrund des Zusammentreffens der Zustimmung.<\/p>\n<p>Die Zustimmung wird erteilt, wenn CROCHETS dem BENUTZER\/VERBRAUCHER eine elektronische Auftragsbest\u00e4tigung schickt und der BENUTZER\/VERBRAUCHER den Auftrag nicht nach Treu und Glauben ablehnt, all dies unter dem Schutz der Bestimmungen von Art.28.1 des Gesetzes 34\/2002 vom 11. Juli 2002 \u00fcber die Dienste der Informationsgesellschaft und den elektronischen Handel.<\/p>\n<p>In einem solchen Fall wird davon ausgegangen, dass der Vertrag an dem Ort geschlossen wurde, an dem DER VERBRAUCHER<br \/>\nseinen gew\u00f6hnlichen Aufenthalt hat.<\/p>\n<p>5- GEWERBLICHES UND GEISTIGES EIGENTUM<\/p>\n<p>Alle Elemente (Zeichnungen, Designs, Modelle, Illustrationen, Bilder, Soundtracks, Texte, Logos, Marken usw.) auf der Website www.crochets.com sind ausschlie\u00dfliches Eigentum von CROCHETS.<\/p>\n<p>Die vollst\u00e4ndige oder teilweise Vervielf\u00e4ltigung mit beliebigen Mitteln oder Verfahren, der Vertrieb, die Ver\u00f6ffentlichung, die \u00dcbertragung, die \u00c4nderung oder der Verkauf des gesamten oder eines Teils des Inhalts der Website sowie die Erstellung von davon abgeleiteten Werken ist verboten.<\/p>\n<p>Jede unbefugte Nutzung dieser Inhalte zieht die gesetzlich festgelegten Verantwortlichkeiten nach sich.<br \/>\n6- SCHUTZ UND VERARBEITUNG PERSONENBEZOGENER DATEN<\/p>\n<p>Die von unseren BENUTZERN und VERBRAUCHERN zur Verf\u00fcgung gestellten Informationen und pers\u00f6nlichen Daten werden in \u00dcbereinstimmung mit den Bestimmungen des Organgesetzes 15\/1999 vom 13. Dezember \u00fcber den Schutz personenbezogener Daten und in \u00dcbereinstimmung mit der Europ\u00e4ischen Verordnung \u00fcber den Schutz personenbezogener Daten vom 25. Mai<br \/>\n2018 verarbeitet. Das Unternehmen Innovant ist \u00fcber die Server seiner Website<br \/>\nwww.lulanatura.com f\u00fcr die korrekte Verwendung dieser Daten verantwortlich, indem es den betroffenen Personen das Recht auf Zugang (Artikel 15 REPD), Berichtigung (Artikel 16 REPD), L\u00f6schung und Widerspruch bez\u00fcglich der Verwendung und Speicherung dieser Daten (Artikel 21 REPD) zugesteht und zur Verf\u00fcgung stellt. Die Aus\u00fcbung der oben genannten Rechte erfolgt durch \u00dcbersendung eines Schreibens oder einer E-Mail mit dem Wunsch, eines dieser Rechte auszu\u00fcben, an die folgenden Adressen, postalisch oder elektronisch: info@crochets.com  <\/p>\n<p>7- G\u00dcLTIGKEIT UND DAUER DIESER ALLGEMEINEN GESCH\u00c4FTSBEDINGUNGEN<\/p>\n<p>4 Sollte eine Bestimmung dieser Bedingungen f\u00fcr ung\u00fcltig erkl\u00e4rt werden, bleiben die \u00fcbrigen Bedingungen in vollem Umfang in Kraft und sind unter Ber\u00fccksichtigung des Gesamtinhalts der \u00fcbrigen Bedingungen auszulegen.<\/p>\n<p>Die Informationen auf dieser Website entsprechen dem Stand zum Zeitpunkt der letzten Aktualisierung. CROCHETS beh\u00e4lt sich das Recht vor, diese Allgemeinen Gesch\u00e4ftsbedingungen sowie die Datenschutzbestimmungen und alle anderen Informationen einseitig zu \u00e4ndern. Das Inkrafttreten jeder \u00c4nderung der Klauseln erfolgt ab dem Zeitpunkt ihrer Ver\u00f6ffentlichung.  <\/p>\n<p>8- SCHLUSSKLAUSEL<\/p>\n<p>CROCHETS haftet in keinem Fall f\u00fcr Sch\u00e4den jeglicher Art, die durch Fehler oder Auslassungen in den Inhalten, mangelnde Verf\u00fcgbarkeit des Portals oder die \u00dcbertragung von Viren oder b\u00f6sartigen oder sch\u00e4dlichen Programmen in den Inhalten verursacht werden k\u00f6nnen, obwohl CROCHETS alle notwendigen technischen Ma\u00dfnahmen ergriffen hat, um dies zu verhindern.<\/p>\n<h2>DATENSCHUTZPOLITIK<\/h2>\n<p>Die Datenschutzrichtlinie erkl\u00e4rt, wie wir Ihre pers\u00f6nlichen Daten verwenden und erfassen und welche Schritte wir zum Schutz dieser Daten unternommen haben. Diese Datenschutzrichtlinie erl\u00e4utert Ihre Wahlm\u00f6glichkeiten in Bezug auf die Erfassung, Verwendung und Weitergabe von pers\u00f6nlichen Daten. Indem Sie die Website direkt oder \u00fcber eine andere Website besuchen, erkl\u00e4ren Sie sich mit den in dieser Richtlinie beschriebenen Praktiken einverstanden.  <\/p>\n<p>Datenschutz<\/p>\n<p>Gem\u00e4\u00df Artikel 12 der Europ\u00e4ischen Datenschutzverordnung 2016\/679 informieren wir Sie dar\u00fcber, dass Ihre pers\u00f6nlichen Daten in das Informationssystem &#8222;Kunden&#8220; von ADECOM SOLUTIONS, C.I.F.: B40638827, aufgenommen werden. Diese Daten werden verarbeitet, um Ihre Bestellungen zu verwalten und Ihnen personalisierte Angebote machen zu k\u00f6nnen, weshalb alle Informationen, um die wir Sie bitten, notwendig sind. Sie haben das Recht, auf Ihre Daten zuzugreifen, sie zu berichtigen, zu l\u00f6schen und der Verwendung Ihrer Daten zu widersprechen. Um dieses Recht auszu\u00fcben, sollten Sie ein Schreiben an die unten angegebene Adresse oder per E-Mail an info@crochets.com oder per Post an die folgende Adresse senden: Adecom Soluciones S.L. C\/Maria Carmen Perales Alcover, N\u00ba3, 46691.Vallada.Valencia.<\/p>\n<p>Verwendung und Sammlung von Informationen<\/p>\n<p>Sammlung von Informationen: Wir sammeln Ihre pers\u00f6nlichen Daten auf dieser Website auf verschiedene Weise. Der Zweck der Erfassung Ihrer pers\u00f6nlichen Daten ist es, einen effektiven, effizienten und personalisierten Service zu bieten. <\/p>\n<p>Bestellungsregistrierung: Bevor Sie bestimmte Teile der Website nutzen oder Produkte bestellen k\u00f6nnen, m\u00fcssen Sie ein Online-Registrierungsformular ausf\u00fcllen. W\u00e4hrend der Registrierung werden Sie aufgefordert, uns bestimmte pers\u00f6nliche Daten mitzuteilen, wie z.B. Name, Rechnungs- und Lieferadresse, Telefonnummer, E-Mail-Adresse und Kreditkartennummer. Diese Daten werden f\u00fcr die Rechnungsstellung, f\u00fcr die Kommunikation mit Ihnen \u00fcber Ihre Bestellung und f\u00fcr interne Marketingzwecke verwendet.  <\/p>\n<p>E-Mail-Adressen: An mehreren Stellen auf der Website k\u00f6nnen Sie Ihre E-Mail-Adresse eingeben, um unseren Newsletter zu abonnieren und auf dem Laufenden zu bleiben oder von exklusiven Angeboten zu profitieren.<\/p>\n<p>Cookies und andere Technologien: Die Website verwendet Cookies und andere Technologien, um die Navigation auf der Website zu beschleunigen, Sie und Ihre Zugriffsrechte zu erkennen und Ihre Nutzung der Website zu verfolgen. Cookies sind kleine Informationseinheiten, die von Ihrem Internetbrowser als Textdateien auf der Festplatte Ihres Computers gespeichert werden. Die meisten Internetbrowser sind von Haus aus so eingestellt, dass sie Cookies akzeptieren. Wenn Sie m\u00f6chten, k\u00f6nnen Sie Ihren Browser so einstellen, dass er Website-Cookies ablehnt oder Cookies von Ihrer Festplatte l\u00f6scht. In diesem Fall k\u00f6nnen Sie jedoch nicht auf Teile der Website zugreifen oder diese nutzen, ohne sich erneut anzumelden.<br \/>\nWir m\u00fcssen Cookies verwenden, damit Sie Produkte ausw\u00e4hlen, in einen Warenkorb legen und diese Produkte kaufen k\u00f6nnen. Website-Cookies dringen nicht in die Festplatte eines Benutzers ein, um sensible Benutzerdaten zu sammeln. Wir verwenden m\u00f6glicherweise Cookies von Drittanbietern, um die Effektivit\u00e4t von Werbung zu messen (z. B. welche Seiten besucht oder welche Produkte in welcher Menge gekauft werden). Alle Informationen, die diese Drittanbieter durch Cookies sammeln, sind nicht mit den von uns gesammelten pers\u00f6nlichen Daten verkn\u00fcpft.      <\/p>\n<p>Protokolldateien: Der Server der Website erkennt automatisch die Internet-URL, von der aus Sie die Website aufrufen. Wir k\u00f6nnen auch Ihre Internetprotokoll-Adresse (&#8222;IP&#8220;) aufzeichnen. <\/p>\n<p>VERWENDUNG VON INFORMATIONEN UND OFFENLEGUNG<\/p>\n<p>Interne Verwendung: Wir verwenden Ihre pers\u00f6nlichen Daten, um Ihre Bestellung zu bearbeiten und Ihnen den entsprechenden Service zu bieten. Ebenso helfen uns Ihre Informationen dabei, ein Produkt nach Ihrem Geschmack zu verbessern und zu erstellen. <\/p>\n<p>Kommunikation mit Ihnen: Wir werden Ihre pers\u00f6nlichen Daten verwenden, um mit Ihnen \u00fcber die Website und Ihre Bestellungen und Lieferungen zu kommunizieren. Au\u00dferdem k\u00f6nnen wir Ihnen eine E-Mail-Best\u00e4tigung senden, wenn Sie sich bei uns registrieren. Wir k\u00f6nnen Ihnen auch Informationen \u00fcber Angebote, Aktionen oder Neuigkeiten schicken, die f\u00fcr Sie von Interesse sein k\u00f6nnten. Sie k\u00f6nnen die Zusendung von E-Mails jederzeit abbestellen oder ablehnen.   <\/p>\n<p>Externe Nutzung: Wir verkaufen, vermieten oder geben pers\u00f6nliche Informationen \u00fcber unsere Kunden nicht weiter. Ihre pers\u00f6nlichen Daten werden nur an den vom Unternehmen eingesetzten Datenverarbeiter gem\u00e4\u00df dem Gesetz zum Schutz pers\u00f6nlicher Daten weitergegeben. <\/p>\n<p>Datensicherheit: Die Website umfasst physische, elektronische und verwaltungstechnische Verfahren zum Schutz der Vertraulichkeit Ihrer pers\u00f6nlichen Daten, einschlie\u00dflich Secure Sockets Layer (&#8222;SSL&#8220;) f\u00fcr alle finanziellen Transaktionen \u00fcber die Website. Wir verwenden SSL-Verschl\u00fcsselung, um Ihre pers\u00f6nlichen Daten online zu sch\u00fctzen, und wir ergreifen auch Ma\u00dfnahmen zum Schutz Ihrer pers\u00f6nlichen Daten in unseren Einrichtungen. Der Zugang zu Ihren pers\u00f6nlichen Daten ist vollst\u00e4ndig eingeschr\u00e4nkt. Nur ordnungsgem\u00e4\u00df autorisierte Mitarbeiter haben zur Erf\u00fcllung ihrer Aufgaben Zugang zu Ihren pers\u00f6nlichen Daten. Schlie\u00dflich verlassen wir uns auf Drittanbieter f\u00fcr die physische Sicherheit einiger unserer Hardware-Ger\u00e4te. Wenn Sie die Website besuchen, greifen Sie auf Server zu, die sich in einer sicheren physischen Umgebung befinden und \u00fcber eine elektronische Firewall verf\u00fcgen.     <\/p>\n","protected":false},"excerpt":{"rendered":"<p>Rechtlicher Hinweis 1- IDENTIFIZIERUNG In strikter Einhaltung der Bestimmungen von Artikel 10 des Gesetzes 34\/2002 vom 11. Juli 2002 \u00fcber die Dienste der Informationsgesellschaft und den elektronischen Handel ist das Unternehmen Adecom Soluciones S.L. mit der Steueridentifikationsnummer B-40638827, eingetragen im Handelsregister von Valencia, ein Anbieter von Diensten der Informationsgesellschaft, unter anderem \u00fcber seine Website www.crochets.com, &hellip; <\/p>\n<p class=\"link-more\"><a href=\"https:\/\/crochetts.com\/de\/rechtlicher-hinweis\/\" class=\"more-link\"><span class=\"screen-reader-text\">\u201eRechtlicher Hinweis\u201c <\/span>weiterlesen<\/a><\/p>\n","protected":false},"author":1,"featured_media":0,"parent":0,"menu_order":1,"comment_status":"closed","ping_status":"closed","template":"","meta":{"_acf_changed":false,"_joinchat":[],"footnotes":""},"class_list":["post-27727","page","type-page","status-publish","hentry","entry"],"acf":[],"yoast_head":"<!-- This site is optimized with the Yoast SEO Premium plugin v26.1 (Yoast SEO v27.3) - https:\/\/yoast.com\/product\/yoast-seo-premium-wordpress\/ -->\n<title>Rechtlicher Hinweis - Crochetts<\/title>\n<meta name=\"robots\" content=\"index, follow, max-snippet:-1, max-image-preview:large, max-video-preview:-1\" \/>\n<link rel=\"canonical\" href=\"https:\/\/crochetts.com\/de\/rechtlicher-hinweis\/\" \/>\n<meta property=\"og:locale\" content=\"de_DE\" \/>\n<meta property=\"og:type\" content=\"article\" \/>\n<meta property=\"og:title\" content=\"Rechtlicher Hinweis\" \/>\n<meta property=\"og:description\" content=\"Rechtlicher Hinweis 1- IDENTIFIZIERUNG In strikter Einhaltung der Bestimmungen von Artikel 10 des Gesetzes 34\/2002 vom 11. Juli 2002 \u00fcber die Dienste der\" \/>\n<meta property=\"og:url\" content=\"https:\/\/crochetts.com\/de\/rechtlicher-hinweis\/\" \/>\n<meta property=\"og:site_name\" content=\"Crochetts\" \/>\n<meta property=\"article:publisher\" content=\"https:\/\/www.facebook.com\/Crochetts-101964178013493\" \/>\n<meta property=\"article:modified_time\" content=\"2025-11-26T10:08:17+00:00\" \/>\n<meta name=\"twitter:card\" content=\"summary_large_image\" \/>\n<meta name=\"twitter:label1\" content=\"Gesch\u00e4tzte Lesezeit\" \/>\n\t<meta name=\"twitter:data1\" content=\"10\u00a0Minute\" \/>\n<script type=\"application\/ld+json\" class=\"yoast-schema-graph\">{\"@context\":\"https:\\\/\\\/schema.org\",\"@graph\":[{\"@type\":\"WebPage\",\"@id\":\"https:\\\/\\\/crochetts.com\\\/de\\\/rechtlicher-hinweis\\\/\",\"url\":\"https:\\\/\\\/crochetts.com\\\/de\\\/rechtlicher-hinweis\\\/\",\"name\":\"Rechtlicher Hinweis - Crochetts\",\"isPartOf\":{\"@id\":\"https:\\\/\\\/crochetts.com\\\/de\\\/#website\"},\"datePublished\":\"2025-10-30T16:28:30+00:00\",\"dateModified\":\"2025-11-26T10:08:17+00:00\",\"breadcrumb\":{\"@id\":\"https:\\\/\\\/crochetts.com\\\/de\\\/rechtlicher-hinweis\\\/#breadcrumb\"},\"inLanguage\":\"de\",\"potentialAction\":[{\"@type\":\"ReadAction\",\"target\":[\"https:\\\/\\\/crochetts.com\\\/de\\\/rechtlicher-hinweis\\\/\"]}]},{\"@type\":\"BreadcrumbList\",\"@id\":\"https:\\\/\\\/crochetts.com\\\/de\\\/rechtlicher-hinweis\\\/#breadcrumb\",\"itemListElement\":[{\"@type\":\"ListItem\",\"position\":1,\"name\":\"Portada\",\"item\":\"https:\\\/\\\/crochetts.com\\\/de\\\/startseite\\\/\"},{\"@type\":\"ListItem\",\"position\":2,\"name\":\"Rechtlicher Hinweis\"}]},{\"@type\":\"WebSite\",\"@id\":\"https:\\\/\\\/crochetts.com\\\/de\\\/#website\",\"url\":\"https:\\\/\\\/crochetts.com\\\/de\\\/\",\"name\":\"Crochetts\",\"description\":\"ANIMALES DE CROCHET PARA JUGAR,DECORAR Y SO\u00d1AR\",\"publisher\":{\"@id\":\"https:\\\/\\\/crochetts.com\\\/de\\\/#organization\"},\"potentialAction\":[{\"@type\":\"SearchAction\",\"target\":{\"@type\":\"EntryPoint\",\"urlTemplate\":\"https:\\\/\\\/crochetts.com\\\/de\\\/?s={search_term_string}\"},\"query-input\":{\"@type\":\"PropertyValueSpecification\",\"valueRequired\":true,\"valueName\":\"search_term_string\"}}],\"inLanguage\":\"de\"},{\"@type\":\"Organization\",\"@id\":\"https:\\\/\\\/crochetts.com\\\/de\\\/#organization\",\"name\":\"H\u00e4keln\",\"url\":\"https:\\\/\\\/crochetts.com\\\/de\\\/\",\"logo\":{\"@type\":\"ImageObject\",\"inLanguage\":\"de\",\"@id\":\"https:\\\/\\\/crochetts.com\\\/de\\\/#\\\/schema\\\/logo\\\/image\\\/\",\"url\":\"https:\\\/\\\/i2.wp.com\\\/crochetts.com\\\/wp-content\\\/uploads\\\/2021\\\/01\\\/Logo-Crochetts.jpg?fit=300%2C137&ssl=1\",\"contentUrl\":\"https:\\\/\\\/i2.wp.com\\\/crochetts.com\\\/wp-content\\\/uploads\\\/2021\\\/01\\\/Logo-Crochetts.jpg?fit=300%2C137&ssl=1\",\"width\":300,\"height\":137,\"caption\":\"H\u00e4keln\"},\"image\":{\"@id\":\"https:\\\/\\\/crochetts.com\\\/de\\\/#\\\/schema\\\/logo\\\/image\\\/\"},\"sameAs\":[\"https:\\\/\\\/www.facebook.com\\\/Crochetts-101964178013493\",\"https:\\\/\\\/www.instagram.com\\\/crochetts_\\\/\"]}]}<\/script>\n<!-- \/ Yoast SEO Premium plugin. -->","yoast_head_json":{"title":"Rechtlicher Hinweis - Crochetts","robots":{"index":"index","follow":"follow","max-snippet":"max-snippet:-1","max-image-preview":"max-image-preview:large","max-video-preview":"max-video-preview:-1"},"canonical":"https:\/\/crochetts.com\/de\/rechtlicher-hinweis\/","og_locale":"de_DE","og_type":"article","og_title":"Rechtlicher Hinweis","og_description":"Rechtlicher Hinweis 1- IDENTIFIZIERUNG In strikter Einhaltung der Bestimmungen von Artikel 10 des Gesetzes 34\/2002 vom 11. Juli 2002 \u00fcber die Dienste der","og_url":"https:\/\/crochetts.com\/de\/rechtlicher-hinweis\/","og_site_name":"Crochetts","article_publisher":"https:\/\/www.facebook.com\/Crochetts-101964178013493","article_modified_time":"2025-11-26T10:08:17+00:00","twitter_card":"summary_large_image","twitter_misc":{"Gesch\u00e4tzte Lesezeit":"10\u00a0Minute"},"schema":{"@context":"https:\/\/schema.org","@graph":[{"@type":"WebPage","@id":"https:\/\/crochetts.com\/de\/rechtlicher-hinweis\/","url":"https:\/\/crochetts.com\/de\/rechtlicher-hinweis\/","name":"Rechtlicher Hinweis - Crochetts","isPartOf":{"@id":"https:\/\/crochetts.com\/de\/#website"},"datePublished":"2025-10-30T16:28:30+00:00","dateModified":"2025-11-26T10:08:17+00:00","breadcrumb":{"@id":"https:\/\/crochetts.com\/de\/rechtlicher-hinweis\/#breadcrumb"},"inLanguage":"de","potentialAction":[{"@type":"ReadAction","target":["https:\/\/crochetts.com\/de\/rechtlicher-hinweis\/"]}]},{"@type":"BreadcrumbList","@id":"https:\/\/crochetts.com\/de\/rechtlicher-hinweis\/#breadcrumb","itemListElement":[{"@type":"ListItem","position":1,"name":"Portada","item":"https:\/\/crochetts.com\/de\/startseite\/"},{"@type":"ListItem","position":2,"name":"Rechtlicher Hinweis"}]},{"@type":"WebSite","@id":"https:\/\/crochetts.com\/de\/#website","url":"https:\/\/crochetts.com\/de\/","name":"Crochetts","description":"ANIMALES DE CROCHET PARA JUGAR,DECORAR Y SO\u00d1AR","publisher":{"@id":"https:\/\/crochetts.com\/de\/#organization"},"potentialAction":[{"@type":"SearchAction","target":{"@type":"EntryPoint","urlTemplate":"https:\/\/crochetts.com\/de\/?s={search_term_string}"},"query-input":{"@type":"PropertyValueSpecification","valueRequired":true,"valueName":"search_term_string"}}],"inLanguage":"de"},{"@type":"Organization","@id":"https:\/\/crochetts.com\/de\/#organization","name":"H\u00e4keln","url":"https:\/\/crochetts.com\/de\/","logo":{"@type":"ImageObject","inLanguage":"de","@id":"https:\/\/crochetts.com\/de\/#\/schema\/logo\/image\/","url":"https:\/\/i2.wp.com\/crochetts.com\/wp-content\/uploads\/2021\/01\/Logo-Crochetts.jpg?fit=300%2C137&ssl=1","contentUrl":"https:\/\/i2.wp.com\/crochetts.com\/wp-content\/uploads\/2021\/01\/Logo-Crochetts.jpg?fit=300%2C137&ssl=1","width":300,"height":137,"caption":"H\u00e4keln"},"image":{"@id":"https:\/\/crochetts.com\/de\/#\/schema\/logo\/image\/"},"sameAs":["https:\/\/www.facebook.com\/Crochetts-101964178013493","https:\/\/www.instagram.com\/crochetts_\/"]}]}},"_links":{"self":[{"href":"https:\/\/crochetts.com\/de\/wp-json\/wp\/v2\/pages\/27727","targetHints":{"allow":["GET"]}}],"collection":[{"href":"https:\/\/crochetts.com\/de\/wp-json\/wp\/v2\/pages"}],"about":[{"href":"https:\/\/crochetts.com\/de\/wp-json\/wp\/v2\/types\/page"}],"author":[{"embeddable":true,"href":"https:\/\/crochetts.com\/de\/wp-json\/wp\/v2\/users\/1"}],"replies":[{"embeddable":true,"href":"https:\/\/crochetts.com\/de\/wp-json\/wp\/v2\/comments?post=27727"}],"version-history":[{"count":1,"href":"https:\/\/crochetts.com\/de\/wp-json\/wp\/v2\/pages\/27727\/revisions"}],"predecessor-version":[{"id":27739,"href":"https:\/\/crochetts.com\/de\/wp-json\/wp\/v2\/pages\/27727\/revisions\/27739"}],"wp:attachment":[{"href":"https:\/\/crochetts.com\/de\/wp-json\/wp\/v2\/media?parent=27727"}],"curies":[{"name":"wp","href":"https:\/\/api.w.org\/{rel}","templated":true}]}}