{"id":24675,"date":"2025-10-30T17:28:31","date_gmt":"2025-10-30T16:28:31","guid":{"rendered":"https:\/\/crochetts.com\/professioneller-verkauf\/"},"modified":"2025-11-26T09:45:34","modified_gmt":"2025-11-26T08:45:34","slug":"professioneller-verkauf","status":"publish","type":"page","link":"https:\/\/crochetts.com\/de\/professioneller-verkauf\/","title":{"rendered":"Professioneller Verkauf"},"content":{"rendered":"\t\t<div data-elementor-type=\"wp-page\" data-elementor-id=\"24675\" class=\"elementor elementor-24675 elementor-38\" data-elementor-post-type=\"page\">\n\t\t\t\t\t\t<section class=\"elementor-section elementor-top-section elementor-element elementor-element-16178c6 elementor-section-boxed elementor-section-height-default elementor-section-height-default\" data-id=\"16178c6\" data-element_type=\"section\">\n\t\t\t\t\t\t<div class=\"elementor-container elementor-column-gap-default\">\n\t\t\t\t\t<div class=\"elementor-column elementor-col-100 elementor-top-column elementor-element elementor-element-821fb47\" data-id=\"821fb47\" data-element_type=\"column\">\n\t\t\t<div class=\"elementor-widget-wrap elementor-element-populated\">\n\t\t\t\t\t\t<div class=\"elementor-element elementor-element-3131284 elementor-widget elementor-widget-text-editor\" data-id=\"3131284\" data-element_type=\"widget\" data-widget_type=\"text-editor.default\">\n\t\t\t\t\t\t\t\t\t<h1>M\u00d6CHTEN SIE UNSER VERTRIEBSPARTNER WERDEN?<\/h1>\t\t\t\t\t\t\t\t<\/div>\n\t\t\t\t<div class=\"elementor-element elementor-element-27ba8cb elementor-widget elementor-widget-text-editor\" data-id=\"27ba8cb\" data-element_type=\"widget\" data-widget_type=\"text-editor.default\">\n\t\t\t\t\t\t\t\t\t<p>+ Wenn Sie ein <strong>Dekorationsgesch\u00e4ft oder ein Kinderm\u00f6belgesch\u00e4ft<\/strong> haben: Unsere Produkte eignen sich perfekt als dekoratives Element, das Sie mit anderen M\u00f6beln oder Hilfsmitteln in Ihrem Gesch\u00e4ft kombinieren k\u00f6nnen. Wenn Sie sie gut sichtbar aufstellen, schm\u00fccken sie Ihren Raum und verleihen ihm einen einzigartigen und auffallenden visuellen Touch, insbesondere unsere gro\u00dfen Amigurumis, die durch ihr Design und ihre Gr\u00f6\u00dfe auffallen. <\/p><p>+ Wenn Sie einen <strong>TOY STORE<\/strong> haben, k\u00f6nnen Sie sich mit unseren H\u00e4kelpuppen von Ihren Mitbewerbern abheben, denn Sie werden auf dem Markt kein \u00e4hnliches Produkt mit H\u00e4kelstoffbezug in diesen Abmessungen finden.<\/p><p>+ Wenn Sie ein Profi sind und unsere Puppen <strong>ZUR UNTERST\u00dcTZUNG IHRER SCHAUSSTELLUNG<\/strong> von Kinderkleidung und Accessoires ben\u00f6tigen oder wenn Sie <strong>ein FOTOGRAF sind<\/strong> und sie in Ihren Fotoreportagen verwenden m\u00f6chten, kontaktieren Sie uns bitte, um Ihnen eine professionelle Preisliste zukommen zu lassen.<\/p>\t\t\t\t\t\t\t\t<\/div>\n\t\t\t\t<div class=\"elementor-element elementor-element-b423b39 elementor-widget elementor-widget-text-editor\" data-id=\"b423b39\" data-element_type=\"widget\" data-widget_type=\"text-editor.default\">\n\t\t\t\t\t\t\t\t\t<h2>PROFESSIONELLER VERTRIEB<\/h2>\t\t\t\t\t\t\t\t<\/div>\n\t\t\t\t<div class=\"elementor-element elementor-element-d4c18aa elementor-widget elementor-widget-text-editor\" data-id=\"d4c18aa\" data-element_type=\"widget\" data-widget_type=\"text-editor.default\">\n\t\t\t\t\t\t\t\t\t<p>Sie haben bereits ein Konto? Loggen Sie sich hier ein <\/p>\t\t\t\t\t\t\t\t<\/div>\n\t\t\t\t<div class=\"elementor-element elementor-element-8b0642f elementor-align-center elementor-widget elementor-widget-button\" data-id=\"8b0642f\" data-element_type=\"widget\" data-widget_type=\"button.default\">\n\t\t\t\t\t\t\t\t\t\t<a class=\"elementor-button elementor-button-link elementor-size-sm\" href=\"https:\/\/crochetts.com\/mi-cuenta\/\">\n\t\t\t\t\t\t<span class=\"elementor-button-content-wrapper\">\n\t\t\t\t\t\t<span class=\"elementor-button-icon\">\n\t\t\t\t<i aria-hidden=\"true\" class=\"fas fa-key\"><\/i>\t\t\t<\/span>\n\t\t\t\t\t\t\t\t\t<span class=\"elementor-button-text\">Zugang<\/span>\n\t\t\t\t\t<\/span>\n\t\t\t\t\t<\/a>\n\t\t\t\t\t\t\t\t<\/div>\n\t\t\t\t\t<\/div>\n\t\t<\/div>\n\t\t\t\t\t<\/div>\n\t\t<\/section>\n\t\t\t\t<section class=\"elementor-section elementor-top-section elementor-element elementor-element-dfb6d2e elementor-section-boxed elementor-section-height-default elementor-section-height-default\" data-id=\"dfb6d2e\" data-element_type=\"section\">\n\t\t\t\t\t\t<div class=\"elementor-container elementor-column-gap-default\">\n\t\t\t\t\t<div class=\"elementor-column elementor-col-100 elementor-top-column elementor-element elementor-element-038d03b\" data-id=\"038d03b\" data-element_type=\"column\">\n\t\t\t<div class=\"elementor-widget-wrap elementor-element-populated\">\n\t\t\t\t\t\t<div class=\"elementor-element elementor-element-a67ee09 elementor-widget elementor-widget-text-editor\" data-id=\"a67ee09\" data-element_type=\"widget\" data-widget_type=\"text-editor.default\">\n\t\t\t\t\t\t\t\t\t<p style=\"text-align: center\">[wpforms id=&#8220;9490&#8243;]<\/p>\t\t\t\t\t\t\t\t<\/div>\n\t\t\t\t\t<\/div>\n\t\t<\/div>\n\t\t\t\t\t<\/div>\n\t\t<\/section>\n\t\t\t\t<\/div>\n\t\t","protected":false},"excerpt":{"rendered":"<p>M\u00d6CHTEN SIE UNSER VERTRIEBSPARTNER WERDEN? + Wenn Sie ein Dekorationsgesch\u00e4ft oder ein Kinderm\u00f6belgesch\u00e4ft haben: Unsere Produkte eignen sich perfekt als dekoratives Element, das Sie mit anderen M\u00f6beln oder Hilfsmitteln in Ihrem Gesch\u00e4ft kombinieren k\u00f6nnen. Wenn Sie sie gut sichtbar aufstellen, schm\u00fccken sie Ihren Raum und verleihen ihm einen einzigartigen und auffallenden visuellen Touch, insbesondere unsere &hellip; <\/p>\n<p class=\"link-more\"><a href=\"https:\/\/crochetts.com\/de\/professioneller-verkauf\/\" class=\"more-link\"><span class=\"screen-reader-text\">\u201eProfessioneller Verkauf\u201c <\/span>weiterlesen<\/a><\/p>\n","protected":false},"author":1,"featured_media":24680,"parent":0,"menu_order":3,"comment_status":"closed","ping_status":"closed","template":"elementor_header_footer","meta":{"_acf_changed":false,"_joinchat":[],"footnotes":""},"class_list":["post-24675","page","type-page","status-publish","has-post-thumbnail","hentry","entry"],"acf":[],"yoast_head":"<!-- This site is optimized with the Yoast SEO Premium plugin v26.1 (Yoast SEO v27.3) - https:\/\/yoast.com\/product\/yoast-seo-premium-wordpress\/ -->\n<title>Professioneller Verkauf von Amigurumi Pl\u00fcschtieren | Crochetts<\/title>\n<meta name=\"description\" content=\"Professioneller Verkauf von Amigurumi Pl\u00fcschtieren im Gro\u00dfhandel f\u00fcr Gesch\u00e4fte. Registrieren Sie sich als H\u00e4ndler und erhalten Sie Zugang zu Sonderkonditionen.\" \/>\n<meta name=\"robots\" content=\"index, follow, max-snippet:-1, max-image-preview:large, max-video-preview:-1\" \/>\n<link rel=\"canonical\" href=\"https:\/\/crochetts.com\/de\/professioneller-verkauf\/\" \/>\n<meta property=\"og:locale\" content=\"de_DE\" \/>\n<meta property=\"og:type\" content=\"article\" \/>\n<meta property=\"og:title\" content=\"Professioneller Verkauf\" \/>\n<meta property=\"og:description\" content=\"M\u00d6CHTEN SIE UNSER VERTRIEBSPARTNER WERDEN?+ Wenn Sie ein Dekorationsgesch\u00e4ft oder ein Kinderm\u00f6belgesch\u00e4ft haben: Unsere Produkte eignen sich perfekt als\" \/>\n<meta property=\"og:url\" content=\"https:\/\/crochetts.com\/de\/professioneller-verkauf\/\" \/>\n<meta property=\"og:site_name\" content=\"Crochetts\" \/>\n<meta property=\"article:publisher\" content=\"https:\/\/www.facebook.com\/Crochetts-101964178013493\" \/>\n<meta property=\"article:modified_time\" content=\"2025-11-26T08:45:34+00:00\" \/>\n<meta property=\"og:image\" content=\"https:\/\/crochetts.com\/wp-content\/uploads\/2020\/03\/Captura_2.PNG\" \/>\n\t<meta property=\"og:image:width\" content=\"134\" \/>\n\t<meta property=\"og:image:height\" content=\"35\" \/>\n\t<meta property=\"og:image:type\" content=\"image\/png\" \/>\n<meta name=\"twitter:card\" content=\"summary_large_image\" \/>\n<meta name=\"twitter:label1\" content=\"Gesch\u00e4tzte Lesezeit\" \/>\n\t<meta name=\"twitter:data1\" content=\"1\u00a0Minute\" \/>\n<script type=\"application\/ld+json\" class=\"yoast-schema-graph\">{\"@context\":\"https:\\\/\\\/schema.org\",\"@graph\":[{\"@type\":\"WebPage\",\"@id\":\"https:\\\/\\\/crochetts.com\\\/de\\\/professioneller-verkauf\\\/\",\"url\":\"https:\\\/\\\/crochetts.com\\\/de\\\/professioneller-verkauf\\\/\",\"name\":\"Professioneller Verkauf von Amigurumi Pl\u00fcschtieren | Crochetts\",\"isPartOf\":{\"@id\":\"https:\\\/\\\/crochetts.com\\\/de\\\/#website\"},\"primaryImageOfPage\":{\"@id\":\"https:\\\/\\\/crochetts.com\\\/de\\\/professioneller-verkauf\\\/#primaryimage\"},\"image\":{\"@id\":\"https:\\\/\\\/crochetts.com\\\/de\\\/professioneller-verkauf\\\/#primaryimage\"},\"thumbnailUrl\":\"https:\\\/\\\/crochetts.com\\\/wp-content\\\/uploads\\\/2020\\\/03\\\/Captura_2.PNG\",\"datePublished\":\"2025-10-30T16:28:31+00:00\",\"dateModified\":\"2025-11-26T08:45:34+00:00\",\"description\":\"Professioneller Verkauf von Amigurumi Pl\u00fcschtieren im Gro\u00dfhandel f\u00fcr Gesch\u00e4fte. Registrieren Sie sich als H\u00e4ndler und erhalten Sie Zugang zu Sonderkonditionen.\",\"breadcrumb\":{\"@id\":\"https:\\\/\\\/crochetts.com\\\/de\\\/professioneller-verkauf\\\/#breadcrumb\"},\"inLanguage\":\"de\",\"potentialAction\":[{\"@type\":\"ReadAction\",\"target\":[\"https:\\\/\\\/crochetts.com\\\/de\\\/professioneller-verkauf\\\/\"]}]},{\"@type\":\"ImageObject\",\"inLanguage\":\"de\",\"@id\":\"https:\\\/\\\/crochetts.com\\\/de\\\/professioneller-verkauf\\\/#primaryimage\",\"url\":\"https:\\\/\\\/crochetts.com\\\/wp-content\\\/uploads\\\/2020\\\/03\\\/Captura_2.PNG\",\"contentUrl\":\"https:\\\/\\\/crochetts.com\\\/wp-content\\\/uploads\\\/2020\\\/03\\\/Captura_2.PNG\",\"width\":134,\"height\":35},{\"@type\":\"BreadcrumbList\",\"@id\":\"https:\\\/\\\/crochetts.com\\\/de\\\/professioneller-verkauf\\\/#breadcrumb\",\"itemListElement\":[{\"@type\":\"ListItem\",\"position\":1,\"name\":\"Portada\",\"item\":\"https:\\\/\\\/crochetts.com\\\/de\\\/startseite\\\/\"},{\"@type\":\"ListItem\",\"position\":2,\"name\":\"Professioneller Verkauf\"}]},{\"@type\":\"WebSite\",\"@id\":\"https:\\\/\\\/crochetts.com\\\/de\\\/#website\",\"url\":\"https:\\\/\\\/crochetts.com\\\/de\\\/\",\"name\":\"Crochetts\",\"description\":\"ANIMALES DE CROCHET PARA JUGAR,DECORAR Y SO\u00d1AR\",\"publisher\":{\"@id\":\"https:\\\/\\\/crochetts.com\\\/de\\\/#organization\"},\"potentialAction\":[{\"@type\":\"SearchAction\",\"target\":{\"@type\":\"EntryPoint\",\"urlTemplate\":\"https:\\\/\\\/crochetts.com\\\/de\\\/?s={search_term_string}\"},\"query-input\":{\"@type\":\"PropertyValueSpecification\",\"valueRequired\":true,\"valueName\":\"search_term_string\"}}],\"inLanguage\":\"de\"},{\"@type\":\"Organization\",\"@id\":\"https:\\\/\\\/crochetts.com\\\/de\\\/#organization\",\"name\":\"H\u00e4keln\",\"url\":\"https:\\\/\\\/crochetts.com\\\/de\\\/\",\"logo\":{\"@type\":\"ImageObject\",\"inLanguage\":\"de\",\"@id\":\"https:\\\/\\\/crochetts.com\\\/de\\\/#\\\/schema\\\/logo\\\/image\\\/\",\"url\":\"https:\\\/\\\/i2.wp.com\\\/crochetts.com\\\/wp-content\\\/uploads\\\/2021\\\/01\\\/Logo-Crochetts.jpg?fit=300%2C137&ssl=1\",\"contentUrl\":\"https:\\\/\\\/i2.wp.com\\\/crochetts.com\\\/wp-content\\\/uploads\\\/2021\\\/01\\\/Logo-Crochetts.jpg?fit=300%2C137&ssl=1\",\"width\":300,\"height\":137,\"caption\":\"H\u00e4keln\"},\"image\":{\"@id\":\"https:\\\/\\\/crochetts.com\\\/de\\\/#\\\/schema\\\/logo\\\/image\\\/\"},\"sameAs\":[\"https:\\\/\\\/www.facebook.com\\\/Crochetts-101964178013493\",\"https:\\\/\\\/www.instagram.com\\\/crochetts_\\\/\"]}]}<\/script>\n<!-- \/ Yoast SEO Premium plugin. -->","yoast_head_json":{"title":"Professioneller Verkauf von Amigurumi Pl\u00fcschtieren | Crochetts","description":"Professioneller Verkauf von Amigurumi Pl\u00fcschtieren im Gro\u00dfhandel f\u00fcr Gesch\u00e4fte. Registrieren Sie sich als H\u00e4ndler und erhalten Sie Zugang zu Sonderkonditionen.","robots":{"index":"index","follow":"follow","max-snippet":"max-snippet:-1","max-image-preview":"max-image-preview:large","max-video-preview":"max-video-preview:-1"},"canonical":"https:\/\/crochetts.com\/de\/professioneller-verkauf\/","og_locale":"de_DE","og_type":"article","og_title":"Professioneller Verkauf","og_description":"M\u00d6CHTEN SIE UNSER VERTRIEBSPARTNER WERDEN?+ Wenn Sie ein Dekorationsgesch\u00e4ft oder ein Kinderm\u00f6belgesch\u00e4ft haben: Unsere Produkte eignen sich perfekt als","og_url":"https:\/\/crochetts.com\/de\/professioneller-verkauf\/","og_site_name":"Crochetts","article_publisher":"https:\/\/www.facebook.com\/Crochetts-101964178013493","article_modified_time":"2025-11-26T08:45:34+00:00","og_image":[{"width":134,"height":35,"url":"https:\/\/crochetts.com\/wp-content\/uploads\/2020\/03\/Captura_2.PNG","type":"image\/png"}],"twitter_card":"summary_large_image","twitter_misc":{"Gesch\u00e4tzte Lesezeit":"1\u00a0Minute"},"schema":{"@context":"https:\/\/schema.org","@graph":[{"@type":"WebPage","@id":"https:\/\/crochetts.com\/de\/professioneller-verkauf\/","url":"https:\/\/crochetts.com\/de\/professioneller-verkauf\/","name":"Professioneller Verkauf von Amigurumi Pl\u00fcschtieren | Crochetts","isPartOf":{"@id":"https:\/\/crochetts.com\/de\/#website"},"primaryImageOfPage":{"@id":"https:\/\/crochetts.com\/de\/professioneller-verkauf\/#primaryimage"},"image":{"@id":"https:\/\/crochetts.com\/de\/professioneller-verkauf\/#primaryimage"},"thumbnailUrl":"https:\/\/crochetts.com\/wp-content\/uploads\/2020\/03\/Captura_2.PNG","datePublished":"2025-10-30T16:28:31+00:00","dateModified":"2025-11-26T08:45:34+00:00","description":"Professioneller Verkauf von Amigurumi Pl\u00fcschtieren im Gro\u00dfhandel f\u00fcr Gesch\u00e4fte. Registrieren Sie sich als H\u00e4ndler und erhalten Sie Zugang zu Sonderkonditionen.","breadcrumb":{"@id":"https:\/\/crochetts.com\/de\/professioneller-verkauf\/#breadcrumb"},"inLanguage":"de","potentialAction":[{"@type":"ReadAction","target":["https:\/\/crochetts.com\/de\/professioneller-verkauf\/"]}]},{"@type":"ImageObject","inLanguage":"de","@id":"https:\/\/crochetts.com\/de\/professioneller-verkauf\/#primaryimage","url":"https:\/\/crochetts.com\/wp-content\/uploads\/2020\/03\/Captura_2.PNG","contentUrl":"https:\/\/crochetts.com\/wp-content\/uploads\/2020\/03\/Captura_2.PNG","width":134,"height":35},{"@type":"BreadcrumbList","@id":"https:\/\/crochetts.com\/de\/professioneller-verkauf\/#breadcrumb","itemListElement":[{"@type":"ListItem","position":1,"name":"Portada","item":"https:\/\/crochetts.com\/de\/startseite\/"},{"@type":"ListItem","position":2,"name":"Professioneller Verkauf"}]},{"@type":"WebSite","@id":"https:\/\/crochetts.com\/de\/#website","url":"https:\/\/crochetts.com\/de\/","name":"Crochetts","description":"ANIMALES DE CROCHET PARA JUGAR,DECORAR Y SO\u00d1AR","publisher":{"@id":"https:\/\/crochetts.com\/de\/#organization"},"potentialAction":[{"@type":"SearchAction","target":{"@type":"EntryPoint","urlTemplate":"https:\/\/crochetts.com\/de\/?s={search_term_string}"},"query-input":{"@type":"PropertyValueSpecification","valueRequired":true,"valueName":"search_term_string"}}],"inLanguage":"de"},{"@type":"Organization","@id":"https:\/\/crochetts.com\/de\/#organization","name":"H\u00e4keln","url":"https:\/\/crochetts.com\/de\/","logo":{"@type":"ImageObject","inLanguage":"de","@id":"https:\/\/crochetts.com\/de\/#\/schema\/logo\/image\/","url":"https:\/\/i2.wp.com\/crochetts.com\/wp-content\/uploads\/2021\/01\/Logo-Crochetts.jpg?fit=300%2C137&ssl=1","contentUrl":"https:\/\/i2.wp.com\/crochetts.com\/wp-content\/uploads\/2021\/01\/Logo-Crochetts.jpg?fit=300%2C137&ssl=1","width":300,"height":137,"caption":"H\u00e4keln"},"image":{"@id":"https:\/\/crochetts.com\/de\/#\/schema\/logo\/image\/"},"sameAs":["https:\/\/www.facebook.com\/Crochetts-101964178013493","https:\/\/www.instagram.com\/crochetts_\/"]}]}},"_links":{"self":[{"href":"https:\/\/crochetts.com\/de\/wp-json\/wp\/v2\/pages\/24675","targetHints":{"allow":["GET"]}}],"collection":[{"href":"https:\/\/crochetts.com\/de\/wp-json\/wp\/v2\/pages"}],"about":[{"href":"https:\/\/crochetts.com\/de\/wp-json\/wp\/v2\/types\/page"}],"author":[{"embeddable":true,"href":"https:\/\/crochetts.com\/de\/wp-json\/wp\/v2\/users\/1"}],"replies":[{"embeddable":true,"href":"https:\/\/crochetts.com\/de\/wp-json\/wp\/v2\/comments?post=24675"}],"version-history":[{"count":3,"href":"https:\/\/crochetts.com\/de\/wp-json\/wp\/v2\/pages\/24675\/revisions"}],"predecessor-version":[{"id":24692,"href":"https:\/\/crochetts.com\/de\/wp-json\/wp\/v2\/pages\/24675\/revisions\/24692"}],"wp:featuredmedia":[{"embeddable":true,"href":"https:\/\/crochetts.com\/de\/wp-json\/wp\/v2\/media\/24680"}],"wp:attachment":[{"href":"https:\/\/crochetts.com\/de\/wp-json\/wp\/v2\/media?parent=24675"}],"curies":[{"name":"wp","href":"https:\/\/api.w.org\/{rel}","templated":true}]}}